{"id":89345,"date":"2026-05-15T15:16:59","date_gmt":"2026-05-15T13:16:59","guid":{"rendered":"https:\/\/ajatutaja.com\/?post_type=product&#038;p=89345"},"modified":"2026-05-15T18:41:59","modified_gmt":"2026-05-15T16:41:59","slug":"nosilka-ergobaby-omni-classic-mesh-midnight-blue","status":"publish","type":"product","link":"https:\/\/ajatutaja.com\/hr\/proizvod\/nosilka-ergobaby-omni-classic-mesh-midnight-blue\/","title":{"rendered":"Nosilka Ergobaby OMNI Classic Mesh &#8211; Midnight Blue"},"content":{"rendered":"<p>[vc_row][vc_column][vc_column_text]Omni Classic Mesh je nosilka, ki se lahko uporablja brez vstavka od rojstva in vedno zagotavlja da je otrok v nosilki postavljen v pravilnem naravnem polo\u017eaju \u2013 noge v \u02ddM\u02ddpolo\u017eaju z raz\u0161irjenimi koleni, zadnjica postavljena v ravnini ali ni\u017eje od kolen in hrbtenica v pravilnem ukrivljenem polo\u017eaju v obliki \u010drke C. Nosilka podpira otroka od stegna do stegna, raste skupaj z otrokom in se prilagaja glede na velikost otroka in polo\u017eaj no\u0161enja.\u00a0Zdrava hrbtenica za dojen\u010dke in star\u0161e &#8211; Ergobaby nosilke so priznane kot &#8220;zdravi izdelki za hrbtenico star\u0161ev&#8221; s strani organizacije organizacije Healthier Back (AGR).<\/p>\n<p>Edinstven mre\u017easti material SoftFlex\u2122 Mesh z diamantnimi mre\u017enimi o\u010desi, na zunanjem robu katerih se odpira zra\u010dni \u017eep, notranja mikro-mre\u017ea pa omogo\u010da enostaven pretok zraka, ki zagotavlja ob\u010dutek udobja.<\/p>\n<p><strong>Zna\u010dilnosti mehke nosilke Ergobaby Omni Classic Mesh:<\/strong><\/p>\n<ul>\n<li data-section-id=\"120xt03\" data-start=\"2612\" data-end=\"2647\">Primerna od rojstva do 48 mesecev<\/li>\n<li data-section-id=\"1o3uhz4\" data-start=\"2648\" data-end=\"2677\">Za otroke od 3,2 do 20,4 kg<\/li>\n<li data-section-id=\"1bghrym\" data-start=\"2678\" data-end=\"2737\">4 polo\u017eaji no\u0161enja: spredaj, navzven, na boku in na hrbtu<\/li>\n<li data-section-id=\"15w2scf\" data-start=\"2738\" data-end=\"2760\">Zra\u010den Mesh material SoftFlex\u2122 mre\u017easta tkanina za najve\u010dji pretok zraka<\/li>\n<li data-section-id=\"pbexsi\" data-start=\"2761\" data-end=\"2797\">Nastavljiva opora za dojen\u010dkovo glavo in vrat<\/li>\n<li>Mo\u017enost dojenja v nosilki<\/li>\n<li data-section-id=\"1jvu86\" data-start=\"2798\" data-end=\"2843\">Ergonomski (M polo\u017eaj) v vseh 4 mo\u017enistih no\u0161enja<\/li>\n<li data-section-id=\"1o4yk4e\" data-start=\"2844\" data-end=\"2876\">Oblazinjen pas z ledveno oporo<\/li>\n<li data-section-id=\"qfz6ha\" data-start=\"2877\" data-end=\"2929\">Oblazinjene naramnice se lahko kri\u017eajo ali zapenjajo vzporedno<\/li>\n<li data-section-id=\"qfz6ha\" data-start=\"2877\" data-end=\"2929\">Obseg pasu: 45,4 cm &#8211; 145 cm<\/li>\n<li data-section-id=\"qfz6ha\" data-start=\"2877\" data-end=\"2929\">Surovinska sestava: Mre\u017easti material 100% Poliester \/ Oblazinjeni material: 100% Bomba\u017e<\/li>\n<\/ul>\n<h4>4 Polo\u017eaji no\u0161enja:<\/h4>\n<ol>\n<li><em>Polo\u017eaj na trebuhu \u2013 otrok je obrnjen k star\u0161u:<\/em> Za novorojen\u010dke in mal\u010dke<\/li>\n<li><em>Polo\u017eaj na trebuhu \u2013 otrok gleda naprej:<\/em> Za mal\u010de od 6 mesecev dalje<\/li>\n<li><em>No\u0161enje otroka na boku:<\/em> Za mal\u010dke od 6 mesecev dalje<\/li>\n<li><em>No\u0161enje otroka na hrbtu:<\/em> Za mal\u010dke od 6 mesecev dalje<\/li>\n<\/ol>\n<p>[\/vc_column_text][\/vc_column][\/vc_row]<\/p>\n","protected":false},"excerpt":{"rendered":"<p>Nosilka za otroke Ergobaby Omni Classic Mesh je izdelana iz mre\u017easte\u00a0 SoftFlex\u2122 tkanine, ki zagotavlja optmalen pretok zraka, zaradi \u010desar je to resni\u010dno zra\u010dna nosilka, ki vam in va\u0161emu otroku ves dan zagotavlja prezskrbno uporabo brez odve\u010dnega potenja. Primerna za otroke od rojstva pa vse do 4 leta oz. 20 kg.<\/p>\n","protected":false},"featured_media":89302,"template":"","meta":[],"pwb-brand":[2415,2409],"product_brand":[],"product_cat":[2397,2361],"product_tag":[3973,3977],"class_list":{"0":"post-89345","1":"product","2":"type-product","3":"status-publish","4":"has-post-thumbnail","6":"pwb-brand-ergobaby-potepanje","7":"pwb-brand-potepanje","8":"product_cat-nosilke-za-otroke","9":"product_cat-potepanje","10":"product_tag-ergobaby","11":"product_tag-omni-classic","13":"first","14":"instock","15":"taxable","16":"shipping-taxable","17":"purchasable","18":"product-type-simple","19":"add-to-wishlist-before_image"},"yoast_head":"<!-- This site is optimized with the Yoast SEO plugin v27.6 - https:\/\/yoast.com\/product\/yoast-seo-wordpress\/ -->\n<title>Nosilka Ergobaby OMNI Classic Mesh - Midnight Blue | Ajatutaja<\/title>\n<meta name=\"description\" content=\"Nosilka za otroke Ergobaby Omni je izdelana iz mre\u017easte tkanine SoftFlex\u2122 za najve\u010dji pretok zraka, ki vam in va\u0161emu otroku ves dan zagotavlja prezskrbno uporabo brez odve\u010dnega potenja.\" \/>\n<meta name=\"robots\" content=\"index, follow, max-snippet:-1, max-image-preview:large, max-video-preview:-1\" \/>\n<link rel=\"canonical\" href=\"https:\/\/ajatutaja.com\/izdelek\/nosilka-ergobaby-omni-classic-mesh-midnight-blue\/\" \/>\n<meta property=\"og:locale\" content=\"hr_HR\" \/>\n<meta property=\"og:type\" content=\"article\" \/>\n<meta property=\"og:title\" content=\"Nosilka Ergobaby OMNI Classic Mesh - Midnight Blue | Ajatutaja\" \/>\n<meta property=\"og:description\" content=\"Nosilka za otroke Ergobaby Omni je izdelana iz mre\u017easte tkanine SoftFlex\u2122 za najve\u010dji pretok zraka, ki vam in va\u0161emu otroku ves dan zagotavlja prezskrbno uporabo brez odve\u010dnega potenja.\" \/>\n<meta property=\"og:url\" content=\"https:\/\/ajatutaja.com\/izdelek\/nosilka-ergobaby-omni-classic-mesh-midnight-blue\/\" \/>\n<meta property=\"og:site_name\" content=\"Ajatutaja\" \/>\n<meta property=\"article:modified_time\" content=\"2026-05-15T16:41:59+00:00\" \/>\n<meta property=\"og:image\" content=\"https:\/\/ajatutaja.com\/wp-content\/uploads\/2026\/05\/Ergobaby-omni-classic-mesh-nosilka-Midnight-Blue-2.jpg\" \/>\n\t<meta property=\"og:image:width\" content=\"1800\" \/>\n\t<meta property=\"og:image:height\" content=\"1800\" \/>\n\t<meta property=\"og:image:type\" content=\"image\/jpeg\" \/>\n<meta name=\"twitter:card\" content=\"summary_large_image\" \/>\n<meta name=\"twitter:label1\" content=\"Procijenjeno vrijeme \u010ditanja\" \/>\n\t<meta name=\"twitter:data1\" content=\"2 minute\" \/>\n<script type=\"application\/ld+json\" class=\"yoast-schema-graph\">{\"@context\":\"https:\\\/\\\/schema.org\",\"@graph\":[{\"@type\":\"WebPage\",\"@id\":\"https:\\\/\\\/ajatutaja.com\\\/izdelek\\\/nosilka-ergobaby-omni-classic-mesh-midnight-blue\\\/\",\"url\":\"https:\\\/\\\/ajatutaja.com\\\/izdelek\\\/nosilka-ergobaby-omni-classic-mesh-midnight-blue\\\/\",\"name\":\"Nosilka Ergobaby OMNI Classic Mesh - Midnight Blue | Ajatutaja\",\"isPartOf\":{\"@id\":\"https:\\\/\\\/ajatutaja.com\\\/#website\"},\"primaryImageOfPage\":{\"@id\":\"https:\\\/\\\/ajatutaja.com\\\/izdelek\\\/nosilka-ergobaby-omni-classic-mesh-midnight-blue\\\/#primaryimage\"},\"image\":{\"@id\":\"https:\\\/\\\/ajatutaja.com\\\/izdelek\\\/nosilka-ergobaby-omni-classic-mesh-midnight-blue\\\/#primaryimage\"},\"thumbnailUrl\":\"https:\\\/\\\/ajatutaja.com\\\/wp-content\\\/uploads\\\/2026\\\/05\\\/Ergobaby-omni-classic-mesh-nosilka-Midnight-Blue-2.jpg\",\"datePublished\":\"2026-05-15T13:16:59+00:00\",\"dateModified\":\"2026-05-15T16:41:59+00:00\",\"description\":\"Nosilka za otroke Ergobaby Omni je izdelana iz mre\u017easte tkanine SoftFlex\u2122 za najve\u010dji pretok zraka, ki vam in va\u0161emu otroku ves dan zagotavlja prezskrbno uporabo brez odve\u010dnega potenja.\",\"breadcrumb\":{\"@id\":\"https:\\\/\\\/ajatutaja.com\\\/izdelek\\\/nosilka-ergobaby-omni-classic-mesh-midnight-blue\\\/#breadcrumb\"},\"inLanguage\":\"hr\",\"potentialAction\":[{\"@type\":\"ReadAction\",\"target\":[\"https:\\\/\\\/ajatutaja.com\\\/izdelek\\\/nosilka-ergobaby-omni-classic-mesh-midnight-blue\\\/\"]}]},{\"@type\":\"ImageObject\",\"inLanguage\":\"hr\",\"@id\":\"https:\\\/\\\/ajatutaja.com\\\/izdelek\\\/nosilka-ergobaby-omni-classic-mesh-midnight-blue\\\/#primaryimage\",\"url\":\"https:\\\/\\\/ajatutaja.com\\\/wp-content\\\/uploads\\\/2026\\\/05\\\/Ergobaby-omni-classic-mesh-nosilka-Midnight-Blue-2.jpg\",\"contentUrl\":\"https:\\\/\\\/ajatutaja.com\\\/wp-content\\\/uploads\\\/2026\\\/05\\\/Ergobaby-omni-classic-mesh-nosilka-Midnight-Blue-2.jpg\",\"width\":1800,\"height\":1800},{\"@type\":\"BreadcrumbList\",\"@id\":\"https:\\\/\\\/ajatutaja.com\\\/izdelek\\\/nosilka-ergobaby-omni-classic-mesh-midnight-blue\\\/#breadcrumb\",\"itemListElement\":[{\"@type\":\"ListItem\",\"position\":1,\"name\":\"Home\",\"item\":\"https:\\\/\\\/ajatutaja.com\\\/hr\\\/\"},{\"@type\":\"ListItem\",\"position\":2,\"name\":\"Trgovina\",\"item\":\"https:\\\/\\\/ajatutaja.com\\\/hr\\\/trgovina\\\/\"},{\"@type\":\"ListItem\",\"position\":3,\"name\":\"Nosilka Ergobaby OMNI Classic Mesh &#8211; Midnight Blue\"}]},{\"@type\":\"WebSite\",\"@id\":\"https:\\\/\\\/ajatutaja.com\\\/#website\",\"url\":\"https:\\\/\\\/ajatutaja.com\\\/\",\"name\":\"Ajatutaja\",\"description\":\"Otro\u0161ka spletna trgovina AJATUTAJA\",\"publisher\":{\"@id\":\"https:\\\/\\\/ajatutaja.com\\\/#organization\"},\"potentialAction\":[{\"@type\":\"SearchAction\",\"target\":{\"@type\":\"EntryPoint\",\"urlTemplate\":\"https:\\\/\\\/ajatutaja.com\\\/?s={search_term_string}\"},\"query-input\":{\"@type\":\"PropertyValueSpecification\",\"valueRequired\":true,\"valueName\":\"search_term_string\"}}],\"inLanguage\":\"hr\"},{\"@type\":\"Organization\",\"@id\":\"https:\\\/\\\/ajatutaja.com\\\/#organization\",\"name\":\"Ajatutaja\",\"url\":\"https:\\\/\\\/ajatutaja.com\\\/\",\"logo\":{\"@type\":\"ImageObject\",\"inLanguage\":\"hr\",\"@id\":\"https:\\\/\\\/ajatutaja.com\\\/#\\\/schema\\\/logo\\\/image\\\/\",\"url\":\"https:\\\/\\\/ajatutaja.com\\\/wp-content\\\/uploads\\\/2021\\\/10\\\/logo.png\",\"contentUrl\":\"https:\\\/\\\/ajatutaja.com\\\/wp-content\\\/uploads\\\/2021\\\/10\\\/logo.png\",\"width\":555,\"height\":150,\"caption\":\"Ajatutaja\"},\"image\":{\"@id\":\"https:\\\/\\\/ajatutaja.com\\\/#\\\/schema\\\/logo\\\/image\\\/\"}}]}<\/script>\n<!-- \/ Yoast SEO plugin. -->","yoast_head_json":{"title":"Nosilka Ergobaby OMNI Classic Mesh - Midnight Blue | Ajatutaja","description":"Nosilka za otroke Ergobaby Omni je izdelana iz mre\u017easte tkanine SoftFlex\u2122 za najve\u010dji pretok zraka, ki vam in va\u0161emu otroku ves dan zagotavlja prezskrbno uporabo brez odve\u010dnega potenja.","robots":{"index":"index","follow":"follow","max-snippet":"max-snippet:-1","max-image-preview":"max-image-preview:large","max-video-preview":"max-video-preview:-1"},"canonical":"https:\/\/ajatutaja.com\/izdelek\/nosilka-ergobaby-omni-classic-mesh-midnight-blue\/","og_locale":"hr_HR","og_type":"article","og_title":"Nosilka Ergobaby OMNI Classic Mesh - Midnight Blue | Ajatutaja","og_description":"Nosilka za otroke Ergobaby Omni je izdelana iz mre\u017easte tkanine SoftFlex\u2122 za najve\u010dji pretok zraka, ki vam in va\u0161emu otroku ves dan zagotavlja prezskrbno uporabo brez odve\u010dnega potenja.","og_url":"https:\/\/ajatutaja.com\/izdelek\/nosilka-ergobaby-omni-classic-mesh-midnight-blue\/","og_site_name":"Ajatutaja","article_modified_time":"2026-05-15T16:41:59+00:00","og_image":[{"width":1800,"height":1800,"url":"https:\/\/ajatutaja.com\/wp-content\/uploads\/2026\/05\/Ergobaby-omni-classic-mesh-nosilka-Midnight-Blue-2.jpg","type":"image\/jpeg"}],"twitter_card":"summary_large_image","twitter_misc":{"Procijenjeno vrijeme \u010ditanja":"2 minute"},"schema":{"@context":"https:\/\/schema.org","@graph":[{"@type":"WebPage","@id":"https:\/\/ajatutaja.com\/izdelek\/nosilka-ergobaby-omni-classic-mesh-midnight-blue\/","url":"https:\/\/ajatutaja.com\/izdelek\/nosilka-ergobaby-omni-classic-mesh-midnight-blue\/","name":"Nosilka Ergobaby OMNI Classic Mesh - Midnight Blue | Ajatutaja","isPartOf":{"@id":"https:\/\/ajatutaja.com\/#website"},"primaryImageOfPage":{"@id":"https:\/\/ajatutaja.com\/izdelek\/nosilka-ergobaby-omni-classic-mesh-midnight-blue\/#primaryimage"},"image":{"@id":"https:\/\/ajatutaja.com\/izdelek\/nosilka-ergobaby-omni-classic-mesh-midnight-blue\/#primaryimage"},"thumbnailUrl":"https:\/\/ajatutaja.com\/wp-content\/uploads\/2026\/05\/Ergobaby-omni-classic-mesh-nosilka-Midnight-Blue-2.jpg","datePublished":"2026-05-15T13:16:59+00:00","dateModified":"2026-05-15T16:41:59+00:00","description":"Nosilka za otroke Ergobaby Omni je izdelana iz mre\u017easte tkanine SoftFlex\u2122 za najve\u010dji pretok zraka, ki vam in va\u0161emu otroku ves dan zagotavlja prezskrbno uporabo brez odve\u010dnega potenja.","breadcrumb":{"@id":"https:\/\/ajatutaja.com\/izdelek\/nosilka-ergobaby-omni-classic-mesh-midnight-blue\/#breadcrumb"},"inLanguage":"hr","potentialAction":[{"@type":"ReadAction","target":["https:\/\/ajatutaja.com\/izdelek\/nosilka-ergobaby-omni-classic-mesh-midnight-blue\/"]}]},{"@type":"ImageObject","inLanguage":"hr","@id":"https:\/\/ajatutaja.com\/izdelek\/nosilka-ergobaby-omni-classic-mesh-midnight-blue\/#primaryimage","url":"https:\/\/ajatutaja.com\/wp-content\/uploads\/2026\/05\/Ergobaby-omni-classic-mesh-nosilka-Midnight-Blue-2.jpg","contentUrl":"https:\/\/ajatutaja.com\/wp-content\/uploads\/2026\/05\/Ergobaby-omni-classic-mesh-nosilka-Midnight-Blue-2.jpg","width":1800,"height":1800},{"@type":"BreadcrumbList","@id":"https:\/\/ajatutaja.com\/izdelek\/nosilka-ergobaby-omni-classic-mesh-midnight-blue\/#breadcrumb","itemListElement":[{"@type":"ListItem","position":1,"name":"Home","item":"https:\/\/ajatutaja.com\/hr\/"},{"@type":"ListItem","position":2,"name":"Trgovina","item":"https:\/\/ajatutaja.com\/hr\/trgovina\/"},{"@type":"ListItem","position":3,"name":"Nosilka Ergobaby OMNI Classic Mesh &#8211; Midnight Blue"}]},{"@type":"WebSite","@id":"https:\/\/ajatutaja.com\/#website","url":"https:\/\/ajatutaja.com\/","name":"Ajatutaja","description":"Otro\u0161ka spletna trgovina AJATUTAJA","publisher":{"@id":"https:\/\/ajatutaja.com\/#organization"},"potentialAction":[{"@type":"SearchAction","target":{"@type":"EntryPoint","urlTemplate":"https:\/\/ajatutaja.com\/?s={search_term_string}"},"query-input":{"@type":"PropertyValueSpecification","valueRequired":true,"valueName":"search_term_string"}}],"inLanguage":"hr"},{"@type":"Organization","@id":"https:\/\/ajatutaja.com\/#organization","name":"Ajatutaja","url":"https:\/\/ajatutaja.com\/","logo":{"@type":"ImageObject","inLanguage":"hr","@id":"https:\/\/ajatutaja.com\/#\/schema\/logo\/image\/","url":"https:\/\/ajatutaja.com\/wp-content\/uploads\/2021\/10\/logo.png","contentUrl":"https:\/\/ajatutaja.com\/wp-content\/uploads\/2021\/10\/logo.png","width":555,"height":150,"caption":"Ajatutaja"},"image":{"@id":"https:\/\/ajatutaja.com\/#\/schema\/logo\/image\/"}}]}},"brands":[{"id":2415,"name":"Ergobaby","slug":"ergobaby-potepanje"},{"id":2409,"name":"Potepanje","slug":"potepanje"}],"_links":{"self":[{"href":"https:\/\/ajatutaja.com\/hr\/wp-json\/wp\/v2\/product\/89345","targetHints":{"allow":["GET"]}}],"collection":[{"href":"https:\/\/ajatutaja.com\/hr\/wp-json\/wp\/v2\/product"}],"about":[{"href":"https:\/\/ajatutaja.com\/hr\/wp-json\/wp\/v2\/types\/product"}],"wp:featuredmedia":[{"embeddable":true,"href":"https:\/\/ajatutaja.com\/hr\/wp-json\/wp\/v2\/media\/89302"}],"wp:attachment":[{"href":"https:\/\/ajatutaja.com\/hr\/wp-json\/wp\/v2\/media?parent=89345"}],"wp:term":[{"taxonomy":"pwb-brand","embeddable":true,"href":"https:\/\/ajatutaja.com\/hr\/wp-json\/wp\/v2\/pwb-brand?post=89345"},{"taxonomy":"product_brand","embeddable":true,"href":"https:\/\/ajatutaja.com\/hr\/wp-json\/wp\/v2\/product_brand?post=89345"},{"taxonomy":"product_cat","embeddable":true,"href":"https:\/\/ajatutaja.com\/hr\/wp-json\/wp\/v2\/product_cat?post=89345"},{"taxonomy":"product_tag","embeddable":true,"href":"https:\/\/ajatutaja.com\/hr\/wp-json\/wp\/v2\/product_tag?post=89345"}],"curies":[{"name":"wp","href":"https:\/\/api.w.org\/{rel}","templated":true}]}}