{"id":88622,"date":"2025-04-24T12:01:50","date_gmt":"2025-04-24T10:01:50","guid":{"rendered":"https:\/\/ajatutaja.com\/?post_type=product&#038;p=88622"},"modified":"2026-04-24T12:08:34","modified_gmt":"2026-04-24T10:08:34","slug":"otroska-toaletna-torbica-stephen-joseph-mavrica","status":"publish","type":"product","link":"https:\/\/ajatutaja.com\/hr\/proizvod\/otroska-toaletna-torbica-stephen-joseph-mavrica\/","title":{"rendered":"Otro\u0161ka toaletna torbica Stephen Joseph &#8211; Mavrica"},"content":{"rendered":"<p>Omogo\u010dite va\u0161emu mal\u010dku \u0161e dodaten korak s samostojnosti s \u010disto svojo potovalno torbo. Le pri pakiranju potrebne opreme za na pot mu pa le prisko\u010dite na pomo\u010d. Ima ogromno \u017eepkov, kar daje kov\u010dku \u0161e dodatno uporabno vrednost.<\/p>\n<h3>Lastnosti potovalne torbe Stephen Joseph:<\/h3>\n<ul>\n<li>Enostavno zapiranje in odpiranje<\/li>\n<li>Sestava: 100% 600D poliester<\/li>\n<li>\u010ci\u0161\u010denje z vla\u017eno krpo<\/li>\n<li>Idealna velikost za male avanturiste<\/li>\n<li>Velikost cca:20,3 cm x 10 cm x 12,7 cm<\/li>\n<\/ul>\n<h4>S Stephen Joseph potovalnim programom bodo izleti in potovanja \u0161e bolj udobna, zabavna in barvita. <strong>Odli\u010dno se dopolnjuje tudi z novimi toaletnimi torbicami.<\/strong><\/h4>\n","protected":false},"excerpt":{"rendered":"<p>Otro\u0161ka toaletna torbica Stephen Joseph Mavrica se lepo dopolnjuje z ostalim potovalnim programom. Z ljubkim dizajnom pa bo zagotovo po\u017eel ogromno veselje pri otrocih.<\/p>\n<p>&nbsp;<\/p>\n","protected":false},"featured_media":88624,"template":"","meta":[],"pwb-brand":[2658,2409,2437,2663],"product_brand":[],"product_cat":[2715,2713,2608,2408,2361,2402],"product_tag":[4040,4041,3980],"class_list":{"0":"post-88622","1":"product","2":"type-product","3":"status-publish","4":"has-post-thumbnail","6":"pwb-brand-nega-in-kopanje","7":"pwb-brand-potepanje","8":"pwb-brand-stephen-joseph","9":"pwb-brand-stephen-joseph-nega-in-kopanje","10":"product_cat-darilo-do-15e","11":"product_cat-darilo-za-deklico","12":"product_cat-nega-in-kopanje","13":"product_cat-poletni-pripomocki","14":"product_cat-potepanje","15":"product_cat-potovalni-kovcki","16":"product_tag-mavrica","17":"product_tag-sj-potovalke","18":"product_tag-stephen-joseph","20":"first","21":"instock","22":"taxable","23":"shipping-taxable","24":"purchasable","25":"product-type-simple","26":"add-to-wishlist-before_image"},"yoast_head":"<!-- This site is optimized with the Yoast SEO plugin v27.3 - https:\/\/yoast.com\/product\/yoast-seo-wordpress\/ -->\n<title>Otro\u0161ka toaletna torbica Stephen Joseph - Mavrica | Ajatutaja<\/title>\n<meta name=\"description\" content=\"Otro\u0161ka toaletna torbica Stephen Joseph Mavrica se lepo dopolnjuje z ostalim potovalnim programom. Z ljubkim dizajnom pa bo zagotovo po\u017eel ogromno veselje pri otrocih.\" \/>\n<meta name=\"robots\" content=\"index, follow, max-snippet:-1, max-image-preview:large, max-video-preview:-1\" \/>\n<link rel=\"canonical\" href=\"https:\/\/ajatutaja.com\/izdelek\/otroska-toaletna-torbica-stephen-joseph-mavrica\/\" \/>\n<meta property=\"og:locale\" content=\"hr_HR\" \/>\n<meta property=\"og:type\" content=\"article\" \/>\n<meta property=\"og:title\" content=\"Otro\u0161ka toaletna torbica Stephen Joseph - Mavrica | Ajatutaja\" \/>\n<meta property=\"og:description\" content=\"Otro\u0161ka toaletna torbica Stephen Joseph Mavrica se lepo dopolnjuje z ostalim potovalnim programom. Z ljubkim dizajnom pa bo zagotovo po\u017eel ogromno veselje pri otrocih.\" \/>\n<meta property=\"og:url\" content=\"https:\/\/ajatutaja.com\/izdelek\/otroska-toaletna-torbica-stephen-joseph-mavrica\/\" \/>\n<meta property=\"og:site_name\" content=\"Ajatutaja\" \/>\n<meta property=\"article:modified_time\" content=\"2026-04-24T10:08:34+00:00\" \/>\n<meta property=\"og:image\" content=\"https:\/\/ajatutaja.com\/wp-content\/uploads\/2026\/04\/Stephen-Joseph-otroska-toaletna-torbica-Mavrica-1.jpg\" \/>\n\t<meta property=\"og:image:width\" content=\"800\" \/>\n\t<meta property=\"og:image:height\" content=\"800\" \/>\n\t<meta property=\"og:image:type\" content=\"image\/jpeg\" \/>\n<meta name=\"twitter:card\" content=\"summary_large_image\" \/>\n<script type=\"application\/ld+json\" class=\"yoast-schema-graph\">{\"@context\":\"https:\\\/\\\/schema.org\",\"@graph\":[{\"@type\":\"WebPage\",\"@id\":\"https:\\\/\\\/ajatutaja.com\\\/izdelek\\\/otroska-toaletna-torbica-stephen-joseph-mavrica\\\/\",\"url\":\"https:\\\/\\\/ajatutaja.com\\\/izdelek\\\/otroska-toaletna-torbica-stephen-joseph-mavrica\\\/\",\"name\":\"Otro\u0161ka toaletna torbica Stephen Joseph - Mavrica | Ajatutaja\",\"isPartOf\":{\"@id\":\"https:\\\/\\\/ajatutaja.com\\\/#website\"},\"primaryImageOfPage\":{\"@id\":\"https:\\\/\\\/ajatutaja.com\\\/izdelek\\\/otroska-toaletna-torbica-stephen-joseph-mavrica\\\/#primaryimage\"},\"image\":{\"@id\":\"https:\\\/\\\/ajatutaja.com\\\/izdelek\\\/otroska-toaletna-torbica-stephen-joseph-mavrica\\\/#primaryimage\"},\"thumbnailUrl\":\"https:\\\/\\\/ajatutaja.com\\\/wp-content\\\/uploads\\\/2026\\\/04\\\/Stephen-Joseph-otroska-toaletna-torbica-Mavrica-1.jpg\",\"datePublished\":\"2025-04-24T10:01:50+00:00\",\"dateModified\":\"2026-04-24T10:08:34+00:00\",\"description\":\"Otro\u0161ka toaletna torbica Stephen Joseph Mavrica se lepo dopolnjuje z ostalim potovalnim programom. Z ljubkim dizajnom pa bo zagotovo po\u017eel ogromno veselje pri otrocih.\",\"breadcrumb\":{\"@id\":\"https:\\\/\\\/ajatutaja.com\\\/izdelek\\\/otroska-toaletna-torbica-stephen-joseph-mavrica\\\/#breadcrumb\"},\"inLanguage\":\"hr\",\"potentialAction\":[{\"@type\":\"ReadAction\",\"target\":[\"https:\\\/\\\/ajatutaja.com\\\/izdelek\\\/otroska-toaletna-torbica-stephen-joseph-mavrica\\\/\"]}]},{\"@type\":\"ImageObject\",\"inLanguage\":\"hr\",\"@id\":\"https:\\\/\\\/ajatutaja.com\\\/izdelek\\\/otroska-toaletna-torbica-stephen-joseph-mavrica\\\/#primaryimage\",\"url\":\"https:\\\/\\\/ajatutaja.com\\\/wp-content\\\/uploads\\\/2026\\\/04\\\/Stephen-Joseph-otroska-toaletna-torbica-Mavrica-1.jpg\",\"contentUrl\":\"https:\\\/\\\/ajatutaja.com\\\/wp-content\\\/uploads\\\/2026\\\/04\\\/Stephen-Joseph-otroska-toaletna-torbica-Mavrica-1.jpg\",\"width\":800,\"height\":800},{\"@type\":\"BreadcrumbList\",\"@id\":\"https:\\\/\\\/ajatutaja.com\\\/izdelek\\\/otroska-toaletna-torbica-stephen-joseph-mavrica\\\/#breadcrumb\",\"itemListElement\":[{\"@type\":\"ListItem\",\"position\":1,\"name\":\"Home\",\"item\":\"https:\\\/\\\/ajatutaja.com\\\/hr\\\/\"},{\"@type\":\"ListItem\",\"position\":2,\"name\":\"Trgovina\",\"item\":\"https:\\\/\\\/ajatutaja.com\\\/hr\\\/trgovina\\\/\"},{\"@type\":\"ListItem\",\"position\":3,\"name\":\"Otro\u0161ka toaletna torbica Stephen Joseph &#8211; Mavrica\"}]},{\"@type\":\"WebSite\",\"@id\":\"https:\\\/\\\/ajatutaja.com\\\/#website\",\"url\":\"https:\\\/\\\/ajatutaja.com\\\/\",\"name\":\"Ajatutaja\",\"description\":\"Otro\u0161ka spletna trgovina AJATUTAJA\",\"publisher\":{\"@id\":\"https:\\\/\\\/ajatutaja.com\\\/#organization\"},\"potentialAction\":[{\"@type\":\"SearchAction\",\"target\":{\"@type\":\"EntryPoint\",\"urlTemplate\":\"https:\\\/\\\/ajatutaja.com\\\/?s={search_term_string}\"},\"query-input\":{\"@type\":\"PropertyValueSpecification\",\"valueRequired\":true,\"valueName\":\"search_term_string\"}}],\"inLanguage\":\"hr\"},{\"@type\":\"Organization\",\"@id\":\"https:\\\/\\\/ajatutaja.com\\\/#organization\",\"name\":\"Ajatutaja\",\"url\":\"https:\\\/\\\/ajatutaja.com\\\/\",\"logo\":{\"@type\":\"ImageObject\",\"inLanguage\":\"hr\",\"@id\":\"https:\\\/\\\/ajatutaja.com\\\/#\\\/schema\\\/logo\\\/image\\\/\",\"url\":\"https:\\\/\\\/ajatutaja.com\\\/wp-content\\\/uploads\\\/2021\\\/10\\\/logo.png\",\"contentUrl\":\"https:\\\/\\\/ajatutaja.com\\\/wp-content\\\/uploads\\\/2021\\\/10\\\/logo.png\",\"width\":555,\"height\":150,\"caption\":\"Ajatutaja\"},\"image\":{\"@id\":\"https:\\\/\\\/ajatutaja.com\\\/#\\\/schema\\\/logo\\\/image\\\/\"}}]}<\/script>\n<!-- \/ Yoast SEO plugin. -->","yoast_head_json":{"title":"Otro\u0161ka toaletna torbica Stephen Joseph - Mavrica | Ajatutaja","description":"Otro\u0161ka toaletna torbica Stephen Joseph Mavrica se lepo dopolnjuje z ostalim potovalnim programom. Z ljubkim dizajnom pa bo zagotovo po\u017eel ogromno veselje pri otrocih.","robots":{"index":"index","follow":"follow","max-snippet":"max-snippet:-1","max-image-preview":"max-image-preview:large","max-video-preview":"max-video-preview:-1"},"canonical":"https:\/\/ajatutaja.com\/izdelek\/otroska-toaletna-torbica-stephen-joseph-mavrica\/","og_locale":"hr_HR","og_type":"article","og_title":"Otro\u0161ka toaletna torbica Stephen Joseph - Mavrica | Ajatutaja","og_description":"Otro\u0161ka toaletna torbica Stephen Joseph Mavrica se lepo dopolnjuje z ostalim potovalnim programom. Z ljubkim dizajnom pa bo zagotovo po\u017eel ogromno veselje pri otrocih.","og_url":"https:\/\/ajatutaja.com\/izdelek\/otroska-toaletna-torbica-stephen-joseph-mavrica\/","og_site_name":"Ajatutaja","article_modified_time":"2026-04-24T10:08:34+00:00","og_image":[{"width":800,"height":800,"url":"https:\/\/ajatutaja.com\/wp-content\/uploads\/2026\/04\/Stephen-Joseph-otroska-toaletna-torbica-Mavrica-1.jpg","type":"image\/jpeg"}],"twitter_card":"summary_large_image","schema":{"@context":"https:\/\/schema.org","@graph":[{"@type":"WebPage","@id":"https:\/\/ajatutaja.com\/izdelek\/otroska-toaletna-torbica-stephen-joseph-mavrica\/","url":"https:\/\/ajatutaja.com\/izdelek\/otroska-toaletna-torbica-stephen-joseph-mavrica\/","name":"Otro\u0161ka toaletna torbica Stephen Joseph - Mavrica | Ajatutaja","isPartOf":{"@id":"https:\/\/ajatutaja.com\/#website"},"primaryImageOfPage":{"@id":"https:\/\/ajatutaja.com\/izdelek\/otroska-toaletna-torbica-stephen-joseph-mavrica\/#primaryimage"},"image":{"@id":"https:\/\/ajatutaja.com\/izdelek\/otroska-toaletna-torbica-stephen-joseph-mavrica\/#primaryimage"},"thumbnailUrl":"https:\/\/ajatutaja.com\/wp-content\/uploads\/2026\/04\/Stephen-Joseph-otroska-toaletna-torbica-Mavrica-1.jpg","datePublished":"2025-04-24T10:01:50+00:00","dateModified":"2026-04-24T10:08:34+00:00","description":"Otro\u0161ka toaletna torbica Stephen Joseph Mavrica se lepo dopolnjuje z ostalim potovalnim programom. Z ljubkim dizajnom pa bo zagotovo po\u017eel ogromno veselje pri otrocih.","breadcrumb":{"@id":"https:\/\/ajatutaja.com\/izdelek\/otroska-toaletna-torbica-stephen-joseph-mavrica\/#breadcrumb"},"inLanguage":"hr","potentialAction":[{"@type":"ReadAction","target":["https:\/\/ajatutaja.com\/izdelek\/otroska-toaletna-torbica-stephen-joseph-mavrica\/"]}]},{"@type":"ImageObject","inLanguage":"hr","@id":"https:\/\/ajatutaja.com\/izdelek\/otroska-toaletna-torbica-stephen-joseph-mavrica\/#primaryimage","url":"https:\/\/ajatutaja.com\/wp-content\/uploads\/2026\/04\/Stephen-Joseph-otroska-toaletna-torbica-Mavrica-1.jpg","contentUrl":"https:\/\/ajatutaja.com\/wp-content\/uploads\/2026\/04\/Stephen-Joseph-otroska-toaletna-torbica-Mavrica-1.jpg","width":800,"height":800},{"@type":"BreadcrumbList","@id":"https:\/\/ajatutaja.com\/izdelek\/otroska-toaletna-torbica-stephen-joseph-mavrica\/#breadcrumb","itemListElement":[{"@type":"ListItem","position":1,"name":"Home","item":"https:\/\/ajatutaja.com\/hr\/"},{"@type":"ListItem","position":2,"name":"Trgovina","item":"https:\/\/ajatutaja.com\/hr\/trgovina\/"},{"@type":"ListItem","position":3,"name":"Otro\u0161ka toaletna torbica Stephen Joseph &#8211; Mavrica"}]},{"@type":"WebSite","@id":"https:\/\/ajatutaja.com\/#website","url":"https:\/\/ajatutaja.com\/","name":"Ajatutaja","description":"Otro\u0161ka spletna trgovina AJATUTAJA","publisher":{"@id":"https:\/\/ajatutaja.com\/#organization"},"potentialAction":[{"@type":"SearchAction","target":{"@type":"EntryPoint","urlTemplate":"https:\/\/ajatutaja.com\/?s={search_term_string}"},"query-input":{"@type":"PropertyValueSpecification","valueRequired":true,"valueName":"search_term_string"}}],"inLanguage":"hr"},{"@type":"Organization","@id":"https:\/\/ajatutaja.com\/#organization","name":"Ajatutaja","url":"https:\/\/ajatutaja.com\/","logo":{"@type":"ImageObject","inLanguage":"hr","@id":"https:\/\/ajatutaja.com\/#\/schema\/logo\/image\/","url":"https:\/\/ajatutaja.com\/wp-content\/uploads\/2021\/10\/logo.png","contentUrl":"https:\/\/ajatutaja.com\/wp-content\/uploads\/2021\/10\/logo.png","width":555,"height":150,"caption":"Ajatutaja"},"image":{"@id":"https:\/\/ajatutaja.com\/#\/schema\/logo\/image\/"}}]}},"brands":[{"id":2658,"name":"Nega in kopanje","slug":"nega-in-kopanje"},{"id":2409,"name":"Potepanje","slug":"potepanje"},{"id":2437,"name":"Stephen Joseph","slug":"stephen-joseph"},{"id":2663,"name":"Stephen Joseph","slug":"stephen-joseph-nega-in-kopanje"}],"_links":{"self":[{"href":"https:\/\/ajatutaja.com\/hr\/wp-json\/wp\/v2\/product\/88622","targetHints":{"allow":["GET"]}}],"collection":[{"href":"https:\/\/ajatutaja.com\/hr\/wp-json\/wp\/v2\/product"}],"about":[{"href":"https:\/\/ajatutaja.com\/hr\/wp-json\/wp\/v2\/types\/product"}],"wp:featuredmedia":[{"embeddable":true,"href":"https:\/\/ajatutaja.com\/hr\/wp-json\/wp\/v2\/media\/88624"}],"wp:attachment":[{"href":"https:\/\/ajatutaja.com\/hr\/wp-json\/wp\/v2\/media?parent=88622"}],"wp:term":[{"taxonomy":"pwb-brand","embeddable":true,"href":"https:\/\/ajatutaja.com\/hr\/wp-json\/wp\/v2\/pwb-brand?post=88622"},{"taxonomy":"product_brand","embeddable":true,"href":"https:\/\/ajatutaja.com\/hr\/wp-json\/wp\/v2\/product_brand?post=88622"},{"taxonomy":"product_cat","embeddable":true,"href":"https:\/\/ajatutaja.com\/hr\/wp-json\/wp\/v2\/product_cat?post=88622"},{"taxonomy":"product_tag","embeddable":true,"href":"https:\/\/ajatutaja.com\/hr\/wp-json\/wp\/v2\/product_tag?post=88622"}],"curies":[{"name":"wp","href":"https:\/\/api.w.org\/{rel}","templated":true}]}}