{"id":88490,"date":"2026-04-23T13:19:51","date_gmt":"2026-04-23T11:19:51","guid":{"rendered":"https:\/\/ajatutaja.com\/?post_type=product&#038;p=88490"},"modified":"2026-04-23T13:20:35","modified_gmt":"2026-04-23T11:20:35","slug":"rockahula-spangice-za-lase-petal-mini-bow","status":"publish","type":"product","link":"https:\/\/ajatutaja.com\/hr\/proizvod\/rockahula-spangice-za-lase-petal-mini-bow\/","title":{"rendered":"Rockahula \u0161pangice za lase &#8211; Petal Mini Bow"},"content":{"rendered":"<p>[vc_row][vc_column][vc_column_text]Lastnosti izdelkov Rockahula:<\/p>\n<ul>\n<li>4 \u0161pangice v paketu<\/li>\n<li>Izdelki Rockahula so varni za uporabo in izdelani iz trajnostno naravnanih materialov<\/li>\n<li>Embala\u017ea je izdelana iz 100-odstotno recikliranega kartona, manj\u0161i list plastike na njihovih \u0161katlah za ogrlice pa je mogo\u010de reciklirati.<\/li>\n<li>Ni primerno za otroke, mlaj\u0161e od 36 mesecev (zaradi majnih delov)<\/li>\n<li>Rockahula izdeluje kvalitetne in modne otro\u0161ke sponke, \u0161pangice in elastike za lase, ki se med seboj zelo lepo kombinirajo in dopolnjujejo.<\/li>\n<\/ul>\n<p>Podjetje Rockahula Kids oblikuje in izdeluje tako svoje izdelke, da so najbolj\u0161i, kar so lahko \u2013 ne le zabavni, ampak varni za uporabo za otroke, izdelani so trajnostno in iz kakovostnih materialov, tako da jih lahko s\u010dasoma predamo bratom in sestram ali prijateljem. Izdelke Rockahula Kids natan\u010dno in pozorno varnostno preizku\u0161ajo in s tem zagotovijo, da sponke ostanejo na mestu.[\/vc_column_text][\/vc_column][\/vc_row]<\/p>\n","protected":false},"excerpt":{"rendered":"<p>Ljubke sponke za lase Rockahula so pravi modni dodatek h kateri koli pri\u010deski! Te simpati\u010dne otro\u0161ke \u0161pangice bodo dopolnile vsak outfit in obenem razveselile vsako mal\u010dico.<\/p>\n","protected":false},"featured_media":88488,"template":"","meta":[],"pwb-brand":[2696,5646],"product_brand":[],"product_cat":[2610,2715,2713,2609,5647],"product_tag":[5649],"class_list":{"0":"post-88490","1":"product","2":"type-product","3":"status-publish","4":"has-post-thumbnail","6":"pwb-brand-moda","7":"pwb-brand-rockahula-kids","8":"product_cat-darila","9":"product_cat-darilo-do-15e","10":"product_cat-darilo-za-deklico","11":"product_cat-moda","12":"product_cat-modni-dodatki","13":"product_tag-rockahula","15":"first","16":"instock","17":"taxable","18":"shipping-taxable","19":"purchasable","20":"product-type-simple","21":"add-to-wishlist-before_image"},"yoast_head":"<!-- This site is optimized with the Yoast SEO plugin v27.3 - https:\/\/yoast.com\/product\/yoast-seo-wordpress\/ -->\n<title>Rockahula \u0161pangice za lase - Petal Mini Bow | Ajatutaja<\/title>\n<meta name=\"description\" content=\"Ljubke sponke za lase Rockahula so pravi modni dodatek h kateri koli pri\u010deski! Te simpati\u010dne otro\u0161ke \u0161pangice bodo dopolnile vsak outfit in obenem razveselile vsako mal\u010dico.\" \/>\n<meta name=\"robots\" content=\"index, follow, max-snippet:-1, max-image-preview:large, max-video-preview:-1\" \/>\n<link rel=\"canonical\" href=\"https:\/\/ajatutaja.com\/izdelek\/rockahula-spangice-za-lase-petal-mini-bow\/\" \/>\n<meta property=\"og:locale\" content=\"hr_HR\" \/>\n<meta property=\"og:type\" content=\"article\" \/>\n<meta property=\"og:title\" content=\"Rockahula \u0161pangice za lase - Petal Mini Bow | Ajatutaja\" \/>\n<meta property=\"og:description\" content=\"Ljubke sponke za lase Rockahula so pravi modni dodatek h kateri koli pri\u010deski! Te simpati\u010dne otro\u0161ke \u0161pangice bodo dopolnile vsak outfit in obenem razveselile vsako mal\u010dico.\" \/>\n<meta property=\"og:url\" content=\"https:\/\/ajatutaja.com\/izdelek\/rockahula-spangice-za-lase-petal-mini-bow\/\" \/>\n<meta property=\"og:site_name\" content=\"Ajatutaja\" \/>\n<meta property=\"article:modified_time\" content=\"2026-04-23T11:20:35+00:00\" \/>\n<meta property=\"og:image\" content=\"https:\/\/ajatutaja.com\/wp-content\/uploads\/2026\/04\/Rockahula-spangice-komplet-4-Petal-Mini-Bow-1.jpg\" \/>\n\t<meta property=\"og:image:width\" content=\"550\" \/>\n\t<meta property=\"og:image:height\" content=\"550\" \/>\n\t<meta property=\"og:image:type\" content=\"image\/jpeg\" \/>\n<meta name=\"twitter:card\" content=\"summary_large_image\" \/>\n<meta name=\"twitter:label1\" content=\"Procijenjeno vrijeme \u010ditanja\" \/>\n\t<meta name=\"twitter:data1\" content=\"1 minuta\" \/>\n<script type=\"application\/ld+json\" class=\"yoast-schema-graph\">{\"@context\":\"https:\\\/\\\/schema.org\",\"@graph\":[{\"@type\":\"WebPage\",\"@id\":\"https:\\\/\\\/ajatutaja.com\\\/izdelek\\\/rockahula-spangice-za-lase-petal-mini-bow\\\/\",\"url\":\"https:\\\/\\\/ajatutaja.com\\\/izdelek\\\/rockahula-spangice-za-lase-petal-mini-bow\\\/\",\"name\":\"Rockahula \u0161pangice za lase - Petal Mini Bow | Ajatutaja\",\"isPartOf\":{\"@id\":\"https:\\\/\\\/ajatutaja.com\\\/#website\"},\"primaryImageOfPage\":{\"@id\":\"https:\\\/\\\/ajatutaja.com\\\/izdelek\\\/rockahula-spangice-za-lase-petal-mini-bow\\\/#primaryimage\"},\"image\":{\"@id\":\"https:\\\/\\\/ajatutaja.com\\\/izdelek\\\/rockahula-spangice-za-lase-petal-mini-bow\\\/#primaryimage\"},\"thumbnailUrl\":\"https:\\\/\\\/ajatutaja.com\\\/wp-content\\\/uploads\\\/2026\\\/04\\\/Rockahula-spangice-komplet-4-Petal-Mini-Bow-1.jpg\",\"datePublished\":\"2026-04-23T11:19:51+00:00\",\"dateModified\":\"2026-04-23T11:20:35+00:00\",\"description\":\"Ljubke sponke za lase Rockahula so pravi modni dodatek h kateri koli pri\u010deski! Te simpati\u010dne otro\u0161ke \u0161pangice bodo dopolnile vsak outfit in obenem razveselile vsako mal\u010dico.\",\"breadcrumb\":{\"@id\":\"https:\\\/\\\/ajatutaja.com\\\/izdelek\\\/rockahula-spangice-za-lase-petal-mini-bow\\\/#breadcrumb\"},\"inLanguage\":\"hr\",\"potentialAction\":[{\"@type\":\"ReadAction\",\"target\":[\"https:\\\/\\\/ajatutaja.com\\\/izdelek\\\/rockahula-spangice-za-lase-petal-mini-bow\\\/\"]}]},{\"@type\":\"ImageObject\",\"inLanguage\":\"hr\",\"@id\":\"https:\\\/\\\/ajatutaja.com\\\/izdelek\\\/rockahula-spangice-za-lase-petal-mini-bow\\\/#primaryimage\",\"url\":\"https:\\\/\\\/ajatutaja.com\\\/wp-content\\\/uploads\\\/2026\\\/04\\\/Rockahula-spangice-komplet-4-Petal-Mini-Bow-1.jpg\",\"contentUrl\":\"https:\\\/\\\/ajatutaja.com\\\/wp-content\\\/uploads\\\/2026\\\/04\\\/Rockahula-spangice-komplet-4-Petal-Mini-Bow-1.jpg\",\"width\":550,\"height\":550},{\"@type\":\"BreadcrumbList\",\"@id\":\"https:\\\/\\\/ajatutaja.com\\\/izdelek\\\/rockahula-spangice-za-lase-petal-mini-bow\\\/#breadcrumb\",\"itemListElement\":[{\"@type\":\"ListItem\",\"position\":1,\"name\":\"Home\",\"item\":\"https:\\\/\\\/ajatutaja.com\\\/hr\\\/\"},{\"@type\":\"ListItem\",\"position\":2,\"name\":\"Trgovina\",\"item\":\"https:\\\/\\\/ajatutaja.com\\\/hr\\\/trgovina\\\/\"},{\"@type\":\"ListItem\",\"position\":3,\"name\":\"Rockahula \u0161pangice za lase &#8211; Petal Mini Bow\"}]},{\"@type\":\"WebSite\",\"@id\":\"https:\\\/\\\/ajatutaja.com\\\/#website\",\"url\":\"https:\\\/\\\/ajatutaja.com\\\/\",\"name\":\"Ajatutaja\",\"description\":\"Otro\u0161ka spletna trgovina AJATUTAJA\",\"publisher\":{\"@id\":\"https:\\\/\\\/ajatutaja.com\\\/#organization\"},\"potentialAction\":[{\"@type\":\"SearchAction\",\"target\":{\"@type\":\"EntryPoint\",\"urlTemplate\":\"https:\\\/\\\/ajatutaja.com\\\/?s={search_term_string}\"},\"query-input\":{\"@type\":\"PropertyValueSpecification\",\"valueRequired\":true,\"valueName\":\"search_term_string\"}}],\"inLanguage\":\"hr\"},{\"@type\":\"Organization\",\"@id\":\"https:\\\/\\\/ajatutaja.com\\\/#organization\",\"name\":\"Ajatutaja\",\"url\":\"https:\\\/\\\/ajatutaja.com\\\/\",\"logo\":{\"@type\":\"ImageObject\",\"inLanguage\":\"hr\",\"@id\":\"https:\\\/\\\/ajatutaja.com\\\/#\\\/schema\\\/logo\\\/image\\\/\",\"url\":\"https:\\\/\\\/ajatutaja.com\\\/wp-content\\\/uploads\\\/2021\\\/10\\\/logo.png\",\"contentUrl\":\"https:\\\/\\\/ajatutaja.com\\\/wp-content\\\/uploads\\\/2021\\\/10\\\/logo.png\",\"width\":555,\"height\":150,\"caption\":\"Ajatutaja\"},\"image\":{\"@id\":\"https:\\\/\\\/ajatutaja.com\\\/#\\\/schema\\\/logo\\\/image\\\/\"}}]}<\/script>\n<!-- \/ Yoast SEO plugin. -->","yoast_head_json":{"title":"Rockahula \u0161pangice za lase - Petal Mini Bow | Ajatutaja","description":"Ljubke sponke za lase Rockahula so pravi modni dodatek h kateri koli pri\u010deski! Te simpati\u010dne otro\u0161ke \u0161pangice bodo dopolnile vsak outfit in obenem razveselile vsako mal\u010dico.","robots":{"index":"index","follow":"follow","max-snippet":"max-snippet:-1","max-image-preview":"max-image-preview:large","max-video-preview":"max-video-preview:-1"},"canonical":"https:\/\/ajatutaja.com\/izdelek\/rockahula-spangice-za-lase-petal-mini-bow\/","og_locale":"hr_HR","og_type":"article","og_title":"Rockahula \u0161pangice za lase - Petal Mini Bow | Ajatutaja","og_description":"Ljubke sponke za lase Rockahula so pravi modni dodatek h kateri koli pri\u010deski! Te simpati\u010dne otro\u0161ke \u0161pangice bodo dopolnile vsak outfit in obenem razveselile vsako mal\u010dico.","og_url":"https:\/\/ajatutaja.com\/izdelek\/rockahula-spangice-za-lase-petal-mini-bow\/","og_site_name":"Ajatutaja","article_modified_time":"2026-04-23T11:20:35+00:00","og_image":[{"width":550,"height":550,"url":"https:\/\/ajatutaja.com\/wp-content\/uploads\/2026\/04\/Rockahula-spangice-komplet-4-Petal-Mini-Bow-1.jpg","type":"image\/jpeg"}],"twitter_card":"summary_large_image","twitter_misc":{"Procijenjeno vrijeme \u010ditanja":"1 minuta"},"schema":{"@context":"https:\/\/schema.org","@graph":[{"@type":"WebPage","@id":"https:\/\/ajatutaja.com\/izdelek\/rockahula-spangice-za-lase-petal-mini-bow\/","url":"https:\/\/ajatutaja.com\/izdelek\/rockahula-spangice-za-lase-petal-mini-bow\/","name":"Rockahula \u0161pangice za lase - Petal Mini Bow | Ajatutaja","isPartOf":{"@id":"https:\/\/ajatutaja.com\/#website"},"primaryImageOfPage":{"@id":"https:\/\/ajatutaja.com\/izdelek\/rockahula-spangice-za-lase-petal-mini-bow\/#primaryimage"},"image":{"@id":"https:\/\/ajatutaja.com\/izdelek\/rockahula-spangice-za-lase-petal-mini-bow\/#primaryimage"},"thumbnailUrl":"https:\/\/ajatutaja.com\/wp-content\/uploads\/2026\/04\/Rockahula-spangice-komplet-4-Petal-Mini-Bow-1.jpg","datePublished":"2026-04-23T11:19:51+00:00","dateModified":"2026-04-23T11:20:35+00:00","description":"Ljubke sponke za lase Rockahula so pravi modni dodatek h kateri koli pri\u010deski! Te simpati\u010dne otro\u0161ke \u0161pangice bodo dopolnile vsak outfit in obenem razveselile vsako mal\u010dico.","breadcrumb":{"@id":"https:\/\/ajatutaja.com\/izdelek\/rockahula-spangice-za-lase-petal-mini-bow\/#breadcrumb"},"inLanguage":"hr","potentialAction":[{"@type":"ReadAction","target":["https:\/\/ajatutaja.com\/izdelek\/rockahula-spangice-za-lase-petal-mini-bow\/"]}]},{"@type":"ImageObject","inLanguage":"hr","@id":"https:\/\/ajatutaja.com\/izdelek\/rockahula-spangice-za-lase-petal-mini-bow\/#primaryimage","url":"https:\/\/ajatutaja.com\/wp-content\/uploads\/2026\/04\/Rockahula-spangice-komplet-4-Petal-Mini-Bow-1.jpg","contentUrl":"https:\/\/ajatutaja.com\/wp-content\/uploads\/2026\/04\/Rockahula-spangice-komplet-4-Petal-Mini-Bow-1.jpg","width":550,"height":550},{"@type":"BreadcrumbList","@id":"https:\/\/ajatutaja.com\/izdelek\/rockahula-spangice-za-lase-petal-mini-bow\/#breadcrumb","itemListElement":[{"@type":"ListItem","position":1,"name":"Home","item":"https:\/\/ajatutaja.com\/hr\/"},{"@type":"ListItem","position":2,"name":"Trgovina","item":"https:\/\/ajatutaja.com\/hr\/trgovina\/"},{"@type":"ListItem","position":3,"name":"Rockahula \u0161pangice za lase &#8211; Petal Mini Bow"}]},{"@type":"WebSite","@id":"https:\/\/ajatutaja.com\/#website","url":"https:\/\/ajatutaja.com\/","name":"Ajatutaja","description":"Otro\u0161ka spletna trgovina AJATUTAJA","publisher":{"@id":"https:\/\/ajatutaja.com\/#organization"},"potentialAction":[{"@type":"SearchAction","target":{"@type":"EntryPoint","urlTemplate":"https:\/\/ajatutaja.com\/?s={search_term_string}"},"query-input":{"@type":"PropertyValueSpecification","valueRequired":true,"valueName":"search_term_string"}}],"inLanguage":"hr"},{"@type":"Organization","@id":"https:\/\/ajatutaja.com\/#organization","name":"Ajatutaja","url":"https:\/\/ajatutaja.com\/","logo":{"@type":"ImageObject","inLanguage":"hr","@id":"https:\/\/ajatutaja.com\/#\/schema\/logo\/image\/","url":"https:\/\/ajatutaja.com\/wp-content\/uploads\/2021\/10\/logo.png","contentUrl":"https:\/\/ajatutaja.com\/wp-content\/uploads\/2021\/10\/logo.png","width":555,"height":150,"caption":"Ajatutaja"},"image":{"@id":"https:\/\/ajatutaja.com\/#\/schema\/logo\/image\/"}}]}},"brands":[{"id":2696,"name":"Moda","slug":"moda"},{"id":5646,"name":"Rockahula Kids","slug":"rockahula-kids"}],"_links":{"self":[{"href":"https:\/\/ajatutaja.com\/hr\/wp-json\/wp\/v2\/product\/88490","targetHints":{"allow":["GET"]}}],"collection":[{"href":"https:\/\/ajatutaja.com\/hr\/wp-json\/wp\/v2\/product"}],"about":[{"href":"https:\/\/ajatutaja.com\/hr\/wp-json\/wp\/v2\/types\/product"}],"wp:featuredmedia":[{"embeddable":true,"href":"https:\/\/ajatutaja.com\/hr\/wp-json\/wp\/v2\/media\/88488"}],"wp:attachment":[{"href":"https:\/\/ajatutaja.com\/hr\/wp-json\/wp\/v2\/media?parent=88490"}],"wp:term":[{"taxonomy":"pwb-brand","embeddable":true,"href":"https:\/\/ajatutaja.com\/hr\/wp-json\/wp\/v2\/pwb-brand?post=88490"},{"taxonomy":"product_brand","embeddable":true,"href":"https:\/\/ajatutaja.com\/hr\/wp-json\/wp\/v2\/product_brand?post=88490"},{"taxonomy":"product_cat","embeddable":true,"href":"https:\/\/ajatutaja.com\/hr\/wp-json\/wp\/v2\/product_cat?post=88490"},{"taxonomy":"product_tag","embeddable":true,"href":"https:\/\/ajatutaja.com\/hr\/wp-json\/wp\/v2\/product_tag?post=88490"}],"curies":[{"name":"wp","href":"https:\/\/api.w.org\/{rel}","templated":true}]}}