{"id":88480,"date":"2026-04-23T12:36:12","date_gmt":"2026-04-23T10:36:12","guid":{"rendered":"https:\/\/ajatutaja.com\/?post_type=product&#038;p=88480"},"modified":"2026-04-23T12:45:21","modified_gmt":"2026-04-23T10:45:21","slug":"scootride-otroski-skiro-in-poganjalec-2v1-highwaykick-1-push-and-go-miffy","status":"publish","type":"product","link":"https:\/\/ajatutaja.com\/hr\/proizvod\/scootride-otroski-skiro-in-poganjalec-2v1-highwaykick-1-push-and-go-miffy\/","title":{"rendered":"Scoot&amp;Ride otro\u0161ki skiro in poganjalec 2v1 Highwaykick 1 Push and Go &#8211; Miffy"},"content":{"rendered":"<p>[vc_row][vc_column][vc_column_text]Otro\u0161ki poganjalec in skiro SCOOT &amp; RIDE\u00ae model Highwaykick1 2v1 Push and Go, je odli\u010dna izbira za prvi poganjalec, saj spodbuja naravne otrokove motori\u010dne sposobnosti in spretnosti ter pomaga pri pridobivanju ravnote\u017eja.<\/p>\n<h4>Lastnost Scoot&amp;Ride Highwaykick 1 modela Push and Go:<\/h4>\n<ul>\n<li>Stabilnost:\u00a0nizek sedalni del in ergonomi\u010dno krmilo<\/li>\n<li>Varnost: varovalo pred sprednjimi kolesi, ki prepre\u010duje mo\u017enost padca naprej<\/li>\n<li>Ravnote\u017eje: 2 kolesi spredaj za maksimalno ravnote\u017eje in udobno \u0161iroko sedalo<\/li>\n<li>Enostavna uporaba: spreminjaje iz poganjalca v skiro s sprostitvijo gumba na sprednjem delu in obratom sedalnega dela se spremeni funkcija produkta poganjalec v skiro.<\/li>\n<li>Push bar (potisna palica): Star\u0161i lahko udobno potiskajo otroka, bodisi sede ali stoje. Palica je nastavljiva v tri vi\u0161ine in se pritrdi brez orodja.<\/li>\n<li>Podpora za noge: Otroci lahko med vo\u017enjo spro\u0161\u010deno po\u010divajo, zahvaljujo\u010d dodatnim oporam za noge.<\/li>\n<li><a href=\"https:\/\/ajatutaja.com\/wp-content\/uploads\/2025\/05\/102152-04_instruction-manual_highwaykick-1_push-and-go.pdf\">NAVODILA ZA UPORABO<\/a><\/li>\n<\/ul>\n<h4>Tehni\u010dne lastnosti:<\/h4>\n<ul>\n<li>Starost: 1 \u2013 5 let<\/li>\n<li>Telesna vi\u0161ina otroka: 82 \u2013 118 cm<\/li>\n<li>Nosilnost: kot poganjalec do 20 kg, kot skiro do 50 kg<\/li>\n<li>Vi\u0161ina sede\u017ea: V poziciji poganjalec ima mo\u017enost nastavitve vi\u0161ine sedalnega dela od 22,5 \u2013 28,5 cm<\/li>\n<li>Krmilo je nastavljivo po vi\u0161ini: v poziciji skiro v vi\u0161ini od 57 do 64 cm<\/li>\n<li>Velikost koles: sprednji dve kolesi 120 mm, zadnje kolo 80 mm<\/li>\n<li>Te\u017ea artikla: 3,5 kg<\/li>\n<\/ul>\n<p><em>Pomembna informacija: Push bar ni na voljo kot lo\u010den dodatek in ga ni mogo\u010de namestiti na klasi\u010dne modele Highwaykick 1!<\/em>[\/vc_column_text][\/vc_column][\/vc_row]<\/p>\n","protected":false},"excerpt":{"rendered":"<p style=\"text-align: justify\">Scoot &amp; Ride Highwaykick 1 Push and Go skiro in poganjalec 2v1 Miffy je opremljen tudi s snemljivo potisno palico &#8220;Push bar&#8221; za star\u0161e. Highwaykick 1 se z enim samim dejanjem in brez uporabe orodja, preuredi iz otro\u0161kega poganjal\u010dka v stabilen in kvaliteten skiro za otroke.<\/p>\n","protected":false},"featured_media":88466,"template":"","meta":[],"pwb-brand":[2452,2409,2428,2465],"product_brand":[],"product_cat":[2362,2406,2361],"product_tag":[4364,5209,4491],"class_list":{"0":"post-88480","1":"product","2":"type-product","3":"status-publish","4":"has-post-thumbnail","6":"pwb-brand-igranje","7":"pwb-brand-potepanje","8":"pwb-brand-scootride","9":"pwb-brand-scootride-igranje","10":"product_cat-igranje","11":"product_cat-otroski-skiroji-in-poganjalci","12":"product_cat-potepanje","13":"product_tag-highwaykick-1","14":"product_tag-miffy","15":"product_tag-scootride","17":"first","18":"onbackorder","19":"taxable","20":"shipping-taxable","21":"purchasable","22":"product-type-simple","23":"add-to-wishlist-before_image"},"yoast_head":"<!-- This site is optimized with the Yoast SEO plugin v27.3 - https:\/\/yoast.com\/product\/yoast-seo-wordpress\/ -->\n<title>Scoot&amp;Ride otro\u0161ki skiro in poganjalec 2v1 Highwaykick 1 Push and Go - Miffy | Ajatutaja<\/title>\n<meta name=\"description\" content=\"Scoot &amp; Ride Highwaykick 1 Push and Go je najnovej\u0161i skiro in poganjalec 2v1, ki je opremljen tudi s snemljivo potisno palico &quot;Push bar&quot; za star\u0161e.\" \/>\n<meta name=\"robots\" content=\"index, follow, max-snippet:-1, max-image-preview:large, max-video-preview:-1\" \/>\n<link rel=\"canonical\" href=\"https:\/\/ajatutaja.com\/izdelek\/scootride-otroski-skiro-in-poganjalec-2v1-highwaykick-1-push-and-go-miffy\/\" \/>\n<meta property=\"og:locale\" content=\"hr_HR\" \/>\n<meta property=\"og:type\" content=\"article\" \/>\n<meta property=\"og:title\" content=\"Scoot&amp;Ride otro\u0161ki skiro in poganjalec 2v1 Highwaykick 1 Push and Go - Miffy | Ajatutaja\" \/>\n<meta property=\"og:description\" content=\"Scoot &amp; Ride Highwaykick 1 Push and Go je najnovej\u0161i skiro in poganjalec 2v1, ki je opremljen tudi s snemljivo potisno palico &quot;Push bar&quot; za star\u0161e.\" \/>\n<meta property=\"og:url\" content=\"https:\/\/ajatutaja.com\/izdelek\/scootride-otroski-skiro-in-poganjalec-2v1-highwaykick-1-push-and-go-miffy\/\" \/>\n<meta property=\"og:site_name\" content=\"Ajatutaja\" \/>\n<meta property=\"article:modified_time\" content=\"2026-04-23T10:45:21+00:00\" \/>\n<meta property=\"og:image\" content=\"https:\/\/ajatutaja.com\/wp-content\/uploads\/2026\/04\/ScootRide-Otroski-poganjalec-in-skiro-Highwaykick-1-Push-and-Go-Miffy-1.jpg\" \/>\n\t<meta property=\"og:image:width\" content=\"1024\" \/>\n\t<meta property=\"og:image:height\" content=\"1024\" \/>\n\t<meta property=\"og:image:type\" content=\"image\/jpeg\" \/>\n<meta name=\"twitter:card\" content=\"summary_large_image\" \/>\n<meta name=\"twitter:label1\" content=\"Procijenjeno vrijeme \u010ditanja\" \/>\n\t<meta name=\"twitter:data1\" content=\"1 minuta\" \/>\n<script type=\"application\/ld+json\" class=\"yoast-schema-graph\">{\"@context\":\"https:\\\/\\\/schema.org\",\"@graph\":[{\"@type\":\"WebPage\",\"@id\":\"https:\\\/\\\/ajatutaja.com\\\/izdelek\\\/scootride-otroski-skiro-in-poganjalec-2v1-highwaykick-1-push-and-go-miffy\\\/\",\"url\":\"https:\\\/\\\/ajatutaja.com\\\/izdelek\\\/scootride-otroski-skiro-in-poganjalec-2v1-highwaykick-1-push-and-go-miffy\\\/\",\"name\":\"Scoot&amp;Ride otro\u0161ki skiro in poganjalec 2v1 Highwaykick 1 Push and Go - Miffy | Ajatutaja\",\"isPartOf\":{\"@id\":\"https:\\\/\\\/ajatutaja.com\\\/#website\"},\"primaryImageOfPage\":{\"@id\":\"https:\\\/\\\/ajatutaja.com\\\/izdelek\\\/scootride-otroski-skiro-in-poganjalec-2v1-highwaykick-1-push-and-go-miffy\\\/#primaryimage\"},\"image\":{\"@id\":\"https:\\\/\\\/ajatutaja.com\\\/izdelek\\\/scootride-otroski-skiro-in-poganjalec-2v1-highwaykick-1-push-and-go-miffy\\\/#primaryimage\"},\"thumbnailUrl\":\"https:\\\/\\\/ajatutaja.com\\\/wp-content\\\/uploads\\\/2026\\\/04\\\/ScootRide-Otroski-poganjalec-in-skiro-Highwaykick-1-Push-and-Go-Miffy-1.jpg\",\"datePublished\":\"2026-04-23T10:36:12+00:00\",\"dateModified\":\"2026-04-23T10:45:21+00:00\",\"description\":\"Scoot & Ride Highwaykick 1 Push and Go je najnovej\u0161i skiro in poganjalec 2v1, ki je opremljen tudi s snemljivo potisno palico \\\"Push bar\\\" za star\u0161e.\",\"breadcrumb\":{\"@id\":\"https:\\\/\\\/ajatutaja.com\\\/izdelek\\\/scootride-otroski-skiro-in-poganjalec-2v1-highwaykick-1-push-and-go-miffy\\\/#breadcrumb\"},\"inLanguage\":\"hr\",\"potentialAction\":[{\"@type\":\"ReadAction\",\"target\":[\"https:\\\/\\\/ajatutaja.com\\\/izdelek\\\/scootride-otroski-skiro-in-poganjalec-2v1-highwaykick-1-push-and-go-miffy\\\/\"]}]},{\"@type\":\"ImageObject\",\"inLanguage\":\"hr\",\"@id\":\"https:\\\/\\\/ajatutaja.com\\\/izdelek\\\/scootride-otroski-skiro-in-poganjalec-2v1-highwaykick-1-push-and-go-miffy\\\/#primaryimage\",\"url\":\"https:\\\/\\\/ajatutaja.com\\\/wp-content\\\/uploads\\\/2026\\\/04\\\/ScootRide-Otroski-poganjalec-in-skiro-Highwaykick-1-Push-and-Go-Miffy-1.jpg\",\"contentUrl\":\"https:\\\/\\\/ajatutaja.com\\\/wp-content\\\/uploads\\\/2026\\\/04\\\/ScootRide-Otroski-poganjalec-in-skiro-Highwaykick-1-Push-and-Go-Miffy-1.jpg\",\"width\":1024,\"height\":1024},{\"@type\":\"BreadcrumbList\",\"@id\":\"https:\\\/\\\/ajatutaja.com\\\/izdelek\\\/scootride-otroski-skiro-in-poganjalec-2v1-highwaykick-1-push-and-go-miffy\\\/#breadcrumb\",\"itemListElement\":[{\"@type\":\"ListItem\",\"position\":1,\"name\":\"Home\",\"item\":\"https:\\\/\\\/ajatutaja.com\\\/hr\\\/\"},{\"@type\":\"ListItem\",\"position\":2,\"name\":\"Trgovina\",\"item\":\"https:\\\/\\\/ajatutaja.com\\\/hr\\\/trgovina\\\/\"},{\"@type\":\"ListItem\",\"position\":3,\"name\":\"Scoot&amp;Ride otro\u0161ki skiro in poganjalec 2v1 Highwaykick 1 Push and Go &#8211; Miffy\"}]},{\"@type\":\"WebSite\",\"@id\":\"https:\\\/\\\/ajatutaja.com\\\/#website\",\"url\":\"https:\\\/\\\/ajatutaja.com\\\/\",\"name\":\"Ajatutaja\",\"description\":\"Otro\u0161ka spletna trgovina AJATUTAJA\",\"publisher\":{\"@id\":\"https:\\\/\\\/ajatutaja.com\\\/#organization\"},\"potentialAction\":[{\"@type\":\"SearchAction\",\"target\":{\"@type\":\"EntryPoint\",\"urlTemplate\":\"https:\\\/\\\/ajatutaja.com\\\/?s={search_term_string}\"},\"query-input\":{\"@type\":\"PropertyValueSpecification\",\"valueRequired\":true,\"valueName\":\"search_term_string\"}}],\"inLanguage\":\"hr\"},{\"@type\":\"Organization\",\"@id\":\"https:\\\/\\\/ajatutaja.com\\\/#organization\",\"name\":\"Ajatutaja\",\"url\":\"https:\\\/\\\/ajatutaja.com\\\/\",\"logo\":{\"@type\":\"ImageObject\",\"inLanguage\":\"hr\",\"@id\":\"https:\\\/\\\/ajatutaja.com\\\/#\\\/schema\\\/logo\\\/image\\\/\",\"url\":\"https:\\\/\\\/ajatutaja.com\\\/wp-content\\\/uploads\\\/2021\\\/10\\\/logo.png\",\"contentUrl\":\"https:\\\/\\\/ajatutaja.com\\\/wp-content\\\/uploads\\\/2021\\\/10\\\/logo.png\",\"width\":555,\"height\":150,\"caption\":\"Ajatutaja\"},\"image\":{\"@id\":\"https:\\\/\\\/ajatutaja.com\\\/#\\\/schema\\\/logo\\\/image\\\/\"}}]}<\/script>\n<!-- \/ Yoast SEO plugin. -->","yoast_head_json":{"title":"Scoot&amp;Ride otro\u0161ki skiro in poganjalec 2v1 Highwaykick 1 Push and Go - Miffy | Ajatutaja","description":"Scoot & Ride Highwaykick 1 Push and Go je najnovej\u0161i skiro in poganjalec 2v1, ki je opremljen tudi s snemljivo potisno palico \"Push bar\" za star\u0161e.","robots":{"index":"index","follow":"follow","max-snippet":"max-snippet:-1","max-image-preview":"max-image-preview:large","max-video-preview":"max-video-preview:-1"},"canonical":"https:\/\/ajatutaja.com\/izdelek\/scootride-otroski-skiro-in-poganjalec-2v1-highwaykick-1-push-and-go-miffy\/","og_locale":"hr_HR","og_type":"article","og_title":"Scoot&amp;Ride otro\u0161ki skiro in poganjalec 2v1 Highwaykick 1 Push and Go - Miffy | Ajatutaja","og_description":"Scoot & Ride Highwaykick 1 Push and Go je najnovej\u0161i skiro in poganjalec 2v1, ki je opremljen tudi s snemljivo potisno palico \"Push bar\" za star\u0161e.","og_url":"https:\/\/ajatutaja.com\/izdelek\/scootride-otroski-skiro-in-poganjalec-2v1-highwaykick-1-push-and-go-miffy\/","og_site_name":"Ajatutaja","article_modified_time":"2026-04-23T10:45:21+00:00","og_image":[{"width":1024,"height":1024,"url":"https:\/\/ajatutaja.com\/wp-content\/uploads\/2026\/04\/ScootRide-Otroski-poganjalec-in-skiro-Highwaykick-1-Push-and-Go-Miffy-1.jpg","type":"image\/jpeg"}],"twitter_card":"summary_large_image","twitter_misc":{"Procijenjeno vrijeme \u010ditanja":"1 minuta"},"schema":{"@context":"https:\/\/schema.org","@graph":[{"@type":"WebPage","@id":"https:\/\/ajatutaja.com\/izdelek\/scootride-otroski-skiro-in-poganjalec-2v1-highwaykick-1-push-and-go-miffy\/","url":"https:\/\/ajatutaja.com\/izdelek\/scootride-otroski-skiro-in-poganjalec-2v1-highwaykick-1-push-and-go-miffy\/","name":"Scoot&amp;Ride otro\u0161ki skiro in poganjalec 2v1 Highwaykick 1 Push and Go - Miffy | Ajatutaja","isPartOf":{"@id":"https:\/\/ajatutaja.com\/#website"},"primaryImageOfPage":{"@id":"https:\/\/ajatutaja.com\/izdelek\/scootride-otroski-skiro-in-poganjalec-2v1-highwaykick-1-push-and-go-miffy\/#primaryimage"},"image":{"@id":"https:\/\/ajatutaja.com\/izdelek\/scootride-otroski-skiro-in-poganjalec-2v1-highwaykick-1-push-and-go-miffy\/#primaryimage"},"thumbnailUrl":"https:\/\/ajatutaja.com\/wp-content\/uploads\/2026\/04\/ScootRide-Otroski-poganjalec-in-skiro-Highwaykick-1-Push-and-Go-Miffy-1.jpg","datePublished":"2026-04-23T10:36:12+00:00","dateModified":"2026-04-23T10:45:21+00:00","description":"Scoot & Ride Highwaykick 1 Push and Go je najnovej\u0161i skiro in poganjalec 2v1, ki je opremljen tudi s snemljivo potisno palico \"Push bar\" za star\u0161e.","breadcrumb":{"@id":"https:\/\/ajatutaja.com\/izdelek\/scootride-otroski-skiro-in-poganjalec-2v1-highwaykick-1-push-and-go-miffy\/#breadcrumb"},"inLanguage":"hr","potentialAction":[{"@type":"ReadAction","target":["https:\/\/ajatutaja.com\/izdelek\/scootride-otroski-skiro-in-poganjalec-2v1-highwaykick-1-push-and-go-miffy\/"]}]},{"@type":"ImageObject","inLanguage":"hr","@id":"https:\/\/ajatutaja.com\/izdelek\/scootride-otroski-skiro-in-poganjalec-2v1-highwaykick-1-push-and-go-miffy\/#primaryimage","url":"https:\/\/ajatutaja.com\/wp-content\/uploads\/2026\/04\/ScootRide-Otroski-poganjalec-in-skiro-Highwaykick-1-Push-and-Go-Miffy-1.jpg","contentUrl":"https:\/\/ajatutaja.com\/wp-content\/uploads\/2026\/04\/ScootRide-Otroski-poganjalec-in-skiro-Highwaykick-1-Push-and-Go-Miffy-1.jpg","width":1024,"height":1024},{"@type":"BreadcrumbList","@id":"https:\/\/ajatutaja.com\/izdelek\/scootride-otroski-skiro-in-poganjalec-2v1-highwaykick-1-push-and-go-miffy\/#breadcrumb","itemListElement":[{"@type":"ListItem","position":1,"name":"Home","item":"https:\/\/ajatutaja.com\/hr\/"},{"@type":"ListItem","position":2,"name":"Trgovina","item":"https:\/\/ajatutaja.com\/hr\/trgovina\/"},{"@type":"ListItem","position":3,"name":"Scoot&amp;Ride otro\u0161ki skiro in poganjalec 2v1 Highwaykick 1 Push and Go &#8211; Miffy"}]},{"@type":"WebSite","@id":"https:\/\/ajatutaja.com\/#website","url":"https:\/\/ajatutaja.com\/","name":"Ajatutaja","description":"Otro\u0161ka spletna trgovina AJATUTAJA","publisher":{"@id":"https:\/\/ajatutaja.com\/#organization"},"potentialAction":[{"@type":"SearchAction","target":{"@type":"EntryPoint","urlTemplate":"https:\/\/ajatutaja.com\/?s={search_term_string}"},"query-input":{"@type":"PropertyValueSpecification","valueRequired":true,"valueName":"search_term_string"}}],"inLanguage":"hr"},{"@type":"Organization","@id":"https:\/\/ajatutaja.com\/#organization","name":"Ajatutaja","url":"https:\/\/ajatutaja.com\/","logo":{"@type":"ImageObject","inLanguage":"hr","@id":"https:\/\/ajatutaja.com\/#\/schema\/logo\/image\/","url":"https:\/\/ajatutaja.com\/wp-content\/uploads\/2021\/10\/logo.png","contentUrl":"https:\/\/ajatutaja.com\/wp-content\/uploads\/2021\/10\/logo.png","width":555,"height":150,"caption":"Ajatutaja"},"image":{"@id":"https:\/\/ajatutaja.com\/#\/schema\/logo\/image\/"}}]}},"brands":[{"id":2452,"name":"Igranje","slug":"igranje"},{"id":2409,"name":"Potepanje","slug":"potepanje"},{"id":2428,"name":"Scoot&amp;Ride","slug":"scootride"},{"id":2465,"name":"Scoot&amp;Ride","slug":"scootride-igranje"}],"_links":{"self":[{"href":"https:\/\/ajatutaja.com\/hr\/wp-json\/wp\/v2\/product\/88480","targetHints":{"allow":["GET"]}}],"collection":[{"href":"https:\/\/ajatutaja.com\/hr\/wp-json\/wp\/v2\/product"}],"about":[{"href":"https:\/\/ajatutaja.com\/hr\/wp-json\/wp\/v2\/types\/product"}],"wp:featuredmedia":[{"embeddable":true,"href":"https:\/\/ajatutaja.com\/hr\/wp-json\/wp\/v2\/media\/88466"}],"wp:attachment":[{"href":"https:\/\/ajatutaja.com\/hr\/wp-json\/wp\/v2\/media?parent=88480"}],"wp:term":[{"taxonomy":"pwb-brand","embeddable":true,"href":"https:\/\/ajatutaja.com\/hr\/wp-json\/wp\/v2\/pwb-brand?post=88480"},{"taxonomy":"product_brand","embeddable":true,"href":"https:\/\/ajatutaja.com\/hr\/wp-json\/wp\/v2\/product_brand?post=88480"},{"taxonomy":"product_cat","embeddable":true,"href":"https:\/\/ajatutaja.com\/hr\/wp-json\/wp\/v2\/product_cat?post=88480"},{"taxonomy":"product_tag","embeddable":true,"href":"https:\/\/ajatutaja.com\/hr\/wp-json\/wp\/v2\/product_tag?post=88480"}],"curies":[{"name":"wp","href":"https:\/\/api.w.org\/{rel}","templated":true}]}}