{"id":88374,"date":"2023-04-21T16:15:00","date_gmt":"2023-04-21T14:15:00","guid":{"rendered":"https:\/\/ajatutaja.com\/?post_type=product&#038;p=88374"},"modified":"2026-04-21T16:26:04","modified_gmt":"2026-04-21T14:26:04","slug":"otroska-soncna-ocala-kietla-buzz-black-4-6-let-poskodovana-embalaza","status":"publish","type":"product","link":"https:\/\/ajatutaja.com\/hr\/proizvod\/otroska-soncna-ocala-kietla-buzz-black-4-6-let-poskodovana-embalaza\/","title":{"rendered":"Otro\u0161ka son\u010dna o\u010dala KiETLA BuZZ &#8211; Black (4\/6 let) PO\u0160KODOVANA EMBALA\u017dA"},"content":{"rendered":"<p>[vc_row][vc_column][vc_column_text]<\/p>\n<div class=\"rte\">\n<p>Ergonomska o\u010dala, zelo lahka in mehka. Ne povzro\u010dajo\u00a0pritiska na nosni most in\u00a0drgnjenja u\u0161es. O\u010dala so primerna tudi za uporabo s korekcijskimi le\u010dami.<\/p>\n<h3>Lastnosti otro\u0161kih son\u010dnih o\u010dal KiETLA:<\/h3>\n<ul>\n<li>Polikarbonatne le\u010de kategorije 3: maksimalna za\u0161\u010dita.<\/li>\n<li>100 % UV filter: Anti-UVA, Anti-UVB, Anti-UVC.<\/li>\n<li>Vi\u0161ina le\u010de: 3,6 cm za popolno za\u0161\u010dito otro\u0161kih o\u010di.<\/li>\n<li>Le + Ki ET LA: filter proti modri svetlobi za zmanj\u0161anje ble\u0161\u010danja.<\/li>\n<li>EKO prijazna (iz recikliranih materialov).<\/li>\n<li>Okvir TPEE z mono injekcijo.<\/li>\n<li>Zajam\u010deno brez bisfenola A.<\/li>\n<li>Polikarbonatne le\u010de.<\/li>\n<li>Izdelana v Franciji.<\/li>\n<li>2 velikosti na voljo.<\/li>\n<\/ul>\n<p>O\u010dala za za\u0161\u010dito pred soncem so v skladu z mednarodnimi standardi (ISO 12312-1:2013 \/ A1 2015 in ANSI Z80.3: 2015).<\/p>\n<\/div>\n<p>&nbsp;<\/p>\n<p>[\/vc_column_text][\/vc_column][\/vc_row]<\/p>\n","protected":false},"excerpt":{"rendered":"<p style=\"text-align: justify\">Otro\u0161ka son\u010dna o\u010dala KiETLA zagotavljajo popolno za\u0161\u010dito o\u010di va\u0161ega mal\u010dka. Oblikovana so na na\u010din vlivanja, kar omogo\u010da pro\u017enost in prepre\u010duje, da bi se otrok u\u0161\u010dipnil ali pogoltnil kak del\u010dek. Polarizirane le\u010de kategorije 3, 100 % filter proti UV \u017earkom in dodatki (etui in torbica).<\/p>\n","protected":false},"featured_media":88375,"template":"","meta":[],"pwb-brand":[4925,2696],"product_brand":[],"product_cat":[2609,2742,2408,2361,2693],"product_tag":[4924],"class_list":{"0":"post-88374","1":"product","2":"type-product","3":"status-publish","4":"has-post-thumbnail","6":"pwb-brand-ki-et-la","7":"pwb-brand-moda","8":"product_cat-moda","9":"product_cat-outlet","10":"product_cat-poletni-pripomocki","11":"product_cat-potepanje","12":"product_cat-soncna-ocala","13":"product_tag-kietla","15":"first","16":"instock","17":"sale","18":"taxable","19":"shipping-taxable","20":"purchasable","21":"product-type-simple","22":"add-to-wishlist-before_image"},"yoast_head":"<!-- This site is optimized with the Yoast SEO plugin v27.3 - https:\/\/yoast.com\/product\/yoast-seo-wordpress\/ -->\n<title>Otro\u0161ka son\u010dna o\u010dala KiETLA BuZZ - Black (4\/6 let) PO\u0160KODOVANA EMBALA\u017dA | Ajatutaja<\/title>\n<meta name=\"description\" content=\"Otro\u0161ka son\u010dna o\u010dala KiETLA zagotavljajo popolno za\u0161\u010dito o\u010di va\u0161ega mal\u010dka. Polarizirane le\u010de kategorije 3, 100 % filter proti UV \u017earkom in dodatki (etui, trakec in torbica).\" \/>\n<meta name=\"robots\" content=\"index, follow, max-snippet:-1, max-image-preview:large, max-video-preview:-1\" \/>\n<link rel=\"canonical\" href=\"https:\/\/ajatutaja.com\/izdelek\/otroska-soncna-ocala-kietla-buzz-black-4-6-let-poskodovana-embalaza\/\" \/>\n<meta property=\"og:locale\" content=\"hr_HR\" \/>\n<meta property=\"og:type\" content=\"article\" \/>\n<meta property=\"og:title\" content=\"Otro\u0161ka son\u010dna o\u010dala KiETLA BuZZ - Black (4\/6 let) PO\u0160KODOVANA EMBALA\u017dA | Ajatutaja\" \/>\n<meta property=\"og:description\" content=\"Otro\u0161ka son\u010dna o\u010dala KiETLA zagotavljajo popolno za\u0161\u010dito o\u010di va\u0161ega mal\u010dka. Polarizirane le\u010de kategorije 3, 100 % filter proti UV \u017earkom in dodatki (etui, trakec in torbica).\" \/>\n<meta property=\"og:url\" content=\"https:\/\/ajatutaja.com\/izdelek\/otroska-soncna-ocala-kietla-buzz-black-4-6-let-poskodovana-embalaza\/\" \/>\n<meta property=\"og:site_name\" content=\"Ajatutaja\" \/>\n<meta property=\"article:modified_time\" content=\"2026-04-21T14:26:04+00:00\" \/>\n<meta property=\"og:image\" content=\"https:\/\/ajatutaja.com\/wp-content\/uploads\/2026\/04\/kietla-otroska-soncna-ocala-kietla-BUzz-black-1.jpg\" \/>\n\t<meta property=\"og:image:width\" content=\"458\" \/>\n\t<meta property=\"og:image:height\" content=\"458\" \/>\n\t<meta property=\"og:image:type\" content=\"image\/jpeg\" \/>\n<meta name=\"twitter:card\" content=\"summary_large_image\" \/>\n<meta name=\"twitter:label1\" content=\"Procijenjeno vrijeme \u010ditanja\" \/>\n\t<meta name=\"twitter:data1\" content=\"1 minuta\" \/>\n<script type=\"application\/ld+json\" class=\"yoast-schema-graph\">{\"@context\":\"https:\\\/\\\/schema.org\",\"@graph\":[{\"@type\":\"WebPage\",\"@id\":\"https:\\\/\\\/ajatutaja.com\\\/izdelek\\\/otroska-soncna-ocala-kietla-buzz-black-4-6-let-poskodovana-embalaza\\\/\",\"url\":\"https:\\\/\\\/ajatutaja.com\\\/izdelek\\\/otroska-soncna-ocala-kietla-buzz-black-4-6-let-poskodovana-embalaza\\\/\",\"name\":\"Otro\u0161ka son\u010dna o\u010dala KiETLA BuZZ - Black (4\\\/6 let) PO\u0160KODOVANA EMBALA\u017dA | Ajatutaja\",\"isPartOf\":{\"@id\":\"https:\\\/\\\/ajatutaja.com\\\/#website\"},\"primaryImageOfPage\":{\"@id\":\"https:\\\/\\\/ajatutaja.com\\\/izdelek\\\/otroska-soncna-ocala-kietla-buzz-black-4-6-let-poskodovana-embalaza\\\/#primaryimage\"},\"image\":{\"@id\":\"https:\\\/\\\/ajatutaja.com\\\/izdelek\\\/otroska-soncna-ocala-kietla-buzz-black-4-6-let-poskodovana-embalaza\\\/#primaryimage\"},\"thumbnailUrl\":\"https:\\\/\\\/ajatutaja.com\\\/wp-content\\\/uploads\\\/2026\\\/04\\\/kietla-otroska-soncna-ocala-kietla-BUzz-black-1.jpg\",\"datePublished\":\"2023-04-21T14:15:00+00:00\",\"dateModified\":\"2026-04-21T14:26:04+00:00\",\"description\":\"Otro\u0161ka son\u010dna o\u010dala KiETLA zagotavljajo popolno za\u0161\u010dito o\u010di va\u0161ega mal\u010dka. Polarizirane le\u010de kategorije 3, 100 % filter proti UV \u017earkom in dodatki (etui, trakec in torbica).\",\"breadcrumb\":{\"@id\":\"https:\\\/\\\/ajatutaja.com\\\/izdelek\\\/otroska-soncna-ocala-kietla-buzz-black-4-6-let-poskodovana-embalaza\\\/#breadcrumb\"},\"inLanguage\":\"hr\",\"potentialAction\":[{\"@type\":\"ReadAction\",\"target\":[\"https:\\\/\\\/ajatutaja.com\\\/izdelek\\\/otroska-soncna-ocala-kietla-buzz-black-4-6-let-poskodovana-embalaza\\\/\"]}]},{\"@type\":\"ImageObject\",\"inLanguage\":\"hr\",\"@id\":\"https:\\\/\\\/ajatutaja.com\\\/izdelek\\\/otroska-soncna-ocala-kietla-buzz-black-4-6-let-poskodovana-embalaza\\\/#primaryimage\",\"url\":\"https:\\\/\\\/ajatutaja.com\\\/wp-content\\\/uploads\\\/2026\\\/04\\\/kietla-otroska-soncna-ocala-kietla-BUzz-black-1.jpg\",\"contentUrl\":\"https:\\\/\\\/ajatutaja.com\\\/wp-content\\\/uploads\\\/2026\\\/04\\\/kietla-otroska-soncna-ocala-kietla-BUzz-black-1.jpg\",\"width\":458,\"height\":458},{\"@type\":\"BreadcrumbList\",\"@id\":\"https:\\\/\\\/ajatutaja.com\\\/izdelek\\\/otroska-soncna-ocala-kietla-buzz-black-4-6-let-poskodovana-embalaza\\\/#breadcrumb\",\"itemListElement\":[{\"@type\":\"ListItem\",\"position\":1,\"name\":\"Home\",\"item\":\"https:\\\/\\\/ajatutaja.com\\\/hr\\\/\"},{\"@type\":\"ListItem\",\"position\":2,\"name\":\"Trgovina\",\"item\":\"https:\\\/\\\/ajatutaja.com\\\/hr\\\/trgovina\\\/\"},{\"@type\":\"ListItem\",\"position\":3,\"name\":\"Otro\u0161ka son\u010dna o\u010dala KiETLA BuZZ &#8211; Black (4\\\/6 let) PO\u0160KODOVANA EMBALA\u017dA\"}]},{\"@type\":\"WebSite\",\"@id\":\"https:\\\/\\\/ajatutaja.com\\\/#website\",\"url\":\"https:\\\/\\\/ajatutaja.com\\\/\",\"name\":\"Ajatutaja\",\"description\":\"Otro\u0161ka spletna trgovina AJATUTAJA\",\"publisher\":{\"@id\":\"https:\\\/\\\/ajatutaja.com\\\/#organization\"},\"potentialAction\":[{\"@type\":\"SearchAction\",\"target\":{\"@type\":\"EntryPoint\",\"urlTemplate\":\"https:\\\/\\\/ajatutaja.com\\\/?s={search_term_string}\"},\"query-input\":{\"@type\":\"PropertyValueSpecification\",\"valueRequired\":true,\"valueName\":\"search_term_string\"}}],\"inLanguage\":\"hr\"},{\"@type\":\"Organization\",\"@id\":\"https:\\\/\\\/ajatutaja.com\\\/#organization\",\"name\":\"Ajatutaja\",\"url\":\"https:\\\/\\\/ajatutaja.com\\\/\",\"logo\":{\"@type\":\"ImageObject\",\"inLanguage\":\"hr\",\"@id\":\"https:\\\/\\\/ajatutaja.com\\\/#\\\/schema\\\/logo\\\/image\\\/\",\"url\":\"https:\\\/\\\/ajatutaja.com\\\/wp-content\\\/uploads\\\/2021\\\/10\\\/logo.png\",\"contentUrl\":\"https:\\\/\\\/ajatutaja.com\\\/wp-content\\\/uploads\\\/2021\\\/10\\\/logo.png\",\"width\":555,\"height\":150,\"caption\":\"Ajatutaja\"},\"image\":{\"@id\":\"https:\\\/\\\/ajatutaja.com\\\/#\\\/schema\\\/logo\\\/image\\\/\"}}]}<\/script>\n<!-- \/ Yoast SEO plugin. -->","yoast_head_json":{"title":"Otro\u0161ka son\u010dna o\u010dala KiETLA BuZZ - Black (4\/6 let) PO\u0160KODOVANA EMBALA\u017dA | Ajatutaja","description":"Otro\u0161ka son\u010dna o\u010dala KiETLA zagotavljajo popolno za\u0161\u010dito o\u010di va\u0161ega mal\u010dka. Polarizirane le\u010de kategorije 3, 100 % filter proti UV \u017earkom in dodatki (etui, trakec in torbica).","robots":{"index":"index","follow":"follow","max-snippet":"max-snippet:-1","max-image-preview":"max-image-preview:large","max-video-preview":"max-video-preview:-1"},"canonical":"https:\/\/ajatutaja.com\/izdelek\/otroska-soncna-ocala-kietla-buzz-black-4-6-let-poskodovana-embalaza\/","og_locale":"hr_HR","og_type":"article","og_title":"Otro\u0161ka son\u010dna o\u010dala KiETLA BuZZ - Black (4\/6 let) PO\u0160KODOVANA EMBALA\u017dA | Ajatutaja","og_description":"Otro\u0161ka son\u010dna o\u010dala KiETLA zagotavljajo popolno za\u0161\u010dito o\u010di va\u0161ega mal\u010dka. Polarizirane le\u010de kategorije 3, 100 % filter proti UV \u017earkom in dodatki (etui, trakec in torbica).","og_url":"https:\/\/ajatutaja.com\/izdelek\/otroska-soncna-ocala-kietla-buzz-black-4-6-let-poskodovana-embalaza\/","og_site_name":"Ajatutaja","article_modified_time":"2026-04-21T14:26:04+00:00","og_image":[{"width":458,"height":458,"url":"https:\/\/ajatutaja.com\/wp-content\/uploads\/2026\/04\/kietla-otroska-soncna-ocala-kietla-BUzz-black-1.jpg","type":"image\/jpeg"}],"twitter_card":"summary_large_image","twitter_misc":{"Procijenjeno vrijeme \u010ditanja":"1 minuta"},"schema":{"@context":"https:\/\/schema.org","@graph":[{"@type":"WebPage","@id":"https:\/\/ajatutaja.com\/izdelek\/otroska-soncna-ocala-kietla-buzz-black-4-6-let-poskodovana-embalaza\/","url":"https:\/\/ajatutaja.com\/izdelek\/otroska-soncna-ocala-kietla-buzz-black-4-6-let-poskodovana-embalaza\/","name":"Otro\u0161ka son\u010dna o\u010dala KiETLA BuZZ - Black (4\/6 let) PO\u0160KODOVANA EMBALA\u017dA | Ajatutaja","isPartOf":{"@id":"https:\/\/ajatutaja.com\/#website"},"primaryImageOfPage":{"@id":"https:\/\/ajatutaja.com\/izdelek\/otroska-soncna-ocala-kietla-buzz-black-4-6-let-poskodovana-embalaza\/#primaryimage"},"image":{"@id":"https:\/\/ajatutaja.com\/izdelek\/otroska-soncna-ocala-kietla-buzz-black-4-6-let-poskodovana-embalaza\/#primaryimage"},"thumbnailUrl":"https:\/\/ajatutaja.com\/wp-content\/uploads\/2026\/04\/kietla-otroska-soncna-ocala-kietla-BUzz-black-1.jpg","datePublished":"2023-04-21T14:15:00+00:00","dateModified":"2026-04-21T14:26:04+00:00","description":"Otro\u0161ka son\u010dna o\u010dala KiETLA zagotavljajo popolno za\u0161\u010dito o\u010di va\u0161ega mal\u010dka. Polarizirane le\u010de kategorije 3, 100 % filter proti UV \u017earkom in dodatki (etui, trakec in torbica).","breadcrumb":{"@id":"https:\/\/ajatutaja.com\/izdelek\/otroska-soncna-ocala-kietla-buzz-black-4-6-let-poskodovana-embalaza\/#breadcrumb"},"inLanguage":"hr","potentialAction":[{"@type":"ReadAction","target":["https:\/\/ajatutaja.com\/izdelek\/otroska-soncna-ocala-kietla-buzz-black-4-6-let-poskodovana-embalaza\/"]}]},{"@type":"ImageObject","inLanguage":"hr","@id":"https:\/\/ajatutaja.com\/izdelek\/otroska-soncna-ocala-kietla-buzz-black-4-6-let-poskodovana-embalaza\/#primaryimage","url":"https:\/\/ajatutaja.com\/wp-content\/uploads\/2026\/04\/kietla-otroska-soncna-ocala-kietla-BUzz-black-1.jpg","contentUrl":"https:\/\/ajatutaja.com\/wp-content\/uploads\/2026\/04\/kietla-otroska-soncna-ocala-kietla-BUzz-black-1.jpg","width":458,"height":458},{"@type":"BreadcrumbList","@id":"https:\/\/ajatutaja.com\/izdelek\/otroska-soncna-ocala-kietla-buzz-black-4-6-let-poskodovana-embalaza\/#breadcrumb","itemListElement":[{"@type":"ListItem","position":1,"name":"Home","item":"https:\/\/ajatutaja.com\/hr\/"},{"@type":"ListItem","position":2,"name":"Trgovina","item":"https:\/\/ajatutaja.com\/hr\/trgovina\/"},{"@type":"ListItem","position":3,"name":"Otro\u0161ka son\u010dna o\u010dala KiETLA BuZZ &#8211; Black (4\/6 let) PO\u0160KODOVANA EMBALA\u017dA"}]},{"@type":"WebSite","@id":"https:\/\/ajatutaja.com\/#website","url":"https:\/\/ajatutaja.com\/","name":"Ajatutaja","description":"Otro\u0161ka spletna trgovina AJATUTAJA","publisher":{"@id":"https:\/\/ajatutaja.com\/#organization"},"potentialAction":[{"@type":"SearchAction","target":{"@type":"EntryPoint","urlTemplate":"https:\/\/ajatutaja.com\/?s={search_term_string}"},"query-input":{"@type":"PropertyValueSpecification","valueRequired":true,"valueName":"search_term_string"}}],"inLanguage":"hr"},{"@type":"Organization","@id":"https:\/\/ajatutaja.com\/#organization","name":"Ajatutaja","url":"https:\/\/ajatutaja.com\/","logo":{"@type":"ImageObject","inLanguage":"hr","@id":"https:\/\/ajatutaja.com\/#\/schema\/logo\/image\/","url":"https:\/\/ajatutaja.com\/wp-content\/uploads\/2021\/10\/logo.png","contentUrl":"https:\/\/ajatutaja.com\/wp-content\/uploads\/2021\/10\/logo.png","width":555,"height":150,"caption":"Ajatutaja"},"image":{"@id":"https:\/\/ajatutaja.com\/#\/schema\/logo\/image\/"}}]}},"brands":[{"id":4925,"name":"Ki ET LA","slug":"ki-et-la"},{"id":2696,"name":"Moda","slug":"moda"}],"_links":{"self":[{"href":"https:\/\/ajatutaja.com\/hr\/wp-json\/wp\/v2\/product\/88374","targetHints":{"allow":["GET"]}}],"collection":[{"href":"https:\/\/ajatutaja.com\/hr\/wp-json\/wp\/v2\/product"}],"about":[{"href":"https:\/\/ajatutaja.com\/hr\/wp-json\/wp\/v2\/types\/product"}],"wp:featuredmedia":[{"embeddable":true,"href":"https:\/\/ajatutaja.com\/hr\/wp-json\/wp\/v2\/media\/88375"}],"wp:attachment":[{"href":"https:\/\/ajatutaja.com\/hr\/wp-json\/wp\/v2\/media?parent=88374"}],"wp:term":[{"taxonomy":"pwb-brand","embeddable":true,"href":"https:\/\/ajatutaja.com\/hr\/wp-json\/wp\/v2\/pwb-brand?post=88374"},{"taxonomy":"product_brand","embeddable":true,"href":"https:\/\/ajatutaja.com\/hr\/wp-json\/wp\/v2\/product_brand?post=88374"},{"taxonomy":"product_cat","embeddable":true,"href":"https:\/\/ajatutaja.com\/hr\/wp-json\/wp\/v2\/product_cat?post=88374"},{"taxonomy":"product_tag","embeddable":true,"href":"https:\/\/ajatutaja.com\/hr\/wp-json\/wp\/v2\/product_tag?post=88374"}],"curies":[{"name":"wp","href":"https:\/\/api.w.org\/{rel}","templated":true}]}}