{"id":88070,"date":"2026-03-04T16:49:24","date_gmt":"2026-03-04T15:49:24","guid":{"rendered":"https:\/\/ajatutaja.com\/?post_type=product&#038;p=88070"},"modified":"2026-04-09T20:07:53","modified_gmt":"2026-04-09T18:07:53","slug":"prstne-lutke-lilliputiens-rdeca-kapica","status":"publish","type":"product","link":"https:\/\/ajatutaja.com\/hr\/proizvod\/prstne-lutke-lilliputiens-rdeca-kapica\/","title":{"rendered":"Prstne lutke Lilliputiens &#8211; Rde\u010da kapica"},"content":{"rendered":"<p>[vc_row][vc_column][vc_column_text]Pravljico o Rde\u010di kapici ste svojemu mal\u010dku zagotovo \u017ee pripovedovali \u2013 zdaj pa je \u010das, da jo skupaj o\u017eivite na povsem nov na\u010din s prstnimi lutkami Lilliputiens.<\/p>\n<p>Prstne lutke Rde\u010da kapica Lilliputiens so \u010dudovit komplet za pripovedovanje ene najbolj priljubljenih otro\u0161kih pravljic. Mehke in barvite lutke predstavljajo klju\u010dne like iz zgodbe \u2013 Rde\u010do kapico, babico in volka \u2013 ter otrokom omogo\u010dajo, da pravljico o\u017eivijo kar na svojih prstih.<\/p>\n<p>Izdelane so iz mehkih, varnih in kakovostnih materialov, primernih za majhne ro\u010dice. Zaradi svoje velikosti so idealne za igro doma, na poti ali kot zabavna popestritev pred spanjem. Prstne lutke Lilliputiens Rde\u010da kapica so tudi odli\u010dna ideja za <strong data-start=\"994\" data-end=\"1004\">darilo<\/strong>, ki zdru\u017euje zabavo, u\u010denje in brez\u010dasno pravljico.<\/p>\n<h4>Prikupne prstne lutke Lilliputiens imajo naslednje lastnosti:<\/h4>\n<ul>\n<li>V kompletu 4 pravlji\u010dne junake zgodbice Rde\u010da kapica<\/li>\n<li>Pripovedovalna lutka spodbuja domi\u0161ljijsko igro in pripovedovanje<\/li>\n<li>Razvija govor in izra\u017eanje pri otrocih<\/li>\n<li>Krepi \u010dustveno razumevanje in igro vlog<\/li>\n<li>Dimenzije: 8.5 x 5.5 cm<\/li>\n<li>Primerna za otroke starosti 12m+<\/li>\n<li>Material: 100% poliester<\/li>\n<li>Navodila za vzdr\u017eevanje: Dovoljeno pranje v pralnem stroju pri 30\u00b0C.<\/li>\n<\/ul>\n<p>[\/vc_column_text][\/vc_column][\/vc_row]<\/p>\n","protected":false},"excerpt":{"rendered":"<p>S pomo\u010djo ljubkih prstnih lutk Lilliputiens, se mal\u010dek nau\u010di zgodbico o Rde\u010di kapici skozi igro. V kompletu so vsi 4 glavni junaki te priljubljene pravljice.<\/p>\n","protected":false},"featured_media":88071,"template":"","meta":[],"pwb-brand":[6375],"product_brand":[],"product_cat":[3989,5072,2716,2448,5064],"product_tag":[5107,5108],"class_list":{"0":"post-88070","1":"product","2":"type-product","3":"status-publish","4":"has-post-thumbnail","6":"pwb-brand-lilliputiens","7":"product_cat-12-mesecev-igrace","8":"product_cat-bozicna-darila","9":"product_cat-darilo-do-30e","10":"product_cat-igranje-vlog","11":"product_cat-mehke-in-plisaste-igrace","12":"product_tag-lilliputiens","13":"product_tag-rdeca-kapica","15":"first","16":"instock","17":"taxable","18":"shipping-taxable","19":"purchasable","20":"product-type-simple","21":"add-to-wishlist-before_image"},"yoast_head":"<!-- This site is optimized with the Yoast SEO plugin v27.3 - https:\/\/yoast.com\/product\/yoast-seo-wordpress\/ -->\n<title>Prstne lutke Lilliputiens - Rde\u010da kapica | Ajatutaja<\/title>\n<meta name=\"description\" content=\"S pomo\u010djo ljubkih prstnih lutk Lilliputiens, se mal\u010dek nau\u010di zgodbico o Rde\u010di kapici skozi igro. V kompletu so vsi 4 glavni junaki te priljubljene pravljice.\" \/>\n<meta name=\"robots\" content=\"index, follow, max-snippet:-1, max-image-preview:large, max-video-preview:-1\" \/>\n<link rel=\"canonical\" href=\"https:\/\/ajatutaja.com\/izdelek\/prstne-lutke-lilliputiens-rdeca-kapica\/\" \/>\n<meta property=\"og:locale\" content=\"hr_HR\" \/>\n<meta property=\"og:type\" content=\"article\" \/>\n<meta property=\"og:title\" content=\"Prstne lutke Lilliputiens - Rde\u010da kapica | Ajatutaja\" \/>\n<meta property=\"og:description\" content=\"S pomo\u010djo ljubkih prstnih lutk Lilliputiens, se mal\u010dek nau\u010di zgodbico o Rde\u010di kapici skozi igro. V kompletu so vsi 4 glavni junaki te priljubljene pravljice.\" \/>\n<meta property=\"og:url\" content=\"https:\/\/ajatutaja.com\/izdelek\/prstne-lutke-lilliputiens-rdeca-kapica\/\" \/>\n<meta property=\"og:site_name\" content=\"Ajatutaja\" \/>\n<meta property=\"article:modified_time\" content=\"2026-04-09T18:07:53+00:00\" \/>\n<meta property=\"og:image\" content=\"https:\/\/ajatutaja.com\/wp-content\/uploads\/2026\/04\/Lilliputiens-prstne-lutke-rdeca-kapica-ajatutaja-0.jpg\" \/>\n\t<meta property=\"og:image:width\" content=\"800\" \/>\n\t<meta property=\"og:image:height\" content=\"1200\" \/>\n\t<meta property=\"og:image:type\" content=\"image\/jpeg\" \/>\n<meta name=\"twitter:card\" content=\"summary_large_image\" \/>\n<meta name=\"twitter:label1\" content=\"Procijenjeno vrijeme \u010ditanja\" \/>\n\t<meta name=\"twitter:data1\" content=\"1 minuta\" \/>\n<script type=\"application\/ld+json\" class=\"yoast-schema-graph\">{\"@context\":\"https:\\\/\\\/schema.org\",\"@graph\":[{\"@type\":\"WebPage\",\"@id\":\"https:\\\/\\\/ajatutaja.com\\\/izdelek\\\/prstne-lutke-lilliputiens-rdeca-kapica\\\/\",\"url\":\"https:\\\/\\\/ajatutaja.com\\\/izdelek\\\/prstne-lutke-lilliputiens-rdeca-kapica\\\/\",\"name\":\"Prstne lutke Lilliputiens - Rde\u010da kapica | Ajatutaja\",\"isPartOf\":{\"@id\":\"https:\\\/\\\/ajatutaja.com\\\/#website\"},\"primaryImageOfPage\":{\"@id\":\"https:\\\/\\\/ajatutaja.com\\\/izdelek\\\/prstne-lutke-lilliputiens-rdeca-kapica\\\/#primaryimage\"},\"image\":{\"@id\":\"https:\\\/\\\/ajatutaja.com\\\/izdelek\\\/prstne-lutke-lilliputiens-rdeca-kapica\\\/#primaryimage\"},\"thumbnailUrl\":\"https:\\\/\\\/ajatutaja.com\\\/wp-content\\\/uploads\\\/2026\\\/04\\\/Lilliputiens-prstne-lutke-rdeca-kapica-ajatutaja-0.jpg\",\"datePublished\":\"2026-03-04T15:49:24+00:00\",\"dateModified\":\"2026-04-09T18:07:53+00:00\",\"description\":\"S pomo\u010djo ljubkih prstnih lutk Lilliputiens, se mal\u010dek nau\u010di zgodbico o Rde\u010di kapici skozi igro. V kompletu so vsi 4 glavni junaki te priljubljene pravljice.\",\"breadcrumb\":{\"@id\":\"https:\\\/\\\/ajatutaja.com\\\/izdelek\\\/prstne-lutke-lilliputiens-rdeca-kapica\\\/#breadcrumb\"},\"inLanguage\":\"hr\",\"potentialAction\":[{\"@type\":\"ReadAction\",\"target\":[\"https:\\\/\\\/ajatutaja.com\\\/izdelek\\\/prstne-lutke-lilliputiens-rdeca-kapica\\\/\"]}]},{\"@type\":\"ImageObject\",\"inLanguage\":\"hr\",\"@id\":\"https:\\\/\\\/ajatutaja.com\\\/izdelek\\\/prstne-lutke-lilliputiens-rdeca-kapica\\\/#primaryimage\",\"url\":\"https:\\\/\\\/ajatutaja.com\\\/wp-content\\\/uploads\\\/2026\\\/04\\\/Lilliputiens-prstne-lutke-rdeca-kapica-ajatutaja-0.jpg\",\"contentUrl\":\"https:\\\/\\\/ajatutaja.com\\\/wp-content\\\/uploads\\\/2026\\\/04\\\/Lilliputiens-prstne-lutke-rdeca-kapica-ajatutaja-0.jpg\",\"width\":800,\"height\":1200},{\"@type\":\"BreadcrumbList\",\"@id\":\"https:\\\/\\\/ajatutaja.com\\\/izdelek\\\/prstne-lutke-lilliputiens-rdeca-kapica\\\/#breadcrumb\",\"itemListElement\":[{\"@type\":\"ListItem\",\"position\":1,\"name\":\"Home\",\"item\":\"https:\\\/\\\/ajatutaja.com\\\/hr\\\/\"},{\"@type\":\"ListItem\",\"position\":2,\"name\":\"Trgovina\",\"item\":\"https:\\\/\\\/ajatutaja.com\\\/hr\\\/trgovina\\\/\"},{\"@type\":\"ListItem\",\"position\":3,\"name\":\"Prstne lutke Lilliputiens &#8211; Rde\u010da kapica\"}]},{\"@type\":\"WebSite\",\"@id\":\"https:\\\/\\\/ajatutaja.com\\\/#website\",\"url\":\"https:\\\/\\\/ajatutaja.com\\\/\",\"name\":\"Ajatutaja\",\"description\":\"Otro\u0161ka spletna trgovina AJATUTAJA\",\"publisher\":{\"@id\":\"https:\\\/\\\/ajatutaja.com\\\/#organization\"},\"potentialAction\":[{\"@type\":\"SearchAction\",\"target\":{\"@type\":\"EntryPoint\",\"urlTemplate\":\"https:\\\/\\\/ajatutaja.com\\\/?s={search_term_string}\"},\"query-input\":{\"@type\":\"PropertyValueSpecification\",\"valueRequired\":true,\"valueName\":\"search_term_string\"}}],\"inLanguage\":\"hr\"},{\"@type\":\"Organization\",\"@id\":\"https:\\\/\\\/ajatutaja.com\\\/#organization\",\"name\":\"Ajatutaja\",\"url\":\"https:\\\/\\\/ajatutaja.com\\\/\",\"logo\":{\"@type\":\"ImageObject\",\"inLanguage\":\"hr\",\"@id\":\"https:\\\/\\\/ajatutaja.com\\\/#\\\/schema\\\/logo\\\/image\\\/\",\"url\":\"https:\\\/\\\/ajatutaja.com\\\/wp-content\\\/uploads\\\/2021\\\/10\\\/logo.png\",\"contentUrl\":\"https:\\\/\\\/ajatutaja.com\\\/wp-content\\\/uploads\\\/2021\\\/10\\\/logo.png\",\"width\":555,\"height\":150,\"caption\":\"Ajatutaja\"},\"image\":{\"@id\":\"https:\\\/\\\/ajatutaja.com\\\/#\\\/schema\\\/logo\\\/image\\\/\"}}]}<\/script>\n<!-- \/ Yoast SEO plugin. -->","yoast_head_json":{"title":"Prstne lutke Lilliputiens - Rde\u010da kapica | Ajatutaja","description":"S pomo\u010djo ljubkih prstnih lutk Lilliputiens, se mal\u010dek nau\u010di zgodbico o Rde\u010di kapici skozi igro. V kompletu so vsi 4 glavni junaki te priljubljene pravljice.","robots":{"index":"index","follow":"follow","max-snippet":"max-snippet:-1","max-image-preview":"max-image-preview:large","max-video-preview":"max-video-preview:-1"},"canonical":"https:\/\/ajatutaja.com\/izdelek\/prstne-lutke-lilliputiens-rdeca-kapica\/","og_locale":"hr_HR","og_type":"article","og_title":"Prstne lutke Lilliputiens - Rde\u010da kapica | Ajatutaja","og_description":"S pomo\u010djo ljubkih prstnih lutk Lilliputiens, se mal\u010dek nau\u010di zgodbico o Rde\u010di kapici skozi igro. V kompletu so vsi 4 glavni junaki te priljubljene pravljice.","og_url":"https:\/\/ajatutaja.com\/izdelek\/prstne-lutke-lilliputiens-rdeca-kapica\/","og_site_name":"Ajatutaja","article_modified_time":"2026-04-09T18:07:53+00:00","og_image":[{"width":800,"height":1200,"url":"https:\/\/ajatutaja.com\/wp-content\/uploads\/2026\/04\/Lilliputiens-prstne-lutke-rdeca-kapica-ajatutaja-0.jpg","type":"image\/jpeg"}],"twitter_card":"summary_large_image","twitter_misc":{"Procijenjeno vrijeme \u010ditanja":"1 minuta"},"schema":{"@context":"https:\/\/schema.org","@graph":[{"@type":"WebPage","@id":"https:\/\/ajatutaja.com\/izdelek\/prstne-lutke-lilliputiens-rdeca-kapica\/","url":"https:\/\/ajatutaja.com\/izdelek\/prstne-lutke-lilliputiens-rdeca-kapica\/","name":"Prstne lutke Lilliputiens - Rde\u010da kapica | Ajatutaja","isPartOf":{"@id":"https:\/\/ajatutaja.com\/#website"},"primaryImageOfPage":{"@id":"https:\/\/ajatutaja.com\/izdelek\/prstne-lutke-lilliputiens-rdeca-kapica\/#primaryimage"},"image":{"@id":"https:\/\/ajatutaja.com\/izdelek\/prstne-lutke-lilliputiens-rdeca-kapica\/#primaryimage"},"thumbnailUrl":"https:\/\/ajatutaja.com\/wp-content\/uploads\/2026\/04\/Lilliputiens-prstne-lutke-rdeca-kapica-ajatutaja-0.jpg","datePublished":"2026-03-04T15:49:24+00:00","dateModified":"2026-04-09T18:07:53+00:00","description":"S pomo\u010djo ljubkih prstnih lutk Lilliputiens, se mal\u010dek nau\u010di zgodbico o Rde\u010di kapici skozi igro. V kompletu so vsi 4 glavni junaki te priljubljene pravljice.","breadcrumb":{"@id":"https:\/\/ajatutaja.com\/izdelek\/prstne-lutke-lilliputiens-rdeca-kapica\/#breadcrumb"},"inLanguage":"hr","potentialAction":[{"@type":"ReadAction","target":["https:\/\/ajatutaja.com\/izdelek\/prstne-lutke-lilliputiens-rdeca-kapica\/"]}]},{"@type":"ImageObject","inLanguage":"hr","@id":"https:\/\/ajatutaja.com\/izdelek\/prstne-lutke-lilliputiens-rdeca-kapica\/#primaryimage","url":"https:\/\/ajatutaja.com\/wp-content\/uploads\/2026\/04\/Lilliputiens-prstne-lutke-rdeca-kapica-ajatutaja-0.jpg","contentUrl":"https:\/\/ajatutaja.com\/wp-content\/uploads\/2026\/04\/Lilliputiens-prstne-lutke-rdeca-kapica-ajatutaja-0.jpg","width":800,"height":1200},{"@type":"BreadcrumbList","@id":"https:\/\/ajatutaja.com\/izdelek\/prstne-lutke-lilliputiens-rdeca-kapica\/#breadcrumb","itemListElement":[{"@type":"ListItem","position":1,"name":"Home","item":"https:\/\/ajatutaja.com\/hr\/"},{"@type":"ListItem","position":2,"name":"Trgovina","item":"https:\/\/ajatutaja.com\/hr\/trgovina\/"},{"@type":"ListItem","position":3,"name":"Prstne lutke Lilliputiens &#8211; Rde\u010da kapica"}]},{"@type":"WebSite","@id":"https:\/\/ajatutaja.com\/#website","url":"https:\/\/ajatutaja.com\/","name":"Ajatutaja","description":"Otro\u0161ka spletna trgovina AJATUTAJA","publisher":{"@id":"https:\/\/ajatutaja.com\/#organization"},"potentialAction":[{"@type":"SearchAction","target":{"@type":"EntryPoint","urlTemplate":"https:\/\/ajatutaja.com\/?s={search_term_string}"},"query-input":{"@type":"PropertyValueSpecification","valueRequired":true,"valueName":"search_term_string"}}],"inLanguage":"hr"},{"@type":"Organization","@id":"https:\/\/ajatutaja.com\/#organization","name":"Ajatutaja","url":"https:\/\/ajatutaja.com\/","logo":{"@type":"ImageObject","inLanguage":"hr","@id":"https:\/\/ajatutaja.com\/#\/schema\/logo\/image\/","url":"https:\/\/ajatutaja.com\/wp-content\/uploads\/2021\/10\/logo.png","contentUrl":"https:\/\/ajatutaja.com\/wp-content\/uploads\/2021\/10\/logo.png","width":555,"height":150,"caption":"Ajatutaja"},"image":{"@id":"https:\/\/ajatutaja.com\/#\/schema\/logo\/image\/"}}]}},"brands":[{"id":6375,"name":"Lilliputiens","slug":"lilliputiens"}],"_links":{"self":[{"href":"https:\/\/ajatutaja.com\/hr\/wp-json\/wp\/v2\/product\/88070","targetHints":{"allow":["GET"]}}],"collection":[{"href":"https:\/\/ajatutaja.com\/hr\/wp-json\/wp\/v2\/product"}],"about":[{"href":"https:\/\/ajatutaja.com\/hr\/wp-json\/wp\/v2\/types\/product"}],"wp:featuredmedia":[{"embeddable":true,"href":"https:\/\/ajatutaja.com\/hr\/wp-json\/wp\/v2\/media\/88071"}],"wp:attachment":[{"href":"https:\/\/ajatutaja.com\/hr\/wp-json\/wp\/v2\/media?parent=88070"}],"wp:term":[{"taxonomy":"pwb-brand","embeddable":true,"href":"https:\/\/ajatutaja.com\/hr\/wp-json\/wp\/v2\/pwb-brand?post=88070"},{"taxonomy":"product_brand","embeddable":true,"href":"https:\/\/ajatutaja.com\/hr\/wp-json\/wp\/v2\/product_brand?post=88070"},{"taxonomy":"product_cat","embeddable":true,"href":"https:\/\/ajatutaja.com\/hr\/wp-json\/wp\/v2\/product_cat?post=88070"},{"taxonomy":"product_tag","embeddable":true,"href":"https:\/\/ajatutaja.com\/hr\/wp-json\/wp\/v2\/product_tag?post=88070"}],"curies":[{"name":"wp","href":"https:\/\/api.w.org\/{rel}","templated":true}]}}