{"id":88051,"date":"2026-03-04T16:38:25","date_gmt":"2026-03-04T15:38:25","guid":{"rendered":"https:\/\/ajatutaja.com\/?post_type=product&#038;p=88051"},"modified":"2026-04-16T15:09:42","modified_gmt":"2026-04-16T13:09:42","slug":"obojestranska-pripovedovalna-lutka-lilliputiens-rdeca-kapica","status":"publish","type":"product","link":"https:\/\/ajatutaja.com\/hr\/proizvod\/obojestranska-pripovedovalna-lutka-lilliputiens-rdeca-kapica\/","title":{"rendered":"Obojestranska pripovedovalna lutka Lilliputiens &#8211; Rde\u010da kapica"},"content":{"rendered":"<p>[vc_row][vc_column][vc_column_text]Pravljico o Rde\u010di kapici ste svojemu mal\u010dku zagotovo \u017ee pripovedovali \u2013 zdaj pa je \u010das, da jo skupaj o\u017eivite na povsem nov na\u010din z obojestransko lutko Lilliputiens.<\/p>\n<p>Ta \u010darobna pripovedovalna lutka vas ne\u017eno vodi skozi zgodbo: ilustracije na krilu Rde\u010de kapice pomagajo slediti pravljici, medtem ko z enostavnim obratom lutke odkrijete nove like. Ko pride trenutek za obisk pri babici, lutko preprosto obrnete\u2026 in hop \u2013 \u017ee se pojavi babica. A previdno \u2013 kmalu za njo pokuka tudi volk!<\/p>\n<p>Lutka zdru\u017euje tri like v eni igra\u010di, kar omogo\u010da dinami\u010dno in zabavno pripovedovanje ter spodbuja otroka k aktivnemu sodelovanju. Najprej zgodbo pripovedujte vi, nato pa dovolite, da jo va\u0161 mal\u010dek ustvari po svoje \u2013 presene\u010deni boste nad njegovo domi\u0161ljijo in na\u010dinom dojemanja sveta.<\/p>\n<h4>Prikupna razvojna igra\u010da Lilliputiens ima naslednje lastnosti:<\/h4>\n<ul>\n<li>Mehka obojestranska pun\u010dka skriva like pravljice Rde\u010da kapica<\/li>\n<li>Slikice na krilu Rde\u010de kapice vodijo otroka skozi pravljico<\/li>\n<li>Pripovedovalna lutka spodbuja domi\u0161ljijsko igro in pripovedovanje<\/li>\n<li>Razvija govor in izra\u017eanje pri otrocih<\/li>\n<li>Krepi \u010dustveno razumevanje in igro vlog<\/li>\n<li>Dimenzije: 23 x 10 x 26 cm<\/li>\n<li>Primerna za otroke starosti 12m+<\/li>\n<li>Material: 100% poliester<\/li>\n<li>Navodila za vzdr\u017eevanje: Dovoljeno pranje v pralnem stroju pri 30\u00b0C.<\/li>\n<\/ul>\n<p>[\/vc_column_text][\/vc_column][\/vc_row]<\/p>\n","protected":false},"excerpt":{"rendered":"<p>S pomo\u010djo te ljubke pripovedovalne lutke Lilliputiens, se mal\u010dek nau\u010di zgodbico o Rde\u010di kapici skozi igro. Obojestranska pun\u010dka skriva vse 3 glavne like te priljubljene pravljice.<\/p>\n","protected":false},"featured_media":88062,"template":"","meta":[],"pwb-brand":[6375],"product_brand":[],"product_cat":[3989,5072,2716,2448,5064],"product_tag":[5107,5108],"class_list":{"0":"post-88051","1":"product","2":"type-product","3":"status-publish","4":"has-post-thumbnail","6":"pwb-brand-lilliputiens","7":"product_cat-12-mesecev-igrace","8":"product_cat-bozicna-darila","9":"product_cat-darilo-do-30e","10":"product_cat-igranje-vlog","11":"product_cat-mehke-in-plisaste-igrace","12":"product_tag-lilliputiens","13":"product_tag-rdeca-kapica","15":"first","16":"instock","17":"taxable","18":"shipping-taxable","19":"purchasable","20":"product-type-simple","21":"add-to-wishlist-before_image"},"yoast_head":"<!-- This site is optimized with the Yoast SEO plugin v27.3 - https:\/\/yoast.com\/product\/yoast-seo-wordpress\/ -->\n<title>Obojestranska pripovedovalna lutka Lilliputiens - Rde\u010da kapica | Ajatutaja<\/title>\n<meta name=\"description\" content=\"S pomo\u010djo te ljubke pripovedovalne lutke Lilliputiens, se mal\u010dek nau\u010di zgodbico o Rde\u010di kapici skozi igro. Obojestranska pun\u010dka skriva vse 4 like te priljubljene pravljice.\" \/>\n<meta name=\"robots\" content=\"index, follow, max-snippet:-1, max-image-preview:large, max-video-preview:-1\" \/>\n<link rel=\"canonical\" href=\"https:\/\/ajatutaja.com\/izdelek\/obojestranska-pripovedovalna-lutka-lilliputiens-rdeca-kapica\/\" \/>\n<meta property=\"og:locale\" content=\"hr_HR\" \/>\n<meta property=\"og:type\" content=\"article\" \/>\n<meta property=\"og:title\" content=\"Obojestranska pripovedovalna lutka Lilliputiens - Rde\u010da kapica | Ajatutaja\" \/>\n<meta property=\"og:description\" content=\"S pomo\u010djo te ljubke pripovedovalne lutke Lilliputiens, se mal\u010dek nau\u010di zgodbico o Rde\u010di kapici skozi igro. Obojestranska pun\u010dka skriva vse 4 like te priljubljene pravljice.\" \/>\n<meta property=\"og:url\" content=\"https:\/\/ajatutaja.com\/izdelek\/obojestranska-pripovedovalna-lutka-lilliputiens-rdeca-kapica\/\" \/>\n<meta property=\"og:site_name\" content=\"Ajatutaja\" \/>\n<meta property=\"article:modified_time\" content=\"2026-04-16T13:09:42+00:00\" \/>\n<meta property=\"og:image\" content=\"https:\/\/ajatutaja.com\/wp-content\/uploads\/2026\/04\/Lilliputiens-pripovedovalna-lutka-rdeca-kapica-ajatutaja-6.webp\" \/>\n\t<meta property=\"og:image:width\" content=\"900\" \/>\n\t<meta property=\"og:image:height\" content=\"900\" \/>\n\t<meta property=\"og:image:type\" content=\"image\/webp\" \/>\n<meta name=\"twitter:card\" content=\"summary_large_image\" \/>\n<meta name=\"twitter:label1\" content=\"Procijenjeno vrijeme \u010ditanja\" \/>\n\t<meta name=\"twitter:data1\" content=\"1 minuta\" \/>\n<script type=\"application\/ld+json\" class=\"yoast-schema-graph\">{\"@context\":\"https:\\\/\\\/schema.org\",\"@graph\":[{\"@type\":\"WebPage\",\"@id\":\"https:\\\/\\\/ajatutaja.com\\\/izdelek\\\/obojestranska-pripovedovalna-lutka-lilliputiens-rdeca-kapica\\\/\",\"url\":\"https:\\\/\\\/ajatutaja.com\\\/izdelek\\\/obojestranska-pripovedovalna-lutka-lilliputiens-rdeca-kapica\\\/\",\"name\":\"Obojestranska pripovedovalna lutka Lilliputiens - Rde\u010da kapica | Ajatutaja\",\"isPartOf\":{\"@id\":\"https:\\\/\\\/ajatutaja.com\\\/#website\"},\"primaryImageOfPage\":{\"@id\":\"https:\\\/\\\/ajatutaja.com\\\/izdelek\\\/obojestranska-pripovedovalna-lutka-lilliputiens-rdeca-kapica\\\/#primaryimage\"},\"image\":{\"@id\":\"https:\\\/\\\/ajatutaja.com\\\/izdelek\\\/obojestranska-pripovedovalna-lutka-lilliputiens-rdeca-kapica\\\/#primaryimage\"},\"thumbnailUrl\":\"https:\\\/\\\/ajatutaja.com\\\/wp-content\\\/uploads\\\/2026\\\/04\\\/Lilliputiens-pripovedovalna-lutka-rdeca-kapica-ajatutaja-6.webp\",\"datePublished\":\"2026-03-04T15:38:25+00:00\",\"dateModified\":\"2026-04-16T13:09:42+00:00\",\"description\":\"S pomo\u010djo te ljubke pripovedovalne lutke Lilliputiens, se mal\u010dek nau\u010di zgodbico o Rde\u010di kapici skozi igro. Obojestranska pun\u010dka skriva vse 4 like te priljubljene pravljice.\",\"breadcrumb\":{\"@id\":\"https:\\\/\\\/ajatutaja.com\\\/izdelek\\\/obojestranska-pripovedovalna-lutka-lilliputiens-rdeca-kapica\\\/#breadcrumb\"},\"inLanguage\":\"hr\",\"potentialAction\":[{\"@type\":\"ReadAction\",\"target\":[\"https:\\\/\\\/ajatutaja.com\\\/izdelek\\\/obojestranska-pripovedovalna-lutka-lilliputiens-rdeca-kapica\\\/\"]}]},{\"@type\":\"ImageObject\",\"inLanguage\":\"hr\",\"@id\":\"https:\\\/\\\/ajatutaja.com\\\/izdelek\\\/obojestranska-pripovedovalna-lutka-lilliputiens-rdeca-kapica\\\/#primaryimage\",\"url\":\"https:\\\/\\\/ajatutaja.com\\\/wp-content\\\/uploads\\\/2026\\\/04\\\/Lilliputiens-pripovedovalna-lutka-rdeca-kapica-ajatutaja-6.webp\",\"contentUrl\":\"https:\\\/\\\/ajatutaja.com\\\/wp-content\\\/uploads\\\/2026\\\/04\\\/Lilliputiens-pripovedovalna-lutka-rdeca-kapica-ajatutaja-6.webp\",\"width\":900,\"height\":900},{\"@type\":\"BreadcrumbList\",\"@id\":\"https:\\\/\\\/ajatutaja.com\\\/izdelek\\\/obojestranska-pripovedovalna-lutka-lilliputiens-rdeca-kapica\\\/#breadcrumb\",\"itemListElement\":[{\"@type\":\"ListItem\",\"position\":1,\"name\":\"Home\",\"item\":\"https:\\\/\\\/ajatutaja.com\\\/hr\\\/\"},{\"@type\":\"ListItem\",\"position\":2,\"name\":\"Trgovina\",\"item\":\"https:\\\/\\\/ajatutaja.com\\\/hr\\\/trgovina\\\/\"},{\"@type\":\"ListItem\",\"position\":3,\"name\":\"Obojestranska pripovedovalna lutka Lilliputiens &#8211; Rde\u010da kapica\"}]},{\"@type\":\"WebSite\",\"@id\":\"https:\\\/\\\/ajatutaja.com\\\/#website\",\"url\":\"https:\\\/\\\/ajatutaja.com\\\/\",\"name\":\"Ajatutaja\",\"description\":\"Otro\u0161ka spletna trgovina AJATUTAJA\",\"publisher\":{\"@id\":\"https:\\\/\\\/ajatutaja.com\\\/#organization\"},\"potentialAction\":[{\"@type\":\"SearchAction\",\"target\":{\"@type\":\"EntryPoint\",\"urlTemplate\":\"https:\\\/\\\/ajatutaja.com\\\/?s={search_term_string}\"},\"query-input\":{\"@type\":\"PropertyValueSpecification\",\"valueRequired\":true,\"valueName\":\"search_term_string\"}}],\"inLanguage\":\"hr\"},{\"@type\":\"Organization\",\"@id\":\"https:\\\/\\\/ajatutaja.com\\\/#organization\",\"name\":\"Ajatutaja\",\"url\":\"https:\\\/\\\/ajatutaja.com\\\/\",\"logo\":{\"@type\":\"ImageObject\",\"inLanguage\":\"hr\",\"@id\":\"https:\\\/\\\/ajatutaja.com\\\/#\\\/schema\\\/logo\\\/image\\\/\",\"url\":\"https:\\\/\\\/ajatutaja.com\\\/wp-content\\\/uploads\\\/2021\\\/10\\\/logo.png\",\"contentUrl\":\"https:\\\/\\\/ajatutaja.com\\\/wp-content\\\/uploads\\\/2021\\\/10\\\/logo.png\",\"width\":555,\"height\":150,\"caption\":\"Ajatutaja\"},\"image\":{\"@id\":\"https:\\\/\\\/ajatutaja.com\\\/#\\\/schema\\\/logo\\\/image\\\/\"}}]}<\/script>\n<!-- \/ Yoast SEO plugin. -->","yoast_head_json":{"title":"Obojestranska pripovedovalna lutka Lilliputiens - Rde\u010da kapica | Ajatutaja","description":"S pomo\u010djo te ljubke pripovedovalne lutke Lilliputiens, se mal\u010dek nau\u010di zgodbico o Rde\u010di kapici skozi igro. Obojestranska pun\u010dka skriva vse 4 like te priljubljene pravljice.","robots":{"index":"index","follow":"follow","max-snippet":"max-snippet:-1","max-image-preview":"max-image-preview:large","max-video-preview":"max-video-preview:-1"},"canonical":"https:\/\/ajatutaja.com\/izdelek\/obojestranska-pripovedovalna-lutka-lilliputiens-rdeca-kapica\/","og_locale":"hr_HR","og_type":"article","og_title":"Obojestranska pripovedovalna lutka Lilliputiens - Rde\u010da kapica | Ajatutaja","og_description":"S pomo\u010djo te ljubke pripovedovalne lutke Lilliputiens, se mal\u010dek nau\u010di zgodbico o Rde\u010di kapici skozi igro. Obojestranska pun\u010dka skriva vse 4 like te priljubljene pravljice.","og_url":"https:\/\/ajatutaja.com\/izdelek\/obojestranska-pripovedovalna-lutka-lilliputiens-rdeca-kapica\/","og_site_name":"Ajatutaja","article_modified_time":"2026-04-16T13:09:42+00:00","og_image":[{"width":900,"height":900,"url":"https:\/\/ajatutaja.com\/wp-content\/uploads\/2026\/04\/Lilliputiens-pripovedovalna-lutka-rdeca-kapica-ajatutaja-6.webp","type":"image\/webp"}],"twitter_card":"summary_large_image","twitter_misc":{"Procijenjeno vrijeme \u010ditanja":"1 minuta"},"schema":{"@context":"https:\/\/schema.org","@graph":[{"@type":"WebPage","@id":"https:\/\/ajatutaja.com\/izdelek\/obojestranska-pripovedovalna-lutka-lilliputiens-rdeca-kapica\/","url":"https:\/\/ajatutaja.com\/izdelek\/obojestranska-pripovedovalna-lutka-lilliputiens-rdeca-kapica\/","name":"Obojestranska pripovedovalna lutka Lilliputiens - Rde\u010da kapica | Ajatutaja","isPartOf":{"@id":"https:\/\/ajatutaja.com\/#website"},"primaryImageOfPage":{"@id":"https:\/\/ajatutaja.com\/izdelek\/obojestranska-pripovedovalna-lutka-lilliputiens-rdeca-kapica\/#primaryimage"},"image":{"@id":"https:\/\/ajatutaja.com\/izdelek\/obojestranska-pripovedovalna-lutka-lilliputiens-rdeca-kapica\/#primaryimage"},"thumbnailUrl":"https:\/\/ajatutaja.com\/wp-content\/uploads\/2026\/04\/Lilliputiens-pripovedovalna-lutka-rdeca-kapica-ajatutaja-6.webp","datePublished":"2026-03-04T15:38:25+00:00","dateModified":"2026-04-16T13:09:42+00:00","description":"S pomo\u010djo te ljubke pripovedovalne lutke Lilliputiens, se mal\u010dek nau\u010di zgodbico o Rde\u010di kapici skozi igro. Obojestranska pun\u010dka skriva vse 4 like te priljubljene pravljice.","breadcrumb":{"@id":"https:\/\/ajatutaja.com\/izdelek\/obojestranska-pripovedovalna-lutka-lilliputiens-rdeca-kapica\/#breadcrumb"},"inLanguage":"hr","potentialAction":[{"@type":"ReadAction","target":["https:\/\/ajatutaja.com\/izdelek\/obojestranska-pripovedovalna-lutka-lilliputiens-rdeca-kapica\/"]}]},{"@type":"ImageObject","inLanguage":"hr","@id":"https:\/\/ajatutaja.com\/izdelek\/obojestranska-pripovedovalna-lutka-lilliputiens-rdeca-kapica\/#primaryimage","url":"https:\/\/ajatutaja.com\/wp-content\/uploads\/2026\/04\/Lilliputiens-pripovedovalna-lutka-rdeca-kapica-ajatutaja-6.webp","contentUrl":"https:\/\/ajatutaja.com\/wp-content\/uploads\/2026\/04\/Lilliputiens-pripovedovalna-lutka-rdeca-kapica-ajatutaja-6.webp","width":900,"height":900},{"@type":"BreadcrumbList","@id":"https:\/\/ajatutaja.com\/izdelek\/obojestranska-pripovedovalna-lutka-lilliputiens-rdeca-kapica\/#breadcrumb","itemListElement":[{"@type":"ListItem","position":1,"name":"Home","item":"https:\/\/ajatutaja.com\/hr\/"},{"@type":"ListItem","position":2,"name":"Trgovina","item":"https:\/\/ajatutaja.com\/hr\/trgovina\/"},{"@type":"ListItem","position":3,"name":"Obojestranska pripovedovalna lutka Lilliputiens &#8211; Rde\u010da kapica"}]},{"@type":"WebSite","@id":"https:\/\/ajatutaja.com\/#website","url":"https:\/\/ajatutaja.com\/","name":"Ajatutaja","description":"Otro\u0161ka spletna trgovina AJATUTAJA","publisher":{"@id":"https:\/\/ajatutaja.com\/#organization"},"potentialAction":[{"@type":"SearchAction","target":{"@type":"EntryPoint","urlTemplate":"https:\/\/ajatutaja.com\/?s={search_term_string}"},"query-input":{"@type":"PropertyValueSpecification","valueRequired":true,"valueName":"search_term_string"}}],"inLanguage":"hr"},{"@type":"Organization","@id":"https:\/\/ajatutaja.com\/#organization","name":"Ajatutaja","url":"https:\/\/ajatutaja.com\/","logo":{"@type":"ImageObject","inLanguage":"hr","@id":"https:\/\/ajatutaja.com\/#\/schema\/logo\/image\/","url":"https:\/\/ajatutaja.com\/wp-content\/uploads\/2021\/10\/logo.png","contentUrl":"https:\/\/ajatutaja.com\/wp-content\/uploads\/2021\/10\/logo.png","width":555,"height":150,"caption":"Ajatutaja"},"image":{"@id":"https:\/\/ajatutaja.com\/#\/schema\/logo\/image\/"}}]}},"brands":[{"id":6375,"name":"Lilliputiens","slug":"lilliputiens"}],"_links":{"self":[{"href":"https:\/\/ajatutaja.com\/hr\/wp-json\/wp\/v2\/product\/88051","targetHints":{"allow":["GET"]}}],"collection":[{"href":"https:\/\/ajatutaja.com\/hr\/wp-json\/wp\/v2\/product"}],"about":[{"href":"https:\/\/ajatutaja.com\/hr\/wp-json\/wp\/v2\/types\/product"}],"wp:featuredmedia":[{"embeddable":true,"href":"https:\/\/ajatutaja.com\/hr\/wp-json\/wp\/v2\/media\/88062"}],"wp:attachment":[{"href":"https:\/\/ajatutaja.com\/hr\/wp-json\/wp\/v2\/media?parent=88051"}],"wp:term":[{"taxonomy":"pwb-brand","embeddable":true,"href":"https:\/\/ajatutaja.com\/hr\/wp-json\/wp\/v2\/pwb-brand?post=88051"},{"taxonomy":"product_brand","embeddable":true,"href":"https:\/\/ajatutaja.com\/hr\/wp-json\/wp\/v2\/product_brand?post=88051"},{"taxonomy":"product_cat","embeddable":true,"href":"https:\/\/ajatutaja.com\/hr\/wp-json\/wp\/v2\/product_cat?post=88051"},{"taxonomy":"product_tag","embeddable":true,"href":"https:\/\/ajatutaja.com\/hr\/wp-json\/wp\/v2\/product_tag?post=88051"}],"curies":[{"name":"wp","href":"https:\/\/api.w.org\/{rel}","templated":true}]}}