{"id":88038,"date":"2026-03-04T16:46:49","date_gmt":"2026-03-04T15:46:49","guid":{"rendered":"https:\/\/ajatutaja.com\/?post_type=product&#038;p=88038"},"modified":"2026-04-09T20:08:16","modified_gmt":"2026-04-09T18:08:16","slug":"lesena-igra-vilac-gozd-prostorski-vpogled","status":"publish","type":"product","link":"https:\/\/ajatutaja.com\/hr\/proizvod\/lesena-igra-vilac-gozd-prostorski-vpogled\/","title":{"rendered":"Lesena igra Vilac &#8211; prostorski vpogled Gozd"},"content":{"rendered":"<p>[vc_row][vc_column][vc_column_text]Lesena igra prostorskega vpogleda predstavlja zabaven na\u010din u\u010denja mal\u010dkov. Naloga otroka je, da predmete postavi enako, kot prikazuje kartica in s tem gradi na svoji prostorski predstavi. To je zabavna opazovalna in spominska igra za najmlaj\u0161e, ki spodbuja koncentracijo, govor in skupno igro skozi zabavno raziskovanje.<\/p>\n<h3>Lastnosti igre Vilac Gozd:<\/h3>\n<ul>\n<li>Spodbuja kognitivni, senzori\u010dni in motori\u010dni razvoj, uri logi\u010dno mi\u0161ljenje in razvija prostorski vpogled<\/li>\n<li>Material: FSC bukov les in\u00a0 FSC vezane plo\u0161\u010de<\/li>\n<li>Dimenzije: 30 \u00d7 11 \u00d7 8 cm<\/li>\n<li>Primerno za otroke od 3 leta+<\/li>\n<li>Pravila so preprosta: postavite figurice tako, kot je prikazano na fotografiji<\/li>\n<li>Priporo\u010deno \u010di\u0161\u010denje z mehko in vla\u017eno krpo<\/li>\n<\/ul>\n<p data-start=\"753\" data-end=\"768\"><strong data-start=\"753\" data-end=\"766\">PREDNOSTI<\/strong><\/p>\n<ul data-start=\"769\" data-end=\"1019\">\n<li data-section-id=\"jqf5gv\" data-start=\"769\" data-end=\"787\">Izviren dizajn<\/li>\n<li data-section-id=\"1897ee4\" data-start=\"788\" data-end=\"809\">Edinstven koncept<\/li>\n<li data-section-id=\"3kbenu\" data-start=\"810\" data-end=\"826\">Logi\u010dna igra<\/li>\n<li data-section-id=\"131zdkl\" data-start=\"827\" data-end=\"873\">Spodbuja razmi\u0161ljanje, logiko in sklepanje<\/li>\n<li data-section-id=\"188zpqo\" data-start=\"874\" data-end=\"908\">Razvija prostorsko orientacijo<\/li>\n<li data-section-id=\"1tqffpf\" data-start=\"909\" data-end=\"937\">Izbolj\u0161uje fino motoriko<\/li>\n<li data-section-id=\"6ah4bj\" data-start=\"938\" data-end=\"965\">Spodbuja potrpe\u017eljivost<\/li>\n<li data-section-id=\"1tzx3qi\" data-start=\"966\" data-end=\"1019\">Postopno stopnjevanje te\u017eavnosti glede na starost<\/li>\n<\/ul>\n<p data-start=\"1021\" data-end=\"1034\"><strong data-start=\"1021\" data-end=\"1032\">VSEBINA<\/strong><\/p>\n<ul data-start=\"1035\" data-end=\"1183\">\n<li data-section-id=\"1au3cah\" data-start=\"1035\" data-end=\"1055\">1 lesena podlaga<\/li>\n<li data-section-id=\"f79azq\" data-start=\"1056\" data-end=\"1079\">9 lesenih elementov<\/li>\n<li data-section-id=\"2iqa6y\" data-start=\"1080\" data-end=\"1157\">60 kartic z izzivi s 3 stopnjami te\u017eavnosti (za\u010detnik, napredni, mojster)<\/li>\n<li data-section-id=\"10rilm6\" data-start=\"1158\" data-end=\"1183\">1 knji\u017eica z navodili<\/li>\n<\/ul>\n<p>\u010cudovite ilustracije priznane ilustratorke <strong data-start=\"784\" data-end=\"807\">Ingele P. Arrhenius<\/strong> otroke popeljejo v gozdni svet, poln barv in prepoznavnih motivov. Igra ima preprosta pravila in velike, trpe\u017ene elemente, ki so prilagojeni majhnim rokam. Primerna je za samostojno igro ali skupno igranje z odraslimi, kjer se u\u010denje naravno prepleta z zabavo.[\/vc_column_text][\/vc_column][\/vc_row]<\/p>\n","protected":false},"excerpt":{"rendered":"<p style=\"text-align: justify\">Z leseno igro Gozd francoskega proizvajalca Vilac, bo otrok na igriv na\u010din za\u010del razvijati prostorski vpogled z ustvarjanjem razli\u010dnih postavitev. Igra vsebuje leseno stojalo, razli\u010dne lesene like ter kartice s sli\u010dicami, ki jih je treba poustvariti.<\/p>\n","protected":false},"featured_media":88043,"template":"","meta":[],"pwb-brand":[6376],"product_brand":[],"product_cat":[3992,2441,5072,2716,2450,2362,2443,2449],"product_tag":[5671],"class_list":{"0":"post-88038","1":"product","2":"type-product","3":"status-publish","4":"has-post-thumbnail","6":"pwb-brand-vilac","7":"product_cat-3-leta-igrace","8":"product_cat-aktivnostne-igrace","9":"product_cat-bozicna-darila","10":"product_cat-darilo-do-30e","11":"product_cat-druzabne-igre","12":"product_cat-igranje","13":"product_cat-lesene-igrace","14":"product_cat-miselne-igre","15":"product_tag-vilac","17":"first","18":"instock","19":"taxable","20":"shipping-taxable","21":"purchasable","22":"product-type-simple","23":"add-to-wishlist-before_image"},"yoast_head":"<!-- This site is optimized with the Yoast SEO plugin v27.3 - https:\/\/yoast.com\/product\/yoast-seo-wordpress\/ -->\n<title>Lesena igra Vilac - prostorski vpogled Gozd | Ajatutaja<\/title>\n<meta name=\"description\" content=\"Z leseno igro Gozd francoskega proizvajalca Vilac, bo otrok na igriv na\u010din za\u010del razvijati prostorski vpogled z ustvarjanjem razli\u010dnih postavitev.\" \/>\n<meta name=\"robots\" content=\"index, follow, max-snippet:-1, max-image-preview:large, max-video-preview:-1\" \/>\n<link rel=\"canonical\" href=\"https:\/\/ajatutaja.com\/izdelek\/lesena-igra-vilac-gozd-prostorski-vpogled\/\" \/>\n<meta property=\"og:locale\" content=\"hr_HR\" \/>\n<meta property=\"og:type\" content=\"article\" \/>\n<meta property=\"og:title\" content=\"Lesena igra Vilac - prostorski vpogled Gozd | Ajatutaja\" \/>\n<meta property=\"og:description\" content=\"Z leseno igro Gozd francoskega proizvajalca Vilac, bo otrok na igriv na\u010din za\u010del razvijati prostorski vpogled z ustvarjanjem razli\u010dnih postavitev.\" \/>\n<meta property=\"og:url\" content=\"https:\/\/ajatutaja.com\/izdelek\/lesena-igra-vilac-gozd-prostorski-vpogled\/\" \/>\n<meta property=\"og:site_name\" content=\"Ajatutaja\" \/>\n<meta property=\"article:modified_time\" content=\"2026-04-09T18:08:16+00:00\" \/>\n<meta property=\"og:image\" content=\"https:\/\/ajatutaja.com\/wp-content\/uploads\/2026\/04\/Vilac-lesena-igra-gozd-prostorski-vpogled-ajatutaja-3.webp\" \/>\n\t<meta property=\"og:image:width\" content=\"900\" \/>\n\t<meta property=\"og:image:height\" content=\"900\" \/>\n\t<meta property=\"og:image:type\" content=\"image\/webp\" \/>\n<meta name=\"twitter:card\" content=\"summary_large_image\" \/>\n<meta name=\"twitter:label1\" content=\"Procijenjeno vrijeme \u010ditanja\" \/>\n\t<meta name=\"twitter:data1\" content=\"1 minuta\" \/>\n<script type=\"application\/ld+json\" class=\"yoast-schema-graph\">{\"@context\":\"https:\\\/\\\/schema.org\",\"@graph\":[{\"@type\":\"WebPage\",\"@id\":\"https:\\\/\\\/ajatutaja.com\\\/izdelek\\\/lesena-igra-vilac-gozd-prostorski-vpogled\\\/\",\"url\":\"https:\\\/\\\/ajatutaja.com\\\/izdelek\\\/lesena-igra-vilac-gozd-prostorski-vpogled\\\/\",\"name\":\"Lesena igra Vilac - prostorski vpogled Gozd | Ajatutaja\",\"isPartOf\":{\"@id\":\"https:\\\/\\\/ajatutaja.com\\\/#website\"},\"primaryImageOfPage\":{\"@id\":\"https:\\\/\\\/ajatutaja.com\\\/izdelek\\\/lesena-igra-vilac-gozd-prostorski-vpogled\\\/#primaryimage\"},\"image\":{\"@id\":\"https:\\\/\\\/ajatutaja.com\\\/izdelek\\\/lesena-igra-vilac-gozd-prostorski-vpogled\\\/#primaryimage\"},\"thumbnailUrl\":\"https:\\\/\\\/ajatutaja.com\\\/wp-content\\\/uploads\\\/2026\\\/04\\\/Vilac-lesena-igra-gozd-prostorski-vpogled-ajatutaja-3.webp\",\"datePublished\":\"2026-03-04T15:46:49+00:00\",\"dateModified\":\"2026-04-09T18:08:16+00:00\",\"description\":\"Z leseno igro Gozd francoskega proizvajalca Vilac, bo otrok na igriv na\u010din za\u010del razvijati prostorski vpogled z ustvarjanjem razli\u010dnih postavitev.\",\"breadcrumb\":{\"@id\":\"https:\\\/\\\/ajatutaja.com\\\/izdelek\\\/lesena-igra-vilac-gozd-prostorski-vpogled\\\/#breadcrumb\"},\"inLanguage\":\"hr\",\"potentialAction\":[{\"@type\":\"ReadAction\",\"target\":[\"https:\\\/\\\/ajatutaja.com\\\/izdelek\\\/lesena-igra-vilac-gozd-prostorski-vpogled\\\/\"]}]},{\"@type\":\"ImageObject\",\"inLanguage\":\"hr\",\"@id\":\"https:\\\/\\\/ajatutaja.com\\\/izdelek\\\/lesena-igra-vilac-gozd-prostorski-vpogled\\\/#primaryimage\",\"url\":\"https:\\\/\\\/ajatutaja.com\\\/wp-content\\\/uploads\\\/2026\\\/04\\\/Vilac-lesena-igra-gozd-prostorski-vpogled-ajatutaja-3.webp\",\"contentUrl\":\"https:\\\/\\\/ajatutaja.com\\\/wp-content\\\/uploads\\\/2026\\\/04\\\/Vilac-lesena-igra-gozd-prostorski-vpogled-ajatutaja-3.webp\",\"width\":900,\"height\":900},{\"@type\":\"BreadcrumbList\",\"@id\":\"https:\\\/\\\/ajatutaja.com\\\/izdelek\\\/lesena-igra-vilac-gozd-prostorski-vpogled\\\/#breadcrumb\",\"itemListElement\":[{\"@type\":\"ListItem\",\"position\":1,\"name\":\"Home\",\"item\":\"https:\\\/\\\/ajatutaja.com\\\/hr\\\/\"},{\"@type\":\"ListItem\",\"position\":2,\"name\":\"Trgovina\",\"item\":\"https:\\\/\\\/ajatutaja.com\\\/hr\\\/trgovina\\\/\"},{\"@type\":\"ListItem\",\"position\":3,\"name\":\"Lesena igra Vilac &#8211; prostorski vpogled Gozd\"}]},{\"@type\":\"WebSite\",\"@id\":\"https:\\\/\\\/ajatutaja.com\\\/#website\",\"url\":\"https:\\\/\\\/ajatutaja.com\\\/\",\"name\":\"Ajatutaja\",\"description\":\"Otro\u0161ka spletna trgovina AJATUTAJA\",\"publisher\":{\"@id\":\"https:\\\/\\\/ajatutaja.com\\\/#organization\"},\"potentialAction\":[{\"@type\":\"SearchAction\",\"target\":{\"@type\":\"EntryPoint\",\"urlTemplate\":\"https:\\\/\\\/ajatutaja.com\\\/?s={search_term_string}\"},\"query-input\":{\"@type\":\"PropertyValueSpecification\",\"valueRequired\":true,\"valueName\":\"search_term_string\"}}],\"inLanguage\":\"hr\"},{\"@type\":\"Organization\",\"@id\":\"https:\\\/\\\/ajatutaja.com\\\/#organization\",\"name\":\"Ajatutaja\",\"url\":\"https:\\\/\\\/ajatutaja.com\\\/\",\"logo\":{\"@type\":\"ImageObject\",\"inLanguage\":\"hr\",\"@id\":\"https:\\\/\\\/ajatutaja.com\\\/#\\\/schema\\\/logo\\\/image\\\/\",\"url\":\"https:\\\/\\\/ajatutaja.com\\\/wp-content\\\/uploads\\\/2021\\\/10\\\/logo.png\",\"contentUrl\":\"https:\\\/\\\/ajatutaja.com\\\/wp-content\\\/uploads\\\/2021\\\/10\\\/logo.png\",\"width\":555,\"height\":150,\"caption\":\"Ajatutaja\"},\"image\":{\"@id\":\"https:\\\/\\\/ajatutaja.com\\\/#\\\/schema\\\/logo\\\/image\\\/\"}}]}<\/script>\n<!-- \/ Yoast SEO plugin. -->","yoast_head_json":{"title":"Lesena igra Vilac - prostorski vpogled Gozd | Ajatutaja","description":"Z leseno igro Gozd francoskega proizvajalca Vilac, bo otrok na igriv na\u010din za\u010del razvijati prostorski vpogled z ustvarjanjem razli\u010dnih postavitev.","robots":{"index":"index","follow":"follow","max-snippet":"max-snippet:-1","max-image-preview":"max-image-preview:large","max-video-preview":"max-video-preview:-1"},"canonical":"https:\/\/ajatutaja.com\/izdelek\/lesena-igra-vilac-gozd-prostorski-vpogled\/","og_locale":"hr_HR","og_type":"article","og_title":"Lesena igra Vilac - prostorski vpogled Gozd | Ajatutaja","og_description":"Z leseno igro Gozd francoskega proizvajalca Vilac, bo otrok na igriv na\u010din za\u010del razvijati prostorski vpogled z ustvarjanjem razli\u010dnih postavitev.","og_url":"https:\/\/ajatutaja.com\/izdelek\/lesena-igra-vilac-gozd-prostorski-vpogled\/","og_site_name":"Ajatutaja","article_modified_time":"2026-04-09T18:08:16+00:00","og_image":[{"width":900,"height":900,"url":"https:\/\/ajatutaja.com\/wp-content\/uploads\/2026\/04\/Vilac-lesena-igra-gozd-prostorski-vpogled-ajatutaja-3.webp","type":"image\/webp"}],"twitter_card":"summary_large_image","twitter_misc":{"Procijenjeno vrijeme \u010ditanja":"1 minuta"},"schema":{"@context":"https:\/\/schema.org","@graph":[{"@type":"WebPage","@id":"https:\/\/ajatutaja.com\/izdelek\/lesena-igra-vilac-gozd-prostorski-vpogled\/","url":"https:\/\/ajatutaja.com\/izdelek\/lesena-igra-vilac-gozd-prostorski-vpogled\/","name":"Lesena igra Vilac - prostorski vpogled Gozd | Ajatutaja","isPartOf":{"@id":"https:\/\/ajatutaja.com\/#website"},"primaryImageOfPage":{"@id":"https:\/\/ajatutaja.com\/izdelek\/lesena-igra-vilac-gozd-prostorski-vpogled\/#primaryimage"},"image":{"@id":"https:\/\/ajatutaja.com\/izdelek\/lesena-igra-vilac-gozd-prostorski-vpogled\/#primaryimage"},"thumbnailUrl":"https:\/\/ajatutaja.com\/wp-content\/uploads\/2026\/04\/Vilac-lesena-igra-gozd-prostorski-vpogled-ajatutaja-3.webp","datePublished":"2026-03-04T15:46:49+00:00","dateModified":"2026-04-09T18:08:16+00:00","description":"Z leseno igro Gozd francoskega proizvajalca Vilac, bo otrok na igriv na\u010din za\u010del razvijati prostorski vpogled z ustvarjanjem razli\u010dnih postavitev.","breadcrumb":{"@id":"https:\/\/ajatutaja.com\/izdelek\/lesena-igra-vilac-gozd-prostorski-vpogled\/#breadcrumb"},"inLanguage":"hr","potentialAction":[{"@type":"ReadAction","target":["https:\/\/ajatutaja.com\/izdelek\/lesena-igra-vilac-gozd-prostorski-vpogled\/"]}]},{"@type":"ImageObject","inLanguage":"hr","@id":"https:\/\/ajatutaja.com\/izdelek\/lesena-igra-vilac-gozd-prostorski-vpogled\/#primaryimage","url":"https:\/\/ajatutaja.com\/wp-content\/uploads\/2026\/04\/Vilac-lesena-igra-gozd-prostorski-vpogled-ajatutaja-3.webp","contentUrl":"https:\/\/ajatutaja.com\/wp-content\/uploads\/2026\/04\/Vilac-lesena-igra-gozd-prostorski-vpogled-ajatutaja-3.webp","width":900,"height":900},{"@type":"BreadcrumbList","@id":"https:\/\/ajatutaja.com\/izdelek\/lesena-igra-vilac-gozd-prostorski-vpogled\/#breadcrumb","itemListElement":[{"@type":"ListItem","position":1,"name":"Home","item":"https:\/\/ajatutaja.com\/hr\/"},{"@type":"ListItem","position":2,"name":"Trgovina","item":"https:\/\/ajatutaja.com\/hr\/trgovina\/"},{"@type":"ListItem","position":3,"name":"Lesena igra Vilac &#8211; prostorski vpogled Gozd"}]},{"@type":"WebSite","@id":"https:\/\/ajatutaja.com\/#website","url":"https:\/\/ajatutaja.com\/","name":"Ajatutaja","description":"Otro\u0161ka spletna trgovina AJATUTAJA","publisher":{"@id":"https:\/\/ajatutaja.com\/#organization"},"potentialAction":[{"@type":"SearchAction","target":{"@type":"EntryPoint","urlTemplate":"https:\/\/ajatutaja.com\/?s={search_term_string}"},"query-input":{"@type":"PropertyValueSpecification","valueRequired":true,"valueName":"search_term_string"}}],"inLanguage":"hr"},{"@type":"Organization","@id":"https:\/\/ajatutaja.com\/#organization","name":"Ajatutaja","url":"https:\/\/ajatutaja.com\/","logo":{"@type":"ImageObject","inLanguage":"hr","@id":"https:\/\/ajatutaja.com\/#\/schema\/logo\/image\/","url":"https:\/\/ajatutaja.com\/wp-content\/uploads\/2021\/10\/logo.png","contentUrl":"https:\/\/ajatutaja.com\/wp-content\/uploads\/2021\/10\/logo.png","width":555,"height":150,"caption":"Ajatutaja"},"image":{"@id":"https:\/\/ajatutaja.com\/#\/schema\/logo\/image\/"}}]}},"brands":[{"id":6376,"name":"Vilac","slug":"vilac"}],"_links":{"self":[{"href":"https:\/\/ajatutaja.com\/hr\/wp-json\/wp\/v2\/product\/88038","targetHints":{"allow":["GET"]}}],"collection":[{"href":"https:\/\/ajatutaja.com\/hr\/wp-json\/wp\/v2\/product"}],"about":[{"href":"https:\/\/ajatutaja.com\/hr\/wp-json\/wp\/v2\/types\/product"}],"wp:featuredmedia":[{"embeddable":true,"href":"https:\/\/ajatutaja.com\/hr\/wp-json\/wp\/v2\/media\/88043"}],"wp:attachment":[{"href":"https:\/\/ajatutaja.com\/hr\/wp-json\/wp\/v2\/media?parent=88038"}],"wp:term":[{"taxonomy":"pwb-brand","embeddable":true,"href":"https:\/\/ajatutaja.com\/hr\/wp-json\/wp\/v2\/pwb-brand?post=88038"},{"taxonomy":"product_brand","embeddable":true,"href":"https:\/\/ajatutaja.com\/hr\/wp-json\/wp\/v2\/product_brand?post=88038"},{"taxonomy":"product_cat","embeddable":true,"href":"https:\/\/ajatutaja.com\/hr\/wp-json\/wp\/v2\/product_cat?post=88038"},{"taxonomy":"product_tag","embeddable":true,"href":"https:\/\/ajatutaja.com\/hr\/wp-json\/wp\/v2\/product_tag?post=88038"}],"curies":[{"name":"wp","href":"https:\/\/api.w.org\/{rel}","templated":true}]}}