{"id":87917,"date":"2023-11-09T09:34:36","date_gmt":"2023-11-09T08:34:36","guid":{"rendered":"https:\/\/ajatutaja.com\/?post_type=product&#038;p=87917"},"modified":"2026-04-01T10:02:44","modified_gmt":"2026-04-01T08:02:44","slug":"otroska-postelja-lip-satler-julija-120x60cm-natur","status":"publish","type":"product","link":"https:\/\/ajatutaja.com\/hr\/proizvod\/otroska-postelja-lip-satler-julija-120x60cm-natur\/","title":{"rendered":"Otro\u0161ka postelja LIP Satler JULIJA 120x60cm &#8211; Natur"},"content":{"rendered":"<p>[vc_row][vc_column][vc_column_text]<\/p>\n<p style=\"text-align: justify\">Otro\u0161ke postelje podjetja Lip Satler so rezultat slovenskega znanja in oblikovanja ter so izdelane v Sloveniji. Lip iz Polj\u010dan \u017ee ve\u010d kot 40 let oblikuje in proizvaja leseno otro\u0161ko pohi\u0161tvo. Izdelki so plod njihovih dolgoletnih izku\u0161enj.<\/p>\n<h3 style=\"text-align: justify\">Zna\u010dilnosti otro\u0161ke postelje Julija:<\/h3>\n<ul>\n<li><strong>Izdelana iz kvalitetnega bukovega lesa. <\/strong><\/li>\n<li><strong>Dobavljivo v razli\u010dnih barvah: <\/strong>bela, natur.<\/li>\n<li><strong>Pomi\u010dna stranica<\/strong>, ki jo lahko spravite pod posteljico.<\/li>\n<li><strong>Nastavljivo dno<\/strong>: 5 razli\u010dnih vi\u0161in.<\/li>\n<li><strong>PVC za\u0161\u010dita na stranicah.<\/strong><\/li>\n<li><strong>Varnostni kovinski zati\u010di<\/strong>: za namestitev otro\u0161ke posteljice k odrasli postelji.<\/li>\n<li><strong>Kolesa premera 50 mm.<\/strong><\/li>\n<li><strong>Dimenzije<\/strong>: dol\u017eina 126,5 cm \/ \u0161irina 68 cm \/ vi\u0161ina 95 cm.<\/li>\n<li><strong>Dimenzija vzmetnice<\/strong>: dol\u017eina 120 cm \/ \u0161irina: 60 cm.<\/li>\n<li><strong>Zunanje mere paketa:<\/strong> 121 x 70 x 14cm<\/li>\n<li><a href=\"https:\/\/ajatutaja.com\/wp-content\/uploads\/2016\/07\/SKM_C36820061207050.pdf\" target=\"_blank\" rel=\"noopener\"><strong>Certifikat kakovosti<\/strong><\/a><\/li>\n<li><span style=\"color: #ff6600\"><strong>VZMETNICA \/ POSTELJNINA SE PRODAJA LO\u010cENO IN NI VKLJU\u010cENA V CENO!<\/strong><\/span><\/li>\n<\/ul>\n<p>[\/vc_column_text][\/vc_column][\/vc_row]<\/p>\n","protected":false},"excerpt":{"rendered":"<p style=\"text-align: justify\">Otro\u0161ka posteljica Lip Satler JULIJA je lahko samostojna otro\u0161ka postelja ali pa prilagojena ob zakonski postelji. \u010ce \u017eelite biti celo no\u010d ob svojem mal\u010dku, enostavno spustite pomi\u010dno stranico pod dno posteljice in tako s pomo\u010djo varnostnih kovinskih zati\u010dev pritrdite posteljico k odrasli star\u0161evski postelji. Tako mamici pono\u010di ni potrebno vstajati, da bi potola\u017eila ali nahranila svojega mal\u010dka.<\/p>\n","protected":false},"featured_media":37187,"template":"","meta":[],"pwb-brand":[2615,2611],"product_brand":[],"product_cat":[2594,2595,2593],"product_tag":[4005,4003],"class_list":{"0":"post-87917","1":"product","2":"type-product","3":"status-publish","4":"has-post-thumbnail","6":"pwb-brand-lip-satler","7":"pwb-brand-spanje","8":"product_cat-otroska-sobica","9":"product_cat-otroske-postelje","10":"product_cat-spanje","11":"product_tag-120x60","12":"product_tag-lip-satler","14":"first","15":"onbackorder","16":"taxable","17":"shipping-taxable","18":"purchasable","19":"product-type-simple","20":"add-to-wishlist-before_image"},"yoast_head":"<!-- This site is optimized with the Yoast SEO plugin v27.3 - https:\/\/yoast.com\/product\/yoast-seo-wordpress\/ -->\n<title>Otro\u0161ka postelja LIP Satler JULIJA 120x60cm - Natur | Ajatutaja<\/title>\n<meta name=\"description\" content=\"Otro\u0161ka postelja Julija podjetja Lip Satler je rezultat slovenskega znanja in oblikovanja ter je izdelane v Sloveniji iz masivnega bukovega lesa.\" \/>\n<meta name=\"robots\" content=\"index, follow, max-snippet:-1, max-image-preview:large, max-video-preview:-1\" \/>\n<link rel=\"canonical\" href=\"https:\/\/ajatutaja.com\/izdelek\/otroska-postelja-lip-satler-julija-120x60cm-natur\/\" \/>\n<meta property=\"og:locale\" content=\"hr_HR\" \/>\n<meta property=\"og:type\" content=\"article\" \/>\n<meta property=\"og:title\" content=\"Otro\u0161ka postelja LIP Satler JULIJA 120x60cm - Natur | Ajatutaja\" \/>\n<meta property=\"og:description\" content=\"Otro\u0161ka postelja Julija podjetja Lip Satler je rezultat slovenskega znanja in oblikovanja ter je izdelane v Sloveniji iz masivnega bukovega lesa.\" \/>\n<meta property=\"og:url\" content=\"https:\/\/ajatutaja.com\/izdelek\/otroska-postelja-lip-satler-julija-120x60cm-natur\/\" \/>\n<meta property=\"og:site_name\" content=\"Ajatutaja\" \/>\n<meta property=\"article:modified_time\" content=\"2026-04-01T08:02:44+00:00\" \/>\n<meta property=\"og:image\" content=\"https:\/\/ajatutaja.com\/wp-content\/uploads\/2021\/11\/julija-natural-satler-lip-otroska-postelja-120x60-ajatutaja.jpg\" \/>\n\t<meta property=\"og:image:width\" content=\"705\" \/>\n\t<meta property=\"og:image:height\" content=\"705\" \/>\n\t<meta property=\"og:image:type\" content=\"image\/jpeg\" \/>\n<meta name=\"twitter:card\" content=\"summary_large_image\" \/>\n<meta name=\"twitter:label1\" content=\"Procijenjeno vrijeme \u010ditanja\" \/>\n\t<meta name=\"twitter:data1\" content=\"1 minuta\" \/>\n<script type=\"application\/ld+json\" class=\"yoast-schema-graph\">{\"@context\":\"https:\\\/\\\/schema.org\",\"@graph\":[{\"@type\":\"WebPage\",\"@id\":\"https:\\\/\\\/ajatutaja.com\\\/izdelek\\\/otroska-postelja-lip-satler-julija-120x60cm-natur\\\/\",\"url\":\"https:\\\/\\\/ajatutaja.com\\\/izdelek\\\/otroska-postelja-lip-satler-julija-120x60cm-natur\\\/\",\"name\":\"Otro\u0161ka postelja LIP Satler JULIJA 120x60cm - Natur | Ajatutaja\",\"isPartOf\":{\"@id\":\"https:\\\/\\\/ajatutaja.com\\\/#website\"},\"primaryImageOfPage\":{\"@id\":\"https:\\\/\\\/ajatutaja.com\\\/izdelek\\\/otroska-postelja-lip-satler-julija-120x60cm-natur\\\/#primaryimage\"},\"image\":{\"@id\":\"https:\\\/\\\/ajatutaja.com\\\/izdelek\\\/otroska-postelja-lip-satler-julija-120x60cm-natur\\\/#primaryimage\"},\"thumbnailUrl\":\"https:\\\/\\\/ajatutaja.com\\\/wp-content\\\/uploads\\\/2021\\\/11\\\/julija-natural-satler-lip-otroska-postelja-120x60-ajatutaja.jpg\",\"datePublished\":\"2023-11-09T08:34:36+00:00\",\"dateModified\":\"2026-04-01T08:02:44+00:00\",\"description\":\"Otro\u0161ka postelja Julija podjetja Lip Satler je rezultat slovenskega znanja in oblikovanja ter je izdelane v Sloveniji iz masivnega bukovega lesa.\",\"breadcrumb\":{\"@id\":\"https:\\\/\\\/ajatutaja.com\\\/izdelek\\\/otroska-postelja-lip-satler-julija-120x60cm-natur\\\/#breadcrumb\"},\"inLanguage\":\"hr\",\"potentialAction\":[{\"@type\":\"ReadAction\",\"target\":[\"https:\\\/\\\/ajatutaja.com\\\/izdelek\\\/otroska-postelja-lip-satler-julija-120x60cm-natur\\\/\"]}]},{\"@type\":\"ImageObject\",\"inLanguage\":\"hr\",\"@id\":\"https:\\\/\\\/ajatutaja.com\\\/izdelek\\\/otroska-postelja-lip-satler-julija-120x60cm-natur\\\/#primaryimage\",\"url\":\"https:\\\/\\\/ajatutaja.com\\\/wp-content\\\/uploads\\\/2021\\\/11\\\/julija-natural-satler-lip-otroska-postelja-120x60-ajatutaja.jpg\",\"contentUrl\":\"https:\\\/\\\/ajatutaja.com\\\/wp-content\\\/uploads\\\/2021\\\/11\\\/julija-natural-satler-lip-otroska-postelja-120x60-ajatutaja.jpg\",\"width\":705,\"height\":705},{\"@type\":\"BreadcrumbList\",\"@id\":\"https:\\\/\\\/ajatutaja.com\\\/izdelek\\\/otroska-postelja-lip-satler-julija-120x60cm-natur\\\/#breadcrumb\",\"itemListElement\":[{\"@type\":\"ListItem\",\"position\":1,\"name\":\"Home\",\"item\":\"https:\\\/\\\/ajatutaja.com\\\/hr\\\/\"},{\"@type\":\"ListItem\",\"position\":2,\"name\":\"Trgovina\",\"item\":\"https:\\\/\\\/ajatutaja.com\\\/hr\\\/trgovina\\\/\"},{\"@type\":\"ListItem\",\"position\":3,\"name\":\"Otro\u0161ka postelja LIP Satler JULIJA 120x60cm &#8211; Natur\"}]},{\"@type\":\"WebSite\",\"@id\":\"https:\\\/\\\/ajatutaja.com\\\/#website\",\"url\":\"https:\\\/\\\/ajatutaja.com\\\/\",\"name\":\"Ajatutaja\",\"description\":\"Otro\u0161ka spletna trgovina AJATUTAJA\",\"publisher\":{\"@id\":\"https:\\\/\\\/ajatutaja.com\\\/#organization\"},\"potentialAction\":[{\"@type\":\"SearchAction\",\"target\":{\"@type\":\"EntryPoint\",\"urlTemplate\":\"https:\\\/\\\/ajatutaja.com\\\/?s={search_term_string}\"},\"query-input\":{\"@type\":\"PropertyValueSpecification\",\"valueRequired\":true,\"valueName\":\"search_term_string\"}}],\"inLanguage\":\"hr\"},{\"@type\":\"Organization\",\"@id\":\"https:\\\/\\\/ajatutaja.com\\\/#organization\",\"name\":\"Ajatutaja\",\"url\":\"https:\\\/\\\/ajatutaja.com\\\/\",\"logo\":{\"@type\":\"ImageObject\",\"inLanguage\":\"hr\",\"@id\":\"https:\\\/\\\/ajatutaja.com\\\/#\\\/schema\\\/logo\\\/image\\\/\",\"url\":\"https:\\\/\\\/ajatutaja.com\\\/wp-content\\\/uploads\\\/2021\\\/10\\\/logo.png\",\"contentUrl\":\"https:\\\/\\\/ajatutaja.com\\\/wp-content\\\/uploads\\\/2021\\\/10\\\/logo.png\",\"width\":555,\"height\":150,\"caption\":\"Ajatutaja\"},\"image\":{\"@id\":\"https:\\\/\\\/ajatutaja.com\\\/#\\\/schema\\\/logo\\\/image\\\/\"}}]}<\/script>\n<!-- \/ Yoast SEO plugin. -->","yoast_head_json":{"title":"Otro\u0161ka postelja LIP Satler JULIJA 120x60cm - Natur | Ajatutaja","description":"Otro\u0161ka postelja Julija podjetja Lip Satler je rezultat slovenskega znanja in oblikovanja ter je izdelane v Sloveniji iz masivnega bukovega lesa.","robots":{"index":"index","follow":"follow","max-snippet":"max-snippet:-1","max-image-preview":"max-image-preview:large","max-video-preview":"max-video-preview:-1"},"canonical":"https:\/\/ajatutaja.com\/izdelek\/otroska-postelja-lip-satler-julija-120x60cm-natur\/","og_locale":"hr_HR","og_type":"article","og_title":"Otro\u0161ka postelja LIP Satler JULIJA 120x60cm - Natur | Ajatutaja","og_description":"Otro\u0161ka postelja Julija podjetja Lip Satler je rezultat slovenskega znanja in oblikovanja ter je izdelane v Sloveniji iz masivnega bukovega lesa.","og_url":"https:\/\/ajatutaja.com\/izdelek\/otroska-postelja-lip-satler-julija-120x60cm-natur\/","og_site_name":"Ajatutaja","article_modified_time":"2026-04-01T08:02:44+00:00","og_image":[{"width":705,"height":705,"url":"https:\/\/ajatutaja.com\/wp-content\/uploads\/2021\/11\/julija-natural-satler-lip-otroska-postelja-120x60-ajatutaja.jpg","type":"image\/jpeg"}],"twitter_card":"summary_large_image","twitter_misc":{"Procijenjeno vrijeme \u010ditanja":"1 minuta"},"schema":{"@context":"https:\/\/schema.org","@graph":[{"@type":"WebPage","@id":"https:\/\/ajatutaja.com\/izdelek\/otroska-postelja-lip-satler-julija-120x60cm-natur\/","url":"https:\/\/ajatutaja.com\/izdelek\/otroska-postelja-lip-satler-julija-120x60cm-natur\/","name":"Otro\u0161ka postelja LIP Satler JULIJA 120x60cm - Natur | Ajatutaja","isPartOf":{"@id":"https:\/\/ajatutaja.com\/#website"},"primaryImageOfPage":{"@id":"https:\/\/ajatutaja.com\/izdelek\/otroska-postelja-lip-satler-julija-120x60cm-natur\/#primaryimage"},"image":{"@id":"https:\/\/ajatutaja.com\/izdelek\/otroska-postelja-lip-satler-julija-120x60cm-natur\/#primaryimage"},"thumbnailUrl":"https:\/\/ajatutaja.com\/wp-content\/uploads\/2021\/11\/julija-natural-satler-lip-otroska-postelja-120x60-ajatutaja.jpg","datePublished":"2023-11-09T08:34:36+00:00","dateModified":"2026-04-01T08:02:44+00:00","description":"Otro\u0161ka postelja Julija podjetja Lip Satler je rezultat slovenskega znanja in oblikovanja ter je izdelane v Sloveniji iz masivnega bukovega lesa.","breadcrumb":{"@id":"https:\/\/ajatutaja.com\/izdelek\/otroska-postelja-lip-satler-julija-120x60cm-natur\/#breadcrumb"},"inLanguage":"hr","potentialAction":[{"@type":"ReadAction","target":["https:\/\/ajatutaja.com\/izdelek\/otroska-postelja-lip-satler-julija-120x60cm-natur\/"]}]},{"@type":"ImageObject","inLanguage":"hr","@id":"https:\/\/ajatutaja.com\/izdelek\/otroska-postelja-lip-satler-julija-120x60cm-natur\/#primaryimage","url":"https:\/\/ajatutaja.com\/wp-content\/uploads\/2021\/11\/julija-natural-satler-lip-otroska-postelja-120x60-ajatutaja.jpg","contentUrl":"https:\/\/ajatutaja.com\/wp-content\/uploads\/2021\/11\/julija-natural-satler-lip-otroska-postelja-120x60-ajatutaja.jpg","width":705,"height":705},{"@type":"BreadcrumbList","@id":"https:\/\/ajatutaja.com\/izdelek\/otroska-postelja-lip-satler-julija-120x60cm-natur\/#breadcrumb","itemListElement":[{"@type":"ListItem","position":1,"name":"Home","item":"https:\/\/ajatutaja.com\/hr\/"},{"@type":"ListItem","position":2,"name":"Trgovina","item":"https:\/\/ajatutaja.com\/hr\/trgovina\/"},{"@type":"ListItem","position":3,"name":"Otro\u0161ka postelja LIP Satler JULIJA 120x60cm &#8211; Natur"}]},{"@type":"WebSite","@id":"https:\/\/ajatutaja.com\/#website","url":"https:\/\/ajatutaja.com\/","name":"Ajatutaja","description":"Otro\u0161ka spletna trgovina AJATUTAJA","publisher":{"@id":"https:\/\/ajatutaja.com\/#organization"},"potentialAction":[{"@type":"SearchAction","target":{"@type":"EntryPoint","urlTemplate":"https:\/\/ajatutaja.com\/?s={search_term_string}"},"query-input":{"@type":"PropertyValueSpecification","valueRequired":true,"valueName":"search_term_string"}}],"inLanguage":"hr"},{"@type":"Organization","@id":"https:\/\/ajatutaja.com\/#organization","name":"Ajatutaja","url":"https:\/\/ajatutaja.com\/","logo":{"@type":"ImageObject","inLanguage":"hr","@id":"https:\/\/ajatutaja.com\/#\/schema\/logo\/image\/","url":"https:\/\/ajatutaja.com\/wp-content\/uploads\/2021\/10\/logo.png","contentUrl":"https:\/\/ajatutaja.com\/wp-content\/uploads\/2021\/10\/logo.png","width":555,"height":150,"caption":"Ajatutaja"},"image":{"@id":"https:\/\/ajatutaja.com\/#\/schema\/logo\/image\/"}}]}},"brands":[{"id":2615,"name":"Lip Satler","slug":"lip-satler"},{"id":2611,"name":"Spanje","slug":"spanje"}],"_links":{"self":[{"href":"https:\/\/ajatutaja.com\/hr\/wp-json\/wp\/v2\/product\/87917","targetHints":{"allow":["GET"]}}],"collection":[{"href":"https:\/\/ajatutaja.com\/hr\/wp-json\/wp\/v2\/product"}],"about":[{"href":"https:\/\/ajatutaja.com\/hr\/wp-json\/wp\/v2\/types\/product"}],"wp:featuredmedia":[{"embeddable":true,"href":"https:\/\/ajatutaja.com\/hr\/wp-json\/wp\/v2\/media\/37187"}],"wp:attachment":[{"href":"https:\/\/ajatutaja.com\/hr\/wp-json\/wp\/v2\/media?parent=87917"}],"wp:term":[{"taxonomy":"pwb-brand","embeddable":true,"href":"https:\/\/ajatutaja.com\/hr\/wp-json\/wp\/v2\/pwb-brand?post=87917"},{"taxonomy":"product_brand","embeddable":true,"href":"https:\/\/ajatutaja.com\/hr\/wp-json\/wp\/v2\/product_brand?post=87917"},{"taxonomy":"product_cat","embeddable":true,"href":"https:\/\/ajatutaja.com\/hr\/wp-json\/wp\/v2\/product_cat?post=87917"},{"taxonomy":"product_tag","embeddable":true,"href":"https:\/\/ajatutaja.com\/hr\/wp-json\/wp\/v2\/product_tag?post=87917"}],"curies":[{"name":"wp","href":"https:\/\/api.w.org\/{rel}","templated":true}]}}