{"id":87060,"date":"2022-12-20T16:23:36","date_gmt":"2022-12-20T15:23:36","guid":{"rendered":"https:\/\/ajatutaja.com\/?post_type=product&#038;p=87060"},"modified":"2026-03-13T12:00:35","modified_gmt":"2026-03-13T11:00:35","slug":"elodie-priponka-za-dudo-all-i-want-for-christmas","status":"publish","type":"product","link":"https:\/\/ajatutaja.com\/hr\/proizvod\/elodie-priponka-za-dudo-all-i-want-for-christmas\/","title":{"rendered":"Elodie priponka za dudo &#8211; All I want for Christmas"},"content":{"rendered":"<p>[vc_row][vc_column][vc_column_text]Priponka za dudo Elodie je uporabna tudi na dudah drugih proizvajalcev, saj je obro\u010d iz silikonskega materiala in elasti\u010dno prilagodljiv. Sponka je izdelana iz nerjave\u010dega jekla, trak pa iz recikliranega poliestra. Silikonski obro\u010dek iz materiala, primernega za stik s hrano, je zelo trpe\u017een, vsaka priponka pa je obogatena s kakovostnimi detajli iz veganskega usnja.<\/p>\n<h3>Lastnosti priponke za dudo Elodie:<\/h3>\n<ul>\n<li>dol\u017eina: cca 23 cm (z obro\u010dkom in sponko)<\/li>\n<li>zaponka za pritrditev na obla\u010dila<\/li>\n<li>silikonski obro\u010d za enostavno pritditev dude<\/li>\n<li>skladnost z varnostnim standardom EN-12586:2007 + A1:2011<\/li>\n<\/ul>\n<p>Kolekcijo dud Elodie Details spremlja \u010dudovit design, izbrane barve in modni potiski. Elodie zdru\u017eujejo tako visoko kakovost, zabavne dizajne in stil, ki se mu preprosto ne morate upreti.[\/vc_column_text][\/vc_column][\/vc_row]<\/p>\n","protected":false},"excerpt":{"rendered":"<p>Elodie priponka za dudo bo poskrbela, da bo dudica va\u0161ega mal\u010dka vedno pri roki. Silikonski obro\u010dek omogo\u010da namestitev tudi na dudice drugih proizvajalcev. Bo\u017ei\u010dni motiv, pa bo pri\u010daral \u0161e lep\u0161e in \u010darobne praznike.<\/p>\n","protected":false},"featured_media":87279,"template":"","meta":[],"pwb-brand":[2318,2269],"product_brand":[],"product_cat":[2306,2266],"product_tag":[5068,4154,4159],"class_list":{"0":"post-87060","1":"product","2":"type-product","3":"status-publish","4":"has-post-thumbnail","6":"pwb-brand-elodie","7":"pwb-brand-hranjenje","8":"product_cat-dude-in-priponke","9":"product_cat-hranjenje","10":"product_tag-christmas","11":"product_tag-elodie","12":"product_tag-elodie-priponka-za-dudo","14":"first","15":"instock","16":"taxable","17":"shipping-taxable","18":"purchasable","19":"product-type-simple","20":"add-to-wishlist-before_image"},"yoast_head":"<!-- This site is optimized with the Yoast SEO plugin v27.3 - https:\/\/yoast.com\/product\/yoast-seo-wordpress\/ -->\n<title>Elodie priponka za dudo - All I want for Christmas | Ajatutaja<\/title>\n<meta name=\"description\" content=\"Elodie priponka za dudo bo poskrbela, da bo dudica va\u0161ega mal\u010dka vedno pri roki. Silikonski obro\u010dek omogo\u010da namestitev tudi na dudice drugih proizvajalcev. Bo\u017ei\u010dni motiv, pa bo pri\u010daral \u0161e lep\u0161e in \u010darobne praznike.\" \/>\n<meta name=\"robots\" content=\"index, follow, max-snippet:-1, max-image-preview:large, max-video-preview:-1\" \/>\n<link rel=\"canonical\" href=\"https:\/\/ajatutaja.com\/izdelek\/elodie-priponka-za-dudo-all-i-want-for-christmas\/\" \/>\n<meta property=\"og:locale\" content=\"hr_HR\" \/>\n<meta property=\"og:type\" content=\"article\" \/>\n<meta property=\"og:title\" content=\"Elodie priponka za dudo - All I want for Christmas | Ajatutaja\" \/>\n<meta property=\"og:description\" content=\"Elodie priponka za dudo bo poskrbela, da bo dudica va\u0161ega mal\u010dka vedno pri roki. Silikonski obro\u010dek omogo\u010da namestitev tudi na dudice drugih proizvajalcev. Bo\u017ei\u010dni motiv, pa bo pri\u010daral \u0161e lep\u0161e in \u010darobne praznike.\" \/>\n<meta property=\"og:url\" content=\"https:\/\/ajatutaja.com\/izdelek\/elodie-priponka-za-dudo-all-i-want-for-christmas\/\" \/>\n<meta property=\"og:site_name\" content=\"Ajatutaja\" \/>\n<meta property=\"article:modified_time\" content=\"2026-03-13T11:00:35+00:00\" \/>\n<meta property=\"og:image\" content=\"https:\/\/ajatutaja.com\/wp-content\/uploads\/2022\/12\/Elodie-Details-priponka-za-dudo-ajatutaja-christmass-1.jpg\" \/>\n\t<meta property=\"og:image:width\" content=\"1000\" \/>\n\t<meta property=\"og:image:height\" content=\"1000\" \/>\n\t<meta property=\"og:image:type\" content=\"image\/jpeg\" \/>\n<meta name=\"twitter:card\" content=\"summary_large_image\" \/>\n<meta name=\"twitter:label1\" content=\"Procijenjeno vrijeme \u010ditanja\" \/>\n\t<meta name=\"twitter:data1\" content=\"1 minuta\" \/>\n<script type=\"application\/ld+json\" class=\"yoast-schema-graph\">{\"@context\":\"https:\\\/\\\/schema.org\",\"@graph\":[{\"@type\":\"WebPage\",\"@id\":\"https:\\\/\\\/ajatutaja.com\\\/izdelek\\\/elodie-priponka-za-dudo-all-i-want-for-christmas\\\/\",\"url\":\"https:\\\/\\\/ajatutaja.com\\\/izdelek\\\/elodie-priponka-za-dudo-all-i-want-for-christmas\\\/\",\"name\":\"Elodie priponka za dudo - All I want for Christmas | Ajatutaja\",\"isPartOf\":{\"@id\":\"https:\\\/\\\/ajatutaja.com\\\/#website\"},\"primaryImageOfPage\":{\"@id\":\"https:\\\/\\\/ajatutaja.com\\\/izdelek\\\/elodie-priponka-za-dudo-all-i-want-for-christmas\\\/#primaryimage\"},\"image\":{\"@id\":\"https:\\\/\\\/ajatutaja.com\\\/izdelek\\\/elodie-priponka-za-dudo-all-i-want-for-christmas\\\/#primaryimage\"},\"thumbnailUrl\":\"https:\\\/\\\/ajatutaja.com\\\/wp-content\\\/uploads\\\/2022\\\/12\\\/Elodie-Details-priponka-za-dudo-ajatutaja-christmass-1.jpg\",\"datePublished\":\"2022-12-20T15:23:36+00:00\",\"dateModified\":\"2026-03-13T11:00:35+00:00\",\"description\":\"Elodie priponka za dudo bo poskrbela, da bo dudica va\u0161ega mal\u010dka vedno pri roki. Silikonski obro\u010dek omogo\u010da namestitev tudi na dudice drugih proizvajalcev. Bo\u017ei\u010dni motiv, pa bo pri\u010daral \u0161e lep\u0161e in \u010darobne praznike.\",\"breadcrumb\":{\"@id\":\"https:\\\/\\\/ajatutaja.com\\\/izdelek\\\/elodie-priponka-za-dudo-all-i-want-for-christmas\\\/#breadcrumb\"},\"inLanguage\":\"hr\",\"potentialAction\":[{\"@type\":\"ReadAction\",\"target\":[\"https:\\\/\\\/ajatutaja.com\\\/izdelek\\\/elodie-priponka-za-dudo-all-i-want-for-christmas\\\/\"]}]},{\"@type\":\"ImageObject\",\"inLanguage\":\"hr\",\"@id\":\"https:\\\/\\\/ajatutaja.com\\\/izdelek\\\/elodie-priponka-za-dudo-all-i-want-for-christmas\\\/#primaryimage\",\"url\":\"https:\\\/\\\/ajatutaja.com\\\/wp-content\\\/uploads\\\/2022\\\/12\\\/Elodie-Details-priponka-za-dudo-ajatutaja-christmass-1.jpg\",\"contentUrl\":\"https:\\\/\\\/ajatutaja.com\\\/wp-content\\\/uploads\\\/2022\\\/12\\\/Elodie-Details-priponka-za-dudo-ajatutaja-christmass-1.jpg\",\"width\":1000,\"height\":1000},{\"@type\":\"BreadcrumbList\",\"@id\":\"https:\\\/\\\/ajatutaja.com\\\/izdelek\\\/elodie-priponka-za-dudo-all-i-want-for-christmas\\\/#breadcrumb\",\"itemListElement\":[{\"@type\":\"ListItem\",\"position\":1,\"name\":\"Home\",\"item\":\"https:\\\/\\\/ajatutaja.com\\\/hr\\\/\"},{\"@type\":\"ListItem\",\"position\":2,\"name\":\"Trgovina\",\"item\":\"https:\\\/\\\/ajatutaja.com\\\/hr\\\/trgovina\\\/\"},{\"@type\":\"ListItem\",\"position\":3,\"name\":\"Elodie priponka za dudo &#8211; All I want for Christmas\"}]},{\"@type\":\"WebSite\",\"@id\":\"https:\\\/\\\/ajatutaja.com\\\/#website\",\"url\":\"https:\\\/\\\/ajatutaja.com\\\/\",\"name\":\"Ajatutaja\",\"description\":\"Otro\u0161ka spletna trgovina AJATUTAJA\",\"publisher\":{\"@id\":\"https:\\\/\\\/ajatutaja.com\\\/#organization\"},\"potentialAction\":[{\"@type\":\"SearchAction\",\"target\":{\"@type\":\"EntryPoint\",\"urlTemplate\":\"https:\\\/\\\/ajatutaja.com\\\/?s={search_term_string}\"},\"query-input\":{\"@type\":\"PropertyValueSpecification\",\"valueRequired\":true,\"valueName\":\"search_term_string\"}}],\"inLanguage\":\"hr\"},{\"@type\":\"Organization\",\"@id\":\"https:\\\/\\\/ajatutaja.com\\\/#organization\",\"name\":\"Ajatutaja\",\"url\":\"https:\\\/\\\/ajatutaja.com\\\/\",\"logo\":{\"@type\":\"ImageObject\",\"inLanguage\":\"hr\",\"@id\":\"https:\\\/\\\/ajatutaja.com\\\/#\\\/schema\\\/logo\\\/image\\\/\",\"url\":\"https:\\\/\\\/ajatutaja.com\\\/wp-content\\\/uploads\\\/2021\\\/10\\\/logo.png\",\"contentUrl\":\"https:\\\/\\\/ajatutaja.com\\\/wp-content\\\/uploads\\\/2021\\\/10\\\/logo.png\",\"width\":555,\"height\":150,\"caption\":\"Ajatutaja\"},\"image\":{\"@id\":\"https:\\\/\\\/ajatutaja.com\\\/#\\\/schema\\\/logo\\\/image\\\/\"}}]}<\/script>\n<!-- \/ Yoast SEO plugin. -->","yoast_head_json":{"title":"Elodie priponka za dudo - All I want for Christmas | Ajatutaja","description":"Elodie priponka za dudo bo poskrbela, da bo dudica va\u0161ega mal\u010dka vedno pri roki. Silikonski obro\u010dek omogo\u010da namestitev tudi na dudice drugih proizvajalcev. Bo\u017ei\u010dni motiv, pa bo pri\u010daral \u0161e lep\u0161e in \u010darobne praznike.","robots":{"index":"index","follow":"follow","max-snippet":"max-snippet:-1","max-image-preview":"max-image-preview:large","max-video-preview":"max-video-preview:-1"},"canonical":"https:\/\/ajatutaja.com\/izdelek\/elodie-priponka-za-dudo-all-i-want-for-christmas\/","og_locale":"hr_HR","og_type":"article","og_title":"Elodie priponka za dudo - All I want for Christmas | Ajatutaja","og_description":"Elodie priponka za dudo bo poskrbela, da bo dudica va\u0161ega mal\u010dka vedno pri roki. Silikonski obro\u010dek omogo\u010da namestitev tudi na dudice drugih proizvajalcev. Bo\u017ei\u010dni motiv, pa bo pri\u010daral \u0161e lep\u0161e in \u010darobne praznike.","og_url":"https:\/\/ajatutaja.com\/izdelek\/elodie-priponka-za-dudo-all-i-want-for-christmas\/","og_site_name":"Ajatutaja","article_modified_time":"2026-03-13T11:00:35+00:00","og_image":[{"width":1000,"height":1000,"url":"https:\/\/ajatutaja.com\/wp-content\/uploads\/2022\/12\/Elodie-Details-priponka-za-dudo-ajatutaja-christmass-1.jpg","type":"image\/jpeg"}],"twitter_card":"summary_large_image","twitter_misc":{"Procijenjeno vrijeme \u010ditanja":"1 minuta"},"schema":{"@context":"https:\/\/schema.org","@graph":[{"@type":"WebPage","@id":"https:\/\/ajatutaja.com\/izdelek\/elodie-priponka-za-dudo-all-i-want-for-christmas\/","url":"https:\/\/ajatutaja.com\/izdelek\/elodie-priponka-za-dudo-all-i-want-for-christmas\/","name":"Elodie priponka za dudo - All I want for Christmas | Ajatutaja","isPartOf":{"@id":"https:\/\/ajatutaja.com\/#website"},"primaryImageOfPage":{"@id":"https:\/\/ajatutaja.com\/izdelek\/elodie-priponka-za-dudo-all-i-want-for-christmas\/#primaryimage"},"image":{"@id":"https:\/\/ajatutaja.com\/izdelek\/elodie-priponka-za-dudo-all-i-want-for-christmas\/#primaryimage"},"thumbnailUrl":"https:\/\/ajatutaja.com\/wp-content\/uploads\/2022\/12\/Elodie-Details-priponka-za-dudo-ajatutaja-christmass-1.jpg","datePublished":"2022-12-20T15:23:36+00:00","dateModified":"2026-03-13T11:00:35+00:00","description":"Elodie priponka za dudo bo poskrbela, da bo dudica va\u0161ega mal\u010dka vedno pri roki. Silikonski obro\u010dek omogo\u010da namestitev tudi na dudice drugih proizvajalcev. Bo\u017ei\u010dni motiv, pa bo pri\u010daral \u0161e lep\u0161e in \u010darobne praznike.","breadcrumb":{"@id":"https:\/\/ajatutaja.com\/izdelek\/elodie-priponka-za-dudo-all-i-want-for-christmas\/#breadcrumb"},"inLanguage":"hr","potentialAction":[{"@type":"ReadAction","target":["https:\/\/ajatutaja.com\/izdelek\/elodie-priponka-za-dudo-all-i-want-for-christmas\/"]}]},{"@type":"ImageObject","inLanguage":"hr","@id":"https:\/\/ajatutaja.com\/izdelek\/elodie-priponka-za-dudo-all-i-want-for-christmas\/#primaryimage","url":"https:\/\/ajatutaja.com\/wp-content\/uploads\/2022\/12\/Elodie-Details-priponka-za-dudo-ajatutaja-christmass-1.jpg","contentUrl":"https:\/\/ajatutaja.com\/wp-content\/uploads\/2022\/12\/Elodie-Details-priponka-za-dudo-ajatutaja-christmass-1.jpg","width":1000,"height":1000},{"@type":"BreadcrumbList","@id":"https:\/\/ajatutaja.com\/izdelek\/elodie-priponka-za-dudo-all-i-want-for-christmas\/#breadcrumb","itemListElement":[{"@type":"ListItem","position":1,"name":"Home","item":"https:\/\/ajatutaja.com\/hr\/"},{"@type":"ListItem","position":2,"name":"Trgovina","item":"https:\/\/ajatutaja.com\/hr\/trgovina\/"},{"@type":"ListItem","position":3,"name":"Elodie priponka za dudo &#8211; All I want for Christmas"}]},{"@type":"WebSite","@id":"https:\/\/ajatutaja.com\/#website","url":"https:\/\/ajatutaja.com\/","name":"Ajatutaja","description":"Otro\u0161ka spletna trgovina AJATUTAJA","publisher":{"@id":"https:\/\/ajatutaja.com\/#organization"},"potentialAction":[{"@type":"SearchAction","target":{"@type":"EntryPoint","urlTemplate":"https:\/\/ajatutaja.com\/?s={search_term_string}"},"query-input":{"@type":"PropertyValueSpecification","valueRequired":true,"valueName":"search_term_string"}}],"inLanguage":"hr"},{"@type":"Organization","@id":"https:\/\/ajatutaja.com\/#organization","name":"Ajatutaja","url":"https:\/\/ajatutaja.com\/","logo":{"@type":"ImageObject","inLanguage":"hr","@id":"https:\/\/ajatutaja.com\/#\/schema\/logo\/image\/","url":"https:\/\/ajatutaja.com\/wp-content\/uploads\/2021\/10\/logo.png","contentUrl":"https:\/\/ajatutaja.com\/wp-content\/uploads\/2021\/10\/logo.png","width":555,"height":150,"caption":"Ajatutaja"},"image":{"@id":"https:\/\/ajatutaja.com\/#\/schema\/logo\/image\/"}}]}},"brands":[{"id":2318,"name":"Elodie","slug":"elodie"},{"id":2269,"name":"Hranjenje","slug":"hranjenje"}],"_links":{"self":[{"href":"https:\/\/ajatutaja.com\/hr\/wp-json\/wp\/v2\/product\/87060","targetHints":{"allow":["GET"]}}],"collection":[{"href":"https:\/\/ajatutaja.com\/hr\/wp-json\/wp\/v2\/product"}],"about":[{"href":"https:\/\/ajatutaja.com\/hr\/wp-json\/wp\/v2\/types\/product"}],"wp:featuredmedia":[{"embeddable":true,"href":"https:\/\/ajatutaja.com\/hr\/wp-json\/wp\/v2\/media\/87279"}],"wp:attachment":[{"href":"https:\/\/ajatutaja.com\/hr\/wp-json\/wp\/v2\/media?parent=87060"}],"wp:term":[{"taxonomy":"pwb-brand","embeddable":true,"href":"https:\/\/ajatutaja.com\/hr\/wp-json\/wp\/v2\/pwb-brand?post=87060"},{"taxonomy":"product_brand","embeddable":true,"href":"https:\/\/ajatutaja.com\/hr\/wp-json\/wp\/v2\/product_brand?post=87060"},{"taxonomy":"product_cat","embeddable":true,"href":"https:\/\/ajatutaja.com\/hr\/wp-json\/wp\/v2\/product_cat?post=87060"},{"taxonomy":"product_tag","embeddable":true,"href":"https:\/\/ajatutaja.com\/hr\/wp-json\/wp\/v2\/product_tag?post=87060"}],"curies":[{"name":"wp","href":"https:\/\/api.w.org\/{rel}","templated":true}]}}