{"id":86871,"date":"2025-03-05T10:29:00","date_gmt":"2025-03-05T09:29:00","guid":{"rendered":"https:\/\/ajatutaja.com\/?post_type=product&#038;p=86871"},"modified":"2026-04-08T06:52:14","modified_gmt":"2026-04-08T04:52:14","slug":"b-box-termo-posodica-s-priborom-335ml-blush","status":"publish","type":"product","link":"https:\/\/ajatutaja.com\/hr\/proizvod\/b-box-termo-posodica-s-priborom-335ml-blush\/","title":{"rendered":"b.box Termo posodica s priborom (335ml) Blush"},"content":{"rendered":"<p>[vc_row][vc_column][vc_column_text]<\/p>\n<h3>Lastnosti termo posodice b.box:<\/h3>\n<ul>\n<li>Ohranja hladno temperaturo do 7 in toplo temperaturo do 5 ur<\/li>\n<li>Volumen: 335 ml<\/li>\n<li>Izolacijsko nerjavno jeklo z dvojno steno<\/li>\n<li>Starost otroka: 6m+<\/li>\n<li>Ro\u010daji se enostavno odstranijo, da se posoda bolje prilagodi \u017eeljam in potrebam otroka<\/li>\n<li>Ro\u010daj na pokrovu otrokom olaj\u0161a odpiranje posode<\/li>\n<li>Edinstven zama\u0161ek prepre\u010duje premo\u010dno zategovanje pokrova<\/li>\n<li>V kompletu vklju\u010dena \u017elica\/vilica, vstavljena v posebno re\u017eo<\/li>\n<li>Brez BPA, BPF, BPS, PVC snovi in ftalatov<\/li>\n<li>Nega: pralno v pomivalnem stroju<\/li>\n<\/ul>\n<p>[\/vc_column_text][\/vc_column][\/vc_row]<\/p>\n","protected":false},"excerpt":{"rendered":"<p>Priro\u010dna termo posodica blagovne znamke b.box je uporaben pripomo\u010dek za hranjenje tako doma, kot na poti. V njej bo hrana vedno optimalne temperature za vas ali va\u0161ega mal\u010dka.<\/p>\n","protected":false},"featured_media":86867,"template":"","meta":[],"pwb-brand":[5287,2269],"product_brand":[],"product_cat":[3975,2266,2312],"product_tag":[5288],"class_list":{"0":"post-86871","1":"product","2":"type-product","3":"status-publish","4":"has-post-thumbnail","6":"pwb-brand-bbox","7":"pwb-brand-hranjenje","8":"product_cat-akcija","9":"product_cat-hranjenje","10":"product_cat-termo-posodice-in-termovke","11":"product_tag-bbox","13":"first","14":"instock","15":"sale","16":"taxable","17":"shipping-taxable","18":"purchasable","19":"product-type-simple","20":"add-to-wishlist-before_image"},"yoast_head":"<!-- This site is optimized with the Yoast SEO plugin v27.3 - https:\/\/yoast.com\/product\/yoast-seo-wordpress\/ -->\n<title>b.box Termo posodica s priborom (335ml) Blush | Ajatutaja<\/title>\n<meta name=\"description\" content=\"Priro\u010dna termo posodica blagovne znamke b.box je uporaben pripomo\u010dek za hranjenje tako doma, kot na poti. V njej bo hrana vedno optimalne temperature za vas ali va\u0161ega mal\u010dka.\" \/>\n<meta name=\"robots\" content=\"index, follow, max-snippet:-1, max-image-preview:large, max-video-preview:-1\" \/>\n<link rel=\"canonical\" href=\"https:\/\/ajatutaja.com\/izdelek\/b-box-termo-posodica-s-priborom-335ml-blush\/\" \/>\n<meta property=\"og:locale\" content=\"hr_HR\" \/>\n<meta property=\"og:type\" content=\"article\" \/>\n<meta property=\"og:title\" content=\"b.box Termo posodica s priborom (335ml) Blush | Ajatutaja\" \/>\n<meta property=\"og:description\" content=\"Priro\u010dna termo posodica blagovne znamke b.box je uporaben pripomo\u010dek za hranjenje tako doma, kot na poti. V njej bo hrana vedno optimalne temperature za vas ali va\u0161ega mal\u010dka.\" \/>\n<meta property=\"og:url\" content=\"https:\/\/ajatutaja.com\/izdelek\/b-box-termo-posodica-s-priborom-335ml-blush\/\" \/>\n<meta property=\"og:site_name\" content=\"Ajatutaja\" \/>\n<meta property=\"article:modified_time\" content=\"2026-04-08T04:52:14+00:00\" \/>\n<meta property=\"og:image\" content=\"https:\/\/ajatutaja.com\/wp-content\/uploads\/2023\/07\/b.box-termo-posoda-za-hrano-pink-2.webp\" \/>\n\t<meta property=\"og:image:width\" content=\"2148\" \/>\n\t<meta property=\"og:image:height\" content=\"2400\" \/>\n\t<meta property=\"og:image:type\" content=\"image\/webp\" \/>\n<meta name=\"twitter:card\" content=\"summary_large_image\" \/>\n<script type=\"application\/ld+json\" class=\"yoast-schema-graph\">{\"@context\":\"https:\\\/\\\/schema.org\",\"@graph\":[{\"@type\":\"WebPage\",\"@id\":\"https:\\\/\\\/ajatutaja.com\\\/izdelek\\\/b-box-termo-posodica-s-priborom-335ml-blush\\\/\",\"url\":\"https:\\\/\\\/ajatutaja.com\\\/izdelek\\\/b-box-termo-posodica-s-priborom-335ml-blush\\\/\",\"name\":\"b.box Termo posodica s priborom (335ml) Blush | Ajatutaja\",\"isPartOf\":{\"@id\":\"https:\\\/\\\/ajatutaja.com\\\/#website\"},\"primaryImageOfPage\":{\"@id\":\"https:\\\/\\\/ajatutaja.com\\\/izdelek\\\/b-box-termo-posodica-s-priborom-335ml-blush\\\/#primaryimage\"},\"image\":{\"@id\":\"https:\\\/\\\/ajatutaja.com\\\/izdelek\\\/b-box-termo-posodica-s-priborom-335ml-blush\\\/#primaryimage\"},\"thumbnailUrl\":\"https:\\\/\\\/ajatutaja.com\\\/wp-content\\\/uploads\\\/2023\\\/07\\\/b.box-termo-posoda-za-hrano-pink-2.webp\",\"datePublished\":\"2025-03-05T09:29:00+00:00\",\"dateModified\":\"2026-04-08T04:52:14+00:00\",\"description\":\"Priro\u010dna termo posodica blagovne znamke b.box je uporaben pripomo\u010dek za hranjenje tako doma, kot na poti. V njej bo hrana vedno optimalne temperature za vas ali va\u0161ega mal\u010dka.\",\"breadcrumb\":{\"@id\":\"https:\\\/\\\/ajatutaja.com\\\/izdelek\\\/b-box-termo-posodica-s-priborom-335ml-blush\\\/#breadcrumb\"},\"inLanguage\":\"hr\",\"potentialAction\":[{\"@type\":\"ReadAction\",\"target\":[\"https:\\\/\\\/ajatutaja.com\\\/izdelek\\\/b-box-termo-posodica-s-priborom-335ml-blush\\\/\"]}]},{\"@type\":\"ImageObject\",\"inLanguage\":\"hr\",\"@id\":\"https:\\\/\\\/ajatutaja.com\\\/izdelek\\\/b-box-termo-posodica-s-priborom-335ml-blush\\\/#primaryimage\",\"url\":\"https:\\\/\\\/ajatutaja.com\\\/wp-content\\\/uploads\\\/2023\\\/07\\\/b.box-termo-posoda-za-hrano-pink-2.webp\",\"contentUrl\":\"https:\\\/\\\/ajatutaja.com\\\/wp-content\\\/uploads\\\/2023\\\/07\\\/b.box-termo-posoda-za-hrano-pink-2.webp\",\"width\":2148,\"height\":2400},{\"@type\":\"BreadcrumbList\",\"@id\":\"https:\\\/\\\/ajatutaja.com\\\/izdelek\\\/b-box-termo-posodica-s-priborom-335ml-blush\\\/#breadcrumb\",\"itemListElement\":[{\"@type\":\"ListItem\",\"position\":1,\"name\":\"Home\",\"item\":\"https:\\\/\\\/ajatutaja.com\\\/hr\\\/\"},{\"@type\":\"ListItem\",\"position\":2,\"name\":\"Trgovina\",\"item\":\"https:\\\/\\\/ajatutaja.com\\\/hr\\\/trgovina\\\/\"},{\"@type\":\"ListItem\",\"position\":3,\"name\":\"b.box Termo posodica s priborom (335ml) Blush\"}]},{\"@type\":\"WebSite\",\"@id\":\"https:\\\/\\\/ajatutaja.com\\\/#website\",\"url\":\"https:\\\/\\\/ajatutaja.com\\\/\",\"name\":\"Ajatutaja\",\"description\":\"Otro\u0161ka spletna trgovina AJATUTAJA\",\"publisher\":{\"@id\":\"https:\\\/\\\/ajatutaja.com\\\/#organization\"},\"potentialAction\":[{\"@type\":\"SearchAction\",\"target\":{\"@type\":\"EntryPoint\",\"urlTemplate\":\"https:\\\/\\\/ajatutaja.com\\\/?s={search_term_string}\"},\"query-input\":{\"@type\":\"PropertyValueSpecification\",\"valueRequired\":true,\"valueName\":\"search_term_string\"}}],\"inLanguage\":\"hr\"},{\"@type\":\"Organization\",\"@id\":\"https:\\\/\\\/ajatutaja.com\\\/#organization\",\"name\":\"Ajatutaja\",\"url\":\"https:\\\/\\\/ajatutaja.com\\\/\",\"logo\":{\"@type\":\"ImageObject\",\"inLanguage\":\"hr\",\"@id\":\"https:\\\/\\\/ajatutaja.com\\\/#\\\/schema\\\/logo\\\/image\\\/\",\"url\":\"https:\\\/\\\/ajatutaja.com\\\/wp-content\\\/uploads\\\/2021\\\/10\\\/logo.png\",\"contentUrl\":\"https:\\\/\\\/ajatutaja.com\\\/wp-content\\\/uploads\\\/2021\\\/10\\\/logo.png\",\"width\":555,\"height\":150,\"caption\":\"Ajatutaja\"},\"image\":{\"@id\":\"https:\\\/\\\/ajatutaja.com\\\/#\\\/schema\\\/logo\\\/image\\\/\"}}]}<\/script>\n<!-- \/ Yoast SEO plugin. -->","yoast_head_json":{"title":"b.box Termo posodica s priborom (335ml) Blush | Ajatutaja","description":"Priro\u010dna termo posodica blagovne znamke b.box je uporaben pripomo\u010dek za hranjenje tako doma, kot na poti. V njej bo hrana vedno optimalne temperature za vas ali va\u0161ega mal\u010dka.","robots":{"index":"index","follow":"follow","max-snippet":"max-snippet:-1","max-image-preview":"max-image-preview:large","max-video-preview":"max-video-preview:-1"},"canonical":"https:\/\/ajatutaja.com\/izdelek\/b-box-termo-posodica-s-priborom-335ml-blush\/","og_locale":"hr_HR","og_type":"article","og_title":"b.box Termo posodica s priborom (335ml) Blush | Ajatutaja","og_description":"Priro\u010dna termo posodica blagovne znamke b.box je uporaben pripomo\u010dek za hranjenje tako doma, kot na poti. V njej bo hrana vedno optimalne temperature za vas ali va\u0161ega mal\u010dka.","og_url":"https:\/\/ajatutaja.com\/izdelek\/b-box-termo-posodica-s-priborom-335ml-blush\/","og_site_name":"Ajatutaja","article_modified_time":"2026-04-08T04:52:14+00:00","og_image":[{"width":2148,"height":2400,"url":"https:\/\/ajatutaja.com\/wp-content\/uploads\/2023\/07\/b.box-termo-posoda-za-hrano-pink-2.webp","type":"image\/webp"}],"twitter_card":"summary_large_image","schema":{"@context":"https:\/\/schema.org","@graph":[{"@type":"WebPage","@id":"https:\/\/ajatutaja.com\/izdelek\/b-box-termo-posodica-s-priborom-335ml-blush\/","url":"https:\/\/ajatutaja.com\/izdelek\/b-box-termo-posodica-s-priborom-335ml-blush\/","name":"b.box Termo posodica s priborom (335ml) Blush | Ajatutaja","isPartOf":{"@id":"https:\/\/ajatutaja.com\/#website"},"primaryImageOfPage":{"@id":"https:\/\/ajatutaja.com\/izdelek\/b-box-termo-posodica-s-priborom-335ml-blush\/#primaryimage"},"image":{"@id":"https:\/\/ajatutaja.com\/izdelek\/b-box-termo-posodica-s-priborom-335ml-blush\/#primaryimage"},"thumbnailUrl":"https:\/\/ajatutaja.com\/wp-content\/uploads\/2023\/07\/b.box-termo-posoda-za-hrano-pink-2.webp","datePublished":"2025-03-05T09:29:00+00:00","dateModified":"2026-04-08T04:52:14+00:00","description":"Priro\u010dna termo posodica blagovne znamke b.box je uporaben pripomo\u010dek za hranjenje tako doma, kot na poti. V njej bo hrana vedno optimalne temperature za vas ali va\u0161ega mal\u010dka.","breadcrumb":{"@id":"https:\/\/ajatutaja.com\/izdelek\/b-box-termo-posodica-s-priborom-335ml-blush\/#breadcrumb"},"inLanguage":"hr","potentialAction":[{"@type":"ReadAction","target":["https:\/\/ajatutaja.com\/izdelek\/b-box-termo-posodica-s-priborom-335ml-blush\/"]}]},{"@type":"ImageObject","inLanguage":"hr","@id":"https:\/\/ajatutaja.com\/izdelek\/b-box-termo-posodica-s-priborom-335ml-blush\/#primaryimage","url":"https:\/\/ajatutaja.com\/wp-content\/uploads\/2023\/07\/b.box-termo-posoda-za-hrano-pink-2.webp","contentUrl":"https:\/\/ajatutaja.com\/wp-content\/uploads\/2023\/07\/b.box-termo-posoda-za-hrano-pink-2.webp","width":2148,"height":2400},{"@type":"BreadcrumbList","@id":"https:\/\/ajatutaja.com\/izdelek\/b-box-termo-posodica-s-priborom-335ml-blush\/#breadcrumb","itemListElement":[{"@type":"ListItem","position":1,"name":"Home","item":"https:\/\/ajatutaja.com\/hr\/"},{"@type":"ListItem","position":2,"name":"Trgovina","item":"https:\/\/ajatutaja.com\/hr\/trgovina\/"},{"@type":"ListItem","position":3,"name":"b.box Termo posodica s priborom (335ml) Blush"}]},{"@type":"WebSite","@id":"https:\/\/ajatutaja.com\/#website","url":"https:\/\/ajatutaja.com\/","name":"Ajatutaja","description":"Otro\u0161ka spletna trgovina AJATUTAJA","publisher":{"@id":"https:\/\/ajatutaja.com\/#organization"},"potentialAction":[{"@type":"SearchAction","target":{"@type":"EntryPoint","urlTemplate":"https:\/\/ajatutaja.com\/?s={search_term_string}"},"query-input":{"@type":"PropertyValueSpecification","valueRequired":true,"valueName":"search_term_string"}}],"inLanguage":"hr"},{"@type":"Organization","@id":"https:\/\/ajatutaja.com\/#organization","name":"Ajatutaja","url":"https:\/\/ajatutaja.com\/","logo":{"@type":"ImageObject","inLanguage":"hr","@id":"https:\/\/ajatutaja.com\/#\/schema\/logo\/image\/","url":"https:\/\/ajatutaja.com\/wp-content\/uploads\/2021\/10\/logo.png","contentUrl":"https:\/\/ajatutaja.com\/wp-content\/uploads\/2021\/10\/logo.png","width":555,"height":150,"caption":"Ajatutaja"},"image":{"@id":"https:\/\/ajatutaja.com\/#\/schema\/logo\/image\/"}}]}},"brands":[{"id":5287,"name":"b.box","slug":"bbox"},{"id":2269,"name":"Hranjenje","slug":"hranjenje"}],"_links":{"self":[{"href":"https:\/\/ajatutaja.com\/hr\/wp-json\/wp\/v2\/product\/86871","targetHints":{"allow":["GET"]}}],"collection":[{"href":"https:\/\/ajatutaja.com\/hr\/wp-json\/wp\/v2\/product"}],"about":[{"href":"https:\/\/ajatutaja.com\/hr\/wp-json\/wp\/v2\/types\/product"}],"wp:featuredmedia":[{"embeddable":true,"href":"https:\/\/ajatutaja.com\/hr\/wp-json\/wp\/v2\/media\/86867"}],"wp:attachment":[{"href":"https:\/\/ajatutaja.com\/hr\/wp-json\/wp\/v2\/media?parent=86871"}],"wp:term":[{"taxonomy":"pwb-brand","embeddable":true,"href":"https:\/\/ajatutaja.com\/hr\/wp-json\/wp\/v2\/pwb-brand?post=86871"},{"taxonomy":"product_brand","embeddable":true,"href":"https:\/\/ajatutaja.com\/hr\/wp-json\/wp\/v2\/product_brand?post=86871"},{"taxonomy":"product_cat","embeddable":true,"href":"https:\/\/ajatutaja.com\/hr\/wp-json\/wp\/v2\/product_cat?post=86871"},{"taxonomy":"product_tag","embeddable":true,"href":"https:\/\/ajatutaja.com\/hr\/wp-json\/wp\/v2\/product_tag?post=86871"}],"curies":[{"name":"wp","href":"https:\/\/api.w.org\/{rel}","templated":true}]}}