{"id":86840,"date":"2024-10-07T23:14:02","date_gmt":"2024-10-07T21:14:02","guid":{"rendered":"https:\/\/ajatutaja.com\/?post_type=product&#038;p=86840"},"modified":"2026-03-04T16:20:10","modified_gmt":"2026-03-04T15:20:10","slug":"scootride-otroska-celada-wildcat","status":"publish","type":"product","link":"https:\/\/ajatutaja.com\/hr\/proizvod\/scootride-otroska-celada-wildcat\/","title":{"rendered":"Scoot&amp;Ride otro\u0161ka \u010delada &#8211; Wildcat"},"content":{"rendered":"<p>[vc_row][vc_column][vc_column_text]Vrhunski model otro\u0161ke \u010delade, ki otroku daje najbolj\u0161o za\u0161\u010dito. Posebno oblikovani notranji del \u010delade Scoot Ride zavaruje otrokovo lobanjo.<\/p>\n<p>Lastnosti otro\u0161ke \u010delade Scoot&amp;Ride:<\/p>\n<ul>\n<li>Nastavljiva \u0161irina.<\/li>\n<li>Velikost: XXS-S; 45-51cm (1-5 let)<\/li>\n<li>Te\u017ea: 230g<\/li>\n<li>Polikarbonatna lupina z bla\u017eilcem za udarce.<\/li>\n<li>Vsak luknjica ima 11 odprtin za prezra\u010devanje.<\/li>\n<li>Notranjost iz mehkega in zra\u010dnega oblazinjenja.<\/li>\n<li>Oblazinjen naslon za brado.<\/li>\n<li>Vzadaj prilagodljivo &#8216;kolesce&#8217; z LED osvetljavo.<\/li>\n<li>Edinstven magnetni sistem za zapenjanje.<\/li>\n<li>PVC Free<\/li>\n<li>V skladu z varnostnim standardom: EN1078 Safety tested.<\/li>\n<li><a href=\"https:\/\/ajatutaja.com\/wp-content\/uploads\/2025\/05\/Navodila-za-uporabo-SR-celada.pdf\">NAVODILA ZA UPORABO<\/a><\/li>\n<\/ul>\n<p>[\/vc_column_text][\/vc_column][\/vc_row]<\/p>\n","protected":false},"excerpt":{"rendered":"<p>Otro\u0161ka \u010delada Scoot&amp;Ride bo \u0161\u010ditila glavo va\u0161ega mal\u010dka pred padci pri uporabi otro\u0161kih poganjalcev, skirojev in koles. Nastavljivi del \u010delade omogo\u010da uporabo \u010delade za razli\u010dne starosti otroka. Le-to namre\u010d lahko prilagajate rasti otro\u0161ke glave.\u00a0 Led lu\u010dka na zatilju, pa bo poskrbela za bolj\u0161o vidljivost mal\u010dka.<\/p>\n","protected":false},"featured_media":86842,"template":"","meta":[],"pwb-brand":[2409,2428],"product_brand":[],"product_cat":[2404,2361],"product_tag":[4364,5131,4491],"class_list":{"0":"post-86840","1":"product","2":"type-product","3":"status-publish","4":"has-post-thumbnail","6":"pwb-brand-potepanje","7":"pwb-brand-scootride","8":"product_cat-otroske-celade","9":"product_cat-potepanje","10":"product_tag-highwaykick-1","11":"product_tag-highwaykick-2","12":"product_tag-scootride","14":"first","15":"instock","16":"taxable","17":"shipping-taxable","18":"purchasable","19":"product-type-variable","20":"add-to-wishlist-before_image"},"yoast_head":"<!-- This site is optimized with the Yoast SEO plugin v27.3 - https:\/\/yoast.com\/product\/yoast-seo-wordpress\/ -->\n<title>Scoot&amp;Ride otro\u0161ka \u010delada - Wildcat | Ajatutaja<\/title>\n<meta name=\"description\" content=\"Otro\u0161ka \u010delada Scoot Ride nudi otroku najbolj\u0161o za\u0161\u010dito pred padci. Posebno oblikovani in prilagodljiv notranji del \u010delade zavaruje otrokovo lobanjo.\" \/>\n<meta name=\"robots\" content=\"index, follow, max-snippet:-1, max-image-preview:large, max-video-preview:-1\" \/>\n<link rel=\"canonical\" href=\"https:\/\/ajatutaja.com\/izdelek\/scootride-otroska-celada-wildcat\/\" \/>\n<meta property=\"og:locale\" content=\"hr_HR\" \/>\n<meta property=\"og:type\" content=\"article\" \/>\n<meta property=\"og:title\" content=\"Scoot&amp;Ride otro\u0161ka \u010delada - Wildcat | Ajatutaja\" \/>\n<meta property=\"og:description\" content=\"Otro\u0161ka \u010delada Scoot Ride nudi otroku najbolj\u0161o za\u0161\u010dito pred padci. Posebno oblikovani in prilagodljiv notranji del \u010delade zavaruje otrokovo lobanjo.\" \/>\n<meta property=\"og:url\" content=\"https:\/\/ajatutaja.com\/izdelek\/scootride-otroska-celada-wildcat\/\" \/>\n<meta property=\"og:site_name\" content=\"Ajatutaja\" \/>\n<meta property=\"article:modified_time\" content=\"2026-03-04T15:20:10+00:00\" \/>\n<meta property=\"og:image\" content=\"https:\/\/ajatutaja.com\/wp-content\/uploads\/2026\/03\/scootandride-otroska-celada-xxs-wildcat-0.webp\" \/>\n\t<meta property=\"og:image:width\" content=\"636\" \/>\n\t<meta property=\"og:image:height\" content=\"636\" \/>\n\t<meta property=\"og:image:type\" content=\"image\/webp\" \/>\n<meta name=\"twitter:card\" content=\"summary_large_image\" \/>\n<meta name=\"twitter:label1\" content=\"Procijenjeno vrijeme \u010ditanja\" \/>\n\t<meta name=\"twitter:data1\" content=\"1 minuta\" \/>\n<script type=\"application\/ld+json\" class=\"yoast-schema-graph\">{\"@context\":\"https:\\\/\\\/schema.org\",\"@graph\":[{\"@type\":\"WebPage\",\"@id\":\"https:\\\/\\\/ajatutaja.com\\\/izdelek\\\/scootride-otroska-celada-wildcat\\\/\",\"url\":\"https:\\\/\\\/ajatutaja.com\\\/izdelek\\\/scootride-otroska-celada-wildcat\\\/\",\"name\":\"Scoot&amp;Ride otro\u0161ka \u010delada - Wildcat | Ajatutaja\",\"isPartOf\":{\"@id\":\"https:\\\/\\\/ajatutaja.com\\\/#website\"},\"primaryImageOfPage\":{\"@id\":\"https:\\\/\\\/ajatutaja.com\\\/izdelek\\\/scootride-otroska-celada-wildcat\\\/#primaryimage\"},\"image\":{\"@id\":\"https:\\\/\\\/ajatutaja.com\\\/izdelek\\\/scootride-otroska-celada-wildcat\\\/#primaryimage\"},\"thumbnailUrl\":\"https:\\\/\\\/ajatutaja.com\\\/wp-content\\\/uploads\\\/2026\\\/03\\\/scootandride-otroska-celada-xxs-wildcat-0.webp\",\"datePublished\":\"2024-10-07T21:14:02+00:00\",\"dateModified\":\"2026-03-04T15:20:10+00:00\",\"description\":\"Otro\u0161ka \u010delada Scoot Ride nudi otroku najbolj\u0161o za\u0161\u010dito pred padci. Posebno oblikovani in prilagodljiv notranji del \u010delade zavaruje otrokovo lobanjo.\",\"breadcrumb\":{\"@id\":\"https:\\\/\\\/ajatutaja.com\\\/izdelek\\\/scootride-otroska-celada-wildcat\\\/#breadcrumb\"},\"inLanguage\":\"hr\",\"potentialAction\":[{\"@type\":\"ReadAction\",\"target\":[\"https:\\\/\\\/ajatutaja.com\\\/izdelek\\\/scootride-otroska-celada-wildcat\\\/\"]}]},{\"@type\":\"ImageObject\",\"inLanguage\":\"hr\",\"@id\":\"https:\\\/\\\/ajatutaja.com\\\/izdelek\\\/scootride-otroska-celada-wildcat\\\/#primaryimage\",\"url\":\"https:\\\/\\\/ajatutaja.com\\\/wp-content\\\/uploads\\\/2026\\\/03\\\/scootandride-otroska-celada-xxs-wildcat-0.webp\",\"contentUrl\":\"https:\\\/\\\/ajatutaja.com\\\/wp-content\\\/uploads\\\/2026\\\/03\\\/scootandride-otroska-celada-xxs-wildcat-0.webp\",\"width\":636,\"height\":636},{\"@type\":\"BreadcrumbList\",\"@id\":\"https:\\\/\\\/ajatutaja.com\\\/izdelek\\\/scootride-otroska-celada-wildcat\\\/#breadcrumb\",\"itemListElement\":[{\"@type\":\"ListItem\",\"position\":1,\"name\":\"Home\",\"item\":\"https:\\\/\\\/ajatutaja.com\\\/hr\\\/\"},{\"@type\":\"ListItem\",\"position\":2,\"name\":\"Trgovina\",\"item\":\"https:\\\/\\\/ajatutaja.com\\\/hr\\\/trgovina\\\/\"},{\"@type\":\"ListItem\",\"position\":3,\"name\":\"Scoot&amp;Ride otro\u0161ka \u010delada &#8211; Wildcat\"}]},{\"@type\":\"WebSite\",\"@id\":\"https:\\\/\\\/ajatutaja.com\\\/#website\",\"url\":\"https:\\\/\\\/ajatutaja.com\\\/\",\"name\":\"Ajatutaja\",\"description\":\"Otro\u0161ka spletna trgovina AJATUTAJA\",\"publisher\":{\"@id\":\"https:\\\/\\\/ajatutaja.com\\\/#organization\"},\"potentialAction\":[{\"@type\":\"SearchAction\",\"target\":{\"@type\":\"EntryPoint\",\"urlTemplate\":\"https:\\\/\\\/ajatutaja.com\\\/?s={search_term_string}\"},\"query-input\":{\"@type\":\"PropertyValueSpecification\",\"valueRequired\":true,\"valueName\":\"search_term_string\"}}],\"inLanguage\":\"hr\"},{\"@type\":\"Organization\",\"@id\":\"https:\\\/\\\/ajatutaja.com\\\/#organization\",\"name\":\"Ajatutaja\",\"url\":\"https:\\\/\\\/ajatutaja.com\\\/\",\"logo\":{\"@type\":\"ImageObject\",\"inLanguage\":\"hr\",\"@id\":\"https:\\\/\\\/ajatutaja.com\\\/#\\\/schema\\\/logo\\\/image\\\/\",\"url\":\"https:\\\/\\\/ajatutaja.com\\\/wp-content\\\/uploads\\\/2021\\\/10\\\/logo.png\",\"contentUrl\":\"https:\\\/\\\/ajatutaja.com\\\/wp-content\\\/uploads\\\/2021\\\/10\\\/logo.png\",\"width\":555,\"height\":150,\"caption\":\"Ajatutaja\"},\"image\":{\"@id\":\"https:\\\/\\\/ajatutaja.com\\\/#\\\/schema\\\/logo\\\/image\\\/\"}}]}<\/script>\n<!-- \/ Yoast SEO plugin. -->","yoast_head_json":{"title":"Scoot&amp;Ride otro\u0161ka \u010delada - Wildcat | Ajatutaja","description":"Otro\u0161ka \u010delada Scoot Ride nudi otroku najbolj\u0161o za\u0161\u010dito pred padci. Posebno oblikovani in prilagodljiv notranji del \u010delade zavaruje otrokovo lobanjo.","robots":{"index":"index","follow":"follow","max-snippet":"max-snippet:-1","max-image-preview":"max-image-preview:large","max-video-preview":"max-video-preview:-1"},"canonical":"https:\/\/ajatutaja.com\/izdelek\/scootride-otroska-celada-wildcat\/","og_locale":"hr_HR","og_type":"article","og_title":"Scoot&amp;Ride otro\u0161ka \u010delada - Wildcat | Ajatutaja","og_description":"Otro\u0161ka \u010delada Scoot Ride nudi otroku najbolj\u0161o za\u0161\u010dito pred padci. Posebno oblikovani in prilagodljiv notranji del \u010delade zavaruje otrokovo lobanjo.","og_url":"https:\/\/ajatutaja.com\/izdelek\/scootride-otroska-celada-wildcat\/","og_site_name":"Ajatutaja","article_modified_time":"2026-03-04T15:20:10+00:00","og_image":[{"width":636,"height":636,"url":"https:\/\/ajatutaja.com\/wp-content\/uploads\/2026\/03\/scootandride-otroska-celada-xxs-wildcat-0.webp","type":"image\/webp"}],"twitter_card":"summary_large_image","twitter_misc":{"Procijenjeno vrijeme \u010ditanja":"1 minuta"},"schema":{"@context":"https:\/\/schema.org","@graph":[{"@type":"WebPage","@id":"https:\/\/ajatutaja.com\/izdelek\/scootride-otroska-celada-wildcat\/","url":"https:\/\/ajatutaja.com\/izdelek\/scootride-otroska-celada-wildcat\/","name":"Scoot&amp;Ride otro\u0161ka \u010delada - Wildcat | Ajatutaja","isPartOf":{"@id":"https:\/\/ajatutaja.com\/#website"},"primaryImageOfPage":{"@id":"https:\/\/ajatutaja.com\/izdelek\/scootride-otroska-celada-wildcat\/#primaryimage"},"image":{"@id":"https:\/\/ajatutaja.com\/izdelek\/scootride-otroska-celada-wildcat\/#primaryimage"},"thumbnailUrl":"https:\/\/ajatutaja.com\/wp-content\/uploads\/2026\/03\/scootandride-otroska-celada-xxs-wildcat-0.webp","datePublished":"2024-10-07T21:14:02+00:00","dateModified":"2026-03-04T15:20:10+00:00","description":"Otro\u0161ka \u010delada Scoot Ride nudi otroku najbolj\u0161o za\u0161\u010dito pred padci. Posebno oblikovani in prilagodljiv notranji del \u010delade zavaruje otrokovo lobanjo.","breadcrumb":{"@id":"https:\/\/ajatutaja.com\/izdelek\/scootride-otroska-celada-wildcat\/#breadcrumb"},"inLanguage":"hr","potentialAction":[{"@type":"ReadAction","target":["https:\/\/ajatutaja.com\/izdelek\/scootride-otroska-celada-wildcat\/"]}]},{"@type":"ImageObject","inLanguage":"hr","@id":"https:\/\/ajatutaja.com\/izdelek\/scootride-otroska-celada-wildcat\/#primaryimage","url":"https:\/\/ajatutaja.com\/wp-content\/uploads\/2026\/03\/scootandride-otroska-celada-xxs-wildcat-0.webp","contentUrl":"https:\/\/ajatutaja.com\/wp-content\/uploads\/2026\/03\/scootandride-otroska-celada-xxs-wildcat-0.webp","width":636,"height":636},{"@type":"BreadcrumbList","@id":"https:\/\/ajatutaja.com\/izdelek\/scootride-otroska-celada-wildcat\/#breadcrumb","itemListElement":[{"@type":"ListItem","position":1,"name":"Home","item":"https:\/\/ajatutaja.com\/hr\/"},{"@type":"ListItem","position":2,"name":"Trgovina","item":"https:\/\/ajatutaja.com\/hr\/trgovina\/"},{"@type":"ListItem","position":3,"name":"Scoot&amp;Ride otro\u0161ka \u010delada &#8211; Wildcat"}]},{"@type":"WebSite","@id":"https:\/\/ajatutaja.com\/#website","url":"https:\/\/ajatutaja.com\/","name":"Ajatutaja","description":"Otro\u0161ka spletna trgovina AJATUTAJA","publisher":{"@id":"https:\/\/ajatutaja.com\/#organization"},"potentialAction":[{"@type":"SearchAction","target":{"@type":"EntryPoint","urlTemplate":"https:\/\/ajatutaja.com\/?s={search_term_string}"},"query-input":{"@type":"PropertyValueSpecification","valueRequired":true,"valueName":"search_term_string"}}],"inLanguage":"hr"},{"@type":"Organization","@id":"https:\/\/ajatutaja.com\/#organization","name":"Ajatutaja","url":"https:\/\/ajatutaja.com\/","logo":{"@type":"ImageObject","inLanguage":"hr","@id":"https:\/\/ajatutaja.com\/#\/schema\/logo\/image\/","url":"https:\/\/ajatutaja.com\/wp-content\/uploads\/2021\/10\/logo.png","contentUrl":"https:\/\/ajatutaja.com\/wp-content\/uploads\/2021\/10\/logo.png","width":555,"height":150,"caption":"Ajatutaja"},"image":{"@id":"https:\/\/ajatutaja.com\/#\/schema\/logo\/image\/"}}]}},"brands":[{"id":2409,"name":"Potepanje","slug":"potepanje"},{"id":2428,"name":"Scoot&amp;Ride","slug":"scootride"}],"_links":{"self":[{"href":"https:\/\/ajatutaja.com\/hr\/wp-json\/wp\/v2\/product\/86840","targetHints":{"allow":["GET"]}}],"collection":[{"href":"https:\/\/ajatutaja.com\/hr\/wp-json\/wp\/v2\/product"}],"about":[{"href":"https:\/\/ajatutaja.com\/hr\/wp-json\/wp\/v2\/types\/product"}],"wp:featuredmedia":[{"embeddable":true,"href":"https:\/\/ajatutaja.com\/hr\/wp-json\/wp\/v2\/media\/86842"}],"wp:attachment":[{"href":"https:\/\/ajatutaja.com\/hr\/wp-json\/wp\/v2\/media?parent=86840"}],"wp:term":[{"taxonomy":"pwb-brand","embeddable":true,"href":"https:\/\/ajatutaja.com\/hr\/wp-json\/wp\/v2\/pwb-brand?post=86840"},{"taxonomy":"product_brand","embeddable":true,"href":"https:\/\/ajatutaja.com\/hr\/wp-json\/wp\/v2\/product_brand?post=86840"},{"taxonomy":"product_cat","embeddable":true,"href":"https:\/\/ajatutaja.com\/hr\/wp-json\/wp\/v2\/product_cat?post=86840"},{"taxonomy":"product_tag","embeddable":true,"href":"https:\/\/ajatutaja.com\/hr\/wp-json\/wp\/v2\/product_tag?post=86840"}],"curies":[{"name":"wp","href":"https:\/\/api.w.org\/{rel}","templated":true}]}}