{"id":86779,"date":"2025-03-04T14:06:33","date_gmt":"2025-03-04T13:06:33","guid":{"rendered":"https:\/\/ajatutaja.com\/?post_type=product&#038;p=86779"},"modified":"2026-03-20T12:20:05","modified_gmt":"2026-03-20T11:20:05","slug":"nedrcek-za-dojenje-anita-5037-kosarice-e-g","status":"publish","type":"product","link":"https:\/\/ajatutaja.com\/hr\/proizvod\/nedrcek-za-dojenje-anita-5037-kosarice-e-g\/","title":{"rendered":"Nedr\u010dek za dojenje Anita 5037 (ko\u0161arice E, G)"},"content":{"rendered":"<p>[vc_row][vc_column][vc_column_text]Gladka tkanina iz zra\u010dnih mikrovlaken, mehki robovi in brez\u0161ivna zasnova naredijo nedr\u010dek Anita Basic nepogre\u0161ljiv kos v garderobi vsake novope\u010dene mamice. Vgrajene podporne podloge za prsi med dvoplastnimi, oblikovanimi ko\u0161aricami, zagotavljajo brezhibno prileganje in stabilnost tudi pri ve\u010djih velikostih. Sistem s sponko, ki se lahko odpira in zapira z eno roko, omogo\u010da hitro in enostavno dojenje.<\/p>\n<h4>Karakteristike nedr\u010dka za dojenje s kostjo Anita 5037:<\/h4>\n<ul>\n<li>Brez\u0161ivne in zra\u010dne ko\u0161arice brez kosti<\/li>\n<li>Optimalna izbira za ve\u010dje prsi<\/li>\n<li>Nedr\u010dek je narejen iz zra\u010dnih mikrovlaken v dveh slojih<\/li>\n<li>Oja\u010dane naramnice<\/li>\n<li>Predel okoli prsi in zadnji del so narejeni iz zelo pro\u017ene, mehke tkanine<\/li>\n<li>Surovinska sestava: 80% poliamid, 20% elastan (Lycra) &#8211; mikrovlakna<\/li>\n<li>Vzdr\u017eevanje:<\/li>\n<\/ul>\n<p style=\"text-align: left\"><a href=\"https:\/\/ajatutaja.com\/wp-content\/uploads\/2015\/09\/VZDRZEVANJE1.png\"><img loading=\"lazy\" decoding=\"async\" class=\"size-full wp-image-8366 alignleft\" src=\"https:\/\/ajatutaja.com\/wp-content\/uploads\/2015\/09\/VZDRZEVANJE1.png\" alt=\"VZDRZEVANJE\" width=\"167\" height=\"22\" \/><\/a><\/p>\n<p>[\/vc_column_text][\/vc_column][\/vc_row]<\/p>\n","protected":false},"excerpt":{"rendered":"<div style=\"text-align: justify\">Brez\u0161ivni nedr\u010dek za dojenje Anita 5037 nudi izredno dobro oporo ve\u010djim prsim. Toplotno obdelane pro\u017ene ko\u0161arice iz dveh slojev, so izredno lahke in zra\u010dne, kar omogo\u010da izjemno udobje.<\/div>\n","protected":false},"featured_media":86764,"template":"","meta":[],"pwb-brand":[2295,2268],"product_brand":[],"product_cat":[3975,2293,2265,2283,2292,2742],"product_tag":[4027],"class_list":{"0":"post-86779","1":"product","2":"type-product","3":"status-publish","4":"has-post-thumbnail","6":"pwb-brand-anita-maternity-dojenje","7":"pwb-brand-dojenje","8":"product_cat-akcija","9":"product_cat-brezsivni-nedrcki-za-dojenje","10":"product_cat-dojenje","11":"product_cat-modrci-za-dojenje","12":"product_cat-nedrcki-za-vecje-prsi","13":"product_cat-outlet","14":"product_tag-anita-maternity","16":"first","17":"instock","18":"sale","19":"taxable","20":"shipping-taxable","21":"purchasable","22":"product-type-variable","23":"add-to-wishlist-before_image"},"yoast_head":"<!-- This site is optimized with the Yoast SEO plugin v27.3 - https:\/\/yoast.com\/product\/yoast-seo-wordpress\/ -->\n<title>Nedr\u010dek za dojenje Anita 5037 (ko\u0161arice E, G) | Ajatutaja<\/title>\n<meta name=\"description\" content=\"Brez\u0161ivni nedr\u010dek za dojenje Anita 5037 nudi izredno dobro oporo ve\u010djim prsim. Toplotno obdelane pro\u017ene ko\u0161arice iz dveh slojev, so izredno lahke in zra\u010dne, kar omogo\u010da izjemno udobje.\u00a0\" \/>\n<meta name=\"robots\" content=\"index, follow, max-snippet:-1, max-image-preview:large, max-video-preview:-1\" \/>\n<link rel=\"canonical\" href=\"https:\/\/ajatutaja.com\/izdelek\/nedrcek-za-dojenje-anita-5037-kosarice-e-g\/\" \/>\n<meta property=\"og:locale\" content=\"hr_HR\" \/>\n<meta property=\"og:type\" content=\"article\" \/>\n<meta property=\"og:title\" content=\"Nedr\u010dek za dojenje Anita 5037 (ko\u0161arice E, G) | Ajatutaja\" \/>\n<meta property=\"og:description\" content=\"Brez\u0161ivni nedr\u010dek za dojenje Anita 5037 nudi izredno dobro oporo ve\u010djim prsim. Toplotno obdelane pro\u017ene ko\u0161arice iz dveh slojev, so izredno lahke in zra\u010dne, kar omogo\u010da izjemno udobje.\u00a0\" \/>\n<meta property=\"og:url\" content=\"https:\/\/ajatutaja.com\/izdelek\/nedrcek-za-dojenje-anita-5037-kosarice-e-g\/\" \/>\n<meta property=\"og:site_name\" content=\"Ajatutaja\" \/>\n<meta property=\"article:modified_time\" content=\"2026-03-20T11:20:05+00:00\" \/>\n<meta property=\"og:image\" content=\"https:\/\/ajatutaja.com\/wp-content\/uploads\/2026\/03\/5037-001_02.jpg\" \/>\n\t<meta property=\"og:image:width\" content=\"700\" \/>\n\t<meta property=\"og:image:height\" content=\"700\" \/>\n\t<meta property=\"og:image:type\" content=\"image\/jpeg\" \/>\n<meta name=\"twitter:card\" content=\"summary_large_image\" \/>\n<meta name=\"twitter:label1\" content=\"Procijenjeno vrijeme \u010ditanja\" \/>\n\t<meta name=\"twitter:data1\" content=\"1 minuta\" \/>\n<script type=\"application\/ld+json\" class=\"yoast-schema-graph\">{\"@context\":\"https:\\\/\\\/schema.org\",\"@graph\":[{\"@type\":\"WebPage\",\"@id\":\"https:\\\/\\\/ajatutaja.com\\\/izdelek\\\/nedrcek-za-dojenje-anita-5037-kosarice-e-g\\\/\",\"url\":\"https:\\\/\\\/ajatutaja.com\\\/izdelek\\\/nedrcek-za-dojenje-anita-5037-kosarice-e-g\\\/\",\"name\":\"Nedr\u010dek za dojenje Anita 5037 (ko\u0161arice E, G) | Ajatutaja\",\"isPartOf\":{\"@id\":\"https:\\\/\\\/ajatutaja.com\\\/#website\"},\"primaryImageOfPage\":{\"@id\":\"https:\\\/\\\/ajatutaja.com\\\/izdelek\\\/nedrcek-za-dojenje-anita-5037-kosarice-e-g\\\/#primaryimage\"},\"image\":{\"@id\":\"https:\\\/\\\/ajatutaja.com\\\/izdelek\\\/nedrcek-za-dojenje-anita-5037-kosarice-e-g\\\/#primaryimage\"},\"thumbnailUrl\":\"https:\\\/\\\/ajatutaja.com\\\/wp-content\\\/uploads\\\/2026\\\/03\\\/5037-001_02.jpg\",\"datePublished\":\"2025-03-04T13:06:33+00:00\",\"dateModified\":\"2026-03-20T11:20:05+00:00\",\"description\":\"Brez\u0161ivni nedr\u010dek za dojenje Anita 5037 nudi izredno dobro oporo ve\u010djim prsim. Toplotno obdelane pro\u017ene ko\u0161arice iz dveh slojev, so izredno lahke in zra\u010dne, kar omogo\u010da izjemno udobje.\u00a0\",\"breadcrumb\":{\"@id\":\"https:\\\/\\\/ajatutaja.com\\\/izdelek\\\/nedrcek-za-dojenje-anita-5037-kosarice-e-g\\\/#breadcrumb\"},\"inLanguage\":\"hr\",\"potentialAction\":[{\"@type\":\"ReadAction\",\"target\":[\"https:\\\/\\\/ajatutaja.com\\\/izdelek\\\/nedrcek-za-dojenje-anita-5037-kosarice-e-g\\\/\"]}]},{\"@type\":\"ImageObject\",\"inLanguage\":\"hr\",\"@id\":\"https:\\\/\\\/ajatutaja.com\\\/izdelek\\\/nedrcek-za-dojenje-anita-5037-kosarice-e-g\\\/#primaryimage\",\"url\":\"https:\\\/\\\/ajatutaja.com\\\/wp-content\\\/uploads\\\/2026\\\/03\\\/5037-001_02.jpg\",\"contentUrl\":\"https:\\\/\\\/ajatutaja.com\\\/wp-content\\\/uploads\\\/2026\\\/03\\\/5037-001_02.jpg\",\"width\":700,\"height\":700},{\"@type\":\"BreadcrumbList\",\"@id\":\"https:\\\/\\\/ajatutaja.com\\\/izdelek\\\/nedrcek-za-dojenje-anita-5037-kosarice-e-g\\\/#breadcrumb\",\"itemListElement\":[{\"@type\":\"ListItem\",\"position\":1,\"name\":\"Home\",\"item\":\"https:\\\/\\\/ajatutaja.com\\\/hr\\\/\"},{\"@type\":\"ListItem\",\"position\":2,\"name\":\"Trgovina\",\"item\":\"https:\\\/\\\/ajatutaja.com\\\/hr\\\/trgovina\\\/\"},{\"@type\":\"ListItem\",\"position\":3,\"name\":\"Nedr\u010dek za dojenje Anita 5037 (ko\u0161arice E, G)\"}]},{\"@type\":\"WebSite\",\"@id\":\"https:\\\/\\\/ajatutaja.com\\\/#website\",\"url\":\"https:\\\/\\\/ajatutaja.com\\\/\",\"name\":\"Ajatutaja\",\"description\":\"Otro\u0161ka spletna trgovina AJATUTAJA\",\"publisher\":{\"@id\":\"https:\\\/\\\/ajatutaja.com\\\/#organization\"},\"potentialAction\":[{\"@type\":\"SearchAction\",\"target\":{\"@type\":\"EntryPoint\",\"urlTemplate\":\"https:\\\/\\\/ajatutaja.com\\\/?s={search_term_string}\"},\"query-input\":{\"@type\":\"PropertyValueSpecification\",\"valueRequired\":true,\"valueName\":\"search_term_string\"}}],\"inLanguage\":\"hr\"},{\"@type\":\"Organization\",\"@id\":\"https:\\\/\\\/ajatutaja.com\\\/#organization\",\"name\":\"Ajatutaja\",\"url\":\"https:\\\/\\\/ajatutaja.com\\\/\",\"logo\":{\"@type\":\"ImageObject\",\"inLanguage\":\"hr\",\"@id\":\"https:\\\/\\\/ajatutaja.com\\\/#\\\/schema\\\/logo\\\/image\\\/\",\"url\":\"https:\\\/\\\/ajatutaja.com\\\/wp-content\\\/uploads\\\/2021\\\/10\\\/logo.png\",\"contentUrl\":\"https:\\\/\\\/ajatutaja.com\\\/wp-content\\\/uploads\\\/2021\\\/10\\\/logo.png\",\"width\":555,\"height\":150,\"caption\":\"Ajatutaja\"},\"image\":{\"@id\":\"https:\\\/\\\/ajatutaja.com\\\/#\\\/schema\\\/logo\\\/image\\\/\"}}]}<\/script>\n<!-- \/ Yoast SEO plugin. -->","yoast_head_json":{"title":"Nedr\u010dek za dojenje Anita 5037 (ko\u0161arice E, G) | Ajatutaja","description":"Brez\u0161ivni nedr\u010dek za dojenje Anita 5037 nudi izredno dobro oporo ve\u010djim prsim. Toplotno obdelane pro\u017ene ko\u0161arice iz dveh slojev, so izredno lahke in zra\u010dne, kar omogo\u010da izjemno udobje.\u00a0","robots":{"index":"index","follow":"follow","max-snippet":"max-snippet:-1","max-image-preview":"max-image-preview:large","max-video-preview":"max-video-preview:-1"},"canonical":"https:\/\/ajatutaja.com\/izdelek\/nedrcek-za-dojenje-anita-5037-kosarice-e-g\/","og_locale":"hr_HR","og_type":"article","og_title":"Nedr\u010dek za dojenje Anita 5037 (ko\u0161arice E, G) | Ajatutaja","og_description":"Brez\u0161ivni nedr\u010dek za dojenje Anita 5037 nudi izredno dobro oporo ve\u010djim prsim. Toplotno obdelane pro\u017ene ko\u0161arice iz dveh slojev, so izredno lahke in zra\u010dne, kar omogo\u010da izjemno udobje.\u00a0","og_url":"https:\/\/ajatutaja.com\/izdelek\/nedrcek-za-dojenje-anita-5037-kosarice-e-g\/","og_site_name":"Ajatutaja","article_modified_time":"2026-03-20T11:20:05+00:00","og_image":[{"width":700,"height":700,"url":"https:\/\/ajatutaja.com\/wp-content\/uploads\/2026\/03\/5037-001_02.jpg","type":"image\/jpeg"}],"twitter_card":"summary_large_image","twitter_misc":{"Procijenjeno vrijeme \u010ditanja":"1 minuta"},"schema":{"@context":"https:\/\/schema.org","@graph":[{"@type":"WebPage","@id":"https:\/\/ajatutaja.com\/izdelek\/nedrcek-za-dojenje-anita-5037-kosarice-e-g\/","url":"https:\/\/ajatutaja.com\/izdelek\/nedrcek-za-dojenje-anita-5037-kosarice-e-g\/","name":"Nedr\u010dek za dojenje Anita 5037 (ko\u0161arice E, G) | Ajatutaja","isPartOf":{"@id":"https:\/\/ajatutaja.com\/#website"},"primaryImageOfPage":{"@id":"https:\/\/ajatutaja.com\/izdelek\/nedrcek-za-dojenje-anita-5037-kosarice-e-g\/#primaryimage"},"image":{"@id":"https:\/\/ajatutaja.com\/izdelek\/nedrcek-za-dojenje-anita-5037-kosarice-e-g\/#primaryimage"},"thumbnailUrl":"https:\/\/ajatutaja.com\/wp-content\/uploads\/2026\/03\/5037-001_02.jpg","datePublished":"2025-03-04T13:06:33+00:00","dateModified":"2026-03-20T11:20:05+00:00","description":"Brez\u0161ivni nedr\u010dek za dojenje Anita 5037 nudi izredno dobro oporo ve\u010djim prsim. Toplotno obdelane pro\u017ene ko\u0161arice iz dveh slojev, so izredno lahke in zra\u010dne, kar omogo\u010da izjemno udobje.\u00a0","breadcrumb":{"@id":"https:\/\/ajatutaja.com\/izdelek\/nedrcek-za-dojenje-anita-5037-kosarice-e-g\/#breadcrumb"},"inLanguage":"hr","potentialAction":[{"@type":"ReadAction","target":["https:\/\/ajatutaja.com\/izdelek\/nedrcek-za-dojenje-anita-5037-kosarice-e-g\/"]}]},{"@type":"ImageObject","inLanguage":"hr","@id":"https:\/\/ajatutaja.com\/izdelek\/nedrcek-za-dojenje-anita-5037-kosarice-e-g\/#primaryimage","url":"https:\/\/ajatutaja.com\/wp-content\/uploads\/2026\/03\/5037-001_02.jpg","contentUrl":"https:\/\/ajatutaja.com\/wp-content\/uploads\/2026\/03\/5037-001_02.jpg","width":700,"height":700},{"@type":"BreadcrumbList","@id":"https:\/\/ajatutaja.com\/izdelek\/nedrcek-za-dojenje-anita-5037-kosarice-e-g\/#breadcrumb","itemListElement":[{"@type":"ListItem","position":1,"name":"Home","item":"https:\/\/ajatutaja.com\/hr\/"},{"@type":"ListItem","position":2,"name":"Trgovina","item":"https:\/\/ajatutaja.com\/hr\/trgovina\/"},{"@type":"ListItem","position":3,"name":"Nedr\u010dek za dojenje Anita 5037 (ko\u0161arice E, G)"}]},{"@type":"WebSite","@id":"https:\/\/ajatutaja.com\/#website","url":"https:\/\/ajatutaja.com\/","name":"Ajatutaja","description":"Otro\u0161ka spletna trgovina AJATUTAJA","publisher":{"@id":"https:\/\/ajatutaja.com\/#organization"},"potentialAction":[{"@type":"SearchAction","target":{"@type":"EntryPoint","urlTemplate":"https:\/\/ajatutaja.com\/?s={search_term_string}"},"query-input":{"@type":"PropertyValueSpecification","valueRequired":true,"valueName":"search_term_string"}}],"inLanguage":"hr"},{"@type":"Organization","@id":"https:\/\/ajatutaja.com\/#organization","name":"Ajatutaja","url":"https:\/\/ajatutaja.com\/","logo":{"@type":"ImageObject","inLanguage":"hr","@id":"https:\/\/ajatutaja.com\/#\/schema\/logo\/image\/","url":"https:\/\/ajatutaja.com\/wp-content\/uploads\/2021\/10\/logo.png","contentUrl":"https:\/\/ajatutaja.com\/wp-content\/uploads\/2021\/10\/logo.png","width":555,"height":150,"caption":"Ajatutaja"},"image":{"@id":"https:\/\/ajatutaja.com\/#\/schema\/logo\/image\/"}}]}},"brands":[{"id":2295,"name":"Anita Maternity","slug":"anita-maternity-dojenje"},{"id":2268,"name":"Dojenje","slug":"dojenje"}],"_links":{"self":[{"href":"https:\/\/ajatutaja.com\/hr\/wp-json\/wp\/v2\/product\/86779","targetHints":{"allow":["GET"]}}],"collection":[{"href":"https:\/\/ajatutaja.com\/hr\/wp-json\/wp\/v2\/product"}],"about":[{"href":"https:\/\/ajatutaja.com\/hr\/wp-json\/wp\/v2\/types\/product"}],"wp:featuredmedia":[{"embeddable":true,"href":"https:\/\/ajatutaja.com\/hr\/wp-json\/wp\/v2\/media\/86764"}],"wp:attachment":[{"href":"https:\/\/ajatutaja.com\/hr\/wp-json\/wp\/v2\/media?parent=86779"}],"wp:term":[{"taxonomy":"pwb-brand","embeddable":true,"href":"https:\/\/ajatutaja.com\/hr\/wp-json\/wp\/v2\/pwb-brand?post=86779"},{"taxonomy":"product_brand","embeddable":true,"href":"https:\/\/ajatutaja.com\/hr\/wp-json\/wp\/v2\/product_brand?post=86779"},{"taxonomy":"product_cat","embeddable":true,"href":"https:\/\/ajatutaja.com\/hr\/wp-json\/wp\/v2\/product_cat?post=86779"},{"taxonomy":"product_tag","embeddable":true,"href":"https:\/\/ajatutaja.com\/hr\/wp-json\/wp\/v2\/product_tag?post=86779"}],"curies":[{"name":"wp","href":"https:\/\/api.w.org\/{rel}","templated":true}]}}