{"id":86571,"date":"2026-02-27T20:36:25","date_gmt":"2026-02-27T19:36:25","guid":{"rendered":"https:\/\/ajatutaja.com\/?post_type=product&#038;p=86571"},"modified":"2026-03-09T07:16:22","modified_gmt":"2026-03-09T06:16:22","slug":"avtosedez-besafe-izi-flex-fix-2-i-size-100-150-cm-softbreeze-black","status":"publish","type":"product","link":"https:\/\/ajatutaja.com\/hr\/proizvod\/avtosedez-besafe-izi-flex-fix-2-i-size-100-150-cm-softbreeze-black\/","title":{"rendered":"Avtosede\u017e BeSafe iZi Flex FIX 2 i-Size (100-150 cm) &#8211; SoftBreeze Black"},"content":{"rendered":"<p>[vc_row][vc_column][vc_column_text]Avtosede\u017e BeSafe iZi Flex FIX2\u00a0 i-Size\u00a0 omogo\u010da enostavno nastavitev naklona, kar zagotavlja dodatno udobje in varuje va\u0161ega otroka. Ko otrok zaspi v avtu, mu rahel naklon pomaga, da ostanejo glava in trup za\u0161\u010diteni znotraj avtosede\u017ea. Zagotavlja visoke standarde varnosti in \u0161tevilne druge prakti\u010dne zna\u010dilnosti, ter je izredno udoben in primeren za otroke vi\u0161ine od 100 do 150 cm. Obenem pa omogo\u010da prevoz treh otrok v avtomobilskih sede\u017eih v eni vrsti na zadnji klopi avtomobila.<\/p>\n<p>Ta avtosede\u017e se uporablja, ko je otrok pripravljen, da med vo\u017enjo sedi obrnjen naprej (od 4. leta ali starej\u0161i). Zdru\u017euje odli\u010dno varnost, optimalno udobje in kakovosten dizajn, da lahko v avtomobil spravimo <b>do tri otro\u0161ke avtosede\u017ee v vrsti.<\/b> Naredite prostor za do tri otroke v vrsti tako, da enostavno odstranite dodatno SIP za\u0161\u010dito s srednjega sede\u017ea.<\/p>\n<p><a href=\"https:\/\/www.besafe.com\/wp-content\/uploads\/2017\/10\/BeSafe-iZi-Flex-FIX-i-Size-user-manual-2018-01-12-web.pdf\"><strong>NAVODILA ZA UPORABO<\/strong><\/a><\/p>\n<p><strong>Lastnosti avtosede\u017ea BeSafe iZi Flex FIX 2:<\/strong><\/p>\n<ul>\n<li>Skupina: 2,3 ali 15-36 kg<\/li>\n<li>Starost: od 4. do 12. leta starosti<\/li>\n<li>Namestitev: avtomobilski varnostni pas ali ISOfix<\/li>\n<li>Smer vo\u017enje<\/li>\n<li>Te\u017ea avtosede\u017ea: 7 kg<\/li>\n<li>Dimenzije (cm): 42g x 52\u0161 x 64v<\/li>\n<li>Vi\u0161ina v najvi\u0161ji poziciji: 82 cm<\/li>\n<\/ul>\n<p><strong>Varnost<\/strong><\/p>\n<ul>\n<li>Skladno z novimi predpisi UN R129-02<\/li>\n<li>Podloga je oblikovana za dodatno za\u0161\u010dito brade in prsnega ko\u0161a<\/li>\n<li>Zaklenjen polo\u017eaj za namestitev ISOfix<\/li>\n<li>Za\u0161\u010dita pred bo\u010dnim udarcem (SIP +)<\/li>\n<li>Vodilo za ramena in bok &#8211; za pravilno pozicijo<\/li>\n<\/ul>\n<p><strong>Udobje<\/strong><\/p>\n<ul>\n<li>Naslon za glavo je zasnovan za stransko vidljivost in spalno podporo<\/li>\n<li>Prilagoditev vi\u0161ine; raste z otrokom<\/li>\n<li>Pad+ meh\u010da varnostni pas za dodatno udobje<\/li>\n<li>Vgrajen ro\u010daj za enostavno prena\u0161anje avtosede\u017ea<\/li>\n<li>Nova zra\u010dna &#8220;Soft Breeze&#8221; tkanina za ve\u010dje udobje<\/li>\n<\/ul>\n<p>[\/vc_column_text][\/vc_column][\/vc_row]<\/p>\n","protected":false},"excerpt":{"rendered":"<p>Novi BeSafe avtosede\u017e iZi Flex FIX 2 s SoftBreeze zra\u010dno tkanino zagotavlja bistveno vi\u0161jo raven udobja in prometne varnosti in za\u0161\u010dite za telo in glavo otroka v primeru trka in ve\u010dje udobje med vo\u017enjo.<\/p>\n","protected":false},"featured_media":86562,"template":"","meta":[],"pwb-brand":[2351,2352],"product_brand":[],"product_cat":[2339,2348,2345],"product_tag":[4117,4546],"class_list":{"0":"post-86571","1":"product","2":"type-product","3":"status-publish","4":"has-post-thumbnail","6":"pwb-brand-avtosedezi","7":"pwb-brand-besafe","8":"product_cat-avtosedezi","9":"product_cat-i-size-100-150-cm","10":"product_cat-skupina-2-3-15-36-kg","11":"product_tag-besafe","12":"product_tag-izi-flex-fix","14":"first","15":"instock","16":"taxable","17":"shipping-taxable","18":"purchasable","19":"product-type-simple","20":"add-to-wishlist-before_image"},"yoast_head":"<!-- This site is optimized with the Yoast SEO plugin v27.3 - https:\/\/yoast.com\/product\/yoast-seo-wordpress\/ -->\n<title>Avtosede\u017e BeSafe iZi Flex FIX 2 i-Size (100-150 cm) - SoftBreeze Black | Ajatutaja<\/title>\n<meta name=\"description\" content=\"Novi avtosede\u017e BeSafe iZi Flex FIX 2 i-Size zagotavlja bistveno vi\u0161jo raven prometne varnosti in za\u0161\u010dite za telo in glavo otroka v primeru trka in ve\u010dje udobje med vo\u017enjo.\" \/>\n<meta name=\"robots\" content=\"index, follow, max-snippet:-1, max-image-preview:large, max-video-preview:-1\" \/>\n<link rel=\"canonical\" href=\"https:\/\/ajatutaja.com\/izdelek\/avtosedez-besafe-izi-flex-fix-2-i-size-100-150-cm-softbreeze-black\/\" \/>\n<meta property=\"og:locale\" content=\"hr_HR\" \/>\n<meta property=\"og:type\" content=\"article\" \/>\n<meta property=\"og:title\" content=\"Avtosede\u017e BeSafe iZi Flex FIX 2 i-Size (100-150 cm) - SoftBreeze Black | Ajatutaja\" \/>\n<meta property=\"og:description\" content=\"Novi avtosede\u017e BeSafe iZi Flex FIX 2 i-Size zagotavlja bistveno vi\u0161jo raven prometne varnosti in za\u0161\u010dite za telo in glavo otroka v primeru trka in ve\u010dje udobje med vo\u017enjo.\" \/>\n<meta property=\"og:url\" content=\"https:\/\/ajatutaja.com\/izdelek\/avtosedez-besafe-izi-flex-fix-2-i-size-100-150-cm-softbreeze-black\/\" \/>\n<meta property=\"og:site_name\" content=\"Ajatutaja\" \/>\n<meta property=\"article:modified_time\" content=\"2026-03-09T06:16:22+00:00\" \/>\n<meta property=\"og:image\" content=\"https:\/\/ajatutaja.com\/wp-content\/uploads\/2026\/02\/11037469__BeSafe-Flex-FIX-2__Black-SoftBreeze_Front.webp\" \/>\n\t<meta property=\"og:image:width\" content=\"1080\" \/>\n\t<meta property=\"og:image:height\" content=\"1080\" \/>\n\t<meta property=\"og:image:type\" content=\"image\/webp\" \/>\n<meta name=\"twitter:card\" content=\"summary_large_image\" \/>\n<meta name=\"twitter:label1\" content=\"Procijenjeno vrijeme \u010ditanja\" \/>\n\t<meta name=\"twitter:data1\" content=\"1 minuta\" \/>\n<script type=\"application\/ld+json\" class=\"yoast-schema-graph\">{\"@context\":\"https:\\\/\\\/schema.org\",\"@graph\":[{\"@type\":\"WebPage\",\"@id\":\"https:\\\/\\\/ajatutaja.com\\\/izdelek\\\/avtosedez-besafe-izi-flex-fix-2-i-size-100-150-cm-softbreeze-black\\\/\",\"url\":\"https:\\\/\\\/ajatutaja.com\\\/izdelek\\\/avtosedez-besafe-izi-flex-fix-2-i-size-100-150-cm-softbreeze-black\\\/\",\"name\":\"Avtosede\u017e BeSafe iZi Flex FIX 2 i-Size (100-150 cm) - SoftBreeze Black | Ajatutaja\",\"isPartOf\":{\"@id\":\"https:\\\/\\\/ajatutaja.com\\\/#website\"},\"primaryImageOfPage\":{\"@id\":\"https:\\\/\\\/ajatutaja.com\\\/izdelek\\\/avtosedez-besafe-izi-flex-fix-2-i-size-100-150-cm-softbreeze-black\\\/#primaryimage\"},\"image\":{\"@id\":\"https:\\\/\\\/ajatutaja.com\\\/izdelek\\\/avtosedez-besafe-izi-flex-fix-2-i-size-100-150-cm-softbreeze-black\\\/#primaryimage\"},\"thumbnailUrl\":\"https:\\\/\\\/ajatutaja.com\\\/wp-content\\\/uploads\\\/2026\\\/02\\\/11037469__BeSafe-Flex-FIX-2__Black-SoftBreeze_Front.webp\",\"datePublished\":\"2026-02-27T19:36:25+00:00\",\"dateModified\":\"2026-03-09T06:16:22+00:00\",\"description\":\"Novi avtosede\u017e BeSafe iZi Flex FIX 2 i-Size zagotavlja bistveno vi\u0161jo raven prometne varnosti in za\u0161\u010dite za telo in glavo otroka v primeru trka in ve\u010dje udobje med vo\u017enjo.\",\"breadcrumb\":{\"@id\":\"https:\\\/\\\/ajatutaja.com\\\/izdelek\\\/avtosedez-besafe-izi-flex-fix-2-i-size-100-150-cm-softbreeze-black\\\/#breadcrumb\"},\"inLanguage\":\"hr\",\"potentialAction\":[{\"@type\":\"ReadAction\",\"target\":[\"https:\\\/\\\/ajatutaja.com\\\/izdelek\\\/avtosedez-besafe-izi-flex-fix-2-i-size-100-150-cm-softbreeze-black\\\/\"]}]},{\"@type\":\"ImageObject\",\"inLanguage\":\"hr\",\"@id\":\"https:\\\/\\\/ajatutaja.com\\\/izdelek\\\/avtosedez-besafe-izi-flex-fix-2-i-size-100-150-cm-softbreeze-black\\\/#primaryimage\",\"url\":\"https:\\\/\\\/ajatutaja.com\\\/wp-content\\\/uploads\\\/2026\\\/02\\\/11037469__BeSafe-Flex-FIX-2__Black-SoftBreeze_Front.webp\",\"contentUrl\":\"https:\\\/\\\/ajatutaja.com\\\/wp-content\\\/uploads\\\/2026\\\/02\\\/11037469__BeSafe-Flex-FIX-2__Black-SoftBreeze_Front.webp\",\"width\":1080,\"height\":1080},{\"@type\":\"BreadcrumbList\",\"@id\":\"https:\\\/\\\/ajatutaja.com\\\/izdelek\\\/avtosedez-besafe-izi-flex-fix-2-i-size-100-150-cm-softbreeze-black\\\/#breadcrumb\",\"itemListElement\":[{\"@type\":\"ListItem\",\"position\":1,\"name\":\"Home\",\"item\":\"https:\\\/\\\/ajatutaja.com\\\/hr\\\/\"},{\"@type\":\"ListItem\",\"position\":2,\"name\":\"Trgovina\",\"item\":\"https:\\\/\\\/ajatutaja.com\\\/hr\\\/trgovina\\\/\"},{\"@type\":\"ListItem\",\"position\":3,\"name\":\"Avtosede\u017e BeSafe iZi Flex FIX 2 i-Size (100-150 cm) &#8211; SoftBreeze Black\"}]},{\"@type\":\"WebSite\",\"@id\":\"https:\\\/\\\/ajatutaja.com\\\/#website\",\"url\":\"https:\\\/\\\/ajatutaja.com\\\/\",\"name\":\"Ajatutaja\",\"description\":\"Otro\u0161ka spletna trgovina AJATUTAJA\",\"publisher\":{\"@id\":\"https:\\\/\\\/ajatutaja.com\\\/#organization\"},\"potentialAction\":[{\"@type\":\"SearchAction\",\"target\":{\"@type\":\"EntryPoint\",\"urlTemplate\":\"https:\\\/\\\/ajatutaja.com\\\/?s={search_term_string}\"},\"query-input\":{\"@type\":\"PropertyValueSpecification\",\"valueRequired\":true,\"valueName\":\"search_term_string\"}}],\"inLanguage\":\"hr\"},{\"@type\":\"Organization\",\"@id\":\"https:\\\/\\\/ajatutaja.com\\\/#organization\",\"name\":\"Ajatutaja\",\"url\":\"https:\\\/\\\/ajatutaja.com\\\/\",\"logo\":{\"@type\":\"ImageObject\",\"inLanguage\":\"hr\",\"@id\":\"https:\\\/\\\/ajatutaja.com\\\/#\\\/schema\\\/logo\\\/image\\\/\",\"url\":\"https:\\\/\\\/ajatutaja.com\\\/wp-content\\\/uploads\\\/2021\\\/10\\\/logo.png\",\"contentUrl\":\"https:\\\/\\\/ajatutaja.com\\\/wp-content\\\/uploads\\\/2021\\\/10\\\/logo.png\",\"width\":555,\"height\":150,\"caption\":\"Ajatutaja\"},\"image\":{\"@id\":\"https:\\\/\\\/ajatutaja.com\\\/#\\\/schema\\\/logo\\\/image\\\/\"}}]}<\/script>\n<!-- \/ Yoast SEO plugin. -->","yoast_head_json":{"title":"Avtosede\u017e BeSafe iZi Flex FIX 2 i-Size (100-150 cm) - SoftBreeze Black | Ajatutaja","description":"Novi avtosede\u017e BeSafe iZi Flex FIX 2 i-Size zagotavlja bistveno vi\u0161jo raven prometne varnosti in za\u0161\u010dite za telo in glavo otroka v primeru trka in ve\u010dje udobje med vo\u017enjo.","robots":{"index":"index","follow":"follow","max-snippet":"max-snippet:-1","max-image-preview":"max-image-preview:large","max-video-preview":"max-video-preview:-1"},"canonical":"https:\/\/ajatutaja.com\/izdelek\/avtosedez-besafe-izi-flex-fix-2-i-size-100-150-cm-softbreeze-black\/","og_locale":"hr_HR","og_type":"article","og_title":"Avtosede\u017e BeSafe iZi Flex FIX 2 i-Size (100-150 cm) - SoftBreeze Black | Ajatutaja","og_description":"Novi avtosede\u017e BeSafe iZi Flex FIX 2 i-Size zagotavlja bistveno vi\u0161jo raven prometne varnosti in za\u0161\u010dite za telo in glavo otroka v primeru trka in ve\u010dje udobje med vo\u017enjo.","og_url":"https:\/\/ajatutaja.com\/izdelek\/avtosedez-besafe-izi-flex-fix-2-i-size-100-150-cm-softbreeze-black\/","og_site_name":"Ajatutaja","article_modified_time":"2026-03-09T06:16:22+00:00","og_image":[{"width":1080,"height":1080,"url":"https:\/\/ajatutaja.com\/wp-content\/uploads\/2026\/02\/11037469__BeSafe-Flex-FIX-2__Black-SoftBreeze_Front.webp","type":"image\/webp"}],"twitter_card":"summary_large_image","twitter_misc":{"Procijenjeno vrijeme \u010ditanja":"1 minuta"},"schema":{"@context":"https:\/\/schema.org","@graph":[{"@type":"WebPage","@id":"https:\/\/ajatutaja.com\/izdelek\/avtosedez-besafe-izi-flex-fix-2-i-size-100-150-cm-softbreeze-black\/","url":"https:\/\/ajatutaja.com\/izdelek\/avtosedez-besafe-izi-flex-fix-2-i-size-100-150-cm-softbreeze-black\/","name":"Avtosede\u017e BeSafe iZi Flex FIX 2 i-Size (100-150 cm) - SoftBreeze Black | Ajatutaja","isPartOf":{"@id":"https:\/\/ajatutaja.com\/#website"},"primaryImageOfPage":{"@id":"https:\/\/ajatutaja.com\/izdelek\/avtosedez-besafe-izi-flex-fix-2-i-size-100-150-cm-softbreeze-black\/#primaryimage"},"image":{"@id":"https:\/\/ajatutaja.com\/izdelek\/avtosedez-besafe-izi-flex-fix-2-i-size-100-150-cm-softbreeze-black\/#primaryimage"},"thumbnailUrl":"https:\/\/ajatutaja.com\/wp-content\/uploads\/2026\/02\/11037469__BeSafe-Flex-FIX-2__Black-SoftBreeze_Front.webp","datePublished":"2026-02-27T19:36:25+00:00","dateModified":"2026-03-09T06:16:22+00:00","description":"Novi avtosede\u017e BeSafe iZi Flex FIX 2 i-Size zagotavlja bistveno vi\u0161jo raven prometne varnosti in za\u0161\u010dite za telo in glavo otroka v primeru trka in ve\u010dje udobje med vo\u017enjo.","breadcrumb":{"@id":"https:\/\/ajatutaja.com\/izdelek\/avtosedez-besafe-izi-flex-fix-2-i-size-100-150-cm-softbreeze-black\/#breadcrumb"},"inLanguage":"hr","potentialAction":[{"@type":"ReadAction","target":["https:\/\/ajatutaja.com\/izdelek\/avtosedez-besafe-izi-flex-fix-2-i-size-100-150-cm-softbreeze-black\/"]}]},{"@type":"ImageObject","inLanguage":"hr","@id":"https:\/\/ajatutaja.com\/izdelek\/avtosedez-besafe-izi-flex-fix-2-i-size-100-150-cm-softbreeze-black\/#primaryimage","url":"https:\/\/ajatutaja.com\/wp-content\/uploads\/2026\/02\/11037469__BeSafe-Flex-FIX-2__Black-SoftBreeze_Front.webp","contentUrl":"https:\/\/ajatutaja.com\/wp-content\/uploads\/2026\/02\/11037469__BeSafe-Flex-FIX-2__Black-SoftBreeze_Front.webp","width":1080,"height":1080},{"@type":"BreadcrumbList","@id":"https:\/\/ajatutaja.com\/izdelek\/avtosedez-besafe-izi-flex-fix-2-i-size-100-150-cm-softbreeze-black\/#breadcrumb","itemListElement":[{"@type":"ListItem","position":1,"name":"Home","item":"https:\/\/ajatutaja.com\/hr\/"},{"@type":"ListItem","position":2,"name":"Trgovina","item":"https:\/\/ajatutaja.com\/hr\/trgovina\/"},{"@type":"ListItem","position":3,"name":"Avtosede\u017e BeSafe iZi Flex FIX 2 i-Size (100-150 cm) &#8211; SoftBreeze Black"}]},{"@type":"WebSite","@id":"https:\/\/ajatutaja.com\/#website","url":"https:\/\/ajatutaja.com\/","name":"Ajatutaja","description":"Otro\u0161ka spletna trgovina AJATUTAJA","publisher":{"@id":"https:\/\/ajatutaja.com\/#organization"},"potentialAction":[{"@type":"SearchAction","target":{"@type":"EntryPoint","urlTemplate":"https:\/\/ajatutaja.com\/?s={search_term_string}"},"query-input":{"@type":"PropertyValueSpecification","valueRequired":true,"valueName":"search_term_string"}}],"inLanguage":"hr"},{"@type":"Organization","@id":"https:\/\/ajatutaja.com\/#organization","name":"Ajatutaja","url":"https:\/\/ajatutaja.com\/","logo":{"@type":"ImageObject","inLanguage":"hr","@id":"https:\/\/ajatutaja.com\/#\/schema\/logo\/image\/","url":"https:\/\/ajatutaja.com\/wp-content\/uploads\/2021\/10\/logo.png","contentUrl":"https:\/\/ajatutaja.com\/wp-content\/uploads\/2021\/10\/logo.png","width":555,"height":150,"caption":"Ajatutaja"},"image":{"@id":"https:\/\/ajatutaja.com\/#\/schema\/logo\/image\/"}}]}},"brands":[{"id":2351,"name":"Avtosede\u017ei","slug":"avtosedezi"},{"id":2352,"name":"BeSafe","slug":"besafe"}],"_links":{"self":[{"href":"https:\/\/ajatutaja.com\/hr\/wp-json\/wp\/v2\/product\/86571","targetHints":{"allow":["GET"]}}],"collection":[{"href":"https:\/\/ajatutaja.com\/hr\/wp-json\/wp\/v2\/product"}],"about":[{"href":"https:\/\/ajatutaja.com\/hr\/wp-json\/wp\/v2\/types\/product"}],"wp:featuredmedia":[{"embeddable":true,"href":"https:\/\/ajatutaja.com\/hr\/wp-json\/wp\/v2\/media\/86562"}],"wp:attachment":[{"href":"https:\/\/ajatutaja.com\/hr\/wp-json\/wp\/v2\/media?parent=86571"}],"wp:term":[{"taxonomy":"pwb-brand","embeddable":true,"href":"https:\/\/ajatutaja.com\/hr\/wp-json\/wp\/v2\/pwb-brand?post=86571"},{"taxonomy":"product_brand","embeddable":true,"href":"https:\/\/ajatutaja.com\/hr\/wp-json\/wp\/v2\/product_brand?post=86571"},{"taxonomy":"product_cat","embeddable":true,"href":"https:\/\/ajatutaja.com\/hr\/wp-json\/wp\/v2\/product_cat?post=86571"},{"taxonomy":"product_tag","embeddable":true,"href":"https:\/\/ajatutaja.com\/hr\/wp-json\/wp\/v2\/product_tag?post=86571"}],"curies":[{"name":"wp","href":"https:\/\/api.w.org\/{rel}","templated":true}]}}