{"id":86054,"date":"2025-02-18T17:22:16","date_gmt":"2025-02-18T16:22:16","guid":{"rendered":"https:\/\/ajatutaja.com\/?post_type=product&#038;p=86054"},"modified":"2026-02-18T20:45:45","modified_gmt":"2026-02-18T19:45:45","slug":"univerzalna-podloga-za-vozicek-elodie-aviator-black","status":"publish","type":"product","link":"https:\/\/ajatutaja.com\/hr\/proizvod\/univerzalna-podloga-za-vozicek-elodie-aviator-black\/","title":{"rendered":"Univerzalna podloga za vozi\u010dek Elodie &#8211; Aviator Black"},"content":{"rendered":"<p>[vc_row][vc_column][vc_column_text]<\/p>\n<h4 data-start=\"249\" data-end=\"491\">Lastnosti univerzalne podloge za vozi\u010dek Elodie CosyCushion\u2122 :<\/h4>\n<ul>\n<li>Obojestranska uporaba &#8211; glede na letni \u010das<\/li>\n<li>Univerzalna velikost omogo\u010da namestitev na vse vozi\u010dke (\u0161portni del)<\/li>\n<li>Velikost: 85 x 32 cm<\/li>\n<li>Material: 100% Poliester<\/li>\n<li>Nega: Pranje na max. 30\u00b0C \/ Ne Beliti \/ Ne likati \/ Su\u0161enje na zraku &#8211; stran od grelnih predmetov<\/li>\n<\/ul>\n<p>Vse univerzalne podloge so reverzibilne in imajo hrbtno stran z gladko povr\u0161ino iz poliestra. Poliester je toplej\u0161i material, zaradi \u010desar je ta mehka stran bolj primerna za uporabo v hladnem vremenu. Nasprotna stran je narejena iz me\u0161anice poliestra in bomba\u017ea, ki zagotavlja mehko in udobno povr\u0161ino. Najbolje je, da se podloga obri\u0161e z mokro krpo in ne\u017eno milnico, lahko pa se tudi perejo pri 40 stopinjah na programu za ne\u017eno pranje.<\/p>\n<p data-start=\"249\" data-end=\"491\"><strong data-start=\"249\" data-end=\"288\">Dve strani za vse vremenske razmere<\/strong><br data-start=\"288\" data-end=\"291\" \/>Blazina je primerna za uporabo skozi vse leto, saj je obojestranska \u2013 ena stran je namenjena toplim dnem, druga pa hladnej\u0161emu vremenu. Tako jo lahko enostavno prilagodite letnemu \u010dasu in temperaturi.<\/p>\n<p data-start=\"493\" data-end=\"735\"><strong data-start=\"493\" data-end=\"517\">Hladilna tehnologija<\/strong><br data-start=\"517\" data-end=\"520\" \/>Ena stran je izdelana iz visokotehnolo\u0161ke hladilne tkanine, posebej razvite za vro\u010de dni. Organski polimeri absorbirajo vlago in pomagajo zni\u017eati telesno temperaturo, da va\u0161emu mal\u010dku zagotavljajo sve\u017eino in udobje.<\/p>\n<p data-start=\"737\" data-end=\"986\"><strong data-start=\"737\" data-end=\"763\">Univerzalno prileganje<\/strong><br data-start=\"763\" data-end=\"766\" \/>Zasnovana je tako, da ustreza vsem vrstam vozi\u010dkov in potovalnih sistemov. Blazina ima odprtine za 5-to\u010dkovni varnostni pas in je popolnoma prilagodljiva, kar zagotavlja varno in udobno sedenje ne glede na model vozi\u010dka.<\/p>\n<p data-start=\"988\" data-end=\"1158\" data-is-last-node=\"\" data-is-only-node=\"\"><strong data-start=\"988\" data-end=\"1010\">Enostavno \u010di\u0161\u010denje<\/strong><br data-start=\"1010\" data-end=\"1013\" \/>Zavedamo se, da se blazine za vozi\u010dek hitro uma\u017eejo, zato je <strong data-start=\"1074\" data-end=\"1097\">Elodie CosyCushion\u2122<\/strong> pralna v pralnem stroju \u2013 preprosto, higiensko in prakti\u010dno.<\/p>\n<p>\u00a0[\/vc_column_text][\/vc_column][\/vc_row]<\/p>\n","protected":false},"excerpt":{"rendered":"<p style=\"text-align: justify\">Obojestranska podloga Elodie CosyCushion\u2122 je popoln dodatek za \u0161portni vozi\u010dek, ki va\u0161emu otroku zagotavlja dodatno udobje in hkrati za\u0161\u010diti sede\u017eni del vozi\u010dka in mu doda oseben pridih.<\/p>\n","protected":false},"featured_media":86059,"template":"","meta":[],"pwb-brand":[2383,2374],"product_brand":[],"product_cat":[2371,2360],"product_tag":[4154,4156],"class_list":{"0":"post-86054","1":"product","2":"type-product","3":"status-publish","4":"has-post-thumbnail","6":"pwb-brand-elodie-vozicki","7":"pwb-brand-vozicki","8":"product_cat-podloge-za-vozicek","9":"product_cat-vozicki","10":"product_tag-elodie","11":"product_tag-elodie-cosycushion","13":"first","14":"instock","15":"taxable","16":"shipping-taxable","17":"purchasable","18":"product-type-simple","19":"add-to-wishlist-before_image"},"yoast_head":"<!-- This site is optimized with the Yoast SEO plugin v27.3 - https:\/\/yoast.com\/product\/yoast-seo-wordpress\/ -->\n<title>Univerzalna podloga za vozi\u010dek Elodie - Aviator Black | Ajatutaja<\/title>\n<meta name=\"description\" content=\"Obojestranska podloga Elodie CosyCushion\u2122 je popoln dodatek za \u0161portni vozi\u010dek, ki va\u0161emu otroku zagotavlja dodatno udobje in hkrati za\u0161\u010diti sede\u017eni del vozi\u010dka in mu doda oseben pridih.\" \/>\n<meta name=\"robots\" content=\"index, follow, max-snippet:-1, max-image-preview:large, max-video-preview:-1\" \/>\n<link rel=\"canonical\" href=\"https:\/\/ajatutaja.com\/izdelek\/univerzalna-podloga-za-vozicek-elodie-aviator-black\/\" \/>\n<meta property=\"og:locale\" content=\"hr_HR\" \/>\n<meta property=\"og:type\" content=\"article\" \/>\n<meta property=\"og:title\" content=\"Univerzalna podloga za vozi\u010dek Elodie - Aviator Black | Ajatutaja\" \/>\n<meta property=\"og:description\" content=\"Obojestranska podloga Elodie CosyCushion\u2122 je popoln dodatek za \u0161portni vozi\u010dek, ki va\u0161emu otroku zagotavlja dodatno udobje in hkrati za\u0161\u010diti sede\u017eni del vozi\u010dka in mu doda oseben pridih.\" \/>\n<meta property=\"og:url\" content=\"https:\/\/ajatutaja.com\/izdelek\/univerzalna-podloga-za-vozicek-elodie-aviator-black\/\" \/>\n<meta property=\"og:site_name\" content=\"Ajatutaja\" \/>\n<meta property=\"article:modified_time\" content=\"2026-02-18T19:45:45+00:00\" \/>\n<meta property=\"og:image\" content=\"https:\/\/ajatutaja.com\/wp-content\/uploads\/2026\/02\/Elodie-podloga-za-vozicek-mondo-black-2.jpg\" \/>\n\t<meta property=\"og:image:width\" content=\"1100\" \/>\n\t<meta property=\"og:image:height\" content=\"1100\" \/>\n\t<meta property=\"og:image:type\" content=\"image\/jpeg\" \/>\n<meta name=\"twitter:card\" content=\"summary_large_image\" \/>\n<meta name=\"twitter:label1\" content=\"Procijenjeno vrijeme \u010ditanja\" \/>\n\t<meta name=\"twitter:data1\" content=\"1 minuta\" \/>\n<script type=\"application\/ld+json\" class=\"yoast-schema-graph\">{\"@context\":\"https:\\\/\\\/schema.org\",\"@graph\":[{\"@type\":\"WebPage\",\"@id\":\"https:\\\/\\\/ajatutaja.com\\\/izdelek\\\/univerzalna-podloga-za-vozicek-elodie-aviator-black\\\/\",\"url\":\"https:\\\/\\\/ajatutaja.com\\\/izdelek\\\/univerzalna-podloga-za-vozicek-elodie-aviator-black\\\/\",\"name\":\"Univerzalna podloga za vozi\u010dek Elodie - Aviator Black | Ajatutaja\",\"isPartOf\":{\"@id\":\"https:\\\/\\\/ajatutaja.com\\\/#website\"},\"primaryImageOfPage\":{\"@id\":\"https:\\\/\\\/ajatutaja.com\\\/izdelek\\\/univerzalna-podloga-za-vozicek-elodie-aviator-black\\\/#primaryimage\"},\"image\":{\"@id\":\"https:\\\/\\\/ajatutaja.com\\\/izdelek\\\/univerzalna-podloga-za-vozicek-elodie-aviator-black\\\/#primaryimage\"},\"thumbnailUrl\":\"https:\\\/\\\/ajatutaja.com\\\/wp-content\\\/uploads\\\/2026\\\/02\\\/Elodie-podloga-za-vozicek-mondo-black-2.jpg\",\"datePublished\":\"2025-02-18T16:22:16+00:00\",\"dateModified\":\"2026-02-18T19:45:45+00:00\",\"description\":\"Obojestranska podloga Elodie CosyCushion\u2122 je popoln dodatek za \u0161portni vozi\u010dek, ki va\u0161emu otroku zagotavlja dodatno udobje in hkrati za\u0161\u010diti sede\u017eni del vozi\u010dka in mu doda oseben pridih.\",\"breadcrumb\":{\"@id\":\"https:\\\/\\\/ajatutaja.com\\\/izdelek\\\/univerzalna-podloga-za-vozicek-elodie-aviator-black\\\/#breadcrumb\"},\"inLanguage\":\"hr\",\"potentialAction\":[{\"@type\":\"ReadAction\",\"target\":[\"https:\\\/\\\/ajatutaja.com\\\/izdelek\\\/univerzalna-podloga-za-vozicek-elodie-aviator-black\\\/\"]}]},{\"@type\":\"ImageObject\",\"inLanguage\":\"hr\",\"@id\":\"https:\\\/\\\/ajatutaja.com\\\/izdelek\\\/univerzalna-podloga-za-vozicek-elodie-aviator-black\\\/#primaryimage\",\"url\":\"https:\\\/\\\/ajatutaja.com\\\/wp-content\\\/uploads\\\/2026\\\/02\\\/Elodie-podloga-za-vozicek-mondo-black-2.jpg\",\"contentUrl\":\"https:\\\/\\\/ajatutaja.com\\\/wp-content\\\/uploads\\\/2026\\\/02\\\/Elodie-podloga-za-vozicek-mondo-black-2.jpg\",\"width\":1100,\"height\":1100},{\"@type\":\"BreadcrumbList\",\"@id\":\"https:\\\/\\\/ajatutaja.com\\\/izdelek\\\/univerzalna-podloga-za-vozicek-elodie-aviator-black\\\/#breadcrumb\",\"itemListElement\":[{\"@type\":\"ListItem\",\"position\":1,\"name\":\"Home\",\"item\":\"https:\\\/\\\/ajatutaja.com\\\/hr\\\/\"},{\"@type\":\"ListItem\",\"position\":2,\"name\":\"Trgovina\",\"item\":\"https:\\\/\\\/ajatutaja.com\\\/hr\\\/trgovina\\\/\"},{\"@type\":\"ListItem\",\"position\":3,\"name\":\"Univerzalna podloga za vozi\u010dek Elodie &#8211; Aviator Black\"}]},{\"@type\":\"WebSite\",\"@id\":\"https:\\\/\\\/ajatutaja.com\\\/#website\",\"url\":\"https:\\\/\\\/ajatutaja.com\\\/\",\"name\":\"Ajatutaja\",\"description\":\"Otro\u0161ka spletna trgovina AJATUTAJA\",\"publisher\":{\"@id\":\"https:\\\/\\\/ajatutaja.com\\\/#organization\"},\"potentialAction\":[{\"@type\":\"SearchAction\",\"target\":{\"@type\":\"EntryPoint\",\"urlTemplate\":\"https:\\\/\\\/ajatutaja.com\\\/?s={search_term_string}\"},\"query-input\":{\"@type\":\"PropertyValueSpecification\",\"valueRequired\":true,\"valueName\":\"search_term_string\"}}],\"inLanguage\":\"hr\"},{\"@type\":\"Organization\",\"@id\":\"https:\\\/\\\/ajatutaja.com\\\/#organization\",\"name\":\"Ajatutaja\",\"url\":\"https:\\\/\\\/ajatutaja.com\\\/\",\"logo\":{\"@type\":\"ImageObject\",\"inLanguage\":\"hr\",\"@id\":\"https:\\\/\\\/ajatutaja.com\\\/#\\\/schema\\\/logo\\\/image\\\/\",\"url\":\"https:\\\/\\\/ajatutaja.com\\\/wp-content\\\/uploads\\\/2021\\\/10\\\/logo.png\",\"contentUrl\":\"https:\\\/\\\/ajatutaja.com\\\/wp-content\\\/uploads\\\/2021\\\/10\\\/logo.png\",\"width\":555,\"height\":150,\"caption\":\"Ajatutaja\"},\"image\":{\"@id\":\"https:\\\/\\\/ajatutaja.com\\\/#\\\/schema\\\/logo\\\/image\\\/\"}}]}<\/script>\n<!-- \/ Yoast SEO plugin. -->","yoast_head_json":{"title":"Univerzalna podloga za vozi\u010dek Elodie - Aviator Black | Ajatutaja","description":"Obojestranska podloga Elodie CosyCushion\u2122 je popoln dodatek za \u0161portni vozi\u010dek, ki va\u0161emu otroku zagotavlja dodatno udobje in hkrati za\u0161\u010diti sede\u017eni del vozi\u010dka in mu doda oseben pridih.","robots":{"index":"index","follow":"follow","max-snippet":"max-snippet:-1","max-image-preview":"max-image-preview:large","max-video-preview":"max-video-preview:-1"},"canonical":"https:\/\/ajatutaja.com\/izdelek\/univerzalna-podloga-za-vozicek-elodie-aviator-black\/","og_locale":"hr_HR","og_type":"article","og_title":"Univerzalna podloga za vozi\u010dek Elodie - Aviator Black | Ajatutaja","og_description":"Obojestranska podloga Elodie CosyCushion\u2122 je popoln dodatek za \u0161portni vozi\u010dek, ki va\u0161emu otroku zagotavlja dodatno udobje in hkrati za\u0161\u010diti sede\u017eni del vozi\u010dka in mu doda oseben pridih.","og_url":"https:\/\/ajatutaja.com\/izdelek\/univerzalna-podloga-za-vozicek-elodie-aviator-black\/","og_site_name":"Ajatutaja","article_modified_time":"2026-02-18T19:45:45+00:00","og_image":[{"width":1100,"height":1100,"url":"https:\/\/ajatutaja.com\/wp-content\/uploads\/2026\/02\/Elodie-podloga-za-vozicek-mondo-black-2.jpg","type":"image\/jpeg"}],"twitter_card":"summary_large_image","twitter_misc":{"Procijenjeno vrijeme \u010ditanja":"1 minuta"},"schema":{"@context":"https:\/\/schema.org","@graph":[{"@type":"WebPage","@id":"https:\/\/ajatutaja.com\/izdelek\/univerzalna-podloga-za-vozicek-elodie-aviator-black\/","url":"https:\/\/ajatutaja.com\/izdelek\/univerzalna-podloga-za-vozicek-elodie-aviator-black\/","name":"Univerzalna podloga za vozi\u010dek Elodie - Aviator Black | Ajatutaja","isPartOf":{"@id":"https:\/\/ajatutaja.com\/#website"},"primaryImageOfPage":{"@id":"https:\/\/ajatutaja.com\/izdelek\/univerzalna-podloga-za-vozicek-elodie-aviator-black\/#primaryimage"},"image":{"@id":"https:\/\/ajatutaja.com\/izdelek\/univerzalna-podloga-za-vozicek-elodie-aviator-black\/#primaryimage"},"thumbnailUrl":"https:\/\/ajatutaja.com\/wp-content\/uploads\/2026\/02\/Elodie-podloga-za-vozicek-mondo-black-2.jpg","datePublished":"2025-02-18T16:22:16+00:00","dateModified":"2026-02-18T19:45:45+00:00","description":"Obojestranska podloga Elodie CosyCushion\u2122 je popoln dodatek za \u0161portni vozi\u010dek, ki va\u0161emu otroku zagotavlja dodatno udobje in hkrati za\u0161\u010diti sede\u017eni del vozi\u010dka in mu doda oseben pridih.","breadcrumb":{"@id":"https:\/\/ajatutaja.com\/izdelek\/univerzalna-podloga-za-vozicek-elodie-aviator-black\/#breadcrumb"},"inLanguage":"hr","potentialAction":[{"@type":"ReadAction","target":["https:\/\/ajatutaja.com\/izdelek\/univerzalna-podloga-za-vozicek-elodie-aviator-black\/"]}]},{"@type":"ImageObject","inLanguage":"hr","@id":"https:\/\/ajatutaja.com\/izdelek\/univerzalna-podloga-za-vozicek-elodie-aviator-black\/#primaryimage","url":"https:\/\/ajatutaja.com\/wp-content\/uploads\/2026\/02\/Elodie-podloga-za-vozicek-mondo-black-2.jpg","contentUrl":"https:\/\/ajatutaja.com\/wp-content\/uploads\/2026\/02\/Elodie-podloga-za-vozicek-mondo-black-2.jpg","width":1100,"height":1100},{"@type":"BreadcrumbList","@id":"https:\/\/ajatutaja.com\/izdelek\/univerzalna-podloga-za-vozicek-elodie-aviator-black\/#breadcrumb","itemListElement":[{"@type":"ListItem","position":1,"name":"Home","item":"https:\/\/ajatutaja.com\/hr\/"},{"@type":"ListItem","position":2,"name":"Trgovina","item":"https:\/\/ajatutaja.com\/hr\/trgovina\/"},{"@type":"ListItem","position":3,"name":"Univerzalna podloga za vozi\u010dek Elodie &#8211; Aviator Black"}]},{"@type":"WebSite","@id":"https:\/\/ajatutaja.com\/#website","url":"https:\/\/ajatutaja.com\/","name":"Ajatutaja","description":"Otro\u0161ka spletna trgovina AJATUTAJA","publisher":{"@id":"https:\/\/ajatutaja.com\/#organization"},"potentialAction":[{"@type":"SearchAction","target":{"@type":"EntryPoint","urlTemplate":"https:\/\/ajatutaja.com\/?s={search_term_string}"},"query-input":{"@type":"PropertyValueSpecification","valueRequired":true,"valueName":"search_term_string"}}],"inLanguage":"hr"},{"@type":"Organization","@id":"https:\/\/ajatutaja.com\/#organization","name":"Ajatutaja","url":"https:\/\/ajatutaja.com\/","logo":{"@type":"ImageObject","inLanguage":"hr","@id":"https:\/\/ajatutaja.com\/#\/schema\/logo\/image\/","url":"https:\/\/ajatutaja.com\/wp-content\/uploads\/2021\/10\/logo.png","contentUrl":"https:\/\/ajatutaja.com\/wp-content\/uploads\/2021\/10\/logo.png","width":555,"height":150,"caption":"Ajatutaja"},"image":{"@id":"https:\/\/ajatutaja.com\/#\/schema\/logo\/image\/"}}]}},"brands":[{"id":2383,"name":"Elodie","slug":"elodie-vozicki"},{"id":2374,"name":"Vozi\u010dki","slug":"vozicki"}],"_links":{"self":[{"href":"https:\/\/ajatutaja.com\/hr\/wp-json\/wp\/v2\/product\/86054","targetHints":{"allow":["GET"]}}],"collection":[{"href":"https:\/\/ajatutaja.com\/hr\/wp-json\/wp\/v2\/product"}],"about":[{"href":"https:\/\/ajatutaja.com\/hr\/wp-json\/wp\/v2\/types\/product"}],"wp:featuredmedia":[{"embeddable":true,"href":"https:\/\/ajatutaja.com\/hr\/wp-json\/wp\/v2\/media\/86059"}],"wp:attachment":[{"href":"https:\/\/ajatutaja.com\/hr\/wp-json\/wp\/v2\/media?parent=86054"}],"wp:term":[{"taxonomy":"pwb-brand","embeddable":true,"href":"https:\/\/ajatutaja.com\/hr\/wp-json\/wp\/v2\/pwb-brand?post=86054"},{"taxonomy":"product_brand","embeddable":true,"href":"https:\/\/ajatutaja.com\/hr\/wp-json\/wp\/v2\/product_brand?post=86054"},{"taxonomy":"product_cat","embeddable":true,"href":"https:\/\/ajatutaja.com\/hr\/wp-json\/wp\/v2\/product_cat?post=86054"},{"taxonomy":"product_tag","embeddable":true,"href":"https:\/\/ajatutaja.com\/hr\/wp-json\/wp\/v2\/product_tag?post=86054"}],"curies":[{"name":"wp","href":"https:\/\/api.w.org\/{rel}","templated":true}]}}