{"id":86012,"date":"2026-03-12T15:14:25","date_gmt":"2026-03-12T14:14:25","guid":{"rendered":"https:\/\/ajatutaja.com\/?post_type=product&#038;p=86012"},"modified":"2026-03-13T12:07:47","modified_gmt":"2026-03-13T11:07:47","slug":"elodie-organizator-za-vozicek-half-moon-le-leopard","status":"publish","type":"product","link":"https:\/\/ajatutaja.com\/hr\/proizvod\/elodie-organizator-za-vozicek-half-moon-le-leopard\/","title":{"rendered":"Elodie organizator za vozi\u010dek Half Moon &#8211; Le Leopard"},"content":{"rendered":"<p>[vc_row][vc_column][vc_column_text]<\/p>\n<h3>Lastnosti Elodie organizatorja za vozi\u010dek Half Moon:<\/h3>\n<ul>\n<li>Elegantnega izgleda, ki slu\u017ei tudi kot torbica<\/li>\n<li>Poskrbi, da vse ostane na svojem mestu in ohranja urejen videz<\/li>\n<li>Namestite ga lahko na ve\u010dino otro\u0161kih vozi\u010dkov<\/li>\n<li>Enostavno zapiranje na zadrgo<\/li>\n<li>Odprt osrednji predal za la\u017eji in hitrej\u0161i dostop do pomembnih predmetov<\/li>\n<li>Vklju\u010deni paski za enostavno namestitev na vozi\u010dek<\/li>\n<li>Dimenzije: 21,5 x 34 x 13 cm<\/li>\n<li>Material: 100% Poliester<\/li>\n<\/ul>\n<p>Ta izdelek ni igra\u010da. Zavrzite ob znakih po\u0161kodbe. Ta izdelek ni primeren za shranjevanje vro\u010dih napitkov. Ne preobremenite. Prevelika te\u017ea bi lahko povzro\u010dila, da se vozi\u010dek prevrne. Najprej odstranite torbico iz vozi\u010dka nato otroka. Izdelek uporabljajo samo odrasli.[\/vc_column_text][\/vc_column][\/vc_row]<\/p>\n","protected":false},"excerpt":{"rendered":"<p>Stilsko dovr\u0161en in zelo uporaben organizator za vozi\u010dek Elodie omogo\u010da enostaven dostop do potreb\u0161\u010din, ki jih potrebujete med vozi\u010dkanjem. Otro\u0161ka fla\u0161ka, duda, denarnica in telefon bodo tako vedno pri roki, zato ne bo ve\u010d nepotrebnega brskanja. Torbo enostavno namestimo na ro\u010daj kateregakoli otro\u0161kega vozi\u010dka s pomo\u010djo prilo\u017eenih paskov.<\/p>\n","protected":false},"featured_media":86016,"template":"","meta":[],"pwb-brand":[2412,2409],"product_brand":[],"product_cat":[4846,2361,2398,2360],"product_tag":[4154,6370],"class_list":{"0":"post-86012","1":"product","2":"type-product","3":"status-publish","4":"has-post-thumbnail","6":"pwb-brand-elodie-potepanje","7":"pwb-brand-potepanje","8":"product_cat-organizatorji-za-vozicek","9":"product_cat-potepanje","10":"product_cat-previjalne-torbe","11":"product_cat-vozicki","12":"product_tag-elodie","13":"product_tag-le-leopard","15":"first","16":"instock","17":"taxable","18":"shipping-taxable","19":"purchasable","20":"product-type-simple","21":"add-to-wishlist-before_image"},"yoast_head":"<!-- This site is optimized with the Yoast SEO plugin v27.3 - https:\/\/yoast.com\/product\/yoast-seo-wordpress\/ -->\n<title>Elodie organizator za vozi\u010dek Half Moon - Le Leopard | Ajatutaja<\/title>\n<meta name=\"description\" content=\"Half Moon je stilsko dovr\u0161en in zelo uporaben organizator za vozi\u010dek Elodie, ki omogo\u010da enostaven dostop do potreb\u0161\u010din, ki jih potrebujete med vozi\u010dkanjem.\" \/>\n<meta name=\"robots\" content=\"index, follow, max-snippet:-1, max-image-preview:large, max-video-preview:-1\" \/>\n<link rel=\"canonical\" href=\"https:\/\/ajatutaja.com\/izdelek\/elodie-organizator-za-vozicek-half-moon-le-leopard\/\" \/>\n<meta property=\"og:locale\" content=\"hr_HR\" \/>\n<meta property=\"og:type\" content=\"article\" \/>\n<meta property=\"og:title\" content=\"Elodie organizator za vozi\u010dek Half Moon - Le Leopard | Ajatutaja\" \/>\n<meta property=\"og:description\" content=\"Half Moon je stilsko dovr\u0161en in zelo uporaben organizator za vozi\u010dek Elodie, ki omogo\u010da enostaven dostop do potreb\u0161\u010din, ki jih potrebujete med vozi\u010dkanjem.\" \/>\n<meta property=\"og:url\" content=\"https:\/\/ajatutaja.com\/izdelek\/elodie-organizator-za-vozicek-half-moon-le-leopard\/\" \/>\n<meta property=\"og:site_name\" content=\"Ajatutaja\" \/>\n<meta property=\"article:modified_time\" content=\"2026-03-13T11:07:47+00:00\" \/>\n<meta property=\"og:image\" content=\"https:\/\/ajatutaja.com\/wp-content\/uploads\/2026\/02\/Elodie-torba-za-vozicek-half-moon-leopard-1.jpg\" \/>\n\t<meta property=\"og:image:width\" content=\"1200\" \/>\n\t<meta property=\"og:image:height\" content=\"1200\" \/>\n\t<meta property=\"og:image:type\" content=\"image\/jpeg\" \/>\n<meta name=\"twitter:card\" content=\"summary_large_image\" \/>\n<meta name=\"twitter:label1\" content=\"Procijenjeno vrijeme \u010ditanja\" \/>\n\t<meta name=\"twitter:data1\" content=\"1 minuta\" \/>\n<script type=\"application\/ld+json\" class=\"yoast-schema-graph\">{\"@context\":\"https:\\\/\\\/schema.org\",\"@graph\":[{\"@type\":\"WebPage\",\"@id\":\"https:\\\/\\\/ajatutaja.com\\\/izdelek\\\/elodie-organizator-za-vozicek-half-moon-le-leopard\\\/\",\"url\":\"https:\\\/\\\/ajatutaja.com\\\/izdelek\\\/elodie-organizator-za-vozicek-half-moon-le-leopard\\\/\",\"name\":\"Elodie organizator za vozi\u010dek Half Moon - Le Leopard | Ajatutaja\",\"isPartOf\":{\"@id\":\"https:\\\/\\\/ajatutaja.com\\\/#website\"},\"primaryImageOfPage\":{\"@id\":\"https:\\\/\\\/ajatutaja.com\\\/izdelek\\\/elodie-organizator-za-vozicek-half-moon-le-leopard\\\/#primaryimage\"},\"image\":{\"@id\":\"https:\\\/\\\/ajatutaja.com\\\/izdelek\\\/elodie-organizator-za-vozicek-half-moon-le-leopard\\\/#primaryimage\"},\"thumbnailUrl\":\"https:\\\/\\\/ajatutaja.com\\\/wp-content\\\/uploads\\\/2026\\\/02\\\/Elodie-torba-za-vozicek-half-moon-leopard-1.jpg\",\"datePublished\":\"2026-03-12T14:14:25+00:00\",\"dateModified\":\"2026-03-13T11:07:47+00:00\",\"description\":\"Half Moon je stilsko dovr\u0161en in zelo uporaben organizator za vozi\u010dek Elodie, ki omogo\u010da enostaven dostop do potreb\u0161\u010din, ki jih potrebujete med vozi\u010dkanjem.\",\"breadcrumb\":{\"@id\":\"https:\\\/\\\/ajatutaja.com\\\/izdelek\\\/elodie-organizator-za-vozicek-half-moon-le-leopard\\\/#breadcrumb\"},\"inLanguage\":\"hr\",\"potentialAction\":[{\"@type\":\"ReadAction\",\"target\":[\"https:\\\/\\\/ajatutaja.com\\\/izdelek\\\/elodie-organizator-za-vozicek-half-moon-le-leopard\\\/\"]}]},{\"@type\":\"ImageObject\",\"inLanguage\":\"hr\",\"@id\":\"https:\\\/\\\/ajatutaja.com\\\/izdelek\\\/elodie-organizator-za-vozicek-half-moon-le-leopard\\\/#primaryimage\",\"url\":\"https:\\\/\\\/ajatutaja.com\\\/wp-content\\\/uploads\\\/2026\\\/02\\\/Elodie-torba-za-vozicek-half-moon-leopard-1.jpg\",\"contentUrl\":\"https:\\\/\\\/ajatutaja.com\\\/wp-content\\\/uploads\\\/2026\\\/02\\\/Elodie-torba-za-vozicek-half-moon-leopard-1.jpg\",\"width\":1200,\"height\":1200},{\"@type\":\"BreadcrumbList\",\"@id\":\"https:\\\/\\\/ajatutaja.com\\\/izdelek\\\/elodie-organizator-za-vozicek-half-moon-le-leopard\\\/#breadcrumb\",\"itemListElement\":[{\"@type\":\"ListItem\",\"position\":1,\"name\":\"Home\",\"item\":\"https:\\\/\\\/ajatutaja.com\\\/hr\\\/\"},{\"@type\":\"ListItem\",\"position\":2,\"name\":\"Trgovina\",\"item\":\"https:\\\/\\\/ajatutaja.com\\\/hr\\\/trgovina\\\/\"},{\"@type\":\"ListItem\",\"position\":3,\"name\":\"Elodie organizator za vozi\u010dek Half Moon &#8211; Le Leopard\"}]},{\"@type\":\"WebSite\",\"@id\":\"https:\\\/\\\/ajatutaja.com\\\/#website\",\"url\":\"https:\\\/\\\/ajatutaja.com\\\/\",\"name\":\"Ajatutaja\",\"description\":\"Otro\u0161ka spletna trgovina AJATUTAJA\",\"publisher\":{\"@id\":\"https:\\\/\\\/ajatutaja.com\\\/#organization\"},\"potentialAction\":[{\"@type\":\"SearchAction\",\"target\":{\"@type\":\"EntryPoint\",\"urlTemplate\":\"https:\\\/\\\/ajatutaja.com\\\/?s={search_term_string}\"},\"query-input\":{\"@type\":\"PropertyValueSpecification\",\"valueRequired\":true,\"valueName\":\"search_term_string\"}}],\"inLanguage\":\"hr\"},{\"@type\":\"Organization\",\"@id\":\"https:\\\/\\\/ajatutaja.com\\\/#organization\",\"name\":\"Ajatutaja\",\"url\":\"https:\\\/\\\/ajatutaja.com\\\/\",\"logo\":{\"@type\":\"ImageObject\",\"inLanguage\":\"hr\",\"@id\":\"https:\\\/\\\/ajatutaja.com\\\/#\\\/schema\\\/logo\\\/image\\\/\",\"url\":\"https:\\\/\\\/ajatutaja.com\\\/wp-content\\\/uploads\\\/2021\\\/10\\\/logo.png\",\"contentUrl\":\"https:\\\/\\\/ajatutaja.com\\\/wp-content\\\/uploads\\\/2021\\\/10\\\/logo.png\",\"width\":555,\"height\":150,\"caption\":\"Ajatutaja\"},\"image\":{\"@id\":\"https:\\\/\\\/ajatutaja.com\\\/#\\\/schema\\\/logo\\\/image\\\/\"}}]}<\/script>\n<!-- \/ Yoast SEO plugin. -->","yoast_head_json":{"title":"Elodie organizator za vozi\u010dek Half Moon - Le Leopard | Ajatutaja","description":"Half Moon je stilsko dovr\u0161en in zelo uporaben organizator za vozi\u010dek Elodie, ki omogo\u010da enostaven dostop do potreb\u0161\u010din, ki jih potrebujete med vozi\u010dkanjem.","robots":{"index":"index","follow":"follow","max-snippet":"max-snippet:-1","max-image-preview":"max-image-preview:large","max-video-preview":"max-video-preview:-1"},"canonical":"https:\/\/ajatutaja.com\/izdelek\/elodie-organizator-za-vozicek-half-moon-le-leopard\/","og_locale":"hr_HR","og_type":"article","og_title":"Elodie organizator za vozi\u010dek Half Moon - Le Leopard | Ajatutaja","og_description":"Half Moon je stilsko dovr\u0161en in zelo uporaben organizator za vozi\u010dek Elodie, ki omogo\u010da enostaven dostop do potreb\u0161\u010din, ki jih potrebujete med vozi\u010dkanjem.","og_url":"https:\/\/ajatutaja.com\/izdelek\/elodie-organizator-za-vozicek-half-moon-le-leopard\/","og_site_name":"Ajatutaja","article_modified_time":"2026-03-13T11:07:47+00:00","og_image":[{"width":1200,"height":1200,"url":"https:\/\/ajatutaja.com\/wp-content\/uploads\/2026\/02\/Elodie-torba-za-vozicek-half-moon-leopard-1.jpg","type":"image\/jpeg"}],"twitter_card":"summary_large_image","twitter_misc":{"Procijenjeno vrijeme \u010ditanja":"1 minuta"},"schema":{"@context":"https:\/\/schema.org","@graph":[{"@type":"WebPage","@id":"https:\/\/ajatutaja.com\/izdelek\/elodie-organizator-za-vozicek-half-moon-le-leopard\/","url":"https:\/\/ajatutaja.com\/izdelek\/elodie-organizator-za-vozicek-half-moon-le-leopard\/","name":"Elodie organizator za vozi\u010dek Half Moon - Le Leopard | Ajatutaja","isPartOf":{"@id":"https:\/\/ajatutaja.com\/#website"},"primaryImageOfPage":{"@id":"https:\/\/ajatutaja.com\/izdelek\/elodie-organizator-za-vozicek-half-moon-le-leopard\/#primaryimage"},"image":{"@id":"https:\/\/ajatutaja.com\/izdelek\/elodie-organizator-za-vozicek-half-moon-le-leopard\/#primaryimage"},"thumbnailUrl":"https:\/\/ajatutaja.com\/wp-content\/uploads\/2026\/02\/Elodie-torba-za-vozicek-half-moon-leopard-1.jpg","datePublished":"2026-03-12T14:14:25+00:00","dateModified":"2026-03-13T11:07:47+00:00","description":"Half Moon je stilsko dovr\u0161en in zelo uporaben organizator za vozi\u010dek Elodie, ki omogo\u010da enostaven dostop do potreb\u0161\u010din, ki jih potrebujete med vozi\u010dkanjem.","breadcrumb":{"@id":"https:\/\/ajatutaja.com\/izdelek\/elodie-organizator-za-vozicek-half-moon-le-leopard\/#breadcrumb"},"inLanguage":"hr","potentialAction":[{"@type":"ReadAction","target":["https:\/\/ajatutaja.com\/izdelek\/elodie-organizator-za-vozicek-half-moon-le-leopard\/"]}]},{"@type":"ImageObject","inLanguage":"hr","@id":"https:\/\/ajatutaja.com\/izdelek\/elodie-organizator-za-vozicek-half-moon-le-leopard\/#primaryimage","url":"https:\/\/ajatutaja.com\/wp-content\/uploads\/2026\/02\/Elodie-torba-za-vozicek-half-moon-leopard-1.jpg","contentUrl":"https:\/\/ajatutaja.com\/wp-content\/uploads\/2026\/02\/Elodie-torba-za-vozicek-half-moon-leopard-1.jpg","width":1200,"height":1200},{"@type":"BreadcrumbList","@id":"https:\/\/ajatutaja.com\/izdelek\/elodie-organizator-za-vozicek-half-moon-le-leopard\/#breadcrumb","itemListElement":[{"@type":"ListItem","position":1,"name":"Home","item":"https:\/\/ajatutaja.com\/hr\/"},{"@type":"ListItem","position":2,"name":"Trgovina","item":"https:\/\/ajatutaja.com\/hr\/trgovina\/"},{"@type":"ListItem","position":3,"name":"Elodie organizator za vozi\u010dek Half Moon &#8211; Le Leopard"}]},{"@type":"WebSite","@id":"https:\/\/ajatutaja.com\/#website","url":"https:\/\/ajatutaja.com\/","name":"Ajatutaja","description":"Otro\u0161ka spletna trgovina AJATUTAJA","publisher":{"@id":"https:\/\/ajatutaja.com\/#organization"},"potentialAction":[{"@type":"SearchAction","target":{"@type":"EntryPoint","urlTemplate":"https:\/\/ajatutaja.com\/?s={search_term_string}"},"query-input":{"@type":"PropertyValueSpecification","valueRequired":true,"valueName":"search_term_string"}}],"inLanguage":"hr"},{"@type":"Organization","@id":"https:\/\/ajatutaja.com\/#organization","name":"Ajatutaja","url":"https:\/\/ajatutaja.com\/","logo":{"@type":"ImageObject","inLanguage":"hr","@id":"https:\/\/ajatutaja.com\/#\/schema\/logo\/image\/","url":"https:\/\/ajatutaja.com\/wp-content\/uploads\/2021\/10\/logo.png","contentUrl":"https:\/\/ajatutaja.com\/wp-content\/uploads\/2021\/10\/logo.png","width":555,"height":150,"caption":"Ajatutaja"},"image":{"@id":"https:\/\/ajatutaja.com\/#\/schema\/logo\/image\/"}}]}},"brands":[{"id":2412,"name":"Elodie","slug":"elodie-potepanje"},{"id":2409,"name":"Potepanje","slug":"potepanje"}],"_links":{"self":[{"href":"https:\/\/ajatutaja.com\/hr\/wp-json\/wp\/v2\/product\/86012","targetHints":{"allow":["GET"]}}],"collection":[{"href":"https:\/\/ajatutaja.com\/hr\/wp-json\/wp\/v2\/product"}],"about":[{"href":"https:\/\/ajatutaja.com\/hr\/wp-json\/wp\/v2\/types\/product"}],"wp:featuredmedia":[{"embeddable":true,"href":"https:\/\/ajatutaja.com\/hr\/wp-json\/wp\/v2\/media\/86016"}],"wp:attachment":[{"href":"https:\/\/ajatutaja.com\/hr\/wp-json\/wp\/v2\/media?parent=86012"}],"wp:term":[{"taxonomy":"pwb-brand","embeddable":true,"href":"https:\/\/ajatutaja.com\/hr\/wp-json\/wp\/v2\/pwb-brand?post=86012"},{"taxonomy":"product_brand","embeddable":true,"href":"https:\/\/ajatutaja.com\/hr\/wp-json\/wp\/v2\/product_brand?post=86012"},{"taxonomy":"product_cat","embeddable":true,"href":"https:\/\/ajatutaja.com\/hr\/wp-json\/wp\/v2\/product_cat?post=86012"},{"taxonomy":"product_tag","embeddable":true,"href":"https:\/\/ajatutaja.com\/hr\/wp-json\/wp\/v2\/product_tag?post=86012"}],"curies":[{"name":"wp","href":"https:\/\/api.w.org\/{rel}","templated":true}]}}