{"id":85963,"date":"2026-02-18T13:14:27","date_gmt":"2026-02-18T12:14:27","guid":{"rendered":"https:\/\/ajatutaja.com\/?post_type=product&#038;p=85963"},"modified":"2026-02-18T21:04:09","modified_gmt":"2026-02-18T20:04:09","slug":"tryco-druzabna-igra-clovek-ne-jezi-se","status":"publish","type":"product","link":"https:\/\/ajatutaja.com\/hr\/proizvod\/tryco-druzabna-igra-clovek-ne-jezi-se\/","title":{"rendered":"Tryco\u00ae dru\u017eabna igra &#8211; \u010clovek ne jezi se"},"content":{"rendered":"<p>[vc_row][vc_column][vc_column_text]<\/p>\n<h3>Tryco igra &#8220;\u010clovek ne Jezi se&#8221; ima naslednje lastnosti:<\/h3>\n<ul>\n<li>Material: les<\/li>\n<li>Dimenzije: 21,9 x 14,5 x 0,9 cm<\/li>\n<li>Primerno za starost: 3+ let<\/li>\n<li>Vsebuje: Leseno igralno plo\u0161\u010do, figure in kocko<\/li>\n<li>Spodbuja: Socialno igro, \u0161tetje in zabavo za vso dru\u017eino<\/li>\n<li>&#8220;\u010clove ne jezi se&#8221; je klasi\u010dna dru\u017eabna igra za 2 do 4 igralce. Cilj igre je pripeljati vse \u0161tiri figurice \u010dimprej do cilja. Po kon\u010dani igri pospravi figurice in kocke v priro\u010dno \u0161katlico.<\/li>\n<\/ul>\n<p>[\/vc_column_text][\/vc_column][\/vc_row]<\/p>\n","protected":false},"excerpt":{"rendered":"<p style=\"text-align: justify\">Tryco lesena dru\u017eabna igra &#8220;\u010clovek ne jezi se&#8221; je klasi\u010dna, ro\u010dno izdelana igra za male in velike. Je zabavna in pou\u010dna, ter namenjena vsej dru\u017eini! Simpati\u010dni motivi \u017eivalic bodo prevzeli tako otroke kot star\u0161e.<\/p>\n","protected":false},"featured_media":85969,"template":"","meta":[],"pwb-brand":[2452,6326],"product_brand":[],"product_cat":[3992,5072,2715,2450,2443],"product_tag":[6327],"class_list":{"0":"post-85963","1":"product","2":"type-product","3":"status-publish","4":"has-post-thumbnail","6":"pwb-brand-igranje","7":"pwb-brand-tryco","8":"product_cat-3-leta-igrace","9":"product_cat-bozicna-darila","10":"product_cat-darilo-do-15e","11":"product_cat-druzabne-igre","12":"product_cat-lesene-igrace","13":"product_tag-tryco","15":"first","16":"instock","17":"taxable","18":"shipping-taxable","19":"purchasable","20":"product-type-simple","21":"add-to-wishlist-before_image"},"yoast_head":"<!-- This site is optimized with the Yoast SEO plugin v27.3 - https:\/\/yoast.com\/product\/yoast-seo-wordpress\/ -->\n<title>Tryco\u00ae dru\u017eabna igra - \u010clovek ne jezi se | Ajatutaja<\/title>\n<meta name=\"description\" content=\"Tryco lesena dru\u017eabna igra &quot;\u010clovek ne jezi se&quot; je klasi\u010dna, ro\u010dno izdelana igra za male in velike. Je zabavna in pou\u010dna ter namenjena vsej dru\u017eini!\" \/>\n<meta name=\"robots\" content=\"index, follow, max-snippet:-1, max-image-preview:large, max-video-preview:-1\" \/>\n<link rel=\"canonical\" href=\"https:\/\/ajatutaja.com\/izdelek\/tryco-druzabna-igra-clovek-ne-jezi-se\/\" \/>\n<meta property=\"og:locale\" content=\"hr_HR\" \/>\n<meta property=\"og:type\" content=\"article\" \/>\n<meta property=\"og:title\" content=\"Tryco\u00ae dru\u017eabna igra - \u010clovek ne jezi se | Ajatutaja\" \/>\n<meta property=\"og:description\" content=\"Tryco lesena dru\u017eabna igra &quot;\u010clovek ne jezi se&quot; je klasi\u010dna, ro\u010dno izdelana igra za male in velike. Je zabavna in pou\u010dna ter namenjena vsej dru\u017eini!\" \/>\n<meta property=\"og:url\" content=\"https:\/\/ajatutaja.com\/izdelek\/tryco-druzabna-igra-clovek-ne-jezi-se\/\" \/>\n<meta property=\"og:site_name\" content=\"Ajatutaja\" \/>\n<meta property=\"article:modified_time\" content=\"2026-02-18T20:04:09+00:00\" \/>\n<meta property=\"og:image\" content=\"https:\/\/ajatutaja.com\/wp-content\/uploads\/2026\/02\/Tryco-ludo-game-2.jpg\" \/>\n\t<meta property=\"og:image:width\" content=\"1200\" \/>\n\t<meta property=\"og:image:height\" content=\"1425\" \/>\n\t<meta property=\"og:image:type\" content=\"image\/jpeg\" \/>\n<meta name=\"twitter:card\" content=\"summary_large_image\" \/>\n<script type=\"application\/ld+json\" class=\"yoast-schema-graph\">{\"@context\":\"https:\\\/\\\/schema.org\",\"@graph\":[{\"@type\":\"WebPage\",\"@id\":\"https:\\\/\\\/ajatutaja.com\\\/izdelek\\\/tryco-druzabna-igra-clovek-ne-jezi-se\\\/\",\"url\":\"https:\\\/\\\/ajatutaja.com\\\/izdelek\\\/tryco-druzabna-igra-clovek-ne-jezi-se\\\/\",\"name\":\"Tryco\u00ae dru\u017eabna igra - \u010clovek ne jezi se | Ajatutaja\",\"isPartOf\":{\"@id\":\"https:\\\/\\\/ajatutaja.com\\\/#website\"},\"primaryImageOfPage\":{\"@id\":\"https:\\\/\\\/ajatutaja.com\\\/izdelek\\\/tryco-druzabna-igra-clovek-ne-jezi-se\\\/#primaryimage\"},\"image\":{\"@id\":\"https:\\\/\\\/ajatutaja.com\\\/izdelek\\\/tryco-druzabna-igra-clovek-ne-jezi-se\\\/#primaryimage\"},\"thumbnailUrl\":\"https:\\\/\\\/ajatutaja.com\\\/wp-content\\\/uploads\\\/2026\\\/02\\\/Tryco-ludo-game-2.jpg\",\"datePublished\":\"2026-02-18T12:14:27+00:00\",\"dateModified\":\"2026-02-18T20:04:09+00:00\",\"description\":\"Tryco lesena dru\u017eabna igra \\\"\u010clovek ne jezi se\\\" je klasi\u010dna, ro\u010dno izdelana igra za male in velike. Je zabavna in pou\u010dna ter namenjena vsej dru\u017eini!\",\"breadcrumb\":{\"@id\":\"https:\\\/\\\/ajatutaja.com\\\/izdelek\\\/tryco-druzabna-igra-clovek-ne-jezi-se\\\/#breadcrumb\"},\"inLanguage\":\"hr\",\"potentialAction\":[{\"@type\":\"ReadAction\",\"target\":[\"https:\\\/\\\/ajatutaja.com\\\/izdelek\\\/tryco-druzabna-igra-clovek-ne-jezi-se\\\/\"]}]},{\"@type\":\"ImageObject\",\"inLanguage\":\"hr\",\"@id\":\"https:\\\/\\\/ajatutaja.com\\\/izdelek\\\/tryco-druzabna-igra-clovek-ne-jezi-se\\\/#primaryimage\",\"url\":\"https:\\\/\\\/ajatutaja.com\\\/wp-content\\\/uploads\\\/2026\\\/02\\\/Tryco-ludo-game-2.jpg\",\"contentUrl\":\"https:\\\/\\\/ajatutaja.com\\\/wp-content\\\/uploads\\\/2026\\\/02\\\/Tryco-ludo-game-2.jpg\",\"width\":1200,\"height\":1425},{\"@type\":\"BreadcrumbList\",\"@id\":\"https:\\\/\\\/ajatutaja.com\\\/izdelek\\\/tryco-druzabna-igra-clovek-ne-jezi-se\\\/#breadcrumb\",\"itemListElement\":[{\"@type\":\"ListItem\",\"position\":1,\"name\":\"Home\",\"item\":\"https:\\\/\\\/ajatutaja.com\\\/hr\\\/\"},{\"@type\":\"ListItem\",\"position\":2,\"name\":\"Trgovina\",\"item\":\"https:\\\/\\\/ajatutaja.com\\\/hr\\\/trgovina\\\/\"},{\"@type\":\"ListItem\",\"position\":3,\"name\":\"Tryco\u00ae dru\u017eabna igra &#8211; \u010clovek ne jezi se\"}]},{\"@type\":\"WebSite\",\"@id\":\"https:\\\/\\\/ajatutaja.com\\\/#website\",\"url\":\"https:\\\/\\\/ajatutaja.com\\\/\",\"name\":\"Ajatutaja\",\"description\":\"Otro\u0161ka spletna trgovina AJATUTAJA\",\"publisher\":{\"@id\":\"https:\\\/\\\/ajatutaja.com\\\/#organization\"},\"potentialAction\":[{\"@type\":\"SearchAction\",\"target\":{\"@type\":\"EntryPoint\",\"urlTemplate\":\"https:\\\/\\\/ajatutaja.com\\\/?s={search_term_string}\"},\"query-input\":{\"@type\":\"PropertyValueSpecification\",\"valueRequired\":true,\"valueName\":\"search_term_string\"}}],\"inLanguage\":\"hr\"},{\"@type\":\"Organization\",\"@id\":\"https:\\\/\\\/ajatutaja.com\\\/#organization\",\"name\":\"Ajatutaja\",\"url\":\"https:\\\/\\\/ajatutaja.com\\\/\",\"logo\":{\"@type\":\"ImageObject\",\"inLanguage\":\"hr\",\"@id\":\"https:\\\/\\\/ajatutaja.com\\\/#\\\/schema\\\/logo\\\/image\\\/\",\"url\":\"https:\\\/\\\/ajatutaja.com\\\/wp-content\\\/uploads\\\/2021\\\/10\\\/logo.png\",\"contentUrl\":\"https:\\\/\\\/ajatutaja.com\\\/wp-content\\\/uploads\\\/2021\\\/10\\\/logo.png\",\"width\":555,\"height\":150,\"caption\":\"Ajatutaja\"},\"image\":{\"@id\":\"https:\\\/\\\/ajatutaja.com\\\/#\\\/schema\\\/logo\\\/image\\\/\"}}]}<\/script>\n<!-- \/ Yoast SEO plugin. -->","yoast_head_json":{"title":"Tryco\u00ae dru\u017eabna igra - \u010clovek ne jezi se | Ajatutaja","description":"Tryco lesena dru\u017eabna igra \"\u010clovek ne jezi se\" je klasi\u010dna, ro\u010dno izdelana igra za male in velike. Je zabavna in pou\u010dna ter namenjena vsej dru\u017eini!","robots":{"index":"index","follow":"follow","max-snippet":"max-snippet:-1","max-image-preview":"max-image-preview:large","max-video-preview":"max-video-preview:-1"},"canonical":"https:\/\/ajatutaja.com\/izdelek\/tryco-druzabna-igra-clovek-ne-jezi-se\/","og_locale":"hr_HR","og_type":"article","og_title":"Tryco\u00ae dru\u017eabna igra - \u010clovek ne jezi se | Ajatutaja","og_description":"Tryco lesena dru\u017eabna igra \"\u010clovek ne jezi se\" je klasi\u010dna, ro\u010dno izdelana igra za male in velike. Je zabavna in pou\u010dna ter namenjena vsej dru\u017eini!","og_url":"https:\/\/ajatutaja.com\/izdelek\/tryco-druzabna-igra-clovek-ne-jezi-se\/","og_site_name":"Ajatutaja","article_modified_time":"2026-02-18T20:04:09+00:00","og_image":[{"width":1200,"height":1425,"url":"https:\/\/ajatutaja.com\/wp-content\/uploads\/2026\/02\/Tryco-ludo-game-2.jpg","type":"image\/jpeg"}],"twitter_card":"summary_large_image","schema":{"@context":"https:\/\/schema.org","@graph":[{"@type":"WebPage","@id":"https:\/\/ajatutaja.com\/izdelek\/tryco-druzabna-igra-clovek-ne-jezi-se\/","url":"https:\/\/ajatutaja.com\/izdelek\/tryco-druzabna-igra-clovek-ne-jezi-se\/","name":"Tryco\u00ae dru\u017eabna igra - \u010clovek ne jezi se | Ajatutaja","isPartOf":{"@id":"https:\/\/ajatutaja.com\/#website"},"primaryImageOfPage":{"@id":"https:\/\/ajatutaja.com\/izdelek\/tryco-druzabna-igra-clovek-ne-jezi-se\/#primaryimage"},"image":{"@id":"https:\/\/ajatutaja.com\/izdelek\/tryco-druzabna-igra-clovek-ne-jezi-se\/#primaryimage"},"thumbnailUrl":"https:\/\/ajatutaja.com\/wp-content\/uploads\/2026\/02\/Tryco-ludo-game-2.jpg","datePublished":"2026-02-18T12:14:27+00:00","dateModified":"2026-02-18T20:04:09+00:00","description":"Tryco lesena dru\u017eabna igra \"\u010clovek ne jezi se\" je klasi\u010dna, ro\u010dno izdelana igra za male in velike. Je zabavna in pou\u010dna ter namenjena vsej dru\u017eini!","breadcrumb":{"@id":"https:\/\/ajatutaja.com\/izdelek\/tryco-druzabna-igra-clovek-ne-jezi-se\/#breadcrumb"},"inLanguage":"hr","potentialAction":[{"@type":"ReadAction","target":["https:\/\/ajatutaja.com\/izdelek\/tryco-druzabna-igra-clovek-ne-jezi-se\/"]}]},{"@type":"ImageObject","inLanguage":"hr","@id":"https:\/\/ajatutaja.com\/izdelek\/tryco-druzabna-igra-clovek-ne-jezi-se\/#primaryimage","url":"https:\/\/ajatutaja.com\/wp-content\/uploads\/2026\/02\/Tryco-ludo-game-2.jpg","contentUrl":"https:\/\/ajatutaja.com\/wp-content\/uploads\/2026\/02\/Tryco-ludo-game-2.jpg","width":1200,"height":1425},{"@type":"BreadcrumbList","@id":"https:\/\/ajatutaja.com\/izdelek\/tryco-druzabna-igra-clovek-ne-jezi-se\/#breadcrumb","itemListElement":[{"@type":"ListItem","position":1,"name":"Home","item":"https:\/\/ajatutaja.com\/hr\/"},{"@type":"ListItem","position":2,"name":"Trgovina","item":"https:\/\/ajatutaja.com\/hr\/trgovina\/"},{"@type":"ListItem","position":3,"name":"Tryco\u00ae dru\u017eabna igra &#8211; \u010clovek ne jezi se"}]},{"@type":"WebSite","@id":"https:\/\/ajatutaja.com\/#website","url":"https:\/\/ajatutaja.com\/","name":"Ajatutaja","description":"Otro\u0161ka spletna trgovina AJATUTAJA","publisher":{"@id":"https:\/\/ajatutaja.com\/#organization"},"potentialAction":[{"@type":"SearchAction","target":{"@type":"EntryPoint","urlTemplate":"https:\/\/ajatutaja.com\/?s={search_term_string}"},"query-input":{"@type":"PropertyValueSpecification","valueRequired":true,"valueName":"search_term_string"}}],"inLanguage":"hr"},{"@type":"Organization","@id":"https:\/\/ajatutaja.com\/#organization","name":"Ajatutaja","url":"https:\/\/ajatutaja.com\/","logo":{"@type":"ImageObject","inLanguage":"hr","@id":"https:\/\/ajatutaja.com\/#\/schema\/logo\/image\/","url":"https:\/\/ajatutaja.com\/wp-content\/uploads\/2021\/10\/logo.png","contentUrl":"https:\/\/ajatutaja.com\/wp-content\/uploads\/2021\/10\/logo.png","width":555,"height":150,"caption":"Ajatutaja"},"image":{"@id":"https:\/\/ajatutaja.com\/#\/schema\/logo\/image\/"}}]}},"brands":[{"id":2452,"name":"Igranje","slug":"igranje"},{"id":6326,"name":"Tryco","slug":"tryco"}],"_links":{"self":[{"href":"https:\/\/ajatutaja.com\/hr\/wp-json\/wp\/v2\/product\/85963","targetHints":{"allow":["GET"]}}],"collection":[{"href":"https:\/\/ajatutaja.com\/hr\/wp-json\/wp\/v2\/product"}],"about":[{"href":"https:\/\/ajatutaja.com\/hr\/wp-json\/wp\/v2\/types\/product"}],"wp:featuredmedia":[{"embeddable":true,"href":"https:\/\/ajatutaja.com\/hr\/wp-json\/wp\/v2\/media\/85969"}],"wp:attachment":[{"href":"https:\/\/ajatutaja.com\/hr\/wp-json\/wp\/v2\/media?parent=85963"}],"wp:term":[{"taxonomy":"pwb-brand","embeddable":true,"href":"https:\/\/ajatutaja.com\/hr\/wp-json\/wp\/v2\/pwb-brand?post=85963"},{"taxonomy":"product_brand","embeddable":true,"href":"https:\/\/ajatutaja.com\/hr\/wp-json\/wp\/v2\/product_brand?post=85963"},{"taxonomy":"product_cat","embeddable":true,"href":"https:\/\/ajatutaja.com\/hr\/wp-json\/wp\/v2\/product_cat?post=85963"},{"taxonomy":"product_tag","embeddable":true,"href":"https:\/\/ajatutaja.com\/hr\/wp-json\/wp\/v2\/product_tag?post=85963"}],"curies":[{"name":"wp","href":"https:\/\/api.w.org\/{rel}","templated":true}]}}