{"id":85962,"date":"2026-03-12T15:33:38","date_gmt":"2026-03-12T14:33:38","guid":{"rendered":"https:\/\/ajatutaja.com\/?post_type=product&#038;p=85962"},"modified":"2026-03-13T12:07:29","modified_gmt":"2026-03-13T11:07:29","slug":"elodie-mondo-stroller-le-leopard","status":"publish","type":"product","link":"https:\/\/ajatutaja.com\/hr\/proizvod\/elodie-mondo-stroller-le-leopard\/","title":{"rendered":"Elodie MONDO Stroller\u00ae &#8211; Le Leopard"},"content":{"rendered":"<p>[vc_row][vc_column][vc_column_text]<\/p>\n<h3>Lastnosti vozi\u010dka Elodie Mondo:<\/h3>\n<ul>\n<li>Dimenzije zlo\u017eenega vozi\u010dka s kolesi: 46 x 20 x 56,5 cm \/ brez koles: 54 x 42 x 18 cm<\/li>\n<li>Te\u017ea vozi\u010dka 6.7kg<\/li>\n<li>Kljub majhni in lahki zasnovi je izjemno robusten in ima potrjeno nosilnost do 22 kg otrokove te\u017ee.<\/li>\n<li>Tkanina na vozi\u010dku je snemljiva in pralna. Tkanina je v celoti izdelana iz recikilarnih plastenk PET plastike<\/li>\n<li>Prilo\u017eena potovalna torba, ki jo lahko namestimo tudi v spodnjo ko\u0161aro<\/li>\n<li>Prostorna nakupovalna ko\u0161ara<\/li>\n<li>Oblazninjen 5-to\u010dkovni varnostni pas<\/li>\n<li>Podalj\u0161ana strehica z integriranim kukalom in manj\u0161o v\u0161ito torbico<\/li>\n<li>Enoro\u010dno krmiljenje ter zlaganje<\/li>\n<li>Tiha kolesa, ki s pomo\u010djo naprednih raziskav in razvoja omogo\u010dajo vam in va\u0161emu otroku nemoteno sprehajanje<\/li>\n<li>Preizku\u0161eno in odobreno v skladu z evropskim standardom <span class=\"product-info__field-value\">EN 1888-1:2022<\/span><\/li>\n<\/ul>\n<h3>Na ogrodje vozi\u010dka Elodie Mondo je mo\u017eno \u0161e dokupiti in namestiti:<\/h3>\n<ul>\n<li>Prednje varovalo<\/li>\n<li>Ko\u0161aro za novorojen\u010dka<\/li>\n<li>Adapterje za avtosede\u017e 0+<\/li>\n<li>Cupholder<\/li>\n<li>De\u017eno prevleko<\/li>\n<\/ul>\n<p><em>Vozi\u010dek Elodie MONDO je odobren za prevoz v obliki ro\u010dne prtljage pri ve\u010dini letalskih prevoznikov. Najve\u010dje dovoljene meritve za prevoz pa se lahko razlikujejo pri razli\u010dnih letalskih prevoznikih, zato priporo\u010damo, da se pred potovanjem obrnete na letalsko dru\u017ebo.<\/em><\/p>\n<p>&nbsp;<\/p>\n<p>&nbsp;<\/p>\n<p>[\/vc_column_text][\/vc_column][\/vc_row]<\/p>\n","protected":false},"excerpt":{"rendered":"<p style=\"text-align: justify\">Otro\u0161ki kompaktni vozi\u010dek Elodie MONDO se enostavno zlaga z eno roko, zavzame dimenzije velikosti ro\u010dne prtljage in je zato idealen za potovanja z letalom. Hrbti\u0161\u010de se pole\u017ee, kar omogo\u010da otroku prijeten po\u010ditek in spanje v vozi\u010dku. Podalj\u0161ana strehica z UPF 50+ za\u0161\u010dito se popolnoma izvle\u010de in omogo\u010data maksimalno za\u0161\u010dito pred soncem.<\/p>\n","protected":false},"featured_media":85985,"template":"","meta":[],"pwb-brand":[2383,2374],"product_brand":[],"product_cat":[2367,2361,2360,2399],"product_tag":[4154,6370,5145],"class_list":{"0":"post-85962","1":"product","2":"type-product","3":"status-publish","4":"has-post-thumbnail","6":"pwb-brand-elodie-vozicki","7":"pwb-brand-vozicki","8":"product_cat-lahki-marela-vozicki","9":"product_cat-potepanje","10":"product_cat-vozicki","11":"product_cat-vozicki-marele","12":"product_tag-elodie","13":"product_tag-le-leopard","14":"product_tag-vozicek-elodie-mondo","16":"first","17":"instock","18":"taxable","19":"shipping-taxable","20":"purchasable","21":"product-type-simple","22":"add-to-wishlist-before_image"},"yoast_head":"<!-- This site is optimized with the Yoast SEO plugin v27.3 - https:\/\/yoast.com\/product\/yoast-seo-wordpress\/ -->\n<title>Elodie MONDO Stroller\u00ae - Le Leopard | Ajatutaja<\/title>\n<meta name=\"description\" content=\"Otro\u0161ki kompaktni vozi\u010dek Elodie MONDO se enostavno zlaga z eno roko, zavzame dimenzije velikosti ro\u010dne prtljage in je zato idealen za potovanja z letalom.\" \/>\n<meta name=\"robots\" content=\"index, follow, max-snippet:-1, max-image-preview:large, max-video-preview:-1\" \/>\n<link rel=\"canonical\" href=\"https:\/\/ajatutaja.com\/izdelek\/elodie-mondo-stroller-le-leopard\/\" \/>\n<meta property=\"og:locale\" content=\"hr_HR\" \/>\n<meta property=\"og:type\" content=\"article\" \/>\n<meta property=\"og:title\" content=\"Elodie MONDO Stroller\u00ae - Le Leopard | Ajatutaja\" \/>\n<meta property=\"og:description\" content=\"Otro\u0161ki kompaktni vozi\u010dek Elodie MONDO se enostavno zlaga z eno roko, zavzame dimenzije velikosti ro\u010dne prtljage in je zato idealen za potovanja z letalom.\" \/>\n<meta property=\"og:url\" content=\"https:\/\/ajatutaja.com\/izdelek\/elodie-mondo-stroller-le-leopard\/\" \/>\n<meta property=\"og:site_name\" content=\"Ajatutaja\" \/>\n<meta property=\"article:modified_time\" content=\"2026-03-13T11:07:29+00:00\" \/>\n<meta property=\"og:image\" content=\"https:\/\/ajatutaja.com\/wp-content\/uploads\/2026\/02\/Elodie-potovolni-vozicek-marela-elodie-mondo-leopard-ajatutaja-koper-0.jpg\" \/>\n\t<meta property=\"og:image:width\" content=\"600\" \/>\n\t<meta property=\"og:image:height\" content=\"600\" \/>\n\t<meta property=\"og:image:type\" content=\"image\/jpeg\" \/>\n<meta name=\"twitter:card\" content=\"summary_large_image\" \/>\n<meta name=\"twitter:label1\" content=\"Procijenjeno vrijeme \u010ditanja\" \/>\n\t<meta name=\"twitter:data1\" content=\"1 minuta\" \/>\n<script type=\"application\/ld+json\" class=\"yoast-schema-graph\">{\"@context\":\"https:\\\/\\\/schema.org\",\"@graph\":[{\"@type\":\"WebPage\",\"@id\":\"https:\\\/\\\/ajatutaja.com\\\/izdelek\\\/elodie-mondo-stroller-le-leopard\\\/\",\"url\":\"https:\\\/\\\/ajatutaja.com\\\/izdelek\\\/elodie-mondo-stroller-le-leopard\\\/\",\"name\":\"Elodie MONDO Stroller\u00ae - Le Leopard | Ajatutaja\",\"isPartOf\":{\"@id\":\"https:\\\/\\\/ajatutaja.com\\\/#website\"},\"primaryImageOfPage\":{\"@id\":\"https:\\\/\\\/ajatutaja.com\\\/izdelek\\\/elodie-mondo-stroller-le-leopard\\\/#primaryimage\"},\"image\":{\"@id\":\"https:\\\/\\\/ajatutaja.com\\\/izdelek\\\/elodie-mondo-stroller-le-leopard\\\/#primaryimage\"},\"thumbnailUrl\":\"https:\\\/\\\/ajatutaja.com\\\/wp-content\\\/uploads\\\/2026\\\/02\\\/Elodie-potovolni-vozicek-marela-elodie-mondo-leopard-ajatutaja-koper-0.jpg\",\"datePublished\":\"2026-03-12T14:33:38+00:00\",\"dateModified\":\"2026-03-13T11:07:29+00:00\",\"description\":\"Otro\u0161ki kompaktni vozi\u010dek Elodie MONDO se enostavno zlaga z eno roko, zavzame dimenzije velikosti ro\u010dne prtljage in je zato idealen za potovanja z letalom.\",\"breadcrumb\":{\"@id\":\"https:\\\/\\\/ajatutaja.com\\\/izdelek\\\/elodie-mondo-stroller-le-leopard\\\/#breadcrumb\"},\"inLanguage\":\"hr\",\"potentialAction\":[{\"@type\":\"ReadAction\",\"target\":[\"https:\\\/\\\/ajatutaja.com\\\/izdelek\\\/elodie-mondo-stroller-le-leopard\\\/\"]}]},{\"@type\":\"ImageObject\",\"inLanguage\":\"hr\",\"@id\":\"https:\\\/\\\/ajatutaja.com\\\/izdelek\\\/elodie-mondo-stroller-le-leopard\\\/#primaryimage\",\"url\":\"https:\\\/\\\/ajatutaja.com\\\/wp-content\\\/uploads\\\/2026\\\/02\\\/Elodie-potovolni-vozicek-marela-elodie-mondo-leopard-ajatutaja-koper-0.jpg\",\"contentUrl\":\"https:\\\/\\\/ajatutaja.com\\\/wp-content\\\/uploads\\\/2026\\\/02\\\/Elodie-potovolni-vozicek-marela-elodie-mondo-leopard-ajatutaja-koper-0.jpg\",\"width\":600,\"height\":600},{\"@type\":\"BreadcrumbList\",\"@id\":\"https:\\\/\\\/ajatutaja.com\\\/izdelek\\\/elodie-mondo-stroller-le-leopard\\\/#breadcrumb\",\"itemListElement\":[{\"@type\":\"ListItem\",\"position\":1,\"name\":\"Home\",\"item\":\"https:\\\/\\\/ajatutaja.com\\\/hr\\\/\"},{\"@type\":\"ListItem\",\"position\":2,\"name\":\"Trgovina\",\"item\":\"https:\\\/\\\/ajatutaja.com\\\/hr\\\/trgovina\\\/\"},{\"@type\":\"ListItem\",\"position\":3,\"name\":\"Elodie MONDO Stroller\u00ae &#8211; Le Leopard\"}]},{\"@type\":\"WebSite\",\"@id\":\"https:\\\/\\\/ajatutaja.com\\\/#website\",\"url\":\"https:\\\/\\\/ajatutaja.com\\\/\",\"name\":\"Ajatutaja\",\"description\":\"Otro\u0161ka spletna trgovina AJATUTAJA\",\"publisher\":{\"@id\":\"https:\\\/\\\/ajatutaja.com\\\/#organization\"},\"potentialAction\":[{\"@type\":\"SearchAction\",\"target\":{\"@type\":\"EntryPoint\",\"urlTemplate\":\"https:\\\/\\\/ajatutaja.com\\\/?s={search_term_string}\"},\"query-input\":{\"@type\":\"PropertyValueSpecification\",\"valueRequired\":true,\"valueName\":\"search_term_string\"}}],\"inLanguage\":\"hr\"},{\"@type\":\"Organization\",\"@id\":\"https:\\\/\\\/ajatutaja.com\\\/#organization\",\"name\":\"Ajatutaja\",\"url\":\"https:\\\/\\\/ajatutaja.com\\\/\",\"logo\":{\"@type\":\"ImageObject\",\"inLanguage\":\"hr\",\"@id\":\"https:\\\/\\\/ajatutaja.com\\\/#\\\/schema\\\/logo\\\/image\\\/\",\"url\":\"https:\\\/\\\/ajatutaja.com\\\/wp-content\\\/uploads\\\/2021\\\/10\\\/logo.png\",\"contentUrl\":\"https:\\\/\\\/ajatutaja.com\\\/wp-content\\\/uploads\\\/2021\\\/10\\\/logo.png\",\"width\":555,\"height\":150,\"caption\":\"Ajatutaja\"},\"image\":{\"@id\":\"https:\\\/\\\/ajatutaja.com\\\/#\\\/schema\\\/logo\\\/image\\\/\"}}]}<\/script>\n<!-- \/ Yoast SEO plugin. -->","yoast_head_json":{"title":"Elodie MONDO Stroller\u00ae - Le Leopard | Ajatutaja","description":"Otro\u0161ki kompaktni vozi\u010dek Elodie MONDO se enostavno zlaga z eno roko, zavzame dimenzije velikosti ro\u010dne prtljage in je zato idealen za potovanja z letalom.","robots":{"index":"index","follow":"follow","max-snippet":"max-snippet:-1","max-image-preview":"max-image-preview:large","max-video-preview":"max-video-preview:-1"},"canonical":"https:\/\/ajatutaja.com\/izdelek\/elodie-mondo-stroller-le-leopard\/","og_locale":"hr_HR","og_type":"article","og_title":"Elodie MONDO Stroller\u00ae - Le Leopard | Ajatutaja","og_description":"Otro\u0161ki kompaktni vozi\u010dek Elodie MONDO se enostavno zlaga z eno roko, zavzame dimenzije velikosti ro\u010dne prtljage in je zato idealen za potovanja z letalom.","og_url":"https:\/\/ajatutaja.com\/izdelek\/elodie-mondo-stroller-le-leopard\/","og_site_name":"Ajatutaja","article_modified_time":"2026-03-13T11:07:29+00:00","og_image":[{"width":600,"height":600,"url":"https:\/\/ajatutaja.com\/wp-content\/uploads\/2026\/02\/Elodie-potovolni-vozicek-marela-elodie-mondo-leopard-ajatutaja-koper-0.jpg","type":"image\/jpeg"}],"twitter_card":"summary_large_image","twitter_misc":{"Procijenjeno vrijeme \u010ditanja":"1 minuta"},"schema":{"@context":"https:\/\/schema.org","@graph":[{"@type":"WebPage","@id":"https:\/\/ajatutaja.com\/izdelek\/elodie-mondo-stroller-le-leopard\/","url":"https:\/\/ajatutaja.com\/izdelek\/elodie-mondo-stroller-le-leopard\/","name":"Elodie MONDO Stroller\u00ae - Le Leopard | Ajatutaja","isPartOf":{"@id":"https:\/\/ajatutaja.com\/#website"},"primaryImageOfPage":{"@id":"https:\/\/ajatutaja.com\/izdelek\/elodie-mondo-stroller-le-leopard\/#primaryimage"},"image":{"@id":"https:\/\/ajatutaja.com\/izdelek\/elodie-mondo-stroller-le-leopard\/#primaryimage"},"thumbnailUrl":"https:\/\/ajatutaja.com\/wp-content\/uploads\/2026\/02\/Elodie-potovolni-vozicek-marela-elodie-mondo-leopard-ajatutaja-koper-0.jpg","datePublished":"2026-03-12T14:33:38+00:00","dateModified":"2026-03-13T11:07:29+00:00","description":"Otro\u0161ki kompaktni vozi\u010dek Elodie MONDO se enostavno zlaga z eno roko, zavzame dimenzije velikosti ro\u010dne prtljage in je zato idealen za potovanja z letalom.","breadcrumb":{"@id":"https:\/\/ajatutaja.com\/izdelek\/elodie-mondo-stroller-le-leopard\/#breadcrumb"},"inLanguage":"hr","potentialAction":[{"@type":"ReadAction","target":["https:\/\/ajatutaja.com\/izdelek\/elodie-mondo-stroller-le-leopard\/"]}]},{"@type":"ImageObject","inLanguage":"hr","@id":"https:\/\/ajatutaja.com\/izdelek\/elodie-mondo-stroller-le-leopard\/#primaryimage","url":"https:\/\/ajatutaja.com\/wp-content\/uploads\/2026\/02\/Elodie-potovolni-vozicek-marela-elodie-mondo-leopard-ajatutaja-koper-0.jpg","contentUrl":"https:\/\/ajatutaja.com\/wp-content\/uploads\/2026\/02\/Elodie-potovolni-vozicek-marela-elodie-mondo-leopard-ajatutaja-koper-0.jpg","width":600,"height":600},{"@type":"BreadcrumbList","@id":"https:\/\/ajatutaja.com\/izdelek\/elodie-mondo-stroller-le-leopard\/#breadcrumb","itemListElement":[{"@type":"ListItem","position":1,"name":"Home","item":"https:\/\/ajatutaja.com\/hr\/"},{"@type":"ListItem","position":2,"name":"Trgovina","item":"https:\/\/ajatutaja.com\/hr\/trgovina\/"},{"@type":"ListItem","position":3,"name":"Elodie MONDO Stroller\u00ae &#8211; Le Leopard"}]},{"@type":"WebSite","@id":"https:\/\/ajatutaja.com\/#website","url":"https:\/\/ajatutaja.com\/","name":"Ajatutaja","description":"Otro\u0161ka spletna trgovina AJATUTAJA","publisher":{"@id":"https:\/\/ajatutaja.com\/#organization"},"potentialAction":[{"@type":"SearchAction","target":{"@type":"EntryPoint","urlTemplate":"https:\/\/ajatutaja.com\/?s={search_term_string}"},"query-input":{"@type":"PropertyValueSpecification","valueRequired":true,"valueName":"search_term_string"}}],"inLanguage":"hr"},{"@type":"Organization","@id":"https:\/\/ajatutaja.com\/#organization","name":"Ajatutaja","url":"https:\/\/ajatutaja.com\/","logo":{"@type":"ImageObject","inLanguage":"hr","@id":"https:\/\/ajatutaja.com\/#\/schema\/logo\/image\/","url":"https:\/\/ajatutaja.com\/wp-content\/uploads\/2021\/10\/logo.png","contentUrl":"https:\/\/ajatutaja.com\/wp-content\/uploads\/2021\/10\/logo.png","width":555,"height":150,"caption":"Ajatutaja"},"image":{"@id":"https:\/\/ajatutaja.com\/#\/schema\/logo\/image\/"}}]}},"brands":[{"id":2383,"name":"Elodie","slug":"elodie-vozicki"},{"id":2374,"name":"Vozi\u010dki","slug":"vozicki"}],"_links":{"self":[{"href":"https:\/\/ajatutaja.com\/hr\/wp-json\/wp\/v2\/product\/85962","targetHints":{"allow":["GET"]}}],"collection":[{"href":"https:\/\/ajatutaja.com\/hr\/wp-json\/wp\/v2\/product"}],"about":[{"href":"https:\/\/ajatutaja.com\/hr\/wp-json\/wp\/v2\/types\/product"}],"wp:featuredmedia":[{"embeddable":true,"href":"https:\/\/ajatutaja.com\/hr\/wp-json\/wp\/v2\/media\/85985"}],"wp:attachment":[{"href":"https:\/\/ajatutaja.com\/hr\/wp-json\/wp\/v2\/media?parent=85962"}],"wp:term":[{"taxonomy":"pwb-brand","embeddable":true,"href":"https:\/\/ajatutaja.com\/hr\/wp-json\/wp\/v2\/pwb-brand?post=85962"},{"taxonomy":"product_brand","embeddable":true,"href":"https:\/\/ajatutaja.com\/hr\/wp-json\/wp\/v2\/product_brand?post=85962"},{"taxonomy":"product_cat","embeddable":true,"href":"https:\/\/ajatutaja.com\/hr\/wp-json\/wp\/v2\/product_cat?post=85962"},{"taxonomy":"product_tag","embeddable":true,"href":"https:\/\/ajatutaja.com\/hr\/wp-json\/wp\/v2\/product_tag?post=85962"}],"curies":[{"name":"wp","href":"https:\/\/api.w.org\/{rel}","templated":true}]}}