{"id":85197,"date":"2026-02-01T12:44:22","date_gmt":"2026-02-01T11:44:22","guid":{"rendered":"https:\/\/ajatutaja.com\/?post_type=product&#038;p=85197"},"modified":"2026-04-22T14:07:03","modified_gmt":"2026-04-22T12:07:03","slug":"lansinoh-pp-flaska-anti-colic-160ml","status":"publish","type":"product","link":"https:\/\/ajatutaja.com\/hr\/proizvod\/lansinoh-pp-flaska-anti-colic-160ml\/","title":{"rendered":"Lansinoh\u00ae PP fla\u0161ka Anti-Colic (160ml)"},"content":{"rendered":"<p>[vc_row][vc_column][vc_column_text]Ta priro\u010dna, majhna stekleni\u010dka je brez BPA in BPS in se zato z lahkoto prilega v katero koli torbo. Zdru\u017eljiva je z vsemi \u010drpalkami Lansinoh in je odli\u010dna za diskretno rundo \u010drpanja, prav tako pa je popolna za hranjenje novorojen\u010dkov, ki spijejo majhne koli\u010dine mleka.<\/p>\n<h3>Lastnosti PP stekleni\u010dke Lansinoh:<\/h3>\n<ul>\n<li>V kompletu: fla\u0161ka iz polipropilena, pokrov\u010dek za shranjevanje, obro\u010dek in silikonski cucelj &#8220;NaturalWave&#8221; s spretokom S (0-3 mes), pokrov za stekleni\u010dko<\/li>\n<li>Ustreza originalnim lijakom Lansinoh (vseh velikosti) in je kompatibilna s prsnimi \u010drpalkami Lansinoh\u00ae<\/li>\n<li>Volumen 160 ml<\/li>\n<li>Stekleni\u010dke Lansinoh so enostavne za \u010di\u0161\u010denje in sterilizacijo<\/li>\n<li>Hranimo jih lahko tako v hladilniku kot v zamrzovalniku<\/li>\n<li>Brez BPA<\/li>\n<\/ul>\n<h4>Kdaj menjati stekleni\u010dko?<\/h4>\n<p>Ker so stekleni\u010dke Lansinoh brez BPA, se lahko odvr\u017eejo \u0161ele po 6 mesecih. \u010ce pa \u017eelite zagotoviti maksimalni higienski standard, pa je bolj priporo\u010dljiva menjava vsake 3 do 4 mesece. Najbolj pogosti znaki za menjavo stekleni\u010dke so razpoke ali ostru\u017eki na stekleni\u010dki, pu\u0161\u010danje stekleni\u010dke, stekleni\u010dka se je zabarvala.[\/vc_column_text][\/vc_column][\/vc_row]<\/p>\n","protected":false},"excerpt":{"rendered":"<p style=\"text-align: justify\">Lansinoh Anti-Colic stekleni\u010dka iz polipropilena z mehkih silikonskim cucljem &#8220;NaturalWave&#8221; (pretok S), je namenjena dojen\u010dkom in mal\u010dkom od rojstva dalje. Ustreza lijaku (vseh velikosti) za elektri\u010dne \u010drpalke Lansinoh\u00ae.<\/p>\n","protected":false},"featured_media":85209,"template":"","meta":[],"pwb-brand":[2269,5450],"product_brand":[],"product_cat":[2307,2266],"product_tag":[5452],"class_list":{"0":"post-85197","1":"product","2":"type-product","3":"status-publish","4":"has-post-thumbnail","6":"pwb-brand-hranjenje","7":"pwb-brand-lansinoh","8":"product_cat-flaske-in-steklenicke","9":"product_cat-hranjenje","10":"product_tag-lansinoh","12":"first","13":"instock","14":"taxable","15":"shipping-taxable","16":"purchasable","17":"product-type-simple","18":"add-to-wishlist-before_image"},"yoast_head":"<!-- This site is optimized with the Yoast SEO plugin v27.3 - https:\/\/yoast.com\/product\/yoast-seo-wordpress\/ -->\n<title>Lansinoh\u00ae PP fla\u0161ka Anti-Colic (160ml) | Ajatutaja<\/title>\n<meta name=\"description\" content=\"Lansinoh Anti-Colic stekleni\u010dka iz polipropilena z mehkih silikonskim cucljem &quot;NaturalWave&quot; (pretok S), je namenjena dojen\u010dkom in mal\u010dkom od rojstva dalje.\" \/>\n<meta name=\"robots\" content=\"index, follow, max-snippet:-1, max-image-preview:large, max-video-preview:-1\" \/>\n<link rel=\"canonical\" href=\"https:\/\/ajatutaja.com\/izdelek\/lansinoh-pp-flaska-anti-colic-160ml\/\" \/>\n<meta property=\"og:locale\" content=\"hr_HR\" \/>\n<meta property=\"og:type\" content=\"article\" \/>\n<meta property=\"og:title\" content=\"Lansinoh\u00ae PP fla\u0161ka Anti-Colic (160ml) | Ajatutaja\" \/>\n<meta property=\"og:description\" content=\"Lansinoh Anti-Colic stekleni\u010dka iz polipropilena z mehkih silikonskim cucljem &quot;NaturalWave&quot; (pretok S), je namenjena dojen\u010dkom in mal\u010dkom od rojstva dalje.\" \/>\n<meta property=\"og:url\" content=\"https:\/\/ajatutaja.com\/izdelek\/lansinoh-pp-flaska-anti-colic-160ml\/\" \/>\n<meta property=\"og:site_name\" content=\"Ajatutaja\" \/>\n<meta property=\"article:modified_time\" content=\"2026-04-22T12:07:03+00:00\" \/>\n<meta property=\"og:image\" content=\"https:\/\/ajatutaja.com\/wp-content\/uploads\/2026\/02\/plasticna-steklenicka-lansinoh-160ml-1.jpg\" \/>\n\t<meta property=\"og:image:width\" content=\"1000\" \/>\n\t<meta property=\"og:image:height\" content=\"1300\" \/>\n\t<meta property=\"og:image:type\" content=\"image\/jpeg\" \/>\n<meta name=\"twitter:card\" content=\"summary_large_image\" \/>\n<meta name=\"twitter:label1\" content=\"Procijenjeno vrijeme \u010ditanja\" \/>\n\t<meta name=\"twitter:data1\" content=\"1 minuta\" \/>\n<script type=\"application\/ld+json\" class=\"yoast-schema-graph\">{\"@context\":\"https:\\\/\\\/schema.org\",\"@graph\":[{\"@type\":\"WebPage\",\"@id\":\"https:\\\/\\\/ajatutaja.com\\\/izdelek\\\/lansinoh-pp-flaska-anti-colic-160ml\\\/\",\"url\":\"https:\\\/\\\/ajatutaja.com\\\/izdelek\\\/lansinoh-pp-flaska-anti-colic-160ml\\\/\",\"name\":\"Lansinoh\u00ae PP fla\u0161ka Anti-Colic (160ml) | Ajatutaja\",\"isPartOf\":{\"@id\":\"https:\\\/\\\/ajatutaja.com\\\/#website\"},\"primaryImageOfPage\":{\"@id\":\"https:\\\/\\\/ajatutaja.com\\\/izdelek\\\/lansinoh-pp-flaska-anti-colic-160ml\\\/#primaryimage\"},\"image\":{\"@id\":\"https:\\\/\\\/ajatutaja.com\\\/izdelek\\\/lansinoh-pp-flaska-anti-colic-160ml\\\/#primaryimage\"},\"thumbnailUrl\":\"https:\\\/\\\/ajatutaja.com\\\/wp-content\\\/uploads\\\/2026\\\/02\\\/plasticna-steklenicka-lansinoh-160ml-1.jpg\",\"datePublished\":\"2026-02-01T11:44:22+00:00\",\"dateModified\":\"2026-04-22T12:07:03+00:00\",\"description\":\"Lansinoh Anti-Colic stekleni\u010dka iz polipropilena z mehkih silikonskim cucljem \\\"NaturalWave\\\" (pretok S), je namenjena dojen\u010dkom in mal\u010dkom od rojstva dalje.\",\"breadcrumb\":{\"@id\":\"https:\\\/\\\/ajatutaja.com\\\/izdelek\\\/lansinoh-pp-flaska-anti-colic-160ml\\\/#breadcrumb\"},\"inLanguage\":\"hr\",\"potentialAction\":[{\"@type\":\"ReadAction\",\"target\":[\"https:\\\/\\\/ajatutaja.com\\\/izdelek\\\/lansinoh-pp-flaska-anti-colic-160ml\\\/\"]}]},{\"@type\":\"ImageObject\",\"inLanguage\":\"hr\",\"@id\":\"https:\\\/\\\/ajatutaja.com\\\/izdelek\\\/lansinoh-pp-flaska-anti-colic-160ml\\\/#primaryimage\",\"url\":\"https:\\\/\\\/ajatutaja.com\\\/wp-content\\\/uploads\\\/2026\\\/02\\\/plasticna-steklenicka-lansinoh-160ml-1.jpg\",\"contentUrl\":\"https:\\\/\\\/ajatutaja.com\\\/wp-content\\\/uploads\\\/2026\\\/02\\\/plasticna-steklenicka-lansinoh-160ml-1.jpg\",\"width\":1000,\"height\":1300},{\"@type\":\"BreadcrumbList\",\"@id\":\"https:\\\/\\\/ajatutaja.com\\\/izdelek\\\/lansinoh-pp-flaska-anti-colic-160ml\\\/#breadcrumb\",\"itemListElement\":[{\"@type\":\"ListItem\",\"position\":1,\"name\":\"Home\",\"item\":\"https:\\\/\\\/ajatutaja.com\\\/hr\\\/\"},{\"@type\":\"ListItem\",\"position\":2,\"name\":\"Trgovina\",\"item\":\"https:\\\/\\\/ajatutaja.com\\\/hr\\\/trgovina\\\/\"},{\"@type\":\"ListItem\",\"position\":3,\"name\":\"Lansinoh\u00ae PP fla\u0161ka Anti-Colic (160ml)\"}]},{\"@type\":\"WebSite\",\"@id\":\"https:\\\/\\\/ajatutaja.com\\\/#website\",\"url\":\"https:\\\/\\\/ajatutaja.com\\\/\",\"name\":\"Ajatutaja\",\"description\":\"Otro\u0161ka spletna trgovina AJATUTAJA\",\"publisher\":{\"@id\":\"https:\\\/\\\/ajatutaja.com\\\/#organization\"},\"potentialAction\":[{\"@type\":\"SearchAction\",\"target\":{\"@type\":\"EntryPoint\",\"urlTemplate\":\"https:\\\/\\\/ajatutaja.com\\\/?s={search_term_string}\"},\"query-input\":{\"@type\":\"PropertyValueSpecification\",\"valueRequired\":true,\"valueName\":\"search_term_string\"}}],\"inLanguage\":\"hr\"},{\"@type\":\"Organization\",\"@id\":\"https:\\\/\\\/ajatutaja.com\\\/#organization\",\"name\":\"Ajatutaja\",\"url\":\"https:\\\/\\\/ajatutaja.com\\\/\",\"logo\":{\"@type\":\"ImageObject\",\"inLanguage\":\"hr\",\"@id\":\"https:\\\/\\\/ajatutaja.com\\\/#\\\/schema\\\/logo\\\/image\\\/\",\"url\":\"https:\\\/\\\/ajatutaja.com\\\/wp-content\\\/uploads\\\/2021\\\/10\\\/logo.png\",\"contentUrl\":\"https:\\\/\\\/ajatutaja.com\\\/wp-content\\\/uploads\\\/2021\\\/10\\\/logo.png\",\"width\":555,\"height\":150,\"caption\":\"Ajatutaja\"},\"image\":{\"@id\":\"https:\\\/\\\/ajatutaja.com\\\/#\\\/schema\\\/logo\\\/image\\\/\"}}]}<\/script>\n<!-- \/ Yoast SEO plugin. -->","yoast_head_json":{"title":"Lansinoh\u00ae PP fla\u0161ka Anti-Colic (160ml) | Ajatutaja","description":"Lansinoh Anti-Colic stekleni\u010dka iz polipropilena z mehkih silikonskim cucljem \"NaturalWave\" (pretok S), je namenjena dojen\u010dkom in mal\u010dkom od rojstva dalje.","robots":{"index":"index","follow":"follow","max-snippet":"max-snippet:-1","max-image-preview":"max-image-preview:large","max-video-preview":"max-video-preview:-1"},"canonical":"https:\/\/ajatutaja.com\/izdelek\/lansinoh-pp-flaska-anti-colic-160ml\/","og_locale":"hr_HR","og_type":"article","og_title":"Lansinoh\u00ae PP fla\u0161ka Anti-Colic (160ml) | Ajatutaja","og_description":"Lansinoh Anti-Colic stekleni\u010dka iz polipropilena z mehkih silikonskim cucljem \"NaturalWave\" (pretok S), je namenjena dojen\u010dkom in mal\u010dkom od rojstva dalje.","og_url":"https:\/\/ajatutaja.com\/izdelek\/lansinoh-pp-flaska-anti-colic-160ml\/","og_site_name":"Ajatutaja","article_modified_time":"2026-04-22T12:07:03+00:00","og_image":[{"width":1000,"height":1300,"url":"https:\/\/ajatutaja.com\/wp-content\/uploads\/2026\/02\/plasticna-steklenicka-lansinoh-160ml-1.jpg","type":"image\/jpeg"}],"twitter_card":"summary_large_image","twitter_misc":{"Procijenjeno vrijeme \u010ditanja":"1 minuta"},"schema":{"@context":"https:\/\/schema.org","@graph":[{"@type":"WebPage","@id":"https:\/\/ajatutaja.com\/izdelek\/lansinoh-pp-flaska-anti-colic-160ml\/","url":"https:\/\/ajatutaja.com\/izdelek\/lansinoh-pp-flaska-anti-colic-160ml\/","name":"Lansinoh\u00ae PP fla\u0161ka Anti-Colic (160ml) | Ajatutaja","isPartOf":{"@id":"https:\/\/ajatutaja.com\/#website"},"primaryImageOfPage":{"@id":"https:\/\/ajatutaja.com\/izdelek\/lansinoh-pp-flaska-anti-colic-160ml\/#primaryimage"},"image":{"@id":"https:\/\/ajatutaja.com\/izdelek\/lansinoh-pp-flaska-anti-colic-160ml\/#primaryimage"},"thumbnailUrl":"https:\/\/ajatutaja.com\/wp-content\/uploads\/2026\/02\/plasticna-steklenicka-lansinoh-160ml-1.jpg","datePublished":"2026-02-01T11:44:22+00:00","dateModified":"2026-04-22T12:07:03+00:00","description":"Lansinoh Anti-Colic stekleni\u010dka iz polipropilena z mehkih silikonskim cucljem \"NaturalWave\" (pretok S), je namenjena dojen\u010dkom in mal\u010dkom od rojstva dalje.","breadcrumb":{"@id":"https:\/\/ajatutaja.com\/izdelek\/lansinoh-pp-flaska-anti-colic-160ml\/#breadcrumb"},"inLanguage":"hr","potentialAction":[{"@type":"ReadAction","target":["https:\/\/ajatutaja.com\/izdelek\/lansinoh-pp-flaska-anti-colic-160ml\/"]}]},{"@type":"ImageObject","inLanguage":"hr","@id":"https:\/\/ajatutaja.com\/izdelek\/lansinoh-pp-flaska-anti-colic-160ml\/#primaryimage","url":"https:\/\/ajatutaja.com\/wp-content\/uploads\/2026\/02\/plasticna-steklenicka-lansinoh-160ml-1.jpg","contentUrl":"https:\/\/ajatutaja.com\/wp-content\/uploads\/2026\/02\/plasticna-steklenicka-lansinoh-160ml-1.jpg","width":1000,"height":1300},{"@type":"BreadcrumbList","@id":"https:\/\/ajatutaja.com\/izdelek\/lansinoh-pp-flaska-anti-colic-160ml\/#breadcrumb","itemListElement":[{"@type":"ListItem","position":1,"name":"Home","item":"https:\/\/ajatutaja.com\/hr\/"},{"@type":"ListItem","position":2,"name":"Trgovina","item":"https:\/\/ajatutaja.com\/hr\/trgovina\/"},{"@type":"ListItem","position":3,"name":"Lansinoh\u00ae PP fla\u0161ka Anti-Colic (160ml)"}]},{"@type":"WebSite","@id":"https:\/\/ajatutaja.com\/#website","url":"https:\/\/ajatutaja.com\/","name":"Ajatutaja","description":"Otro\u0161ka spletna trgovina AJATUTAJA","publisher":{"@id":"https:\/\/ajatutaja.com\/#organization"},"potentialAction":[{"@type":"SearchAction","target":{"@type":"EntryPoint","urlTemplate":"https:\/\/ajatutaja.com\/?s={search_term_string}"},"query-input":{"@type":"PropertyValueSpecification","valueRequired":true,"valueName":"search_term_string"}}],"inLanguage":"hr"},{"@type":"Organization","@id":"https:\/\/ajatutaja.com\/#organization","name":"Ajatutaja","url":"https:\/\/ajatutaja.com\/","logo":{"@type":"ImageObject","inLanguage":"hr","@id":"https:\/\/ajatutaja.com\/#\/schema\/logo\/image\/","url":"https:\/\/ajatutaja.com\/wp-content\/uploads\/2021\/10\/logo.png","contentUrl":"https:\/\/ajatutaja.com\/wp-content\/uploads\/2021\/10\/logo.png","width":555,"height":150,"caption":"Ajatutaja"},"image":{"@id":"https:\/\/ajatutaja.com\/#\/schema\/logo\/image\/"}}]}},"brands":[{"id":2269,"name":"Hranjenje","slug":"hranjenje"},{"id":5450,"name":"Lansinoh","slug":"lansinoh"}],"_links":{"self":[{"href":"https:\/\/ajatutaja.com\/hr\/wp-json\/wp\/v2\/product\/85197","targetHints":{"allow":["GET"]}}],"collection":[{"href":"https:\/\/ajatutaja.com\/hr\/wp-json\/wp\/v2\/product"}],"about":[{"href":"https:\/\/ajatutaja.com\/hr\/wp-json\/wp\/v2\/types\/product"}],"wp:featuredmedia":[{"embeddable":true,"href":"https:\/\/ajatutaja.com\/hr\/wp-json\/wp\/v2\/media\/85209"}],"wp:attachment":[{"href":"https:\/\/ajatutaja.com\/hr\/wp-json\/wp\/v2\/media?parent=85197"}],"wp:term":[{"taxonomy":"pwb-brand","embeddable":true,"href":"https:\/\/ajatutaja.com\/hr\/wp-json\/wp\/v2\/pwb-brand?post=85197"},{"taxonomy":"product_brand","embeddable":true,"href":"https:\/\/ajatutaja.com\/hr\/wp-json\/wp\/v2\/product_brand?post=85197"},{"taxonomy":"product_cat","embeddable":true,"href":"https:\/\/ajatutaja.com\/hr\/wp-json\/wp\/v2\/product_cat?post=85197"},{"taxonomy":"product_tag","embeddable":true,"href":"https:\/\/ajatutaja.com\/hr\/wp-json\/wp\/v2\/product_tag?post=85197"}],"curies":[{"name":"wp","href":"https:\/\/api.w.org\/{rel}","templated":true}]}}