{"id":85003,"date":"2026-01-27T20:35:55","date_gmt":"2026-01-27T19:35:55","guid":{"rendered":"https:\/\/ajatutaja.com\/?post_type=product&#038;p=85003"},"modified":"2026-02-21T18:31:58","modified_gmt":"2026-02-21T17:31:58","slug":"spectra-synergy-gold-elektricna-dvojna-prsna-crpalka","status":"publish","type":"product","link":"https:\/\/ajatutaja.com\/hr\/proizvod\/spectra-synergy-gold-elektricna-dvojna-prsna-crpalka\/","title":{"rendered":"Spectra\u00ae Synergy Gold elektri\u010dna dvojna prsna \u010drpalka"},"content":{"rendered":"<p>[vc_row][vc_column][vc_column_text]Izredno tiha elektri\u010dna dvojna prsna \u010drpalka Gold Synergy se lo\u010di od ostalih modelov Spectra\u00ae z napredno tehnologijo, ki vklju\u010duje 2 lo\u010deni funkciji \u010drpanja, ki se prilagodijo za vsako dojko posebej. \u010crpalka Spectra vklju\u010duje funkcijo ve\u010d nastavljivih stopenj sesanja, ki zagotavlja bolj naraven pretok mleka, ki v \u201cmasa\u017enem na\u010dinu\u201d simulira naravno sesanje dojen\u010dka. Zaprt sistem, ki prepre\u010duje povratni tok mleka, zaradi \u010desar je varen in higieni\u010den za vas in va\u0161ega otroka. Gold Synergy<\/p>\n<h4>Lastnosti elektri\u010dne dvojne \u010drpalke Spectra Gold Synergy:<\/h4>\n<ul>\n<li>To je najmo\u010dnej\u0161i Spectra model, saj ima vgrajeni dve \u010drpalki, kar vam omogo\u010da ve\u010dji nadzor mo\u010di pri \u010drpanju!<\/li>\n<li>\u010crpalka omogo\u010da \u010drpanje mleka na obeh dojkah hkrati ali pa samo na eni (enojno ali dvojno \u010drpanje)<\/li>\n<li>Elektri\u010dno napajanje preko kabla<\/li>\n<li>Avtomatski izklop po 30 minutah \u010drpanja<\/li>\n<li>No\u010dni na\u010din \u010drpanja z vgrajeno led lu\u010dko s 3 stopnjami nastavitev svetosti<\/li>\n<li>LCD zaslon za lo\u010deno preverjanje nastavitev (leva+desna) in skupnega \u010dasa \u010drpanja<\/li>\n<li>Zaprt sistem za varno in higieni\u010dno \u010drpanje mleka<\/li>\n<li>Nastavitve za u\u010dinkovito sesanje in stimulacijo prsi<\/li>\n<li>Pomnjenje nastavitev \u2013 shrani va\u0161e priljubljene nastavitve za dosledno uporabo<\/li>\n<li>Mo\u017enost nastavitve: Ro\u010dni cikel v 5 stopnjah \/ Masa\u017ea prsi v 5 stopnjah za fazo sprostitve<\/li>\n<li>Na\u010din delovanja v 15 nivojih<\/li>\n<li>No\u010dna lu\u010dka v 3 nivojih za vidljivost v temi<\/li>\n<li>Zelo tih motor ~45 dB z mo\u017enostjo nastavitve &#8220;Mute&#8221;<\/li>\n<li>Enostavna za sestavljanje in uporabo<\/li>\n<li>Garancija: 2 leti na aparat\/\u010drpalko in 90 dni na dodatke<\/li>\n<li>Spectra je najbolj uporabljena bolni\u0161ni\u010dna elektri\u010dna prsna \u010drpalka na svetu<\/li>\n<\/ul>\n<h4>Tehni\u010dne specifikacije:<\/h4>\n<ul>\n<li>270 mmHg<\/li>\n<li>Vakuumsko sesanje do L12<\/li>\n<li>LCD zaslon na dotik z nadzorom \u010dasa in tihim na\u010dinom<\/li>\n<li>Mo\u017enost enojnega ali dvojnega \u010drpanja<\/li>\n<li>Mo\u017enost lo\u010dene prilagoditve nastavitev sesanja za vsako stran<\/li>\n<li>Tehta le 1.9 kg<\/li>\n<li>Vgrajena no\u010dna lu\u010dka vam omogo\u010da \u010drpanje ob katerikoli uri<\/li>\n<li>Elektri\u010dno napajanje s kablom (12V AC Adapter)<\/li>\n<\/ul>\n<h4>Kaj je v \u0161katli?<\/h4>\n<p>1 x \u010drpalka Spectra Synergy Gold<br \/>\n1 x kabel za napajanje z EU adapterjem 12V AC<br \/>\n2 x prsni nastavki:\u00a0 2x24mm<br \/>\n2 x stekleni\u010dki za shranjevanje Spectra<br \/>\n2 x ventila<br \/>\n2 x za\u0161\u010dita proti povratnemu toku<br \/>\n2 x cevka<\/p>\n<p><a href=\"https:\/\/ajatutaja.com\/wp-content\/uploads\/2026\/01\/Synergy_Gold_Manual_10-23-25.pdf\">NAVODILA ZA UPORABO<\/a><\/p>\n<p>&nbsp;<\/p>\n<p><img loading=\"lazy\" decoding=\"async\" class=\"aligncenter wp-image-85011 size-large\" src=\"https:\/\/ajatutaja.com\/wp-content\/uploads\/2026\/01\/Spectra-sinergy-gold-elektricna-crpalka-ajatutaja-863x1024.webp\" alt=\"\" width=\"863\" height=\"1024\" srcset=\"https:\/\/ajatutaja.com\/wp-content\/uploads\/2026\/01\/Spectra-sinergy-gold-elektricna-crpalka-ajatutaja-863x1024.webp 863w, https:\/\/ajatutaja.com\/wp-content\/uploads\/2026\/01\/Spectra-sinergy-gold-elektricna-crpalka-ajatutaja-253x300.webp 253w, https:\/\/ajatutaja.com\/wp-content\/uploads\/2026\/01\/Spectra-sinergy-gold-elektricna-crpalka-ajatutaja-768x912.webp 768w, https:\/\/ajatutaja.com\/wp-content\/uploads\/2026\/01\/Spectra-sinergy-gold-elektricna-crpalka-ajatutaja.webp 1000w\" sizes=\"auto, (max-width: 863px) 100vw, 863px\" \/>[\/vc_column_text][\/vc_column][\/vc_row]<\/p>\n","protected":false},"excerpt":{"rendered":"<p style=\"text-align: justify\">Elektri\u010dna prsna \u010drpalka Spectra\u00ae Synergy Gold je izredno tihna in zagotavlja u\u010dinkovito \u010drpanje materinega mleka z mo\u017enostjo dvojnega \u010drpanja ali pa samo na eni dojki. Napredna tehnologija modela Synergy Gold omogo\u010da \u010drpanje z lo\u010deno nastavitvijo za vsako stran oz. dojko. LED lu\u010dka oddaja blago svetlobo za \u010drpanje v temi in slu\u017ei kot no\u010dna svetilka.<\/p>\n","protected":false},"featured_media":85009,"template":"","meta":[],"pwb-brand":[2268,5500],"product_brand":[],"product_cat":[5199,2265,5089],"product_tag":[5502],"class_list":{"0":"post-85003","1":"product","2":"type-product","3":"status-publish","4":"has-post-thumbnail","6":"pwb-brand-dojenje","7":"pwb-brand-spectra","8":"product_cat-brez-popusta","9":"product_cat-dojenje","10":"product_cat-prsne-crpalke","11":"product_tag-spectra","13":"first","14":"onbackorder","15":"taxable","16":"shipping-taxable","17":"purchasable","18":"product-type-simple","19":"add-to-wishlist-before_image"},"yoast_head":"<!-- This site is optimized with the Yoast SEO plugin v27.3 - https:\/\/yoast.com\/product\/yoast-seo-wordpress\/ -->\n<title>Spectra\u00ae Synergy Gold elektri\u010dna dvojna prsna \u010drpalka | Ajatutaja<\/title>\n<meta name=\"description\" content=\"Elektri\u010dna prsna \u010drpalka Spectra\u00ae Synergy Gold\u00a0 je izredno tihna in zagotavlja u\u010dinkovito in brezskrbno \u010drpanje materinega mleka z mo\u017enostjo dvojnega \u010drpanja ali pa samo na eni dojki.\" \/>\n<meta name=\"robots\" content=\"index, follow, max-snippet:-1, max-image-preview:large, max-video-preview:-1\" \/>\n<link rel=\"canonical\" href=\"https:\/\/ajatutaja.com\/izdelek\/spectra-synergy-gold-elektricna-dvojna-prsna-crpalka\/\" \/>\n<meta property=\"og:locale\" content=\"hr_HR\" \/>\n<meta property=\"og:type\" content=\"article\" \/>\n<meta property=\"og:title\" content=\"Spectra\u00ae Synergy Gold elektri\u010dna dvojna prsna \u010drpalka | Ajatutaja\" \/>\n<meta property=\"og:description\" content=\"Elektri\u010dna prsna \u010drpalka Spectra\u00ae Synergy Gold\u00a0 je izredno tihna in zagotavlja u\u010dinkovito in brezskrbno \u010drpanje materinega mleka z mo\u017enostjo dvojnega \u010drpanja ali pa samo na eni dojki.\" \/>\n<meta property=\"og:url\" content=\"https:\/\/ajatutaja.com\/izdelek\/spectra-synergy-gold-elektricna-dvojna-prsna-crpalka\/\" \/>\n<meta property=\"og:site_name\" content=\"Ajatutaja\" \/>\n<meta property=\"article:modified_time\" content=\"2026-02-21T17:31:58+00:00\" \/>\n<meta property=\"og:image\" content=\"https:\/\/ajatutaja.com\/wp-content\/uploads\/2026\/01\/Dvojna-elektricna-crpalka-Spectra-baby-slovenija-ajatutaja-gold-2.webp\" \/>\n\t<meta property=\"og:image:width\" content=\"500\" \/>\n\t<meta property=\"og:image:height\" content=\"500\" \/>\n\t<meta property=\"og:image:type\" content=\"image\/webp\" \/>\n<meta name=\"twitter:card\" content=\"summary_large_image\" \/>\n<meta name=\"twitter:label1\" content=\"Procijenjeno vrijeme \u010ditanja\" \/>\n\t<meta name=\"twitter:data1\" content=\"2 minute\" \/>\n<script type=\"application\/ld+json\" class=\"yoast-schema-graph\">{\"@context\":\"https:\\\/\\\/schema.org\",\"@graph\":[{\"@type\":\"WebPage\",\"@id\":\"https:\\\/\\\/ajatutaja.com\\\/izdelek\\\/spectra-synergy-gold-elektricna-dvojna-prsna-crpalka\\\/\",\"url\":\"https:\\\/\\\/ajatutaja.com\\\/izdelek\\\/spectra-synergy-gold-elektricna-dvojna-prsna-crpalka\\\/\",\"name\":\"Spectra\u00ae Synergy Gold elektri\u010dna dvojna prsna \u010drpalka | Ajatutaja\",\"isPartOf\":{\"@id\":\"https:\\\/\\\/ajatutaja.com\\\/#website\"},\"primaryImageOfPage\":{\"@id\":\"https:\\\/\\\/ajatutaja.com\\\/izdelek\\\/spectra-synergy-gold-elektricna-dvojna-prsna-crpalka\\\/#primaryimage\"},\"image\":{\"@id\":\"https:\\\/\\\/ajatutaja.com\\\/izdelek\\\/spectra-synergy-gold-elektricna-dvojna-prsna-crpalka\\\/#primaryimage\"},\"thumbnailUrl\":\"https:\\\/\\\/ajatutaja.com\\\/wp-content\\\/uploads\\\/2026\\\/01\\\/Dvojna-elektricna-crpalka-Spectra-baby-slovenija-ajatutaja-gold-2.webp\",\"datePublished\":\"2026-01-27T19:35:55+00:00\",\"dateModified\":\"2026-02-21T17:31:58+00:00\",\"description\":\"Elektri\u010dna prsna \u010drpalka Spectra\u00ae Synergy Gold\u00a0 je izredno tihna in zagotavlja u\u010dinkovito in brezskrbno \u010drpanje materinega mleka z mo\u017enostjo dvojnega \u010drpanja ali pa samo na eni dojki.\",\"breadcrumb\":{\"@id\":\"https:\\\/\\\/ajatutaja.com\\\/izdelek\\\/spectra-synergy-gold-elektricna-dvojna-prsna-crpalka\\\/#breadcrumb\"},\"inLanguage\":\"hr\",\"potentialAction\":[{\"@type\":\"ReadAction\",\"target\":[\"https:\\\/\\\/ajatutaja.com\\\/izdelek\\\/spectra-synergy-gold-elektricna-dvojna-prsna-crpalka\\\/\"]}]},{\"@type\":\"ImageObject\",\"inLanguage\":\"hr\",\"@id\":\"https:\\\/\\\/ajatutaja.com\\\/izdelek\\\/spectra-synergy-gold-elektricna-dvojna-prsna-crpalka\\\/#primaryimage\",\"url\":\"https:\\\/\\\/ajatutaja.com\\\/wp-content\\\/uploads\\\/2026\\\/01\\\/Dvojna-elektricna-crpalka-Spectra-baby-slovenija-ajatutaja-gold-2.webp\",\"contentUrl\":\"https:\\\/\\\/ajatutaja.com\\\/wp-content\\\/uploads\\\/2026\\\/01\\\/Dvojna-elektricna-crpalka-Spectra-baby-slovenija-ajatutaja-gold-2.webp\",\"width\":500,\"height\":500},{\"@type\":\"BreadcrumbList\",\"@id\":\"https:\\\/\\\/ajatutaja.com\\\/izdelek\\\/spectra-synergy-gold-elektricna-dvojna-prsna-crpalka\\\/#breadcrumb\",\"itemListElement\":[{\"@type\":\"ListItem\",\"position\":1,\"name\":\"Home\",\"item\":\"https:\\\/\\\/ajatutaja.com\\\/hr\\\/\"},{\"@type\":\"ListItem\",\"position\":2,\"name\":\"Trgovina\",\"item\":\"https:\\\/\\\/ajatutaja.com\\\/hr\\\/trgovina\\\/\"},{\"@type\":\"ListItem\",\"position\":3,\"name\":\"Spectra\u00ae Synergy Gold elektri\u010dna dvojna prsna \u010drpalka\"}]},{\"@type\":\"WebSite\",\"@id\":\"https:\\\/\\\/ajatutaja.com\\\/#website\",\"url\":\"https:\\\/\\\/ajatutaja.com\\\/\",\"name\":\"Ajatutaja\",\"description\":\"Otro\u0161ka spletna trgovina AJATUTAJA\",\"publisher\":{\"@id\":\"https:\\\/\\\/ajatutaja.com\\\/#organization\"},\"potentialAction\":[{\"@type\":\"SearchAction\",\"target\":{\"@type\":\"EntryPoint\",\"urlTemplate\":\"https:\\\/\\\/ajatutaja.com\\\/?s={search_term_string}\"},\"query-input\":{\"@type\":\"PropertyValueSpecification\",\"valueRequired\":true,\"valueName\":\"search_term_string\"}}],\"inLanguage\":\"hr\"},{\"@type\":\"Organization\",\"@id\":\"https:\\\/\\\/ajatutaja.com\\\/#organization\",\"name\":\"Ajatutaja\",\"url\":\"https:\\\/\\\/ajatutaja.com\\\/\",\"logo\":{\"@type\":\"ImageObject\",\"inLanguage\":\"hr\",\"@id\":\"https:\\\/\\\/ajatutaja.com\\\/#\\\/schema\\\/logo\\\/image\\\/\",\"url\":\"https:\\\/\\\/ajatutaja.com\\\/wp-content\\\/uploads\\\/2021\\\/10\\\/logo.png\",\"contentUrl\":\"https:\\\/\\\/ajatutaja.com\\\/wp-content\\\/uploads\\\/2021\\\/10\\\/logo.png\",\"width\":555,\"height\":150,\"caption\":\"Ajatutaja\"},\"image\":{\"@id\":\"https:\\\/\\\/ajatutaja.com\\\/#\\\/schema\\\/logo\\\/image\\\/\"}}]}<\/script>\n<!-- \/ Yoast SEO plugin. -->","yoast_head_json":{"title":"Spectra\u00ae Synergy Gold elektri\u010dna dvojna prsna \u010drpalka | Ajatutaja","description":"Elektri\u010dna prsna \u010drpalka Spectra\u00ae Synergy Gold\u00a0 je izredno tihna in zagotavlja u\u010dinkovito in brezskrbno \u010drpanje materinega mleka z mo\u017enostjo dvojnega \u010drpanja ali pa samo na eni dojki.","robots":{"index":"index","follow":"follow","max-snippet":"max-snippet:-1","max-image-preview":"max-image-preview:large","max-video-preview":"max-video-preview:-1"},"canonical":"https:\/\/ajatutaja.com\/izdelek\/spectra-synergy-gold-elektricna-dvojna-prsna-crpalka\/","og_locale":"hr_HR","og_type":"article","og_title":"Spectra\u00ae Synergy Gold elektri\u010dna dvojna prsna \u010drpalka | Ajatutaja","og_description":"Elektri\u010dna prsna \u010drpalka Spectra\u00ae Synergy Gold\u00a0 je izredno tihna in zagotavlja u\u010dinkovito in brezskrbno \u010drpanje materinega mleka z mo\u017enostjo dvojnega \u010drpanja ali pa samo na eni dojki.","og_url":"https:\/\/ajatutaja.com\/izdelek\/spectra-synergy-gold-elektricna-dvojna-prsna-crpalka\/","og_site_name":"Ajatutaja","article_modified_time":"2026-02-21T17:31:58+00:00","og_image":[{"width":500,"height":500,"url":"https:\/\/ajatutaja.com\/wp-content\/uploads\/2026\/01\/Dvojna-elektricna-crpalka-Spectra-baby-slovenija-ajatutaja-gold-2.webp","type":"image\/webp"}],"twitter_card":"summary_large_image","twitter_misc":{"Procijenjeno vrijeme \u010ditanja":"2 minute"},"schema":{"@context":"https:\/\/schema.org","@graph":[{"@type":"WebPage","@id":"https:\/\/ajatutaja.com\/izdelek\/spectra-synergy-gold-elektricna-dvojna-prsna-crpalka\/","url":"https:\/\/ajatutaja.com\/izdelek\/spectra-synergy-gold-elektricna-dvojna-prsna-crpalka\/","name":"Spectra\u00ae Synergy Gold elektri\u010dna dvojna prsna \u010drpalka | Ajatutaja","isPartOf":{"@id":"https:\/\/ajatutaja.com\/#website"},"primaryImageOfPage":{"@id":"https:\/\/ajatutaja.com\/izdelek\/spectra-synergy-gold-elektricna-dvojna-prsna-crpalka\/#primaryimage"},"image":{"@id":"https:\/\/ajatutaja.com\/izdelek\/spectra-synergy-gold-elektricna-dvojna-prsna-crpalka\/#primaryimage"},"thumbnailUrl":"https:\/\/ajatutaja.com\/wp-content\/uploads\/2026\/01\/Dvojna-elektricna-crpalka-Spectra-baby-slovenija-ajatutaja-gold-2.webp","datePublished":"2026-01-27T19:35:55+00:00","dateModified":"2026-02-21T17:31:58+00:00","description":"Elektri\u010dna prsna \u010drpalka Spectra\u00ae Synergy Gold\u00a0 je izredno tihna in zagotavlja u\u010dinkovito in brezskrbno \u010drpanje materinega mleka z mo\u017enostjo dvojnega \u010drpanja ali pa samo na eni dojki.","breadcrumb":{"@id":"https:\/\/ajatutaja.com\/izdelek\/spectra-synergy-gold-elektricna-dvojna-prsna-crpalka\/#breadcrumb"},"inLanguage":"hr","potentialAction":[{"@type":"ReadAction","target":["https:\/\/ajatutaja.com\/izdelek\/spectra-synergy-gold-elektricna-dvojna-prsna-crpalka\/"]}]},{"@type":"ImageObject","inLanguage":"hr","@id":"https:\/\/ajatutaja.com\/izdelek\/spectra-synergy-gold-elektricna-dvojna-prsna-crpalka\/#primaryimage","url":"https:\/\/ajatutaja.com\/wp-content\/uploads\/2026\/01\/Dvojna-elektricna-crpalka-Spectra-baby-slovenija-ajatutaja-gold-2.webp","contentUrl":"https:\/\/ajatutaja.com\/wp-content\/uploads\/2026\/01\/Dvojna-elektricna-crpalka-Spectra-baby-slovenija-ajatutaja-gold-2.webp","width":500,"height":500},{"@type":"BreadcrumbList","@id":"https:\/\/ajatutaja.com\/izdelek\/spectra-synergy-gold-elektricna-dvojna-prsna-crpalka\/#breadcrumb","itemListElement":[{"@type":"ListItem","position":1,"name":"Home","item":"https:\/\/ajatutaja.com\/hr\/"},{"@type":"ListItem","position":2,"name":"Trgovina","item":"https:\/\/ajatutaja.com\/hr\/trgovina\/"},{"@type":"ListItem","position":3,"name":"Spectra\u00ae Synergy Gold elektri\u010dna dvojna prsna \u010drpalka"}]},{"@type":"WebSite","@id":"https:\/\/ajatutaja.com\/#website","url":"https:\/\/ajatutaja.com\/","name":"Ajatutaja","description":"Otro\u0161ka spletna trgovina AJATUTAJA","publisher":{"@id":"https:\/\/ajatutaja.com\/#organization"},"potentialAction":[{"@type":"SearchAction","target":{"@type":"EntryPoint","urlTemplate":"https:\/\/ajatutaja.com\/?s={search_term_string}"},"query-input":{"@type":"PropertyValueSpecification","valueRequired":true,"valueName":"search_term_string"}}],"inLanguage":"hr"},{"@type":"Organization","@id":"https:\/\/ajatutaja.com\/#organization","name":"Ajatutaja","url":"https:\/\/ajatutaja.com\/","logo":{"@type":"ImageObject","inLanguage":"hr","@id":"https:\/\/ajatutaja.com\/#\/schema\/logo\/image\/","url":"https:\/\/ajatutaja.com\/wp-content\/uploads\/2021\/10\/logo.png","contentUrl":"https:\/\/ajatutaja.com\/wp-content\/uploads\/2021\/10\/logo.png","width":555,"height":150,"caption":"Ajatutaja"},"image":{"@id":"https:\/\/ajatutaja.com\/#\/schema\/logo\/image\/"}}]}},"brands":[{"id":2268,"name":"Dojenje","slug":"dojenje"},{"id":5500,"name":"Spectra Baby\u00ae","slug":"spectra"}],"_links":{"self":[{"href":"https:\/\/ajatutaja.com\/hr\/wp-json\/wp\/v2\/product\/85003","targetHints":{"allow":["GET"]}}],"collection":[{"href":"https:\/\/ajatutaja.com\/hr\/wp-json\/wp\/v2\/product"}],"about":[{"href":"https:\/\/ajatutaja.com\/hr\/wp-json\/wp\/v2\/types\/product"}],"wp:featuredmedia":[{"embeddable":true,"href":"https:\/\/ajatutaja.com\/hr\/wp-json\/wp\/v2\/media\/85009"}],"wp:attachment":[{"href":"https:\/\/ajatutaja.com\/hr\/wp-json\/wp\/v2\/media?parent=85003"}],"wp:term":[{"taxonomy":"pwb-brand","embeddable":true,"href":"https:\/\/ajatutaja.com\/hr\/wp-json\/wp\/v2\/pwb-brand?post=85003"},{"taxonomy":"product_brand","embeddable":true,"href":"https:\/\/ajatutaja.com\/hr\/wp-json\/wp\/v2\/product_brand?post=85003"},{"taxonomy":"product_cat","embeddable":true,"href":"https:\/\/ajatutaja.com\/hr\/wp-json\/wp\/v2\/product_cat?post=85003"},{"taxonomy":"product_tag","embeddable":true,"href":"https:\/\/ajatutaja.com\/hr\/wp-json\/wp\/v2\/product_tag?post=85003"}],"curies":[{"name":"wp","href":"https:\/\/api.w.org\/{rel}","templated":true}]}}