{"id":84819,"date":"2026-01-22T18:16:21","date_gmt":"2026-01-22T17:16:21","guid":{"rendered":"https:\/\/ajatutaja.com\/?post_type=product&#038;p=84819"},"modified":"2026-01-22T19:37:52","modified_gmt":"2026-01-22T18:37:52","slug":"bugaboo-fox-5-renew-komplet-2v1-graphite-moon-grey","status":"publish","type":"product","link":"https:\/\/ajatutaja.com\/hr\/proizvod\/bugaboo-fox-5-renew-komplet-2v1-graphite-moon-grey\/","title":{"rendered":"Bugaboo FOX 5 Renew komplet 2v1 Graphite\/Moon Grey"},"content":{"rendered":"<p>[vc_row][vc_column][vc_column_text]Bugaboo\u00ae Fox\u2122 5 Renew\u00a0 postavlja nove standarde udobja in brezskrbne vo\u017enje na vseh terenih!\u00a0 Zasnovan je za star\u0161e, ki si \u017eelijo zanesljivosti, lahkotnega upravljanja in vrhunskega udobja za svojega otroka \u2013 ne glede na podlago ali letni \u010das.\u00a0Napreden sistem vzmetenja v kombinaciji z velikimi, robustnimi kolesi omogo\u010da izjemno gladko vo\u017enjo tudi po zahtevnej\u0161ih povr\u0161inah. Vzmetenje deluje tako na sprednjih kot na zadnjih kolesih ter enakomerno porazdeli te\u017eo, kar ob\u010dutno zmanj\u0161a tresljaje in pove\u010da stabilnost.\u00a0Kolesa iz visokokakovostnih, proti predrtju odpornih materialov zagotavljajo odli\u010den oprijem in zanesljiv nadzor vozi\u010dka, tudi pri zavijanju ter vo\u017enji po neravnih, mokrih ali zaledenelih poteh.<\/p>\n<p>Ogrodje s \u0161portnim sede\u017eem je te\u017eko le 12,2 kg, kar omogo\u010da enostavno manevriranje in prena\u0161anje. To je \u0161e posebej pomembno za star\u0161e, ki so pogosto na poti z avtomobilom. Okvir je izdelan iz visokokvalitetnih materialov, ki zagotavljajo dolgotrajno vzdr\u017eljivost in odpornost ob vsakodnevni obrabi. Te\u017ei\u0161\u010de otroka je pomaknjeno na zadnji del ogrodja, kar zagotavlja ve\u010d prostora med hojo in prepre\u010duje, da bi se med vo\u017enjo zatikali v ogrodje vozi\u010dka.<\/p>\n<h4>Otro\u0161ki vozi\u010dek Bugaboo FOX 5 Renew odlikujejo naslednje lastnosti:<\/h4>\n<ul>\n<li>Vklju\u010deno v ceno: Ogrodje vozi\u010dka s 4 kolesi \/ \u0160portni sede\u017e \/ Ko\u0161ara za novorojen\u010dka \/ Za\u0161\u010ditna strehica \/ Nakupovalna ko\u0161ara<\/li>\n<li>Primeren od rojstva pa vse do 4 leta starosti otroka (maksimalna obremenitev je 22 kg)<\/li>\n<li>Izjemno velika kolesa za vse terene in polno vzmetenje za brezskrbne sprehode v naravi<\/li>\n<li>Manevriranje brez primere s trdno, a lahko zasnovo in odzivno enoro\u010dno navigacijo<\/li>\n<li>Enostaven za uporabo, zlaganje in prilagajanje samo z eno rok<\/li>\n<li>Prostorna ko\u0161ara za vse letne \u010dase za vrhunsko udobje z zra\u010dno dvostransko vzmetnico PureBreeze\u2122\ufe0f z antibakterijsko za\u0161\u010dito<\/li>\n<li>Ergonomsko oblazinjen sede\u017e, ki se podalj\u0161a do 10 cm, da raste z va\u0161im otrokom<\/li>\n<li>Raztegljiva strehica s \u201cku-ku\u201d okencem in za\u0161\u010dito UPF 50+<\/li>\n<li>Velika in lahko dostopna ko\u0161ara za shranjevanje pod sede\u017eem z nosilnostjo 10kg<\/li>\n<li>Izdelan za dolgotrajno uporabo in iz recikliranih tkanin, recikliranega aluminija in biolo\u0161kih materialov<\/li>\n<li>Zdru\u017eljiv z otro\u0161kimi avtosede\u017ei Bugaboo in avtosede\u017ei drugih blagovnih znamk (potrebni so adapterji, ki se kupijo posebej)<\/li>\n<li>Te\u017ea: Otro\u0161ki vozi\u010dek s \u0161portnim delom: 12, 2 kg \/ Otro\u0161ki vozi\u010dek s ko\u0161aro za novorojen\u010dka: 13,3 kg<\/li>\n<\/ul>\n<h4>Dimenzije vozi\u010dka FOX 5 Renew:<\/h4>\n<ul>\n<li>Dimenzije otro\u0161kega vozi\u010dka: 93 x 60 x 105 cm<\/li>\n<li>Dimenzije zlo\u017eenega vozi\u010dka s \u0161portnim delom: 89 x 53 x 34 cm<\/li>\n<li>Dimenzije zlo\u017eenega vozi\u010dka (ogrodje s kolesi): 45 x 60 x 90 cm<\/li>\n<li>Vi\u0161ina sede\u017ea od tal: 59 cm<\/li>\n<li>Dimenzije sprednjih koles: 22 cm \/\u00a0Dimenzije zadnjih koles: 30 cm<\/li>\n<li>Nastavitve krmila: 92 &#8211; 108 cm<\/li>\n<li>Dimenzije \u0161portnega sede\u017ea: 39 x 50 cm (z mo\u017enostjo 10 cm raz\u0161iritve)<\/li>\n<\/ul>\n<h4>Material &#8211; sestava:<\/h4>\n<ul>\n<li>Strehica : Zunanjost: 100% recikliran poliester \/ podloga: 100% poliester<\/li>\n<li>Blago sede\u017ea: Zunanjost: 100% recikliran poliester \/ Podloga: 100% poliester \/ Polnilo 1: 100% poliester \/ Polnilo 2: 100% poliuretanska pena<\/li>\n<li>Nakupovalna ko\u0161ara pod sede\u017eem: Zunanjost: 100% poliester \/ spodnji del: 100% poliester<\/li>\n<li>Ko\u0161ara za novorojen\u010dka: Zunanjost: 100 % recikliran poliester \/ Polnilo in notranjost: 100% poliester \/ Polnilo 2: 100% poliuretanska pena<\/li>\n<li>Ro\u010daji na krmilu: 100 % vegansko usnje<\/li>\n<\/ul>\n<p>[\/vc_column_text][\/vc_column][\/vc_row]<\/p>\n","protected":false},"excerpt":{"rendered":"<p style=\"text-align: justify\">Najnovej\u0161i in izredno dovr\u0161en otro\u0161ki vozi\u010dek Bugaboo FOX 5 Renew mogo\u010da enostavno zlaganje z eno roko skupaj s sede\u017eem ali ko\u0161aro za novorojen\u010dka. Vozi\u010dek je v celoti zasnovan s poudarkom na varnost, udobje in neoviran razvoj mal\u010dka. Unikatno ogrodje vozi\u010dka odlikuje eleganten in trpe\u017een dizajn. Izbolj\u0161ano te\u017ei\u0161\u010de vozi\u010dka in kratka razdalja med kolesi vozi\u010dka, pa omogo\u010dajo \u0161e la\u017eje manevriranje in vo\u017enjo tako v mestu kot po zahtevnej\u0161ih terenih.<\/p>\n","protected":false},"featured_media":84820,"template":"","meta":[],"pwb-brand":[5164,2374],"product_brand":[],"product_cat":[5199,2363,2360],"product_tag":[5155,5198],"class_list":{"0":"post-84819","1":"product","2":"type-product","3":"status-publish","4":"has-post-thumbnail","6":"pwb-brand-bugaboo-vozicki","7":"pwb-brand-vozicki","8":"product_cat-brez-popusta","9":"product_cat-otroski-vozicki-2v1","10":"product_cat-vozicki","11":"product_tag-bugaboo","12":"product_tag-bugaboo-fox-5","14":"first","15":"onbackorder","16":"taxable","17":"shipping-taxable","18":"purchasable","19":"product-type-simple","20":"add-to-wishlist-before_image"},"yoast_head":"<!-- This site is optimized with the Yoast SEO plugin v27.3 - https:\/\/yoast.com\/product\/yoast-seo-wordpress\/ -->\n<title>Bugaboo FOX 5 Renew komplet 2v1 Graphite\/Moon Grey | Ajatutaja<\/title>\n<meta name=\"description\" content=\"Najnovej\u0161i in izredno dovr\u0161en otro\u0161ki vozi\u010dek Bugaboo FOX 5 Renew mogo\u010da enostavno zlaganje z eno roko skupaj s sede\u017eem ali ko\u0161aro za novorojen\u010dka.\" \/>\n<meta name=\"robots\" content=\"index, follow, max-snippet:-1, max-image-preview:large, max-video-preview:-1\" \/>\n<link rel=\"canonical\" href=\"https:\/\/ajatutaja.com\/izdelek\/bugaboo-fox-5-renew-komplet-2v1-graphite-moon-grey\/\" \/>\n<meta property=\"og:locale\" content=\"hr_HR\" \/>\n<meta property=\"og:type\" content=\"article\" \/>\n<meta property=\"og:title\" content=\"Bugaboo FOX 5 Renew komplet 2v1 Graphite\/Moon Grey | Ajatutaja\" \/>\n<meta property=\"og:description\" content=\"Najnovej\u0161i in izredno dovr\u0161en otro\u0161ki vozi\u010dek Bugaboo FOX 5 Renew mogo\u010da enostavno zlaganje z eno roko skupaj s sede\u017eem ali ko\u0161aro za novorojen\u010dka.\" \/>\n<meta property=\"og:url\" content=\"https:\/\/ajatutaja.com\/izdelek\/bugaboo-fox-5-renew-komplet-2v1-graphite-moon-grey\/\" \/>\n<meta property=\"og:site_name\" content=\"Ajatutaja\" \/>\n<meta property=\"article:modified_time\" content=\"2026-01-22T18:37:52+00:00\" \/>\n<meta property=\"og:image\" content=\"https:\/\/ajatutaja.com\/wp-content\/uploads\/2026\/01\/Bugaboo-fox-5-renew-moon-grey-ajatutaja-koper-1.webp\" \/>\n\t<meta property=\"og:image:width\" content=\"1998\" \/>\n\t<meta property=\"og:image:height\" content=\"2000\" \/>\n\t<meta property=\"og:image:type\" content=\"image\/webp\" \/>\n<meta name=\"twitter:card\" content=\"summary_large_image\" \/>\n<meta name=\"twitter:label1\" content=\"Procijenjeno vrijeme \u010ditanja\" \/>\n\t<meta name=\"twitter:data1\" content=\"3 minute\" \/>\n<script type=\"application\/ld+json\" class=\"yoast-schema-graph\">{\"@context\":\"https:\\\/\\\/schema.org\",\"@graph\":[{\"@type\":\"WebPage\",\"@id\":\"https:\\\/\\\/ajatutaja.com\\\/izdelek\\\/bugaboo-fox-5-renew-komplet-2v1-graphite-moon-grey\\\/\",\"url\":\"https:\\\/\\\/ajatutaja.com\\\/izdelek\\\/bugaboo-fox-5-renew-komplet-2v1-graphite-moon-grey\\\/\",\"name\":\"Bugaboo FOX 5 Renew komplet 2v1 Graphite\\\/Moon Grey | Ajatutaja\",\"isPartOf\":{\"@id\":\"https:\\\/\\\/ajatutaja.com\\\/#website\"},\"primaryImageOfPage\":{\"@id\":\"https:\\\/\\\/ajatutaja.com\\\/izdelek\\\/bugaboo-fox-5-renew-komplet-2v1-graphite-moon-grey\\\/#primaryimage\"},\"image\":{\"@id\":\"https:\\\/\\\/ajatutaja.com\\\/izdelek\\\/bugaboo-fox-5-renew-komplet-2v1-graphite-moon-grey\\\/#primaryimage\"},\"thumbnailUrl\":\"https:\\\/\\\/ajatutaja.com\\\/wp-content\\\/uploads\\\/2026\\\/01\\\/Bugaboo-fox-5-renew-moon-grey-ajatutaja-koper-1.webp\",\"datePublished\":\"2026-01-22T17:16:21+00:00\",\"dateModified\":\"2026-01-22T18:37:52+00:00\",\"description\":\"Najnovej\u0161i in izredno dovr\u0161en otro\u0161ki vozi\u010dek Bugaboo FOX 5 Renew mogo\u010da enostavno zlaganje z eno roko skupaj s sede\u017eem ali ko\u0161aro za novorojen\u010dka.\",\"breadcrumb\":{\"@id\":\"https:\\\/\\\/ajatutaja.com\\\/izdelek\\\/bugaboo-fox-5-renew-komplet-2v1-graphite-moon-grey\\\/#breadcrumb\"},\"inLanguage\":\"hr\",\"potentialAction\":[{\"@type\":\"ReadAction\",\"target\":[\"https:\\\/\\\/ajatutaja.com\\\/izdelek\\\/bugaboo-fox-5-renew-komplet-2v1-graphite-moon-grey\\\/\"]}]},{\"@type\":\"ImageObject\",\"inLanguage\":\"hr\",\"@id\":\"https:\\\/\\\/ajatutaja.com\\\/izdelek\\\/bugaboo-fox-5-renew-komplet-2v1-graphite-moon-grey\\\/#primaryimage\",\"url\":\"https:\\\/\\\/ajatutaja.com\\\/wp-content\\\/uploads\\\/2026\\\/01\\\/Bugaboo-fox-5-renew-moon-grey-ajatutaja-koper-1.webp\",\"contentUrl\":\"https:\\\/\\\/ajatutaja.com\\\/wp-content\\\/uploads\\\/2026\\\/01\\\/Bugaboo-fox-5-renew-moon-grey-ajatutaja-koper-1.webp\",\"width\":1998,\"height\":2000},{\"@type\":\"BreadcrumbList\",\"@id\":\"https:\\\/\\\/ajatutaja.com\\\/izdelek\\\/bugaboo-fox-5-renew-komplet-2v1-graphite-moon-grey\\\/#breadcrumb\",\"itemListElement\":[{\"@type\":\"ListItem\",\"position\":1,\"name\":\"Home\",\"item\":\"https:\\\/\\\/ajatutaja.com\\\/hr\\\/\"},{\"@type\":\"ListItem\",\"position\":2,\"name\":\"Trgovina\",\"item\":\"https:\\\/\\\/ajatutaja.com\\\/hr\\\/trgovina\\\/\"},{\"@type\":\"ListItem\",\"position\":3,\"name\":\"Bugaboo FOX 5 Renew komplet 2v1 Graphite\\\/Moon Grey\"}]},{\"@type\":\"WebSite\",\"@id\":\"https:\\\/\\\/ajatutaja.com\\\/#website\",\"url\":\"https:\\\/\\\/ajatutaja.com\\\/\",\"name\":\"Ajatutaja\",\"description\":\"Otro\u0161ka spletna trgovina AJATUTAJA\",\"publisher\":{\"@id\":\"https:\\\/\\\/ajatutaja.com\\\/#organization\"},\"potentialAction\":[{\"@type\":\"SearchAction\",\"target\":{\"@type\":\"EntryPoint\",\"urlTemplate\":\"https:\\\/\\\/ajatutaja.com\\\/?s={search_term_string}\"},\"query-input\":{\"@type\":\"PropertyValueSpecification\",\"valueRequired\":true,\"valueName\":\"search_term_string\"}}],\"inLanguage\":\"hr\"},{\"@type\":\"Organization\",\"@id\":\"https:\\\/\\\/ajatutaja.com\\\/#organization\",\"name\":\"Ajatutaja\",\"url\":\"https:\\\/\\\/ajatutaja.com\\\/\",\"logo\":{\"@type\":\"ImageObject\",\"inLanguage\":\"hr\",\"@id\":\"https:\\\/\\\/ajatutaja.com\\\/#\\\/schema\\\/logo\\\/image\\\/\",\"url\":\"https:\\\/\\\/ajatutaja.com\\\/wp-content\\\/uploads\\\/2021\\\/10\\\/logo.png\",\"contentUrl\":\"https:\\\/\\\/ajatutaja.com\\\/wp-content\\\/uploads\\\/2021\\\/10\\\/logo.png\",\"width\":555,\"height\":150,\"caption\":\"Ajatutaja\"},\"image\":{\"@id\":\"https:\\\/\\\/ajatutaja.com\\\/#\\\/schema\\\/logo\\\/image\\\/\"}}]}<\/script>\n<!-- \/ Yoast SEO plugin. -->","yoast_head_json":{"title":"Bugaboo FOX 5 Renew komplet 2v1 Graphite\/Moon Grey | Ajatutaja","description":"Najnovej\u0161i in izredno dovr\u0161en otro\u0161ki vozi\u010dek Bugaboo FOX 5 Renew mogo\u010da enostavno zlaganje z eno roko skupaj s sede\u017eem ali ko\u0161aro za novorojen\u010dka.","robots":{"index":"index","follow":"follow","max-snippet":"max-snippet:-1","max-image-preview":"max-image-preview:large","max-video-preview":"max-video-preview:-1"},"canonical":"https:\/\/ajatutaja.com\/izdelek\/bugaboo-fox-5-renew-komplet-2v1-graphite-moon-grey\/","og_locale":"hr_HR","og_type":"article","og_title":"Bugaboo FOX 5 Renew komplet 2v1 Graphite\/Moon Grey | Ajatutaja","og_description":"Najnovej\u0161i in izredno dovr\u0161en otro\u0161ki vozi\u010dek Bugaboo FOX 5 Renew mogo\u010da enostavno zlaganje z eno roko skupaj s sede\u017eem ali ko\u0161aro za novorojen\u010dka.","og_url":"https:\/\/ajatutaja.com\/izdelek\/bugaboo-fox-5-renew-komplet-2v1-graphite-moon-grey\/","og_site_name":"Ajatutaja","article_modified_time":"2026-01-22T18:37:52+00:00","og_image":[{"width":1998,"height":2000,"url":"https:\/\/ajatutaja.com\/wp-content\/uploads\/2026\/01\/Bugaboo-fox-5-renew-moon-grey-ajatutaja-koper-1.webp","type":"image\/webp"}],"twitter_card":"summary_large_image","twitter_misc":{"Procijenjeno vrijeme \u010ditanja":"3 minute"},"schema":{"@context":"https:\/\/schema.org","@graph":[{"@type":"WebPage","@id":"https:\/\/ajatutaja.com\/izdelek\/bugaboo-fox-5-renew-komplet-2v1-graphite-moon-grey\/","url":"https:\/\/ajatutaja.com\/izdelek\/bugaboo-fox-5-renew-komplet-2v1-graphite-moon-grey\/","name":"Bugaboo FOX 5 Renew komplet 2v1 Graphite\/Moon Grey | Ajatutaja","isPartOf":{"@id":"https:\/\/ajatutaja.com\/#website"},"primaryImageOfPage":{"@id":"https:\/\/ajatutaja.com\/izdelek\/bugaboo-fox-5-renew-komplet-2v1-graphite-moon-grey\/#primaryimage"},"image":{"@id":"https:\/\/ajatutaja.com\/izdelek\/bugaboo-fox-5-renew-komplet-2v1-graphite-moon-grey\/#primaryimage"},"thumbnailUrl":"https:\/\/ajatutaja.com\/wp-content\/uploads\/2026\/01\/Bugaboo-fox-5-renew-moon-grey-ajatutaja-koper-1.webp","datePublished":"2026-01-22T17:16:21+00:00","dateModified":"2026-01-22T18:37:52+00:00","description":"Najnovej\u0161i in izredno dovr\u0161en otro\u0161ki vozi\u010dek Bugaboo FOX 5 Renew mogo\u010da enostavno zlaganje z eno roko skupaj s sede\u017eem ali ko\u0161aro za novorojen\u010dka.","breadcrumb":{"@id":"https:\/\/ajatutaja.com\/izdelek\/bugaboo-fox-5-renew-komplet-2v1-graphite-moon-grey\/#breadcrumb"},"inLanguage":"hr","potentialAction":[{"@type":"ReadAction","target":["https:\/\/ajatutaja.com\/izdelek\/bugaboo-fox-5-renew-komplet-2v1-graphite-moon-grey\/"]}]},{"@type":"ImageObject","inLanguage":"hr","@id":"https:\/\/ajatutaja.com\/izdelek\/bugaboo-fox-5-renew-komplet-2v1-graphite-moon-grey\/#primaryimage","url":"https:\/\/ajatutaja.com\/wp-content\/uploads\/2026\/01\/Bugaboo-fox-5-renew-moon-grey-ajatutaja-koper-1.webp","contentUrl":"https:\/\/ajatutaja.com\/wp-content\/uploads\/2026\/01\/Bugaboo-fox-5-renew-moon-grey-ajatutaja-koper-1.webp","width":1998,"height":2000},{"@type":"BreadcrumbList","@id":"https:\/\/ajatutaja.com\/izdelek\/bugaboo-fox-5-renew-komplet-2v1-graphite-moon-grey\/#breadcrumb","itemListElement":[{"@type":"ListItem","position":1,"name":"Home","item":"https:\/\/ajatutaja.com\/hr\/"},{"@type":"ListItem","position":2,"name":"Trgovina","item":"https:\/\/ajatutaja.com\/hr\/trgovina\/"},{"@type":"ListItem","position":3,"name":"Bugaboo FOX 5 Renew komplet 2v1 Graphite\/Moon Grey"}]},{"@type":"WebSite","@id":"https:\/\/ajatutaja.com\/#website","url":"https:\/\/ajatutaja.com\/","name":"Ajatutaja","description":"Otro\u0161ka spletna trgovina AJATUTAJA","publisher":{"@id":"https:\/\/ajatutaja.com\/#organization"},"potentialAction":[{"@type":"SearchAction","target":{"@type":"EntryPoint","urlTemplate":"https:\/\/ajatutaja.com\/?s={search_term_string}"},"query-input":{"@type":"PropertyValueSpecification","valueRequired":true,"valueName":"search_term_string"}}],"inLanguage":"hr"},{"@type":"Organization","@id":"https:\/\/ajatutaja.com\/#organization","name":"Ajatutaja","url":"https:\/\/ajatutaja.com\/","logo":{"@type":"ImageObject","inLanguage":"hr","@id":"https:\/\/ajatutaja.com\/#\/schema\/logo\/image\/","url":"https:\/\/ajatutaja.com\/wp-content\/uploads\/2021\/10\/logo.png","contentUrl":"https:\/\/ajatutaja.com\/wp-content\/uploads\/2021\/10\/logo.png","width":555,"height":150,"caption":"Ajatutaja"},"image":{"@id":"https:\/\/ajatutaja.com\/#\/schema\/logo\/image\/"}}]}},"brands":[{"id":5164,"name":"Bugaboo","slug":"bugaboo-vozicki"},{"id":2374,"name":"Vozi\u010dki","slug":"vozicki"}],"_links":{"self":[{"href":"https:\/\/ajatutaja.com\/hr\/wp-json\/wp\/v2\/product\/84819","targetHints":{"allow":["GET"]}}],"collection":[{"href":"https:\/\/ajatutaja.com\/hr\/wp-json\/wp\/v2\/product"}],"about":[{"href":"https:\/\/ajatutaja.com\/hr\/wp-json\/wp\/v2\/types\/product"}],"wp:featuredmedia":[{"embeddable":true,"href":"https:\/\/ajatutaja.com\/hr\/wp-json\/wp\/v2\/media\/84820"}],"wp:attachment":[{"href":"https:\/\/ajatutaja.com\/hr\/wp-json\/wp\/v2\/media?parent=84819"}],"wp:term":[{"taxonomy":"pwb-brand","embeddable":true,"href":"https:\/\/ajatutaja.com\/hr\/wp-json\/wp\/v2\/pwb-brand?post=84819"},{"taxonomy":"product_brand","embeddable":true,"href":"https:\/\/ajatutaja.com\/hr\/wp-json\/wp\/v2\/product_brand?post=84819"},{"taxonomy":"product_cat","embeddable":true,"href":"https:\/\/ajatutaja.com\/hr\/wp-json\/wp\/v2\/product_cat?post=84819"},{"taxonomy":"product_tag","embeddable":true,"href":"https:\/\/ajatutaja.com\/hr\/wp-json\/wp\/v2\/product_tag?post=84819"}],"curies":[{"name":"wp","href":"https:\/\/api.w.org\/{rel}","templated":true}]}}