{"id":84368,"date":"2026-01-13T18:19:53","date_gmt":"2026-01-13T17:19:53","guid":{"rendered":"https:\/\/ajatutaja.com\/?post_type=product&#038;p=84368"},"modified":"2026-01-13T19:50:55","modified_gmt":"2026-01-13T18:50:55","slug":"done-by-deer-komplet-2-tetra-plenic-playground-powder-70x70-cm","status":"publish","type":"product","link":"https:\/\/ajatutaja.com\/hr\/proizvod\/done-by-deer-komplet-2-tetra-plenic-playground-powder-70x70-cm\/","title":{"rendered":"Done by Deer komplet 2 tetra plenic Playground Powder (70&#215;70 cm)"},"content":{"rendered":"<p>[vc_row][vc_column][vc_column_text]Done by Deer pleni\u010dke so mehke, zra\u010dne in vpojne, primerne za razli\u010dne namene, kot so podloga pri previjanju, za\u0161\u010dita obla\u010dil med podiranjem kup\u010dka ali kot lahka odejica.\u00a0Izdelek je certificiran po OEKO-TEX\u00ae STANDARD 100, kar pomeni, da ne vsebuje \u0161kodljivih snovi in je varen za uporabo pri dojen\u010dkih in mal\u010dkih.<\/p>\n<h4>Done by Deer plenice imajo naslednje lastnosti:<\/h4>\n<ul>\n<li>Material: 100% Oeko-Tex certificiran bomba\u017e<\/li>\n<li>2 plenici v kompletu<\/li>\n<li>Velikost posamezne pleni\u010dke: 70 x 70 cm<\/li>\n<li>Kr\u010denje 4%<\/li>\n<li>Pranje na 60\u00b0C, su\u0161enje na zraku ali naizki temperaturi v su\u0161ilnem stroju, prepovedano beliti<\/li>\n<\/ul>\n<p>[\/vc_column_text][\/vc_column][\/vc_row]<\/p>\n","protected":false},"excerpt":{"rendered":"<p style=\"text-align: justify\">Vsestransko uporabne in zelo lepe tetra pleni\u010dke Done by Deer iz kolekcije Playground, so lahko tudi \u010dudovito in prakti\u010dno darilo ob rojstvu otroka.<\/p>\n","protected":false},"featured_media":84369,"template":"","meta":[],"pwb-brand":[4516,2658],"product_brand":[],"product_cat":[2715,2608,2649],"product_tag":[6341,3978],"class_list":{"0":"post-84368","1":"product","2":"type-product","3":"status-publish","4":"has-post-thumbnail","6":"pwb-brand-done-by-deer-nega-in-kopanje","7":"pwb-brand-nega-in-kopanje","8":"product_cat-darilo-do-15e","9":"product_cat-nega-in-kopanje","10":"product_cat-tetra-in-muslin-plenice","11":"product_tag-dbd-playground","12":"product_tag-done-by-deer","14":"first","15":"outofstock","16":"taxable","17":"shipping-taxable","18":"purchasable","19":"product-type-simple","20":"add-to-wishlist-before_image"},"yoast_head":"<!-- This site is optimized with the Yoast SEO plugin v27.3 - https:\/\/yoast.com\/product\/yoast-seo-wordpress\/ -->\n<title>Done by Deer komplet 2 tetra plenic Playground Powder (70x70 cm) | Ajatutaja<\/title>\n<meta name=\"description\" content=\"Vsestransko uporabne in zelo lepe tetra pleni\u010dke Done by Deer iz kolekcije Playground, so lahko tudi \u010dudovito in prakti\u010dno darilo ob rojstvu otroka.\" \/>\n<meta name=\"robots\" content=\"index, follow, max-snippet:-1, max-image-preview:large, max-video-preview:-1\" \/>\n<link rel=\"canonical\" href=\"https:\/\/ajatutaja.com\/izdelek\/done-by-deer-komplet-2-tetra-plenic-playground-powder-70x70-cm\/\" \/>\n<meta property=\"og:locale\" content=\"hr_HR\" \/>\n<meta property=\"og:type\" content=\"article\" \/>\n<meta property=\"og:title\" content=\"Done by Deer komplet 2 tetra plenic Playground Powder (70x70 cm) | Ajatutaja\" \/>\n<meta property=\"og:description\" content=\"Vsestransko uporabne in zelo lepe tetra pleni\u010dke Done by Deer iz kolekcije Playground, so lahko tudi \u010dudovito in prakti\u010dno darilo ob rojstvu otroka.\" \/>\n<meta property=\"og:url\" content=\"https:\/\/ajatutaja.com\/izdelek\/done-by-deer-komplet-2-tetra-plenic-playground-powder-70x70-cm\/\" \/>\n<meta property=\"og:site_name\" content=\"Ajatutaja\" \/>\n<meta property=\"article:modified_time\" content=\"2026-01-13T18:50:55+00:00\" \/>\n<meta property=\"og:image\" content=\"https:\/\/ajatutaja.com\/wp-content\/uploads\/2026\/01\/Done-by-deer-komplet-tetra-plenick-playground-pink-1.webp\" \/>\n\t<meta property=\"og:image:width\" content=\"1200\" \/>\n\t<meta property=\"og:image:height\" content=\"1200\" \/>\n\t<meta property=\"og:image:type\" content=\"image\/webp\" \/>\n<meta name=\"twitter:card\" content=\"summary_large_image\" \/>\n<meta name=\"twitter:label1\" content=\"Procijenjeno vrijeme \u010ditanja\" \/>\n\t<meta name=\"twitter:data1\" content=\"1 minuta\" \/>\n<script type=\"application\/ld+json\" class=\"yoast-schema-graph\">{\"@context\":\"https:\\\/\\\/schema.org\",\"@graph\":[{\"@type\":\"WebPage\",\"@id\":\"https:\\\/\\\/ajatutaja.com\\\/izdelek\\\/done-by-deer-komplet-2-tetra-plenic-playground-powder-70x70-cm\\\/\",\"url\":\"https:\\\/\\\/ajatutaja.com\\\/izdelek\\\/done-by-deer-komplet-2-tetra-plenic-playground-powder-70x70-cm\\\/\",\"name\":\"Done by Deer komplet 2 tetra plenic Playground Powder (70x70 cm) | Ajatutaja\",\"isPartOf\":{\"@id\":\"https:\\\/\\\/ajatutaja.com\\\/#website\"},\"primaryImageOfPage\":{\"@id\":\"https:\\\/\\\/ajatutaja.com\\\/izdelek\\\/done-by-deer-komplet-2-tetra-plenic-playground-powder-70x70-cm\\\/#primaryimage\"},\"image\":{\"@id\":\"https:\\\/\\\/ajatutaja.com\\\/izdelek\\\/done-by-deer-komplet-2-tetra-plenic-playground-powder-70x70-cm\\\/#primaryimage\"},\"thumbnailUrl\":\"https:\\\/\\\/ajatutaja.com\\\/wp-content\\\/uploads\\\/2026\\\/01\\\/Done-by-deer-komplet-tetra-plenick-playground-pink-1.webp\",\"datePublished\":\"2026-01-13T17:19:53+00:00\",\"dateModified\":\"2026-01-13T18:50:55+00:00\",\"description\":\"Vsestransko uporabne in zelo lepe tetra pleni\u010dke Done by Deer iz kolekcije Playground, so lahko tudi \u010dudovito in prakti\u010dno darilo ob rojstvu otroka.\",\"breadcrumb\":{\"@id\":\"https:\\\/\\\/ajatutaja.com\\\/izdelek\\\/done-by-deer-komplet-2-tetra-plenic-playground-powder-70x70-cm\\\/#breadcrumb\"},\"inLanguage\":\"hr\",\"potentialAction\":[{\"@type\":\"ReadAction\",\"target\":[\"https:\\\/\\\/ajatutaja.com\\\/izdelek\\\/done-by-deer-komplet-2-tetra-plenic-playground-powder-70x70-cm\\\/\"]}]},{\"@type\":\"ImageObject\",\"inLanguage\":\"hr\",\"@id\":\"https:\\\/\\\/ajatutaja.com\\\/izdelek\\\/done-by-deer-komplet-2-tetra-plenic-playground-powder-70x70-cm\\\/#primaryimage\",\"url\":\"https:\\\/\\\/ajatutaja.com\\\/wp-content\\\/uploads\\\/2026\\\/01\\\/Done-by-deer-komplet-tetra-plenick-playground-pink-1.webp\",\"contentUrl\":\"https:\\\/\\\/ajatutaja.com\\\/wp-content\\\/uploads\\\/2026\\\/01\\\/Done-by-deer-komplet-tetra-plenick-playground-pink-1.webp\",\"width\":1200,\"height\":1200},{\"@type\":\"BreadcrumbList\",\"@id\":\"https:\\\/\\\/ajatutaja.com\\\/izdelek\\\/done-by-deer-komplet-2-tetra-plenic-playground-powder-70x70-cm\\\/#breadcrumb\",\"itemListElement\":[{\"@type\":\"ListItem\",\"position\":1,\"name\":\"Home\",\"item\":\"https:\\\/\\\/ajatutaja.com\\\/hr\\\/\"},{\"@type\":\"ListItem\",\"position\":2,\"name\":\"Trgovina\",\"item\":\"https:\\\/\\\/ajatutaja.com\\\/hr\\\/trgovina\\\/\"},{\"@type\":\"ListItem\",\"position\":3,\"name\":\"Done by Deer komplet 2 tetra plenic Playground Powder (70&#215;70 cm)\"}]},{\"@type\":\"WebSite\",\"@id\":\"https:\\\/\\\/ajatutaja.com\\\/#website\",\"url\":\"https:\\\/\\\/ajatutaja.com\\\/\",\"name\":\"Ajatutaja\",\"description\":\"Otro\u0161ka spletna trgovina AJATUTAJA\",\"publisher\":{\"@id\":\"https:\\\/\\\/ajatutaja.com\\\/#organization\"},\"potentialAction\":[{\"@type\":\"SearchAction\",\"target\":{\"@type\":\"EntryPoint\",\"urlTemplate\":\"https:\\\/\\\/ajatutaja.com\\\/?s={search_term_string}\"},\"query-input\":{\"@type\":\"PropertyValueSpecification\",\"valueRequired\":true,\"valueName\":\"search_term_string\"}}],\"inLanguage\":\"hr\"},{\"@type\":\"Organization\",\"@id\":\"https:\\\/\\\/ajatutaja.com\\\/#organization\",\"name\":\"Ajatutaja\",\"url\":\"https:\\\/\\\/ajatutaja.com\\\/\",\"logo\":{\"@type\":\"ImageObject\",\"inLanguage\":\"hr\",\"@id\":\"https:\\\/\\\/ajatutaja.com\\\/#\\\/schema\\\/logo\\\/image\\\/\",\"url\":\"https:\\\/\\\/ajatutaja.com\\\/wp-content\\\/uploads\\\/2021\\\/10\\\/logo.png\",\"contentUrl\":\"https:\\\/\\\/ajatutaja.com\\\/wp-content\\\/uploads\\\/2021\\\/10\\\/logo.png\",\"width\":555,\"height\":150,\"caption\":\"Ajatutaja\"},\"image\":{\"@id\":\"https:\\\/\\\/ajatutaja.com\\\/#\\\/schema\\\/logo\\\/image\\\/\"}}]}<\/script>\n<!-- \/ Yoast SEO plugin. -->","yoast_head_json":{"title":"Done by Deer komplet 2 tetra plenic Playground Powder (70x70 cm) | Ajatutaja","description":"Vsestransko uporabne in zelo lepe tetra pleni\u010dke Done by Deer iz kolekcije Playground, so lahko tudi \u010dudovito in prakti\u010dno darilo ob rojstvu otroka.","robots":{"index":"index","follow":"follow","max-snippet":"max-snippet:-1","max-image-preview":"max-image-preview:large","max-video-preview":"max-video-preview:-1"},"canonical":"https:\/\/ajatutaja.com\/izdelek\/done-by-deer-komplet-2-tetra-plenic-playground-powder-70x70-cm\/","og_locale":"hr_HR","og_type":"article","og_title":"Done by Deer komplet 2 tetra plenic Playground Powder (70x70 cm) | Ajatutaja","og_description":"Vsestransko uporabne in zelo lepe tetra pleni\u010dke Done by Deer iz kolekcije Playground, so lahko tudi \u010dudovito in prakti\u010dno darilo ob rojstvu otroka.","og_url":"https:\/\/ajatutaja.com\/izdelek\/done-by-deer-komplet-2-tetra-plenic-playground-powder-70x70-cm\/","og_site_name":"Ajatutaja","article_modified_time":"2026-01-13T18:50:55+00:00","og_image":[{"width":1200,"height":1200,"url":"https:\/\/ajatutaja.com\/wp-content\/uploads\/2026\/01\/Done-by-deer-komplet-tetra-plenick-playground-pink-1.webp","type":"image\/webp"}],"twitter_card":"summary_large_image","twitter_misc":{"Procijenjeno vrijeme \u010ditanja":"1 minuta"},"schema":{"@context":"https:\/\/schema.org","@graph":[{"@type":"WebPage","@id":"https:\/\/ajatutaja.com\/izdelek\/done-by-deer-komplet-2-tetra-plenic-playground-powder-70x70-cm\/","url":"https:\/\/ajatutaja.com\/izdelek\/done-by-deer-komplet-2-tetra-plenic-playground-powder-70x70-cm\/","name":"Done by Deer komplet 2 tetra plenic Playground Powder (70x70 cm) | Ajatutaja","isPartOf":{"@id":"https:\/\/ajatutaja.com\/#website"},"primaryImageOfPage":{"@id":"https:\/\/ajatutaja.com\/izdelek\/done-by-deer-komplet-2-tetra-plenic-playground-powder-70x70-cm\/#primaryimage"},"image":{"@id":"https:\/\/ajatutaja.com\/izdelek\/done-by-deer-komplet-2-tetra-plenic-playground-powder-70x70-cm\/#primaryimage"},"thumbnailUrl":"https:\/\/ajatutaja.com\/wp-content\/uploads\/2026\/01\/Done-by-deer-komplet-tetra-plenick-playground-pink-1.webp","datePublished":"2026-01-13T17:19:53+00:00","dateModified":"2026-01-13T18:50:55+00:00","description":"Vsestransko uporabne in zelo lepe tetra pleni\u010dke Done by Deer iz kolekcije Playground, so lahko tudi \u010dudovito in prakti\u010dno darilo ob rojstvu otroka.","breadcrumb":{"@id":"https:\/\/ajatutaja.com\/izdelek\/done-by-deer-komplet-2-tetra-plenic-playground-powder-70x70-cm\/#breadcrumb"},"inLanguage":"hr","potentialAction":[{"@type":"ReadAction","target":["https:\/\/ajatutaja.com\/izdelek\/done-by-deer-komplet-2-tetra-plenic-playground-powder-70x70-cm\/"]}]},{"@type":"ImageObject","inLanguage":"hr","@id":"https:\/\/ajatutaja.com\/izdelek\/done-by-deer-komplet-2-tetra-plenic-playground-powder-70x70-cm\/#primaryimage","url":"https:\/\/ajatutaja.com\/wp-content\/uploads\/2026\/01\/Done-by-deer-komplet-tetra-plenick-playground-pink-1.webp","contentUrl":"https:\/\/ajatutaja.com\/wp-content\/uploads\/2026\/01\/Done-by-deer-komplet-tetra-plenick-playground-pink-1.webp","width":1200,"height":1200},{"@type":"BreadcrumbList","@id":"https:\/\/ajatutaja.com\/izdelek\/done-by-deer-komplet-2-tetra-plenic-playground-powder-70x70-cm\/#breadcrumb","itemListElement":[{"@type":"ListItem","position":1,"name":"Home","item":"https:\/\/ajatutaja.com\/hr\/"},{"@type":"ListItem","position":2,"name":"Trgovina","item":"https:\/\/ajatutaja.com\/hr\/trgovina\/"},{"@type":"ListItem","position":3,"name":"Done by Deer komplet 2 tetra plenic Playground Powder (70&#215;70 cm)"}]},{"@type":"WebSite","@id":"https:\/\/ajatutaja.com\/#website","url":"https:\/\/ajatutaja.com\/","name":"Ajatutaja","description":"Otro\u0161ka spletna trgovina AJATUTAJA","publisher":{"@id":"https:\/\/ajatutaja.com\/#organization"},"potentialAction":[{"@type":"SearchAction","target":{"@type":"EntryPoint","urlTemplate":"https:\/\/ajatutaja.com\/?s={search_term_string}"},"query-input":{"@type":"PropertyValueSpecification","valueRequired":true,"valueName":"search_term_string"}}],"inLanguage":"hr"},{"@type":"Organization","@id":"https:\/\/ajatutaja.com\/#organization","name":"Ajatutaja","url":"https:\/\/ajatutaja.com\/","logo":{"@type":"ImageObject","inLanguage":"hr","@id":"https:\/\/ajatutaja.com\/#\/schema\/logo\/image\/","url":"https:\/\/ajatutaja.com\/wp-content\/uploads\/2021\/10\/logo.png","contentUrl":"https:\/\/ajatutaja.com\/wp-content\/uploads\/2021\/10\/logo.png","width":555,"height":150,"caption":"Ajatutaja"},"image":{"@id":"https:\/\/ajatutaja.com\/#\/schema\/logo\/image\/"}}]}},"brands":[{"id":4516,"name":"Done by Deer","slug":"done-by-deer-nega-in-kopanje"},{"id":2658,"name":"Nega in kopanje","slug":"nega-in-kopanje"}],"_links":{"self":[{"href":"https:\/\/ajatutaja.com\/hr\/wp-json\/wp\/v2\/product\/84368","targetHints":{"allow":["GET"]}}],"collection":[{"href":"https:\/\/ajatutaja.com\/hr\/wp-json\/wp\/v2\/product"}],"about":[{"href":"https:\/\/ajatutaja.com\/hr\/wp-json\/wp\/v2\/types\/product"}],"wp:featuredmedia":[{"embeddable":true,"href":"https:\/\/ajatutaja.com\/hr\/wp-json\/wp\/v2\/media\/84369"}],"wp:attachment":[{"href":"https:\/\/ajatutaja.com\/hr\/wp-json\/wp\/v2\/media?parent=84368"}],"wp:term":[{"taxonomy":"pwb-brand","embeddable":true,"href":"https:\/\/ajatutaja.com\/hr\/wp-json\/wp\/v2\/pwb-brand?post=84368"},{"taxonomy":"product_brand","embeddable":true,"href":"https:\/\/ajatutaja.com\/hr\/wp-json\/wp\/v2\/product_brand?post=84368"},{"taxonomy":"product_cat","embeddable":true,"href":"https:\/\/ajatutaja.com\/hr\/wp-json\/wp\/v2\/product_cat?post=84368"},{"taxonomy":"product_tag","embeddable":true,"href":"https:\/\/ajatutaja.com\/hr\/wp-json\/wp\/v2\/product_tag?post=84368"}],"curies":[{"name":"wp","href":"https:\/\/api.w.org\/{rel}","templated":true}]}}