{"id":84289,"date":"2026-01-13T19:50:31","date_gmt":"2026-01-13T18:50:31","guid":{"rendered":"https:\/\/ajatutaja.com\/?post_type=product&#038;p=84289"},"modified":"2026-04-13T13:06:42","modified_gmt":"2026-04-13T11:06:42","slug":"beaba-zlozljiva-igralna-podloga-2v1-arch-playmat","status":"publish","type":"product","link":"https:\/\/ajatutaja.com\/hr\/proizvod\/beaba-zlozljiva-igralna-podloga-2v1-arch-playmat\/","title":{"rendered":"Beaba zlo\u017eljiva igralna podloga 2v1 Arch Playmat"},"content":{"rendered":"<p>[vc_row][vc_column][vc_column_text]<\/p>\n<div class=\"std\">\n<h4>Zlo\u017eljiva igralna podloga Beaba Arch Playmat 2v1 ima naslednje lastnosti:<\/h4>\n<div class=\"content-container froala-content\">\n<ul>\n<li>Obojestranska podloga ima dvostranski potisk (pisane ulice in be\u017e valovi)<\/li>\n<li>Prilo\u017eena transportna torba, v katero je podloga pospravljena<\/li>\n<li>Velikost: 150&#215;200 cm<\/li>\n<li>Debelina: 1.5 cm \u2013 odli\u010dna izolacija od tal<\/li>\n<li>Zlo\u017eena v harmoniko \u2013 kompaktna velikost po zlaganju: 75 x 40 x 15 cm<\/li>\n<li>Primerna za vso dru\u017eino \/ za otroke od 0+ mesecev \/ najbolj uporabna do 1. leta starosti<\/li>\n<li>Izdelana iz vodoodpornega materiala<\/li>\n<li>Enostavna za \u010di\u0161\u010denje in vzdr\u017eevanje<\/li>\n<li>Primerna za gladke povr\u0161ine<\/li>\n<\/ul>\n<p>Zlo\u017eljiva igralna podloga Beaba je nepogre\u0161ljiv pripomo\u010dek v vseh razvojnih obdobjih va\u0161ega otroka. Izdelana je iz mehke in kakovostne pene, zato je primerna za uporabo \u017ee od rojstva dalje. Raztegnjena podloga meri pribli\u017eno 200 x 150 cm in je debela 1.5 cm.\u00a0Podlogo je mogo\u010de preprosto zlo\u017eiti, zato jo lahko uporabljate tudi le delno ali jo enostavno pospravite. Mehka igralna povr\u0161ina otroku nudi ustrezno oporo pri prvih gibih in plazenju, ga \u0161\u010diti pred udarci, prepre\u010duje drsenje ter izolira pred hladnimi tlemi.<\/p>\n<p>Ko otrok zraste, podloga Beaba ostaja vsestransko uporabna \u2013 idealna je za igro, telovadbo in druge ustvarjalne ter gibalne aktivnosti, hkrati pa zagotavlja varno in udobno okolje za raziskovanje sveta.<\/p>\n<\/div>\n<\/div>\n<p>[\/vc_column_text][\/vc_column][\/vc_row]<\/p>\n","protected":false},"excerpt":{"rendered":"<p style=\"text-align: justify\">Izredno velika in mehka zlo\u017eljiva igralna podloga Beaba nudi mal\u010dku varno igro in ideealno podlago za razvoj motori\u010dnih sposobnosti, kot je valjanje, plazanje in u\u010denje hoje. Obojestranska podloga se preprosto zlo\u017ei in pospravi v prilo\u017eeno torbo.<\/p>\n","protected":false},"featured_media":84285,"template":"","meta":[],"pwb-brand":[2665,2452,2409],"product_brand":[],"product_cat":[2407,2408,2361],"product_tag":[4055],"class_list":{"0":"post-84289","1":"product","2":"type-product","3":"status-publish","4":"has-post-thumbnail","6":"pwb-brand-beaba-nega-in-kopanje","7":"pwb-brand-igranje","8":"pwb-brand-potepanje","9":"product_cat-otroski-sotori-tuneli","10":"product_cat-poletni-pripomocki","11":"product_cat-potepanje","12":"product_tag-beaba","14":"first","15":"instock","16":"taxable","17":"shipping-taxable","18":"purchasable","19":"product-type-simple","20":"add-to-wishlist-before_image"},"yoast_head":"<!-- This site is optimized with the Yoast SEO plugin v27.3 - https:\/\/yoast.com\/product\/yoast-seo-wordpress\/ -->\n<title>Beaba zlo\u017eljiva igralna podloga 2v1 Arch Playmat | Ajatutaja<\/title>\n<meta name=\"description\" content=\"Izredno velika in mehka zlo\u017eljiva igralna podloga Beaba nudi mal\u010dku varno igro in ideealno podlago za razvoj motori\u010dnih sposobnosti.\" \/>\n<meta name=\"robots\" content=\"index, follow, max-snippet:-1, max-image-preview:large, max-video-preview:-1\" \/>\n<link rel=\"canonical\" href=\"https:\/\/ajatutaja.com\/izdelek\/beaba-zlozljiva-igralna-podloga-2v1-arch-playmat\/\" \/>\n<meta property=\"og:locale\" content=\"hr_HR\" \/>\n<meta property=\"og:type\" content=\"article\" \/>\n<meta property=\"og:title\" content=\"Beaba zlo\u017eljiva igralna podloga 2v1 Arch Playmat | Ajatutaja\" \/>\n<meta property=\"og:description\" content=\"Izredno velika in mehka zlo\u017eljiva igralna podloga Beaba nudi mal\u010dku varno igro in ideealno podlago za razvoj motori\u010dnih sposobnosti.\" \/>\n<meta property=\"og:url\" content=\"https:\/\/ajatutaja.com\/izdelek\/beaba-zlozljiva-igralna-podloga-2v1-arch-playmat\/\" \/>\n<meta property=\"og:site_name\" content=\"Ajatutaja\" \/>\n<meta property=\"article:modified_time\" content=\"2026-04-13T11:06:42+00:00\" \/>\n<meta property=\"og:image\" content=\"https:\/\/ajatutaja.com\/wp-content\/uploads\/2026\/01\/Mehka-zlozljiva-igralna-podloga-Beaba-ajatutaja.jpg\" \/>\n\t<meta property=\"og:image:width\" content=\"1000\" \/>\n\t<meta property=\"og:image:height\" content=\"1000\" \/>\n\t<meta property=\"og:image:type\" content=\"image\/jpeg\" \/>\n<meta name=\"twitter:card\" content=\"summary_large_image\" \/>\n<meta name=\"twitter:label1\" content=\"Procijenjeno vrijeme \u010ditanja\" \/>\n\t<meta name=\"twitter:data1\" content=\"1 minuta\" \/>\n<script type=\"application\/ld+json\" class=\"yoast-schema-graph\">{\"@context\":\"https:\\\/\\\/schema.org\",\"@graph\":[{\"@type\":\"WebPage\",\"@id\":\"https:\\\/\\\/ajatutaja.com\\\/izdelek\\\/beaba-zlozljiva-igralna-podloga-2v1-arch-playmat\\\/\",\"url\":\"https:\\\/\\\/ajatutaja.com\\\/izdelek\\\/beaba-zlozljiva-igralna-podloga-2v1-arch-playmat\\\/\",\"name\":\"Beaba zlo\u017eljiva igralna podloga 2v1 Arch Playmat | Ajatutaja\",\"isPartOf\":{\"@id\":\"https:\\\/\\\/ajatutaja.com\\\/#website\"},\"primaryImageOfPage\":{\"@id\":\"https:\\\/\\\/ajatutaja.com\\\/izdelek\\\/beaba-zlozljiva-igralna-podloga-2v1-arch-playmat\\\/#primaryimage\"},\"image\":{\"@id\":\"https:\\\/\\\/ajatutaja.com\\\/izdelek\\\/beaba-zlozljiva-igralna-podloga-2v1-arch-playmat\\\/#primaryimage\"},\"thumbnailUrl\":\"https:\\\/\\\/ajatutaja.com\\\/wp-content\\\/uploads\\\/2026\\\/01\\\/Mehka-zlozljiva-igralna-podloga-Beaba-ajatutaja.jpg\",\"datePublished\":\"2026-01-13T18:50:31+00:00\",\"dateModified\":\"2026-04-13T11:06:42+00:00\",\"description\":\"Izredno velika in mehka zlo\u017eljiva igralna podloga Beaba nudi mal\u010dku varno igro in ideealno podlago za razvoj motori\u010dnih sposobnosti.\",\"breadcrumb\":{\"@id\":\"https:\\\/\\\/ajatutaja.com\\\/izdelek\\\/beaba-zlozljiva-igralna-podloga-2v1-arch-playmat\\\/#breadcrumb\"},\"inLanguage\":\"hr\",\"potentialAction\":[{\"@type\":\"ReadAction\",\"target\":[\"https:\\\/\\\/ajatutaja.com\\\/izdelek\\\/beaba-zlozljiva-igralna-podloga-2v1-arch-playmat\\\/\"]}]},{\"@type\":\"ImageObject\",\"inLanguage\":\"hr\",\"@id\":\"https:\\\/\\\/ajatutaja.com\\\/izdelek\\\/beaba-zlozljiva-igralna-podloga-2v1-arch-playmat\\\/#primaryimage\",\"url\":\"https:\\\/\\\/ajatutaja.com\\\/wp-content\\\/uploads\\\/2026\\\/01\\\/Mehka-zlozljiva-igralna-podloga-Beaba-ajatutaja.jpg\",\"contentUrl\":\"https:\\\/\\\/ajatutaja.com\\\/wp-content\\\/uploads\\\/2026\\\/01\\\/Mehka-zlozljiva-igralna-podloga-Beaba-ajatutaja.jpg\",\"width\":1000,\"height\":1000},{\"@type\":\"BreadcrumbList\",\"@id\":\"https:\\\/\\\/ajatutaja.com\\\/izdelek\\\/beaba-zlozljiva-igralna-podloga-2v1-arch-playmat\\\/#breadcrumb\",\"itemListElement\":[{\"@type\":\"ListItem\",\"position\":1,\"name\":\"Home\",\"item\":\"https:\\\/\\\/ajatutaja.com\\\/hr\\\/\"},{\"@type\":\"ListItem\",\"position\":2,\"name\":\"Trgovina\",\"item\":\"https:\\\/\\\/ajatutaja.com\\\/hr\\\/trgovina\\\/\"},{\"@type\":\"ListItem\",\"position\":3,\"name\":\"Beaba zlo\u017eljiva igralna podloga 2v1 Arch Playmat\"}]},{\"@type\":\"WebSite\",\"@id\":\"https:\\\/\\\/ajatutaja.com\\\/#website\",\"url\":\"https:\\\/\\\/ajatutaja.com\\\/\",\"name\":\"Ajatutaja\",\"description\":\"Otro\u0161ka spletna trgovina AJATUTAJA\",\"publisher\":{\"@id\":\"https:\\\/\\\/ajatutaja.com\\\/#organization\"},\"potentialAction\":[{\"@type\":\"SearchAction\",\"target\":{\"@type\":\"EntryPoint\",\"urlTemplate\":\"https:\\\/\\\/ajatutaja.com\\\/?s={search_term_string}\"},\"query-input\":{\"@type\":\"PropertyValueSpecification\",\"valueRequired\":true,\"valueName\":\"search_term_string\"}}],\"inLanguage\":\"hr\"},{\"@type\":\"Organization\",\"@id\":\"https:\\\/\\\/ajatutaja.com\\\/#organization\",\"name\":\"Ajatutaja\",\"url\":\"https:\\\/\\\/ajatutaja.com\\\/\",\"logo\":{\"@type\":\"ImageObject\",\"inLanguage\":\"hr\",\"@id\":\"https:\\\/\\\/ajatutaja.com\\\/#\\\/schema\\\/logo\\\/image\\\/\",\"url\":\"https:\\\/\\\/ajatutaja.com\\\/wp-content\\\/uploads\\\/2021\\\/10\\\/logo.png\",\"contentUrl\":\"https:\\\/\\\/ajatutaja.com\\\/wp-content\\\/uploads\\\/2021\\\/10\\\/logo.png\",\"width\":555,\"height\":150,\"caption\":\"Ajatutaja\"},\"image\":{\"@id\":\"https:\\\/\\\/ajatutaja.com\\\/#\\\/schema\\\/logo\\\/image\\\/\"}}]}<\/script>\n<!-- \/ Yoast SEO plugin. -->","yoast_head_json":{"title":"Beaba zlo\u017eljiva igralna podloga 2v1 Arch Playmat | Ajatutaja","description":"Izredno velika in mehka zlo\u017eljiva igralna podloga Beaba nudi mal\u010dku varno igro in ideealno podlago za razvoj motori\u010dnih sposobnosti.","robots":{"index":"index","follow":"follow","max-snippet":"max-snippet:-1","max-image-preview":"max-image-preview:large","max-video-preview":"max-video-preview:-1"},"canonical":"https:\/\/ajatutaja.com\/izdelek\/beaba-zlozljiva-igralna-podloga-2v1-arch-playmat\/","og_locale":"hr_HR","og_type":"article","og_title":"Beaba zlo\u017eljiva igralna podloga 2v1 Arch Playmat | Ajatutaja","og_description":"Izredno velika in mehka zlo\u017eljiva igralna podloga Beaba nudi mal\u010dku varno igro in ideealno podlago za razvoj motori\u010dnih sposobnosti.","og_url":"https:\/\/ajatutaja.com\/izdelek\/beaba-zlozljiva-igralna-podloga-2v1-arch-playmat\/","og_site_name":"Ajatutaja","article_modified_time":"2026-04-13T11:06:42+00:00","og_image":[{"width":1000,"height":1000,"url":"https:\/\/ajatutaja.com\/wp-content\/uploads\/2026\/01\/Mehka-zlozljiva-igralna-podloga-Beaba-ajatutaja.jpg","type":"image\/jpeg"}],"twitter_card":"summary_large_image","twitter_misc":{"Procijenjeno vrijeme \u010ditanja":"1 minuta"},"schema":{"@context":"https:\/\/schema.org","@graph":[{"@type":"WebPage","@id":"https:\/\/ajatutaja.com\/izdelek\/beaba-zlozljiva-igralna-podloga-2v1-arch-playmat\/","url":"https:\/\/ajatutaja.com\/izdelek\/beaba-zlozljiva-igralna-podloga-2v1-arch-playmat\/","name":"Beaba zlo\u017eljiva igralna podloga 2v1 Arch Playmat | Ajatutaja","isPartOf":{"@id":"https:\/\/ajatutaja.com\/#website"},"primaryImageOfPage":{"@id":"https:\/\/ajatutaja.com\/izdelek\/beaba-zlozljiva-igralna-podloga-2v1-arch-playmat\/#primaryimage"},"image":{"@id":"https:\/\/ajatutaja.com\/izdelek\/beaba-zlozljiva-igralna-podloga-2v1-arch-playmat\/#primaryimage"},"thumbnailUrl":"https:\/\/ajatutaja.com\/wp-content\/uploads\/2026\/01\/Mehka-zlozljiva-igralna-podloga-Beaba-ajatutaja.jpg","datePublished":"2026-01-13T18:50:31+00:00","dateModified":"2026-04-13T11:06:42+00:00","description":"Izredno velika in mehka zlo\u017eljiva igralna podloga Beaba nudi mal\u010dku varno igro in ideealno podlago za razvoj motori\u010dnih sposobnosti.","breadcrumb":{"@id":"https:\/\/ajatutaja.com\/izdelek\/beaba-zlozljiva-igralna-podloga-2v1-arch-playmat\/#breadcrumb"},"inLanguage":"hr","potentialAction":[{"@type":"ReadAction","target":["https:\/\/ajatutaja.com\/izdelek\/beaba-zlozljiva-igralna-podloga-2v1-arch-playmat\/"]}]},{"@type":"ImageObject","inLanguage":"hr","@id":"https:\/\/ajatutaja.com\/izdelek\/beaba-zlozljiva-igralna-podloga-2v1-arch-playmat\/#primaryimage","url":"https:\/\/ajatutaja.com\/wp-content\/uploads\/2026\/01\/Mehka-zlozljiva-igralna-podloga-Beaba-ajatutaja.jpg","contentUrl":"https:\/\/ajatutaja.com\/wp-content\/uploads\/2026\/01\/Mehka-zlozljiva-igralna-podloga-Beaba-ajatutaja.jpg","width":1000,"height":1000},{"@type":"BreadcrumbList","@id":"https:\/\/ajatutaja.com\/izdelek\/beaba-zlozljiva-igralna-podloga-2v1-arch-playmat\/#breadcrumb","itemListElement":[{"@type":"ListItem","position":1,"name":"Home","item":"https:\/\/ajatutaja.com\/hr\/"},{"@type":"ListItem","position":2,"name":"Trgovina","item":"https:\/\/ajatutaja.com\/hr\/trgovina\/"},{"@type":"ListItem","position":3,"name":"Beaba zlo\u017eljiva igralna podloga 2v1 Arch Playmat"}]},{"@type":"WebSite","@id":"https:\/\/ajatutaja.com\/#website","url":"https:\/\/ajatutaja.com\/","name":"Ajatutaja","description":"Otro\u0161ka spletna trgovina AJATUTAJA","publisher":{"@id":"https:\/\/ajatutaja.com\/#organization"},"potentialAction":[{"@type":"SearchAction","target":{"@type":"EntryPoint","urlTemplate":"https:\/\/ajatutaja.com\/?s={search_term_string}"},"query-input":{"@type":"PropertyValueSpecification","valueRequired":true,"valueName":"search_term_string"}}],"inLanguage":"hr"},{"@type":"Organization","@id":"https:\/\/ajatutaja.com\/#organization","name":"Ajatutaja","url":"https:\/\/ajatutaja.com\/","logo":{"@type":"ImageObject","inLanguage":"hr","@id":"https:\/\/ajatutaja.com\/#\/schema\/logo\/image\/","url":"https:\/\/ajatutaja.com\/wp-content\/uploads\/2021\/10\/logo.png","contentUrl":"https:\/\/ajatutaja.com\/wp-content\/uploads\/2021\/10\/logo.png","width":555,"height":150,"caption":"Ajatutaja"},"image":{"@id":"https:\/\/ajatutaja.com\/#\/schema\/logo\/image\/"}}]}},"brands":[{"id":2665,"name":"Beaba","slug":"beaba-nega-in-kopanje"},{"id":2452,"name":"Igranje","slug":"igranje"},{"id":2409,"name":"Potepanje","slug":"potepanje"}],"_links":{"self":[{"href":"https:\/\/ajatutaja.com\/hr\/wp-json\/wp\/v2\/product\/84289","targetHints":{"allow":["GET"]}}],"collection":[{"href":"https:\/\/ajatutaja.com\/hr\/wp-json\/wp\/v2\/product"}],"about":[{"href":"https:\/\/ajatutaja.com\/hr\/wp-json\/wp\/v2\/types\/product"}],"wp:featuredmedia":[{"embeddable":true,"href":"https:\/\/ajatutaja.com\/hr\/wp-json\/wp\/v2\/media\/84285"}],"wp:attachment":[{"href":"https:\/\/ajatutaja.com\/hr\/wp-json\/wp\/v2\/media?parent=84289"}],"wp:term":[{"taxonomy":"pwb-brand","embeddable":true,"href":"https:\/\/ajatutaja.com\/hr\/wp-json\/wp\/v2\/pwb-brand?post=84289"},{"taxonomy":"product_brand","embeddable":true,"href":"https:\/\/ajatutaja.com\/hr\/wp-json\/wp\/v2\/product_brand?post=84289"},{"taxonomy":"product_cat","embeddable":true,"href":"https:\/\/ajatutaja.com\/hr\/wp-json\/wp\/v2\/product_cat?post=84289"},{"taxonomy":"product_tag","embeddable":true,"href":"https:\/\/ajatutaja.com\/hr\/wp-json\/wp\/v2\/product_tag?post=84289"}],"curies":[{"name":"wp","href":"https:\/\/api.w.org\/{rel}","templated":true}]}}