{"id":84013,"date":"2024-10-07T07:03:34","date_gmt":"2024-10-07T05:03:34","guid":{"rendered":"https:\/\/ajatutaja.com\/?post_type=product&#038;p=84013"},"modified":"2026-04-19T09:49:13","modified_gmt":"2026-04-19T07:49:13","slug":"wildride-nosilka-za-otroke-do-4-let-army-green","status":"publish","type":"product","link":"https:\/\/ajatutaja.com\/hr\/proizvod\/wildride-nosilka-za-otroke-do-4-let-army-green\/","title":{"rendered":"Wildride\u00ae nosilka za otroke do 4 let &#8211; Army Green"},"content":{"rendered":"<p>[vc_row][vc_column][vc_column_text]Uporaba:<br \/>\nPrimerno za mal\u010dke od 9. meseca starosti do 4. leta ali do te\u017ee 20 kg<br \/>\nNamestitev na strani, na boku<\/p>\n<p>Material:<\/p>\n<p>Nosilka (sede\u017e): 100 % bomba\u017e<br \/>\nRamenski pas: 100 % najlon<br \/>\nSponka za pripenjanje: 100 % polioksimetilen<\/p>\n<p>Wildride\u00ae Ergonomska nosilka:<\/p>\n<p>Izdelana iz bomba\u017ea zagotavlja udobje tako za star\u0161e kot za mal\u010dke<br \/>\nNosilka se popolnoma prilega telesu<br \/>\nModerni \u017eivalski vzorci zdru\u017eujejo modni slog in funkcionalnost<br \/>\nZra\u010den material, ki prepre\u010duje prekomerno potenje mal\u010dkov<br \/>\nDa bo pot z nosilko \u0161e bolj zabavna, lahko na nosilec pripnete \u0161e pli\u0161asto igra\u010dko za nosilko (naprodaj lo\u010deno)<br \/>\nTrpe\u017ena struktura nosilke omogo\u010da udobno sedenje mal\u010dkov od 9. meseca starosti do 4. leta ali do te\u017ee 20 kg<br \/>\nPatentiran dizajn Wildride\u00ae omogo\u010da ergonomsko no\u0161enje<br \/>\nNa voljo v razli\u010dnih modnih dizajnih in tkaninah<br \/>\nOmogo\u010da enostavno dvigovanje mal\u010dkov od 9. meseca starosti<br \/>\nEdinstvena zasnova s trakom omogo\u010da enakomerno porazdelitev te\u017ee<br \/>\nZagotavlja pravilno podporo telesu mal\u010dkom<br \/>\nZmanj\u0161uje pritisk na hrbet in ramena star\u0161ev<br \/>\nOdli\u010dna alternativa otro\u0161kim vozi\u010dkom, saj omogo\u010da ve\u010djo prilagodljivost in svobodo gibanja<br \/>\nPrimerna tudi za ve\u010dje mal\u010dke, ki so preveliki za otro\u0161ki vozi\u010dek, a se med sprehodom \u0161e vedno prehitro utrudijo<\/p>\n<p>Testi in cerfitikati:<\/p>\n<p>Testirane in odobrene so v skladu s standardom ASTM F2907-22 in CEN\/TR 16512-2015<br \/>\nIzdelane so v skladu z mednarodnimi standardi BSCI, Oeko Tex, Sedex in GOTS<br \/>\nVarnostne sponke ustrezajo pogojem najvi\u0161jega mednarodnega standarda: ISO 12402-7[\/vc_column_text][\/vc_column][\/vc_row]<\/p>\n","protected":false},"excerpt":{"rendered":"<p>Edinstvena in prakti\u010dna nosilka za otroka Wildride je primerna za no\u0161enje mal\u010dka \u017ee od 9. meseca otrokove starosti pa vse do dopolnjenih 4 let oz. 20 kg telesne te\u017ee. V nosilki se bo va\u0161 mal\u010dek vedno po\u010dutil varno in udobno, medtem ko skupaj odkrivate svet. Idealna izbira za aktivne star\u0161e.<\/p>\n","protected":false},"featured_media":84018,"template":"","meta":[],"pwb-brand":[5633],"product_brand":[],"product_cat":[3975,2397,2361],"product_tag":[5636],"class_list":{"0":"post-84013","1":"product","2":"type-product","3":"status-publish","4":"has-post-thumbnail","6":"pwb-brand-wildride","7":"product_cat-akcija","8":"product_cat-nosilke-za-otroke","9":"product_cat-potepanje","10":"product_tag-wildride","12":"first","13":"onbackorder","14":"sale","15":"taxable","16":"shipping-taxable","17":"purchasable","18":"product-type-simple","19":"add-to-wishlist-before_image"},"yoast_head":"<!-- This site is optimized with the Yoast SEO plugin v27.3 - https:\/\/yoast.com\/product\/yoast-seo-wordpress\/ -->\n<title>Wildride\u00ae nosilka za otroke do 4 let - Army Green | Ajatutaja<\/title>\n<meta name=\"description\" content=\"Edinstvena in prakti\u010dna nosilka za otroke Wildride je primerna za no\u0161enje mal\u010dka \u017ee od 9. meseca otrokove starosti pa vse do dopolnjenih 4 let oz. 20 kg telesne te\u017ee.\" \/>\n<meta name=\"robots\" content=\"index, follow, max-snippet:-1, max-image-preview:large, max-video-preview:-1\" \/>\n<link rel=\"canonical\" href=\"https:\/\/ajatutaja.com\/izdelek\/wildride-nosilka-za-otroke-do-4-let-army-green\/\" \/>\n<meta property=\"og:locale\" content=\"hr_HR\" \/>\n<meta property=\"og:type\" content=\"article\" \/>\n<meta property=\"og:title\" content=\"Wildride\u00ae nosilka za otroke do 4 let - Army Green | Ajatutaja\" \/>\n<meta property=\"og:description\" content=\"Edinstvena in prakti\u010dna nosilka za otroke Wildride je primerna za no\u0161enje mal\u010dka \u017ee od 9. meseca otrokove starosti pa vse do dopolnjenih 4 let oz. 20 kg telesne te\u017ee.\" \/>\n<meta property=\"og:url\" content=\"https:\/\/ajatutaja.com\/izdelek\/wildride-nosilka-za-otroke-do-4-let-army-green\/\" \/>\n<meta property=\"og:site_name\" content=\"Ajatutaja\" \/>\n<meta property=\"article:modified_time\" content=\"2026-04-19T07:49:13+00:00\" \/>\n<meta property=\"og:image\" content=\"https:\/\/ajatutaja.com\/wp-content\/uploads\/2025\/12\/Wildride-najboljsa-ergonomska-nosilka-army-green-3.jpg\" \/>\n\t<meta property=\"og:image:width\" content=\"795\" \/>\n\t<meta property=\"og:image:height\" content=\"1115\" \/>\n\t<meta property=\"og:image:type\" content=\"image\/jpeg\" \/>\n<meta name=\"twitter:card\" content=\"summary_large_image\" \/>\n<meta name=\"twitter:label1\" content=\"Procijenjeno vrijeme \u010ditanja\" \/>\n\t<meta name=\"twitter:data1\" content=\"1 minuta\" \/>\n<script type=\"application\/ld+json\" class=\"yoast-schema-graph\">{\"@context\":\"https:\\\/\\\/schema.org\",\"@graph\":[{\"@type\":\"WebPage\",\"@id\":\"https:\\\/\\\/ajatutaja.com\\\/izdelek\\\/wildride-nosilka-za-otroke-do-4-let-army-green\\\/\",\"url\":\"https:\\\/\\\/ajatutaja.com\\\/izdelek\\\/wildride-nosilka-za-otroke-do-4-let-army-green\\\/\",\"name\":\"Wildride\u00ae nosilka za otroke do 4 let - Army Green | Ajatutaja\",\"isPartOf\":{\"@id\":\"https:\\\/\\\/ajatutaja.com\\\/#website\"},\"primaryImageOfPage\":{\"@id\":\"https:\\\/\\\/ajatutaja.com\\\/izdelek\\\/wildride-nosilka-za-otroke-do-4-let-army-green\\\/#primaryimage\"},\"image\":{\"@id\":\"https:\\\/\\\/ajatutaja.com\\\/izdelek\\\/wildride-nosilka-za-otroke-do-4-let-army-green\\\/#primaryimage\"},\"thumbnailUrl\":\"https:\\\/\\\/ajatutaja.com\\\/wp-content\\\/uploads\\\/2025\\\/12\\\/Wildride-najboljsa-ergonomska-nosilka-army-green-3.jpg\",\"datePublished\":\"2024-10-07T05:03:34+00:00\",\"dateModified\":\"2026-04-19T07:49:13+00:00\",\"description\":\"Edinstvena in prakti\u010dna nosilka za otroke Wildride je primerna za no\u0161enje mal\u010dka \u017ee od 9. meseca otrokove starosti pa vse do dopolnjenih 4 let oz. 20 kg telesne te\u017ee.\",\"breadcrumb\":{\"@id\":\"https:\\\/\\\/ajatutaja.com\\\/izdelek\\\/wildride-nosilka-za-otroke-do-4-let-army-green\\\/#breadcrumb\"},\"inLanguage\":\"hr\",\"potentialAction\":[{\"@type\":\"ReadAction\",\"target\":[\"https:\\\/\\\/ajatutaja.com\\\/izdelek\\\/wildride-nosilka-za-otroke-do-4-let-army-green\\\/\"]}]},{\"@type\":\"ImageObject\",\"inLanguage\":\"hr\",\"@id\":\"https:\\\/\\\/ajatutaja.com\\\/izdelek\\\/wildride-nosilka-za-otroke-do-4-let-army-green\\\/#primaryimage\",\"url\":\"https:\\\/\\\/ajatutaja.com\\\/wp-content\\\/uploads\\\/2025\\\/12\\\/Wildride-najboljsa-ergonomska-nosilka-army-green-3.jpg\",\"contentUrl\":\"https:\\\/\\\/ajatutaja.com\\\/wp-content\\\/uploads\\\/2025\\\/12\\\/Wildride-najboljsa-ergonomska-nosilka-army-green-3.jpg\",\"width\":795,\"height\":1115},{\"@type\":\"BreadcrumbList\",\"@id\":\"https:\\\/\\\/ajatutaja.com\\\/izdelek\\\/wildride-nosilka-za-otroke-do-4-let-army-green\\\/#breadcrumb\",\"itemListElement\":[{\"@type\":\"ListItem\",\"position\":1,\"name\":\"Home\",\"item\":\"https:\\\/\\\/ajatutaja.com\\\/hr\\\/\"},{\"@type\":\"ListItem\",\"position\":2,\"name\":\"Trgovina\",\"item\":\"https:\\\/\\\/ajatutaja.com\\\/hr\\\/trgovina\\\/\"},{\"@type\":\"ListItem\",\"position\":3,\"name\":\"Wildride\u00ae nosilka za otroke do 4 let &#8211; Army Green\"}]},{\"@type\":\"WebSite\",\"@id\":\"https:\\\/\\\/ajatutaja.com\\\/#website\",\"url\":\"https:\\\/\\\/ajatutaja.com\\\/\",\"name\":\"Ajatutaja\",\"description\":\"Otro\u0161ka spletna trgovina AJATUTAJA\",\"publisher\":{\"@id\":\"https:\\\/\\\/ajatutaja.com\\\/#organization\"},\"potentialAction\":[{\"@type\":\"SearchAction\",\"target\":{\"@type\":\"EntryPoint\",\"urlTemplate\":\"https:\\\/\\\/ajatutaja.com\\\/?s={search_term_string}\"},\"query-input\":{\"@type\":\"PropertyValueSpecification\",\"valueRequired\":true,\"valueName\":\"search_term_string\"}}],\"inLanguage\":\"hr\"},{\"@type\":\"Organization\",\"@id\":\"https:\\\/\\\/ajatutaja.com\\\/#organization\",\"name\":\"Ajatutaja\",\"url\":\"https:\\\/\\\/ajatutaja.com\\\/\",\"logo\":{\"@type\":\"ImageObject\",\"inLanguage\":\"hr\",\"@id\":\"https:\\\/\\\/ajatutaja.com\\\/#\\\/schema\\\/logo\\\/image\\\/\",\"url\":\"https:\\\/\\\/ajatutaja.com\\\/wp-content\\\/uploads\\\/2021\\\/10\\\/logo.png\",\"contentUrl\":\"https:\\\/\\\/ajatutaja.com\\\/wp-content\\\/uploads\\\/2021\\\/10\\\/logo.png\",\"width\":555,\"height\":150,\"caption\":\"Ajatutaja\"},\"image\":{\"@id\":\"https:\\\/\\\/ajatutaja.com\\\/#\\\/schema\\\/logo\\\/image\\\/\"}}]}<\/script>\n<!-- \/ Yoast SEO plugin. -->","yoast_head_json":{"title":"Wildride\u00ae nosilka za otroke do 4 let - Army Green | Ajatutaja","description":"Edinstvena in prakti\u010dna nosilka za otroke Wildride je primerna za no\u0161enje mal\u010dka \u017ee od 9. meseca otrokove starosti pa vse do dopolnjenih 4 let oz. 20 kg telesne te\u017ee.","robots":{"index":"index","follow":"follow","max-snippet":"max-snippet:-1","max-image-preview":"max-image-preview:large","max-video-preview":"max-video-preview:-1"},"canonical":"https:\/\/ajatutaja.com\/izdelek\/wildride-nosilka-za-otroke-do-4-let-army-green\/","og_locale":"hr_HR","og_type":"article","og_title":"Wildride\u00ae nosilka za otroke do 4 let - Army Green | Ajatutaja","og_description":"Edinstvena in prakti\u010dna nosilka za otroke Wildride je primerna za no\u0161enje mal\u010dka \u017ee od 9. meseca otrokove starosti pa vse do dopolnjenih 4 let oz. 20 kg telesne te\u017ee.","og_url":"https:\/\/ajatutaja.com\/izdelek\/wildride-nosilka-za-otroke-do-4-let-army-green\/","og_site_name":"Ajatutaja","article_modified_time":"2026-04-19T07:49:13+00:00","og_image":[{"width":795,"height":1115,"url":"https:\/\/ajatutaja.com\/wp-content\/uploads\/2025\/12\/Wildride-najboljsa-ergonomska-nosilka-army-green-3.jpg","type":"image\/jpeg"}],"twitter_card":"summary_large_image","twitter_misc":{"Procijenjeno vrijeme \u010ditanja":"1 minuta"},"schema":{"@context":"https:\/\/schema.org","@graph":[{"@type":"WebPage","@id":"https:\/\/ajatutaja.com\/izdelek\/wildride-nosilka-za-otroke-do-4-let-army-green\/","url":"https:\/\/ajatutaja.com\/izdelek\/wildride-nosilka-za-otroke-do-4-let-army-green\/","name":"Wildride\u00ae nosilka za otroke do 4 let - Army Green | Ajatutaja","isPartOf":{"@id":"https:\/\/ajatutaja.com\/#website"},"primaryImageOfPage":{"@id":"https:\/\/ajatutaja.com\/izdelek\/wildride-nosilka-za-otroke-do-4-let-army-green\/#primaryimage"},"image":{"@id":"https:\/\/ajatutaja.com\/izdelek\/wildride-nosilka-za-otroke-do-4-let-army-green\/#primaryimage"},"thumbnailUrl":"https:\/\/ajatutaja.com\/wp-content\/uploads\/2025\/12\/Wildride-najboljsa-ergonomska-nosilka-army-green-3.jpg","datePublished":"2024-10-07T05:03:34+00:00","dateModified":"2026-04-19T07:49:13+00:00","description":"Edinstvena in prakti\u010dna nosilka za otroke Wildride je primerna za no\u0161enje mal\u010dka \u017ee od 9. meseca otrokove starosti pa vse do dopolnjenih 4 let oz. 20 kg telesne te\u017ee.","breadcrumb":{"@id":"https:\/\/ajatutaja.com\/izdelek\/wildride-nosilka-za-otroke-do-4-let-army-green\/#breadcrumb"},"inLanguage":"hr","potentialAction":[{"@type":"ReadAction","target":["https:\/\/ajatutaja.com\/izdelek\/wildride-nosilka-za-otroke-do-4-let-army-green\/"]}]},{"@type":"ImageObject","inLanguage":"hr","@id":"https:\/\/ajatutaja.com\/izdelek\/wildride-nosilka-za-otroke-do-4-let-army-green\/#primaryimage","url":"https:\/\/ajatutaja.com\/wp-content\/uploads\/2025\/12\/Wildride-najboljsa-ergonomska-nosilka-army-green-3.jpg","contentUrl":"https:\/\/ajatutaja.com\/wp-content\/uploads\/2025\/12\/Wildride-najboljsa-ergonomska-nosilka-army-green-3.jpg","width":795,"height":1115},{"@type":"BreadcrumbList","@id":"https:\/\/ajatutaja.com\/izdelek\/wildride-nosilka-za-otroke-do-4-let-army-green\/#breadcrumb","itemListElement":[{"@type":"ListItem","position":1,"name":"Home","item":"https:\/\/ajatutaja.com\/hr\/"},{"@type":"ListItem","position":2,"name":"Trgovina","item":"https:\/\/ajatutaja.com\/hr\/trgovina\/"},{"@type":"ListItem","position":3,"name":"Wildride\u00ae nosilka za otroke do 4 let &#8211; Army Green"}]},{"@type":"WebSite","@id":"https:\/\/ajatutaja.com\/#website","url":"https:\/\/ajatutaja.com\/","name":"Ajatutaja","description":"Otro\u0161ka spletna trgovina AJATUTAJA","publisher":{"@id":"https:\/\/ajatutaja.com\/#organization"},"potentialAction":[{"@type":"SearchAction","target":{"@type":"EntryPoint","urlTemplate":"https:\/\/ajatutaja.com\/?s={search_term_string}"},"query-input":{"@type":"PropertyValueSpecification","valueRequired":true,"valueName":"search_term_string"}}],"inLanguage":"hr"},{"@type":"Organization","@id":"https:\/\/ajatutaja.com\/#organization","name":"Ajatutaja","url":"https:\/\/ajatutaja.com\/","logo":{"@type":"ImageObject","inLanguage":"hr","@id":"https:\/\/ajatutaja.com\/#\/schema\/logo\/image\/","url":"https:\/\/ajatutaja.com\/wp-content\/uploads\/2021\/10\/logo.png","contentUrl":"https:\/\/ajatutaja.com\/wp-content\/uploads\/2021\/10\/logo.png","width":555,"height":150,"caption":"Ajatutaja"},"image":{"@id":"https:\/\/ajatutaja.com\/#\/schema\/logo\/image\/"}}]}},"brands":[{"id":5633,"name":"Wildride\u00ae","slug":"wildride"}],"_links":{"self":[{"href":"https:\/\/ajatutaja.com\/hr\/wp-json\/wp\/v2\/product\/84013","targetHints":{"allow":["GET"]}}],"collection":[{"href":"https:\/\/ajatutaja.com\/hr\/wp-json\/wp\/v2\/product"}],"about":[{"href":"https:\/\/ajatutaja.com\/hr\/wp-json\/wp\/v2\/types\/product"}],"wp:featuredmedia":[{"embeddable":true,"href":"https:\/\/ajatutaja.com\/hr\/wp-json\/wp\/v2\/media\/84018"}],"wp:attachment":[{"href":"https:\/\/ajatutaja.com\/hr\/wp-json\/wp\/v2\/media?parent=84013"}],"wp:term":[{"taxonomy":"pwb-brand","embeddable":true,"href":"https:\/\/ajatutaja.com\/hr\/wp-json\/wp\/v2\/pwb-brand?post=84013"},{"taxonomy":"product_brand","embeddable":true,"href":"https:\/\/ajatutaja.com\/hr\/wp-json\/wp\/v2\/product_brand?post=84013"},{"taxonomy":"product_cat","embeddable":true,"href":"https:\/\/ajatutaja.com\/hr\/wp-json\/wp\/v2\/product_cat?post=84013"},{"taxonomy":"product_tag","embeddable":true,"href":"https:\/\/ajatutaja.com\/hr\/wp-json\/wp\/v2\/product_tag?post=84013"}],"curies":[{"name":"wp","href":"https:\/\/api.w.org\/{rel}","templated":true}]}}