{"id":83880,"date":"2025-12-18T18:03:26","date_gmt":"2025-12-18T17:03:26","guid":{"rendered":"https:\/\/ajatutaja.com\/?post_type=product&#038;p=83880"},"modified":"2025-12-19T16:00:19","modified_gmt":"2025-12-19T15:00:19","slug":"knjiga-s-skarjami-little-dutch-scrapbook-rosa-v-maskah","status":"publish","type":"product","link":"https:\/\/ajatutaja.com\/hr\/proizvod\/knjiga-s-skarjami-little-dutch-scrapbook-rosa-v-maskah\/","title":{"rendered":"Knjiga s \u0161karjami Little Dutch &#8220;Scrapbook&#8221; &#8211; Rosa v maskah"},"content":{"rendered":"<p>[vc_row][vc_column][vc_column_text]<\/p>\n<h4>Ustvarjalna knjiga s \u0161karjami Little Dutch ima naslednje lastnosti:<\/h4>\n<ul>\n<li>Knjiga vsebuje 20 natisnjenih strani z razli\u010dnimi motivi mask.<\/li>\n<li>Prilo\u017eene so varne otro\u0161ke \u0161karje in nalepke \u2013 za popolno individualno okrasitev.<\/li>\n<li>Posebnost: Otroci lahko maske poljubno pobarvajo, izre\u017eejo, polepijo in jih okrasijo po lastni domi\u0161ljiji.<\/li>\n<li>Material: Karton<\/li>\n<li>Primerno za otroke starosti 4 leta+<\/li>\n<\/ul>\n<p>[\/vc_column_text][\/vc_column][\/vc_row]<\/p>\n","protected":false},"excerpt":{"rendered":"<p>Z ustvarjalno knjigo Little Dutch &#8220;Scrapbook&#8221; se bo otrok nau\u010dil dr\u017eati in pravilno uporabljati \u0161karje. Ob tem bo razvijal fino motoriko, ki mu bo v pomo\u010d, ko se bo pri\u010del u\u010diti pisanja.<\/p>\n","protected":false},"featured_media":83869,"template":"","meta":[],"pwb-brand":[2452,2457],"product_brand":[],"product_cat":[3992,5072,2715,2713,5412],"product_tag":[4002],"class_list":{"0":"post-83880","1":"product","2":"type-product","3":"status-publish","4":"has-post-thumbnail","6":"pwb-brand-igranje","7":"pwb-brand-little-dutch-igra","8":"product_cat-3-leta-igrace","9":"product_cat-bozicna-darila","10":"product_cat-darilo-do-15e","11":"product_cat-darilo-za-deklico","12":"product_cat-ustvarjalne-igrace","13":"product_tag-little-dutch","15":"first","16":"instock","17":"taxable","18":"shipping-taxable","19":"purchasable","20":"product-type-simple","21":"add-to-wishlist-before_image"},"yoast_head":"<!-- This site is optimized with the Yoast SEO plugin v27.3 - https:\/\/yoast.com\/product\/yoast-seo-wordpress\/ -->\n<title>Knjiga s \u0161karjami Little Dutch &quot;Scrapbook&quot; - Rosa v maskah | Ajatutaja<\/title>\n<meta name=\"description\" content=\"Z ustvarjalno knjigo Little Dutch &quot;Scrapbook&quot; se bo otrok nau\u010dil dr\u017eati in pravilno uporabljati \u0161karje. Ob tem bo razvijal fino motoriko, ki mu bo v pomo\u010d, ko se bo pri\u010del u\u010diti pisanja.\" \/>\n<meta name=\"robots\" content=\"index, follow, max-snippet:-1, max-image-preview:large, max-video-preview:-1\" \/>\n<link rel=\"canonical\" href=\"https:\/\/ajatutaja.com\/izdelek\/knjiga-s-skarjami-little-dutch-scrapbook-rosa-v-maskah\/\" \/>\n<meta property=\"og:locale\" content=\"hr_HR\" \/>\n<meta property=\"og:type\" content=\"article\" \/>\n<meta property=\"og:title\" content=\"Knjiga s \u0161karjami Little Dutch &quot;Scrapbook&quot; - Rosa v maskah | Ajatutaja\" \/>\n<meta property=\"og:description\" content=\"Z ustvarjalno knjigo Little Dutch &quot;Scrapbook&quot; se bo otrok nau\u010dil dr\u017eati in pravilno uporabljati \u0161karje. Ob tem bo razvijal fino motoriko, ki mu bo v pomo\u010d, ko se bo pri\u010del u\u010diti pisanja.\" \/>\n<meta property=\"og:url\" content=\"https:\/\/ajatutaja.com\/izdelek\/knjiga-s-skarjami-little-dutch-scrapbook-rosa-v-maskah\/\" \/>\n<meta property=\"og:site_name\" content=\"Ajatutaja\" \/>\n<meta property=\"article:modified_time\" content=\"2025-12-19T15:00:19+00:00\" \/>\n<meta property=\"og:image\" content=\"https:\/\/ajatutaja.com\/wp-content\/uploads\/2025\/12\/Knjiga-s-skarjami-little-dutch-rosa-1.webp\" \/>\n\t<meta property=\"og:image:width\" content=\"2048\" \/>\n\t<meta property=\"og:image:height\" content=\"2048\" \/>\n\t<meta property=\"og:image:type\" content=\"image\/webp\" \/>\n<meta name=\"twitter:card\" content=\"summary_large_image\" \/>\n<script type=\"application\/ld+json\" class=\"yoast-schema-graph\">{\"@context\":\"https:\\\/\\\/schema.org\",\"@graph\":[{\"@type\":\"WebPage\",\"@id\":\"https:\\\/\\\/ajatutaja.com\\\/izdelek\\\/knjiga-s-skarjami-little-dutch-scrapbook-rosa-v-maskah\\\/\",\"url\":\"https:\\\/\\\/ajatutaja.com\\\/izdelek\\\/knjiga-s-skarjami-little-dutch-scrapbook-rosa-v-maskah\\\/\",\"name\":\"Knjiga s \u0161karjami Little Dutch \\\"Scrapbook\\\" - Rosa v maskah | Ajatutaja\",\"isPartOf\":{\"@id\":\"https:\\\/\\\/ajatutaja.com\\\/#website\"},\"primaryImageOfPage\":{\"@id\":\"https:\\\/\\\/ajatutaja.com\\\/izdelek\\\/knjiga-s-skarjami-little-dutch-scrapbook-rosa-v-maskah\\\/#primaryimage\"},\"image\":{\"@id\":\"https:\\\/\\\/ajatutaja.com\\\/izdelek\\\/knjiga-s-skarjami-little-dutch-scrapbook-rosa-v-maskah\\\/#primaryimage\"},\"thumbnailUrl\":\"https:\\\/\\\/ajatutaja.com\\\/wp-content\\\/uploads\\\/2025\\\/12\\\/Knjiga-s-skarjami-little-dutch-rosa-1.webp\",\"datePublished\":\"2025-12-18T17:03:26+00:00\",\"dateModified\":\"2025-12-19T15:00:19+00:00\",\"description\":\"Z ustvarjalno knjigo Little Dutch \\\"Scrapbook\\\" se bo otrok nau\u010dil dr\u017eati in pravilno uporabljati \u0161karje. Ob tem bo razvijal fino motoriko, ki mu bo v pomo\u010d, ko se bo pri\u010del u\u010diti pisanja.\",\"breadcrumb\":{\"@id\":\"https:\\\/\\\/ajatutaja.com\\\/izdelek\\\/knjiga-s-skarjami-little-dutch-scrapbook-rosa-v-maskah\\\/#breadcrumb\"},\"inLanguage\":\"hr\",\"potentialAction\":[{\"@type\":\"ReadAction\",\"target\":[\"https:\\\/\\\/ajatutaja.com\\\/izdelek\\\/knjiga-s-skarjami-little-dutch-scrapbook-rosa-v-maskah\\\/\"]}]},{\"@type\":\"ImageObject\",\"inLanguage\":\"hr\",\"@id\":\"https:\\\/\\\/ajatutaja.com\\\/izdelek\\\/knjiga-s-skarjami-little-dutch-scrapbook-rosa-v-maskah\\\/#primaryimage\",\"url\":\"https:\\\/\\\/ajatutaja.com\\\/wp-content\\\/uploads\\\/2025\\\/12\\\/Knjiga-s-skarjami-little-dutch-rosa-1.webp\",\"contentUrl\":\"https:\\\/\\\/ajatutaja.com\\\/wp-content\\\/uploads\\\/2025\\\/12\\\/Knjiga-s-skarjami-little-dutch-rosa-1.webp\",\"width\":2048,\"height\":2048},{\"@type\":\"BreadcrumbList\",\"@id\":\"https:\\\/\\\/ajatutaja.com\\\/izdelek\\\/knjiga-s-skarjami-little-dutch-scrapbook-rosa-v-maskah\\\/#breadcrumb\",\"itemListElement\":[{\"@type\":\"ListItem\",\"position\":1,\"name\":\"Home\",\"item\":\"https:\\\/\\\/ajatutaja.com\\\/hr\\\/\"},{\"@type\":\"ListItem\",\"position\":2,\"name\":\"Trgovina\",\"item\":\"https:\\\/\\\/ajatutaja.com\\\/hr\\\/trgovina\\\/\"},{\"@type\":\"ListItem\",\"position\":3,\"name\":\"Knjiga s \u0161karjami Little Dutch &#8220;Scrapbook&#8221; &#8211; Rosa v maskah\"}]},{\"@type\":\"WebSite\",\"@id\":\"https:\\\/\\\/ajatutaja.com\\\/#website\",\"url\":\"https:\\\/\\\/ajatutaja.com\\\/\",\"name\":\"Ajatutaja\",\"description\":\"Otro\u0161ka spletna trgovina AJATUTAJA\",\"publisher\":{\"@id\":\"https:\\\/\\\/ajatutaja.com\\\/#organization\"},\"potentialAction\":[{\"@type\":\"SearchAction\",\"target\":{\"@type\":\"EntryPoint\",\"urlTemplate\":\"https:\\\/\\\/ajatutaja.com\\\/?s={search_term_string}\"},\"query-input\":{\"@type\":\"PropertyValueSpecification\",\"valueRequired\":true,\"valueName\":\"search_term_string\"}}],\"inLanguage\":\"hr\"},{\"@type\":\"Organization\",\"@id\":\"https:\\\/\\\/ajatutaja.com\\\/#organization\",\"name\":\"Ajatutaja\",\"url\":\"https:\\\/\\\/ajatutaja.com\\\/\",\"logo\":{\"@type\":\"ImageObject\",\"inLanguage\":\"hr\",\"@id\":\"https:\\\/\\\/ajatutaja.com\\\/#\\\/schema\\\/logo\\\/image\\\/\",\"url\":\"https:\\\/\\\/ajatutaja.com\\\/wp-content\\\/uploads\\\/2021\\\/10\\\/logo.png\",\"contentUrl\":\"https:\\\/\\\/ajatutaja.com\\\/wp-content\\\/uploads\\\/2021\\\/10\\\/logo.png\",\"width\":555,\"height\":150,\"caption\":\"Ajatutaja\"},\"image\":{\"@id\":\"https:\\\/\\\/ajatutaja.com\\\/#\\\/schema\\\/logo\\\/image\\\/\"}}]}<\/script>\n<!-- \/ Yoast SEO plugin. -->","yoast_head_json":{"title":"Knjiga s \u0161karjami Little Dutch \"Scrapbook\" - Rosa v maskah | Ajatutaja","description":"Z ustvarjalno knjigo Little Dutch \"Scrapbook\" se bo otrok nau\u010dil dr\u017eati in pravilno uporabljati \u0161karje. Ob tem bo razvijal fino motoriko, ki mu bo v pomo\u010d, ko se bo pri\u010del u\u010diti pisanja.","robots":{"index":"index","follow":"follow","max-snippet":"max-snippet:-1","max-image-preview":"max-image-preview:large","max-video-preview":"max-video-preview:-1"},"canonical":"https:\/\/ajatutaja.com\/izdelek\/knjiga-s-skarjami-little-dutch-scrapbook-rosa-v-maskah\/","og_locale":"hr_HR","og_type":"article","og_title":"Knjiga s \u0161karjami Little Dutch \"Scrapbook\" - Rosa v maskah | Ajatutaja","og_description":"Z ustvarjalno knjigo Little Dutch \"Scrapbook\" se bo otrok nau\u010dil dr\u017eati in pravilno uporabljati \u0161karje. Ob tem bo razvijal fino motoriko, ki mu bo v pomo\u010d, ko se bo pri\u010del u\u010diti pisanja.","og_url":"https:\/\/ajatutaja.com\/izdelek\/knjiga-s-skarjami-little-dutch-scrapbook-rosa-v-maskah\/","og_site_name":"Ajatutaja","article_modified_time":"2025-12-19T15:00:19+00:00","og_image":[{"width":2048,"height":2048,"url":"https:\/\/ajatutaja.com\/wp-content\/uploads\/2025\/12\/Knjiga-s-skarjami-little-dutch-rosa-1.webp","type":"image\/webp"}],"twitter_card":"summary_large_image","schema":{"@context":"https:\/\/schema.org","@graph":[{"@type":"WebPage","@id":"https:\/\/ajatutaja.com\/izdelek\/knjiga-s-skarjami-little-dutch-scrapbook-rosa-v-maskah\/","url":"https:\/\/ajatutaja.com\/izdelek\/knjiga-s-skarjami-little-dutch-scrapbook-rosa-v-maskah\/","name":"Knjiga s \u0161karjami Little Dutch \"Scrapbook\" - Rosa v maskah | Ajatutaja","isPartOf":{"@id":"https:\/\/ajatutaja.com\/#website"},"primaryImageOfPage":{"@id":"https:\/\/ajatutaja.com\/izdelek\/knjiga-s-skarjami-little-dutch-scrapbook-rosa-v-maskah\/#primaryimage"},"image":{"@id":"https:\/\/ajatutaja.com\/izdelek\/knjiga-s-skarjami-little-dutch-scrapbook-rosa-v-maskah\/#primaryimage"},"thumbnailUrl":"https:\/\/ajatutaja.com\/wp-content\/uploads\/2025\/12\/Knjiga-s-skarjami-little-dutch-rosa-1.webp","datePublished":"2025-12-18T17:03:26+00:00","dateModified":"2025-12-19T15:00:19+00:00","description":"Z ustvarjalno knjigo Little Dutch \"Scrapbook\" se bo otrok nau\u010dil dr\u017eati in pravilno uporabljati \u0161karje. Ob tem bo razvijal fino motoriko, ki mu bo v pomo\u010d, ko se bo pri\u010del u\u010diti pisanja.","breadcrumb":{"@id":"https:\/\/ajatutaja.com\/izdelek\/knjiga-s-skarjami-little-dutch-scrapbook-rosa-v-maskah\/#breadcrumb"},"inLanguage":"hr","potentialAction":[{"@type":"ReadAction","target":["https:\/\/ajatutaja.com\/izdelek\/knjiga-s-skarjami-little-dutch-scrapbook-rosa-v-maskah\/"]}]},{"@type":"ImageObject","inLanguage":"hr","@id":"https:\/\/ajatutaja.com\/izdelek\/knjiga-s-skarjami-little-dutch-scrapbook-rosa-v-maskah\/#primaryimage","url":"https:\/\/ajatutaja.com\/wp-content\/uploads\/2025\/12\/Knjiga-s-skarjami-little-dutch-rosa-1.webp","contentUrl":"https:\/\/ajatutaja.com\/wp-content\/uploads\/2025\/12\/Knjiga-s-skarjami-little-dutch-rosa-1.webp","width":2048,"height":2048},{"@type":"BreadcrumbList","@id":"https:\/\/ajatutaja.com\/izdelek\/knjiga-s-skarjami-little-dutch-scrapbook-rosa-v-maskah\/#breadcrumb","itemListElement":[{"@type":"ListItem","position":1,"name":"Home","item":"https:\/\/ajatutaja.com\/hr\/"},{"@type":"ListItem","position":2,"name":"Trgovina","item":"https:\/\/ajatutaja.com\/hr\/trgovina\/"},{"@type":"ListItem","position":3,"name":"Knjiga s \u0161karjami Little Dutch &#8220;Scrapbook&#8221; &#8211; Rosa v maskah"}]},{"@type":"WebSite","@id":"https:\/\/ajatutaja.com\/#website","url":"https:\/\/ajatutaja.com\/","name":"Ajatutaja","description":"Otro\u0161ka spletna trgovina AJATUTAJA","publisher":{"@id":"https:\/\/ajatutaja.com\/#organization"},"potentialAction":[{"@type":"SearchAction","target":{"@type":"EntryPoint","urlTemplate":"https:\/\/ajatutaja.com\/?s={search_term_string}"},"query-input":{"@type":"PropertyValueSpecification","valueRequired":true,"valueName":"search_term_string"}}],"inLanguage":"hr"},{"@type":"Organization","@id":"https:\/\/ajatutaja.com\/#organization","name":"Ajatutaja","url":"https:\/\/ajatutaja.com\/","logo":{"@type":"ImageObject","inLanguage":"hr","@id":"https:\/\/ajatutaja.com\/#\/schema\/logo\/image\/","url":"https:\/\/ajatutaja.com\/wp-content\/uploads\/2021\/10\/logo.png","contentUrl":"https:\/\/ajatutaja.com\/wp-content\/uploads\/2021\/10\/logo.png","width":555,"height":150,"caption":"Ajatutaja"},"image":{"@id":"https:\/\/ajatutaja.com\/#\/schema\/logo\/image\/"}}]}},"brands":[{"id":2452,"name":"Igranje","slug":"igranje"},{"id":2457,"name":"Little Dutch","slug":"little-dutch-igra"}],"_links":{"self":[{"href":"https:\/\/ajatutaja.com\/hr\/wp-json\/wp\/v2\/product\/83880","targetHints":{"allow":["GET"]}}],"collection":[{"href":"https:\/\/ajatutaja.com\/hr\/wp-json\/wp\/v2\/product"}],"about":[{"href":"https:\/\/ajatutaja.com\/hr\/wp-json\/wp\/v2\/types\/product"}],"wp:featuredmedia":[{"embeddable":true,"href":"https:\/\/ajatutaja.com\/hr\/wp-json\/wp\/v2\/media\/83869"}],"wp:attachment":[{"href":"https:\/\/ajatutaja.com\/hr\/wp-json\/wp\/v2\/media?parent=83880"}],"wp:term":[{"taxonomy":"pwb-brand","embeddable":true,"href":"https:\/\/ajatutaja.com\/hr\/wp-json\/wp\/v2\/pwb-brand?post=83880"},{"taxonomy":"product_brand","embeddable":true,"href":"https:\/\/ajatutaja.com\/hr\/wp-json\/wp\/v2\/product_brand?post=83880"},{"taxonomy":"product_cat","embeddable":true,"href":"https:\/\/ajatutaja.com\/hr\/wp-json\/wp\/v2\/product_cat?post=83880"},{"taxonomy":"product_tag","embeddable":true,"href":"https:\/\/ajatutaja.com\/hr\/wp-json\/wp\/v2\/product_tag?post=83880"}],"curies":[{"name":"wp","href":"https:\/\/api.w.org\/{rel}","templated":true}]}}