{"id":83515,"date":"2025-11-27T15:17:08","date_gmt":"2025-11-27T14:17:08","guid":{"rendered":"https:\/\/ajatutaja.com\/?post_type=product&#038;p=83515"},"modified":"2025-12-18T17:12:37","modified_gmt":"2025-12-18T16:12:37","slug":"magnetne-ploscice-cleverclixx-inventive-pack-intense-110-kom","status":"publish","type":"product","link":"https:\/\/ajatutaja.com\/hr\/proizvod\/magnetne-ploscice-cleverclixx-inventive-pack-intense-110-kom\/","title":{"rendered":"Magnetne plo\u0161\u010dice Cleverclixx\u00ae &#8211; Inventive Pack Intense (110 kom)"},"content":{"rendered":"<p>[vc_row][vc_column][vc_column_text]Cleverclixx raste z otroci. Od 3. leta dalje se lahko za\u010dnejo u\u010diti koncepta 3D gradnje. Ko postanejo starej\u0161i, je mogo\u010de izdelovati kompleksnej\u0161e zgradbe, v osnovni \u0161oli pa je celo uporaben pripomo\u010dek pri matemati\u010dnih vajah. Vsi kompleti so med seboj kompatibilni, tako da jih lahko vedno raz\u0161irite.<\/p>\n<h4>Lastnosti Cleverclixx Inventive Pack Intense:<\/h4>\n<ul>\n<li>Vsebuje 110 kosov magnetnih plo\u0161\u010dic razli\u010dnih barv<\/li>\n<li>Komplet vsebuje: \u00a030 majhnih kvadratov \/ 24 enakostrani\u010dnih trikotnikov \/ 8 enakokrakih trikotnikov \/ 12 pravokotni trikotnik \/ 10 pravokotnikov \/ 10 nazob\u010danih oblik \/ 4 veliki kvadrati<\/li>\n<li>Igra omogo\u010da odrto igro, ter zlaganje in 3D sestavljanje plo\u0161\u010dic<\/li>\n<li>Spodbuja fino motoriko in strukturirano razmi\u0161ljanje<\/li>\n<li>Omogo\u010da samostojno in dru\u017eabno igro<\/li>\n<li>Starost otroka: 3 leta+<\/li>\n<li>Materijal: MABS plastika, Brez BPA<\/li>\n<li>Te\u017ea kompleta: 3,34 kg<\/li>\n<li>Certifikati: CPSC, CE, EN71, ASTM<\/li>\n<li>Cleverclixx magnetne plo\u0161\u010dice so kompatibilne tudi z ostalimi magnetnimi plo\u0161\u010dicami na trgu.<\/li>\n<\/ul>\n<p>Igranje z magnetnimi plo\u0161\u010dicami Cleverclixx spodbuja u\u010denje STEAM in otroku pomaga pri razvoju motori\u010dnih sposobnosti. Vse bolj se uporablja tudi v pred\u0161olskih in osnovnih \u0161olah. Kaj je STEAM in zakaj je tako priljubljen? STEAM pomeni znanost, tehnologijo, in\u017eeniring, umetnost in matematiko. STEAM zagotovo ni le trend, ampak odra\u017ea pomembno spremembo v izobra\u017eevanju. Cilj je torej narediti u\u010denje bolj prakti\u010dno. Otroci lahko torej odra\u0161\u010dajo s spretnostmi, potrebnimi za iskanje dobre slu\u017ebe in za kasnej\u0161o pomo\u010d pri izbolj\u0161anju dru\u017ebe.[\/vc_column_text][\/vc_column][\/vc_row]<\/p>\n","protected":false},"excerpt":{"rendered":"<p style=\"text-align: justify\">Pisane magnetne plo\u0161\u010dice Cleverclixx skrivajo v sebi nekaj \u010darobnega, saj spodbujajo domi\u0161ljijo otrok. Idealna igra\u010da za kreativno, odprto igro, ki spodbuja domi\u0161ljijo in u\u010denje skozi raziskovanje barv, oblik. Vsi kompleti so med seboj kompatibilni, tako da jih lahko vedno raz\u0161irite.<\/p>\n","protected":false},"featured_media":83612,"template":"","meta":[],"pwb-brand":[6330,2452],"product_brand":[],"product_cat":[3992,5072,2362,2447],"product_tag":[6332],"class_list":{"0":"post-83515","1":"product","2":"type-product","3":"status-publish","4":"has-post-thumbnail","6":"pwb-brand-cleverclixx","7":"pwb-brand-igranje","8":"product_cat-3-leta-igrace","9":"product_cat-bozicna-darila","10":"product_cat-igranje","11":"product_cat-magnetne-igre","12":"product_tag-cleverclixx","14":"first","15":"instock","16":"taxable","17":"shipping-taxable","18":"purchasable","19":"product-type-simple","20":"add-to-wishlist-before_image"},"yoast_head":"<!-- This site is optimized with the Yoast SEO plugin v27.3 - https:\/\/yoast.com\/product\/yoast-seo-wordpress\/ -->\n<title>Magnetne plo\u0161\u010dice Cleverclixx\u00ae - Inventive Pack Intense (110 kom) | Ajatutaja<\/title>\n<meta name=\"description\" content=\"Pisane magnetne plo\u0161\u010dice Cleverclixx skrivajo v sebi nekaj \u010darobnega, saj spodbujajo domi\u0161ljijo otrok. Idealna igra\u010da za kreativno, odprto igro, ki spodbuja domi\u0161ljijo in u\u010denje skozi raziskovanje barv, oblik.\" \/>\n<meta name=\"robots\" content=\"index, follow, max-snippet:-1, max-image-preview:large, max-video-preview:-1\" \/>\n<link rel=\"canonical\" href=\"https:\/\/ajatutaja.com\/izdelek\/magnetne-ploscice-cleverclixx-inventive-pack-intense-110-kom\/\" \/>\n<meta property=\"og:locale\" content=\"hr_HR\" \/>\n<meta property=\"og:type\" content=\"article\" \/>\n<meta property=\"og:title\" content=\"Magnetne plo\u0161\u010dice Cleverclixx\u00ae - Inventive Pack Intense (110 kom) | Ajatutaja\" \/>\n<meta property=\"og:description\" content=\"Pisane magnetne plo\u0161\u010dice Cleverclixx skrivajo v sebi nekaj \u010darobnega, saj spodbujajo domi\u0161ljijo otrok. Idealna igra\u010da za kreativno, odprto igro, ki spodbuja domi\u0161ljijo in u\u010denje skozi raziskovanje barv, oblik.\" \/>\n<meta property=\"og:url\" content=\"https:\/\/ajatutaja.com\/izdelek\/magnetne-ploscice-cleverclixx-inventive-pack-intense-110-kom\/\" \/>\n<meta property=\"og:site_name\" content=\"Ajatutaja\" \/>\n<meta property=\"article:modified_time\" content=\"2025-12-18T16:12:37+00:00\" \/>\n<meta property=\"og:image\" content=\"https:\/\/ajatutaja.com\/wp-content\/uploads\/2025\/12\/Cleverclix-magnetne-ploscice-inventive-ajatutaja.webp\" \/>\n\t<meta property=\"og:image:width\" content=\"1080\" \/>\n\t<meta property=\"og:image:height\" content=\"1080\" \/>\n\t<meta property=\"og:image:type\" content=\"image\/webp\" \/>\n<meta name=\"twitter:card\" content=\"summary_large_image\" \/>\n<meta name=\"twitter:label1\" content=\"Procijenjeno vrijeme \u010ditanja\" \/>\n\t<meta name=\"twitter:data1\" content=\"1 minuta\" \/>\n<script type=\"application\/ld+json\" class=\"yoast-schema-graph\">{\"@context\":\"https:\\\/\\\/schema.org\",\"@graph\":[{\"@type\":\"WebPage\",\"@id\":\"https:\\\/\\\/ajatutaja.com\\\/izdelek\\\/magnetne-ploscice-cleverclixx-inventive-pack-intense-110-kom\\\/\",\"url\":\"https:\\\/\\\/ajatutaja.com\\\/izdelek\\\/magnetne-ploscice-cleverclixx-inventive-pack-intense-110-kom\\\/\",\"name\":\"Magnetne plo\u0161\u010dice Cleverclixx\u00ae - Inventive Pack Intense (110 kom) | Ajatutaja\",\"isPartOf\":{\"@id\":\"https:\\\/\\\/ajatutaja.com\\\/#website\"},\"primaryImageOfPage\":{\"@id\":\"https:\\\/\\\/ajatutaja.com\\\/izdelek\\\/magnetne-ploscice-cleverclixx-inventive-pack-intense-110-kom\\\/#primaryimage\"},\"image\":{\"@id\":\"https:\\\/\\\/ajatutaja.com\\\/izdelek\\\/magnetne-ploscice-cleverclixx-inventive-pack-intense-110-kom\\\/#primaryimage\"},\"thumbnailUrl\":\"https:\\\/\\\/ajatutaja.com\\\/wp-content\\\/uploads\\\/2025\\\/12\\\/Cleverclix-magnetne-ploscice-inventive-ajatutaja.webp\",\"datePublished\":\"2025-11-27T14:17:08+00:00\",\"dateModified\":\"2025-12-18T16:12:37+00:00\",\"description\":\"Pisane magnetne plo\u0161\u010dice Cleverclixx skrivajo v sebi nekaj \u010darobnega, saj spodbujajo domi\u0161ljijo otrok. Idealna igra\u010da za kreativno, odprto igro, ki spodbuja domi\u0161ljijo in u\u010denje skozi raziskovanje barv, oblik.\",\"breadcrumb\":{\"@id\":\"https:\\\/\\\/ajatutaja.com\\\/izdelek\\\/magnetne-ploscice-cleverclixx-inventive-pack-intense-110-kom\\\/#breadcrumb\"},\"inLanguage\":\"hr\",\"potentialAction\":[{\"@type\":\"ReadAction\",\"target\":[\"https:\\\/\\\/ajatutaja.com\\\/izdelek\\\/magnetne-ploscice-cleverclixx-inventive-pack-intense-110-kom\\\/\"]}]},{\"@type\":\"ImageObject\",\"inLanguage\":\"hr\",\"@id\":\"https:\\\/\\\/ajatutaja.com\\\/izdelek\\\/magnetne-ploscice-cleverclixx-inventive-pack-intense-110-kom\\\/#primaryimage\",\"url\":\"https:\\\/\\\/ajatutaja.com\\\/wp-content\\\/uploads\\\/2025\\\/12\\\/Cleverclix-magnetne-ploscice-inventive-ajatutaja.webp\",\"contentUrl\":\"https:\\\/\\\/ajatutaja.com\\\/wp-content\\\/uploads\\\/2025\\\/12\\\/Cleverclix-magnetne-ploscice-inventive-ajatutaja.webp\",\"width\":1080,\"height\":1080},{\"@type\":\"BreadcrumbList\",\"@id\":\"https:\\\/\\\/ajatutaja.com\\\/izdelek\\\/magnetne-ploscice-cleverclixx-inventive-pack-intense-110-kom\\\/#breadcrumb\",\"itemListElement\":[{\"@type\":\"ListItem\",\"position\":1,\"name\":\"Home\",\"item\":\"https:\\\/\\\/ajatutaja.com\\\/hr\\\/\"},{\"@type\":\"ListItem\",\"position\":2,\"name\":\"Trgovina\",\"item\":\"https:\\\/\\\/ajatutaja.com\\\/hr\\\/trgovina\\\/\"},{\"@type\":\"ListItem\",\"position\":3,\"name\":\"Magnetne plo\u0161\u010dice Cleverclixx\u00ae &#8211; Inventive Pack Intense (110 kom)\"}]},{\"@type\":\"WebSite\",\"@id\":\"https:\\\/\\\/ajatutaja.com\\\/#website\",\"url\":\"https:\\\/\\\/ajatutaja.com\\\/\",\"name\":\"Ajatutaja\",\"description\":\"Otro\u0161ka spletna trgovina AJATUTAJA\",\"publisher\":{\"@id\":\"https:\\\/\\\/ajatutaja.com\\\/#organization\"},\"potentialAction\":[{\"@type\":\"SearchAction\",\"target\":{\"@type\":\"EntryPoint\",\"urlTemplate\":\"https:\\\/\\\/ajatutaja.com\\\/?s={search_term_string}\"},\"query-input\":{\"@type\":\"PropertyValueSpecification\",\"valueRequired\":true,\"valueName\":\"search_term_string\"}}],\"inLanguage\":\"hr\"},{\"@type\":\"Organization\",\"@id\":\"https:\\\/\\\/ajatutaja.com\\\/#organization\",\"name\":\"Ajatutaja\",\"url\":\"https:\\\/\\\/ajatutaja.com\\\/\",\"logo\":{\"@type\":\"ImageObject\",\"inLanguage\":\"hr\",\"@id\":\"https:\\\/\\\/ajatutaja.com\\\/#\\\/schema\\\/logo\\\/image\\\/\",\"url\":\"https:\\\/\\\/ajatutaja.com\\\/wp-content\\\/uploads\\\/2021\\\/10\\\/logo.png\",\"contentUrl\":\"https:\\\/\\\/ajatutaja.com\\\/wp-content\\\/uploads\\\/2021\\\/10\\\/logo.png\",\"width\":555,\"height\":150,\"caption\":\"Ajatutaja\"},\"image\":{\"@id\":\"https:\\\/\\\/ajatutaja.com\\\/#\\\/schema\\\/logo\\\/image\\\/\"}}]}<\/script>\n<!-- \/ Yoast SEO plugin. -->","yoast_head_json":{"title":"Magnetne plo\u0161\u010dice Cleverclixx\u00ae - Inventive Pack Intense (110 kom) | Ajatutaja","description":"Pisane magnetne plo\u0161\u010dice Cleverclixx skrivajo v sebi nekaj \u010darobnega, saj spodbujajo domi\u0161ljijo otrok. Idealna igra\u010da za kreativno, odprto igro, ki spodbuja domi\u0161ljijo in u\u010denje skozi raziskovanje barv, oblik.","robots":{"index":"index","follow":"follow","max-snippet":"max-snippet:-1","max-image-preview":"max-image-preview:large","max-video-preview":"max-video-preview:-1"},"canonical":"https:\/\/ajatutaja.com\/izdelek\/magnetne-ploscice-cleverclixx-inventive-pack-intense-110-kom\/","og_locale":"hr_HR","og_type":"article","og_title":"Magnetne plo\u0161\u010dice Cleverclixx\u00ae - Inventive Pack Intense (110 kom) | Ajatutaja","og_description":"Pisane magnetne plo\u0161\u010dice Cleverclixx skrivajo v sebi nekaj \u010darobnega, saj spodbujajo domi\u0161ljijo otrok. Idealna igra\u010da za kreativno, odprto igro, ki spodbuja domi\u0161ljijo in u\u010denje skozi raziskovanje barv, oblik.","og_url":"https:\/\/ajatutaja.com\/izdelek\/magnetne-ploscice-cleverclixx-inventive-pack-intense-110-kom\/","og_site_name":"Ajatutaja","article_modified_time":"2025-12-18T16:12:37+00:00","og_image":[{"width":1080,"height":1080,"url":"https:\/\/ajatutaja.com\/wp-content\/uploads\/2025\/12\/Cleverclix-magnetne-ploscice-inventive-ajatutaja.webp","type":"image\/webp"}],"twitter_card":"summary_large_image","twitter_misc":{"Procijenjeno vrijeme \u010ditanja":"1 minuta"},"schema":{"@context":"https:\/\/schema.org","@graph":[{"@type":"WebPage","@id":"https:\/\/ajatutaja.com\/izdelek\/magnetne-ploscice-cleverclixx-inventive-pack-intense-110-kom\/","url":"https:\/\/ajatutaja.com\/izdelek\/magnetne-ploscice-cleverclixx-inventive-pack-intense-110-kom\/","name":"Magnetne plo\u0161\u010dice Cleverclixx\u00ae - Inventive Pack Intense (110 kom) | Ajatutaja","isPartOf":{"@id":"https:\/\/ajatutaja.com\/#website"},"primaryImageOfPage":{"@id":"https:\/\/ajatutaja.com\/izdelek\/magnetne-ploscice-cleverclixx-inventive-pack-intense-110-kom\/#primaryimage"},"image":{"@id":"https:\/\/ajatutaja.com\/izdelek\/magnetne-ploscice-cleverclixx-inventive-pack-intense-110-kom\/#primaryimage"},"thumbnailUrl":"https:\/\/ajatutaja.com\/wp-content\/uploads\/2025\/12\/Cleverclix-magnetne-ploscice-inventive-ajatutaja.webp","datePublished":"2025-11-27T14:17:08+00:00","dateModified":"2025-12-18T16:12:37+00:00","description":"Pisane magnetne plo\u0161\u010dice Cleverclixx skrivajo v sebi nekaj \u010darobnega, saj spodbujajo domi\u0161ljijo otrok. Idealna igra\u010da za kreativno, odprto igro, ki spodbuja domi\u0161ljijo in u\u010denje skozi raziskovanje barv, oblik.","breadcrumb":{"@id":"https:\/\/ajatutaja.com\/izdelek\/magnetne-ploscice-cleverclixx-inventive-pack-intense-110-kom\/#breadcrumb"},"inLanguage":"hr","potentialAction":[{"@type":"ReadAction","target":["https:\/\/ajatutaja.com\/izdelek\/magnetne-ploscice-cleverclixx-inventive-pack-intense-110-kom\/"]}]},{"@type":"ImageObject","inLanguage":"hr","@id":"https:\/\/ajatutaja.com\/izdelek\/magnetne-ploscice-cleverclixx-inventive-pack-intense-110-kom\/#primaryimage","url":"https:\/\/ajatutaja.com\/wp-content\/uploads\/2025\/12\/Cleverclix-magnetne-ploscice-inventive-ajatutaja.webp","contentUrl":"https:\/\/ajatutaja.com\/wp-content\/uploads\/2025\/12\/Cleverclix-magnetne-ploscice-inventive-ajatutaja.webp","width":1080,"height":1080},{"@type":"BreadcrumbList","@id":"https:\/\/ajatutaja.com\/izdelek\/magnetne-ploscice-cleverclixx-inventive-pack-intense-110-kom\/#breadcrumb","itemListElement":[{"@type":"ListItem","position":1,"name":"Home","item":"https:\/\/ajatutaja.com\/hr\/"},{"@type":"ListItem","position":2,"name":"Trgovina","item":"https:\/\/ajatutaja.com\/hr\/trgovina\/"},{"@type":"ListItem","position":3,"name":"Magnetne plo\u0161\u010dice Cleverclixx\u00ae &#8211; Inventive Pack Intense (110 kom)"}]},{"@type":"WebSite","@id":"https:\/\/ajatutaja.com\/#website","url":"https:\/\/ajatutaja.com\/","name":"Ajatutaja","description":"Otro\u0161ka spletna trgovina AJATUTAJA","publisher":{"@id":"https:\/\/ajatutaja.com\/#organization"},"potentialAction":[{"@type":"SearchAction","target":{"@type":"EntryPoint","urlTemplate":"https:\/\/ajatutaja.com\/?s={search_term_string}"},"query-input":{"@type":"PropertyValueSpecification","valueRequired":true,"valueName":"search_term_string"}}],"inLanguage":"hr"},{"@type":"Organization","@id":"https:\/\/ajatutaja.com\/#organization","name":"Ajatutaja","url":"https:\/\/ajatutaja.com\/","logo":{"@type":"ImageObject","inLanguage":"hr","@id":"https:\/\/ajatutaja.com\/#\/schema\/logo\/image\/","url":"https:\/\/ajatutaja.com\/wp-content\/uploads\/2021\/10\/logo.png","contentUrl":"https:\/\/ajatutaja.com\/wp-content\/uploads\/2021\/10\/logo.png","width":555,"height":150,"caption":"Ajatutaja"},"image":{"@id":"https:\/\/ajatutaja.com\/#\/schema\/logo\/image\/"}}]}},"brands":[{"id":6330,"name":"Cleverclixx","slug":"cleverclixx"},{"id":2452,"name":"Igranje","slug":"igranje"}],"_links":{"self":[{"href":"https:\/\/ajatutaja.com\/hr\/wp-json\/wp\/v2\/product\/83515","targetHints":{"allow":["GET"]}}],"collection":[{"href":"https:\/\/ajatutaja.com\/hr\/wp-json\/wp\/v2\/product"}],"about":[{"href":"https:\/\/ajatutaja.com\/hr\/wp-json\/wp\/v2\/types\/product"}],"wp:featuredmedia":[{"embeddable":true,"href":"https:\/\/ajatutaja.com\/hr\/wp-json\/wp\/v2\/media\/83612"}],"wp:attachment":[{"href":"https:\/\/ajatutaja.com\/hr\/wp-json\/wp\/v2\/media?parent=83515"}],"wp:term":[{"taxonomy":"pwb-brand","embeddable":true,"href":"https:\/\/ajatutaja.com\/hr\/wp-json\/wp\/v2\/pwb-brand?post=83515"},{"taxonomy":"product_brand","embeddable":true,"href":"https:\/\/ajatutaja.com\/hr\/wp-json\/wp\/v2\/product_brand?post=83515"},{"taxonomy":"product_cat","embeddable":true,"href":"https:\/\/ajatutaja.com\/hr\/wp-json\/wp\/v2\/product_cat?post=83515"},{"taxonomy":"product_tag","embeddable":true,"href":"https:\/\/ajatutaja.com\/hr\/wp-json\/wp\/v2\/product_tag?post=83515"}],"curies":[{"name":"wp","href":"https:\/\/api.w.org\/{rel}","templated":true}]}}