{"id":83225,"date":"2025-08-26T11:43:50","date_gmt":"2025-08-26T09:43:50","guid":{"rendered":"https:\/\/ajatutaja.com\/?post_type=product&#038;p=83225"},"modified":"2026-02-01T08:44:51","modified_gmt":"2026-02-01T07:44:51","slug":"joie-i-pivot-360-otroski-avtosedez-i-size-0-1-40-105-cm-oak","status":"publish","type":"product","link":"https:\/\/ajatutaja.com\/hr\/proizvod\/joie-i-pivot-360-otroski-avtosedez-i-size-0-1-40-105-cm-oak\/","title":{"rendered":"Joie\u00ae i-Pivot\u2122 360 otro\u0161ki avtosede\u017e i-Size 0+\/1 (40-105 cm) &#8211; Oak"},"content":{"rendered":"<p>[vc_row][vc_column][vc_column_text]<\/p>\n<p style=\"text-align: justify\">Otro\u0161ki avtosede\u017e i-Pivot\u2122 360 i-Size izpolnjuje stroge zahteve i-Size R129 varnostnega standarda, kar pomeni, da nudi vrhunsko za\u0161\u010dito mal\u010dkov med vo\u017enjo. Inovativna tehnologija Guard Surround Safety\u2122 poskrbi za napredno bo\u010dno za\u0161\u010dito, saj u\u010dinkovito absorbira sile ob morebitnih trkih in varuje najbolj ob\u010dutljive dele otrokovega telesa, vklju\u010dno z glavo, vratom in boki. Dodatno varnost zagotavlja oja\u010dana konstrukcija, ki je zasnovana tako, da ostane stabilna tudi ob nenadnih zaviranjih ali ostrih ovinkih. Ergonomsko oblikovan sede\u017e je opremljen z mehkim oblazinjenjem in materiali, ki dihajo, kar zagotavlja udobje tudi med dalj\u0161imi potovanji.<\/p>\n<h3>Otro\u0161ki avtosede\u017e Joie\u00ae i-Pivot\u2122 360 ima naslednje lastnosti:<\/h3>\n<ul>\n<li>Primeren za vo\u017enjo v nasprotni smeri od rojstva do 105 cm, pribli\u017eno 4 leta<\/li>\n<li>Primeren za vo\u017enjo v smeri vo\u017enje od 76 cm in 15 mesecev do 105 cm, pribli\u017eno 4 leta<\/li>\n<li>Namestitev avtosede\u017ea z Isofix sistemom<\/li>\n<li>Pripenjanje otroka s 5-to\u010dkovnim varnostnim pasom avtosede\u017ea<\/li>\n<li>Avtosede\u017e z integrirano vrtljivo Isofix bazo z oporno nogo<\/li>\n<li>Oporna noga zagotavlja stabilno namestitev z 10\u00a0polo\u017eaji<\/li>\n<li>Barvni indikatorji za hitro, pravilno in varno namestitev na Isofix sistem<\/li>\n<li>Barvni indikatorji na oporni nogi in Isofix-u zmanj\u0161ajo mo\u017enost napa\u010dne uporabe<\/li>\n<li>Cona v oporni nogi za dodatno stabilnost absorbira silo in zmanj\u0161a energijo na otroka<\/li>\n<li>Enostavno dosegljiv sistem za \u0161e la\u017eje obra\u010danje sede\u017ea<\/li>\n<li>On-the-go recline\u2122 omogo\u010da 5\u00a0polo\u017eajev naklona sede\u017ea<\/li>\n<li>Vzdr\u017eljivi materiali za doseganje optimalne za\u0161\u010dite<\/li>\n<li>Za\u0161\u010ditni elementi omogo\u010dajo popolno za\u0161\u010dito pred stranskimi udarci in zagotavljajo dodatno varnost glave, telesa in bokov<\/li>\n<li>Grow Together\u2122 omogo\u010da prilagoditev 6 polo\u017eajev po vi\u0161ini nastavljivega vzglavnika, ko zategnemo 5-to\u010dkovni varnostni pas<\/li>\n<li>\u00bbGrow-with-me\u00ab \u00a0fleksibilni vlo\u017eek za popolno prileganje majhnemu otroku vklju\u010duje podporo za dojen\u010dkovo glavico, podporo za dojen\u010dkovo telo in podporo za bolj\u0161i naklon<\/li>\n<li>Tri-Protect\u2122 naslon za glavo zagotavlja varnost z dodatnimi tremi plastmi, vklju\u010dujo\u010d Intelli-Fit\u2122 spominsko peno<\/li>\n<li>5-to\u010dkovni varnostni pas z mehkim oblazinjenjem na podro\u010dju ramen in spodnjega zati\u010da<\/li>\n<li>Zra\u010dni materiali izbolj\u0161ujejo pretok zraka<\/li>\n<li>Odprtine za zra\u010denje na stranskem delu avtosede\u017ea<\/li>\n<li>Udobno oblazinjenje in prijetne tkanine<\/li>\n<li>Pralna in odstranljiva prevleka za la\u017eje in enostavnej\u0161e vzdr\u017eevanje<\/li>\n<li>Smart Ride\u2122\u00a0zanesljiv sistem, ki zagotavlja dodatno varnost in omogo\u010da uporabo vzvratnega avtosede\u017ea do starostnega obdobja, ko je za otroka varno, da se za\u010dne voziti obrnjen v samo smer vo\u017enje<\/li>\n<\/ul>\n<p><strong>Dimenzije in te\u017ea avtosede\u017ea:<\/strong><\/p>\n<ul>\n<li>Dimenzije naprej obrnjenega avtosede\u017ea: 62.77 x 44 x 55.7-65.3 cm<\/li>\n<li>Te\u017ea: 10,97 kg<\/li>\n<\/ul>\n<p><strong>Testi in certifikati:<\/strong><\/p>\n<ul>\n<li>Joie\u00ae i-Pivot\u2122 360 je testiran po standardu ECE R129\/03<\/li>\n<\/ul>\n<p>[\/vc_column_text][\/vc_column][\/vc_row]<\/p>\n","protected":false},"excerpt":{"rendered":"<p style=\"text-align: justify\">Otro\u0161ki avtosede\u017e i-Pivot\u2122 360 i-Size je naprej ali nazaj obrnjen avtosede\u017e, ki omogo\u010da vzvratno vo\u017enjo ali vo\u017enjo v smeri vo\u017enje avtomobila. Otro\u0161ki avtosede\u017e lahko namestite le v avtomobile, ki so opremljeni z IsoFix sistemom.<\/p>\n","protected":false},"featured_media":83226,"template":"","meta":[],"pwb-brand":[2351,2353],"product_brand":[],"product_cat":[2339,4473,2341,4476],"product_tag":[4073,4193,5712],"class_list":{"0":"post-83225","1":"product","2":"type-product","3":"status-publish","4":"has-post-thumbnail","6":"pwb-brand-avtosedezi","7":"pwb-brand-joie","8":"product_cat-avtosedezi","9":"product_cat-i-size-40-105-cm","10":"product_cat-skupina-0-1-0-18-kg","11":"product_cat-vrtljivi-avtosedezi","12":"product_tag-joie","13":"product_tag-joie-avtosedezi","14":"product_tag-joie-i-pivot","16":"first","17":"instock","18":"taxable","19":"shipping-taxable","20":"purchasable","21":"product-type-simple","22":"add-to-wishlist-before_image"},"yoast_head":"<!-- This site is optimized with the Yoast SEO plugin v27.3 - https:\/\/yoast.com\/product\/yoast-seo-wordpress\/ -->\n<title>Joie\u00ae i-Pivot\u2122 360 otro\u0161ki avtosede\u017e i-Size 0+\/1 (40-105 cm) - Oak | Ajatutaja<\/title>\n<meta name=\"description\" content=\"Otro\u0161ki avtosede\u017e i-Pivot\u2122 360 i-Size je naprej ali nazaj obrnjen avtosede\u017e, ki omogo\u010da vzvratno vo\u017enjo ali vo\u017enjo v smeri vo\u017enje avtomobila.\" \/>\n<meta name=\"robots\" content=\"index, follow, max-snippet:-1, max-image-preview:large, max-video-preview:-1\" \/>\n<link rel=\"canonical\" href=\"https:\/\/ajatutaja.com\/izdelek\/joie-i-pivot-360-otroski-avtosedez-i-size-0-1-40-105-cm-oak\/\" \/>\n<meta property=\"og:locale\" content=\"hr_HR\" \/>\n<meta property=\"og:type\" content=\"article\" \/>\n<meta property=\"og:title\" content=\"Joie\u00ae i-Pivot\u2122 360 otro\u0161ki avtosede\u017e i-Size 0+\/1 (40-105 cm) - Oak | Ajatutaja\" \/>\n<meta property=\"og:description\" content=\"Otro\u0161ki avtosede\u017e i-Pivot\u2122 360 i-Size je naprej ali nazaj obrnjen avtosede\u017e, ki omogo\u010da vzvratno vo\u017enjo ali vo\u017enjo v smeri vo\u017enje avtomobila.\" \/>\n<meta property=\"og:url\" content=\"https:\/\/ajatutaja.com\/izdelek\/joie-i-pivot-360-otroski-avtosedez-i-size-0-1-40-105-cm-oak\/\" \/>\n<meta property=\"og:site_name\" content=\"Ajatutaja\" \/>\n<meta property=\"article:modified_time\" content=\"2026-02-01T07:44:51+00:00\" \/>\n<meta property=\"og:image\" content=\"https:\/\/ajatutaja.com\/wp-content\/uploads\/2025\/11\/Otroski-avtosedez-Joie-i-pivot-360-oak-1.webp\" \/>\n\t<meta property=\"og:image:width\" content=\"1200\" \/>\n\t<meta property=\"og:image:height\" content=\"1200\" \/>\n\t<meta property=\"og:image:type\" content=\"image\/webp\" \/>\n<meta name=\"twitter:card\" content=\"summary_large_image\" \/>\n<meta name=\"twitter:label1\" content=\"Procijenjeno vrijeme \u010ditanja\" \/>\n\t<meta name=\"twitter:data1\" content=\"2 minute\" \/>\n<script type=\"application\/ld+json\" class=\"yoast-schema-graph\">{\"@context\":\"https:\\\/\\\/schema.org\",\"@graph\":[{\"@type\":\"WebPage\",\"@id\":\"https:\\\/\\\/ajatutaja.com\\\/izdelek\\\/joie-i-pivot-360-otroski-avtosedez-i-size-0-1-40-105-cm-oak\\\/\",\"url\":\"https:\\\/\\\/ajatutaja.com\\\/izdelek\\\/joie-i-pivot-360-otroski-avtosedez-i-size-0-1-40-105-cm-oak\\\/\",\"name\":\"Joie\u00ae i-Pivot\u2122 360 otro\u0161ki avtosede\u017e i-Size 0+\\\/1 (40-105 cm) - Oak | Ajatutaja\",\"isPartOf\":{\"@id\":\"https:\\\/\\\/ajatutaja.com\\\/#website\"},\"primaryImageOfPage\":{\"@id\":\"https:\\\/\\\/ajatutaja.com\\\/izdelek\\\/joie-i-pivot-360-otroski-avtosedez-i-size-0-1-40-105-cm-oak\\\/#primaryimage\"},\"image\":{\"@id\":\"https:\\\/\\\/ajatutaja.com\\\/izdelek\\\/joie-i-pivot-360-otroski-avtosedez-i-size-0-1-40-105-cm-oak\\\/#primaryimage\"},\"thumbnailUrl\":\"https:\\\/\\\/ajatutaja.com\\\/wp-content\\\/uploads\\\/2025\\\/11\\\/Otroski-avtosedez-Joie-i-pivot-360-oak-1.webp\",\"datePublished\":\"2025-08-26T09:43:50+00:00\",\"dateModified\":\"2026-02-01T07:44:51+00:00\",\"description\":\"Otro\u0161ki avtosede\u017e i-Pivot\u2122 360 i-Size je naprej ali nazaj obrnjen avtosede\u017e, ki omogo\u010da vzvratno vo\u017enjo ali vo\u017enjo v smeri vo\u017enje avtomobila.\",\"breadcrumb\":{\"@id\":\"https:\\\/\\\/ajatutaja.com\\\/izdelek\\\/joie-i-pivot-360-otroski-avtosedez-i-size-0-1-40-105-cm-oak\\\/#breadcrumb\"},\"inLanguage\":\"hr\",\"potentialAction\":[{\"@type\":\"ReadAction\",\"target\":[\"https:\\\/\\\/ajatutaja.com\\\/izdelek\\\/joie-i-pivot-360-otroski-avtosedez-i-size-0-1-40-105-cm-oak\\\/\"]}]},{\"@type\":\"ImageObject\",\"inLanguage\":\"hr\",\"@id\":\"https:\\\/\\\/ajatutaja.com\\\/izdelek\\\/joie-i-pivot-360-otroski-avtosedez-i-size-0-1-40-105-cm-oak\\\/#primaryimage\",\"url\":\"https:\\\/\\\/ajatutaja.com\\\/wp-content\\\/uploads\\\/2025\\\/11\\\/Otroski-avtosedez-Joie-i-pivot-360-oak-1.webp\",\"contentUrl\":\"https:\\\/\\\/ajatutaja.com\\\/wp-content\\\/uploads\\\/2025\\\/11\\\/Otroski-avtosedez-Joie-i-pivot-360-oak-1.webp\",\"width\":1200,\"height\":1200},{\"@type\":\"BreadcrumbList\",\"@id\":\"https:\\\/\\\/ajatutaja.com\\\/izdelek\\\/joie-i-pivot-360-otroski-avtosedez-i-size-0-1-40-105-cm-oak\\\/#breadcrumb\",\"itemListElement\":[{\"@type\":\"ListItem\",\"position\":1,\"name\":\"Home\",\"item\":\"https:\\\/\\\/ajatutaja.com\\\/hr\\\/\"},{\"@type\":\"ListItem\",\"position\":2,\"name\":\"Trgovina\",\"item\":\"https:\\\/\\\/ajatutaja.com\\\/hr\\\/trgovina\\\/\"},{\"@type\":\"ListItem\",\"position\":3,\"name\":\"Joie\u00ae i-Pivot\u2122 360 otro\u0161ki avtosede\u017e i-Size 0+\\\/1 (40-105 cm) &#8211; Oak\"}]},{\"@type\":\"WebSite\",\"@id\":\"https:\\\/\\\/ajatutaja.com\\\/#website\",\"url\":\"https:\\\/\\\/ajatutaja.com\\\/\",\"name\":\"Ajatutaja\",\"description\":\"Otro\u0161ka spletna trgovina AJATUTAJA\",\"publisher\":{\"@id\":\"https:\\\/\\\/ajatutaja.com\\\/#organization\"},\"potentialAction\":[{\"@type\":\"SearchAction\",\"target\":{\"@type\":\"EntryPoint\",\"urlTemplate\":\"https:\\\/\\\/ajatutaja.com\\\/?s={search_term_string}\"},\"query-input\":{\"@type\":\"PropertyValueSpecification\",\"valueRequired\":true,\"valueName\":\"search_term_string\"}}],\"inLanguage\":\"hr\"},{\"@type\":\"Organization\",\"@id\":\"https:\\\/\\\/ajatutaja.com\\\/#organization\",\"name\":\"Ajatutaja\",\"url\":\"https:\\\/\\\/ajatutaja.com\\\/\",\"logo\":{\"@type\":\"ImageObject\",\"inLanguage\":\"hr\",\"@id\":\"https:\\\/\\\/ajatutaja.com\\\/#\\\/schema\\\/logo\\\/image\\\/\",\"url\":\"https:\\\/\\\/ajatutaja.com\\\/wp-content\\\/uploads\\\/2021\\\/10\\\/logo.png\",\"contentUrl\":\"https:\\\/\\\/ajatutaja.com\\\/wp-content\\\/uploads\\\/2021\\\/10\\\/logo.png\",\"width\":555,\"height\":150,\"caption\":\"Ajatutaja\"},\"image\":{\"@id\":\"https:\\\/\\\/ajatutaja.com\\\/#\\\/schema\\\/logo\\\/image\\\/\"}}]}<\/script>\n<!-- \/ Yoast SEO plugin. -->","yoast_head_json":{"title":"Joie\u00ae i-Pivot\u2122 360 otro\u0161ki avtosede\u017e i-Size 0+\/1 (40-105 cm) - Oak | Ajatutaja","description":"Otro\u0161ki avtosede\u017e i-Pivot\u2122 360 i-Size je naprej ali nazaj obrnjen avtosede\u017e, ki omogo\u010da vzvratno vo\u017enjo ali vo\u017enjo v smeri vo\u017enje avtomobila.","robots":{"index":"index","follow":"follow","max-snippet":"max-snippet:-1","max-image-preview":"max-image-preview:large","max-video-preview":"max-video-preview:-1"},"canonical":"https:\/\/ajatutaja.com\/izdelek\/joie-i-pivot-360-otroski-avtosedez-i-size-0-1-40-105-cm-oak\/","og_locale":"hr_HR","og_type":"article","og_title":"Joie\u00ae i-Pivot\u2122 360 otro\u0161ki avtosede\u017e i-Size 0+\/1 (40-105 cm) - Oak | Ajatutaja","og_description":"Otro\u0161ki avtosede\u017e i-Pivot\u2122 360 i-Size je naprej ali nazaj obrnjen avtosede\u017e, ki omogo\u010da vzvratno vo\u017enjo ali vo\u017enjo v smeri vo\u017enje avtomobila.","og_url":"https:\/\/ajatutaja.com\/izdelek\/joie-i-pivot-360-otroski-avtosedez-i-size-0-1-40-105-cm-oak\/","og_site_name":"Ajatutaja","article_modified_time":"2026-02-01T07:44:51+00:00","og_image":[{"width":1200,"height":1200,"url":"https:\/\/ajatutaja.com\/wp-content\/uploads\/2025\/11\/Otroski-avtosedez-Joie-i-pivot-360-oak-1.webp","type":"image\/webp"}],"twitter_card":"summary_large_image","twitter_misc":{"Procijenjeno vrijeme \u010ditanja":"2 minute"},"schema":{"@context":"https:\/\/schema.org","@graph":[{"@type":"WebPage","@id":"https:\/\/ajatutaja.com\/izdelek\/joie-i-pivot-360-otroski-avtosedez-i-size-0-1-40-105-cm-oak\/","url":"https:\/\/ajatutaja.com\/izdelek\/joie-i-pivot-360-otroski-avtosedez-i-size-0-1-40-105-cm-oak\/","name":"Joie\u00ae i-Pivot\u2122 360 otro\u0161ki avtosede\u017e i-Size 0+\/1 (40-105 cm) - Oak | Ajatutaja","isPartOf":{"@id":"https:\/\/ajatutaja.com\/#website"},"primaryImageOfPage":{"@id":"https:\/\/ajatutaja.com\/izdelek\/joie-i-pivot-360-otroski-avtosedez-i-size-0-1-40-105-cm-oak\/#primaryimage"},"image":{"@id":"https:\/\/ajatutaja.com\/izdelek\/joie-i-pivot-360-otroski-avtosedez-i-size-0-1-40-105-cm-oak\/#primaryimage"},"thumbnailUrl":"https:\/\/ajatutaja.com\/wp-content\/uploads\/2025\/11\/Otroski-avtosedez-Joie-i-pivot-360-oak-1.webp","datePublished":"2025-08-26T09:43:50+00:00","dateModified":"2026-02-01T07:44:51+00:00","description":"Otro\u0161ki avtosede\u017e i-Pivot\u2122 360 i-Size je naprej ali nazaj obrnjen avtosede\u017e, ki omogo\u010da vzvratno vo\u017enjo ali vo\u017enjo v smeri vo\u017enje avtomobila.","breadcrumb":{"@id":"https:\/\/ajatutaja.com\/izdelek\/joie-i-pivot-360-otroski-avtosedez-i-size-0-1-40-105-cm-oak\/#breadcrumb"},"inLanguage":"hr","potentialAction":[{"@type":"ReadAction","target":["https:\/\/ajatutaja.com\/izdelek\/joie-i-pivot-360-otroski-avtosedez-i-size-0-1-40-105-cm-oak\/"]}]},{"@type":"ImageObject","inLanguage":"hr","@id":"https:\/\/ajatutaja.com\/izdelek\/joie-i-pivot-360-otroski-avtosedez-i-size-0-1-40-105-cm-oak\/#primaryimage","url":"https:\/\/ajatutaja.com\/wp-content\/uploads\/2025\/11\/Otroski-avtosedez-Joie-i-pivot-360-oak-1.webp","contentUrl":"https:\/\/ajatutaja.com\/wp-content\/uploads\/2025\/11\/Otroski-avtosedez-Joie-i-pivot-360-oak-1.webp","width":1200,"height":1200},{"@type":"BreadcrumbList","@id":"https:\/\/ajatutaja.com\/izdelek\/joie-i-pivot-360-otroski-avtosedez-i-size-0-1-40-105-cm-oak\/#breadcrumb","itemListElement":[{"@type":"ListItem","position":1,"name":"Home","item":"https:\/\/ajatutaja.com\/hr\/"},{"@type":"ListItem","position":2,"name":"Trgovina","item":"https:\/\/ajatutaja.com\/hr\/trgovina\/"},{"@type":"ListItem","position":3,"name":"Joie\u00ae i-Pivot\u2122 360 otro\u0161ki avtosede\u017e i-Size 0+\/1 (40-105 cm) &#8211; Oak"}]},{"@type":"WebSite","@id":"https:\/\/ajatutaja.com\/#website","url":"https:\/\/ajatutaja.com\/","name":"Ajatutaja","description":"Otro\u0161ka spletna trgovina AJATUTAJA","publisher":{"@id":"https:\/\/ajatutaja.com\/#organization"},"potentialAction":[{"@type":"SearchAction","target":{"@type":"EntryPoint","urlTemplate":"https:\/\/ajatutaja.com\/?s={search_term_string}"},"query-input":{"@type":"PropertyValueSpecification","valueRequired":true,"valueName":"search_term_string"}}],"inLanguage":"hr"},{"@type":"Organization","@id":"https:\/\/ajatutaja.com\/#organization","name":"Ajatutaja","url":"https:\/\/ajatutaja.com\/","logo":{"@type":"ImageObject","inLanguage":"hr","@id":"https:\/\/ajatutaja.com\/#\/schema\/logo\/image\/","url":"https:\/\/ajatutaja.com\/wp-content\/uploads\/2021\/10\/logo.png","contentUrl":"https:\/\/ajatutaja.com\/wp-content\/uploads\/2021\/10\/logo.png","width":555,"height":150,"caption":"Ajatutaja"},"image":{"@id":"https:\/\/ajatutaja.com\/#\/schema\/logo\/image\/"}}]}},"brands":[{"id":2351,"name":"Avtosede\u017ei","slug":"avtosedezi"},{"id":2353,"name":"Joie","slug":"joie"}],"_links":{"self":[{"href":"https:\/\/ajatutaja.com\/hr\/wp-json\/wp\/v2\/product\/83225","targetHints":{"allow":["GET"]}}],"collection":[{"href":"https:\/\/ajatutaja.com\/hr\/wp-json\/wp\/v2\/product"}],"about":[{"href":"https:\/\/ajatutaja.com\/hr\/wp-json\/wp\/v2\/types\/product"}],"wp:featuredmedia":[{"embeddable":true,"href":"https:\/\/ajatutaja.com\/hr\/wp-json\/wp\/v2\/media\/83226"}],"wp:attachment":[{"href":"https:\/\/ajatutaja.com\/hr\/wp-json\/wp\/v2\/media?parent=83225"}],"wp:term":[{"taxonomy":"pwb-brand","embeddable":true,"href":"https:\/\/ajatutaja.com\/hr\/wp-json\/wp\/v2\/pwb-brand?post=83225"},{"taxonomy":"product_brand","embeddable":true,"href":"https:\/\/ajatutaja.com\/hr\/wp-json\/wp\/v2\/product_brand?post=83225"},{"taxonomy":"product_cat","embeddable":true,"href":"https:\/\/ajatutaja.com\/hr\/wp-json\/wp\/v2\/product_cat?post=83225"},{"taxonomy":"product_tag","embeddable":true,"href":"https:\/\/ajatutaja.com\/hr\/wp-json\/wp\/v2\/product_tag?post=83225"}],"curies":[{"name":"wp","href":"https:\/\/api.w.org\/{rel}","templated":true}]}}