{"id":82533,"date":"2025-11-11T13:48:54","date_gmt":"2025-11-11T12:48:54","guid":{"rendered":"https:\/\/ajatutaja.com\/?post_type=product&#038;p=82533"},"modified":"2026-04-09T11:42:32","modified_gmt":"2026-04-09T09:42:32","slug":"lesen-magnetni-labirint-trixie","status":"publish","type":"product","link":"https:\/\/ajatutaja.com\/hr\/proizvod\/lesen-magnetni-labirint-trixie\/","title":{"rendered":"Lesen magnetni labirint Trixie"},"content":{"rendered":"<p>[vc_row][vc_column][vc_column_text]Leseni magnetni labirint otroke spodbuja k raziskovanju in igri z barvnimi kroglicami, ki jih s pomo\u010djo magnetnega peresa usmerjajo na pravo mesto. Med premikanjem kroglic mal\u010dki razvijajo koncentracijo, koordinacijo oko\u2013roka in fino motoriko, hkrati pa se u\u010dijo potrpe\u017eljivosti in re\u0161evanja izzivov. Zaradi kompaktne velikosti je labirint idealen za igro doma, na poti ali na obisku. Posebej je zasnovan za male rokice in primeren za otroke \u017ee od 2. leta starosti naprej. Labirint je izdelan iz FSC\u00ae certificirane vezane plo\u0161\u010de in pobarvan z nestrupenimi, otroku varnimi barvami. Kakovostna izdelava zagotavlja trajnost, varnost in dolgo \u017eivljenjsko dobo igra\u010de.<\/p>\n<h3>Lastnosti Trixie magnetnega labirinta:<\/h3>\n<ul>\n<li>Magnetni labirint spodbuja razvoj koncentracije, fine motorike in koordinacije oko\u2013roka<\/li>\n<li>Otrok s pomo\u010djo magnetnega peresa vodi barvne kroglice na prava mesta in premaguje razli\u010dne ovire.<\/li>\n<li>Kompaktna velikost omogo\u010da, da je igra\u010da priro\u010dna za igro doma ali na poti<\/li>\n<li>Primeren je za otroke od 2. leta starosti dalje<\/li>\n<li>Dimenzije \u0161katle: 25&#215;2.1&#215;27.5<\/li>\n<li>Material: 100 % FSC\u00ae certificirane vezane plo\u0161\u010de<\/li>\n<li>\u010ci\u0161\u010denje z mehko in vla\u017eno krpo<\/li>\n<li>Priporo\u010deno \u010di\u0161\u010denje z mehko in vla\u017eno krpo<\/li>\n<\/ul>\n<p>[\/vc_column_text][\/vc_column][\/vc_row]<\/p>\n","protected":false},"excerpt":{"rendered":"<p style=\"text-align: justify\">Lesen magnetni labirint Trixie je zabavna izobra\u017eevalna igra\u010da, ki otrokom pomaga pri razvoju koncentracije in fine motorike. S pomo\u010djo magnetnega peresa mal\u010dki vodijo barvne kroglice po poti in premagujejo razli\u010dne ovire.<\/p>\n","protected":false},"featured_media":82537,"template":"","meta":[],"pwb-brand":[2452,2464],"product_brand":[],"product_cat":[3991,2441,2362,2443],"product_tag":[4275],"class_list":{"0":"post-82533","1":"product","2":"type-product","3":"status-publish","4":"has-post-thumbnail","6":"pwb-brand-igranje","7":"pwb-brand-trixie-igranje","8":"product_cat-24-mesecev-igrace","9":"product_cat-aktivnostne-igrace","10":"product_cat-igranje","11":"product_cat-lesene-igrace","12":"product_tag-trixie","14":"first","15":"outofstock","16":"taxable","17":"shipping-taxable","18":"purchasable","19":"product-type-simple","20":"add-to-wishlist-before_image"},"yoast_head":"<!-- This site is optimized with the Yoast SEO plugin v27.3 - https:\/\/yoast.com\/product\/yoast-seo-wordpress\/ -->\n<title>Lesen magnetni labirint Trixie | Ajatutaja<\/title>\n<meta name=\"description\" content=\"Lesen magnetni labirint Trixie je zabavna izobra\u017eevalna igra\u010da, ki otrokom pomaga pri razvoju koncentracije in fine motorike.\" \/>\n<meta name=\"robots\" content=\"index, follow, max-snippet:-1, max-image-preview:large, max-video-preview:-1\" \/>\n<link rel=\"canonical\" href=\"https:\/\/ajatutaja.com\/izdelek\/lesen-magnetni-labirint-trixie\/\" \/>\n<meta property=\"og:locale\" content=\"hr_HR\" \/>\n<meta property=\"og:type\" content=\"article\" \/>\n<meta property=\"og:title\" content=\"Lesen magnetni labirint Trixie | Ajatutaja\" \/>\n<meta property=\"og:description\" content=\"Lesen magnetni labirint Trixie je zabavna izobra\u017eevalna igra\u010da, ki otrokom pomaga pri razvoju koncentracije in fine motorike.\" \/>\n<meta property=\"og:url\" content=\"https:\/\/ajatutaja.com\/izdelek\/lesen-magnetni-labirint-trixie\/\" \/>\n<meta property=\"og:site_name\" content=\"Ajatutaja\" \/>\n<meta property=\"article:modified_time\" content=\"2026-04-09T09:42:32+00:00\" \/>\n<meta property=\"og:image\" content=\"https:\/\/ajatutaja.com\/wp-content\/uploads\/2025\/11\/Lesen-magnetni-labirint-trixie-1.jpg\" \/>\n\t<meta property=\"og:image:width\" content=\"1800\" \/>\n\t<meta property=\"og:image:height\" content=\"1800\" \/>\n\t<meta property=\"og:image:type\" content=\"image\/jpeg\" \/>\n<meta name=\"twitter:card\" content=\"summary_large_image\" \/>\n<meta name=\"twitter:label1\" content=\"Procijenjeno vrijeme \u010ditanja\" \/>\n\t<meta name=\"twitter:data1\" content=\"1 minuta\" \/>\n<script type=\"application\/ld+json\" class=\"yoast-schema-graph\">{\"@context\":\"https:\\\/\\\/schema.org\",\"@graph\":[{\"@type\":\"WebPage\",\"@id\":\"https:\\\/\\\/ajatutaja.com\\\/izdelek\\\/lesen-magnetni-labirint-trixie\\\/\",\"url\":\"https:\\\/\\\/ajatutaja.com\\\/izdelek\\\/lesen-magnetni-labirint-trixie\\\/\",\"name\":\"Lesen magnetni labirint Trixie | Ajatutaja\",\"isPartOf\":{\"@id\":\"https:\\\/\\\/ajatutaja.com\\\/#website\"},\"primaryImageOfPage\":{\"@id\":\"https:\\\/\\\/ajatutaja.com\\\/izdelek\\\/lesen-magnetni-labirint-trixie\\\/#primaryimage\"},\"image\":{\"@id\":\"https:\\\/\\\/ajatutaja.com\\\/izdelek\\\/lesen-magnetni-labirint-trixie\\\/#primaryimage\"},\"thumbnailUrl\":\"https:\\\/\\\/ajatutaja.com\\\/wp-content\\\/uploads\\\/2025\\\/11\\\/Lesen-magnetni-labirint-trixie-1.jpg\",\"datePublished\":\"2025-11-11T12:48:54+00:00\",\"dateModified\":\"2026-04-09T09:42:32+00:00\",\"description\":\"Lesen magnetni labirint Trixie je zabavna izobra\u017eevalna igra\u010da, ki otrokom pomaga pri razvoju koncentracije in fine motorike.\",\"breadcrumb\":{\"@id\":\"https:\\\/\\\/ajatutaja.com\\\/izdelek\\\/lesen-magnetni-labirint-trixie\\\/#breadcrumb\"},\"inLanguage\":\"hr\",\"potentialAction\":[{\"@type\":\"ReadAction\",\"target\":[\"https:\\\/\\\/ajatutaja.com\\\/izdelek\\\/lesen-magnetni-labirint-trixie\\\/\"]}]},{\"@type\":\"ImageObject\",\"inLanguage\":\"hr\",\"@id\":\"https:\\\/\\\/ajatutaja.com\\\/izdelek\\\/lesen-magnetni-labirint-trixie\\\/#primaryimage\",\"url\":\"https:\\\/\\\/ajatutaja.com\\\/wp-content\\\/uploads\\\/2025\\\/11\\\/Lesen-magnetni-labirint-trixie-1.jpg\",\"contentUrl\":\"https:\\\/\\\/ajatutaja.com\\\/wp-content\\\/uploads\\\/2025\\\/11\\\/Lesen-magnetni-labirint-trixie-1.jpg\",\"width\":1800,\"height\":1800},{\"@type\":\"BreadcrumbList\",\"@id\":\"https:\\\/\\\/ajatutaja.com\\\/izdelek\\\/lesen-magnetni-labirint-trixie\\\/#breadcrumb\",\"itemListElement\":[{\"@type\":\"ListItem\",\"position\":1,\"name\":\"Home\",\"item\":\"https:\\\/\\\/ajatutaja.com\\\/hr\\\/\"},{\"@type\":\"ListItem\",\"position\":2,\"name\":\"Trgovina\",\"item\":\"https:\\\/\\\/ajatutaja.com\\\/hr\\\/trgovina\\\/\"},{\"@type\":\"ListItem\",\"position\":3,\"name\":\"Lesen magnetni labirint Trixie\"}]},{\"@type\":\"WebSite\",\"@id\":\"https:\\\/\\\/ajatutaja.com\\\/#website\",\"url\":\"https:\\\/\\\/ajatutaja.com\\\/\",\"name\":\"Ajatutaja\",\"description\":\"Otro\u0161ka spletna trgovina AJATUTAJA\",\"publisher\":{\"@id\":\"https:\\\/\\\/ajatutaja.com\\\/#organization\"},\"potentialAction\":[{\"@type\":\"SearchAction\",\"target\":{\"@type\":\"EntryPoint\",\"urlTemplate\":\"https:\\\/\\\/ajatutaja.com\\\/?s={search_term_string}\"},\"query-input\":{\"@type\":\"PropertyValueSpecification\",\"valueRequired\":true,\"valueName\":\"search_term_string\"}}],\"inLanguage\":\"hr\"},{\"@type\":\"Organization\",\"@id\":\"https:\\\/\\\/ajatutaja.com\\\/#organization\",\"name\":\"Ajatutaja\",\"url\":\"https:\\\/\\\/ajatutaja.com\\\/\",\"logo\":{\"@type\":\"ImageObject\",\"inLanguage\":\"hr\",\"@id\":\"https:\\\/\\\/ajatutaja.com\\\/#\\\/schema\\\/logo\\\/image\\\/\",\"url\":\"https:\\\/\\\/ajatutaja.com\\\/wp-content\\\/uploads\\\/2021\\\/10\\\/logo.png\",\"contentUrl\":\"https:\\\/\\\/ajatutaja.com\\\/wp-content\\\/uploads\\\/2021\\\/10\\\/logo.png\",\"width\":555,\"height\":150,\"caption\":\"Ajatutaja\"},\"image\":{\"@id\":\"https:\\\/\\\/ajatutaja.com\\\/#\\\/schema\\\/logo\\\/image\\\/\"}}]}<\/script>\n<!-- \/ Yoast SEO plugin. -->","yoast_head_json":{"title":"Lesen magnetni labirint Trixie | Ajatutaja","description":"Lesen magnetni labirint Trixie je zabavna izobra\u017eevalna igra\u010da, ki otrokom pomaga pri razvoju koncentracije in fine motorike.","robots":{"index":"index","follow":"follow","max-snippet":"max-snippet:-1","max-image-preview":"max-image-preview:large","max-video-preview":"max-video-preview:-1"},"canonical":"https:\/\/ajatutaja.com\/izdelek\/lesen-magnetni-labirint-trixie\/","og_locale":"hr_HR","og_type":"article","og_title":"Lesen magnetni labirint Trixie | Ajatutaja","og_description":"Lesen magnetni labirint Trixie je zabavna izobra\u017eevalna igra\u010da, ki otrokom pomaga pri razvoju koncentracije in fine motorike.","og_url":"https:\/\/ajatutaja.com\/izdelek\/lesen-magnetni-labirint-trixie\/","og_site_name":"Ajatutaja","article_modified_time":"2026-04-09T09:42:32+00:00","og_image":[{"width":1800,"height":1800,"url":"https:\/\/ajatutaja.com\/wp-content\/uploads\/2025\/11\/Lesen-magnetni-labirint-trixie-1.jpg","type":"image\/jpeg"}],"twitter_card":"summary_large_image","twitter_misc":{"Procijenjeno vrijeme \u010ditanja":"1 minuta"},"schema":{"@context":"https:\/\/schema.org","@graph":[{"@type":"WebPage","@id":"https:\/\/ajatutaja.com\/izdelek\/lesen-magnetni-labirint-trixie\/","url":"https:\/\/ajatutaja.com\/izdelek\/lesen-magnetni-labirint-trixie\/","name":"Lesen magnetni labirint Trixie | Ajatutaja","isPartOf":{"@id":"https:\/\/ajatutaja.com\/#website"},"primaryImageOfPage":{"@id":"https:\/\/ajatutaja.com\/izdelek\/lesen-magnetni-labirint-trixie\/#primaryimage"},"image":{"@id":"https:\/\/ajatutaja.com\/izdelek\/lesen-magnetni-labirint-trixie\/#primaryimage"},"thumbnailUrl":"https:\/\/ajatutaja.com\/wp-content\/uploads\/2025\/11\/Lesen-magnetni-labirint-trixie-1.jpg","datePublished":"2025-11-11T12:48:54+00:00","dateModified":"2026-04-09T09:42:32+00:00","description":"Lesen magnetni labirint Trixie je zabavna izobra\u017eevalna igra\u010da, ki otrokom pomaga pri razvoju koncentracije in fine motorike.","breadcrumb":{"@id":"https:\/\/ajatutaja.com\/izdelek\/lesen-magnetni-labirint-trixie\/#breadcrumb"},"inLanguage":"hr","potentialAction":[{"@type":"ReadAction","target":["https:\/\/ajatutaja.com\/izdelek\/lesen-magnetni-labirint-trixie\/"]}]},{"@type":"ImageObject","inLanguage":"hr","@id":"https:\/\/ajatutaja.com\/izdelek\/lesen-magnetni-labirint-trixie\/#primaryimage","url":"https:\/\/ajatutaja.com\/wp-content\/uploads\/2025\/11\/Lesen-magnetni-labirint-trixie-1.jpg","contentUrl":"https:\/\/ajatutaja.com\/wp-content\/uploads\/2025\/11\/Lesen-magnetni-labirint-trixie-1.jpg","width":1800,"height":1800},{"@type":"BreadcrumbList","@id":"https:\/\/ajatutaja.com\/izdelek\/lesen-magnetni-labirint-trixie\/#breadcrumb","itemListElement":[{"@type":"ListItem","position":1,"name":"Home","item":"https:\/\/ajatutaja.com\/hr\/"},{"@type":"ListItem","position":2,"name":"Trgovina","item":"https:\/\/ajatutaja.com\/hr\/trgovina\/"},{"@type":"ListItem","position":3,"name":"Lesen magnetni labirint Trixie"}]},{"@type":"WebSite","@id":"https:\/\/ajatutaja.com\/#website","url":"https:\/\/ajatutaja.com\/","name":"Ajatutaja","description":"Otro\u0161ka spletna trgovina AJATUTAJA","publisher":{"@id":"https:\/\/ajatutaja.com\/#organization"},"potentialAction":[{"@type":"SearchAction","target":{"@type":"EntryPoint","urlTemplate":"https:\/\/ajatutaja.com\/?s={search_term_string}"},"query-input":{"@type":"PropertyValueSpecification","valueRequired":true,"valueName":"search_term_string"}}],"inLanguage":"hr"},{"@type":"Organization","@id":"https:\/\/ajatutaja.com\/#organization","name":"Ajatutaja","url":"https:\/\/ajatutaja.com\/","logo":{"@type":"ImageObject","inLanguage":"hr","@id":"https:\/\/ajatutaja.com\/#\/schema\/logo\/image\/","url":"https:\/\/ajatutaja.com\/wp-content\/uploads\/2021\/10\/logo.png","contentUrl":"https:\/\/ajatutaja.com\/wp-content\/uploads\/2021\/10\/logo.png","width":555,"height":150,"caption":"Ajatutaja"},"image":{"@id":"https:\/\/ajatutaja.com\/#\/schema\/logo\/image\/"}}]}},"brands":[{"id":2452,"name":"Igranje","slug":"igranje"},{"id":2464,"name":"Trixie","slug":"trixie-igranje"}],"_links":{"self":[{"href":"https:\/\/ajatutaja.com\/hr\/wp-json\/wp\/v2\/product\/82533","targetHints":{"allow":["GET"]}}],"collection":[{"href":"https:\/\/ajatutaja.com\/hr\/wp-json\/wp\/v2\/product"}],"about":[{"href":"https:\/\/ajatutaja.com\/hr\/wp-json\/wp\/v2\/types\/product"}],"wp:featuredmedia":[{"embeddable":true,"href":"https:\/\/ajatutaja.com\/hr\/wp-json\/wp\/v2\/media\/82537"}],"wp:attachment":[{"href":"https:\/\/ajatutaja.com\/hr\/wp-json\/wp\/v2\/media?parent=82533"}],"wp:term":[{"taxonomy":"pwb-brand","embeddable":true,"href":"https:\/\/ajatutaja.com\/hr\/wp-json\/wp\/v2\/pwb-brand?post=82533"},{"taxonomy":"product_brand","embeddable":true,"href":"https:\/\/ajatutaja.com\/hr\/wp-json\/wp\/v2\/product_brand?post=82533"},{"taxonomy":"product_cat","embeddable":true,"href":"https:\/\/ajatutaja.com\/hr\/wp-json\/wp\/v2\/product_cat?post=82533"},{"taxonomy":"product_tag","embeddable":true,"href":"https:\/\/ajatutaja.com\/hr\/wp-json\/wp\/v2\/product_tag?post=82533"}],"curies":[{"name":"wp","href":"https:\/\/api.w.org\/{rel}","templated":true}]}}