{"id":82463,"date":"2025-11-05T11:05:03","date_gmt":"2025-11-05T10:05:03","guid":{"rendered":"https:\/\/ajatutaja.com\/?post_type=product&#038;p=82463"},"modified":"2025-11-11T11:31:15","modified_gmt":"2025-11-11T10:31:15","slug":"baby-nova-ortodontska-duda-iz-silikona-0-6-mes-pak-2","status":"publish","type":"product","link":"https:\/\/ajatutaja.com\/hr\/proizvod\/baby-nova-ortodontska-duda-iz-silikona-0-6-mes-pak-2\/","title":{"rendered":"Baby Nova ortodontska duda iz silikona (0\/6 mes) Pak.2"},"content":{"rendered":"<p>[vc_row][vc_column][vc_column_text]<\/p>\n<h4>Nizkoalergena ortodontska duda iz silikona BABY-NOVA z obro\u010dkom (2 kosa) ima naslednje lastnosti:<\/h4>\n<ul>\n<li>Ortodontska oblika cuclja iz silikona<\/li>\n<li>Univerzalna velikost primerna za uporabo od rojstva do 6 mes. starosti<\/li>\n<li>Izdelana iz visoko kakovostnega polipropilena (PP), brez BP<\/li>\n<li>Ustreza standardu EN 1400.<\/li>\n<\/ul>\n<p style=\"text-align: justify\"><span style=\"color: #808080\"><em>Za izdelki BABY-NOVA stoji nem\u0161ko dru\u017einsko podjetje Novatex GmbH, ki v sodelovanju z zobozdravniki, ortodonti, znanstveniki in star\u0161i \u017ee ve\u010d kot 25 let raziskuje in razvija inovativne re\u0161itve za otro\u0161ko nego in hranjenje. V lasti imajo tovarno v mestu Langenstein v Nem\u010diji.<\/em><\/span><\/p>\n<p style=\"text-align: justify\"><span style=\"color: #808080\"><em>\u0160tevilni izdelki BABY-NOVA so prejemniki ocene &#8220;odli\u010dno&#8221; (Sehr gut), ki jo podeljuje nem\u0161ka revija za potro\u0161nike <span lang=\"SL\"><span lang=\"SL\">\u00d6<\/span>KO<\/span> TEST, duda BABY-NOVA Dentistar pa je prva duda na svetu nagrajena s nazivom &#8220;zobom prijazna&#8221; (Toothfriendly).<\/em><\/span><\/p>\n<p>[\/vc_column_text][\/vc_column][\/vc_row]<\/p>\n","protected":false},"excerpt":{"rendered":"<p style=\"text-align: justify\">Ortodontska tola\u017eilna duda BABY-NOVA\u00a0 je izdelana mehkega silikona in je primerna za uporabo od rojstva do 6 mesecev starosti.<\/p>\n<p>3 barve na voljo<\/p>\n","protected":false},"featured_media":82473,"template":"","meta":[],"pwb-brand":[2325,2269],"product_brand":[],"product_cat":[2306,2266],"product_tag":[3976],"class_list":{"0":"post-82463","1":"product","2":"type-product","3":"status-publish","4":"has-post-thumbnail","6":"pwb-brand-baby-nova-hranjenje","7":"pwb-brand-hranjenje","8":"product_cat-dude-in-priponke","9":"product_cat-hranjenje","10":"product_tag-baby-nova","12":"first","13":"instock","14":"taxable","15":"shipping-taxable","16":"purchasable","17":"product-type-variable","18":"add-to-wishlist-before_image"},"yoast_head":"<!-- This site is optimized with the Yoast SEO plugin v27.3 - https:\/\/yoast.com\/product\/yoast-seo-wordpress\/ -->\n<title>Baby Nova ortodontska duda iz silikona (0\/6 mes) Pak.2 | Ajatutaja<\/title>\n<meta name=\"description\" content=\"Ortodontska tola\u017eilna duda BABY-NOVA\u00a0 je izdelana mehkega silikona in je primerna za uporabo od rojstva do 6 mesecev starosti.\" \/>\n<meta name=\"robots\" content=\"index, follow, max-snippet:-1, max-image-preview:large, max-video-preview:-1\" \/>\n<link rel=\"canonical\" href=\"https:\/\/ajatutaja.com\/izdelek\/baby-nova-ortodontska-duda-iz-silikona-0-6-mes-pak-2\/\" \/>\n<meta property=\"og:locale\" content=\"hr_HR\" \/>\n<meta property=\"og:type\" content=\"article\" \/>\n<meta property=\"og:title\" content=\"Baby Nova ortodontska duda iz silikona (0\/6 mes) Pak.2 | Ajatutaja\" \/>\n<meta property=\"og:description\" content=\"Ortodontska tola\u017eilna duda BABY-NOVA\u00a0 je izdelana mehkega silikona in je primerna za uporabo od rojstva do 6 mesecev starosti.\" \/>\n<meta property=\"og:url\" content=\"https:\/\/ajatutaja.com\/izdelek\/baby-nova-ortodontska-duda-iz-silikona-0-6-mes-pak-2\/\" \/>\n<meta property=\"og:site_name\" content=\"Ajatutaja\" \/>\n<meta property=\"article:modified_time\" content=\"2025-11-11T10:31:15+00:00\" \/>\n<meta property=\"og:image\" content=\"https:\/\/ajatutaja.com\/wp-content\/uploads\/2025\/11\/baby-nova-ortodontska-duda-pak-2-silikon-rumena.jpg\" \/>\n\t<meta property=\"og:image:width\" content=\"800\" \/>\n\t<meta property=\"og:image:height\" content=\"800\" \/>\n\t<meta property=\"og:image:type\" content=\"image\/jpeg\" \/>\n<meta name=\"twitter:card\" content=\"summary_large_image\" \/>\n<meta name=\"twitter:label1\" content=\"Procijenjeno vrijeme \u010ditanja\" \/>\n\t<meta name=\"twitter:data1\" content=\"1 minuta\" \/>\n<script type=\"application\/ld+json\" class=\"yoast-schema-graph\">{\"@context\":\"https:\\\/\\\/schema.org\",\"@graph\":[{\"@type\":\"WebPage\",\"@id\":\"https:\\\/\\\/ajatutaja.com\\\/izdelek\\\/baby-nova-ortodontska-duda-iz-silikona-0-6-mes-pak-2\\\/\",\"url\":\"https:\\\/\\\/ajatutaja.com\\\/izdelek\\\/baby-nova-ortodontska-duda-iz-silikona-0-6-mes-pak-2\\\/\",\"name\":\"Baby Nova ortodontska duda iz silikona (0\\\/6 mes) Pak.2 | Ajatutaja\",\"isPartOf\":{\"@id\":\"https:\\\/\\\/ajatutaja.com\\\/#website\"},\"primaryImageOfPage\":{\"@id\":\"https:\\\/\\\/ajatutaja.com\\\/izdelek\\\/baby-nova-ortodontska-duda-iz-silikona-0-6-mes-pak-2\\\/#primaryimage\"},\"image\":{\"@id\":\"https:\\\/\\\/ajatutaja.com\\\/izdelek\\\/baby-nova-ortodontska-duda-iz-silikona-0-6-mes-pak-2\\\/#primaryimage\"},\"thumbnailUrl\":\"https:\\\/\\\/ajatutaja.com\\\/wp-content\\\/uploads\\\/2025\\\/11\\\/baby-nova-ortodontska-duda-pak-2-silikon-rumena.jpg\",\"datePublished\":\"2025-11-05T10:05:03+00:00\",\"dateModified\":\"2025-11-11T10:31:15+00:00\",\"description\":\"Ortodontska tola\u017eilna duda BABY-NOVA\u00a0 je izdelana mehkega silikona in je primerna za uporabo od rojstva do 6 mesecev starosti.\",\"breadcrumb\":{\"@id\":\"https:\\\/\\\/ajatutaja.com\\\/izdelek\\\/baby-nova-ortodontska-duda-iz-silikona-0-6-mes-pak-2\\\/#breadcrumb\"},\"inLanguage\":\"hr\",\"potentialAction\":[{\"@type\":\"ReadAction\",\"target\":[\"https:\\\/\\\/ajatutaja.com\\\/izdelek\\\/baby-nova-ortodontska-duda-iz-silikona-0-6-mes-pak-2\\\/\"]}]},{\"@type\":\"ImageObject\",\"inLanguage\":\"hr\",\"@id\":\"https:\\\/\\\/ajatutaja.com\\\/izdelek\\\/baby-nova-ortodontska-duda-iz-silikona-0-6-mes-pak-2\\\/#primaryimage\",\"url\":\"https:\\\/\\\/ajatutaja.com\\\/wp-content\\\/uploads\\\/2025\\\/11\\\/baby-nova-ortodontska-duda-pak-2-silikon-rumena.jpg\",\"contentUrl\":\"https:\\\/\\\/ajatutaja.com\\\/wp-content\\\/uploads\\\/2025\\\/11\\\/baby-nova-ortodontska-duda-pak-2-silikon-rumena.jpg\",\"width\":800,\"height\":800},{\"@type\":\"BreadcrumbList\",\"@id\":\"https:\\\/\\\/ajatutaja.com\\\/izdelek\\\/baby-nova-ortodontska-duda-iz-silikona-0-6-mes-pak-2\\\/#breadcrumb\",\"itemListElement\":[{\"@type\":\"ListItem\",\"position\":1,\"name\":\"Home\",\"item\":\"https:\\\/\\\/ajatutaja.com\\\/hr\\\/\"},{\"@type\":\"ListItem\",\"position\":2,\"name\":\"Trgovina\",\"item\":\"https:\\\/\\\/ajatutaja.com\\\/hr\\\/trgovina\\\/\"},{\"@type\":\"ListItem\",\"position\":3,\"name\":\"Baby Nova ortodontska duda iz silikona (0\\\/6 mes) Pak.2\"}]},{\"@type\":\"WebSite\",\"@id\":\"https:\\\/\\\/ajatutaja.com\\\/#website\",\"url\":\"https:\\\/\\\/ajatutaja.com\\\/\",\"name\":\"Ajatutaja\",\"description\":\"Otro\u0161ka spletna trgovina AJATUTAJA\",\"publisher\":{\"@id\":\"https:\\\/\\\/ajatutaja.com\\\/#organization\"},\"potentialAction\":[{\"@type\":\"SearchAction\",\"target\":{\"@type\":\"EntryPoint\",\"urlTemplate\":\"https:\\\/\\\/ajatutaja.com\\\/?s={search_term_string}\"},\"query-input\":{\"@type\":\"PropertyValueSpecification\",\"valueRequired\":true,\"valueName\":\"search_term_string\"}}],\"inLanguage\":\"hr\"},{\"@type\":\"Organization\",\"@id\":\"https:\\\/\\\/ajatutaja.com\\\/#organization\",\"name\":\"Ajatutaja\",\"url\":\"https:\\\/\\\/ajatutaja.com\\\/\",\"logo\":{\"@type\":\"ImageObject\",\"inLanguage\":\"hr\",\"@id\":\"https:\\\/\\\/ajatutaja.com\\\/#\\\/schema\\\/logo\\\/image\\\/\",\"url\":\"https:\\\/\\\/ajatutaja.com\\\/wp-content\\\/uploads\\\/2021\\\/10\\\/logo.png\",\"contentUrl\":\"https:\\\/\\\/ajatutaja.com\\\/wp-content\\\/uploads\\\/2021\\\/10\\\/logo.png\",\"width\":555,\"height\":150,\"caption\":\"Ajatutaja\"},\"image\":{\"@id\":\"https:\\\/\\\/ajatutaja.com\\\/#\\\/schema\\\/logo\\\/image\\\/\"}}]}<\/script>\n<!-- \/ Yoast SEO plugin. -->","yoast_head_json":{"title":"Baby Nova ortodontska duda iz silikona (0\/6 mes) Pak.2 | Ajatutaja","description":"Ortodontska tola\u017eilna duda BABY-NOVA\u00a0 je izdelana mehkega silikona in je primerna za uporabo od rojstva do 6 mesecev starosti.","robots":{"index":"index","follow":"follow","max-snippet":"max-snippet:-1","max-image-preview":"max-image-preview:large","max-video-preview":"max-video-preview:-1"},"canonical":"https:\/\/ajatutaja.com\/izdelek\/baby-nova-ortodontska-duda-iz-silikona-0-6-mes-pak-2\/","og_locale":"hr_HR","og_type":"article","og_title":"Baby Nova ortodontska duda iz silikona (0\/6 mes) Pak.2 | Ajatutaja","og_description":"Ortodontska tola\u017eilna duda BABY-NOVA\u00a0 je izdelana mehkega silikona in je primerna za uporabo od rojstva do 6 mesecev starosti.","og_url":"https:\/\/ajatutaja.com\/izdelek\/baby-nova-ortodontska-duda-iz-silikona-0-6-mes-pak-2\/","og_site_name":"Ajatutaja","article_modified_time":"2025-11-11T10:31:15+00:00","og_image":[{"width":800,"height":800,"url":"https:\/\/ajatutaja.com\/wp-content\/uploads\/2025\/11\/baby-nova-ortodontska-duda-pak-2-silikon-rumena.jpg","type":"image\/jpeg"}],"twitter_card":"summary_large_image","twitter_misc":{"Procijenjeno vrijeme \u010ditanja":"1 minuta"},"schema":{"@context":"https:\/\/schema.org","@graph":[{"@type":"WebPage","@id":"https:\/\/ajatutaja.com\/izdelek\/baby-nova-ortodontska-duda-iz-silikona-0-6-mes-pak-2\/","url":"https:\/\/ajatutaja.com\/izdelek\/baby-nova-ortodontska-duda-iz-silikona-0-6-mes-pak-2\/","name":"Baby Nova ortodontska duda iz silikona (0\/6 mes) Pak.2 | Ajatutaja","isPartOf":{"@id":"https:\/\/ajatutaja.com\/#website"},"primaryImageOfPage":{"@id":"https:\/\/ajatutaja.com\/izdelek\/baby-nova-ortodontska-duda-iz-silikona-0-6-mes-pak-2\/#primaryimage"},"image":{"@id":"https:\/\/ajatutaja.com\/izdelek\/baby-nova-ortodontska-duda-iz-silikona-0-6-mes-pak-2\/#primaryimage"},"thumbnailUrl":"https:\/\/ajatutaja.com\/wp-content\/uploads\/2025\/11\/baby-nova-ortodontska-duda-pak-2-silikon-rumena.jpg","datePublished":"2025-11-05T10:05:03+00:00","dateModified":"2025-11-11T10:31:15+00:00","description":"Ortodontska tola\u017eilna duda BABY-NOVA\u00a0 je izdelana mehkega silikona in je primerna za uporabo od rojstva do 6 mesecev starosti.","breadcrumb":{"@id":"https:\/\/ajatutaja.com\/izdelek\/baby-nova-ortodontska-duda-iz-silikona-0-6-mes-pak-2\/#breadcrumb"},"inLanguage":"hr","potentialAction":[{"@type":"ReadAction","target":["https:\/\/ajatutaja.com\/izdelek\/baby-nova-ortodontska-duda-iz-silikona-0-6-mes-pak-2\/"]}]},{"@type":"ImageObject","inLanguage":"hr","@id":"https:\/\/ajatutaja.com\/izdelek\/baby-nova-ortodontska-duda-iz-silikona-0-6-mes-pak-2\/#primaryimage","url":"https:\/\/ajatutaja.com\/wp-content\/uploads\/2025\/11\/baby-nova-ortodontska-duda-pak-2-silikon-rumena.jpg","contentUrl":"https:\/\/ajatutaja.com\/wp-content\/uploads\/2025\/11\/baby-nova-ortodontska-duda-pak-2-silikon-rumena.jpg","width":800,"height":800},{"@type":"BreadcrumbList","@id":"https:\/\/ajatutaja.com\/izdelek\/baby-nova-ortodontska-duda-iz-silikona-0-6-mes-pak-2\/#breadcrumb","itemListElement":[{"@type":"ListItem","position":1,"name":"Home","item":"https:\/\/ajatutaja.com\/hr\/"},{"@type":"ListItem","position":2,"name":"Trgovina","item":"https:\/\/ajatutaja.com\/hr\/trgovina\/"},{"@type":"ListItem","position":3,"name":"Baby Nova ortodontska duda iz silikona (0\/6 mes) Pak.2"}]},{"@type":"WebSite","@id":"https:\/\/ajatutaja.com\/#website","url":"https:\/\/ajatutaja.com\/","name":"Ajatutaja","description":"Otro\u0161ka spletna trgovina AJATUTAJA","publisher":{"@id":"https:\/\/ajatutaja.com\/#organization"},"potentialAction":[{"@type":"SearchAction","target":{"@type":"EntryPoint","urlTemplate":"https:\/\/ajatutaja.com\/?s={search_term_string}"},"query-input":{"@type":"PropertyValueSpecification","valueRequired":true,"valueName":"search_term_string"}}],"inLanguage":"hr"},{"@type":"Organization","@id":"https:\/\/ajatutaja.com\/#organization","name":"Ajatutaja","url":"https:\/\/ajatutaja.com\/","logo":{"@type":"ImageObject","inLanguage":"hr","@id":"https:\/\/ajatutaja.com\/#\/schema\/logo\/image\/","url":"https:\/\/ajatutaja.com\/wp-content\/uploads\/2021\/10\/logo.png","contentUrl":"https:\/\/ajatutaja.com\/wp-content\/uploads\/2021\/10\/logo.png","width":555,"height":150,"caption":"Ajatutaja"},"image":{"@id":"https:\/\/ajatutaja.com\/#\/schema\/logo\/image\/"}}]}},"brands":[{"id":2325,"name":"Baby Nova","slug":"baby-nova-hranjenje"},{"id":2269,"name":"Hranjenje","slug":"hranjenje"}],"_links":{"self":[{"href":"https:\/\/ajatutaja.com\/hr\/wp-json\/wp\/v2\/product\/82463","targetHints":{"allow":["GET"]}}],"collection":[{"href":"https:\/\/ajatutaja.com\/hr\/wp-json\/wp\/v2\/product"}],"about":[{"href":"https:\/\/ajatutaja.com\/hr\/wp-json\/wp\/v2\/types\/product"}],"wp:featuredmedia":[{"embeddable":true,"href":"https:\/\/ajatutaja.com\/hr\/wp-json\/wp\/v2\/media\/82473"}],"wp:attachment":[{"href":"https:\/\/ajatutaja.com\/hr\/wp-json\/wp\/v2\/media?parent=82463"}],"wp:term":[{"taxonomy":"pwb-brand","embeddable":true,"href":"https:\/\/ajatutaja.com\/hr\/wp-json\/wp\/v2\/pwb-brand?post=82463"},{"taxonomy":"product_brand","embeddable":true,"href":"https:\/\/ajatutaja.com\/hr\/wp-json\/wp\/v2\/product_brand?post=82463"},{"taxonomy":"product_cat","embeddable":true,"href":"https:\/\/ajatutaja.com\/hr\/wp-json\/wp\/v2\/product_cat?post=82463"},{"taxonomy":"product_tag","embeddable":true,"href":"https:\/\/ajatutaja.com\/hr\/wp-json\/wp\/v2\/product_tag?post=82463"}],"curies":[{"name":"wp","href":"https:\/\/api.w.org\/{rel}","templated":true}]}}