{"id":82272,"date":"2025-11-08T20:23:25","date_gmt":"2025-11-08T19:23:25","guid":{"rendered":"https:\/\/ajatutaja.com\/?post_type=product&#038;p=82272"},"modified":"2026-03-23T10:23:15","modified_gmt":"2026-03-23T09:23:15","slug":"kovinski-retro-vozicek-za-puncke-little-dutch","status":"publish","type":"product","link":"https:\/\/ajatutaja.com\/hr\/proizvod\/kovinski-retro-vozicek-za-puncke-little-dutch\/","title":{"rendered":"Kovinski retro vozi\u010dek za pun\u010dke Little Dutch"},"content":{"rendered":"<p>[vc_row][vc_column][vc_column_text]Little Dutch izdeluje brez\u010dasne igra\u010de visoke kakovosti, z elegantnimi barvami, odtisi in ilustracijami. Vsi izdelki so skladni z evropskimi direktivami in se proizvajajo brez dela otrok in na dru\u017ebeno odgovoren na\u010din.<\/p>\n<h3>Lastnosti vozi\u010dka za pun\u010dko Little Dutch (<span class=\"prop-value\">LD4586<\/span>):<\/h3>\n<ul>\n<li>White Meadows kolekcija<\/li>\n<li>Material: Trpe\u017ena kovina in tkanina<\/li>\n<li>Dimenzije: 74,5&#215;33,5x69cm<\/li>\n<li>Vzdr\u017eevanje: Brisanje ogrodja z vla\u017eno krpo<\/li>\n<li>Priporo\u010dljiva starost: 3 leta+<\/li>\n<\/ul>\n<p>[\/vc_column_text][\/vc_column][\/vc_row]<\/p>\n","protected":false},"excerpt":{"rendered":"<p style=\"text-align: justify\">Retro kovinski vozi\u010dek za pun\u010dke Little Dutch bo poskrbel, da se mal\u010dki \u0161e bolj zaigrajo s svojimi pun\u010dkami in dojen\u010dki, ter tako posnamejo svoje star\u0161e. Dobro oblazinjen vozi\u010dek ima tudi prostorno ko\u0161aro. Pun\u010dka se kupi lo\u010deno.<\/p>\n","protected":false},"featured_media":82281,"template":"","meta":[],"pwb-brand":[2452,2457],"product_brand":[],"product_cat":[3992,5072,2713,2362,2448],"product_tag":[4002,6322],"class_list":{"0":"post-82272","1":"product","2":"type-product","3":"status-publish","4":"has-post-thumbnail","6":"pwb-brand-igranje","7":"pwb-brand-little-dutch-igra","8":"product_cat-3-leta-igrace","9":"product_cat-bozicna-darila","10":"product_cat-darilo-za-deklico","11":"product_cat-igranje","12":"product_cat-igranje-vlog","13":"product_tag-little-dutch","14":"product_tag-mala-mami","16":"first","17":"instock","18":"taxable","19":"shipping-taxable","20":"purchasable","21":"product-type-simple","22":"add-to-wishlist-before_image"},"yoast_head":"<!-- This site is optimized with the Yoast SEO plugin v27.3 - https:\/\/yoast.com\/product\/yoast-seo-wordpress\/ -->\n<title>Kovinski retro vozi\u010dek za pun\u010dke Little Dutch | Ajatutaja<\/title>\n<meta name=\"description\" content=\"Retro kovinski vozi\u010dek za pun\u010dke Little Dutch bo poskrbel, da se mal\u010dki \u0161e bolj zaigrajo s svojimi pun\u010dkami in dojen\u010dki, ter tako posnamejo svoje star\u0161e.\" \/>\n<meta name=\"robots\" content=\"index, follow, max-snippet:-1, max-image-preview:large, max-video-preview:-1\" \/>\n<link rel=\"canonical\" href=\"https:\/\/ajatutaja.com\/izdelek\/kovinski-retro-vozicek-za-puncke-little-dutch\/\" \/>\n<meta property=\"og:locale\" content=\"hr_HR\" \/>\n<meta property=\"og:type\" content=\"article\" \/>\n<meta property=\"og:title\" content=\"Kovinski retro vozi\u010dek za pun\u010dke Little Dutch | Ajatutaja\" \/>\n<meta property=\"og:description\" content=\"Retro kovinski vozi\u010dek za pun\u010dke Little Dutch bo poskrbel, da se mal\u010dki \u0161e bolj zaigrajo s svojimi pun\u010dkami in dojen\u010dki, ter tako posnamejo svoje star\u0161e.\" \/>\n<meta property=\"og:url\" content=\"https:\/\/ajatutaja.com\/izdelek\/kovinski-retro-vozicek-za-puncke-little-dutch\/\" \/>\n<meta property=\"og:site_name\" content=\"Ajatutaja\" \/>\n<meta property=\"article:modified_time\" content=\"2026-03-23T09:23:15+00:00\" \/>\n<meta property=\"og:image\" content=\"https:\/\/ajatutaja.com\/wp-content\/uploads\/2025\/11\/Retro-kovinski-vozicek-za-puncke-little-dutch-ajatutaja-0.jpg\" \/>\n\t<meta property=\"og:image:width\" content=\"1200\" \/>\n\t<meta property=\"og:image:height\" content=\"1200\" \/>\n\t<meta property=\"og:image:type\" content=\"image\/jpeg\" \/>\n<meta name=\"twitter:card\" content=\"summary_large_image\" \/>\n<script type=\"application\/ld+json\" class=\"yoast-schema-graph\">{\"@context\":\"https:\\\/\\\/schema.org\",\"@graph\":[{\"@type\":\"WebPage\",\"@id\":\"https:\\\/\\\/ajatutaja.com\\\/izdelek\\\/kovinski-retro-vozicek-za-puncke-little-dutch\\\/\",\"url\":\"https:\\\/\\\/ajatutaja.com\\\/izdelek\\\/kovinski-retro-vozicek-za-puncke-little-dutch\\\/\",\"name\":\"Kovinski retro vozi\u010dek za pun\u010dke Little Dutch | Ajatutaja\",\"isPartOf\":{\"@id\":\"https:\\\/\\\/ajatutaja.com\\\/#website\"},\"primaryImageOfPage\":{\"@id\":\"https:\\\/\\\/ajatutaja.com\\\/izdelek\\\/kovinski-retro-vozicek-za-puncke-little-dutch\\\/#primaryimage\"},\"image\":{\"@id\":\"https:\\\/\\\/ajatutaja.com\\\/izdelek\\\/kovinski-retro-vozicek-za-puncke-little-dutch\\\/#primaryimage\"},\"thumbnailUrl\":\"https:\\\/\\\/ajatutaja.com\\\/wp-content\\\/uploads\\\/2025\\\/11\\\/Retro-kovinski-vozicek-za-puncke-little-dutch-ajatutaja-0.jpg\",\"datePublished\":\"2025-11-08T19:23:25+00:00\",\"dateModified\":\"2026-03-23T09:23:15+00:00\",\"description\":\"Retro kovinski vozi\u010dek za pun\u010dke Little Dutch bo poskrbel, da se mal\u010dki \u0161e bolj zaigrajo s svojimi pun\u010dkami in dojen\u010dki, ter tako posnamejo svoje star\u0161e.\",\"breadcrumb\":{\"@id\":\"https:\\\/\\\/ajatutaja.com\\\/izdelek\\\/kovinski-retro-vozicek-za-puncke-little-dutch\\\/#breadcrumb\"},\"inLanguage\":\"hr\",\"potentialAction\":[{\"@type\":\"ReadAction\",\"target\":[\"https:\\\/\\\/ajatutaja.com\\\/izdelek\\\/kovinski-retro-vozicek-za-puncke-little-dutch\\\/\"]}]},{\"@type\":\"ImageObject\",\"inLanguage\":\"hr\",\"@id\":\"https:\\\/\\\/ajatutaja.com\\\/izdelek\\\/kovinski-retro-vozicek-za-puncke-little-dutch\\\/#primaryimage\",\"url\":\"https:\\\/\\\/ajatutaja.com\\\/wp-content\\\/uploads\\\/2025\\\/11\\\/Retro-kovinski-vozicek-za-puncke-little-dutch-ajatutaja-0.jpg\",\"contentUrl\":\"https:\\\/\\\/ajatutaja.com\\\/wp-content\\\/uploads\\\/2025\\\/11\\\/Retro-kovinski-vozicek-za-puncke-little-dutch-ajatutaja-0.jpg\",\"width\":1200,\"height\":1200},{\"@type\":\"BreadcrumbList\",\"@id\":\"https:\\\/\\\/ajatutaja.com\\\/izdelek\\\/kovinski-retro-vozicek-za-puncke-little-dutch\\\/#breadcrumb\",\"itemListElement\":[{\"@type\":\"ListItem\",\"position\":1,\"name\":\"Home\",\"item\":\"https:\\\/\\\/ajatutaja.com\\\/hr\\\/\"},{\"@type\":\"ListItem\",\"position\":2,\"name\":\"Trgovina\",\"item\":\"https:\\\/\\\/ajatutaja.com\\\/hr\\\/trgovina\\\/\"},{\"@type\":\"ListItem\",\"position\":3,\"name\":\"Kovinski retro vozi\u010dek za pun\u010dke Little Dutch\"}]},{\"@type\":\"WebSite\",\"@id\":\"https:\\\/\\\/ajatutaja.com\\\/#website\",\"url\":\"https:\\\/\\\/ajatutaja.com\\\/\",\"name\":\"Ajatutaja\",\"description\":\"Otro\u0161ka spletna trgovina AJATUTAJA\",\"publisher\":{\"@id\":\"https:\\\/\\\/ajatutaja.com\\\/#organization\"},\"potentialAction\":[{\"@type\":\"SearchAction\",\"target\":{\"@type\":\"EntryPoint\",\"urlTemplate\":\"https:\\\/\\\/ajatutaja.com\\\/?s={search_term_string}\"},\"query-input\":{\"@type\":\"PropertyValueSpecification\",\"valueRequired\":true,\"valueName\":\"search_term_string\"}}],\"inLanguage\":\"hr\"},{\"@type\":\"Organization\",\"@id\":\"https:\\\/\\\/ajatutaja.com\\\/#organization\",\"name\":\"Ajatutaja\",\"url\":\"https:\\\/\\\/ajatutaja.com\\\/\",\"logo\":{\"@type\":\"ImageObject\",\"inLanguage\":\"hr\",\"@id\":\"https:\\\/\\\/ajatutaja.com\\\/#\\\/schema\\\/logo\\\/image\\\/\",\"url\":\"https:\\\/\\\/ajatutaja.com\\\/wp-content\\\/uploads\\\/2021\\\/10\\\/logo.png\",\"contentUrl\":\"https:\\\/\\\/ajatutaja.com\\\/wp-content\\\/uploads\\\/2021\\\/10\\\/logo.png\",\"width\":555,\"height\":150,\"caption\":\"Ajatutaja\"},\"image\":{\"@id\":\"https:\\\/\\\/ajatutaja.com\\\/#\\\/schema\\\/logo\\\/image\\\/\"}}]}<\/script>\n<!-- \/ Yoast SEO plugin. -->","yoast_head_json":{"title":"Kovinski retro vozi\u010dek za pun\u010dke Little Dutch | Ajatutaja","description":"Retro kovinski vozi\u010dek za pun\u010dke Little Dutch bo poskrbel, da se mal\u010dki \u0161e bolj zaigrajo s svojimi pun\u010dkami in dojen\u010dki, ter tako posnamejo svoje star\u0161e.","robots":{"index":"index","follow":"follow","max-snippet":"max-snippet:-1","max-image-preview":"max-image-preview:large","max-video-preview":"max-video-preview:-1"},"canonical":"https:\/\/ajatutaja.com\/izdelek\/kovinski-retro-vozicek-za-puncke-little-dutch\/","og_locale":"hr_HR","og_type":"article","og_title":"Kovinski retro vozi\u010dek za pun\u010dke Little Dutch | Ajatutaja","og_description":"Retro kovinski vozi\u010dek za pun\u010dke Little Dutch bo poskrbel, da se mal\u010dki \u0161e bolj zaigrajo s svojimi pun\u010dkami in dojen\u010dki, ter tako posnamejo svoje star\u0161e.","og_url":"https:\/\/ajatutaja.com\/izdelek\/kovinski-retro-vozicek-za-puncke-little-dutch\/","og_site_name":"Ajatutaja","article_modified_time":"2026-03-23T09:23:15+00:00","og_image":[{"width":1200,"height":1200,"url":"https:\/\/ajatutaja.com\/wp-content\/uploads\/2025\/11\/Retro-kovinski-vozicek-za-puncke-little-dutch-ajatutaja-0.jpg","type":"image\/jpeg"}],"twitter_card":"summary_large_image","schema":{"@context":"https:\/\/schema.org","@graph":[{"@type":"WebPage","@id":"https:\/\/ajatutaja.com\/izdelek\/kovinski-retro-vozicek-za-puncke-little-dutch\/","url":"https:\/\/ajatutaja.com\/izdelek\/kovinski-retro-vozicek-za-puncke-little-dutch\/","name":"Kovinski retro vozi\u010dek za pun\u010dke Little Dutch | Ajatutaja","isPartOf":{"@id":"https:\/\/ajatutaja.com\/#website"},"primaryImageOfPage":{"@id":"https:\/\/ajatutaja.com\/izdelek\/kovinski-retro-vozicek-za-puncke-little-dutch\/#primaryimage"},"image":{"@id":"https:\/\/ajatutaja.com\/izdelek\/kovinski-retro-vozicek-za-puncke-little-dutch\/#primaryimage"},"thumbnailUrl":"https:\/\/ajatutaja.com\/wp-content\/uploads\/2025\/11\/Retro-kovinski-vozicek-za-puncke-little-dutch-ajatutaja-0.jpg","datePublished":"2025-11-08T19:23:25+00:00","dateModified":"2026-03-23T09:23:15+00:00","description":"Retro kovinski vozi\u010dek za pun\u010dke Little Dutch bo poskrbel, da se mal\u010dki \u0161e bolj zaigrajo s svojimi pun\u010dkami in dojen\u010dki, ter tako posnamejo svoje star\u0161e.","breadcrumb":{"@id":"https:\/\/ajatutaja.com\/izdelek\/kovinski-retro-vozicek-za-puncke-little-dutch\/#breadcrumb"},"inLanguage":"hr","potentialAction":[{"@type":"ReadAction","target":["https:\/\/ajatutaja.com\/izdelek\/kovinski-retro-vozicek-za-puncke-little-dutch\/"]}]},{"@type":"ImageObject","inLanguage":"hr","@id":"https:\/\/ajatutaja.com\/izdelek\/kovinski-retro-vozicek-za-puncke-little-dutch\/#primaryimage","url":"https:\/\/ajatutaja.com\/wp-content\/uploads\/2025\/11\/Retro-kovinski-vozicek-za-puncke-little-dutch-ajatutaja-0.jpg","contentUrl":"https:\/\/ajatutaja.com\/wp-content\/uploads\/2025\/11\/Retro-kovinski-vozicek-za-puncke-little-dutch-ajatutaja-0.jpg","width":1200,"height":1200},{"@type":"BreadcrumbList","@id":"https:\/\/ajatutaja.com\/izdelek\/kovinski-retro-vozicek-za-puncke-little-dutch\/#breadcrumb","itemListElement":[{"@type":"ListItem","position":1,"name":"Home","item":"https:\/\/ajatutaja.com\/hr\/"},{"@type":"ListItem","position":2,"name":"Trgovina","item":"https:\/\/ajatutaja.com\/hr\/trgovina\/"},{"@type":"ListItem","position":3,"name":"Kovinski retro vozi\u010dek za pun\u010dke Little Dutch"}]},{"@type":"WebSite","@id":"https:\/\/ajatutaja.com\/#website","url":"https:\/\/ajatutaja.com\/","name":"Ajatutaja","description":"Otro\u0161ka spletna trgovina AJATUTAJA","publisher":{"@id":"https:\/\/ajatutaja.com\/#organization"},"potentialAction":[{"@type":"SearchAction","target":{"@type":"EntryPoint","urlTemplate":"https:\/\/ajatutaja.com\/?s={search_term_string}"},"query-input":{"@type":"PropertyValueSpecification","valueRequired":true,"valueName":"search_term_string"}}],"inLanguage":"hr"},{"@type":"Organization","@id":"https:\/\/ajatutaja.com\/#organization","name":"Ajatutaja","url":"https:\/\/ajatutaja.com\/","logo":{"@type":"ImageObject","inLanguage":"hr","@id":"https:\/\/ajatutaja.com\/#\/schema\/logo\/image\/","url":"https:\/\/ajatutaja.com\/wp-content\/uploads\/2021\/10\/logo.png","contentUrl":"https:\/\/ajatutaja.com\/wp-content\/uploads\/2021\/10\/logo.png","width":555,"height":150,"caption":"Ajatutaja"},"image":{"@id":"https:\/\/ajatutaja.com\/#\/schema\/logo\/image\/"}}]}},"brands":[{"id":2452,"name":"Igranje","slug":"igranje"},{"id":2457,"name":"Little Dutch","slug":"little-dutch-igra"}],"_links":{"self":[{"href":"https:\/\/ajatutaja.com\/hr\/wp-json\/wp\/v2\/product\/82272","targetHints":{"allow":["GET"]}}],"collection":[{"href":"https:\/\/ajatutaja.com\/hr\/wp-json\/wp\/v2\/product"}],"about":[{"href":"https:\/\/ajatutaja.com\/hr\/wp-json\/wp\/v2\/types\/product"}],"wp:featuredmedia":[{"embeddable":true,"href":"https:\/\/ajatutaja.com\/hr\/wp-json\/wp\/v2\/media\/82281"}],"wp:attachment":[{"href":"https:\/\/ajatutaja.com\/hr\/wp-json\/wp\/v2\/media?parent=82272"}],"wp:term":[{"taxonomy":"pwb-brand","embeddable":true,"href":"https:\/\/ajatutaja.com\/hr\/wp-json\/wp\/v2\/pwb-brand?post=82272"},{"taxonomy":"product_brand","embeddable":true,"href":"https:\/\/ajatutaja.com\/hr\/wp-json\/wp\/v2\/product_brand?post=82272"},{"taxonomy":"product_cat","embeddable":true,"href":"https:\/\/ajatutaja.com\/hr\/wp-json\/wp\/v2\/product_cat?post=82272"},{"taxonomy":"product_tag","embeddable":true,"href":"https:\/\/ajatutaja.com\/hr\/wp-json\/wp\/v2\/product_tag?post=82272"}],"curies":[{"name":"wp","href":"https:\/\/api.w.org\/{rel}","templated":true}]}}