{"id":82066,"date":"2025-11-07T13:20:34","date_gmt":"2025-11-07T12:20:34","guid":{"rendered":"https:\/\/ajatutaja.com\/?post_type=product&#038;p=82066"},"modified":"2025-11-07T13:28:44","modified_gmt":"2025-11-07T12:28:44","slug":"tople-nosecniske-pajkice-popek-videz-usnja-z-vzorcem","status":"publish","type":"product","link":"https:\/\/ajatutaja.com\/hr\/proizvod\/tople-nosecniske-pajkice-popek-videz-usnja-z-vzorcem\/","title":{"rendered":"Tople nose\u010dni\u0161ke pajkice Popek &#8211; videz usnja z vzorcem"},"content":{"rendered":"<p>[vc_row][vc_column][vc_column_text]Zimske nose\u010dni\u0161ke pajkice v videzu usnja z drobnim vzorcem so ekstremno elasti\u010dne in mehke ter prijetne na otip. So tanke vendar na notranji strani kosmatene, zato prijetno grejejo. Zgornji del pajkic, ki sega \u010dez trebu\u0161ek, je se\u0161it iz enakega materiala in jih lahko nosi\u0161 tudi tako, da se ta del vidi. Zaradi elasti\u010dnosti so zelo udobne in zato nosljive vsak dan. \u010ceprav so tanke, niso prosojne, saj je notranji del kosmaten.<\/p>\n<p>Lastnosti:<\/p>\n<div>\n<ul>\n<li>Material: 92% poliester, 8% elastan<\/li>\n<li>Pranje: ob\u010dutljivo na 30\u00b0C \/ Su\u0161enje na sve\u017eem zraku \/ Prepovedano likanje in beljenje<\/li>\n<li>Narejene v Sloveniji.<\/li>\n<\/ul>\n<\/div>\n<p>[\/vc_column_text][\/vc_column][\/vc_row]<\/p>\n","protected":false},"excerpt":{"rendered":"<p>Tople nose\u010dni\u0161ke pajkice v videzu usnja so must have za vsako nose\u010dnico, ki sledi modi. Na vrhu je visok elasti\u010den pas iz istega materiala, ki lepo objame trebu\u0161\u010dek in ne ti\u0161\u010di.<\/p>\n","protected":false},"featured_media":82056,"template":"","meta":[],"pwb-brand":[2267,2270],"product_brand":[],"product_cat":[2252,2250],"product_tag":[4098],"class_list":{"0":"post-82066","1":"product","2":"type-product","3":"status-publish","4":"has-post-thumbnail","6":"pwb-brand-nosecnost","7":"pwb-brand-popek","8":"product_cat-nosecniske-pajkice","9":"product_cat-nosecnost","10":"product_tag-popek","12":"first","13":"instock","14":"taxable","15":"shipping-taxable","16":"purchasable","17":"product-type-variable","18":"add-to-wishlist-before_image"},"yoast_head":"<!-- This site is optimized with the Yoast SEO plugin v27.3 - https:\/\/yoast.com\/product\/yoast-seo-wordpress\/ -->\n<title>Tople nose\u010dni\u0161ke pajkice Popek - videz usnja z vzorcem | Ajatutaja<\/title>\n<meta name=\"description\" content=\"Tople nose\u010dni\u0161ke pajkice v videzu usnja, so must have za vsako nose\u010dnico, ki sledi modi. Na vrhu je visok elasti\u010den pas, ki lepo objame trebu\u0161\u010dek in ne ti\u0161\u010di.\" \/>\n<meta name=\"robots\" content=\"index, follow, max-snippet:-1, max-image-preview:large, max-video-preview:-1\" \/>\n<link rel=\"canonical\" href=\"https:\/\/ajatutaja.com\/izdelek\/tople-nosecniske-pajkice-popek-videz-usnja-z-vzorcem\/\" \/>\n<meta property=\"og:locale\" content=\"hr_HR\" \/>\n<meta property=\"og:type\" content=\"article\" \/>\n<meta property=\"og:title\" content=\"Tople nose\u010dni\u0161ke pajkice Popek - videz usnja z vzorcem | Ajatutaja\" \/>\n<meta property=\"og:description\" content=\"Tople nose\u010dni\u0161ke pajkice v videzu usnja, so must have za vsako nose\u010dnico, ki sledi modi. Na vrhu je visok elasti\u010den pas, ki lepo objame trebu\u0161\u010dek in ne ti\u0161\u010di.\" \/>\n<meta property=\"og:url\" content=\"https:\/\/ajatutaja.com\/izdelek\/tople-nosecniske-pajkice-popek-videz-usnja-z-vzorcem\/\" \/>\n<meta property=\"og:site_name\" content=\"Ajatutaja\" \/>\n<meta property=\"article:modified_time\" content=\"2025-11-07T12:28:44+00:00\" \/>\n<meta property=\"og:image\" content=\"https:\/\/ajatutaja.com\/wp-content\/uploads\/2020\/12\/nosecniske-pajkice-videz-usnja-z-vzorcem-tople-popek-3.webp\" \/>\n\t<meta property=\"og:image:width\" content=\"753\" \/>\n\t<meta property=\"og:image:height\" content=\"1130\" \/>\n\t<meta property=\"og:image:type\" content=\"image\/webp\" \/>\n<meta name=\"twitter:card\" content=\"summary_large_image\" \/>\n<meta name=\"twitter:label1\" content=\"Procijenjeno vrijeme \u010ditanja\" \/>\n\t<meta name=\"twitter:data1\" content=\"1 minuta\" \/>\n<script type=\"application\/ld+json\" class=\"yoast-schema-graph\">{\"@context\":\"https:\\\/\\\/schema.org\",\"@graph\":[{\"@type\":\"WebPage\",\"@id\":\"https:\\\/\\\/ajatutaja.com\\\/izdelek\\\/tople-nosecniske-pajkice-popek-videz-usnja-z-vzorcem\\\/\",\"url\":\"https:\\\/\\\/ajatutaja.com\\\/izdelek\\\/tople-nosecniske-pajkice-popek-videz-usnja-z-vzorcem\\\/\",\"name\":\"Tople nose\u010dni\u0161ke pajkice Popek - videz usnja z vzorcem | Ajatutaja\",\"isPartOf\":{\"@id\":\"https:\\\/\\\/ajatutaja.com\\\/#website\"},\"primaryImageOfPage\":{\"@id\":\"https:\\\/\\\/ajatutaja.com\\\/izdelek\\\/tople-nosecniske-pajkice-popek-videz-usnja-z-vzorcem\\\/#primaryimage\"},\"image\":{\"@id\":\"https:\\\/\\\/ajatutaja.com\\\/izdelek\\\/tople-nosecniske-pajkice-popek-videz-usnja-z-vzorcem\\\/#primaryimage\"},\"thumbnailUrl\":\"https:\\\/\\\/ajatutaja.com\\\/wp-content\\\/uploads\\\/2020\\\/12\\\/nosecniske-pajkice-videz-usnja-z-vzorcem-tople-popek-3.webp\",\"datePublished\":\"2025-11-07T12:20:34+00:00\",\"dateModified\":\"2025-11-07T12:28:44+00:00\",\"description\":\"Tople nose\u010dni\u0161ke pajkice v videzu usnja, so must have za vsako nose\u010dnico, ki sledi modi. Na vrhu je visok elasti\u010den pas, ki lepo objame trebu\u0161\u010dek in ne ti\u0161\u010di.\",\"breadcrumb\":{\"@id\":\"https:\\\/\\\/ajatutaja.com\\\/izdelek\\\/tople-nosecniske-pajkice-popek-videz-usnja-z-vzorcem\\\/#breadcrumb\"},\"inLanguage\":\"hr\",\"potentialAction\":[{\"@type\":\"ReadAction\",\"target\":[\"https:\\\/\\\/ajatutaja.com\\\/izdelek\\\/tople-nosecniske-pajkice-popek-videz-usnja-z-vzorcem\\\/\"]}]},{\"@type\":\"ImageObject\",\"inLanguage\":\"hr\",\"@id\":\"https:\\\/\\\/ajatutaja.com\\\/izdelek\\\/tople-nosecniske-pajkice-popek-videz-usnja-z-vzorcem\\\/#primaryimage\",\"url\":\"https:\\\/\\\/ajatutaja.com\\\/wp-content\\\/uploads\\\/2020\\\/12\\\/nosecniske-pajkice-videz-usnja-z-vzorcem-tople-popek-3.webp\",\"contentUrl\":\"https:\\\/\\\/ajatutaja.com\\\/wp-content\\\/uploads\\\/2020\\\/12\\\/nosecniske-pajkice-videz-usnja-z-vzorcem-tople-popek-3.webp\",\"width\":753,\"height\":1130},{\"@type\":\"BreadcrumbList\",\"@id\":\"https:\\\/\\\/ajatutaja.com\\\/izdelek\\\/tople-nosecniske-pajkice-popek-videz-usnja-z-vzorcem\\\/#breadcrumb\",\"itemListElement\":[{\"@type\":\"ListItem\",\"position\":1,\"name\":\"Home\",\"item\":\"https:\\\/\\\/ajatutaja.com\\\/hr\\\/\"},{\"@type\":\"ListItem\",\"position\":2,\"name\":\"Trgovina\",\"item\":\"https:\\\/\\\/ajatutaja.com\\\/hr\\\/trgovina\\\/\"},{\"@type\":\"ListItem\",\"position\":3,\"name\":\"Tople nose\u010dni\u0161ke pajkice Popek &#8211; videz usnja z vzorcem\"}]},{\"@type\":\"WebSite\",\"@id\":\"https:\\\/\\\/ajatutaja.com\\\/#website\",\"url\":\"https:\\\/\\\/ajatutaja.com\\\/\",\"name\":\"Ajatutaja\",\"description\":\"Otro\u0161ka spletna trgovina AJATUTAJA\",\"publisher\":{\"@id\":\"https:\\\/\\\/ajatutaja.com\\\/#organization\"},\"potentialAction\":[{\"@type\":\"SearchAction\",\"target\":{\"@type\":\"EntryPoint\",\"urlTemplate\":\"https:\\\/\\\/ajatutaja.com\\\/?s={search_term_string}\"},\"query-input\":{\"@type\":\"PropertyValueSpecification\",\"valueRequired\":true,\"valueName\":\"search_term_string\"}}],\"inLanguage\":\"hr\"},{\"@type\":\"Organization\",\"@id\":\"https:\\\/\\\/ajatutaja.com\\\/#organization\",\"name\":\"Ajatutaja\",\"url\":\"https:\\\/\\\/ajatutaja.com\\\/\",\"logo\":{\"@type\":\"ImageObject\",\"inLanguage\":\"hr\",\"@id\":\"https:\\\/\\\/ajatutaja.com\\\/#\\\/schema\\\/logo\\\/image\\\/\",\"url\":\"https:\\\/\\\/ajatutaja.com\\\/wp-content\\\/uploads\\\/2021\\\/10\\\/logo.png\",\"contentUrl\":\"https:\\\/\\\/ajatutaja.com\\\/wp-content\\\/uploads\\\/2021\\\/10\\\/logo.png\",\"width\":555,\"height\":150,\"caption\":\"Ajatutaja\"},\"image\":{\"@id\":\"https:\\\/\\\/ajatutaja.com\\\/#\\\/schema\\\/logo\\\/image\\\/\"}}]}<\/script>\n<!-- \/ Yoast SEO plugin. -->","yoast_head_json":{"title":"Tople nose\u010dni\u0161ke pajkice Popek - videz usnja z vzorcem | Ajatutaja","description":"Tople nose\u010dni\u0161ke pajkice v videzu usnja, so must have za vsako nose\u010dnico, ki sledi modi. Na vrhu je visok elasti\u010den pas, ki lepo objame trebu\u0161\u010dek in ne ti\u0161\u010di.","robots":{"index":"index","follow":"follow","max-snippet":"max-snippet:-1","max-image-preview":"max-image-preview:large","max-video-preview":"max-video-preview:-1"},"canonical":"https:\/\/ajatutaja.com\/izdelek\/tople-nosecniske-pajkice-popek-videz-usnja-z-vzorcem\/","og_locale":"hr_HR","og_type":"article","og_title":"Tople nose\u010dni\u0161ke pajkice Popek - videz usnja z vzorcem | Ajatutaja","og_description":"Tople nose\u010dni\u0161ke pajkice v videzu usnja, so must have za vsako nose\u010dnico, ki sledi modi. Na vrhu je visok elasti\u010den pas, ki lepo objame trebu\u0161\u010dek in ne ti\u0161\u010di.","og_url":"https:\/\/ajatutaja.com\/izdelek\/tople-nosecniske-pajkice-popek-videz-usnja-z-vzorcem\/","og_site_name":"Ajatutaja","article_modified_time":"2025-11-07T12:28:44+00:00","og_image":[{"width":753,"height":1130,"url":"https:\/\/ajatutaja.com\/wp-content\/uploads\/2020\/12\/nosecniske-pajkice-videz-usnja-z-vzorcem-tople-popek-3.webp","type":"image\/webp"}],"twitter_card":"summary_large_image","twitter_misc":{"Procijenjeno vrijeme \u010ditanja":"1 minuta"},"schema":{"@context":"https:\/\/schema.org","@graph":[{"@type":"WebPage","@id":"https:\/\/ajatutaja.com\/izdelek\/tople-nosecniske-pajkice-popek-videz-usnja-z-vzorcem\/","url":"https:\/\/ajatutaja.com\/izdelek\/tople-nosecniske-pajkice-popek-videz-usnja-z-vzorcem\/","name":"Tople nose\u010dni\u0161ke pajkice Popek - videz usnja z vzorcem | Ajatutaja","isPartOf":{"@id":"https:\/\/ajatutaja.com\/#website"},"primaryImageOfPage":{"@id":"https:\/\/ajatutaja.com\/izdelek\/tople-nosecniske-pajkice-popek-videz-usnja-z-vzorcem\/#primaryimage"},"image":{"@id":"https:\/\/ajatutaja.com\/izdelek\/tople-nosecniske-pajkice-popek-videz-usnja-z-vzorcem\/#primaryimage"},"thumbnailUrl":"https:\/\/ajatutaja.com\/wp-content\/uploads\/2020\/12\/nosecniske-pajkice-videz-usnja-z-vzorcem-tople-popek-3.webp","datePublished":"2025-11-07T12:20:34+00:00","dateModified":"2025-11-07T12:28:44+00:00","description":"Tople nose\u010dni\u0161ke pajkice v videzu usnja, so must have za vsako nose\u010dnico, ki sledi modi. Na vrhu je visok elasti\u010den pas, ki lepo objame trebu\u0161\u010dek in ne ti\u0161\u010di.","breadcrumb":{"@id":"https:\/\/ajatutaja.com\/izdelek\/tople-nosecniske-pajkice-popek-videz-usnja-z-vzorcem\/#breadcrumb"},"inLanguage":"hr","potentialAction":[{"@type":"ReadAction","target":["https:\/\/ajatutaja.com\/izdelek\/tople-nosecniske-pajkice-popek-videz-usnja-z-vzorcem\/"]}]},{"@type":"ImageObject","inLanguage":"hr","@id":"https:\/\/ajatutaja.com\/izdelek\/tople-nosecniske-pajkice-popek-videz-usnja-z-vzorcem\/#primaryimage","url":"https:\/\/ajatutaja.com\/wp-content\/uploads\/2020\/12\/nosecniske-pajkice-videz-usnja-z-vzorcem-tople-popek-3.webp","contentUrl":"https:\/\/ajatutaja.com\/wp-content\/uploads\/2020\/12\/nosecniske-pajkice-videz-usnja-z-vzorcem-tople-popek-3.webp","width":753,"height":1130},{"@type":"BreadcrumbList","@id":"https:\/\/ajatutaja.com\/izdelek\/tople-nosecniske-pajkice-popek-videz-usnja-z-vzorcem\/#breadcrumb","itemListElement":[{"@type":"ListItem","position":1,"name":"Home","item":"https:\/\/ajatutaja.com\/hr\/"},{"@type":"ListItem","position":2,"name":"Trgovina","item":"https:\/\/ajatutaja.com\/hr\/trgovina\/"},{"@type":"ListItem","position":3,"name":"Tople nose\u010dni\u0161ke pajkice Popek &#8211; videz usnja z vzorcem"}]},{"@type":"WebSite","@id":"https:\/\/ajatutaja.com\/#website","url":"https:\/\/ajatutaja.com\/","name":"Ajatutaja","description":"Otro\u0161ka spletna trgovina AJATUTAJA","publisher":{"@id":"https:\/\/ajatutaja.com\/#organization"},"potentialAction":[{"@type":"SearchAction","target":{"@type":"EntryPoint","urlTemplate":"https:\/\/ajatutaja.com\/?s={search_term_string}"},"query-input":{"@type":"PropertyValueSpecification","valueRequired":true,"valueName":"search_term_string"}}],"inLanguage":"hr"},{"@type":"Organization","@id":"https:\/\/ajatutaja.com\/#organization","name":"Ajatutaja","url":"https:\/\/ajatutaja.com\/","logo":{"@type":"ImageObject","inLanguage":"hr","@id":"https:\/\/ajatutaja.com\/#\/schema\/logo\/image\/","url":"https:\/\/ajatutaja.com\/wp-content\/uploads\/2021\/10\/logo.png","contentUrl":"https:\/\/ajatutaja.com\/wp-content\/uploads\/2021\/10\/logo.png","width":555,"height":150,"caption":"Ajatutaja"},"image":{"@id":"https:\/\/ajatutaja.com\/#\/schema\/logo\/image\/"}}]}},"brands":[{"id":2267,"name":"Nose\u010dnost","slug":"nosecnost"},{"id":2270,"name":"Popek","slug":"popek"}],"_links":{"self":[{"href":"https:\/\/ajatutaja.com\/hr\/wp-json\/wp\/v2\/product\/82066","targetHints":{"allow":["GET"]}}],"collection":[{"href":"https:\/\/ajatutaja.com\/hr\/wp-json\/wp\/v2\/product"}],"about":[{"href":"https:\/\/ajatutaja.com\/hr\/wp-json\/wp\/v2\/types\/product"}],"wp:featuredmedia":[{"embeddable":true,"href":"https:\/\/ajatutaja.com\/hr\/wp-json\/wp\/v2\/media\/82056"}],"wp:attachment":[{"href":"https:\/\/ajatutaja.com\/hr\/wp-json\/wp\/v2\/media?parent=82066"}],"wp:term":[{"taxonomy":"pwb-brand","embeddable":true,"href":"https:\/\/ajatutaja.com\/hr\/wp-json\/wp\/v2\/pwb-brand?post=82066"},{"taxonomy":"product_brand","embeddable":true,"href":"https:\/\/ajatutaja.com\/hr\/wp-json\/wp\/v2\/product_brand?post=82066"},{"taxonomy":"product_cat","embeddable":true,"href":"https:\/\/ajatutaja.com\/hr\/wp-json\/wp\/v2\/product_cat?post=82066"},{"taxonomy":"product_tag","embeddable":true,"href":"https:\/\/ajatutaja.com\/hr\/wp-json\/wp\/v2\/product_tag?post=82066"}],"curies":[{"name":"wp","href":"https:\/\/api.w.org\/{rel}","templated":true}]}}