{"id":82034,"date":"2025-11-07T12:45:22","date_gmt":"2025-11-07T11:45:22","guid":{"rendered":"https:\/\/ajatutaja.com\/?post_type=product&#038;p=82034"},"modified":"2026-03-12T14:54:28","modified_gmt":"2026-03-12T13:54:28","slug":"leseno-vozilo-s-soferjem-little-dutch-taksi","status":"publish","type":"product","link":"https:\/\/ajatutaja.com\/hr\/proizvod\/leseno-vozilo-s-soferjem-little-dutch-taksi\/","title":{"rendered":"Leseno vozilo s \u0161oferjem Little Dutch &#8211; Taksi"},"content":{"rendered":"<p>[vc_row][vc_column][vc_column_text]<\/p>\n<h4>Gradbeno vozilo s \u0161oferjem Little Dutch ima naslednje lastnosti:<\/h4>\n<ul>\n<li>Izdelano iz lesa (FSC)<\/li>\n<li>Barvano z otrokom prijaznimi barvami na vodni osnovi<\/li>\n<li>Dimenzije: 13,5 x 11 x 7,2 cm<\/li>\n<li>Starost otroka: 18 mes+<\/li>\n<li>\u010ci\u0161\u010denje z mehko in vla\u017eno krpo<\/li>\n<\/ul>\n<p>Nizozemski proizvajalec Little Dutch izdeluje brez\u010dasne igra\u010de visoke kakovosti, z elegantnimi barvami, odtisi in ilustracijami. Vsi izdelki so skladni z evropskimi direktivami in se proizvajajo brez dela otrok in na dru\u017ebeno odgovoren na\u010din.[\/vc_column_text][\/vc_column][\/vc_row]<\/p>\n","protected":false},"excerpt":{"rendered":"<p style=\"text-align: justify\">Leseno vozilo s \u0161oferjem Taksi je opremljen s taksistom. Gumijasta kolesa zagotavljajo gladko vo\u017enjo brez prask na parketu. Zdru\u017eite to igra\u010do z drugimi gradbenimi vozili za neskon\u010dno zabavo pri igri.<\/p>\n","protected":false},"featured_media":82035,"template":"","meta":[],"pwb-brand":[2452,2457],"product_brand":[],"product_cat":[3990,2715,2712,2362,2448,2443],"product_tag":[4002,6321],"class_list":{"0":"post-82034","1":"product","2":"type-product","3":"status-publish","4":"has-post-thumbnail","6":"pwb-brand-igranje","7":"pwb-brand-little-dutch-igra","8":"product_cat-18-mesecev-igrace","9":"product_cat-darilo-do-15e","10":"product_cat-darilo-za-decka","11":"product_cat-igranje","12":"product_cat-igranje-vlog","13":"product_cat-lesene-igrace","14":"product_tag-little-dutch","15":"product_tag-mali-gradbenik","17":"first","18":"instock","19":"taxable","20":"shipping-taxable","21":"purchasable","22":"product-type-simple","23":"add-to-wishlist-before_image"},"yoast_head":"<!-- This site is optimized with the Yoast SEO plugin v27.3 - https:\/\/yoast.com\/product\/yoast-seo-wordpress\/ -->\n<title>Leseno vozilo s \u0161oferjem Little Dutch - Taksi | Ajatutaja<\/title>\n<meta name=\"description\" content=\"Leseno vozilo s \u0161oferjem Taksi je opremljen s taksistom. Gumijasta kolesa zagotavljajo gladko vo\u017enjo brez prask na parketu.\" \/>\n<meta name=\"robots\" content=\"index, follow, max-snippet:-1, max-image-preview:large, max-video-preview:-1\" \/>\n<link rel=\"canonical\" href=\"https:\/\/ajatutaja.com\/izdelek\/leseno-vozilo-s-soferjem-little-dutch-taksi\/\" \/>\n<meta property=\"og:locale\" content=\"hr_HR\" \/>\n<meta property=\"og:type\" content=\"article\" \/>\n<meta property=\"og:title\" content=\"Leseno vozilo s \u0161oferjem Little Dutch - Taksi | Ajatutaja\" \/>\n<meta property=\"og:description\" content=\"Leseno vozilo s \u0161oferjem Taksi je opremljen s taksistom. Gumijasta kolesa zagotavljajo gladko vo\u017enjo brez prask na parketu.\" \/>\n<meta property=\"og:url\" content=\"https:\/\/ajatutaja.com\/izdelek\/leseno-vozilo-s-soferjem-little-dutch-taksi\/\" \/>\n<meta property=\"og:site_name\" content=\"Ajatutaja\" \/>\n<meta property=\"article:modified_time\" content=\"2026-03-12T13:54:28+00:00\" \/>\n<meta property=\"og:image\" content=\"https:\/\/ajatutaja.com\/wp-content\/uploads\/2025\/11\/Little-Dutch-Leseno-vozilo-taksi1.jpg\" \/>\n\t<meta property=\"og:image:width\" content=\"600\" \/>\n\t<meta property=\"og:image:height\" content=\"600\" \/>\n\t<meta property=\"og:image:type\" content=\"image\/jpeg\" \/>\n<meta name=\"twitter:card\" content=\"summary_large_image\" \/>\n<script type=\"application\/ld+json\" class=\"yoast-schema-graph\">{\"@context\":\"https:\\\/\\\/schema.org\",\"@graph\":[{\"@type\":\"WebPage\",\"@id\":\"https:\\\/\\\/ajatutaja.com\\\/izdelek\\\/leseno-vozilo-s-soferjem-little-dutch-taksi\\\/\",\"url\":\"https:\\\/\\\/ajatutaja.com\\\/izdelek\\\/leseno-vozilo-s-soferjem-little-dutch-taksi\\\/\",\"name\":\"Leseno vozilo s \u0161oferjem Little Dutch - Taksi | Ajatutaja\",\"isPartOf\":{\"@id\":\"https:\\\/\\\/ajatutaja.com\\\/#website\"},\"primaryImageOfPage\":{\"@id\":\"https:\\\/\\\/ajatutaja.com\\\/izdelek\\\/leseno-vozilo-s-soferjem-little-dutch-taksi\\\/#primaryimage\"},\"image\":{\"@id\":\"https:\\\/\\\/ajatutaja.com\\\/izdelek\\\/leseno-vozilo-s-soferjem-little-dutch-taksi\\\/#primaryimage\"},\"thumbnailUrl\":\"https:\\\/\\\/ajatutaja.com\\\/wp-content\\\/uploads\\\/2025\\\/11\\\/Little-Dutch-Leseno-vozilo-taksi1.jpg\",\"datePublished\":\"2025-11-07T11:45:22+00:00\",\"dateModified\":\"2026-03-12T13:54:28+00:00\",\"description\":\"Leseno vozilo s \u0161oferjem Taksi je opremljen s taksistom. Gumijasta kolesa zagotavljajo gladko vo\u017enjo brez prask na parketu.\",\"breadcrumb\":{\"@id\":\"https:\\\/\\\/ajatutaja.com\\\/izdelek\\\/leseno-vozilo-s-soferjem-little-dutch-taksi\\\/#breadcrumb\"},\"inLanguage\":\"hr\",\"potentialAction\":[{\"@type\":\"ReadAction\",\"target\":[\"https:\\\/\\\/ajatutaja.com\\\/izdelek\\\/leseno-vozilo-s-soferjem-little-dutch-taksi\\\/\"]}]},{\"@type\":\"ImageObject\",\"inLanguage\":\"hr\",\"@id\":\"https:\\\/\\\/ajatutaja.com\\\/izdelek\\\/leseno-vozilo-s-soferjem-little-dutch-taksi\\\/#primaryimage\",\"url\":\"https:\\\/\\\/ajatutaja.com\\\/wp-content\\\/uploads\\\/2025\\\/11\\\/Little-Dutch-Leseno-vozilo-taksi1.jpg\",\"contentUrl\":\"https:\\\/\\\/ajatutaja.com\\\/wp-content\\\/uploads\\\/2025\\\/11\\\/Little-Dutch-Leseno-vozilo-taksi1.jpg\",\"width\":600,\"height\":600},{\"@type\":\"BreadcrumbList\",\"@id\":\"https:\\\/\\\/ajatutaja.com\\\/izdelek\\\/leseno-vozilo-s-soferjem-little-dutch-taksi\\\/#breadcrumb\",\"itemListElement\":[{\"@type\":\"ListItem\",\"position\":1,\"name\":\"Home\",\"item\":\"https:\\\/\\\/ajatutaja.com\\\/hr\\\/\"},{\"@type\":\"ListItem\",\"position\":2,\"name\":\"Trgovina\",\"item\":\"https:\\\/\\\/ajatutaja.com\\\/hr\\\/trgovina\\\/\"},{\"@type\":\"ListItem\",\"position\":3,\"name\":\"Leseno vozilo s \u0161oferjem Little Dutch &#8211; Taksi\"}]},{\"@type\":\"WebSite\",\"@id\":\"https:\\\/\\\/ajatutaja.com\\\/#website\",\"url\":\"https:\\\/\\\/ajatutaja.com\\\/\",\"name\":\"Ajatutaja\",\"description\":\"Otro\u0161ka spletna trgovina AJATUTAJA\",\"publisher\":{\"@id\":\"https:\\\/\\\/ajatutaja.com\\\/#organization\"},\"potentialAction\":[{\"@type\":\"SearchAction\",\"target\":{\"@type\":\"EntryPoint\",\"urlTemplate\":\"https:\\\/\\\/ajatutaja.com\\\/?s={search_term_string}\"},\"query-input\":{\"@type\":\"PropertyValueSpecification\",\"valueRequired\":true,\"valueName\":\"search_term_string\"}}],\"inLanguage\":\"hr\"},{\"@type\":\"Organization\",\"@id\":\"https:\\\/\\\/ajatutaja.com\\\/#organization\",\"name\":\"Ajatutaja\",\"url\":\"https:\\\/\\\/ajatutaja.com\\\/\",\"logo\":{\"@type\":\"ImageObject\",\"inLanguage\":\"hr\",\"@id\":\"https:\\\/\\\/ajatutaja.com\\\/#\\\/schema\\\/logo\\\/image\\\/\",\"url\":\"https:\\\/\\\/ajatutaja.com\\\/wp-content\\\/uploads\\\/2021\\\/10\\\/logo.png\",\"contentUrl\":\"https:\\\/\\\/ajatutaja.com\\\/wp-content\\\/uploads\\\/2021\\\/10\\\/logo.png\",\"width\":555,\"height\":150,\"caption\":\"Ajatutaja\"},\"image\":{\"@id\":\"https:\\\/\\\/ajatutaja.com\\\/#\\\/schema\\\/logo\\\/image\\\/\"}}]}<\/script>\n<!-- \/ Yoast SEO plugin. -->","yoast_head_json":{"title":"Leseno vozilo s \u0161oferjem Little Dutch - Taksi | Ajatutaja","description":"Leseno vozilo s \u0161oferjem Taksi je opremljen s taksistom. Gumijasta kolesa zagotavljajo gladko vo\u017enjo brez prask na parketu.","robots":{"index":"index","follow":"follow","max-snippet":"max-snippet:-1","max-image-preview":"max-image-preview:large","max-video-preview":"max-video-preview:-1"},"canonical":"https:\/\/ajatutaja.com\/izdelek\/leseno-vozilo-s-soferjem-little-dutch-taksi\/","og_locale":"hr_HR","og_type":"article","og_title":"Leseno vozilo s \u0161oferjem Little Dutch - Taksi | Ajatutaja","og_description":"Leseno vozilo s \u0161oferjem Taksi je opremljen s taksistom. Gumijasta kolesa zagotavljajo gladko vo\u017enjo brez prask na parketu.","og_url":"https:\/\/ajatutaja.com\/izdelek\/leseno-vozilo-s-soferjem-little-dutch-taksi\/","og_site_name":"Ajatutaja","article_modified_time":"2026-03-12T13:54:28+00:00","og_image":[{"width":600,"height":600,"url":"https:\/\/ajatutaja.com\/wp-content\/uploads\/2025\/11\/Little-Dutch-Leseno-vozilo-taksi1.jpg","type":"image\/jpeg"}],"twitter_card":"summary_large_image","schema":{"@context":"https:\/\/schema.org","@graph":[{"@type":"WebPage","@id":"https:\/\/ajatutaja.com\/izdelek\/leseno-vozilo-s-soferjem-little-dutch-taksi\/","url":"https:\/\/ajatutaja.com\/izdelek\/leseno-vozilo-s-soferjem-little-dutch-taksi\/","name":"Leseno vozilo s \u0161oferjem Little Dutch - Taksi | Ajatutaja","isPartOf":{"@id":"https:\/\/ajatutaja.com\/#website"},"primaryImageOfPage":{"@id":"https:\/\/ajatutaja.com\/izdelek\/leseno-vozilo-s-soferjem-little-dutch-taksi\/#primaryimage"},"image":{"@id":"https:\/\/ajatutaja.com\/izdelek\/leseno-vozilo-s-soferjem-little-dutch-taksi\/#primaryimage"},"thumbnailUrl":"https:\/\/ajatutaja.com\/wp-content\/uploads\/2025\/11\/Little-Dutch-Leseno-vozilo-taksi1.jpg","datePublished":"2025-11-07T11:45:22+00:00","dateModified":"2026-03-12T13:54:28+00:00","description":"Leseno vozilo s \u0161oferjem Taksi je opremljen s taksistom. Gumijasta kolesa zagotavljajo gladko vo\u017enjo brez prask na parketu.","breadcrumb":{"@id":"https:\/\/ajatutaja.com\/izdelek\/leseno-vozilo-s-soferjem-little-dutch-taksi\/#breadcrumb"},"inLanguage":"hr","potentialAction":[{"@type":"ReadAction","target":["https:\/\/ajatutaja.com\/izdelek\/leseno-vozilo-s-soferjem-little-dutch-taksi\/"]}]},{"@type":"ImageObject","inLanguage":"hr","@id":"https:\/\/ajatutaja.com\/izdelek\/leseno-vozilo-s-soferjem-little-dutch-taksi\/#primaryimage","url":"https:\/\/ajatutaja.com\/wp-content\/uploads\/2025\/11\/Little-Dutch-Leseno-vozilo-taksi1.jpg","contentUrl":"https:\/\/ajatutaja.com\/wp-content\/uploads\/2025\/11\/Little-Dutch-Leseno-vozilo-taksi1.jpg","width":600,"height":600},{"@type":"BreadcrumbList","@id":"https:\/\/ajatutaja.com\/izdelek\/leseno-vozilo-s-soferjem-little-dutch-taksi\/#breadcrumb","itemListElement":[{"@type":"ListItem","position":1,"name":"Home","item":"https:\/\/ajatutaja.com\/hr\/"},{"@type":"ListItem","position":2,"name":"Trgovina","item":"https:\/\/ajatutaja.com\/hr\/trgovina\/"},{"@type":"ListItem","position":3,"name":"Leseno vozilo s \u0161oferjem Little Dutch &#8211; Taksi"}]},{"@type":"WebSite","@id":"https:\/\/ajatutaja.com\/#website","url":"https:\/\/ajatutaja.com\/","name":"Ajatutaja","description":"Otro\u0161ka spletna trgovina AJATUTAJA","publisher":{"@id":"https:\/\/ajatutaja.com\/#organization"},"potentialAction":[{"@type":"SearchAction","target":{"@type":"EntryPoint","urlTemplate":"https:\/\/ajatutaja.com\/?s={search_term_string}"},"query-input":{"@type":"PropertyValueSpecification","valueRequired":true,"valueName":"search_term_string"}}],"inLanguage":"hr"},{"@type":"Organization","@id":"https:\/\/ajatutaja.com\/#organization","name":"Ajatutaja","url":"https:\/\/ajatutaja.com\/","logo":{"@type":"ImageObject","inLanguage":"hr","@id":"https:\/\/ajatutaja.com\/#\/schema\/logo\/image\/","url":"https:\/\/ajatutaja.com\/wp-content\/uploads\/2021\/10\/logo.png","contentUrl":"https:\/\/ajatutaja.com\/wp-content\/uploads\/2021\/10\/logo.png","width":555,"height":150,"caption":"Ajatutaja"},"image":{"@id":"https:\/\/ajatutaja.com\/#\/schema\/logo\/image\/"}}]}},"brands":[{"id":2452,"name":"Igranje","slug":"igranje"},{"id":2457,"name":"Little Dutch","slug":"little-dutch-igra"}],"_links":{"self":[{"href":"https:\/\/ajatutaja.com\/hr\/wp-json\/wp\/v2\/product\/82034","targetHints":{"allow":["GET"]}}],"collection":[{"href":"https:\/\/ajatutaja.com\/hr\/wp-json\/wp\/v2\/product"}],"about":[{"href":"https:\/\/ajatutaja.com\/hr\/wp-json\/wp\/v2\/types\/product"}],"wp:featuredmedia":[{"embeddable":true,"href":"https:\/\/ajatutaja.com\/hr\/wp-json\/wp\/v2\/media\/82035"}],"wp:attachment":[{"href":"https:\/\/ajatutaja.com\/hr\/wp-json\/wp\/v2\/media?parent=82034"}],"wp:term":[{"taxonomy":"pwb-brand","embeddable":true,"href":"https:\/\/ajatutaja.com\/hr\/wp-json\/wp\/v2\/pwb-brand?post=82034"},{"taxonomy":"product_brand","embeddable":true,"href":"https:\/\/ajatutaja.com\/hr\/wp-json\/wp\/v2\/product_brand?post=82034"},{"taxonomy":"product_cat","embeddable":true,"href":"https:\/\/ajatutaja.com\/hr\/wp-json\/wp\/v2\/product_cat?post=82034"},{"taxonomy":"product_tag","embeddable":true,"href":"https:\/\/ajatutaja.com\/hr\/wp-json\/wp\/v2\/product_tag?post=82034"}],"curies":[{"name":"wp","href":"https:\/\/api.w.org\/{rel}","templated":true}]}}