{"id":81708,"date":"2025-10-28T09:25:19","date_gmt":"2025-10-28T08:25:19","guid":{"rendered":"https:\/\/ajatutaja.com\/?post_type=product&#038;p=81708"},"modified":"2026-04-20T11:16:57","modified_gmt":"2026-04-20T09:16:57","slug":"previjalna-torba-kikkaboo-florence-secret-garden","status":"publish","type":"product","link":"https:\/\/ajatutaja.com\/hr\/proizvod\/previjalna-torba-kikkaboo-florence-secret-garden\/","title":{"rendered":"Previjalna torba KikkaBoo\u00ae Florence Secret Garden"},"content":{"rendered":"<p>[vc_row][vc_column][vc_column_text]Kikkaboo Florence je luksuzna previjalna torba za vozi\u010dek, ki zdru\u017euje eleganten dizajn in prakti\u010dnost. Kar jo naredi nepogre\u0161ljiv pripomo\u010dek za sodobne star\u0161e. Izdelana iz visokokakovostnih materialov s \u010dudovitim dizajnerskim potiskom, ta torba ni le modna, temve\u010d tudi izjemno funkcionalna. Ne glede na to, ali greste na kratek sprehod ali dalj\u0161e potovanje, vam torba omogo\u010da, da imate vse dojen\u010dkove potreb\u0161\u010dine dobro organizirane in vedno pri roki!<\/p>\n<h4>Lastnosti previjalne torbe za vozi\u010dek Kikkaboo Florence:<\/h4>\n<ul>\n<li>Deluxe satenasta tkanina: Luksuzna in trpe\u017ena.<\/li>\n<li>Vklju\u010duje spredaj vgrajeno previjalno podlogo, dodatni \u017eep in neposreden dostop do glavnega prostora.<\/li>\n<li>Sponke za enostavno pritrditev na ro\u010daj vozi\u010dka: Proste roke med sprehodom.<\/li>\n<li>Glavni \u017eep s \u0161iroko odprtino: Enostaven dostop do potreb\u0161\u010din.<\/li>\n<li>Organizacijski \u017eepi: Ohranjajo plenice in obla\u010dila lepo urejene.<\/li>\n<li>Vodoodporni \u017eep za mokre predmete: Idealno za shranjevanje mokrih predmetov.<\/li>\n<li>Dv predela za stekleni\u010dke: Ohranjata temperaturo teko\u010din ve\u010d ur.<\/li>\n<li>Zadrga na zadnji strani: Omogo\u010da dostop do dna glavnega predelka.<\/li>\n<li>Trak za pritrditev na kov\u010dek: Omogo\u010da enostavno pritrditev na kov\u010dek za la\u017eje potovanje.<\/li>\n<li>Nastavljiv ro\u010daj: Mo\u017enost no\u0161enja kot nahrbtnik ali torba za ramo.<\/li>\n<li>Material: 100 % poliester \u2013 trpe\u017een, lahek in enostaven za \u010di\u0161\u010denje.<\/li>\n<li>Dimenzije:43x17x35 cm.<\/li>\n<li>\u010ci\u0161\u010denje z vla\u017eno krpo in blagim \u010distilom.<\/li>\n<\/ul>\n<p>[\/vc_column_text][\/vc_column][\/vc_row]<\/p>\n","protected":false},"excerpt":{"rendered":"<p style=\"text-align: justify\">\u010cudovita in prostorna torba za vozi\u010dek KikkaBoo Florence iz kolekcije Secret Garden slu\u017ei kot previjalna torba in so nepogre\u0161ljiv modni dodatek vsake mamice.<\/p>\n","protected":false},"featured_media":81709,"template":"","meta":[],"pwb-brand":[5686,2409],"product_brand":[],"product_cat":[2710,2262,2361,2398,2373],"product_tag":[5679,5685,5713],"class_list":{"0":"post-81708","1":"product","2":"type-product","3":"status-publish","4":"has-post-thumbnail","6":"pwb-brand-kikkaboo-potepanje","7":"pwb-brand-potepanje","8":"product_cat-babyshower-darila","9":"product_cat-darilo-za-nosecnico","10":"product_cat-potepanje","11":"product_cat-previjalne-torbe","12":"product_cat-previjalne-torbe-za-vozicek","13":"product_tag-kikkaboo","14":"product_tag-kikkaboo-siena","15":"product_tag-secret-garden","17":"first","18":"instock","19":"taxable","20":"shipping-taxable","21":"purchasable","22":"product-type-simple","23":"add-to-wishlist-before_image"},"yoast_head":"<!-- This site is optimized with the Yoast SEO plugin v27.6 - https:\/\/yoast.com\/product\/yoast-seo-wordpress\/ -->\n<title>Previjalna torba KikkaBoo\u00ae Florence Secret Garden | Ajatutaja<\/title>\n<meta name=\"description\" content=\"\u010cudovita in prostorna torba za vozi\u010dek KikkaBoo Florence iz kolekcije Secret Garden slu\u017ei kot previjalna torba in so nepogre\u0161ljiv modni dodatek vsake mamice.\" \/>\n<meta name=\"robots\" content=\"index, follow, max-snippet:-1, max-image-preview:large, max-video-preview:-1\" \/>\n<link rel=\"canonical\" href=\"https:\/\/ajatutaja.com\/izdelek\/previjalna-torba-kikkaboo-florence-secret-garden\/\" \/>\n<meta property=\"og:locale\" content=\"hr_HR\" \/>\n<meta property=\"og:type\" content=\"article\" \/>\n<meta property=\"og:title\" content=\"Previjalna torba KikkaBoo\u00ae Florence Secret Garden | Ajatutaja\" \/>\n<meta property=\"og:description\" content=\"\u010cudovita in prostorna torba za vozi\u010dek KikkaBoo Florence iz kolekcije Secret Garden slu\u017ei kot previjalna torba in so nepogre\u0161ljiv modni dodatek vsake mamice.\" \/>\n<meta property=\"og:url\" content=\"https:\/\/ajatutaja.com\/izdelek\/previjalna-torba-kikkaboo-florence-secret-garden\/\" \/>\n<meta property=\"og:site_name\" content=\"Ajatutaja\" \/>\n<meta property=\"article:modified_time\" content=\"2026-04-20T09:16:57+00:00\" \/>\n<meta property=\"og:image\" content=\"https:\/\/ajatutaja.com\/wp-content\/uploads\/2025\/11\/Kikkaboo-previjalna-torba-florence-secret-garden-beige-1.webp\" \/>\n\t<meta property=\"og:image:width\" content=\"1080\" \/>\n\t<meta property=\"og:image:height\" content=\"1080\" \/>\n\t<meta property=\"og:image:type\" content=\"image\/webp\" \/>\n<meta name=\"twitter:card\" content=\"summary_large_image\" \/>\n<meta name=\"twitter:label1\" content=\"Procijenjeno vrijeme \u010ditanja\" \/>\n\t<meta name=\"twitter:data1\" content=\"1 minuta\" \/>\n<script type=\"application\/ld+json\" class=\"yoast-schema-graph\">{\"@context\":\"https:\\\/\\\/schema.org\",\"@graph\":[{\"@type\":\"WebPage\",\"@id\":\"https:\\\/\\\/ajatutaja.com\\\/izdelek\\\/previjalna-torba-kikkaboo-florence-secret-garden\\\/\",\"url\":\"https:\\\/\\\/ajatutaja.com\\\/izdelek\\\/previjalna-torba-kikkaboo-florence-secret-garden\\\/\",\"name\":\"Previjalna torba KikkaBoo\u00ae Florence Secret Garden | Ajatutaja\",\"isPartOf\":{\"@id\":\"https:\\\/\\\/ajatutaja.com\\\/#website\"},\"primaryImageOfPage\":{\"@id\":\"https:\\\/\\\/ajatutaja.com\\\/izdelek\\\/previjalna-torba-kikkaboo-florence-secret-garden\\\/#primaryimage\"},\"image\":{\"@id\":\"https:\\\/\\\/ajatutaja.com\\\/izdelek\\\/previjalna-torba-kikkaboo-florence-secret-garden\\\/#primaryimage\"},\"thumbnailUrl\":\"https:\\\/\\\/ajatutaja.com\\\/wp-content\\\/uploads\\\/2025\\\/11\\\/Kikkaboo-previjalna-torba-florence-secret-garden-beige-1.webp\",\"datePublished\":\"2025-10-28T08:25:19+00:00\",\"dateModified\":\"2026-04-20T09:16:57+00:00\",\"description\":\"\u010cudovita in prostorna torba za vozi\u010dek KikkaBoo Florence iz kolekcije Secret Garden slu\u017ei kot previjalna torba in so nepogre\u0161ljiv modni dodatek vsake mamice.\",\"breadcrumb\":{\"@id\":\"https:\\\/\\\/ajatutaja.com\\\/izdelek\\\/previjalna-torba-kikkaboo-florence-secret-garden\\\/#breadcrumb\"},\"inLanguage\":\"hr\",\"potentialAction\":[{\"@type\":\"ReadAction\",\"target\":[\"https:\\\/\\\/ajatutaja.com\\\/izdelek\\\/previjalna-torba-kikkaboo-florence-secret-garden\\\/\"]}]},{\"@type\":\"ImageObject\",\"inLanguage\":\"hr\",\"@id\":\"https:\\\/\\\/ajatutaja.com\\\/izdelek\\\/previjalna-torba-kikkaboo-florence-secret-garden\\\/#primaryimage\",\"url\":\"https:\\\/\\\/ajatutaja.com\\\/wp-content\\\/uploads\\\/2025\\\/11\\\/Kikkaboo-previjalna-torba-florence-secret-garden-beige-1.webp\",\"contentUrl\":\"https:\\\/\\\/ajatutaja.com\\\/wp-content\\\/uploads\\\/2025\\\/11\\\/Kikkaboo-previjalna-torba-florence-secret-garden-beige-1.webp\",\"width\":1080,\"height\":1080},{\"@type\":\"BreadcrumbList\",\"@id\":\"https:\\\/\\\/ajatutaja.com\\\/izdelek\\\/previjalna-torba-kikkaboo-florence-secret-garden\\\/#breadcrumb\",\"itemListElement\":[{\"@type\":\"ListItem\",\"position\":1,\"name\":\"Home\",\"item\":\"https:\\\/\\\/ajatutaja.com\\\/hr\\\/\"},{\"@type\":\"ListItem\",\"position\":2,\"name\":\"Trgovina\",\"item\":\"https:\\\/\\\/ajatutaja.com\\\/hr\\\/trgovina\\\/\"},{\"@type\":\"ListItem\",\"position\":3,\"name\":\"Previjalna torba KikkaBoo\u00ae Florence Secret Garden\"}]},{\"@type\":\"WebSite\",\"@id\":\"https:\\\/\\\/ajatutaja.com\\\/#website\",\"url\":\"https:\\\/\\\/ajatutaja.com\\\/\",\"name\":\"Ajatutaja\",\"description\":\"Otro\u0161ka spletna trgovina AJATUTAJA\",\"publisher\":{\"@id\":\"https:\\\/\\\/ajatutaja.com\\\/#organization\"},\"potentialAction\":[{\"@type\":\"SearchAction\",\"target\":{\"@type\":\"EntryPoint\",\"urlTemplate\":\"https:\\\/\\\/ajatutaja.com\\\/?s={search_term_string}\"},\"query-input\":{\"@type\":\"PropertyValueSpecification\",\"valueRequired\":true,\"valueName\":\"search_term_string\"}}],\"inLanguage\":\"hr\"},{\"@type\":\"Organization\",\"@id\":\"https:\\\/\\\/ajatutaja.com\\\/#organization\",\"name\":\"Ajatutaja\",\"url\":\"https:\\\/\\\/ajatutaja.com\\\/\",\"logo\":{\"@type\":\"ImageObject\",\"inLanguage\":\"hr\",\"@id\":\"https:\\\/\\\/ajatutaja.com\\\/#\\\/schema\\\/logo\\\/image\\\/\",\"url\":\"https:\\\/\\\/ajatutaja.com\\\/wp-content\\\/uploads\\\/2021\\\/10\\\/logo.png\",\"contentUrl\":\"https:\\\/\\\/ajatutaja.com\\\/wp-content\\\/uploads\\\/2021\\\/10\\\/logo.png\",\"width\":555,\"height\":150,\"caption\":\"Ajatutaja\"},\"image\":{\"@id\":\"https:\\\/\\\/ajatutaja.com\\\/#\\\/schema\\\/logo\\\/image\\\/\"}}]}<\/script>\n<!-- \/ Yoast SEO plugin. -->","yoast_head_json":{"title":"Previjalna torba KikkaBoo\u00ae Florence Secret Garden | Ajatutaja","description":"\u010cudovita in prostorna torba za vozi\u010dek KikkaBoo Florence iz kolekcije Secret Garden slu\u017ei kot previjalna torba in so nepogre\u0161ljiv modni dodatek vsake mamice.","robots":{"index":"index","follow":"follow","max-snippet":"max-snippet:-1","max-image-preview":"max-image-preview:large","max-video-preview":"max-video-preview:-1"},"canonical":"https:\/\/ajatutaja.com\/izdelek\/previjalna-torba-kikkaboo-florence-secret-garden\/","og_locale":"hr_HR","og_type":"article","og_title":"Previjalna torba KikkaBoo\u00ae Florence Secret Garden | Ajatutaja","og_description":"\u010cudovita in prostorna torba za vozi\u010dek KikkaBoo Florence iz kolekcije Secret Garden slu\u017ei kot previjalna torba in so nepogre\u0161ljiv modni dodatek vsake mamice.","og_url":"https:\/\/ajatutaja.com\/izdelek\/previjalna-torba-kikkaboo-florence-secret-garden\/","og_site_name":"Ajatutaja","article_modified_time":"2026-04-20T09:16:57+00:00","og_image":[{"width":1080,"height":1080,"url":"https:\/\/ajatutaja.com\/wp-content\/uploads\/2025\/11\/Kikkaboo-previjalna-torba-florence-secret-garden-beige-1.webp","type":"image\/webp"}],"twitter_card":"summary_large_image","twitter_misc":{"Procijenjeno vrijeme \u010ditanja":"1 minuta"},"schema":{"@context":"https:\/\/schema.org","@graph":[{"@type":"WebPage","@id":"https:\/\/ajatutaja.com\/izdelek\/previjalna-torba-kikkaboo-florence-secret-garden\/","url":"https:\/\/ajatutaja.com\/izdelek\/previjalna-torba-kikkaboo-florence-secret-garden\/","name":"Previjalna torba KikkaBoo\u00ae Florence Secret Garden | Ajatutaja","isPartOf":{"@id":"https:\/\/ajatutaja.com\/#website"},"primaryImageOfPage":{"@id":"https:\/\/ajatutaja.com\/izdelek\/previjalna-torba-kikkaboo-florence-secret-garden\/#primaryimage"},"image":{"@id":"https:\/\/ajatutaja.com\/izdelek\/previjalna-torba-kikkaboo-florence-secret-garden\/#primaryimage"},"thumbnailUrl":"https:\/\/ajatutaja.com\/wp-content\/uploads\/2025\/11\/Kikkaboo-previjalna-torba-florence-secret-garden-beige-1.webp","datePublished":"2025-10-28T08:25:19+00:00","dateModified":"2026-04-20T09:16:57+00:00","description":"\u010cudovita in prostorna torba za vozi\u010dek KikkaBoo Florence iz kolekcije Secret Garden slu\u017ei kot previjalna torba in so nepogre\u0161ljiv modni dodatek vsake mamice.","breadcrumb":{"@id":"https:\/\/ajatutaja.com\/izdelek\/previjalna-torba-kikkaboo-florence-secret-garden\/#breadcrumb"},"inLanguage":"hr","potentialAction":[{"@type":"ReadAction","target":["https:\/\/ajatutaja.com\/izdelek\/previjalna-torba-kikkaboo-florence-secret-garden\/"]}]},{"@type":"ImageObject","inLanguage":"hr","@id":"https:\/\/ajatutaja.com\/izdelek\/previjalna-torba-kikkaboo-florence-secret-garden\/#primaryimage","url":"https:\/\/ajatutaja.com\/wp-content\/uploads\/2025\/11\/Kikkaboo-previjalna-torba-florence-secret-garden-beige-1.webp","contentUrl":"https:\/\/ajatutaja.com\/wp-content\/uploads\/2025\/11\/Kikkaboo-previjalna-torba-florence-secret-garden-beige-1.webp","width":1080,"height":1080},{"@type":"BreadcrumbList","@id":"https:\/\/ajatutaja.com\/izdelek\/previjalna-torba-kikkaboo-florence-secret-garden\/#breadcrumb","itemListElement":[{"@type":"ListItem","position":1,"name":"Home","item":"https:\/\/ajatutaja.com\/hr\/"},{"@type":"ListItem","position":2,"name":"Trgovina","item":"https:\/\/ajatutaja.com\/hr\/trgovina\/"},{"@type":"ListItem","position":3,"name":"Previjalna torba KikkaBoo\u00ae Florence Secret Garden"}]},{"@type":"WebSite","@id":"https:\/\/ajatutaja.com\/#website","url":"https:\/\/ajatutaja.com\/","name":"Ajatutaja","description":"Otro\u0161ka spletna trgovina AJATUTAJA","publisher":{"@id":"https:\/\/ajatutaja.com\/#organization"},"potentialAction":[{"@type":"SearchAction","target":{"@type":"EntryPoint","urlTemplate":"https:\/\/ajatutaja.com\/?s={search_term_string}"},"query-input":{"@type":"PropertyValueSpecification","valueRequired":true,"valueName":"search_term_string"}}],"inLanguage":"hr"},{"@type":"Organization","@id":"https:\/\/ajatutaja.com\/#organization","name":"Ajatutaja","url":"https:\/\/ajatutaja.com\/","logo":{"@type":"ImageObject","inLanguage":"hr","@id":"https:\/\/ajatutaja.com\/#\/schema\/logo\/image\/","url":"https:\/\/ajatutaja.com\/wp-content\/uploads\/2021\/10\/logo.png","contentUrl":"https:\/\/ajatutaja.com\/wp-content\/uploads\/2021\/10\/logo.png","width":555,"height":150,"caption":"Ajatutaja"},"image":{"@id":"https:\/\/ajatutaja.com\/#\/schema\/logo\/image\/"}}]}},"brands":[{"id":5686,"name":"KikkaBoo","slug":"kikkaboo-potepanje"},{"id":2409,"name":"Potepanje","slug":"potepanje"}],"_links":{"self":[{"href":"https:\/\/ajatutaja.com\/hr\/wp-json\/wp\/v2\/product\/81708","targetHints":{"allow":["GET"]}}],"collection":[{"href":"https:\/\/ajatutaja.com\/hr\/wp-json\/wp\/v2\/product"}],"about":[{"href":"https:\/\/ajatutaja.com\/hr\/wp-json\/wp\/v2\/types\/product"}],"wp:featuredmedia":[{"embeddable":true,"href":"https:\/\/ajatutaja.com\/hr\/wp-json\/wp\/v2\/media\/81709"}],"wp:attachment":[{"href":"https:\/\/ajatutaja.com\/hr\/wp-json\/wp\/v2\/media?parent=81708"}],"wp:term":[{"taxonomy":"pwb-brand","embeddable":true,"href":"https:\/\/ajatutaja.com\/hr\/wp-json\/wp\/v2\/pwb-brand?post=81708"},{"taxonomy":"product_brand","embeddable":true,"href":"https:\/\/ajatutaja.com\/hr\/wp-json\/wp\/v2\/product_brand?post=81708"},{"taxonomy":"product_cat","embeddable":true,"href":"https:\/\/ajatutaja.com\/hr\/wp-json\/wp\/v2\/product_cat?post=81708"},{"taxonomy":"product_tag","embeddable":true,"href":"https:\/\/ajatutaja.com\/hr\/wp-json\/wp\/v2\/product_tag?post=81708"}],"curies":[{"name":"wp","href":"https:\/\/api.w.org\/{rel}","templated":true}]}}