{"id":81388,"date":"2025-09-23T14:03:19","date_gmt":"2025-09-23T12:03:19","guid":{"rendered":"https:\/\/ajatutaja.com\/?post_type=product&#038;p=81388"},"modified":"2026-02-16T20:45:40","modified_gmt":"2026-02-16T19:45:40","slug":"besafe-beyond-360-black-cab-2025","status":"publish","type":"product","link":"https:\/\/ajatutaja.com\/hr\/proizvod\/besafe-beyond-360-black-cab-2025\/","title":{"rendered":"BeSafe Beyond\u00b2 360 i-Size (61-125cm) &#8211; Black Soft Breeze"},"content":{"rendered":"<p>[vc_row][vc_column][vc_column_text css_animation=&#8221;top-to-bottom&#8221;]Uporaba avtosede\u017ea BeSafe Beyond\u00b2 360 je mo\u017ena le v kombinaciji z IsoFix vrtljivo bazo <a href=\"https:\/\/ajatutaja.com\/izdelek\/isofix-baza-besafe-beyond\/\">BeSafe Beyond<\/a>, ki se kupi lo\u010deno.<\/p>\n<h4>Tehni\u010dne lastnosti avtosede\u017ea BeSafe Beyond\u00b2 360:<\/h4>\n<ul>\n<li>Starostni razpon: pribli\u017eno 6 mesecev &#8211; 6 let<\/li>\n<li>Vi\u0161ina otroka: 61 &#8211; 125 cm<\/li>\n<li>Vi\u0161ina otroka v nasprotni smeri vo\u017enje: 61 &#8211; 125 cm<\/li>\n<li>Vi\u0161ina otroka v smeri vo\u017enje: 88 &#8211; 125 cm<\/li>\n<li>Te\u017ea otroka (maksimalna): 22 kg<\/li>\n<\/ul>\n<p><strong>FUNKCIJE IN NASTAVITVE:<\/strong><\/p>\n<ul>\n<li>360\u00b0 rotacija avtosede\u017ea<\/li>\n<li>6 pozicij naklona<\/li>\n<li>11 nastavitev vi\u0161ine vratnega dela<\/li>\n<li>3 pozicije prostora za noge<\/li>\n<\/ul>\n<p><strong>NAMESTITEV AVTOSEDE\u017dA:<\/strong><\/p>\n<ul>\n<li>2 mo\u017enosti namestive: V nasprotni smeri vo\u017enje \/ v smeri vo\u017enje<\/li>\n<li>Namestitev v avto je izklju\u010dno ISOfix z bazo Besafe Beyond<\/li>\n<\/ul>\n<p><strong>CERTIFIKATI: <\/strong>UN R129 (61-105 cm i-Size, 105-125 cm specifi\u010dno vozilo)<br \/>\n<strong>ADAC OCENA: 1.8\u00a0 <\/strong>BeSafe Beyond 360 je zmagovalec ADAC\/Stiftung Warentest testa 10\/2025<\/p>\n<p><strong>VE\u010cJE UDOBJE: <\/strong><\/p>\n<ul>\n<li>Ergo Cushion\u2122 za podporo spodnjemu delu hrbta (\u2248 3\u20137 let)<\/li>\n<li>Universal Level Technology\u2122 za najbolj\u0161i kot sedenja v vsakem avtomobilu<\/li>\n<li>Velika lupina avtosede\u017ea nudi prostor za gibanje, medtem ko je va\u0161 otrok varno pripet<\/li>\n<li>Raztegljiv prostor za noge do 16 cm pri uporabi v nasprotni smeri vo\u017enje<\/li>\n<li>Nastavljive pozicije naklona za dodatno udobje<\/li>\n<li>Za\u0161\u010ditne blazine zagotavljajo dodatno udobje in stabilnost za manj\u0161e otroke<\/li>\n<li>11-stopenjski nastavljiv vzglavnik, ki raste z va\u0161im otrokom vse do 125 cm<\/li>\n<li>Dober pretok zraka z odprto strukturo pod tekstilno prevleko<strong><br \/>\n<\/strong><\/li>\n<\/ul>\n<p><img loading=\"lazy\" decoding=\"async\" class=\"alignnone wp-image-65663 size-full\" src=\"https:\/\/ajatutaja.com\/wp-content\/uploads\/2024\/06\/Besafe-beyond-360.webp\" alt=\"\" width=\"600\" height=\"600\" srcset=\"https:\/\/ajatutaja.com\/wp-content\/uploads\/2024\/06\/Besafe-beyond-360.webp 600w, https:\/\/ajatutaja.com\/wp-content\/uploads\/2024\/06\/Besafe-beyond-360-300x300.webp 300w, https:\/\/ajatutaja.com\/wp-content\/uploads\/2024\/06\/Besafe-beyond-360-150x150.webp 150w, https:\/\/ajatutaja.com\/wp-content\/uploads\/2024\/06\/Besafe-beyond-360-330x330.webp 330w, https:\/\/ajatutaja.com\/wp-content\/uploads\/2024\/06\/Besafe-beyond-360-100x100.webp 100w\" sizes=\"auto, (max-width: 600px) 100vw, 600px\" \/><\/p>\n<p>1. Varno spanje v le\u017ee\u010dem polo\u017eaju<br \/>\nFunkcija Active Lay Flat\u2122 zagotavlja varno in udobno spanje med vo\u017enjo ter se avtomatsko premakne v pokon\u010den polo\u017eaj v primeru nesre\u010de. Je edinstvena na trgu.<br \/>\n2. Ro\u010daj za prena\u0161anje<br \/>\nSede\u017e izven avtomobila prena\u0161ajte z lahkoto. Ro\u010daj za prena\u0161anje lahko enostavno upravljate le z eno roko. Ro\u010daj za prena\u0161anje deluje varnostno med trkom, saj \u0161\u010diti va\u0161ega dojen\u010dka pred udarci v notranjost avtomobila.<br \/>\n3. Prostor za rast<br \/>\nSede\u017e smo zasnovali tako, da omogo\u010da dovolj prostora za va\u0161ega rasto\u010dega dojen\u010dka. Vse do pribli\u017eno 18 mesecev (87 cm). Sede\u017e enostavno prilagodite tako, da odstranite dodatne blazine in dvignete vzglavnik, ko va\u0161 mal\u010dek raste.<br \/>\n4. Vrtenje za enostaven dostop<br \/>\nSede\u017e se lahko vrti z ene strani na drugo, ko je name\u0161\u010den na ISOfix bazi. Ta funkcija omogo\u010da enostaven dostop skozi vrata avtomobila pri name\u0161\u010danju va\u0161ega dojen\u010dka v sede\u017e, \u0161\u010diti va\u0161 hrbet in olaj\u0161a pripenjanje va\u0161ega mal\u010dka z varnostnimi pasovi.<br \/>\n5. &#8220;Peekaboo&#8221; sen\u010dnik<br \/>\nSen\u010dnik, ki sega nizko, je zasnovan za za\u0161\u010dito va\u0161ega dojen\u010dka pred soncem in vremenom. Sen\u010dnik lahko enostavno prilagodite na vsaki strani, odvisno od smeri son\u010dnih \u017earkov. Funkcija &#8220;Peekaboo&#8221; je popolna za hitro preverjanje va\u0161ega dojen\u010dka, ne da bi motili njegov spanec.<br \/>\n6. Namestitev s pasom ali ISOfix<br \/>\nZa maksimalno prilagodljivost lahko sede\u017e namestite bodisi s sistemom ISOfix z uporabo baze ali z avtomobilskim varnostnim pasom skozi za to namenjene utore.[\/vc_column_text][\/vc_column][\/vc_row]<\/p>\n","protected":false},"excerpt":{"rendered":"<p style=\"text-align: justify\">Otro\u0161ki avtosede\u017e\u00a0BeSafe Beyond\u00b2 360 z Ergo Cushion\u2122 in izbolj\u0161animi tkaninami, nudi podalj\u0161ano uporabo z udobjem popolne 360\u00b0 rotacije. To je prvi vrtljivi avto sede\u017e, odobren za uporabo do 125 cm in 22 kg &#8211; pribli\u017eno 7 leta starosti otroka. Beyond 360 zagotavlja neprimerljivo prilagodljivost in varnost s pametnim blokirnim mehanizmom za varno, podalj\u0161ano uporabo v nasprotni smeri vo\u017enje.<\/p>\n","protected":false},"featured_media":81391,"template":"","meta":[],"pwb-brand":[2351,2352],"product_brand":[],"product_cat":[2339,4477,4476],"product_tag":[4117,5557],"class_list":{"0":"post-81388","1":"product","2":"type-product","3":"status-publish","4":"has-post-thumbnail","6":"pwb-brand-avtosedezi","7":"pwb-brand-besafe","8":"product_cat-avtosedezi","9":"product_cat-i-size-61-105-cm","10":"product_cat-vrtljivi-avtosedezi","11":"product_tag-besafe","12":"product_tag-beyond-modular","14":"first","15":"outofstock","16":"taxable","17":"shipping-taxable","18":"purchasable","19":"product-type-simple","20":"add-to-wishlist-before_image"},"yoast_head":"<!-- This site is optimized with the Yoast SEO plugin v27.3 - https:\/\/yoast.com\/product\/yoast-seo-wordpress\/ -->\n<title>BeSafe Beyond\u00b2 360 i-Size (61-125cm) - Black Soft Breeze | Ajatutaja<\/title>\n<meta name=\"description\" content=\"BeSafe Beyond 360 je najnovej\u0161i avtosede\u017e za mal\u010dke podjetja BeSafe, ki ponuja podalj\u0161ano uporabo z udobjem popolne 360-stopinjske rotacije.\" \/>\n<meta name=\"robots\" content=\"index, follow, max-snippet:-1, max-image-preview:large, max-video-preview:-1\" \/>\n<link rel=\"canonical\" href=\"https:\/\/ajatutaja.com\/izdelek\/besafe-beyond-360-black-cab-2025\/\" \/>\n<meta property=\"og:locale\" content=\"hr_HR\" \/>\n<meta property=\"og:type\" content=\"article\" \/>\n<meta property=\"og:title\" content=\"BeSafe Beyond\u00b2 360 i-Size (61-125cm) - Black Soft Breeze | Ajatutaja\" \/>\n<meta property=\"og:description\" content=\"BeSafe Beyond 360 je najnovej\u0161i avtosede\u017e za mal\u010dke podjetja BeSafe, ki ponuja podalj\u0161ano uporabo z udobjem popolne 360-stopinjske rotacije.\" \/>\n<meta property=\"og:url\" content=\"https:\/\/ajatutaja.com\/izdelek\/besafe-beyond-360-black-cab-2025\/\" \/>\n<meta property=\"og:site_name\" content=\"Ajatutaja\" \/>\n<meta property=\"article:modified_time\" content=\"2026-02-16T19:45:40+00:00\" \/>\n<meta property=\"og:image\" content=\"https:\/\/ajatutaja.com\/wp-content\/uploads\/2025\/10\/11045369_BeSafe_Beyond2-360_Fresh-Black-Cab_Base_Side_Rotated.jpg\" \/>\n\t<meta property=\"og:image:width\" content=\"1000\" \/>\n\t<meta property=\"og:image:height\" content=\"1000\" \/>\n\t<meta property=\"og:image:type\" content=\"image\/jpeg\" \/>\n<meta name=\"twitter:card\" content=\"summary_large_image\" \/>\n<meta name=\"twitter:label1\" content=\"Procijenjeno vrijeme \u010ditanja\" \/>\n\t<meta name=\"twitter:data1\" content=\"1 minuta\" \/>\n<script type=\"application\/ld+json\" class=\"yoast-schema-graph\">{\"@context\":\"https:\\\/\\\/schema.org\",\"@graph\":[{\"@type\":\"WebPage\",\"@id\":\"https:\\\/\\\/ajatutaja.com\\\/izdelek\\\/besafe-beyond-360-black-cab-2025\\\/\",\"url\":\"https:\\\/\\\/ajatutaja.com\\\/izdelek\\\/besafe-beyond-360-black-cab-2025\\\/\",\"name\":\"BeSafe Beyond\u00b2 360 i-Size (61-125cm) - Black Soft Breeze | Ajatutaja\",\"isPartOf\":{\"@id\":\"https:\\\/\\\/ajatutaja.com\\\/#website\"},\"primaryImageOfPage\":{\"@id\":\"https:\\\/\\\/ajatutaja.com\\\/izdelek\\\/besafe-beyond-360-black-cab-2025\\\/#primaryimage\"},\"image\":{\"@id\":\"https:\\\/\\\/ajatutaja.com\\\/izdelek\\\/besafe-beyond-360-black-cab-2025\\\/#primaryimage\"},\"thumbnailUrl\":\"https:\\\/\\\/ajatutaja.com\\\/wp-content\\\/uploads\\\/2025\\\/10\\\/11045369_BeSafe_Beyond2-360_Fresh-Black-Cab_Base_Side_Rotated.jpg\",\"datePublished\":\"2025-09-23T12:03:19+00:00\",\"dateModified\":\"2026-02-16T19:45:40+00:00\",\"description\":\"BeSafe Beyond 360 je najnovej\u0161i avtosede\u017e za mal\u010dke podjetja BeSafe, ki ponuja podalj\u0161ano uporabo z udobjem popolne 360-stopinjske rotacije.\",\"breadcrumb\":{\"@id\":\"https:\\\/\\\/ajatutaja.com\\\/izdelek\\\/besafe-beyond-360-black-cab-2025\\\/#breadcrumb\"},\"inLanguage\":\"hr\",\"potentialAction\":[{\"@type\":\"ReadAction\",\"target\":[\"https:\\\/\\\/ajatutaja.com\\\/izdelek\\\/besafe-beyond-360-black-cab-2025\\\/\"]}]},{\"@type\":\"ImageObject\",\"inLanguage\":\"hr\",\"@id\":\"https:\\\/\\\/ajatutaja.com\\\/izdelek\\\/besafe-beyond-360-black-cab-2025\\\/#primaryimage\",\"url\":\"https:\\\/\\\/ajatutaja.com\\\/wp-content\\\/uploads\\\/2025\\\/10\\\/11045369_BeSafe_Beyond2-360_Fresh-Black-Cab_Base_Side_Rotated.jpg\",\"contentUrl\":\"https:\\\/\\\/ajatutaja.com\\\/wp-content\\\/uploads\\\/2025\\\/10\\\/11045369_BeSafe_Beyond2-360_Fresh-Black-Cab_Base_Side_Rotated.jpg\",\"width\":1000,\"height\":1000},{\"@type\":\"BreadcrumbList\",\"@id\":\"https:\\\/\\\/ajatutaja.com\\\/izdelek\\\/besafe-beyond-360-black-cab-2025\\\/#breadcrumb\",\"itemListElement\":[{\"@type\":\"ListItem\",\"position\":1,\"name\":\"Home\",\"item\":\"https:\\\/\\\/ajatutaja.com\\\/hr\\\/\"},{\"@type\":\"ListItem\",\"position\":2,\"name\":\"Trgovina\",\"item\":\"https:\\\/\\\/ajatutaja.com\\\/hr\\\/trgovina\\\/\"},{\"@type\":\"ListItem\",\"position\":3,\"name\":\"BeSafe Beyond\u00b2 360 i-Size (61-125cm) &#8211; Black Soft Breeze\"}]},{\"@type\":\"WebSite\",\"@id\":\"https:\\\/\\\/ajatutaja.com\\\/#website\",\"url\":\"https:\\\/\\\/ajatutaja.com\\\/\",\"name\":\"Ajatutaja\",\"description\":\"Otro\u0161ka spletna trgovina AJATUTAJA\",\"publisher\":{\"@id\":\"https:\\\/\\\/ajatutaja.com\\\/#organization\"},\"potentialAction\":[{\"@type\":\"SearchAction\",\"target\":{\"@type\":\"EntryPoint\",\"urlTemplate\":\"https:\\\/\\\/ajatutaja.com\\\/?s={search_term_string}\"},\"query-input\":{\"@type\":\"PropertyValueSpecification\",\"valueRequired\":true,\"valueName\":\"search_term_string\"}}],\"inLanguage\":\"hr\"},{\"@type\":\"Organization\",\"@id\":\"https:\\\/\\\/ajatutaja.com\\\/#organization\",\"name\":\"Ajatutaja\",\"url\":\"https:\\\/\\\/ajatutaja.com\\\/\",\"logo\":{\"@type\":\"ImageObject\",\"inLanguage\":\"hr\",\"@id\":\"https:\\\/\\\/ajatutaja.com\\\/#\\\/schema\\\/logo\\\/image\\\/\",\"url\":\"https:\\\/\\\/ajatutaja.com\\\/wp-content\\\/uploads\\\/2021\\\/10\\\/logo.png\",\"contentUrl\":\"https:\\\/\\\/ajatutaja.com\\\/wp-content\\\/uploads\\\/2021\\\/10\\\/logo.png\",\"width\":555,\"height\":150,\"caption\":\"Ajatutaja\"},\"image\":{\"@id\":\"https:\\\/\\\/ajatutaja.com\\\/#\\\/schema\\\/logo\\\/image\\\/\"}}]}<\/script>\n<!-- \/ Yoast SEO plugin. -->","yoast_head_json":{"title":"BeSafe Beyond\u00b2 360 i-Size (61-125cm) - Black Soft Breeze | Ajatutaja","description":"BeSafe Beyond 360 je najnovej\u0161i avtosede\u017e za mal\u010dke podjetja BeSafe, ki ponuja podalj\u0161ano uporabo z udobjem popolne 360-stopinjske rotacije.","robots":{"index":"index","follow":"follow","max-snippet":"max-snippet:-1","max-image-preview":"max-image-preview:large","max-video-preview":"max-video-preview:-1"},"canonical":"https:\/\/ajatutaja.com\/izdelek\/besafe-beyond-360-black-cab-2025\/","og_locale":"hr_HR","og_type":"article","og_title":"BeSafe Beyond\u00b2 360 i-Size (61-125cm) - Black Soft Breeze | Ajatutaja","og_description":"BeSafe Beyond 360 je najnovej\u0161i avtosede\u017e za mal\u010dke podjetja BeSafe, ki ponuja podalj\u0161ano uporabo z udobjem popolne 360-stopinjske rotacije.","og_url":"https:\/\/ajatutaja.com\/izdelek\/besafe-beyond-360-black-cab-2025\/","og_site_name":"Ajatutaja","article_modified_time":"2026-02-16T19:45:40+00:00","og_image":[{"width":1000,"height":1000,"url":"https:\/\/ajatutaja.com\/wp-content\/uploads\/2025\/10\/11045369_BeSafe_Beyond2-360_Fresh-Black-Cab_Base_Side_Rotated.jpg","type":"image\/jpeg"}],"twitter_card":"summary_large_image","twitter_misc":{"Procijenjeno vrijeme \u010ditanja":"1 minuta"},"schema":{"@context":"https:\/\/schema.org","@graph":[{"@type":"WebPage","@id":"https:\/\/ajatutaja.com\/izdelek\/besafe-beyond-360-black-cab-2025\/","url":"https:\/\/ajatutaja.com\/izdelek\/besafe-beyond-360-black-cab-2025\/","name":"BeSafe Beyond\u00b2 360 i-Size (61-125cm) - Black Soft Breeze | Ajatutaja","isPartOf":{"@id":"https:\/\/ajatutaja.com\/#website"},"primaryImageOfPage":{"@id":"https:\/\/ajatutaja.com\/izdelek\/besafe-beyond-360-black-cab-2025\/#primaryimage"},"image":{"@id":"https:\/\/ajatutaja.com\/izdelek\/besafe-beyond-360-black-cab-2025\/#primaryimage"},"thumbnailUrl":"https:\/\/ajatutaja.com\/wp-content\/uploads\/2025\/10\/11045369_BeSafe_Beyond2-360_Fresh-Black-Cab_Base_Side_Rotated.jpg","datePublished":"2025-09-23T12:03:19+00:00","dateModified":"2026-02-16T19:45:40+00:00","description":"BeSafe Beyond 360 je najnovej\u0161i avtosede\u017e za mal\u010dke podjetja BeSafe, ki ponuja podalj\u0161ano uporabo z udobjem popolne 360-stopinjske rotacije.","breadcrumb":{"@id":"https:\/\/ajatutaja.com\/izdelek\/besafe-beyond-360-black-cab-2025\/#breadcrumb"},"inLanguage":"hr","potentialAction":[{"@type":"ReadAction","target":["https:\/\/ajatutaja.com\/izdelek\/besafe-beyond-360-black-cab-2025\/"]}]},{"@type":"ImageObject","inLanguage":"hr","@id":"https:\/\/ajatutaja.com\/izdelek\/besafe-beyond-360-black-cab-2025\/#primaryimage","url":"https:\/\/ajatutaja.com\/wp-content\/uploads\/2025\/10\/11045369_BeSafe_Beyond2-360_Fresh-Black-Cab_Base_Side_Rotated.jpg","contentUrl":"https:\/\/ajatutaja.com\/wp-content\/uploads\/2025\/10\/11045369_BeSafe_Beyond2-360_Fresh-Black-Cab_Base_Side_Rotated.jpg","width":1000,"height":1000},{"@type":"BreadcrumbList","@id":"https:\/\/ajatutaja.com\/izdelek\/besafe-beyond-360-black-cab-2025\/#breadcrumb","itemListElement":[{"@type":"ListItem","position":1,"name":"Home","item":"https:\/\/ajatutaja.com\/hr\/"},{"@type":"ListItem","position":2,"name":"Trgovina","item":"https:\/\/ajatutaja.com\/hr\/trgovina\/"},{"@type":"ListItem","position":3,"name":"BeSafe Beyond\u00b2 360 i-Size (61-125cm) &#8211; Black Soft Breeze"}]},{"@type":"WebSite","@id":"https:\/\/ajatutaja.com\/#website","url":"https:\/\/ajatutaja.com\/","name":"Ajatutaja","description":"Otro\u0161ka spletna trgovina AJATUTAJA","publisher":{"@id":"https:\/\/ajatutaja.com\/#organization"},"potentialAction":[{"@type":"SearchAction","target":{"@type":"EntryPoint","urlTemplate":"https:\/\/ajatutaja.com\/?s={search_term_string}"},"query-input":{"@type":"PropertyValueSpecification","valueRequired":true,"valueName":"search_term_string"}}],"inLanguage":"hr"},{"@type":"Organization","@id":"https:\/\/ajatutaja.com\/#organization","name":"Ajatutaja","url":"https:\/\/ajatutaja.com\/","logo":{"@type":"ImageObject","inLanguage":"hr","@id":"https:\/\/ajatutaja.com\/#\/schema\/logo\/image\/","url":"https:\/\/ajatutaja.com\/wp-content\/uploads\/2021\/10\/logo.png","contentUrl":"https:\/\/ajatutaja.com\/wp-content\/uploads\/2021\/10\/logo.png","width":555,"height":150,"caption":"Ajatutaja"},"image":{"@id":"https:\/\/ajatutaja.com\/#\/schema\/logo\/image\/"}}]}},"brands":[{"id":2351,"name":"Avtosede\u017ei","slug":"avtosedezi"},{"id":2352,"name":"BeSafe","slug":"besafe"}],"_links":{"self":[{"href":"https:\/\/ajatutaja.com\/hr\/wp-json\/wp\/v2\/product\/81388","targetHints":{"allow":["GET"]}}],"collection":[{"href":"https:\/\/ajatutaja.com\/hr\/wp-json\/wp\/v2\/product"}],"about":[{"href":"https:\/\/ajatutaja.com\/hr\/wp-json\/wp\/v2\/types\/product"}],"wp:featuredmedia":[{"embeddable":true,"href":"https:\/\/ajatutaja.com\/hr\/wp-json\/wp\/v2\/media\/81391"}],"wp:attachment":[{"href":"https:\/\/ajatutaja.com\/hr\/wp-json\/wp\/v2\/media?parent=81388"}],"wp:term":[{"taxonomy":"pwb-brand","embeddable":true,"href":"https:\/\/ajatutaja.com\/hr\/wp-json\/wp\/v2\/pwb-brand?post=81388"},{"taxonomy":"product_brand","embeddable":true,"href":"https:\/\/ajatutaja.com\/hr\/wp-json\/wp\/v2\/product_brand?post=81388"},{"taxonomy":"product_cat","embeddable":true,"href":"https:\/\/ajatutaja.com\/hr\/wp-json\/wp\/v2\/product_cat?post=81388"},{"taxonomy":"product_tag","embeddable":true,"href":"https:\/\/ajatutaja.com\/hr\/wp-json\/wp\/v2\/product_tag?post=81388"}],"curies":[{"name":"wp","href":"https:\/\/api.w.org\/{rel}","templated":true}]}}