{"id":81119,"date":"2025-09-01T10:52:30","date_gmt":"2025-09-01T08:52:30","guid":{"rendered":"https:\/\/ajatutaja.com\/?post_type=product&#038;p=81119"},"modified":"2026-02-18T09:17:35","modified_gmt":"2026-02-18T08:17:35","slug":"little-dutch-6-delni-jedilni-set-little-farm-12m","status":"publish","type":"product","link":"https:\/\/ajatutaja.com\/hr\/proizvod\/little-dutch-6-delni-jedilni-set-little-farm-12m\/","title":{"rendered":"Little Dutch 6-delni jedilni set (12m+) Little Farm"},"content":{"rendered":"<p>[vc_row][vc_column][vc_column_text]tro\u0161ki 6-delni jedilni komplet Little Dutch Mepal vklju\u010duje vse, kar potrebuje va\u0161 mal\u010dek za samostojno hranjenje. Vsi kosi tega otro\u0161kega jedilnega seta so okra\u0161eni z ljubkimi ilustracijami iz kolekcije Little Farm.<\/p>\n<h3>Lastnosti 6-delnega seta za hranjenje Little Dutch:<\/h3>\n<ul>\n<li>Material: tritan\/pp\/rvs\/pte<\/li>\n<li>Primerno za starost: 12m+<\/li>\n<li>Ne vsebuje BPA<\/li>\n<li>Set vklju\u010duje: skodelico in kro\u017enik, kozar\u010dek in jedilni pribor iz jekla (\u017elica, vilica, no\u017e)<\/li>\n<li>Jedilni pribor je posptravljen v li\u010dno \u0161katlo, ki je nadvse primerna kot darilo<\/li>\n<\/ul>\n<p>[\/vc_column_text][\/vc_column][\/vc_row]<\/p>\n","protected":false},"excerpt":{"rendered":"<p>6-delni set za hranjenje Little Dutch vklju\u010duje vse, kar potrebuje va\u0161 mal\u010dek za samostojno hranjenje. Komplet vklju\u010duje kro\u017enik, skodelico, 3 delni jedilni pribor in kozar\u010dek. Odli\u010dna ideja kot darilo za prvi rojstni dan!<\/p>\n","protected":false},"featured_media":81131,"template":"","meta":[],"pwb-brand":[2269,2457],"product_brand":[],"product_cat":[2716,2266,2591],"product_tag":[4002,5361],"class_list":{"0":"post-81119","1":"product","2":"type-product","3":"status-publish","4":"has-post-thumbnail","6":"pwb-brand-hranjenje","7":"pwb-brand-little-dutch-igra","8":"product_cat-darilo-do-30e","9":"product_cat-hranjenje","10":"product_cat-jedilni-seti-za-otroke","11":"product_tag-little-dutch","12":"product_tag-little-farm","14":"first","15":"outofstock","16":"taxable","17":"shipping-taxable","18":"purchasable","19":"product-type-simple","20":"add-to-wishlist-before_image"},"yoast_head":"<!-- This site is optimized with the Yoast SEO plugin v27.3 - https:\/\/yoast.com\/product\/yoast-seo-wordpress\/ -->\n<title>Little Dutch 6-delni jedilni set (12m+) Little Farm | Ajatutaja<\/title>\n<meta name=\"description\" content=\"6-delni set za hranjenje Little Dutch vklju\u010duje vse, kar potrebuje va\u0161 mal\u010dek za samostojno hranjenje. Komplet vklju\u010duje kro\u017enik, skodelico, jedilni pribor in kozar\u010dek.\" \/>\n<meta name=\"robots\" content=\"index, follow, max-snippet:-1, max-image-preview:large, max-video-preview:-1\" \/>\n<link rel=\"canonical\" href=\"https:\/\/ajatutaja.com\/izdelek\/little-dutch-6-delni-jedilni-set-little-farm-12m\/\" \/>\n<meta property=\"og:locale\" content=\"hr_HR\" \/>\n<meta property=\"og:type\" content=\"article\" \/>\n<meta property=\"og:title\" content=\"Little Dutch 6-delni jedilni set (12m+) Little Farm | Ajatutaja\" \/>\n<meta property=\"og:description\" content=\"6-delni set za hranjenje Little Dutch vklju\u010duje vse, kar potrebuje va\u0161 mal\u010dek za samostojno hranjenje. Komplet vklju\u010duje kro\u017enik, skodelico, jedilni pribor in kozar\u010dek.\" \/>\n<meta property=\"og:url\" content=\"https:\/\/ajatutaja.com\/izdelek\/little-dutch-6-delni-jedilni-set-little-farm-12m\/\" \/>\n<meta property=\"og:site_name\" content=\"Ajatutaja\" \/>\n<meta property=\"article:modified_time\" content=\"2026-02-18T08:17:35+00:00\" \/>\n<meta property=\"og:image\" content=\"https:\/\/ajatutaja.com\/wp-content\/uploads\/2025\/10\/little-dutch-6-delni-jedilni-set-little-farm-1.jpeg\" \/>\n\t<meta property=\"og:image:width\" content=\"800\" \/>\n\t<meta property=\"og:image:height\" content=\"800\" \/>\n\t<meta property=\"og:image:type\" content=\"image\/jpeg\" \/>\n<meta name=\"twitter:card\" content=\"summary_large_image\" \/>\n<meta name=\"twitter:label1\" content=\"Procijenjeno vrijeme \u010ditanja\" \/>\n\t<meta name=\"twitter:data1\" content=\"1 minuta\" \/>\n<script type=\"application\/ld+json\" class=\"yoast-schema-graph\">{\"@context\":\"https:\\\/\\\/schema.org\",\"@graph\":[{\"@type\":\"WebPage\",\"@id\":\"https:\\\/\\\/ajatutaja.com\\\/izdelek\\\/little-dutch-6-delni-jedilni-set-little-farm-12m\\\/\",\"url\":\"https:\\\/\\\/ajatutaja.com\\\/izdelek\\\/little-dutch-6-delni-jedilni-set-little-farm-12m\\\/\",\"name\":\"Little Dutch 6-delni jedilni set (12m+) Little Farm | Ajatutaja\",\"isPartOf\":{\"@id\":\"https:\\\/\\\/ajatutaja.com\\\/#website\"},\"primaryImageOfPage\":{\"@id\":\"https:\\\/\\\/ajatutaja.com\\\/izdelek\\\/little-dutch-6-delni-jedilni-set-little-farm-12m\\\/#primaryimage\"},\"image\":{\"@id\":\"https:\\\/\\\/ajatutaja.com\\\/izdelek\\\/little-dutch-6-delni-jedilni-set-little-farm-12m\\\/#primaryimage\"},\"thumbnailUrl\":\"https:\\\/\\\/ajatutaja.com\\\/wp-content\\\/uploads\\\/2025\\\/10\\\/little-dutch-6-delni-jedilni-set-little-farm-1.jpeg\",\"datePublished\":\"2025-09-01T08:52:30+00:00\",\"dateModified\":\"2026-02-18T08:17:35+00:00\",\"description\":\"6-delni set za hranjenje Little Dutch vklju\u010duje vse, kar potrebuje va\u0161 mal\u010dek za samostojno hranjenje. Komplet vklju\u010duje kro\u017enik, skodelico, jedilni pribor in kozar\u010dek.\",\"breadcrumb\":{\"@id\":\"https:\\\/\\\/ajatutaja.com\\\/izdelek\\\/little-dutch-6-delni-jedilni-set-little-farm-12m\\\/#breadcrumb\"},\"inLanguage\":\"hr\",\"potentialAction\":[{\"@type\":\"ReadAction\",\"target\":[\"https:\\\/\\\/ajatutaja.com\\\/izdelek\\\/little-dutch-6-delni-jedilni-set-little-farm-12m\\\/\"]}]},{\"@type\":\"ImageObject\",\"inLanguage\":\"hr\",\"@id\":\"https:\\\/\\\/ajatutaja.com\\\/izdelek\\\/little-dutch-6-delni-jedilni-set-little-farm-12m\\\/#primaryimage\",\"url\":\"https:\\\/\\\/ajatutaja.com\\\/wp-content\\\/uploads\\\/2025\\\/10\\\/little-dutch-6-delni-jedilni-set-little-farm-1.jpeg\",\"contentUrl\":\"https:\\\/\\\/ajatutaja.com\\\/wp-content\\\/uploads\\\/2025\\\/10\\\/little-dutch-6-delni-jedilni-set-little-farm-1.jpeg\",\"width\":800,\"height\":800},{\"@type\":\"BreadcrumbList\",\"@id\":\"https:\\\/\\\/ajatutaja.com\\\/izdelek\\\/little-dutch-6-delni-jedilni-set-little-farm-12m\\\/#breadcrumb\",\"itemListElement\":[{\"@type\":\"ListItem\",\"position\":1,\"name\":\"Home\",\"item\":\"https:\\\/\\\/ajatutaja.com\\\/hr\\\/\"},{\"@type\":\"ListItem\",\"position\":2,\"name\":\"Trgovina\",\"item\":\"https:\\\/\\\/ajatutaja.com\\\/hr\\\/trgovina\\\/\"},{\"@type\":\"ListItem\",\"position\":3,\"name\":\"Little Dutch 6-delni jedilni set (12m+) Little Farm\"}]},{\"@type\":\"WebSite\",\"@id\":\"https:\\\/\\\/ajatutaja.com\\\/#website\",\"url\":\"https:\\\/\\\/ajatutaja.com\\\/\",\"name\":\"Ajatutaja\",\"description\":\"Otro\u0161ka spletna trgovina AJATUTAJA\",\"publisher\":{\"@id\":\"https:\\\/\\\/ajatutaja.com\\\/#organization\"},\"potentialAction\":[{\"@type\":\"SearchAction\",\"target\":{\"@type\":\"EntryPoint\",\"urlTemplate\":\"https:\\\/\\\/ajatutaja.com\\\/?s={search_term_string}\"},\"query-input\":{\"@type\":\"PropertyValueSpecification\",\"valueRequired\":true,\"valueName\":\"search_term_string\"}}],\"inLanguage\":\"hr\"},{\"@type\":\"Organization\",\"@id\":\"https:\\\/\\\/ajatutaja.com\\\/#organization\",\"name\":\"Ajatutaja\",\"url\":\"https:\\\/\\\/ajatutaja.com\\\/\",\"logo\":{\"@type\":\"ImageObject\",\"inLanguage\":\"hr\",\"@id\":\"https:\\\/\\\/ajatutaja.com\\\/#\\\/schema\\\/logo\\\/image\\\/\",\"url\":\"https:\\\/\\\/ajatutaja.com\\\/wp-content\\\/uploads\\\/2021\\\/10\\\/logo.png\",\"contentUrl\":\"https:\\\/\\\/ajatutaja.com\\\/wp-content\\\/uploads\\\/2021\\\/10\\\/logo.png\",\"width\":555,\"height\":150,\"caption\":\"Ajatutaja\"},\"image\":{\"@id\":\"https:\\\/\\\/ajatutaja.com\\\/#\\\/schema\\\/logo\\\/image\\\/\"}}]}<\/script>\n<!-- \/ Yoast SEO plugin. -->","yoast_head_json":{"title":"Little Dutch 6-delni jedilni set (12m+) Little Farm | Ajatutaja","description":"6-delni set za hranjenje Little Dutch vklju\u010duje vse, kar potrebuje va\u0161 mal\u010dek za samostojno hranjenje. Komplet vklju\u010duje kro\u017enik, skodelico, jedilni pribor in kozar\u010dek.","robots":{"index":"index","follow":"follow","max-snippet":"max-snippet:-1","max-image-preview":"max-image-preview:large","max-video-preview":"max-video-preview:-1"},"canonical":"https:\/\/ajatutaja.com\/izdelek\/little-dutch-6-delni-jedilni-set-little-farm-12m\/","og_locale":"hr_HR","og_type":"article","og_title":"Little Dutch 6-delni jedilni set (12m+) Little Farm | Ajatutaja","og_description":"6-delni set za hranjenje Little Dutch vklju\u010duje vse, kar potrebuje va\u0161 mal\u010dek za samostojno hranjenje. Komplet vklju\u010duje kro\u017enik, skodelico, jedilni pribor in kozar\u010dek.","og_url":"https:\/\/ajatutaja.com\/izdelek\/little-dutch-6-delni-jedilni-set-little-farm-12m\/","og_site_name":"Ajatutaja","article_modified_time":"2026-02-18T08:17:35+00:00","og_image":[{"width":800,"height":800,"url":"https:\/\/ajatutaja.com\/wp-content\/uploads\/2025\/10\/little-dutch-6-delni-jedilni-set-little-farm-1.jpeg","type":"image\/jpeg"}],"twitter_card":"summary_large_image","twitter_misc":{"Procijenjeno vrijeme \u010ditanja":"1 minuta"},"schema":{"@context":"https:\/\/schema.org","@graph":[{"@type":"WebPage","@id":"https:\/\/ajatutaja.com\/izdelek\/little-dutch-6-delni-jedilni-set-little-farm-12m\/","url":"https:\/\/ajatutaja.com\/izdelek\/little-dutch-6-delni-jedilni-set-little-farm-12m\/","name":"Little Dutch 6-delni jedilni set (12m+) Little Farm | Ajatutaja","isPartOf":{"@id":"https:\/\/ajatutaja.com\/#website"},"primaryImageOfPage":{"@id":"https:\/\/ajatutaja.com\/izdelek\/little-dutch-6-delni-jedilni-set-little-farm-12m\/#primaryimage"},"image":{"@id":"https:\/\/ajatutaja.com\/izdelek\/little-dutch-6-delni-jedilni-set-little-farm-12m\/#primaryimage"},"thumbnailUrl":"https:\/\/ajatutaja.com\/wp-content\/uploads\/2025\/10\/little-dutch-6-delni-jedilni-set-little-farm-1.jpeg","datePublished":"2025-09-01T08:52:30+00:00","dateModified":"2026-02-18T08:17:35+00:00","description":"6-delni set za hranjenje Little Dutch vklju\u010duje vse, kar potrebuje va\u0161 mal\u010dek za samostojno hranjenje. Komplet vklju\u010duje kro\u017enik, skodelico, jedilni pribor in kozar\u010dek.","breadcrumb":{"@id":"https:\/\/ajatutaja.com\/izdelek\/little-dutch-6-delni-jedilni-set-little-farm-12m\/#breadcrumb"},"inLanguage":"hr","potentialAction":[{"@type":"ReadAction","target":["https:\/\/ajatutaja.com\/izdelek\/little-dutch-6-delni-jedilni-set-little-farm-12m\/"]}]},{"@type":"ImageObject","inLanguage":"hr","@id":"https:\/\/ajatutaja.com\/izdelek\/little-dutch-6-delni-jedilni-set-little-farm-12m\/#primaryimage","url":"https:\/\/ajatutaja.com\/wp-content\/uploads\/2025\/10\/little-dutch-6-delni-jedilni-set-little-farm-1.jpeg","contentUrl":"https:\/\/ajatutaja.com\/wp-content\/uploads\/2025\/10\/little-dutch-6-delni-jedilni-set-little-farm-1.jpeg","width":800,"height":800},{"@type":"BreadcrumbList","@id":"https:\/\/ajatutaja.com\/izdelek\/little-dutch-6-delni-jedilni-set-little-farm-12m\/#breadcrumb","itemListElement":[{"@type":"ListItem","position":1,"name":"Home","item":"https:\/\/ajatutaja.com\/hr\/"},{"@type":"ListItem","position":2,"name":"Trgovina","item":"https:\/\/ajatutaja.com\/hr\/trgovina\/"},{"@type":"ListItem","position":3,"name":"Little Dutch 6-delni jedilni set (12m+) Little Farm"}]},{"@type":"WebSite","@id":"https:\/\/ajatutaja.com\/#website","url":"https:\/\/ajatutaja.com\/","name":"Ajatutaja","description":"Otro\u0161ka spletna trgovina AJATUTAJA","publisher":{"@id":"https:\/\/ajatutaja.com\/#organization"},"potentialAction":[{"@type":"SearchAction","target":{"@type":"EntryPoint","urlTemplate":"https:\/\/ajatutaja.com\/?s={search_term_string}"},"query-input":{"@type":"PropertyValueSpecification","valueRequired":true,"valueName":"search_term_string"}}],"inLanguage":"hr"},{"@type":"Organization","@id":"https:\/\/ajatutaja.com\/#organization","name":"Ajatutaja","url":"https:\/\/ajatutaja.com\/","logo":{"@type":"ImageObject","inLanguage":"hr","@id":"https:\/\/ajatutaja.com\/#\/schema\/logo\/image\/","url":"https:\/\/ajatutaja.com\/wp-content\/uploads\/2021\/10\/logo.png","contentUrl":"https:\/\/ajatutaja.com\/wp-content\/uploads\/2021\/10\/logo.png","width":555,"height":150,"caption":"Ajatutaja"},"image":{"@id":"https:\/\/ajatutaja.com\/#\/schema\/logo\/image\/"}}]}},"brands":[{"id":2269,"name":"Hranjenje","slug":"hranjenje"},{"id":2457,"name":"Little Dutch","slug":"little-dutch-igra"}],"_links":{"self":[{"href":"https:\/\/ajatutaja.com\/hr\/wp-json\/wp\/v2\/product\/81119","targetHints":{"allow":["GET"]}}],"collection":[{"href":"https:\/\/ajatutaja.com\/hr\/wp-json\/wp\/v2\/product"}],"about":[{"href":"https:\/\/ajatutaja.com\/hr\/wp-json\/wp\/v2\/types\/product"}],"wp:featuredmedia":[{"embeddable":true,"href":"https:\/\/ajatutaja.com\/hr\/wp-json\/wp\/v2\/media\/81131"}],"wp:attachment":[{"href":"https:\/\/ajatutaja.com\/hr\/wp-json\/wp\/v2\/media?parent=81119"}],"wp:term":[{"taxonomy":"pwb-brand","embeddable":true,"href":"https:\/\/ajatutaja.com\/hr\/wp-json\/wp\/v2\/pwb-brand?post=81119"},{"taxonomy":"product_brand","embeddable":true,"href":"https:\/\/ajatutaja.com\/hr\/wp-json\/wp\/v2\/product_brand?post=81119"},{"taxonomy":"product_cat","embeddable":true,"href":"https:\/\/ajatutaja.com\/hr\/wp-json\/wp\/v2\/product_cat?post=81119"},{"taxonomy":"product_tag","embeddable":true,"href":"https:\/\/ajatutaja.com\/hr\/wp-json\/wp\/v2\/product_tag?post=81119"}],"curies":[{"name":"wp","href":"https:\/\/api.w.org\/{rel}","templated":true}]}}