{"id":80866,"date":"2025-09-27T10:28:25","date_gmt":"2025-09-27T08:28:25","guid":{"rendered":"https:\/\/ajatutaja.com\/?post_type=product&#038;p=80866"},"modified":"2026-04-21T12:28:51","modified_gmt":"2026-04-21T10:28:51","slug":"little-dutch-ninica-in-drzalo-za-dudo-little-goose","status":"publish","type":"product","link":"https:\/\/ajatutaja.com\/hr\/proizvod\/little-dutch-ninica-in-drzalo-za-dudo-little-goose\/","title":{"rendered":"Little Dutch ninica in dr\u017ealo za dudo Little Goose"},"content":{"rendered":"<p>[vc_row][vc_column][vc_column_text]Prisr\u010dna mala goska Little Dutch je izjemno prijetna na otip in mal\u010dku nudi ob\u010dutek varnosti. Vsak mal\u010dek jo takoj vzljubi. Mehka in puhasta ninica Little Goose slu\u017ei tudi kot priponka za duo.<\/p>\n<h3>Lastnosti ninice Little Dutch:<\/h3>\n<ul>\n<li>Material: tkanina: 100% poliester<\/li>\n<li>Dimenzije: 27 x 27 x 12 cm<\/li>\n<li>Starost: 0m+<\/li>\n<li>Odli\u010dna izbira kot darilo ob rojstvu.<\/li>\n<li>Vzdr\u017eevanje:\u00a0pranje na ob\u010dutljivo 30\u00b0C<\/li>\n<\/ul>\n<p>Nizozemski proizvajalec Little Dutch izdeluje brez\u010dasne igra\u010de visoke kakovosti, z elegantnimi barvami, odtisi in ilustracijami. Vsi izdelki so skladni z evropskimi direktivami in se proizvajajo brez dela otrok in na dru\u017ebeno odgovoren na\u010din. Izdelek je skladen z evropsko uredbo REACH in evropsko direktivo EN-71.[\/vc_column_text][\/vc_column][\/vc_row]<\/p>\n","protected":false},"excerpt":{"rendered":"<p>Mehka ninica Little Dutch je tako lepa in mehka, da jo vsak dojen\u010dek takoj vzljubi.\u00a0 Ninica Little Goose je nadvse primerna za crkljanje in igro novorojen\u010dka. Poleg tega bo poskrbela, da je otro\u0161ka duda vedno pri roki.<\/p>\n","protected":false},"featured_media":80842,"template":"","meta":[],"pwb-brand":[2452,2457],"product_brand":[],"product_cat":[3986,2715,2711,2362,2605,2439],"product_tag":[4002,4067,6312],"class_list":{"0":"post-80866","1":"product","2":"type-product","3":"status-publish","4":"has-post-thumbnail","6":"pwb-brand-igranje","7":"pwb-brand-little-dutch-igra","8":"product_cat-novorojencek-igrace","9":"product_cat-darilo-do-15e","10":"product_cat-darilo-ob-rojstvu","11":"product_cat-igranje","12":"product_cat-ninice","13":"product_cat-ninice-za-dojencke","14":"product_tag-little-dutch","15":"product_tag-little-goose","16":"product_tag-newborn-naturals","18":"first","19":"instock","20":"taxable","21":"shipping-taxable","22":"purchasable","23":"product-type-simple","24":"add-to-wishlist-before_image"},"yoast_head":"<!-- This site is optimized with the Yoast SEO plugin v27.3 - https:\/\/yoast.com\/product\/yoast-seo-wordpress\/ -->\n<title>Little Dutch ninica in dr\u017ealo za dudo Little Goose | Ajatutaja<\/title>\n<meta name=\"description\" content=\"Mehka ninica Little Dutch iz kolekcije Baby Bunny v obliki zaj\u010dka je tako lepa in mehka, da jo dojen\u010dek takoj vzljubi.\" \/>\n<meta name=\"robots\" content=\"index, follow, max-snippet:-1, max-image-preview:large, max-video-preview:-1\" \/>\n<link rel=\"canonical\" href=\"https:\/\/ajatutaja.com\/izdelek\/little-dutch-ninica-in-drzalo-za-dudo-little-goose\/\" \/>\n<meta property=\"og:locale\" content=\"hr_HR\" \/>\n<meta property=\"og:type\" content=\"article\" \/>\n<meta property=\"og:title\" content=\"Little Dutch ninica in dr\u017ealo za dudo Little Goose | Ajatutaja\" \/>\n<meta property=\"og:description\" content=\"Mehka ninica Little Dutch iz kolekcije Baby Bunny v obliki zaj\u010dka je tako lepa in mehka, da jo dojen\u010dek takoj vzljubi.\" \/>\n<meta property=\"og:url\" content=\"https:\/\/ajatutaja.com\/izdelek\/little-dutch-ninica-in-drzalo-za-dudo-little-goose\/\" \/>\n<meta property=\"og:site_name\" content=\"Ajatutaja\" \/>\n<meta property=\"article:modified_time\" content=\"2026-04-21T10:28:51+00:00\" \/>\n<meta property=\"og:image\" content=\"https:\/\/ajatutaja.com\/wp-content\/uploads\/2025\/09\/little-dutch-mehka-ninica-little-goose-1.jpeg\" \/>\n\t<meta property=\"og:image:width\" content=\"1080\" \/>\n\t<meta property=\"og:image:height\" content=\"1080\" \/>\n\t<meta property=\"og:image:type\" content=\"image\/jpeg\" \/>\n<meta name=\"twitter:card\" content=\"summary_large_image\" \/>\n<meta name=\"twitter:label1\" content=\"Procijenjeno vrijeme \u010ditanja\" \/>\n\t<meta name=\"twitter:data1\" content=\"1 minuta\" \/>\n<script type=\"application\/ld+json\" class=\"yoast-schema-graph\">{\"@context\":\"https:\\\/\\\/schema.org\",\"@graph\":[{\"@type\":\"WebPage\",\"@id\":\"https:\\\/\\\/ajatutaja.com\\\/izdelek\\\/little-dutch-ninica-in-drzalo-za-dudo-little-goose\\\/\",\"url\":\"https:\\\/\\\/ajatutaja.com\\\/izdelek\\\/little-dutch-ninica-in-drzalo-za-dudo-little-goose\\\/\",\"name\":\"Little Dutch ninica in dr\u017ealo za dudo Little Goose | Ajatutaja\",\"isPartOf\":{\"@id\":\"https:\\\/\\\/ajatutaja.com\\\/#website\"},\"primaryImageOfPage\":{\"@id\":\"https:\\\/\\\/ajatutaja.com\\\/izdelek\\\/little-dutch-ninica-in-drzalo-za-dudo-little-goose\\\/#primaryimage\"},\"image\":{\"@id\":\"https:\\\/\\\/ajatutaja.com\\\/izdelek\\\/little-dutch-ninica-in-drzalo-za-dudo-little-goose\\\/#primaryimage\"},\"thumbnailUrl\":\"https:\\\/\\\/ajatutaja.com\\\/wp-content\\\/uploads\\\/2025\\\/09\\\/little-dutch-mehka-ninica-little-goose-1.jpeg\",\"datePublished\":\"2025-09-27T08:28:25+00:00\",\"dateModified\":\"2026-04-21T10:28:51+00:00\",\"description\":\"Mehka ninica Little Dutch iz kolekcije Baby Bunny v obliki zaj\u010dka je tako lepa in mehka, da jo dojen\u010dek takoj vzljubi.\",\"breadcrumb\":{\"@id\":\"https:\\\/\\\/ajatutaja.com\\\/izdelek\\\/little-dutch-ninica-in-drzalo-za-dudo-little-goose\\\/#breadcrumb\"},\"inLanguage\":\"hr\",\"potentialAction\":[{\"@type\":\"ReadAction\",\"target\":[\"https:\\\/\\\/ajatutaja.com\\\/izdelek\\\/little-dutch-ninica-in-drzalo-za-dudo-little-goose\\\/\"]}]},{\"@type\":\"ImageObject\",\"inLanguage\":\"hr\",\"@id\":\"https:\\\/\\\/ajatutaja.com\\\/izdelek\\\/little-dutch-ninica-in-drzalo-za-dudo-little-goose\\\/#primaryimage\",\"url\":\"https:\\\/\\\/ajatutaja.com\\\/wp-content\\\/uploads\\\/2025\\\/09\\\/little-dutch-mehka-ninica-little-goose-1.jpeg\",\"contentUrl\":\"https:\\\/\\\/ajatutaja.com\\\/wp-content\\\/uploads\\\/2025\\\/09\\\/little-dutch-mehka-ninica-little-goose-1.jpeg\",\"width\":1080,\"height\":1080},{\"@type\":\"BreadcrumbList\",\"@id\":\"https:\\\/\\\/ajatutaja.com\\\/izdelek\\\/little-dutch-ninica-in-drzalo-za-dudo-little-goose\\\/#breadcrumb\",\"itemListElement\":[{\"@type\":\"ListItem\",\"position\":1,\"name\":\"Home\",\"item\":\"https:\\\/\\\/ajatutaja.com\\\/hr\\\/\"},{\"@type\":\"ListItem\",\"position\":2,\"name\":\"Trgovina\",\"item\":\"https:\\\/\\\/ajatutaja.com\\\/hr\\\/trgovina\\\/\"},{\"@type\":\"ListItem\",\"position\":3,\"name\":\"Little Dutch ninica in dr\u017ealo za dudo Little Goose\"}]},{\"@type\":\"WebSite\",\"@id\":\"https:\\\/\\\/ajatutaja.com\\\/#website\",\"url\":\"https:\\\/\\\/ajatutaja.com\\\/\",\"name\":\"Ajatutaja\",\"description\":\"Otro\u0161ka spletna trgovina AJATUTAJA\",\"publisher\":{\"@id\":\"https:\\\/\\\/ajatutaja.com\\\/#organization\"},\"potentialAction\":[{\"@type\":\"SearchAction\",\"target\":{\"@type\":\"EntryPoint\",\"urlTemplate\":\"https:\\\/\\\/ajatutaja.com\\\/?s={search_term_string}\"},\"query-input\":{\"@type\":\"PropertyValueSpecification\",\"valueRequired\":true,\"valueName\":\"search_term_string\"}}],\"inLanguage\":\"hr\"},{\"@type\":\"Organization\",\"@id\":\"https:\\\/\\\/ajatutaja.com\\\/#organization\",\"name\":\"Ajatutaja\",\"url\":\"https:\\\/\\\/ajatutaja.com\\\/\",\"logo\":{\"@type\":\"ImageObject\",\"inLanguage\":\"hr\",\"@id\":\"https:\\\/\\\/ajatutaja.com\\\/#\\\/schema\\\/logo\\\/image\\\/\",\"url\":\"https:\\\/\\\/ajatutaja.com\\\/wp-content\\\/uploads\\\/2021\\\/10\\\/logo.png\",\"contentUrl\":\"https:\\\/\\\/ajatutaja.com\\\/wp-content\\\/uploads\\\/2021\\\/10\\\/logo.png\",\"width\":555,\"height\":150,\"caption\":\"Ajatutaja\"},\"image\":{\"@id\":\"https:\\\/\\\/ajatutaja.com\\\/#\\\/schema\\\/logo\\\/image\\\/\"}}]}<\/script>\n<!-- \/ Yoast SEO plugin. -->","yoast_head_json":{"title":"Little Dutch ninica in dr\u017ealo za dudo Little Goose | Ajatutaja","description":"Mehka ninica Little Dutch iz kolekcije Baby Bunny v obliki zaj\u010dka je tako lepa in mehka, da jo dojen\u010dek takoj vzljubi.","robots":{"index":"index","follow":"follow","max-snippet":"max-snippet:-1","max-image-preview":"max-image-preview:large","max-video-preview":"max-video-preview:-1"},"canonical":"https:\/\/ajatutaja.com\/izdelek\/little-dutch-ninica-in-drzalo-za-dudo-little-goose\/","og_locale":"hr_HR","og_type":"article","og_title":"Little Dutch ninica in dr\u017ealo za dudo Little Goose | Ajatutaja","og_description":"Mehka ninica Little Dutch iz kolekcije Baby Bunny v obliki zaj\u010dka je tako lepa in mehka, da jo dojen\u010dek takoj vzljubi.","og_url":"https:\/\/ajatutaja.com\/izdelek\/little-dutch-ninica-in-drzalo-za-dudo-little-goose\/","og_site_name":"Ajatutaja","article_modified_time":"2026-04-21T10:28:51+00:00","og_image":[{"width":1080,"height":1080,"url":"https:\/\/ajatutaja.com\/wp-content\/uploads\/2025\/09\/little-dutch-mehka-ninica-little-goose-1.jpeg","type":"image\/jpeg"}],"twitter_card":"summary_large_image","twitter_misc":{"Procijenjeno vrijeme \u010ditanja":"1 minuta"},"schema":{"@context":"https:\/\/schema.org","@graph":[{"@type":"WebPage","@id":"https:\/\/ajatutaja.com\/izdelek\/little-dutch-ninica-in-drzalo-za-dudo-little-goose\/","url":"https:\/\/ajatutaja.com\/izdelek\/little-dutch-ninica-in-drzalo-za-dudo-little-goose\/","name":"Little Dutch ninica in dr\u017ealo za dudo Little Goose | Ajatutaja","isPartOf":{"@id":"https:\/\/ajatutaja.com\/#website"},"primaryImageOfPage":{"@id":"https:\/\/ajatutaja.com\/izdelek\/little-dutch-ninica-in-drzalo-za-dudo-little-goose\/#primaryimage"},"image":{"@id":"https:\/\/ajatutaja.com\/izdelek\/little-dutch-ninica-in-drzalo-za-dudo-little-goose\/#primaryimage"},"thumbnailUrl":"https:\/\/ajatutaja.com\/wp-content\/uploads\/2025\/09\/little-dutch-mehka-ninica-little-goose-1.jpeg","datePublished":"2025-09-27T08:28:25+00:00","dateModified":"2026-04-21T10:28:51+00:00","description":"Mehka ninica Little Dutch iz kolekcije Baby Bunny v obliki zaj\u010dka je tako lepa in mehka, da jo dojen\u010dek takoj vzljubi.","breadcrumb":{"@id":"https:\/\/ajatutaja.com\/izdelek\/little-dutch-ninica-in-drzalo-za-dudo-little-goose\/#breadcrumb"},"inLanguage":"hr","potentialAction":[{"@type":"ReadAction","target":["https:\/\/ajatutaja.com\/izdelek\/little-dutch-ninica-in-drzalo-za-dudo-little-goose\/"]}]},{"@type":"ImageObject","inLanguage":"hr","@id":"https:\/\/ajatutaja.com\/izdelek\/little-dutch-ninica-in-drzalo-za-dudo-little-goose\/#primaryimage","url":"https:\/\/ajatutaja.com\/wp-content\/uploads\/2025\/09\/little-dutch-mehka-ninica-little-goose-1.jpeg","contentUrl":"https:\/\/ajatutaja.com\/wp-content\/uploads\/2025\/09\/little-dutch-mehka-ninica-little-goose-1.jpeg","width":1080,"height":1080},{"@type":"BreadcrumbList","@id":"https:\/\/ajatutaja.com\/izdelek\/little-dutch-ninica-in-drzalo-za-dudo-little-goose\/#breadcrumb","itemListElement":[{"@type":"ListItem","position":1,"name":"Home","item":"https:\/\/ajatutaja.com\/hr\/"},{"@type":"ListItem","position":2,"name":"Trgovina","item":"https:\/\/ajatutaja.com\/hr\/trgovina\/"},{"@type":"ListItem","position":3,"name":"Little Dutch ninica in dr\u017ealo za dudo Little Goose"}]},{"@type":"WebSite","@id":"https:\/\/ajatutaja.com\/#website","url":"https:\/\/ajatutaja.com\/","name":"Ajatutaja","description":"Otro\u0161ka spletna trgovina AJATUTAJA","publisher":{"@id":"https:\/\/ajatutaja.com\/#organization"},"potentialAction":[{"@type":"SearchAction","target":{"@type":"EntryPoint","urlTemplate":"https:\/\/ajatutaja.com\/?s={search_term_string}"},"query-input":{"@type":"PropertyValueSpecification","valueRequired":true,"valueName":"search_term_string"}}],"inLanguage":"hr"},{"@type":"Organization","@id":"https:\/\/ajatutaja.com\/#organization","name":"Ajatutaja","url":"https:\/\/ajatutaja.com\/","logo":{"@type":"ImageObject","inLanguage":"hr","@id":"https:\/\/ajatutaja.com\/#\/schema\/logo\/image\/","url":"https:\/\/ajatutaja.com\/wp-content\/uploads\/2021\/10\/logo.png","contentUrl":"https:\/\/ajatutaja.com\/wp-content\/uploads\/2021\/10\/logo.png","width":555,"height":150,"caption":"Ajatutaja"},"image":{"@id":"https:\/\/ajatutaja.com\/#\/schema\/logo\/image\/"}}]}},"brands":[{"id":2452,"name":"Igranje","slug":"igranje"},{"id":2457,"name":"Little Dutch","slug":"little-dutch-igra"}],"_links":{"self":[{"href":"https:\/\/ajatutaja.com\/hr\/wp-json\/wp\/v2\/product\/80866","targetHints":{"allow":["GET"]}}],"collection":[{"href":"https:\/\/ajatutaja.com\/hr\/wp-json\/wp\/v2\/product"}],"about":[{"href":"https:\/\/ajatutaja.com\/hr\/wp-json\/wp\/v2\/types\/product"}],"wp:featuredmedia":[{"embeddable":true,"href":"https:\/\/ajatutaja.com\/hr\/wp-json\/wp\/v2\/media\/80842"}],"wp:attachment":[{"href":"https:\/\/ajatutaja.com\/hr\/wp-json\/wp\/v2\/media?parent=80866"}],"wp:term":[{"taxonomy":"pwb-brand","embeddable":true,"href":"https:\/\/ajatutaja.com\/hr\/wp-json\/wp\/v2\/pwb-brand?post=80866"},{"taxonomy":"product_brand","embeddable":true,"href":"https:\/\/ajatutaja.com\/hr\/wp-json\/wp\/v2\/product_brand?post=80866"},{"taxonomy":"product_cat","embeddable":true,"href":"https:\/\/ajatutaja.com\/hr\/wp-json\/wp\/v2\/product_cat?post=80866"},{"taxonomy":"product_tag","embeddable":true,"href":"https:\/\/ajatutaja.com\/hr\/wp-json\/wp\/v2\/product_tag?post=80866"}],"curies":[{"name":"wp","href":"https:\/\/api.w.org\/{rel}","templated":true}]}}