{"id":80632,"date":"2025-09-23T20:49:42","date_gmt":"2025-09-23T18:49:42","guid":{"rendered":"https:\/\/ajatutaja.com\/?post_type=product&#038;p=80632"},"modified":"2026-04-14T20:47:54","modified_gmt":"2026-04-14T18:47:54","slug":"little-dutch-aktivnostna-igraca-bunny","status":"publish","type":"product","link":"https:\/\/ajatutaja.com\/hr\/proizvod\/little-dutch-aktivnostna-igraca-bunny\/","title":{"rendered":"Little Dutch Aktivnostna igra\u010da Baby Bunny"},"content":{"rendered":"<p>[vc_row][vc_column][vc_column_text]Mehka igra\u010da Baby Bunny o\u010dara vsakega dojen\u010dka! Zaradi priro\u010dne velikosti jo male ro\u010dice zlahka primejo. Prijeten spremljevalec, ki vzbuja radovednost in vsak dan vabi v novo pustolov\u0161\u010dino. Idealna za male raziskovalce z veliko ljubezni do crkljanja.<\/p>\n<p>Nizozemski proizvajalec Little Dutch izdeluje brez\u010dasne igra\u010de visoke kakovosti, z elegantnimi barvami, odtisi in ilustracijami. Vsi izdelki so skladni z evropskimi direktivami in se proizvajajo brez dela otrok in na dru\u017ebeno odgovoren na\u010din.<\/p>\n<h3>Lastnosti aktivnostne igra\u010de Baby Bunny Little Dutch:<\/h3>\n<ul>\n<li>Material: 100% poliester<\/li>\n<li>Starost: 0m+<\/li>\n<li>Dimenzije: 25 x 22 x 27 cm<\/li>\n<li>Varno za otroke \u2013 izdelek je skladen z evropsko uredbo REACH in evropsko direktivo EN-71.<\/li>\n<\/ul>\n<p>[\/vc_column_text][\/vc_column][\/vc_row]<\/p>\n","protected":false},"excerpt":{"rendered":"<p id=\"tw-target-text\" dir=\"ltr\" data-placeholder=\"Prevod\" data-ved=\"2ahUKEwjcmJCcpPCBAxWdSPEDHRV9AfAQ3ewLegQIBhAQ\"><span lang=\"sl\">Ljubka aktivnostna pli\u0161asta igra\u010dka Bunny Little Dutch iz kolekcija Newborn Naturals prevzame vsakega dojen\u010dka. Ta ljubek mehek zaj\u010dek spodbuja pri mal\u010dku \u010dute z ropotajo\u010dimi zvoki, grizalom, ogledalom in igrivimi trakci. Popoln za prijemanje, crkljanje in razvoj fine motorike.<\/span><\/p>\n","protected":false},"featured_media":80633,"template":"","meta":[],"pwb-brand":[2452,2457],"product_brand":[],"product_cat":[3986,2441,2710,5072,2716,2711,2362,5064],"product_tag":[5419,4002,6312],"class_list":{"0":"post-80632","1":"product","2":"type-product","3":"status-publish","4":"has-post-thumbnail","6":"pwb-brand-igranje","7":"pwb-brand-little-dutch-igra","8":"product_cat-novorojencek-igrace","9":"product_cat-aktivnostne-igrace","10":"product_cat-babyshower-darila","11":"product_cat-bozicna-darila","12":"product_cat-darilo-do-30e","13":"product_cat-darilo-ob-rojstvu","14":"product_cat-igranje","15":"product_cat-mehke-in-plisaste-igrace","16":"product_tag-baby-bunny","17":"product_tag-little-dutch","18":"product_tag-newborn-naturals","20":"first","21":"instock","22":"taxable","23":"shipping-taxable","24":"purchasable","25":"product-type-simple","26":"add-to-wishlist-before_image"},"yoast_head":"<!-- This site is optimized with the Yoast SEO plugin v27.3 - https:\/\/yoast.com\/product\/yoast-seo-wordpress\/ -->\n<title>Little Dutch Aktivnostna igra\u010da Baby Bunny | Ajatutaja<\/title>\n<meta name=\"description\" content=\"Ljubka aktivnostna pli\u0161asta igra\u010dka Bunny Little Dutch iz kolekcija Newborn Naturals prevzame vsakega dojen\u010dka. Ta ljubek mehek zaj\u010dek spodbuja pri mal\u010dku \u010dute z ropotajo\u010dimi zvoki, grizalom, ogledalom in igrivimi trakci.\" \/>\n<meta name=\"robots\" content=\"index, follow, max-snippet:-1, max-image-preview:large, max-video-preview:-1\" \/>\n<link rel=\"canonical\" href=\"https:\/\/ajatutaja.com\/izdelek\/little-dutch-aktivnostna-igraca-bunny\/\" \/>\n<meta property=\"og:locale\" content=\"hr_HR\" \/>\n<meta property=\"og:type\" content=\"article\" \/>\n<meta property=\"og:title\" content=\"Little Dutch Aktivnostna igra\u010da Baby Bunny | Ajatutaja\" \/>\n<meta property=\"og:description\" content=\"Ljubka aktivnostna pli\u0161asta igra\u010dka Bunny Little Dutch iz kolekcija Newborn Naturals prevzame vsakega dojen\u010dka. Ta ljubek mehek zaj\u010dek spodbuja pri mal\u010dku \u010dute z ropotajo\u010dimi zvoki, grizalom, ogledalom in igrivimi trakci.\" \/>\n<meta property=\"og:url\" content=\"https:\/\/ajatutaja.com\/izdelek\/little-dutch-aktivnostna-igraca-bunny\/\" \/>\n<meta property=\"og:site_name\" content=\"Ajatutaja\" \/>\n<meta property=\"article:modified_time\" content=\"2026-04-14T18:47:54+00:00\" \/>\n<meta property=\"og:image\" content=\"https:\/\/ajatutaja.com\/wp-content\/uploads\/2025\/09\/little-dutch-aktivnostna-igraca-bunny-newborn-naturals-1.webp\" \/>\n\t<meta property=\"og:image:width\" content=\"2048\" \/>\n\t<meta property=\"og:image:height\" content=\"2048\" \/>\n\t<meta property=\"og:image:type\" content=\"image\/webp\" \/>\n<meta name=\"twitter:card\" content=\"summary_large_image\" \/>\n<meta name=\"twitter:label1\" content=\"Procijenjeno vrijeme \u010ditanja\" \/>\n\t<meta name=\"twitter:data1\" content=\"1 minuta\" \/>\n<script type=\"application\/ld+json\" class=\"yoast-schema-graph\">{\"@context\":\"https:\\\/\\\/schema.org\",\"@graph\":[{\"@type\":\"WebPage\",\"@id\":\"https:\\\/\\\/ajatutaja.com\\\/izdelek\\\/little-dutch-aktivnostna-igraca-bunny\\\/\",\"url\":\"https:\\\/\\\/ajatutaja.com\\\/izdelek\\\/little-dutch-aktivnostna-igraca-bunny\\\/\",\"name\":\"Little Dutch Aktivnostna igra\u010da Baby Bunny | Ajatutaja\",\"isPartOf\":{\"@id\":\"https:\\\/\\\/ajatutaja.com\\\/#website\"},\"primaryImageOfPage\":{\"@id\":\"https:\\\/\\\/ajatutaja.com\\\/izdelek\\\/little-dutch-aktivnostna-igraca-bunny\\\/#primaryimage\"},\"image\":{\"@id\":\"https:\\\/\\\/ajatutaja.com\\\/izdelek\\\/little-dutch-aktivnostna-igraca-bunny\\\/#primaryimage\"},\"thumbnailUrl\":\"https:\\\/\\\/ajatutaja.com\\\/wp-content\\\/uploads\\\/2025\\\/09\\\/little-dutch-aktivnostna-igraca-bunny-newborn-naturals-1.webp\",\"datePublished\":\"2025-09-23T18:49:42+00:00\",\"dateModified\":\"2026-04-14T18:47:54+00:00\",\"description\":\"Ljubka aktivnostna pli\u0161asta igra\u010dka Bunny Little Dutch iz kolekcija Newborn Naturals prevzame vsakega dojen\u010dka. Ta ljubek mehek zaj\u010dek spodbuja pri mal\u010dku \u010dute z ropotajo\u010dimi zvoki, grizalom, ogledalom in igrivimi trakci.\",\"breadcrumb\":{\"@id\":\"https:\\\/\\\/ajatutaja.com\\\/izdelek\\\/little-dutch-aktivnostna-igraca-bunny\\\/#breadcrumb\"},\"inLanguage\":\"hr\",\"potentialAction\":[{\"@type\":\"ReadAction\",\"target\":[\"https:\\\/\\\/ajatutaja.com\\\/izdelek\\\/little-dutch-aktivnostna-igraca-bunny\\\/\"]}]},{\"@type\":\"ImageObject\",\"inLanguage\":\"hr\",\"@id\":\"https:\\\/\\\/ajatutaja.com\\\/izdelek\\\/little-dutch-aktivnostna-igraca-bunny\\\/#primaryimage\",\"url\":\"https:\\\/\\\/ajatutaja.com\\\/wp-content\\\/uploads\\\/2025\\\/09\\\/little-dutch-aktivnostna-igraca-bunny-newborn-naturals-1.webp\",\"contentUrl\":\"https:\\\/\\\/ajatutaja.com\\\/wp-content\\\/uploads\\\/2025\\\/09\\\/little-dutch-aktivnostna-igraca-bunny-newborn-naturals-1.webp\",\"width\":2048,\"height\":2048},{\"@type\":\"BreadcrumbList\",\"@id\":\"https:\\\/\\\/ajatutaja.com\\\/izdelek\\\/little-dutch-aktivnostna-igraca-bunny\\\/#breadcrumb\",\"itemListElement\":[{\"@type\":\"ListItem\",\"position\":1,\"name\":\"Home\",\"item\":\"https:\\\/\\\/ajatutaja.com\\\/hr\\\/\"},{\"@type\":\"ListItem\",\"position\":2,\"name\":\"Trgovina\",\"item\":\"https:\\\/\\\/ajatutaja.com\\\/hr\\\/trgovina\\\/\"},{\"@type\":\"ListItem\",\"position\":3,\"name\":\"Little Dutch Aktivnostna igra\u010da Baby Bunny\"}]},{\"@type\":\"WebSite\",\"@id\":\"https:\\\/\\\/ajatutaja.com\\\/#website\",\"url\":\"https:\\\/\\\/ajatutaja.com\\\/\",\"name\":\"Ajatutaja\",\"description\":\"Otro\u0161ka spletna trgovina AJATUTAJA\",\"publisher\":{\"@id\":\"https:\\\/\\\/ajatutaja.com\\\/#organization\"},\"potentialAction\":[{\"@type\":\"SearchAction\",\"target\":{\"@type\":\"EntryPoint\",\"urlTemplate\":\"https:\\\/\\\/ajatutaja.com\\\/?s={search_term_string}\"},\"query-input\":{\"@type\":\"PropertyValueSpecification\",\"valueRequired\":true,\"valueName\":\"search_term_string\"}}],\"inLanguage\":\"hr\"},{\"@type\":\"Organization\",\"@id\":\"https:\\\/\\\/ajatutaja.com\\\/#organization\",\"name\":\"Ajatutaja\",\"url\":\"https:\\\/\\\/ajatutaja.com\\\/\",\"logo\":{\"@type\":\"ImageObject\",\"inLanguage\":\"hr\",\"@id\":\"https:\\\/\\\/ajatutaja.com\\\/#\\\/schema\\\/logo\\\/image\\\/\",\"url\":\"https:\\\/\\\/ajatutaja.com\\\/wp-content\\\/uploads\\\/2021\\\/10\\\/logo.png\",\"contentUrl\":\"https:\\\/\\\/ajatutaja.com\\\/wp-content\\\/uploads\\\/2021\\\/10\\\/logo.png\",\"width\":555,\"height\":150,\"caption\":\"Ajatutaja\"},\"image\":{\"@id\":\"https:\\\/\\\/ajatutaja.com\\\/#\\\/schema\\\/logo\\\/image\\\/\"}}]}<\/script>\n<!-- \/ Yoast SEO plugin. -->","yoast_head_json":{"title":"Little Dutch Aktivnostna igra\u010da Baby Bunny | Ajatutaja","description":"Ljubka aktivnostna pli\u0161asta igra\u010dka Bunny Little Dutch iz kolekcija Newborn Naturals prevzame vsakega dojen\u010dka. Ta ljubek mehek zaj\u010dek spodbuja pri mal\u010dku \u010dute z ropotajo\u010dimi zvoki, grizalom, ogledalom in igrivimi trakci.","robots":{"index":"index","follow":"follow","max-snippet":"max-snippet:-1","max-image-preview":"max-image-preview:large","max-video-preview":"max-video-preview:-1"},"canonical":"https:\/\/ajatutaja.com\/izdelek\/little-dutch-aktivnostna-igraca-bunny\/","og_locale":"hr_HR","og_type":"article","og_title":"Little Dutch Aktivnostna igra\u010da Baby Bunny | Ajatutaja","og_description":"Ljubka aktivnostna pli\u0161asta igra\u010dka Bunny Little Dutch iz kolekcija Newborn Naturals prevzame vsakega dojen\u010dka. Ta ljubek mehek zaj\u010dek spodbuja pri mal\u010dku \u010dute z ropotajo\u010dimi zvoki, grizalom, ogledalom in igrivimi trakci.","og_url":"https:\/\/ajatutaja.com\/izdelek\/little-dutch-aktivnostna-igraca-bunny\/","og_site_name":"Ajatutaja","article_modified_time":"2026-04-14T18:47:54+00:00","og_image":[{"width":2048,"height":2048,"url":"https:\/\/ajatutaja.com\/wp-content\/uploads\/2025\/09\/little-dutch-aktivnostna-igraca-bunny-newborn-naturals-1.webp","type":"image\/webp"}],"twitter_card":"summary_large_image","twitter_misc":{"Procijenjeno vrijeme \u010ditanja":"1 minuta"},"schema":{"@context":"https:\/\/schema.org","@graph":[{"@type":"WebPage","@id":"https:\/\/ajatutaja.com\/izdelek\/little-dutch-aktivnostna-igraca-bunny\/","url":"https:\/\/ajatutaja.com\/izdelek\/little-dutch-aktivnostna-igraca-bunny\/","name":"Little Dutch Aktivnostna igra\u010da Baby Bunny | Ajatutaja","isPartOf":{"@id":"https:\/\/ajatutaja.com\/#website"},"primaryImageOfPage":{"@id":"https:\/\/ajatutaja.com\/izdelek\/little-dutch-aktivnostna-igraca-bunny\/#primaryimage"},"image":{"@id":"https:\/\/ajatutaja.com\/izdelek\/little-dutch-aktivnostna-igraca-bunny\/#primaryimage"},"thumbnailUrl":"https:\/\/ajatutaja.com\/wp-content\/uploads\/2025\/09\/little-dutch-aktivnostna-igraca-bunny-newborn-naturals-1.webp","datePublished":"2025-09-23T18:49:42+00:00","dateModified":"2026-04-14T18:47:54+00:00","description":"Ljubka aktivnostna pli\u0161asta igra\u010dka Bunny Little Dutch iz kolekcija Newborn Naturals prevzame vsakega dojen\u010dka. Ta ljubek mehek zaj\u010dek spodbuja pri mal\u010dku \u010dute z ropotajo\u010dimi zvoki, grizalom, ogledalom in igrivimi trakci.","breadcrumb":{"@id":"https:\/\/ajatutaja.com\/izdelek\/little-dutch-aktivnostna-igraca-bunny\/#breadcrumb"},"inLanguage":"hr","potentialAction":[{"@type":"ReadAction","target":["https:\/\/ajatutaja.com\/izdelek\/little-dutch-aktivnostna-igraca-bunny\/"]}]},{"@type":"ImageObject","inLanguage":"hr","@id":"https:\/\/ajatutaja.com\/izdelek\/little-dutch-aktivnostna-igraca-bunny\/#primaryimage","url":"https:\/\/ajatutaja.com\/wp-content\/uploads\/2025\/09\/little-dutch-aktivnostna-igraca-bunny-newborn-naturals-1.webp","contentUrl":"https:\/\/ajatutaja.com\/wp-content\/uploads\/2025\/09\/little-dutch-aktivnostna-igraca-bunny-newborn-naturals-1.webp","width":2048,"height":2048},{"@type":"BreadcrumbList","@id":"https:\/\/ajatutaja.com\/izdelek\/little-dutch-aktivnostna-igraca-bunny\/#breadcrumb","itemListElement":[{"@type":"ListItem","position":1,"name":"Home","item":"https:\/\/ajatutaja.com\/hr\/"},{"@type":"ListItem","position":2,"name":"Trgovina","item":"https:\/\/ajatutaja.com\/hr\/trgovina\/"},{"@type":"ListItem","position":3,"name":"Little Dutch Aktivnostna igra\u010da Baby Bunny"}]},{"@type":"WebSite","@id":"https:\/\/ajatutaja.com\/#website","url":"https:\/\/ajatutaja.com\/","name":"Ajatutaja","description":"Otro\u0161ka spletna trgovina AJATUTAJA","publisher":{"@id":"https:\/\/ajatutaja.com\/#organization"},"potentialAction":[{"@type":"SearchAction","target":{"@type":"EntryPoint","urlTemplate":"https:\/\/ajatutaja.com\/?s={search_term_string}"},"query-input":{"@type":"PropertyValueSpecification","valueRequired":true,"valueName":"search_term_string"}}],"inLanguage":"hr"},{"@type":"Organization","@id":"https:\/\/ajatutaja.com\/#organization","name":"Ajatutaja","url":"https:\/\/ajatutaja.com\/","logo":{"@type":"ImageObject","inLanguage":"hr","@id":"https:\/\/ajatutaja.com\/#\/schema\/logo\/image\/","url":"https:\/\/ajatutaja.com\/wp-content\/uploads\/2021\/10\/logo.png","contentUrl":"https:\/\/ajatutaja.com\/wp-content\/uploads\/2021\/10\/logo.png","width":555,"height":150,"caption":"Ajatutaja"},"image":{"@id":"https:\/\/ajatutaja.com\/#\/schema\/logo\/image\/"}}]}},"brands":[{"id":2452,"name":"Igranje","slug":"igranje"},{"id":2457,"name":"Little Dutch","slug":"little-dutch-igra"}],"_links":{"self":[{"href":"https:\/\/ajatutaja.com\/hr\/wp-json\/wp\/v2\/product\/80632","targetHints":{"allow":["GET"]}}],"collection":[{"href":"https:\/\/ajatutaja.com\/hr\/wp-json\/wp\/v2\/product"}],"about":[{"href":"https:\/\/ajatutaja.com\/hr\/wp-json\/wp\/v2\/types\/product"}],"wp:featuredmedia":[{"embeddable":true,"href":"https:\/\/ajatutaja.com\/hr\/wp-json\/wp\/v2\/media\/80633"}],"wp:attachment":[{"href":"https:\/\/ajatutaja.com\/hr\/wp-json\/wp\/v2\/media?parent=80632"}],"wp:term":[{"taxonomy":"pwb-brand","embeddable":true,"href":"https:\/\/ajatutaja.com\/hr\/wp-json\/wp\/v2\/pwb-brand?post=80632"},{"taxonomy":"product_brand","embeddable":true,"href":"https:\/\/ajatutaja.com\/hr\/wp-json\/wp\/v2\/product_brand?post=80632"},{"taxonomy":"product_cat","embeddable":true,"href":"https:\/\/ajatutaja.com\/hr\/wp-json\/wp\/v2\/product_cat?post=80632"},{"taxonomy":"product_tag","embeddable":true,"href":"https:\/\/ajatutaja.com\/hr\/wp-json\/wp\/v2\/product_tag?post=80632"}],"curies":[{"name":"wp","href":"https:\/\/api.w.org\/{rel}","templated":true}]}}