{"id":80597,"date":"2025-09-23T20:02:29","date_gmt":"2025-09-23T18:02:29","guid":{"rendered":"https:\/\/ajatutaja.com\/?post_type=product&#038;p=80597"},"modified":"2026-04-13T12:03:56","modified_gmt":"2026-04-13T10:03:56","slug":"mehka-senzoricna-kocka-little-dutch-newborn-naturals","status":"publish","type":"product","link":"https:\/\/ajatutaja.com\/hr\/proizvod\/mehka-senzoricna-kocka-little-dutch-newborn-naturals\/","title":{"rendered":"Mehka Senzori\u010dna kocka Little Dutch &#8211; Newborn Naturals"},"content":{"rendered":"<p>[vc_row][vc_column][vc_column_text]Mehka in zabavna igra\u010da v obliki kocke otroku omogo\u010da pridobitev novih ve\u0161\u010din, saj lahko: vadi oprijem (stisk, prejemanje iz ene roke v drugo), prijema za razli\u010dne teksture tkanine in spoznava nove morske prijatelje, ki naredijo zvok z vsakim gibanjem.<\/p>\n<h3>Lastnosti senzori\u010dne igralne kocke Little Dutch:<\/h3>\n<ul>\n<li>Material: Zunanji del: 100% poliester \/ Polnilo: 100% poliester<\/li>\n<li>Starost: 0m+<\/li>\n<li>Dimenzije: 14 x 14 x 14 cm<\/li>\n<li>Vzdr\u017eevanje: ro\u010dno pranje na 30\u00b0C<\/li>\n<li>Varno za otroke \u2013 izdelek je skladen z evropsko uredbo REACH in evropsko direktivo EN-71.<\/li>\n<\/ul>\n<p>[\/vc_column_text][\/vc_column][\/vc_row]<\/p>\n","protected":false},"excerpt":{"rendered":"<div class=\"woocommerce-product-details__short-description\">\n<p>Mehka senzori\u010dna kocka Little Dutch iz kolekcije Newborn Naturals vsebuje \u0161tevilne elemente, ki spodbujajo otrokova \u010dutila in nudi obilo zabave.<\/p>\n<\/div>\n<div class=\"add_to_cart_wrapper\">\n<div class=\"quantity\"><\/div>\n<\/div>\n","protected":false},"featured_media":80598,"template":"","meta":[],"pwb-brand":[2452,2457],"product_brand":[],"product_cat":[3986,2716,2711,2362,5064,2442],"product_tag":[4002,6312],"class_list":{"0":"post-80597","1":"product","2":"type-product","3":"status-publish","4":"has-post-thumbnail","6":"pwb-brand-igranje","7":"pwb-brand-little-dutch-igra","8":"product_cat-novorojencek-igrace","9":"product_cat-darilo-do-30e","10":"product_cat-darilo-ob-rojstvu","11":"product_cat-igranje","12":"product_cat-mehke-in-plisaste-igrace","13":"product_cat-senzoricne-igrace","14":"product_tag-little-dutch","15":"product_tag-newborn-naturals","17":"first","18":"instock","19":"taxable","20":"shipping-taxable","21":"purchasable","22":"product-type-simple","23":"add-to-wishlist-before_image"},"yoast_head":"<!-- This site is optimized with the Yoast SEO plugin v27.3 - https:\/\/yoast.com\/product\/yoast-seo-wordpress\/ -->\n<title>Mehka Senzori\u010dna kocka Little Dutch - Newborn Naturals | Ajatutaja<\/title>\n<meta name=\"description\" content=\"Mehka senzori\u010dna kocka Little Dutch iz kolekcije Newborn Naturals vsebuje \u0161tevilne elemente, ki spodbujajo otrokova \u010dutila in nudi obilo zabave.\" \/>\n<meta name=\"robots\" content=\"index, follow, max-snippet:-1, max-image-preview:large, max-video-preview:-1\" \/>\n<link rel=\"canonical\" href=\"https:\/\/ajatutaja.com\/izdelek\/mehka-senzoricna-kocka-little-dutch-newborn-naturals\/\" \/>\n<meta property=\"og:locale\" content=\"hr_HR\" \/>\n<meta property=\"og:type\" content=\"article\" \/>\n<meta property=\"og:title\" content=\"Mehka Senzori\u010dna kocka Little Dutch - Newborn Naturals | Ajatutaja\" \/>\n<meta property=\"og:description\" content=\"Mehka senzori\u010dna kocka Little Dutch iz kolekcije Newborn Naturals vsebuje \u0161tevilne elemente, ki spodbujajo otrokova \u010dutila in nudi obilo zabave.\" \/>\n<meta property=\"og:url\" content=\"https:\/\/ajatutaja.com\/izdelek\/mehka-senzoricna-kocka-little-dutch-newborn-naturals\/\" \/>\n<meta property=\"og:site_name\" content=\"Ajatutaja\" \/>\n<meta property=\"article:modified_time\" content=\"2026-04-13T10:03:56+00:00\" \/>\n<meta property=\"og:image\" content=\"https:\/\/ajatutaja.com\/wp-content\/uploads\/2025\/09\/little-dutch-senzoricna-kocka-newborn-naturals-1.jpeg\" \/>\n\t<meta property=\"og:image:width\" content=\"1080\" \/>\n\t<meta property=\"og:image:height\" content=\"1080\" \/>\n\t<meta property=\"og:image:type\" content=\"image\/jpeg\" \/>\n<meta name=\"twitter:card\" content=\"summary_large_image\" \/>\n<script type=\"application\/ld+json\" class=\"yoast-schema-graph\">{\"@context\":\"https:\\\/\\\/schema.org\",\"@graph\":[{\"@type\":\"WebPage\",\"@id\":\"https:\\\/\\\/ajatutaja.com\\\/izdelek\\\/mehka-senzoricna-kocka-little-dutch-newborn-naturals\\\/\",\"url\":\"https:\\\/\\\/ajatutaja.com\\\/izdelek\\\/mehka-senzoricna-kocka-little-dutch-newborn-naturals\\\/\",\"name\":\"Mehka Senzori\u010dna kocka Little Dutch - Newborn Naturals | Ajatutaja\",\"isPartOf\":{\"@id\":\"https:\\\/\\\/ajatutaja.com\\\/#website\"},\"primaryImageOfPage\":{\"@id\":\"https:\\\/\\\/ajatutaja.com\\\/izdelek\\\/mehka-senzoricna-kocka-little-dutch-newborn-naturals\\\/#primaryimage\"},\"image\":{\"@id\":\"https:\\\/\\\/ajatutaja.com\\\/izdelek\\\/mehka-senzoricna-kocka-little-dutch-newborn-naturals\\\/#primaryimage\"},\"thumbnailUrl\":\"https:\\\/\\\/ajatutaja.com\\\/wp-content\\\/uploads\\\/2025\\\/09\\\/little-dutch-senzoricna-kocka-newborn-naturals-1.jpeg\",\"datePublished\":\"2025-09-23T18:02:29+00:00\",\"dateModified\":\"2026-04-13T10:03:56+00:00\",\"description\":\"Mehka senzori\u010dna kocka Little Dutch iz kolekcije Newborn Naturals vsebuje \u0161tevilne elemente, ki spodbujajo otrokova \u010dutila in nudi obilo zabave.\",\"breadcrumb\":{\"@id\":\"https:\\\/\\\/ajatutaja.com\\\/izdelek\\\/mehka-senzoricna-kocka-little-dutch-newborn-naturals\\\/#breadcrumb\"},\"inLanguage\":\"hr\",\"potentialAction\":[{\"@type\":\"ReadAction\",\"target\":[\"https:\\\/\\\/ajatutaja.com\\\/izdelek\\\/mehka-senzoricna-kocka-little-dutch-newborn-naturals\\\/\"]}]},{\"@type\":\"ImageObject\",\"inLanguage\":\"hr\",\"@id\":\"https:\\\/\\\/ajatutaja.com\\\/izdelek\\\/mehka-senzoricna-kocka-little-dutch-newborn-naturals\\\/#primaryimage\",\"url\":\"https:\\\/\\\/ajatutaja.com\\\/wp-content\\\/uploads\\\/2025\\\/09\\\/little-dutch-senzoricna-kocka-newborn-naturals-1.jpeg\",\"contentUrl\":\"https:\\\/\\\/ajatutaja.com\\\/wp-content\\\/uploads\\\/2025\\\/09\\\/little-dutch-senzoricna-kocka-newborn-naturals-1.jpeg\",\"width\":1080,\"height\":1080},{\"@type\":\"BreadcrumbList\",\"@id\":\"https:\\\/\\\/ajatutaja.com\\\/izdelek\\\/mehka-senzoricna-kocka-little-dutch-newborn-naturals\\\/#breadcrumb\",\"itemListElement\":[{\"@type\":\"ListItem\",\"position\":1,\"name\":\"Home\",\"item\":\"https:\\\/\\\/ajatutaja.com\\\/hr\\\/\"},{\"@type\":\"ListItem\",\"position\":2,\"name\":\"Trgovina\",\"item\":\"https:\\\/\\\/ajatutaja.com\\\/hr\\\/trgovina\\\/\"},{\"@type\":\"ListItem\",\"position\":3,\"name\":\"Mehka Senzori\u010dna kocka Little Dutch &#8211; Newborn Naturals\"}]},{\"@type\":\"WebSite\",\"@id\":\"https:\\\/\\\/ajatutaja.com\\\/#website\",\"url\":\"https:\\\/\\\/ajatutaja.com\\\/\",\"name\":\"Ajatutaja\",\"description\":\"Otro\u0161ka spletna trgovina AJATUTAJA\",\"publisher\":{\"@id\":\"https:\\\/\\\/ajatutaja.com\\\/#organization\"},\"potentialAction\":[{\"@type\":\"SearchAction\",\"target\":{\"@type\":\"EntryPoint\",\"urlTemplate\":\"https:\\\/\\\/ajatutaja.com\\\/?s={search_term_string}\"},\"query-input\":{\"@type\":\"PropertyValueSpecification\",\"valueRequired\":true,\"valueName\":\"search_term_string\"}}],\"inLanguage\":\"hr\"},{\"@type\":\"Organization\",\"@id\":\"https:\\\/\\\/ajatutaja.com\\\/#organization\",\"name\":\"Ajatutaja\",\"url\":\"https:\\\/\\\/ajatutaja.com\\\/\",\"logo\":{\"@type\":\"ImageObject\",\"inLanguage\":\"hr\",\"@id\":\"https:\\\/\\\/ajatutaja.com\\\/#\\\/schema\\\/logo\\\/image\\\/\",\"url\":\"https:\\\/\\\/ajatutaja.com\\\/wp-content\\\/uploads\\\/2021\\\/10\\\/logo.png\",\"contentUrl\":\"https:\\\/\\\/ajatutaja.com\\\/wp-content\\\/uploads\\\/2021\\\/10\\\/logo.png\",\"width\":555,\"height\":150,\"caption\":\"Ajatutaja\"},\"image\":{\"@id\":\"https:\\\/\\\/ajatutaja.com\\\/#\\\/schema\\\/logo\\\/image\\\/\"}}]}<\/script>\n<!-- \/ Yoast SEO plugin. -->","yoast_head_json":{"title":"Mehka Senzori\u010dna kocka Little Dutch - Newborn Naturals | Ajatutaja","description":"Mehka senzori\u010dna kocka Little Dutch iz kolekcije Newborn Naturals vsebuje \u0161tevilne elemente, ki spodbujajo otrokova \u010dutila in nudi obilo zabave.","robots":{"index":"index","follow":"follow","max-snippet":"max-snippet:-1","max-image-preview":"max-image-preview:large","max-video-preview":"max-video-preview:-1"},"canonical":"https:\/\/ajatutaja.com\/izdelek\/mehka-senzoricna-kocka-little-dutch-newborn-naturals\/","og_locale":"hr_HR","og_type":"article","og_title":"Mehka Senzori\u010dna kocka Little Dutch - Newborn Naturals | Ajatutaja","og_description":"Mehka senzori\u010dna kocka Little Dutch iz kolekcije Newborn Naturals vsebuje \u0161tevilne elemente, ki spodbujajo otrokova \u010dutila in nudi obilo zabave.","og_url":"https:\/\/ajatutaja.com\/izdelek\/mehka-senzoricna-kocka-little-dutch-newborn-naturals\/","og_site_name":"Ajatutaja","article_modified_time":"2026-04-13T10:03:56+00:00","og_image":[{"width":1080,"height":1080,"url":"https:\/\/ajatutaja.com\/wp-content\/uploads\/2025\/09\/little-dutch-senzoricna-kocka-newborn-naturals-1.jpeg","type":"image\/jpeg"}],"twitter_card":"summary_large_image","schema":{"@context":"https:\/\/schema.org","@graph":[{"@type":"WebPage","@id":"https:\/\/ajatutaja.com\/izdelek\/mehka-senzoricna-kocka-little-dutch-newborn-naturals\/","url":"https:\/\/ajatutaja.com\/izdelek\/mehka-senzoricna-kocka-little-dutch-newborn-naturals\/","name":"Mehka Senzori\u010dna kocka Little Dutch - Newborn Naturals | Ajatutaja","isPartOf":{"@id":"https:\/\/ajatutaja.com\/#website"},"primaryImageOfPage":{"@id":"https:\/\/ajatutaja.com\/izdelek\/mehka-senzoricna-kocka-little-dutch-newborn-naturals\/#primaryimage"},"image":{"@id":"https:\/\/ajatutaja.com\/izdelek\/mehka-senzoricna-kocka-little-dutch-newborn-naturals\/#primaryimage"},"thumbnailUrl":"https:\/\/ajatutaja.com\/wp-content\/uploads\/2025\/09\/little-dutch-senzoricna-kocka-newborn-naturals-1.jpeg","datePublished":"2025-09-23T18:02:29+00:00","dateModified":"2026-04-13T10:03:56+00:00","description":"Mehka senzori\u010dna kocka Little Dutch iz kolekcije Newborn Naturals vsebuje \u0161tevilne elemente, ki spodbujajo otrokova \u010dutila in nudi obilo zabave.","breadcrumb":{"@id":"https:\/\/ajatutaja.com\/izdelek\/mehka-senzoricna-kocka-little-dutch-newborn-naturals\/#breadcrumb"},"inLanguage":"hr","potentialAction":[{"@type":"ReadAction","target":["https:\/\/ajatutaja.com\/izdelek\/mehka-senzoricna-kocka-little-dutch-newborn-naturals\/"]}]},{"@type":"ImageObject","inLanguage":"hr","@id":"https:\/\/ajatutaja.com\/izdelek\/mehka-senzoricna-kocka-little-dutch-newborn-naturals\/#primaryimage","url":"https:\/\/ajatutaja.com\/wp-content\/uploads\/2025\/09\/little-dutch-senzoricna-kocka-newborn-naturals-1.jpeg","contentUrl":"https:\/\/ajatutaja.com\/wp-content\/uploads\/2025\/09\/little-dutch-senzoricna-kocka-newborn-naturals-1.jpeg","width":1080,"height":1080},{"@type":"BreadcrumbList","@id":"https:\/\/ajatutaja.com\/izdelek\/mehka-senzoricna-kocka-little-dutch-newborn-naturals\/#breadcrumb","itemListElement":[{"@type":"ListItem","position":1,"name":"Home","item":"https:\/\/ajatutaja.com\/hr\/"},{"@type":"ListItem","position":2,"name":"Trgovina","item":"https:\/\/ajatutaja.com\/hr\/trgovina\/"},{"@type":"ListItem","position":3,"name":"Mehka Senzori\u010dna kocka Little Dutch &#8211; Newborn Naturals"}]},{"@type":"WebSite","@id":"https:\/\/ajatutaja.com\/#website","url":"https:\/\/ajatutaja.com\/","name":"Ajatutaja","description":"Otro\u0161ka spletna trgovina AJATUTAJA","publisher":{"@id":"https:\/\/ajatutaja.com\/#organization"},"potentialAction":[{"@type":"SearchAction","target":{"@type":"EntryPoint","urlTemplate":"https:\/\/ajatutaja.com\/?s={search_term_string}"},"query-input":{"@type":"PropertyValueSpecification","valueRequired":true,"valueName":"search_term_string"}}],"inLanguage":"hr"},{"@type":"Organization","@id":"https:\/\/ajatutaja.com\/#organization","name":"Ajatutaja","url":"https:\/\/ajatutaja.com\/","logo":{"@type":"ImageObject","inLanguage":"hr","@id":"https:\/\/ajatutaja.com\/#\/schema\/logo\/image\/","url":"https:\/\/ajatutaja.com\/wp-content\/uploads\/2021\/10\/logo.png","contentUrl":"https:\/\/ajatutaja.com\/wp-content\/uploads\/2021\/10\/logo.png","width":555,"height":150,"caption":"Ajatutaja"},"image":{"@id":"https:\/\/ajatutaja.com\/#\/schema\/logo\/image\/"}}]}},"brands":[{"id":2452,"name":"Igranje","slug":"igranje"},{"id":2457,"name":"Little Dutch","slug":"little-dutch-igra"}],"_links":{"self":[{"href":"https:\/\/ajatutaja.com\/hr\/wp-json\/wp\/v2\/product\/80597","targetHints":{"allow":["GET"]}}],"collection":[{"href":"https:\/\/ajatutaja.com\/hr\/wp-json\/wp\/v2\/product"}],"about":[{"href":"https:\/\/ajatutaja.com\/hr\/wp-json\/wp\/v2\/types\/product"}],"wp:featuredmedia":[{"embeddable":true,"href":"https:\/\/ajatutaja.com\/hr\/wp-json\/wp\/v2\/media\/80598"}],"wp:attachment":[{"href":"https:\/\/ajatutaja.com\/hr\/wp-json\/wp\/v2\/media?parent=80597"}],"wp:term":[{"taxonomy":"pwb-brand","embeddable":true,"href":"https:\/\/ajatutaja.com\/hr\/wp-json\/wp\/v2\/pwb-brand?post=80597"},{"taxonomy":"product_brand","embeddable":true,"href":"https:\/\/ajatutaja.com\/hr\/wp-json\/wp\/v2\/product_brand?post=80597"},{"taxonomy":"product_cat","embeddable":true,"href":"https:\/\/ajatutaja.com\/hr\/wp-json\/wp\/v2\/product_cat?post=80597"},{"taxonomy":"product_tag","embeddable":true,"href":"https:\/\/ajatutaja.com\/hr\/wp-json\/wp\/v2\/product_tag?post=80597"}],"curies":[{"name":"wp","href":"https:\/\/api.w.org\/{rel}","templated":true}]}}