{"id":79592,"date":"2025-06-30T09:19:41","date_gmt":"2025-06-30T07:19:41","guid":{"rendered":"https:\/\/ajatutaja.com\/?post_type=product&#038;p=79592"},"modified":"2026-02-18T12:03:26","modified_gmt":"2026-02-18T11:03:26","slug":"mushie-rokavica-z-grizalom-sun","status":"publish","type":"product","link":"https:\/\/ajatutaja.com\/hr\/proizvod\/mushie-rokavica-z-grizalom-sun\/","title":{"rendered":"Mushie Rokavica z grizalom &#8211; Sun"},"content":{"rendered":"<p>[vc_row][vc_column][vc_column_text]<\/p>\n<p style=\"text-align: justify\">Rokavica z grizalom Mushie je priro\u010den pripomo\u010dek pri izra\u0161\u010danju zobkov, ki dojen\u010dku ne bo padal iz rok. Omogo\u010da preprosto laj\u0161anje bole\u010dine pri izra\u0161\u010danju zobkov in je primerno za dojen\u010dke, ki se \u0161ele u\u010dijo oprijemati. Hkrati pa \u0161\u010diti njihovo ko\u017eo na rokah pred dra\u017eenjem zaradi grizenja.<\/p>\n<h3>Mushie rokavi\u010dka z grizalom ima naslednje lastnosti:<\/h3>\n<ul>\n<li>Na voljo 2 vzorca: Pink Rainbow (MAVRICA) in Blue Sun (SONCE)<\/li>\n<li>Primerno za otroke starosti 3+ mesece<\/li>\n<li>Teksturirana fleksibilna povr\u0161ina iz silikona laj\u0161a bole\u010dine pri izra\u0161\u010danju zobkov<\/li>\n<li>Dojen\u010dek lahko rokavico preprosto nese v usta<\/li>\n<li>Varen nastavljiv trak<\/li>\n<li>\u0160\u010diti dojen\u010dkove roke pred slino in grizenjem<\/li>\n<li>Dojen\u010dek lahko rokavico nosi na obeh rokah<\/li>\n<li>Materiali: silikon za \u017eivila, bomba\u017ena tkanina, PET plastika (notranje \u0161umenje)<\/li>\n<li>Dimenzije: Sonce: 11,5 cm x 9,5 cm x 1,5 cm \/ Mavrica: 11 cm x 8 cm x 1,5 cm<\/li>\n<\/ul>\n<p>[\/vc_column_text][\/vc_column][\/vc_row]<\/p>\n","protected":false},"excerpt":{"rendered":"<p style=\"text-align: justify\">Mushie\u00ae rokavica za grizenje je priro\u010dno grizalo, ki otroku omogo\u010da lahko dostopno laj\u0161anje bole\u010dine v dlesnih. Poleg tega je izredno primerna za mal\u010dke, ki \u0161e nimajo mo\u010dnega prijema in se \u0161e spopadajo z usmerjanjem malih rokic obenem pa obvaruje rokice pred dra\u017eenjem zaradi grizenja.<\/p>\n","protected":false},"featured_media":79590,"template":"","meta":[],"pwb-brand":[2269,5140],"product_brand":[],"product_cat":[2715,2711,2713,2308],"product_tag":[5142],"class_list":{"0":"post-79592","1":"product","2":"type-product","3":"status-publish","4":"has-post-thumbnail","6":"pwb-brand-hranjenje","7":"pwb-brand-mushie","8":"product_cat-darilo-do-15e","9":"product_cat-darilo-ob-rojstvu","10":"product_cat-darilo-za-deklico","11":"product_cat-grizala-za-zobke","12":"product_tag-mushie","14":"first","15":"outofstock","16":"taxable","17":"shipping-taxable","18":"purchasable","19":"product-type-simple","20":"add-to-wishlist-before_image"},"yoast_head":"<!-- This site is optimized with the Yoast SEO plugin v27.3 - https:\/\/yoast.com\/product\/yoast-seo-wordpress\/ -->\n<title>Mushie Rokavica z grizalom - Sun | Ajatutaja<\/title>\n<meta name=\"description\" content=\"Mushie\u00ae rokavica za grizenje je priro\u010dno grizalo, ki prepre\u010di konstantno padanje in pobiranje igra\u010d, ki so namenjene grizenju. Ne vsebuje ftalatov.\" \/>\n<meta name=\"robots\" content=\"index, follow, max-snippet:-1, max-image-preview:large, max-video-preview:-1\" \/>\n<link rel=\"canonical\" href=\"https:\/\/ajatutaja.com\/izdelek\/mushie-rokavica-z-grizalom-sun\/\" \/>\n<meta property=\"og:locale\" content=\"hr_HR\" \/>\n<meta property=\"og:type\" content=\"article\" \/>\n<meta property=\"og:title\" content=\"Mushie Rokavica z grizalom - Sun | Ajatutaja\" \/>\n<meta property=\"og:description\" content=\"Mushie\u00ae rokavica za grizenje je priro\u010dno grizalo, ki prepre\u010di konstantno padanje in pobiranje igra\u010d, ki so namenjene grizenju. Ne vsebuje ftalatov.\" \/>\n<meta property=\"og:url\" content=\"https:\/\/ajatutaja.com\/izdelek\/mushie-rokavica-z-grizalom-sun\/\" \/>\n<meta property=\"og:site_name\" content=\"Ajatutaja\" \/>\n<meta property=\"article:modified_time\" content=\"2026-02-18T11:03:26+00:00\" \/>\n<meta property=\"og:image\" content=\"https:\/\/ajatutaja.com\/wp-content\/uploads\/2025\/08\/mushie-grizalo-rokavicka-sun-1.jpeg\" \/>\n\t<meta property=\"og:image:width\" content=\"1000\" \/>\n\t<meta property=\"og:image:height\" content=\"1000\" \/>\n\t<meta property=\"og:image:type\" content=\"image\/jpeg\" \/>\n<meta name=\"twitter:card\" content=\"summary_large_image\" \/>\n<meta name=\"twitter:label1\" content=\"Procijenjeno vrijeme \u010ditanja\" \/>\n\t<meta name=\"twitter:data1\" content=\"1 minuta\" \/>\n<script type=\"application\/ld+json\" class=\"yoast-schema-graph\">{\"@context\":\"https:\\\/\\\/schema.org\",\"@graph\":[{\"@type\":\"WebPage\",\"@id\":\"https:\\\/\\\/ajatutaja.com\\\/izdelek\\\/mushie-rokavica-z-grizalom-sun\\\/\",\"url\":\"https:\\\/\\\/ajatutaja.com\\\/izdelek\\\/mushie-rokavica-z-grizalom-sun\\\/\",\"name\":\"Mushie Rokavica z grizalom - Sun | Ajatutaja\",\"isPartOf\":{\"@id\":\"https:\\\/\\\/ajatutaja.com\\\/#website\"},\"primaryImageOfPage\":{\"@id\":\"https:\\\/\\\/ajatutaja.com\\\/izdelek\\\/mushie-rokavica-z-grizalom-sun\\\/#primaryimage\"},\"image\":{\"@id\":\"https:\\\/\\\/ajatutaja.com\\\/izdelek\\\/mushie-rokavica-z-grizalom-sun\\\/#primaryimage\"},\"thumbnailUrl\":\"https:\\\/\\\/ajatutaja.com\\\/wp-content\\\/uploads\\\/2025\\\/08\\\/mushie-grizalo-rokavicka-sun-1.jpeg\",\"datePublished\":\"2025-06-30T07:19:41+00:00\",\"dateModified\":\"2026-02-18T11:03:26+00:00\",\"description\":\"Mushie\u00ae rokavica za grizenje je priro\u010dno grizalo, ki prepre\u010di konstantno padanje in pobiranje igra\u010d, ki so namenjene grizenju. Ne vsebuje ftalatov.\",\"breadcrumb\":{\"@id\":\"https:\\\/\\\/ajatutaja.com\\\/izdelek\\\/mushie-rokavica-z-grizalom-sun\\\/#breadcrumb\"},\"inLanguage\":\"hr\",\"potentialAction\":[{\"@type\":\"ReadAction\",\"target\":[\"https:\\\/\\\/ajatutaja.com\\\/izdelek\\\/mushie-rokavica-z-grizalom-sun\\\/\"]}]},{\"@type\":\"ImageObject\",\"inLanguage\":\"hr\",\"@id\":\"https:\\\/\\\/ajatutaja.com\\\/izdelek\\\/mushie-rokavica-z-grizalom-sun\\\/#primaryimage\",\"url\":\"https:\\\/\\\/ajatutaja.com\\\/wp-content\\\/uploads\\\/2025\\\/08\\\/mushie-grizalo-rokavicka-sun-1.jpeg\",\"contentUrl\":\"https:\\\/\\\/ajatutaja.com\\\/wp-content\\\/uploads\\\/2025\\\/08\\\/mushie-grizalo-rokavicka-sun-1.jpeg\",\"width\":1000,\"height\":1000},{\"@type\":\"BreadcrumbList\",\"@id\":\"https:\\\/\\\/ajatutaja.com\\\/izdelek\\\/mushie-rokavica-z-grizalom-sun\\\/#breadcrumb\",\"itemListElement\":[{\"@type\":\"ListItem\",\"position\":1,\"name\":\"Home\",\"item\":\"https:\\\/\\\/ajatutaja.com\\\/hr\\\/\"},{\"@type\":\"ListItem\",\"position\":2,\"name\":\"Trgovina\",\"item\":\"https:\\\/\\\/ajatutaja.com\\\/hr\\\/trgovina\\\/\"},{\"@type\":\"ListItem\",\"position\":3,\"name\":\"Mushie Rokavica z grizalom &#8211; Sun\"}]},{\"@type\":\"WebSite\",\"@id\":\"https:\\\/\\\/ajatutaja.com\\\/#website\",\"url\":\"https:\\\/\\\/ajatutaja.com\\\/\",\"name\":\"Ajatutaja\",\"description\":\"Otro\u0161ka spletna trgovina AJATUTAJA\",\"publisher\":{\"@id\":\"https:\\\/\\\/ajatutaja.com\\\/#organization\"},\"potentialAction\":[{\"@type\":\"SearchAction\",\"target\":{\"@type\":\"EntryPoint\",\"urlTemplate\":\"https:\\\/\\\/ajatutaja.com\\\/?s={search_term_string}\"},\"query-input\":{\"@type\":\"PropertyValueSpecification\",\"valueRequired\":true,\"valueName\":\"search_term_string\"}}],\"inLanguage\":\"hr\"},{\"@type\":\"Organization\",\"@id\":\"https:\\\/\\\/ajatutaja.com\\\/#organization\",\"name\":\"Ajatutaja\",\"url\":\"https:\\\/\\\/ajatutaja.com\\\/\",\"logo\":{\"@type\":\"ImageObject\",\"inLanguage\":\"hr\",\"@id\":\"https:\\\/\\\/ajatutaja.com\\\/#\\\/schema\\\/logo\\\/image\\\/\",\"url\":\"https:\\\/\\\/ajatutaja.com\\\/wp-content\\\/uploads\\\/2021\\\/10\\\/logo.png\",\"contentUrl\":\"https:\\\/\\\/ajatutaja.com\\\/wp-content\\\/uploads\\\/2021\\\/10\\\/logo.png\",\"width\":555,\"height\":150,\"caption\":\"Ajatutaja\"},\"image\":{\"@id\":\"https:\\\/\\\/ajatutaja.com\\\/#\\\/schema\\\/logo\\\/image\\\/\"}}]}<\/script>\n<!-- \/ Yoast SEO plugin. -->","yoast_head_json":{"title":"Mushie Rokavica z grizalom - Sun | Ajatutaja","description":"Mushie\u00ae rokavica za grizenje je priro\u010dno grizalo, ki prepre\u010di konstantno padanje in pobiranje igra\u010d, ki so namenjene grizenju. Ne vsebuje ftalatov.","robots":{"index":"index","follow":"follow","max-snippet":"max-snippet:-1","max-image-preview":"max-image-preview:large","max-video-preview":"max-video-preview:-1"},"canonical":"https:\/\/ajatutaja.com\/izdelek\/mushie-rokavica-z-grizalom-sun\/","og_locale":"hr_HR","og_type":"article","og_title":"Mushie Rokavica z grizalom - Sun | Ajatutaja","og_description":"Mushie\u00ae rokavica za grizenje je priro\u010dno grizalo, ki prepre\u010di konstantno padanje in pobiranje igra\u010d, ki so namenjene grizenju. Ne vsebuje ftalatov.","og_url":"https:\/\/ajatutaja.com\/izdelek\/mushie-rokavica-z-grizalom-sun\/","og_site_name":"Ajatutaja","article_modified_time":"2026-02-18T11:03:26+00:00","og_image":[{"width":1000,"height":1000,"url":"https:\/\/ajatutaja.com\/wp-content\/uploads\/2025\/08\/mushie-grizalo-rokavicka-sun-1.jpeg","type":"image\/jpeg"}],"twitter_card":"summary_large_image","twitter_misc":{"Procijenjeno vrijeme \u010ditanja":"1 minuta"},"schema":{"@context":"https:\/\/schema.org","@graph":[{"@type":"WebPage","@id":"https:\/\/ajatutaja.com\/izdelek\/mushie-rokavica-z-grizalom-sun\/","url":"https:\/\/ajatutaja.com\/izdelek\/mushie-rokavica-z-grizalom-sun\/","name":"Mushie Rokavica z grizalom - Sun | Ajatutaja","isPartOf":{"@id":"https:\/\/ajatutaja.com\/#website"},"primaryImageOfPage":{"@id":"https:\/\/ajatutaja.com\/izdelek\/mushie-rokavica-z-grizalom-sun\/#primaryimage"},"image":{"@id":"https:\/\/ajatutaja.com\/izdelek\/mushie-rokavica-z-grizalom-sun\/#primaryimage"},"thumbnailUrl":"https:\/\/ajatutaja.com\/wp-content\/uploads\/2025\/08\/mushie-grizalo-rokavicka-sun-1.jpeg","datePublished":"2025-06-30T07:19:41+00:00","dateModified":"2026-02-18T11:03:26+00:00","description":"Mushie\u00ae rokavica za grizenje je priro\u010dno grizalo, ki prepre\u010di konstantno padanje in pobiranje igra\u010d, ki so namenjene grizenju. Ne vsebuje ftalatov.","breadcrumb":{"@id":"https:\/\/ajatutaja.com\/izdelek\/mushie-rokavica-z-grizalom-sun\/#breadcrumb"},"inLanguage":"hr","potentialAction":[{"@type":"ReadAction","target":["https:\/\/ajatutaja.com\/izdelek\/mushie-rokavica-z-grizalom-sun\/"]}]},{"@type":"ImageObject","inLanguage":"hr","@id":"https:\/\/ajatutaja.com\/izdelek\/mushie-rokavica-z-grizalom-sun\/#primaryimage","url":"https:\/\/ajatutaja.com\/wp-content\/uploads\/2025\/08\/mushie-grizalo-rokavicka-sun-1.jpeg","contentUrl":"https:\/\/ajatutaja.com\/wp-content\/uploads\/2025\/08\/mushie-grizalo-rokavicka-sun-1.jpeg","width":1000,"height":1000},{"@type":"BreadcrumbList","@id":"https:\/\/ajatutaja.com\/izdelek\/mushie-rokavica-z-grizalom-sun\/#breadcrumb","itemListElement":[{"@type":"ListItem","position":1,"name":"Home","item":"https:\/\/ajatutaja.com\/hr\/"},{"@type":"ListItem","position":2,"name":"Trgovina","item":"https:\/\/ajatutaja.com\/hr\/trgovina\/"},{"@type":"ListItem","position":3,"name":"Mushie Rokavica z grizalom &#8211; Sun"}]},{"@type":"WebSite","@id":"https:\/\/ajatutaja.com\/#website","url":"https:\/\/ajatutaja.com\/","name":"Ajatutaja","description":"Otro\u0161ka spletna trgovina AJATUTAJA","publisher":{"@id":"https:\/\/ajatutaja.com\/#organization"},"potentialAction":[{"@type":"SearchAction","target":{"@type":"EntryPoint","urlTemplate":"https:\/\/ajatutaja.com\/?s={search_term_string}"},"query-input":{"@type":"PropertyValueSpecification","valueRequired":true,"valueName":"search_term_string"}}],"inLanguage":"hr"},{"@type":"Organization","@id":"https:\/\/ajatutaja.com\/#organization","name":"Ajatutaja","url":"https:\/\/ajatutaja.com\/","logo":{"@type":"ImageObject","inLanguage":"hr","@id":"https:\/\/ajatutaja.com\/#\/schema\/logo\/image\/","url":"https:\/\/ajatutaja.com\/wp-content\/uploads\/2021\/10\/logo.png","contentUrl":"https:\/\/ajatutaja.com\/wp-content\/uploads\/2021\/10\/logo.png","width":555,"height":150,"caption":"Ajatutaja"},"image":{"@id":"https:\/\/ajatutaja.com\/#\/schema\/logo\/image\/"}}]}},"brands":[{"id":2269,"name":"Hranjenje","slug":"hranjenje"},{"id":5140,"name":"Mushie","slug":"mushie"}],"_links":{"self":[{"href":"https:\/\/ajatutaja.com\/hr\/wp-json\/wp\/v2\/product\/79592","targetHints":{"allow":["GET"]}}],"collection":[{"href":"https:\/\/ajatutaja.com\/hr\/wp-json\/wp\/v2\/product"}],"about":[{"href":"https:\/\/ajatutaja.com\/hr\/wp-json\/wp\/v2\/types\/product"}],"wp:featuredmedia":[{"embeddable":true,"href":"https:\/\/ajatutaja.com\/hr\/wp-json\/wp\/v2\/media\/79590"}],"wp:attachment":[{"href":"https:\/\/ajatutaja.com\/hr\/wp-json\/wp\/v2\/media?parent=79592"}],"wp:term":[{"taxonomy":"pwb-brand","embeddable":true,"href":"https:\/\/ajatutaja.com\/hr\/wp-json\/wp\/v2\/pwb-brand?post=79592"},{"taxonomy":"product_brand","embeddable":true,"href":"https:\/\/ajatutaja.com\/hr\/wp-json\/wp\/v2\/product_brand?post=79592"},{"taxonomy":"product_cat","embeddable":true,"href":"https:\/\/ajatutaja.com\/hr\/wp-json\/wp\/v2\/product_cat?post=79592"},{"taxonomy":"product_tag","embeddable":true,"href":"https:\/\/ajatutaja.com\/hr\/wp-json\/wp\/v2\/product_tag?post=79592"}],"curies":[{"name":"wp","href":"https:\/\/api.w.org\/{rel}","templated":true}]}}