{"id":79370,"date":"2025-02-02T15:08:46","date_gmt":"2025-02-02T14:08:46","guid":{"rendered":"https:\/\/ajatutaja.com\/?post_type=product&#038;p=79370"},"modified":"2026-03-12T14:52:35","modified_gmt":"2026-03-12T13:52:35","slug":"spectra-ppsu-flaska-anti-colic-160ml","status":"publish","type":"product","link":"https:\/\/ajatutaja.com\/hr\/proizvod\/spectra-ppsu-flaska-anti-colic-160ml\/","title":{"rendered":"Spectra\u00ae PPSU fla\u0161ka Anti-Colic (160ml)"},"content":{"rendered":"<p>[vc_row][vc_column][vc_column_text]Nova &#8211; vrhunska stekleni\u010dka Spectra je izdelana iz PPSU, polifenilsulfona, najvarnej\u0161ega in najbolj trpe\u017enega materiala za otro\u0161ke stekleni\u010dke. Te stekleni\u010dke je enostavno \u010distiti in sterilizirati ter so primerne za shranjevanje v hladilniku ali zamrzovalniku.<\/p>\n<h3>Lastnosti stekleni\u010dke PPSU Spectra:<\/h3>\n<ul>\n<li>V kompletu: Fla\u0161ka iz polifenilsulfona , pokrov\u010dek za shranjevanje, obro\u010dek in silikonski cucelj s spretokom S (0-3 mes), pokrov za stekleni\u010dko<\/li>\n<li>Ustreza originalnim lijakom Spectra (vseh velikosti) in je kompatibilna s prsnimi \u010drpalkami Spectra\u00ae<\/li>\n<li>Volumen 160 ml<\/li>\n<li>Stekleni\u010dke so enostavne za \u010di\u0161\u010denje in sterilizacijo<\/li>\n<li>Hranimo jih lahko tako v hladilniku kot v zamrzovalniku<\/li>\n<li>Brez BPA<\/li>\n<li>Model je izbolj\u0161an z dodatnim zaklepnim navojem, ki prepre\u010duje izlitje mleka<\/li>\n<\/ul>\n<h3>Kaj je PPSU?<\/h3>\n<p>PPSU je kratica za polifenilsulfon (polyphenylsulfone), ki je posebna vrsta visokokakovostne plastike.\u00a0Gre za material, ki se pogosto uporablja pri izdelavi medicinskih pripomo\u010dkov in otro\u0161kih stekleni\u010dk, ker ima ve\u010d prednosti:<\/p>\n<ul>\n<li>Izjemna odpornost na visoke temperature \u2013 zdr\u017ei sterilizacijo v vreli vodi ali parnem sterilizatorju brez deformacij.<\/li>\n<li>Brez BPA in drugih \u0161kodljivih kemikalij.<\/li>\n<li>Zelo trpe\u017een \u2013 odporen na udarce in praske.<\/li>\n<li>Ne vpija vonjav ali barvil iz hrane.<\/li>\n<li>Prosojen \u2013 videti je kot rahlo jantarno obarjena plastika.<\/li>\n<li>PPSU se pogosto uporablja kot dra\u017eja in trajnej\u0161a alternativa navadnemu plastiku (npr. PP \u2013 polipropilen) pri otro\u0161kih stekleni\u010dkah.<\/li>\n<\/ul>\n<p>[\/vc_column_text][\/vc_column][\/vc_row]<\/p>\n","protected":false},"excerpt":{"rendered":"<p>Spectra Anti-Colic stekleni\u010dka iz kakovostne umetne mase PPSU (polifenilsulfon) z mehkih silikonskim cucljem (pretok S), je namenjena dojen\u010dkom in mal\u010dkom od rojstva dalje. Ustreza lijaku (vseh velikosti) za elektri\u010dne \u010drpalke Spectra\u00ae.<\/p>\n","protected":false},"featured_media":79375,"template":"","meta":[],"pwb-brand":[2269,5500],"product_brand":[],"product_cat":[2307,2266],"product_tag":[5502],"class_list":{"0":"post-79370","1":"product","2":"type-product","3":"status-publish","4":"has-post-thumbnail","6":"pwb-brand-hranjenje","7":"pwb-brand-spectra","8":"product_cat-flaske-in-steklenicke","9":"product_cat-hranjenje","10":"product_tag-spectra","12":"first","13":"instock","14":"taxable","15":"shipping-taxable","16":"purchasable","17":"product-type-simple","18":"add-to-wishlist-before_image"},"yoast_head":"<!-- This site is optimized with the Yoast SEO plugin v27.3 - https:\/\/yoast.com\/product\/yoast-seo-wordpress\/ -->\n<title>Spectra\u00ae PPSU fla\u0161ka Anti-Colic (160ml) | Ajatutaja<\/title>\n<meta name=\"description\" content=\"Spectra fla\u0161ka iz polipropilena z mehkih silikonskim cucljem (pretok S), je namenjena dojen\u010dkom in mal\u010dkom od rojstva dalje. Ustreza lijaku (vseh velikosti) za elektri\u010dne \u010drpalke Spectra\u00ae .\" \/>\n<meta name=\"robots\" content=\"index, follow, max-snippet:-1, max-image-preview:large, max-video-preview:-1\" \/>\n<link rel=\"canonical\" href=\"https:\/\/ajatutaja.com\/izdelek\/spectra-ppsu-flaska-anti-colic-160ml\/\" \/>\n<meta property=\"og:locale\" content=\"hr_HR\" \/>\n<meta property=\"og:type\" content=\"article\" \/>\n<meta property=\"og:title\" content=\"Spectra\u00ae PPSU fla\u0161ka Anti-Colic (160ml) | Ajatutaja\" \/>\n<meta property=\"og:description\" content=\"Spectra fla\u0161ka iz polipropilena z mehkih silikonskim cucljem (pretok S), je namenjena dojen\u010dkom in mal\u010dkom od rojstva dalje. Ustreza lijaku (vseh velikosti) za elektri\u010dne \u010drpalke Spectra\u00ae .\" \/>\n<meta property=\"og:url\" content=\"https:\/\/ajatutaja.com\/izdelek\/spectra-ppsu-flaska-anti-colic-160ml\/\" \/>\n<meta property=\"og:site_name\" content=\"Ajatutaja\" \/>\n<meta property=\"article:modified_time\" content=\"2026-03-12T13:52:35+00:00\" \/>\n<meta property=\"og:image\" content=\"https:\/\/ajatutaja.com\/wp-content\/uploads\/2025\/08\/spectra-steklenicka-s-cucljem-PPSE-160-ml-0.webp\" \/>\n\t<meta property=\"og:image:width\" content=\"1000\" \/>\n\t<meta property=\"og:image:height\" content=\"1000\" \/>\n\t<meta property=\"og:image:type\" content=\"image\/webp\" \/>\n<meta name=\"twitter:card\" content=\"summary_large_image\" \/>\n<meta name=\"twitter:label1\" content=\"Procijenjeno vrijeme \u010ditanja\" \/>\n\t<meta name=\"twitter:data1\" content=\"1 minuta\" \/>\n<script type=\"application\/ld+json\" class=\"yoast-schema-graph\">{\"@context\":\"https:\\\/\\\/schema.org\",\"@graph\":[{\"@type\":\"WebPage\",\"@id\":\"https:\\\/\\\/ajatutaja.com\\\/izdelek\\\/spectra-ppsu-flaska-anti-colic-160ml\\\/\",\"url\":\"https:\\\/\\\/ajatutaja.com\\\/izdelek\\\/spectra-ppsu-flaska-anti-colic-160ml\\\/\",\"name\":\"Spectra\u00ae PPSU fla\u0161ka Anti-Colic (160ml) | Ajatutaja\",\"isPartOf\":{\"@id\":\"https:\\\/\\\/ajatutaja.com\\\/#website\"},\"primaryImageOfPage\":{\"@id\":\"https:\\\/\\\/ajatutaja.com\\\/izdelek\\\/spectra-ppsu-flaska-anti-colic-160ml\\\/#primaryimage\"},\"image\":{\"@id\":\"https:\\\/\\\/ajatutaja.com\\\/izdelek\\\/spectra-ppsu-flaska-anti-colic-160ml\\\/#primaryimage\"},\"thumbnailUrl\":\"https:\\\/\\\/ajatutaja.com\\\/wp-content\\\/uploads\\\/2025\\\/08\\\/spectra-steklenicka-s-cucljem-PPSE-160-ml-0.webp\",\"datePublished\":\"2025-02-02T14:08:46+00:00\",\"dateModified\":\"2026-03-12T13:52:35+00:00\",\"description\":\"Spectra fla\u0161ka iz polipropilena z mehkih silikonskim cucljem (pretok S), je namenjena dojen\u010dkom in mal\u010dkom od rojstva dalje. Ustreza lijaku (vseh velikosti) za elektri\u010dne \u010drpalke Spectra\u00ae .\",\"breadcrumb\":{\"@id\":\"https:\\\/\\\/ajatutaja.com\\\/izdelek\\\/spectra-ppsu-flaska-anti-colic-160ml\\\/#breadcrumb\"},\"inLanguage\":\"hr\",\"potentialAction\":[{\"@type\":\"ReadAction\",\"target\":[\"https:\\\/\\\/ajatutaja.com\\\/izdelek\\\/spectra-ppsu-flaska-anti-colic-160ml\\\/\"]}]},{\"@type\":\"ImageObject\",\"inLanguage\":\"hr\",\"@id\":\"https:\\\/\\\/ajatutaja.com\\\/izdelek\\\/spectra-ppsu-flaska-anti-colic-160ml\\\/#primaryimage\",\"url\":\"https:\\\/\\\/ajatutaja.com\\\/wp-content\\\/uploads\\\/2025\\\/08\\\/spectra-steklenicka-s-cucljem-PPSE-160-ml-0.webp\",\"contentUrl\":\"https:\\\/\\\/ajatutaja.com\\\/wp-content\\\/uploads\\\/2025\\\/08\\\/spectra-steklenicka-s-cucljem-PPSE-160-ml-0.webp\",\"width\":1000,\"height\":1000},{\"@type\":\"BreadcrumbList\",\"@id\":\"https:\\\/\\\/ajatutaja.com\\\/izdelek\\\/spectra-ppsu-flaska-anti-colic-160ml\\\/#breadcrumb\",\"itemListElement\":[{\"@type\":\"ListItem\",\"position\":1,\"name\":\"Home\",\"item\":\"https:\\\/\\\/ajatutaja.com\\\/hr\\\/\"},{\"@type\":\"ListItem\",\"position\":2,\"name\":\"Trgovina\",\"item\":\"https:\\\/\\\/ajatutaja.com\\\/hr\\\/trgovina\\\/\"},{\"@type\":\"ListItem\",\"position\":3,\"name\":\"Spectra\u00ae PPSU fla\u0161ka Anti-Colic (160ml)\"}]},{\"@type\":\"WebSite\",\"@id\":\"https:\\\/\\\/ajatutaja.com\\\/#website\",\"url\":\"https:\\\/\\\/ajatutaja.com\\\/\",\"name\":\"Ajatutaja\",\"description\":\"Otro\u0161ka spletna trgovina AJATUTAJA\",\"publisher\":{\"@id\":\"https:\\\/\\\/ajatutaja.com\\\/#organization\"},\"potentialAction\":[{\"@type\":\"SearchAction\",\"target\":{\"@type\":\"EntryPoint\",\"urlTemplate\":\"https:\\\/\\\/ajatutaja.com\\\/?s={search_term_string}\"},\"query-input\":{\"@type\":\"PropertyValueSpecification\",\"valueRequired\":true,\"valueName\":\"search_term_string\"}}],\"inLanguage\":\"hr\"},{\"@type\":\"Organization\",\"@id\":\"https:\\\/\\\/ajatutaja.com\\\/#organization\",\"name\":\"Ajatutaja\",\"url\":\"https:\\\/\\\/ajatutaja.com\\\/\",\"logo\":{\"@type\":\"ImageObject\",\"inLanguage\":\"hr\",\"@id\":\"https:\\\/\\\/ajatutaja.com\\\/#\\\/schema\\\/logo\\\/image\\\/\",\"url\":\"https:\\\/\\\/ajatutaja.com\\\/wp-content\\\/uploads\\\/2021\\\/10\\\/logo.png\",\"contentUrl\":\"https:\\\/\\\/ajatutaja.com\\\/wp-content\\\/uploads\\\/2021\\\/10\\\/logo.png\",\"width\":555,\"height\":150,\"caption\":\"Ajatutaja\"},\"image\":{\"@id\":\"https:\\\/\\\/ajatutaja.com\\\/#\\\/schema\\\/logo\\\/image\\\/\"}}]}<\/script>\n<!-- \/ Yoast SEO plugin. -->","yoast_head_json":{"title":"Spectra\u00ae PPSU fla\u0161ka Anti-Colic (160ml) | Ajatutaja","description":"Spectra fla\u0161ka iz polipropilena z mehkih silikonskim cucljem (pretok S), je namenjena dojen\u010dkom in mal\u010dkom od rojstva dalje. Ustreza lijaku (vseh velikosti) za elektri\u010dne \u010drpalke Spectra\u00ae .","robots":{"index":"index","follow":"follow","max-snippet":"max-snippet:-1","max-image-preview":"max-image-preview:large","max-video-preview":"max-video-preview:-1"},"canonical":"https:\/\/ajatutaja.com\/izdelek\/spectra-ppsu-flaska-anti-colic-160ml\/","og_locale":"hr_HR","og_type":"article","og_title":"Spectra\u00ae PPSU fla\u0161ka Anti-Colic (160ml) | Ajatutaja","og_description":"Spectra fla\u0161ka iz polipropilena z mehkih silikonskim cucljem (pretok S), je namenjena dojen\u010dkom in mal\u010dkom od rojstva dalje. Ustreza lijaku (vseh velikosti) za elektri\u010dne \u010drpalke Spectra\u00ae .","og_url":"https:\/\/ajatutaja.com\/izdelek\/spectra-ppsu-flaska-anti-colic-160ml\/","og_site_name":"Ajatutaja","article_modified_time":"2026-03-12T13:52:35+00:00","og_image":[{"width":1000,"height":1000,"url":"https:\/\/ajatutaja.com\/wp-content\/uploads\/2025\/08\/spectra-steklenicka-s-cucljem-PPSE-160-ml-0.webp","type":"image\/webp"}],"twitter_card":"summary_large_image","twitter_misc":{"Procijenjeno vrijeme \u010ditanja":"1 minuta"},"schema":{"@context":"https:\/\/schema.org","@graph":[{"@type":"WebPage","@id":"https:\/\/ajatutaja.com\/izdelek\/spectra-ppsu-flaska-anti-colic-160ml\/","url":"https:\/\/ajatutaja.com\/izdelek\/spectra-ppsu-flaska-anti-colic-160ml\/","name":"Spectra\u00ae PPSU fla\u0161ka Anti-Colic (160ml) | Ajatutaja","isPartOf":{"@id":"https:\/\/ajatutaja.com\/#website"},"primaryImageOfPage":{"@id":"https:\/\/ajatutaja.com\/izdelek\/spectra-ppsu-flaska-anti-colic-160ml\/#primaryimage"},"image":{"@id":"https:\/\/ajatutaja.com\/izdelek\/spectra-ppsu-flaska-anti-colic-160ml\/#primaryimage"},"thumbnailUrl":"https:\/\/ajatutaja.com\/wp-content\/uploads\/2025\/08\/spectra-steklenicka-s-cucljem-PPSE-160-ml-0.webp","datePublished":"2025-02-02T14:08:46+00:00","dateModified":"2026-03-12T13:52:35+00:00","description":"Spectra fla\u0161ka iz polipropilena z mehkih silikonskim cucljem (pretok S), je namenjena dojen\u010dkom in mal\u010dkom od rojstva dalje. Ustreza lijaku (vseh velikosti) za elektri\u010dne \u010drpalke Spectra\u00ae .","breadcrumb":{"@id":"https:\/\/ajatutaja.com\/izdelek\/spectra-ppsu-flaska-anti-colic-160ml\/#breadcrumb"},"inLanguage":"hr","potentialAction":[{"@type":"ReadAction","target":["https:\/\/ajatutaja.com\/izdelek\/spectra-ppsu-flaska-anti-colic-160ml\/"]}]},{"@type":"ImageObject","inLanguage":"hr","@id":"https:\/\/ajatutaja.com\/izdelek\/spectra-ppsu-flaska-anti-colic-160ml\/#primaryimage","url":"https:\/\/ajatutaja.com\/wp-content\/uploads\/2025\/08\/spectra-steklenicka-s-cucljem-PPSE-160-ml-0.webp","contentUrl":"https:\/\/ajatutaja.com\/wp-content\/uploads\/2025\/08\/spectra-steklenicka-s-cucljem-PPSE-160-ml-0.webp","width":1000,"height":1000},{"@type":"BreadcrumbList","@id":"https:\/\/ajatutaja.com\/izdelek\/spectra-ppsu-flaska-anti-colic-160ml\/#breadcrumb","itemListElement":[{"@type":"ListItem","position":1,"name":"Home","item":"https:\/\/ajatutaja.com\/hr\/"},{"@type":"ListItem","position":2,"name":"Trgovina","item":"https:\/\/ajatutaja.com\/hr\/trgovina\/"},{"@type":"ListItem","position":3,"name":"Spectra\u00ae PPSU fla\u0161ka Anti-Colic (160ml)"}]},{"@type":"WebSite","@id":"https:\/\/ajatutaja.com\/#website","url":"https:\/\/ajatutaja.com\/","name":"Ajatutaja","description":"Otro\u0161ka spletna trgovina AJATUTAJA","publisher":{"@id":"https:\/\/ajatutaja.com\/#organization"},"potentialAction":[{"@type":"SearchAction","target":{"@type":"EntryPoint","urlTemplate":"https:\/\/ajatutaja.com\/?s={search_term_string}"},"query-input":{"@type":"PropertyValueSpecification","valueRequired":true,"valueName":"search_term_string"}}],"inLanguage":"hr"},{"@type":"Organization","@id":"https:\/\/ajatutaja.com\/#organization","name":"Ajatutaja","url":"https:\/\/ajatutaja.com\/","logo":{"@type":"ImageObject","inLanguage":"hr","@id":"https:\/\/ajatutaja.com\/#\/schema\/logo\/image\/","url":"https:\/\/ajatutaja.com\/wp-content\/uploads\/2021\/10\/logo.png","contentUrl":"https:\/\/ajatutaja.com\/wp-content\/uploads\/2021\/10\/logo.png","width":555,"height":150,"caption":"Ajatutaja"},"image":{"@id":"https:\/\/ajatutaja.com\/#\/schema\/logo\/image\/"}}]}},"brands":[{"id":2269,"name":"Hranjenje","slug":"hranjenje"},{"id":5500,"name":"Spectra Baby\u00ae","slug":"spectra"}],"_links":{"self":[{"href":"https:\/\/ajatutaja.com\/hr\/wp-json\/wp\/v2\/product\/79370","targetHints":{"allow":["GET"]}}],"collection":[{"href":"https:\/\/ajatutaja.com\/hr\/wp-json\/wp\/v2\/product"}],"about":[{"href":"https:\/\/ajatutaja.com\/hr\/wp-json\/wp\/v2\/types\/product"}],"wp:featuredmedia":[{"embeddable":true,"href":"https:\/\/ajatutaja.com\/hr\/wp-json\/wp\/v2\/media\/79375"}],"wp:attachment":[{"href":"https:\/\/ajatutaja.com\/hr\/wp-json\/wp\/v2\/media?parent=79370"}],"wp:term":[{"taxonomy":"pwb-brand","embeddable":true,"href":"https:\/\/ajatutaja.com\/hr\/wp-json\/wp\/v2\/pwb-brand?post=79370"},{"taxonomy":"product_brand","embeddable":true,"href":"https:\/\/ajatutaja.com\/hr\/wp-json\/wp\/v2\/product_brand?post=79370"},{"taxonomy":"product_cat","embeddable":true,"href":"https:\/\/ajatutaja.com\/hr\/wp-json\/wp\/v2\/product_cat?post=79370"},{"taxonomy":"product_tag","embeddable":true,"href":"https:\/\/ajatutaja.com\/hr\/wp-json\/wp\/v2\/product_tag?post=79370"}],"curies":[{"name":"wp","href":"https:\/\/api.w.org\/{rel}","templated":true}]}}