{"id":79247,"date":"2025-08-05T15:26:19","date_gmt":"2025-08-05T13:26:19","guid":{"rendered":"https:\/\/ajatutaja.com\/?post_type=product&#038;p=79247"},"modified":"2025-08-31T22:43:17","modified_gmt":"2025-08-31T20:43:17","slug":"flip-top-flaska-trixie-mr-shark-350ml","status":"publish","type":"product","link":"https:\/\/ajatutaja.com\/hr\/proizvod\/flip-top-flaska-trixie-mr-shark-350ml\/","title":{"rendered":"Flip Top fla\u0161ka Trixie &#8211; Mr. Shark (350ml)"},"content":{"rendered":"<p>[vc_row][vc_column][vc_column_text]Otro\u0161ka jekleni\u010dka Trixie\u00ae bo poskrbela, da bo va\u0161 mal\u010dek imel vedno pija\u010do pri roki ali v nahtbtniku. Enostavna za prena\u0161anje in odpiranje, lahka in obenem odporna na udarce. Popolnoma nepremo\u010dljiva zasnova prepre\u010duje razlitje v torbi ali nahrbtniku.<\/p>\n<h3>Lastnosti Flip Top fla\u0161ke Trixie:<\/h3>\n<ul>\n<li>Volumen: 350 ml<\/li>\n<li>Material: Fla\u0161ka: 100 % nerjave\u010de jeklo \/ Pokrov\u010dek: 100 % polipropilen (PP) \/ Zanka: 100 % poliester (PES)<\/li>\n<li>Primerno za otroke od 3. leta dalje<\/li>\n<li>Dimenzije: 15,5 \u00d7 6,5 \u00d7 6,5 cm<\/li>\n<li>Dodelan in varen mehanizem: Otrokom prijazno odpiranje\/zapiranje<\/li>\n<li>Enostavno \u010di\u0161\u010denje in vzdr\u017eevanje: Sledite oznakam na etiketi ali prilo\u017eenim navodilom<\/li>\n<li>Izdelki Trixie\u00ae ustrezajo strogim evropskim standardom in imajo certifikat GOTS<\/li>\n<li>Jekleni\u010dke ujemajo z ostalimi artikli proizvajalca Trixie, kot so otro\u0161ki nahrbtniki in fla\u0161ke.<\/li>\n<\/ul>\n<p>[\/vc_column_text][\/vc_column][\/vc_row]<\/p>\n","protected":false},"excerpt":{"rendered":"<p style=\"text-align: justify\">Flip Top fla\u0161ka Trixie v pastelnih barvah z ljubkimi vzorci \u017eivali, je izdelana iz nerjave\u010dega jekla. Kar pomeni, da ne zasmrdi in ne spu\u0161\u010da nobenih \u0161kodljivih snovi v teko\u010dino. Enostavna za prena\u0161anje in odpiranje, lahka in obenem odporna na udarce. Popolnoma nepremo\u010dljiva zasnova prepre\u010duje razlitje v torbi ali nahrbtniku.<\/p>\n","protected":false},"featured_media":79248,"template":"","meta":[],"pwb-brand":[2269,2409,2427,2330],"product_brand":[],"product_cat":[2307,2266],"product_tag":[5812,4275,5814],"class_list":{"0":"post-79247","1":"product","2":"type-product","3":"status-publish","4":"has-post-thumbnail","6":"pwb-brand-hranjenje","7":"pwb-brand-potepanje","8":"pwb-brand-trixie","9":"pwb-brand-trixie-baby","10":"product_cat-flaske-in-steklenicke","11":"product_cat-hranjenje","12":"product_tag-mr-shark","13":"product_tag-trixie","14":"product_tag-trixie-flaske","16":"first","17":"instock","18":"taxable","19":"shipping-taxable","20":"purchasable","21":"product-type-simple","22":"add-to-wishlist-before_image"},"yoast_head":"<!-- This site is optimized with the Yoast SEO plugin v27.3 - https:\/\/yoast.com\/product\/yoast-seo-wordpress\/ -->\n<title>Flip Top fla\u0161ka Trixie - Mr. Shark (350ml) | Ajatutaja<\/title>\n<meta name=\"description\" content=\"Flip Top fla\u0161ka Trixie v pastelnih barvah z ljubkimi vzorci \u017eivali, je izdelana iz nerjave\u010dega jekla. Enostavna za odpiranje in prena\u0161anje. Ne pu\u0161\u010da.\" \/>\n<meta name=\"robots\" content=\"index, follow, max-snippet:-1, max-image-preview:large, max-video-preview:-1\" \/>\n<link rel=\"canonical\" href=\"https:\/\/ajatutaja.com\/izdelek\/flip-top-flaska-trixie-mr-shark-350ml\/\" \/>\n<meta property=\"og:locale\" content=\"hr_HR\" \/>\n<meta property=\"og:type\" content=\"article\" \/>\n<meta property=\"og:title\" content=\"Flip Top fla\u0161ka Trixie - Mr. Shark (350ml) | Ajatutaja\" \/>\n<meta property=\"og:description\" content=\"Flip Top fla\u0161ka Trixie v pastelnih barvah z ljubkimi vzorci \u017eivali, je izdelana iz nerjave\u010dega jekla. Enostavna za odpiranje in prena\u0161anje. Ne pu\u0161\u010da.\" \/>\n<meta property=\"og:url\" content=\"https:\/\/ajatutaja.com\/izdelek\/flip-top-flaska-trixie-mr-shark-350ml\/\" \/>\n<meta property=\"og:site_name\" content=\"Ajatutaja\" \/>\n<meta property=\"article:modified_time\" content=\"2025-08-31T20:43:17+00:00\" \/>\n<meta property=\"og:image\" content=\"https:\/\/ajatutaja.com\/wp-content\/uploads\/2025\/08\/trixie-baby-otroska-flaska-350ml-shark.jpeg\" \/>\n\t<meta property=\"og:image:width\" content=\"1800\" \/>\n\t<meta property=\"og:image:height\" content=\"1800\" \/>\n\t<meta property=\"og:image:type\" content=\"image\/jpeg\" \/>\n<meta name=\"twitter:card\" content=\"summary_large_image\" \/>\n<meta name=\"twitter:label1\" content=\"Procijenjeno vrijeme \u010ditanja\" \/>\n\t<meta name=\"twitter:data1\" content=\"1 minuta\" \/>\n<script type=\"application\/ld+json\" class=\"yoast-schema-graph\">{\"@context\":\"https:\\\/\\\/schema.org\",\"@graph\":[{\"@type\":\"WebPage\",\"@id\":\"https:\\\/\\\/ajatutaja.com\\\/izdelek\\\/flip-top-flaska-trixie-mr-shark-350ml\\\/\",\"url\":\"https:\\\/\\\/ajatutaja.com\\\/izdelek\\\/flip-top-flaska-trixie-mr-shark-350ml\\\/\",\"name\":\"Flip Top fla\u0161ka Trixie - Mr. Shark (350ml) | Ajatutaja\",\"isPartOf\":{\"@id\":\"https:\\\/\\\/ajatutaja.com\\\/#website\"},\"primaryImageOfPage\":{\"@id\":\"https:\\\/\\\/ajatutaja.com\\\/izdelek\\\/flip-top-flaska-trixie-mr-shark-350ml\\\/#primaryimage\"},\"image\":{\"@id\":\"https:\\\/\\\/ajatutaja.com\\\/izdelek\\\/flip-top-flaska-trixie-mr-shark-350ml\\\/#primaryimage\"},\"thumbnailUrl\":\"https:\\\/\\\/ajatutaja.com\\\/wp-content\\\/uploads\\\/2025\\\/08\\\/trixie-baby-otroska-flaska-350ml-shark.jpeg\",\"datePublished\":\"2025-08-05T13:26:19+00:00\",\"dateModified\":\"2025-08-31T20:43:17+00:00\",\"description\":\"Flip Top fla\u0161ka Trixie v pastelnih barvah z ljubkimi vzorci \u017eivali, je izdelana iz nerjave\u010dega jekla. Enostavna za odpiranje in prena\u0161anje. Ne pu\u0161\u010da.\",\"breadcrumb\":{\"@id\":\"https:\\\/\\\/ajatutaja.com\\\/izdelek\\\/flip-top-flaska-trixie-mr-shark-350ml\\\/#breadcrumb\"},\"inLanguage\":\"hr\",\"potentialAction\":[{\"@type\":\"ReadAction\",\"target\":[\"https:\\\/\\\/ajatutaja.com\\\/izdelek\\\/flip-top-flaska-trixie-mr-shark-350ml\\\/\"]}]},{\"@type\":\"ImageObject\",\"inLanguage\":\"hr\",\"@id\":\"https:\\\/\\\/ajatutaja.com\\\/izdelek\\\/flip-top-flaska-trixie-mr-shark-350ml\\\/#primaryimage\",\"url\":\"https:\\\/\\\/ajatutaja.com\\\/wp-content\\\/uploads\\\/2025\\\/08\\\/trixie-baby-otroska-flaska-350ml-shark.jpeg\",\"contentUrl\":\"https:\\\/\\\/ajatutaja.com\\\/wp-content\\\/uploads\\\/2025\\\/08\\\/trixie-baby-otroska-flaska-350ml-shark.jpeg\",\"width\":1800,\"height\":1800},{\"@type\":\"BreadcrumbList\",\"@id\":\"https:\\\/\\\/ajatutaja.com\\\/izdelek\\\/flip-top-flaska-trixie-mr-shark-350ml\\\/#breadcrumb\",\"itemListElement\":[{\"@type\":\"ListItem\",\"position\":1,\"name\":\"Home\",\"item\":\"https:\\\/\\\/ajatutaja.com\\\/hr\\\/\"},{\"@type\":\"ListItem\",\"position\":2,\"name\":\"Trgovina\",\"item\":\"https:\\\/\\\/ajatutaja.com\\\/hr\\\/trgovina\\\/\"},{\"@type\":\"ListItem\",\"position\":3,\"name\":\"Flip Top fla\u0161ka Trixie &#8211; Mr. Shark (350ml)\"}]},{\"@type\":\"WebSite\",\"@id\":\"https:\\\/\\\/ajatutaja.com\\\/#website\",\"url\":\"https:\\\/\\\/ajatutaja.com\\\/\",\"name\":\"Ajatutaja\",\"description\":\"Otro\u0161ka spletna trgovina AJATUTAJA\",\"publisher\":{\"@id\":\"https:\\\/\\\/ajatutaja.com\\\/#organization\"},\"potentialAction\":[{\"@type\":\"SearchAction\",\"target\":{\"@type\":\"EntryPoint\",\"urlTemplate\":\"https:\\\/\\\/ajatutaja.com\\\/?s={search_term_string}\"},\"query-input\":{\"@type\":\"PropertyValueSpecification\",\"valueRequired\":true,\"valueName\":\"search_term_string\"}}],\"inLanguage\":\"hr\"},{\"@type\":\"Organization\",\"@id\":\"https:\\\/\\\/ajatutaja.com\\\/#organization\",\"name\":\"Ajatutaja\",\"url\":\"https:\\\/\\\/ajatutaja.com\\\/\",\"logo\":{\"@type\":\"ImageObject\",\"inLanguage\":\"hr\",\"@id\":\"https:\\\/\\\/ajatutaja.com\\\/#\\\/schema\\\/logo\\\/image\\\/\",\"url\":\"https:\\\/\\\/ajatutaja.com\\\/wp-content\\\/uploads\\\/2021\\\/10\\\/logo.png\",\"contentUrl\":\"https:\\\/\\\/ajatutaja.com\\\/wp-content\\\/uploads\\\/2021\\\/10\\\/logo.png\",\"width\":555,\"height\":150,\"caption\":\"Ajatutaja\"},\"image\":{\"@id\":\"https:\\\/\\\/ajatutaja.com\\\/#\\\/schema\\\/logo\\\/image\\\/\"}}]}<\/script>\n<!-- \/ Yoast SEO plugin. -->","yoast_head_json":{"title":"Flip Top fla\u0161ka Trixie - Mr. Shark (350ml) | Ajatutaja","description":"Flip Top fla\u0161ka Trixie v pastelnih barvah z ljubkimi vzorci \u017eivali, je izdelana iz nerjave\u010dega jekla. Enostavna za odpiranje in prena\u0161anje. Ne pu\u0161\u010da.","robots":{"index":"index","follow":"follow","max-snippet":"max-snippet:-1","max-image-preview":"max-image-preview:large","max-video-preview":"max-video-preview:-1"},"canonical":"https:\/\/ajatutaja.com\/izdelek\/flip-top-flaska-trixie-mr-shark-350ml\/","og_locale":"hr_HR","og_type":"article","og_title":"Flip Top fla\u0161ka Trixie - Mr. Shark (350ml) | Ajatutaja","og_description":"Flip Top fla\u0161ka Trixie v pastelnih barvah z ljubkimi vzorci \u017eivali, je izdelana iz nerjave\u010dega jekla. Enostavna za odpiranje in prena\u0161anje. Ne pu\u0161\u010da.","og_url":"https:\/\/ajatutaja.com\/izdelek\/flip-top-flaska-trixie-mr-shark-350ml\/","og_site_name":"Ajatutaja","article_modified_time":"2025-08-31T20:43:17+00:00","og_image":[{"width":1800,"height":1800,"url":"https:\/\/ajatutaja.com\/wp-content\/uploads\/2025\/08\/trixie-baby-otroska-flaska-350ml-shark.jpeg","type":"image\/jpeg"}],"twitter_card":"summary_large_image","twitter_misc":{"Procijenjeno vrijeme \u010ditanja":"1 minuta"},"schema":{"@context":"https:\/\/schema.org","@graph":[{"@type":"WebPage","@id":"https:\/\/ajatutaja.com\/izdelek\/flip-top-flaska-trixie-mr-shark-350ml\/","url":"https:\/\/ajatutaja.com\/izdelek\/flip-top-flaska-trixie-mr-shark-350ml\/","name":"Flip Top fla\u0161ka Trixie - Mr. Shark (350ml) | Ajatutaja","isPartOf":{"@id":"https:\/\/ajatutaja.com\/#website"},"primaryImageOfPage":{"@id":"https:\/\/ajatutaja.com\/izdelek\/flip-top-flaska-trixie-mr-shark-350ml\/#primaryimage"},"image":{"@id":"https:\/\/ajatutaja.com\/izdelek\/flip-top-flaska-trixie-mr-shark-350ml\/#primaryimage"},"thumbnailUrl":"https:\/\/ajatutaja.com\/wp-content\/uploads\/2025\/08\/trixie-baby-otroska-flaska-350ml-shark.jpeg","datePublished":"2025-08-05T13:26:19+00:00","dateModified":"2025-08-31T20:43:17+00:00","description":"Flip Top fla\u0161ka Trixie v pastelnih barvah z ljubkimi vzorci \u017eivali, je izdelana iz nerjave\u010dega jekla. Enostavna za odpiranje in prena\u0161anje. Ne pu\u0161\u010da.","breadcrumb":{"@id":"https:\/\/ajatutaja.com\/izdelek\/flip-top-flaska-trixie-mr-shark-350ml\/#breadcrumb"},"inLanguage":"hr","potentialAction":[{"@type":"ReadAction","target":["https:\/\/ajatutaja.com\/izdelek\/flip-top-flaska-trixie-mr-shark-350ml\/"]}]},{"@type":"ImageObject","inLanguage":"hr","@id":"https:\/\/ajatutaja.com\/izdelek\/flip-top-flaska-trixie-mr-shark-350ml\/#primaryimage","url":"https:\/\/ajatutaja.com\/wp-content\/uploads\/2025\/08\/trixie-baby-otroska-flaska-350ml-shark.jpeg","contentUrl":"https:\/\/ajatutaja.com\/wp-content\/uploads\/2025\/08\/trixie-baby-otroska-flaska-350ml-shark.jpeg","width":1800,"height":1800},{"@type":"BreadcrumbList","@id":"https:\/\/ajatutaja.com\/izdelek\/flip-top-flaska-trixie-mr-shark-350ml\/#breadcrumb","itemListElement":[{"@type":"ListItem","position":1,"name":"Home","item":"https:\/\/ajatutaja.com\/hr\/"},{"@type":"ListItem","position":2,"name":"Trgovina","item":"https:\/\/ajatutaja.com\/hr\/trgovina\/"},{"@type":"ListItem","position":3,"name":"Flip Top fla\u0161ka Trixie &#8211; Mr. Shark (350ml)"}]},{"@type":"WebSite","@id":"https:\/\/ajatutaja.com\/#website","url":"https:\/\/ajatutaja.com\/","name":"Ajatutaja","description":"Otro\u0161ka spletna trgovina AJATUTAJA","publisher":{"@id":"https:\/\/ajatutaja.com\/#organization"},"potentialAction":[{"@type":"SearchAction","target":{"@type":"EntryPoint","urlTemplate":"https:\/\/ajatutaja.com\/?s={search_term_string}"},"query-input":{"@type":"PropertyValueSpecification","valueRequired":true,"valueName":"search_term_string"}}],"inLanguage":"hr"},{"@type":"Organization","@id":"https:\/\/ajatutaja.com\/#organization","name":"Ajatutaja","url":"https:\/\/ajatutaja.com\/","logo":{"@type":"ImageObject","inLanguage":"hr","@id":"https:\/\/ajatutaja.com\/#\/schema\/logo\/image\/","url":"https:\/\/ajatutaja.com\/wp-content\/uploads\/2021\/10\/logo.png","contentUrl":"https:\/\/ajatutaja.com\/wp-content\/uploads\/2021\/10\/logo.png","width":555,"height":150,"caption":"Ajatutaja"},"image":{"@id":"https:\/\/ajatutaja.com\/#\/schema\/logo\/image\/"}}]}},"brands":[{"id":2269,"name":"Hranjenje","slug":"hranjenje"},{"id":2409,"name":"Potepanje","slug":"potepanje"},{"id":2427,"name":"Trixie","slug":"trixie"},{"id":2330,"name":"Trixie Baby","slug":"trixie-baby"}],"_links":{"self":[{"href":"https:\/\/ajatutaja.com\/hr\/wp-json\/wp\/v2\/product\/79247","targetHints":{"allow":["GET"]}}],"collection":[{"href":"https:\/\/ajatutaja.com\/hr\/wp-json\/wp\/v2\/product"}],"about":[{"href":"https:\/\/ajatutaja.com\/hr\/wp-json\/wp\/v2\/types\/product"}],"wp:featuredmedia":[{"embeddable":true,"href":"https:\/\/ajatutaja.com\/hr\/wp-json\/wp\/v2\/media\/79248"}],"wp:attachment":[{"href":"https:\/\/ajatutaja.com\/hr\/wp-json\/wp\/v2\/media?parent=79247"}],"wp:term":[{"taxonomy":"pwb-brand","embeddable":true,"href":"https:\/\/ajatutaja.com\/hr\/wp-json\/wp\/v2\/pwb-brand?post=79247"},{"taxonomy":"product_brand","embeddable":true,"href":"https:\/\/ajatutaja.com\/hr\/wp-json\/wp\/v2\/product_brand?post=79247"},{"taxonomy":"product_cat","embeddable":true,"href":"https:\/\/ajatutaja.com\/hr\/wp-json\/wp\/v2\/product_cat?post=79247"},{"taxonomy":"product_tag","embeddable":true,"href":"https:\/\/ajatutaja.com\/hr\/wp-json\/wp\/v2\/product_tag?post=79247"}],"curies":[{"name":"wp","href":"https:\/\/api.w.org\/{rel}","templated":true}]}}