{"id":78925,"date":"2025-05-03T08:47:53","date_gmt":"2025-05-03T06:47:53","guid":{"rendered":"https:\/\/ajatutaja.com\/?post_type=product&#038;p=78925"},"modified":"2026-04-08T17:13:21","modified_gmt":"2026-04-08T15:13:21","slug":"joie-finiti-flex-komplet-4v1-encore-recline","status":"publish","type":"product","link":"https:\/\/ajatutaja.com\/hr\/proizvod\/joie-finiti-flex-komplet-4v1-encore-recline\/","title":{"rendered":"Joie\u00ae Finiti\u2122 Flex komplet 4v1 Encore Recline"},"content":{"rendered":"<p>[vc_row][vc_column][vc_column_text]<strong>Joie\u00ae\u00a0 Finiti\u2122 Flex komplet 4v1<\/strong> je zasnovan za star\u0161e, ki i\u0161\u010dejo udobje in prakti\u010dnost pri vsakodnevnem raziskovanju sveta z otrokom. Izjemna prilagodljivost vozi\u010dka Finiti navdu\u0161i vse, ki \u017eelijo u\u017eivati v brezskrbnih sprehodih, ne glede na to ali so to sprehodi po mestnih ulicah ali zahtevnej\u0161ih terenih. Gumijasta kolesa polnjena s peno zagotavljajo gladko vo\u017enjo, otro\u0161ki vozi\u010dek pa ponuja tudi razli\u010dne mo\u017enosti obra\u010danja sede\u017ea, enostavno zlaganje, prostorno ko\u0161aro za shranjevanje potreb\u0161\u010din s katerimi se hitro prilagodi potrebam va\u0161ega vsakdana. V kompletu prejmete otro\u0161ki vozi\u010dek Finiti\u2122 Signature, ko\u0161aro za novorojen\u010dka Ramble\u2122 XL ter otro\u0161ki avtosede\u017e i-Snug\u2122 2 i-Size (40-75 cm).<\/p>\n<p>Ena izmed klju\u010dnih izbolj\u0161av otro\u0161kega vozi\u010dka v primerjavi s prej\u0161njim modelom so ve\u010dja, s peno polnjena gumijasta kolesa, ki omogo\u010dajo \u0161e bolj udobno vo\u017enjo na razli\u010dnih povr\u0161inah. Ve\u010dja sprednja kolesa zagotavljajo bolj\u0161o stabilnost in ve\u010djo absorpcijo, kar omogo\u010da brezskrbne sprehode tudi po neravnih in zahtevnej\u0161ih terenih. Ne glede na to, ali se sprehajate po mestnih ulicah, raziskujete park ali se z malimi raziskovalci podate na gozdno pot, bodo zdaj ve\u010dja kolesa poskrbela za gladko in udobno vo\u017enjo. Hkrati pa bodo ve\u010dja sprednja kolesa omogo\u010dila la\u017eje manevriranje v ozkih prostorih, kar bo v veliko pomo\u010d pri vsakodnevni uporabi vozi\u010dka.<\/p>\n<p>Otro\u0161ki avtosede\u017e &#8211; lupinica Joie\u00ae i-Level\u2122 Pro Recline vas bo navdu\u0161il s 3 razpolo\u017eljivimi nakloni in povsem le\u017ee\u010dim naklonom 157 stopinj ter izbrano teksturo tkanin in izpopolnjenimi detajli, ki odlikujejo kolekcijo Joie\u00ae Signature.<\/p>\n<h3>Uporaba avtosede\u017ea Joie\u00ae i-Level\u2122 Recline:<\/h3>\n<ul>\n<li>Priporo\u010dena uporaba od rojstva do 13 kg (40 \u2013 87\u00a0cm) do cca. 15 mesecev<\/li>\n<li>Namestitev avtosede\u017ea v obratni smeri vo\u017enje<\/li>\n<li>Namestitev avtosede\u017ea na bazo Isofix bazo i-Base\u2122 Encore Signature<\/li>\n<li>Skupaj z\u00a0IsoFix bazo i-Base\u2122 Encore je del Encore Spinning System-a, saj lahko na bazo namestite otro\u0161ki avtosede\u017e i-Harbour\u2122, ki omogo\u010da vo\u017enjo tako v smeri kot v obratni smeri vo\u017enje, ter varuje mal\u010dke vse do 4. leta starosti oziroma do velikosti 105 cm<\/li>\n<li>Kompatibilnost z vozi\u010dki Joie\u00ae\u00a0 in z drugimi vozi\u010dki s pomo\u010djo adapterjev Maxi-Cosi \/ BeSafe \/ Cybex \/ Nuna (le ti se kupijo lo\u010deno)<\/li>\n<\/ul>\n<p><strong>Dimenzije in te\u017ea:<\/strong><\/p>\n<ul>\n<li>Dimenzije avtosede\u017ea: 65,7 &#8211; 69,6 x 44,5 x 58,4 cm<\/li>\n<li>Te\u017ea avtosede\u017ea: 4,68\u00a0kg<\/li>\n<\/ul>\n<p><strong>Baza in sede\u017e:<\/strong><\/p>\n<ul>\n<li>Hitra in enostavna nemestitev avtosede\u017ea s 3 to\u010dkovnim avtomobilskim pasom ali z Isofix sistemom na bazo Joie\u00ae i-Base\u2122 LX ali Isofix bazo i-Base\u2122 Encore Signature (poljubna baza na voljo lo\u010deno) \/ Baza s podporno nogo zagotovlja ve\u010djo varnost v primerjavi z bazami brez oporne noge za dodatno stabilnost \/ Baza zaradi oporne noge za stabilizacijo zmanj\u0161uje mo\u017enost za prekotalitev naprej za kar 90% \/\u00a0Cona v oporni nogi za dodatno stabilnost absorbira silo in zmanj\u0161a energijo na otroka \/\u00a0Barvni indikatorji na Isofix bazi potrjujejo pravilno namestitev lupinice in zmanj\u0161ujejo mo\u017enost nepravilne uporabe<\/li>\n<li>Skupaj z\u00a0Isofix bazo i-Base\u2122 Encore Signature je del Encore Spinning System-a<\/li>\n<li>Pravilno namestitev na avtomobilsko klop s pomo\u010djo varnostnega pasu narekujejo zelena vodila<\/li>\n<li>Ergonomi\u010den ro\u010daj za enostavno prena\u0161anje<\/li>\n<li>Zanesljivo in vzdr\u017eljivo ogrodje avtosede\u017ea<\/li>\n<li>Za\u0161\u010ditna zra\u010dna strehica z UV za\u0161\u010dito UPF 50+ \u0161\u010diti pred mo\u010dnim soncem z mo\u017enjostjo podalj\u0161anja<\/li>\n<li>Grow Together\u2122 sistem omogo\u010da, da se vi\u0161ina vzglavnika avtomatsko prilagodi vi\u0161ini otroka (10 razli\u010dnih pozicij)<\/li>\n<li>Nastavljiv naslon za glavo\u00a0omogo\u010da, da se sede\u017e prilagodi otrokovi vi\u0161ini<\/li>\n<li>Tri-Protect\u2122 zagotavlja trojno za\u0161\u010dito na predelu glave<\/li>\n<li>Dodatno varnost v primeru bo\u010dnega trka\u00a0zagotavlja patentirano polnilo iz spominske pene Intelli-Fit\u2122, ki je vgrajeno v stranska dela lupinice<\/li>\n<li>Udobna oporna blazina za dodatno podporo glave in telesa<\/li>\n<li>Maksimalen naklon 157\u00b0<\/li>\n<li>Le\u017ee\u010d naklon naslonjala omogo\u010da zdrav razvoj hrbtenice in pravilno dihanje<\/li>\n<li>3-to\u010dkovni varnostni pas z mehkim oblazinjenjem na podro\u010dju ramen in spodnjega zati\u010da<\/li>\n<li>Prefinjena tekstura in izbrane tkanine<\/li>\n<li>Detajli iz umetnega usnja v prefinjeni konjak barvi<\/li>\n<li>Zra\u010dni materiali izbolj\u0161ujejo pretok zraka<\/li>\n<li>Udobno oblazinjenje in prijetne tkanine za \u0161e ve\u010dje udobje otroka v sede\u017eu<\/li>\n<li>Prevleka se lahko opre v pralnem stroju<\/li>\n<\/ul>\n<p><strong>Testi in certifikati:<\/strong><\/p>\n<ul>\n<li>Avtosede\u017e Joie\u00ae i-Level\u2122 Recline Signature izpolnjuje i-Size standard ECE R129\/03<\/li>\n<li>Avtosede\u017e Joie\u00ae i-Level\u2122 Recline Signature je s TUV certifikatom primeren tudi za uporabo na letalu<\/li>\n<\/ul>\n<h3>Varnostno obvestilo:<\/h3>\n<ul>\n<li>Avtosede\u017e namestite v obratni smeri vo\u017enje<\/li>\n<li>Nikoli ne name\u0161\u010dajte avtosede\u017ea na sede\u017e z aktivno zra\u010dno blazino<\/li>\n<li>Nikoli ne name\u0161\u010dajte tega avtosede\u017ea na sede\u017e avtomobila, ki ni opremljen z Isofix-om<\/li>\n<\/ul>\n<h4>Lastnosti kompleta Joie\u00ae Finiti\u2122 4v1:<\/h4>\n<ul>\n<li>Uporaba vozi\u010dka Finiti\u2122 od rojstva do 22 kg (za novorojen\u010dke je primeren popolnoma le\u017ee\u010d polo\u017eaj naslonjala \u0161portnega sede\u017ea)<\/li>\n<li>Za novorojen\u010dke je na voljo udobna in enostavno namestljiva ko\u0161ara za novorojen\u010dka Joie\u00ae Ramble\u2122 XL<\/li>\n<li>Hitra in enostavna namestitev avtosede\u017ea Joie\u00ae i-Level\u2122 Recline na ogrodje vozi\u010dka s prlo\u017eenimi adapterji<\/li>\n<li>S pomo\u010djo prilo\u017eenih adapterjev\u00a0mo\u017ena namestitev avtosede\u017eev oziroma lupinic \u0161tevilnih blagovnih znamk<\/li>\n<li>Ustvarjen za brezskrbna in enostavna dru\u017einska potovanja z letalom, vlakom, avtomobilom in drugim mestnim prevozom<\/li>\n<li>Dimenzije vozi\u010dka (dol\u017eina x \u0161irina x vi\u0161ina): 91 x 63 x 111 cm \/\u00a0Dimenzije zlo\u017eenega vozi\u010dka (dol\u017eina x \u0161irina x vi\u0161ina): 68 x 63 x 43 cm<\/li>\n<li>Te\u017ea vozi\u010dka: 12,53 kg<\/li>\n<li>Hitro in kompaktno zlaganje vozi\u010dka skupaj s \u0161portnim sede\u017eem z eno roko (ne glede v katero smer je obrnjen sede\u017e)<\/li>\n<li>Zlo\u017een vozi\u010dek samostojno stoji<\/li>\n<li>Enostavno enoro\u010dno vodenje vozi\u010dka<\/li>\n<li>Prilagodljiv naklon naslona sede\u017ea na poljubno stopnjo<\/li>\n<li>Za\u0161\u010ditna strehica z UV za\u0161\u010dito UPF 50+<\/li>\n<li>Oblazinjen varovalni lok<\/li>\n<li>Mehka in nastavljiva opora za noge z dvema mo\u017enima pozicijama<\/li>\n<li>Hitro dosegljiva velika nakupovalna ko\u0161ara s privzdignjeno stranico, ki dodatno varuje vsebino ko\u0161arice na poti<\/li>\n<li>Odli\u010dno vzmetenje koles za mirno in prijetno vo\u017enjo<\/li>\n<li>Izjemnja funkcija Sweet Stride\u2122 za \u0161e la\u017eje manveriranje<\/li>\n<li>Ve\u010dplastna tekstura in izredno mehke in bogate tkanine<\/li>\n<li>Izbolj\u0161ana struktura materiala zagotavlja izjemno zra\u010dnost<\/li>\n<li>Detajli iz umetnega usnja in veganskega semi\u0161a<\/li>\n<li>Nastavljivo krmilo po vi\u0161ini iz umetnega usnja<\/li>\n<li>Hiter in enostaven zavorni sistem; aktivacija z nogo<\/li>\n<li>SoftTouch\u2122 5-to\u010dkovni varnostni pas<\/li>\n<li>Autoclick\u2122 samodejna magnetna zaponka varnostnega pasu, ki olaj\u0161a pripenjanje otroka<\/li>\n<li>V kompletu z vozi\u010dkom prejmete mini pasno torbico, ki jo lahko namestite na nakupovalno ko\u0161arico ter dr\u017ealo za pija\u010do<\/li>\n<li>Vgrajen nosilni trak za la\u017eje prena\u0161anje<\/li>\n<li>Vzdr\u017eljiva gumijasta, s peno polnjena kolesa<\/li>\n<li>Mo\u017enost zaklepanja sprednjih koles<\/li>\n<li>Odli\u010dna okretnost zahvaljujo\u010d funkciji Sweet Stride\u2122<\/li>\n<li>Odli\u010dno vzmetenje omogo\u010da mirno in varno vo\u017enjo<\/li>\n<li>Enostavna in hitra zavora in sprostitev blokade koles<\/li>\n<li>Aktivacija zavore z eno nogo<\/li>\n<\/ul>\n<p><strong>Testi in certifikati:<\/strong><\/p>\n<ul>\n<li>Otro\u0161ki vozi\u010dek Joie\u00ae Finiti\u2122 Signature je v skladu z evropskim standardom EN: 1888-2:2018 +A1:2022 (sede\u017e name\u0161\u010den v smeri vo\u017enje)<\/li>\n<li>Otro\u0161ki vozi\u010dek Joie\u00ae Finiti\u2122 Signature je v skladu z evropskim standardom EN 1888-1:2018 +A1:2022 (sede\u017e name\u0161\u010den v smeri pogleda na star\u0161a)<\/li>\n<\/ul>\n<h4>Uporaba ogrodja vozi\u010dka s ko\u0161aro Joie\u00ae Ramble\u2122 XL:<\/h4>\n<ul>\n<li>Uporaba vozi\u010dka s ko\u0161arico za novorojen\u010dka od otrokovega rojstva do 9 kg<\/li>\n<li>Namestitev ko\u0161are Joie\u00ae Ramble\u2122 XL je zelo enostavno<\/li>\n<li>Ko\u0161ara nudi popolno zavetje za prve sprehode za novorojen\u010dke in dojen\u010dke<\/li>\n<li>Dimenzije ko\u0161are ko\u0161are za novorojen\u010dka: 88 x 41.2 x 58 cm<\/li>\n<li>Te\u017ea ko\u0161are za novorojen\u010dka: 3,55 kg<\/li>\n<\/ul>\n<p><strong>Lastnosti ko\u0161are za novorojen\u010dka Joie\u00ae Ramble\u2122 XL:<\/strong><\/p>\n<ul>\n<li>Kompaktno plo\u0161\u010dato zlaganje ko\u0161are za novorojen\u010dka omogo\u010da enostavno shranjevanje doma in na poti<\/li>\n<li>Varno zavetje za prve prespane urice<\/li>\n<li>Mehka in udobna vzmetnica z odstranljvo prevleko<\/li>\n<li>Zagotavlja zra\u010dnost in odli\u010den pretok zraka<\/li>\n<li>Za\u0161\u010ditna in vodoodbojna strehica<\/li>\n<li>Prakti\u010den ro\u010daj za enostavno prena\u0161anje<\/li>\n<li>Ko\u0161ara z notranjim predal\u010dkom za mamine in dojen\u010dkove potreb\u0161\u010dine; klju\u010de, denarnico, telefon, dudo, igra\u010do in drugo<\/li>\n<li>Ve\u010dplastna tekstura in izredno mehke in bogate tkanine<\/li>\n<li>Prevleka za dodatno za\u0161\u010ditno pred mrazom in vetrom<\/li>\n<li>Nogice pod ko\u0161aro varujejo pred umazanijo<\/li>\n<\/ul>\n<p><strong>Testi in certifikati:<\/strong><\/p>\n<ul>\n<li>V skladu z evropskim standardom EN1466:2014\/ AC 2015<\/li>\n<\/ul>\n<p>[\/vc_column_text][\/vc_column][\/vc_row]<\/p>\n","protected":false},"excerpt":{"rendered":"<p style=\"text-align: justify\">Joie\u00ae Finiti\u2122 Flex komplet 4v1 je zasnovan za star\u0161e, ki i\u0161\u010dejo kvaliteto, maksimalno udobje za novorojen\u010dka in prakti\u010dnost pri vsakdanji uporabi. Izjemna prilagodljivost navdu\u0161i star\u0161e, ki \u017eelijo u\u017eivati v brezskrbnih sprehodih, ne glede na to ali so to sprehodi po mestnih ulicah ali zahtevnej\u0161ih terenih. Gumijasta kolesa polnjena s peno zagotavljajo gladko vo\u017enjo.<\/p>\n<p>Vozi\u010dek Joie\u00ae\u00a0 Finiti\u2122 Flex komplet Encore Recline 4v1 vklju\u010duje:<br \/>\n1)\u00a0 Alu ogrodje s 4 polnimi vzmetenimi kolesi, ter veliko nakupovalno ko\u0161aro<br \/>\n2) Ko\u0161aro za novorojen\u010dka Ramble XL<br \/>\n3) Dvojno oblazinjen \u0161portni sede\u017e, ki se obra\u010da v obe smeri; s podalj\u0161ano strehico<br \/>\n4) Dr\u017ealo za stekleni\u010dko<br \/>\n5) De\u017eno prevleko<br \/>\n6) Univerzalne adapterje za ko\u0161aro in avtosede\u017ee Joie<br \/>\n7) Joie\u00ae lupinica i-Snug2 (i-Size)<br \/>\n8) Joie\u00ae ISOFIX bazo i-Base\u2122 Advance<\/p>\n","protected":false},"featured_media":78929,"template":"","meta":[],"pwb-brand":[4525],"product_brand":[],"product_cat":[2365,2360],"product_tag":[4073,4196,4214],"class_list":{"0":"post-78925","1":"product","2":"type-product","3":"status-publish","4":"has-post-thumbnail","6":"pwb-brand-joie-vozicki","7":"product_cat-otroski-vozicki-4v1","8":"product_cat-vozicki","9":"product_tag-joie","10":"product_tag-joie-finiti","11":"product_tag-vozicki-joie","13":"first","14":"onbackorder","15":"taxable","16":"shipping-taxable","17":"purchasable","18":"product-type-variable","19":"add-to-wishlist-before_image"},"yoast_head":"<!-- This site is optimized with the Yoast SEO plugin v27.3 - https:\/\/yoast.com\/product\/yoast-seo-wordpress\/ -->\n<title>Joie\u00ae Finiti\u2122 Flex komplet 4v1 Encore Recline | Ajatutaja<\/title>\n<meta name=\"description\" content=\"Joie\u00ae Finiti\u2122 Flex komplet 4v1 je zasnovan za star\u0161e, ki i\u0161\u010dejo kvaliteto, maksimalno udobje za novorojen\u010dka in prakti\u010dnost pri vsakdanji uporabi.\" \/>\n<meta name=\"robots\" content=\"index, follow, max-snippet:-1, max-image-preview:large, max-video-preview:-1\" \/>\n<link rel=\"canonical\" href=\"https:\/\/ajatutaja.com\/izdelek\/joie-finiti-flex-komplet-4v1-encore-recline\/\" \/>\n<meta property=\"og:locale\" content=\"hr_HR\" \/>\n<meta property=\"og:type\" content=\"article\" \/>\n<meta property=\"og:title\" content=\"Joie\u00ae Finiti\u2122 Flex komplet 4v1 Encore Recline | Ajatutaja\" \/>\n<meta property=\"og:description\" content=\"Joie\u00ae Finiti\u2122 Flex komplet 4v1 je zasnovan za star\u0161e, ki i\u0161\u010dejo kvaliteto, maksimalno udobje za novorojen\u010dka in prakti\u010dnost pri vsakdanji uporabi.\" \/>\n<meta property=\"og:url\" content=\"https:\/\/ajatutaja.com\/izdelek\/joie-finiti-flex-komplet-4v1-encore-recline\/\" \/>\n<meta property=\"og:site_name\" content=\"Ajatutaja\" \/>\n<meta property=\"article:modified_time\" content=\"2026-04-08T15:13:21+00:00\" \/>\n<meta property=\"og:image\" content=\"https:\/\/ajatutaja.com\/wp-content\/uploads\/2025\/08\/Joie-finiti-komplet-4v1-Signature-Collection-evergreen-encore.webp\" \/>\n\t<meta property=\"og:image:width\" content=\"1280\" \/>\n\t<meta property=\"og:image:height\" content=\"1280\" \/>\n\t<meta property=\"og:image:type\" content=\"image\/webp\" \/>\n<meta name=\"twitter:card\" content=\"summary_large_image\" \/>\n<meta name=\"twitter:label1\" content=\"Procijenjeno vrijeme \u010ditanja\" \/>\n\t<meta name=\"twitter:data1\" content=\"7 minuta\" \/>\n<script type=\"application\/ld+json\" class=\"yoast-schema-graph\">{\"@context\":\"https:\\\/\\\/schema.org\",\"@graph\":[{\"@type\":\"WebPage\",\"@id\":\"https:\\\/\\\/ajatutaja.com\\\/izdelek\\\/joie-finiti-flex-komplet-4v1-encore-recline\\\/\",\"url\":\"https:\\\/\\\/ajatutaja.com\\\/izdelek\\\/joie-finiti-flex-komplet-4v1-encore-recline\\\/\",\"name\":\"Joie\u00ae Finiti\u2122 Flex komplet 4v1 Encore Recline | Ajatutaja\",\"isPartOf\":{\"@id\":\"https:\\\/\\\/ajatutaja.com\\\/#website\"},\"primaryImageOfPage\":{\"@id\":\"https:\\\/\\\/ajatutaja.com\\\/izdelek\\\/joie-finiti-flex-komplet-4v1-encore-recline\\\/#primaryimage\"},\"image\":{\"@id\":\"https:\\\/\\\/ajatutaja.com\\\/izdelek\\\/joie-finiti-flex-komplet-4v1-encore-recline\\\/#primaryimage\"},\"thumbnailUrl\":\"https:\\\/\\\/ajatutaja.com\\\/wp-content\\\/uploads\\\/2025\\\/08\\\/Joie-finiti-komplet-4v1-Signature-Collection-evergreen-encore.webp\",\"datePublished\":\"2025-05-03T06:47:53+00:00\",\"dateModified\":\"2026-04-08T15:13:21+00:00\",\"description\":\"Joie\u00ae Finiti\u2122 Flex komplet 4v1 je zasnovan za star\u0161e, ki i\u0161\u010dejo kvaliteto, maksimalno udobje za novorojen\u010dka in prakti\u010dnost pri vsakdanji uporabi.\",\"breadcrumb\":{\"@id\":\"https:\\\/\\\/ajatutaja.com\\\/izdelek\\\/joie-finiti-flex-komplet-4v1-encore-recline\\\/#breadcrumb\"},\"inLanguage\":\"hr\",\"potentialAction\":[{\"@type\":\"ReadAction\",\"target\":[\"https:\\\/\\\/ajatutaja.com\\\/izdelek\\\/joie-finiti-flex-komplet-4v1-encore-recline\\\/\"]}]},{\"@type\":\"ImageObject\",\"inLanguage\":\"hr\",\"@id\":\"https:\\\/\\\/ajatutaja.com\\\/izdelek\\\/joie-finiti-flex-komplet-4v1-encore-recline\\\/#primaryimage\",\"url\":\"https:\\\/\\\/ajatutaja.com\\\/wp-content\\\/uploads\\\/2025\\\/08\\\/Joie-finiti-komplet-4v1-Signature-Collection-evergreen-encore.webp\",\"contentUrl\":\"https:\\\/\\\/ajatutaja.com\\\/wp-content\\\/uploads\\\/2025\\\/08\\\/Joie-finiti-komplet-4v1-Signature-Collection-evergreen-encore.webp\",\"width\":1280,\"height\":1280},{\"@type\":\"BreadcrumbList\",\"@id\":\"https:\\\/\\\/ajatutaja.com\\\/izdelek\\\/joie-finiti-flex-komplet-4v1-encore-recline\\\/#breadcrumb\",\"itemListElement\":[{\"@type\":\"ListItem\",\"position\":1,\"name\":\"Home\",\"item\":\"https:\\\/\\\/ajatutaja.com\\\/hr\\\/\"},{\"@type\":\"ListItem\",\"position\":2,\"name\":\"Trgovina\",\"item\":\"https:\\\/\\\/ajatutaja.com\\\/hr\\\/trgovina\\\/\"},{\"@type\":\"ListItem\",\"position\":3,\"name\":\"Joie\u00ae Finiti\u2122 Flex komplet 4v1 Encore Recline\"}]},{\"@type\":\"WebSite\",\"@id\":\"https:\\\/\\\/ajatutaja.com\\\/#website\",\"url\":\"https:\\\/\\\/ajatutaja.com\\\/\",\"name\":\"Ajatutaja\",\"description\":\"Otro\u0161ka spletna trgovina AJATUTAJA\",\"publisher\":{\"@id\":\"https:\\\/\\\/ajatutaja.com\\\/#organization\"},\"potentialAction\":[{\"@type\":\"SearchAction\",\"target\":{\"@type\":\"EntryPoint\",\"urlTemplate\":\"https:\\\/\\\/ajatutaja.com\\\/?s={search_term_string}\"},\"query-input\":{\"@type\":\"PropertyValueSpecification\",\"valueRequired\":true,\"valueName\":\"search_term_string\"}}],\"inLanguage\":\"hr\"},{\"@type\":\"Organization\",\"@id\":\"https:\\\/\\\/ajatutaja.com\\\/#organization\",\"name\":\"Ajatutaja\",\"url\":\"https:\\\/\\\/ajatutaja.com\\\/\",\"logo\":{\"@type\":\"ImageObject\",\"inLanguage\":\"hr\",\"@id\":\"https:\\\/\\\/ajatutaja.com\\\/#\\\/schema\\\/logo\\\/image\\\/\",\"url\":\"https:\\\/\\\/ajatutaja.com\\\/wp-content\\\/uploads\\\/2021\\\/10\\\/logo.png\",\"contentUrl\":\"https:\\\/\\\/ajatutaja.com\\\/wp-content\\\/uploads\\\/2021\\\/10\\\/logo.png\",\"width\":555,\"height\":150,\"caption\":\"Ajatutaja\"},\"image\":{\"@id\":\"https:\\\/\\\/ajatutaja.com\\\/#\\\/schema\\\/logo\\\/image\\\/\"}}]}<\/script>\n<!-- \/ Yoast SEO plugin. -->","yoast_head_json":{"title":"Joie\u00ae Finiti\u2122 Flex komplet 4v1 Encore Recline | Ajatutaja","description":"Joie\u00ae Finiti\u2122 Flex komplet 4v1 je zasnovan za star\u0161e, ki i\u0161\u010dejo kvaliteto, maksimalno udobje za novorojen\u010dka in prakti\u010dnost pri vsakdanji uporabi.","robots":{"index":"index","follow":"follow","max-snippet":"max-snippet:-1","max-image-preview":"max-image-preview:large","max-video-preview":"max-video-preview:-1"},"canonical":"https:\/\/ajatutaja.com\/izdelek\/joie-finiti-flex-komplet-4v1-encore-recline\/","og_locale":"hr_HR","og_type":"article","og_title":"Joie\u00ae Finiti\u2122 Flex komplet 4v1 Encore Recline | Ajatutaja","og_description":"Joie\u00ae Finiti\u2122 Flex komplet 4v1 je zasnovan za star\u0161e, ki i\u0161\u010dejo kvaliteto, maksimalno udobje za novorojen\u010dka in prakti\u010dnost pri vsakdanji uporabi.","og_url":"https:\/\/ajatutaja.com\/izdelek\/joie-finiti-flex-komplet-4v1-encore-recline\/","og_site_name":"Ajatutaja","article_modified_time":"2026-04-08T15:13:21+00:00","og_image":[{"width":1280,"height":1280,"url":"https:\/\/ajatutaja.com\/wp-content\/uploads\/2025\/08\/Joie-finiti-komplet-4v1-Signature-Collection-evergreen-encore.webp","type":"image\/webp"}],"twitter_card":"summary_large_image","twitter_misc":{"Procijenjeno vrijeme \u010ditanja":"7 minuta"},"schema":{"@context":"https:\/\/schema.org","@graph":[{"@type":"WebPage","@id":"https:\/\/ajatutaja.com\/izdelek\/joie-finiti-flex-komplet-4v1-encore-recline\/","url":"https:\/\/ajatutaja.com\/izdelek\/joie-finiti-flex-komplet-4v1-encore-recline\/","name":"Joie\u00ae Finiti\u2122 Flex komplet 4v1 Encore Recline | Ajatutaja","isPartOf":{"@id":"https:\/\/ajatutaja.com\/#website"},"primaryImageOfPage":{"@id":"https:\/\/ajatutaja.com\/izdelek\/joie-finiti-flex-komplet-4v1-encore-recline\/#primaryimage"},"image":{"@id":"https:\/\/ajatutaja.com\/izdelek\/joie-finiti-flex-komplet-4v1-encore-recline\/#primaryimage"},"thumbnailUrl":"https:\/\/ajatutaja.com\/wp-content\/uploads\/2025\/08\/Joie-finiti-komplet-4v1-Signature-Collection-evergreen-encore.webp","datePublished":"2025-05-03T06:47:53+00:00","dateModified":"2026-04-08T15:13:21+00:00","description":"Joie\u00ae Finiti\u2122 Flex komplet 4v1 je zasnovan za star\u0161e, ki i\u0161\u010dejo kvaliteto, maksimalno udobje za novorojen\u010dka in prakti\u010dnost pri vsakdanji uporabi.","breadcrumb":{"@id":"https:\/\/ajatutaja.com\/izdelek\/joie-finiti-flex-komplet-4v1-encore-recline\/#breadcrumb"},"inLanguage":"hr","potentialAction":[{"@type":"ReadAction","target":["https:\/\/ajatutaja.com\/izdelek\/joie-finiti-flex-komplet-4v1-encore-recline\/"]}]},{"@type":"ImageObject","inLanguage":"hr","@id":"https:\/\/ajatutaja.com\/izdelek\/joie-finiti-flex-komplet-4v1-encore-recline\/#primaryimage","url":"https:\/\/ajatutaja.com\/wp-content\/uploads\/2025\/08\/Joie-finiti-komplet-4v1-Signature-Collection-evergreen-encore.webp","contentUrl":"https:\/\/ajatutaja.com\/wp-content\/uploads\/2025\/08\/Joie-finiti-komplet-4v1-Signature-Collection-evergreen-encore.webp","width":1280,"height":1280},{"@type":"BreadcrumbList","@id":"https:\/\/ajatutaja.com\/izdelek\/joie-finiti-flex-komplet-4v1-encore-recline\/#breadcrumb","itemListElement":[{"@type":"ListItem","position":1,"name":"Home","item":"https:\/\/ajatutaja.com\/hr\/"},{"@type":"ListItem","position":2,"name":"Trgovina","item":"https:\/\/ajatutaja.com\/hr\/trgovina\/"},{"@type":"ListItem","position":3,"name":"Joie\u00ae Finiti\u2122 Flex komplet 4v1 Encore Recline"}]},{"@type":"WebSite","@id":"https:\/\/ajatutaja.com\/#website","url":"https:\/\/ajatutaja.com\/","name":"Ajatutaja","description":"Otro\u0161ka spletna trgovina AJATUTAJA","publisher":{"@id":"https:\/\/ajatutaja.com\/#organization"},"potentialAction":[{"@type":"SearchAction","target":{"@type":"EntryPoint","urlTemplate":"https:\/\/ajatutaja.com\/?s={search_term_string}"},"query-input":{"@type":"PropertyValueSpecification","valueRequired":true,"valueName":"search_term_string"}}],"inLanguage":"hr"},{"@type":"Organization","@id":"https:\/\/ajatutaja.com\/#organization","name":"Ajatutaja","url":"https:\/\/ajatutaja.com\/","logo":{"@type":"ImageObject","inLanguage":"hr","@id":"https:\/\/ajatutaja.com\/#\/schema\/logo\/image\/","url":"https:\/\/ajatutaja.com\/wp-content\/uploads\/2021\/10\/logo.png","contentUrl":"https:\/\/ajatutaja.com\/wp-content\/uploads\/2021\/10\/logo.png","width":555,"height":150,"caption":"Ajatutaja"},"image":{"@id":"https:\/\/ajatutaja.com\/#\/schema\/logo\/image\/"}}]}},"brands":[{"id":4525,"name":"Joie","slug":"joie-vozicki"}],"_links":{"self":[{"href":"https:\/\/ajatutaja.com\/hr\/wp-json\/wp\/v2\/product\/78925","targetHints":{"allow":["GET"]}}],"collection":[{"href":"https:\/\/ajatutaja.com\/hr\/wp-json\/wp\/v2\/product"}],"about":[{"href":"https:\/\/ajatutaja.com\/hr\/wp-json\/wp\/v2\/types\/product"}],"wp:featuredmedia":[{"embeddable":true,"href":"https:\/\/ajatutaja.com\/hr\/wp-json\/wp\/v2\/media\/78929"}],"wp:attachment":[{"href":"https:\/\/ajatutaja.com\/hr\/wp-json\/wp\/v2\/media?parent=78925"}],"wp:term":[{"taxonomy":"pwb-brand","embeddable":true,"href":"https:\/\/ajatutaja.com\/hr\/wp-json\/wp\/v2\/pwb-brand?post=78925"},{"taxonomy":"product_brand","embeddable":true,"href":"https:\/\/ajatutaja.com\/hr\/wp-json\/wp\/v2\/product_brand?post=78925"},{"taxonomy":"product_cat","embeddable":true,"href":"https:\/\/ajatutaja.com\/hr\/wp-json\/wp\/v2\/product_cat?post=78925"},{"taxonomy":"product_tag","embeddable":true,"href":"https:\/\/ajatutaja.com\/hr\/wp-json\/wp\/v2\/product_tag?post=78925"}],"curies":[{"name":"wp","href":"https:\/\/api.w.org\/{rel}","templated":true}]}}