{"id":78901,"date":"2025-07-03T11:11:52","date_gmt":"2025-07-03T09:11:52","guid":{"rendered":"https:\/\/ajatutaja.com\/?post_type=product&#038;p=78901"},"modified":"2026-04-07T07:48:59","modified_gmt":"2026-04-07T05:48:59","slug":"joie-finiti-bundle-komplet-i-snug-4v1-advance-maple","status":"publish","type":"product","link":"https:\/\/ajatutaja.com\/hr\/proizvod\/joie-finiti-bundle-komplet-i-snug-4v1-advance-maple\/","title":{"rendered":"Joie\u00ae Finiti\u2122 Bundle komplet i-Snug 4v1 &#8211; Maple"},"content":{"rendered":"<p>[vc_row][vc_column][vc_column_text]<strong>Joie\u00ae\u00a0 Finiti\u2122 Bundle komplet 4v1<\/strong> je zasnovan za star\u0161e, ki i\u0161\u010dejo udobje in prakti\u010dnost pri vsakodnevnem raziskovanju sveta z otrokom. Izjemna prilagodljivost vozi\u010dka Finiti navdu\u0161i vse, ki \u017eelijo u\u017eivati v brezskrbnih sprehodih, ne glede na to ali so to sprehodi po mestnih ulicah ali zahtevnej\u0161ih terenih. Gumijasta kolesa polnjena s peno zagotavljajo gladko vo\u017enjo, otro\u0161ki vozi\u010dek pa ponuja tudi razli\u010dne mo\u017enosti obra\u010danja sede\u017ea, enostavno zlaganje, prostorno ko\u0161aro za shranjevanje potreb\u0161\u010din s katerimi se hitro prilagodi potrebam va\u0161ega vsakdana. V kompletu prejmete otro\u0161ki vozi\u010dek Finiti\u2122 Signature, ko\u0161aro za novorojen\u010dka Ramble\u2122 XL ter otro\u0161ki avtosede\u017e i-Snug\u2122 2 i-Size (40-75 cm).<\/p>\n<p>Ena izmed klju\u010dnih izbolj\u0161av otro\u0161kega vozi\u010dka v primerjavi s prej\u0161njim modelom so ve\u010dja, s peno polnjena gumijasta kolesa, ki omogo\u010dajo \u0161e bolj udobno vo\u017enjo na razli\u010dnih povr\u0161inah. Ve\u010dja sprednja kolesa zagotavljajo bolj\u0161o stabilnost in ve\u010djo absorpcijo, kar omogo\u010da brezskrbne sprehode tudi po neravnih in zahtevnej\u0161ih terenih. Ne glede na to, ali se sprehajate po mestnih ulicah, raziskujete park ali se z malimi raziskovalci podate na gozdno pot, bodo zdaj ve\u010dja kolesa poskrbela za gladko in udobno vo\u017enjo. Hkrati pa bodo ve\u010dja sprednja kolesa omogo\u010dila la\u017eje manevriranje v ozkih prostorih, kar bo v veliko pomo\u010d pri vsakodnevni uporabi vozi\u010dka.<\/p>\n<h4>Lastnosti kompleta Joie\u00ae Finiti\u2122 4v1:<\/h4>\n<ul>\n<li>Uporaba vozi\u010dka Finiti\u2122 od rojstva do 22 kg (za novorojen\u010dke je primeren popolnoma le\u017ee\u010d polo\u017eaj naslonjala \u0161portnega sede\u017ea)<\/li>\n<li>Za novorojen\u010dke je na voljo udobna in enostavno namestljiva ko\u0161ara za novorojen\u010dka Joie\u00ae Ramble\u2122 XL<\/li>\n<li>Hitra in enostavna namestitev Joie\u00ae i-Snug 2 na ogrodje vozi\u010dka s prlo\u017eenimi adapterji<\/li>\n<li>S pomo\u010djo prilo\u017eenih adapterjev\u00a0mo\u017ena namestitev avtosede\u017eev oziroma lupinic \u0161tevilnih blagovnih znamk<\/li>\n<li>Ustvarjen za brezskrbna in enostavna dru\u017einska potovanja z letalom, vlakom, avtomobilom in drugim mestnim prevozom<\/li>\n<li>Dimenzije vozi\u010dka (dol\u017eina x \u0161irina x vi\u0161ina): 91 x 63 x 111 cm \/\u00a0Dimenzije zlo\u017eenega vozi\u010dka (dol\u017eina x \u0161irina x vi\u0161ina): 68 x 63 x 43 cm<\/li>\n<li>Te\u017ea vozi\u010dka: 12,53 kg<\/li>\n<li>Hitro in kompaktno zlaganje vozi\u010dka skupaj s \u0161portnim sede\u017eem z eno roko (ne glede v katero smer je obrnjen sede\u017e)<\/li>\n<li>Zlo\u017een vozi\u010dek samostojno stoji<\/li>\n<li>Enostavno enoro\u010dno vodenje vozi\u010dka<\/li>\n<li>Prilagodljiv naklon naslona sede\u017ea na poljubno stopnjo<\/li>\n<li>Za\u0161\u010ditna strehica z UV za\u0161\u010dito UPF 50+<\/li>\n<li>Oblazinjen varovalni lok<\/li>\n<li>Mehka in nastavljiva opora za noge z dvema mo\u017enima pozicijama<\/li>\n<li>Hitro dosegljiva velika nakupovalna ko\u0161ara s privzdignjeno stranico, ki dodatno varuje vsebino ko\u0161arice na poti<\/li>\n<li>Odli\u010dno vzmetenje koles za mirno in prijetno vo\u017enjo<\/li>\n<li>Izjemnja funkcija Sweet Stride\u2122 za \u0161e la\u017eje manveriranje<\/li>\n<li>Ve\u010dplastna tekstura in izredno mehke in bogate tkanine<\/li>\n<li>Izbolj\u0161ana struktura materiala zagotavlja izjemno zra\u010dnost<\/li>\n<li>Detajli iz umetnega usnja in veganskega semi\u0161a<\/li>\n<li>Nastavljivo krmilo po vi\u0161ini iz umetnega usnja<\/li>\n<li>Hiter in enostaven zavorni sistem; aktivacija z nogo<\/li>\n<li>SoftTouch\u2122 5-to\u010dkovni varnostni pas<\/li>\n<li>Autoclick\u2122 samodejna magnetna zaponka varnostnega pasu, ki olaj\u0161a pripenjanje otroka<\/li>\n<li>V kompletu z vozi\u010dkom prejmete mini pasno torbico, ki jo lahko namestite na nakupovalno ko\u0161arico ter dr\u017ealo za pija\u010do<\/li>\n<li>Vgrajen nosilni trak za la\u017eje prena\u0161anje<\/li>\n<li>Vzdr\u017eljiva gumijasta, s peno polnjena kolesa<\/li>\n<li>Mo\u017enost zaklepanja sprednjih koles<\/li>\n<li>Odli\u010dna okretnost zahvaljujo\u010d funkciji Sweet Stride\u2122<\/li>\n<li>Odli\u010dno vzmetenje omogo\u010da mirno in varno vo\u017enjo<\/li>\n<li>Enostavna in hitra zavora in sprostitev blokade koles<\/li>\n<li>Aktivacija zavore z eno nogo<\/li>\n<\/ul>\n<p><strong>Testi in certifikati:<\/strong><\/p>\n<ul>\n<li>Otro\u0161ki vozi\u010dek Joie\u00ae Finiti\u2122 Signature je v skladu z evropskim standardom EN: 1888-2:2018 +A1:2022 (sede\u017e name\u0161\u010den v smeri vo\u017enje)<\/li>\n<li>Otro\u0161ki vozi\u010dek Joie\u00ae Finiti\u2122 Signature je v skladu z evropskim standardom EN 1888-1:2018 +A1:2022 (sede\u017e name\u0161\u010den v smeri pogleda na star\u0161a)<\/li>\n<\/ul>\n<h4>Uporaba ogrodja vozi\u010dka s ko\u0161aro Joie\u00ae Ramble\u2122 XL:<\/h4>\n<ul>\n<li>Uporaba vozi\u010dka s ko\u0161arico za novorojen\u010dka od otrokovega rojstva do 9 kg<\/li>\n<li>Namestitev ko\u0161are Joie\u00ae Ramble\u2122 XL je zelo enostavno<\/li>\n<li>Ko\u0161ara nudi popolno zavetje za prve sprehode za novorojen\u010dke in dojen\u010dke<\/li>\n<li>Dimenzije ko\u0161are ko\u0161are za novorojen\u010dka: 88 x 41.2 x 58 cm<\/li>\n<li>Te\u017ea ko\u0161are za novorojen\u010dka: 3,55 kg<\/li>\n<\/ul>\n<p><strong>Lastnosti ko\u0161are za novorojen\u010dka Joie\u00ae Ramble\u2122 XL:<\/strong><\/p>\n<ul>\n<li>Kompaktno plo\u0161\u010dato zlaganje ko\u0161are za novorojen\u010dka omogo\u010da enostavno shranjevanje doma in na poti<\/li>\n<li>Varno zavetje za prve prespane urice<\/li>\n<li>Mehka in udobna vzmetnica z odstranljvo prevleko<\/li>\n<li>Zagotavlja zra\u010dnost in odli\u010den pretok zraka<\/li>\n<li>Za\u0161\u010ditna in vodoodbojna strehica<\/li>\n<li>Prakti\u010den ro\u010daj za enostavno prena\u0161anje<\/li>\n<li>Ko\u0161ara z notranjim predal\u010dkom za mamine in dojen\u010dkove potreb\u0161\u010dine; klju\u010de, denarnico, telefon, dudo, igra\u010do in drugo<\/li>\n<li>Ve\u010dplastna tekstura in izredno mehke in bogate tkanine<\/li>\n<li>Prevleka za dodatno za\u0161\u010ditno pred mrazom in vetrom<\/li>\n<li>Nogice pod ko\u0161aro varujejo pred umazanijo<\/li>\n<\/ul>\n<p><strong>Testi in certifikati:<\/strong><\/p>\n<ul>\n<li>V skladu z evropskim standardom EN1466:2014\/ AC 2015<\/li>\n<\/ul>\n<p><strong>Otro\u0161ki avtosede\u017e i-Snug\u2122 2 i-Size (40-75 cm):<\/strong><\/p>\n<ul>\n<li>Priporo\u010dena uporaba od rojstva do 13 kg (40\u201375 cm)<\/li>\n<li>Avtosede\u017e s snemljivo prevleko in za\u0161\u0107itno strehico<\/li>\n<li>Snemljiva podporna blazina za glavo, hrbti\u0161\u010de in ledveni predel<\/li>\n<li>3-to\u010dkovni varnostni pas<\/li>\n<li>Odstranljiva vodoodbojna stre\u0161ica z za\u0161\u010dito UPF50+<\/li>\n<li>Udobni in zra\u010dni materiali<\/li>\n<li>Mo\u017enost pranja tkanin v pralnem stroju<\/li>\n<li>Zategovanje z enim potegom<\/li>\n<li>Nastavljiv vzglavnik iz 3 plasti pene<\/li>\n<li>Ergonomski ro\u010daj za prena\u0161anje<\/li>\n<li>Namestitev avtosede\u017ea v obratni smeri vo\u017enje<\/li>\n<li>Namestitev avtosede\u017ea z Isofix sistemom z bazo (ki je na voljo lo\u010deno) baze Joie\u00ae i-Base 2, i-Base lx 2, i-Base Encore ali i-Base Advance<\/li>\n<li>Namestitev avtosede\u017ea z avtomobilskim varnostnim pasom<\/li>\n<li>Kompatibilnost z vozi\u010dki Joie\u00ae in z drugimi vozi\u010dki s pomo\u010djo adapterjev Joie\u00ae<\/li>\n<li>Dimenzije:\u00a065 x \u00a043.5 x \u00a057 cm<\/li>\n<li>Te\u017ea: 3,35 kg<\/li>\n<\/ul>\n<p><strong>Testi in certifikati:<\/strong><\/p>\n<ul>\n<li>Avtosede\u017e ustreza varnostnim standardom ECE R129<\/li>\n<li>Sede\u017e ima certifikat i-Size<\/li>\n<\/ul>\n<h4>Joie\u00ae ISOFIX baza i-Base\u2122 2:<\/h4>\n<ul>\n<li>uporabna za novorojen\u010dka od rojstva do 13 kg te\u017ee oz.\u00a0 40-105cm<\/li>\n<li>ISOFIX baza i-Base\u21222 je kompatibilna z avtosedezi Joie 0+ i-Gemm\u2122 3, i-Juva\u2122 in i-Snug\u2122 2.<\/li>\n<li>varna in enostavna namestitev s pritrditvijo na ISOFIX avtomobila ali z uporabo avtomobilskega varnostnega pasu<\/li>\n<li>nastavljiva podporna noga zagotavlja dodatmo stabilizacijo in varno vo\u017enjo<\/li>\n<li>barvni kazalci, ki prikazujejo pravilno namestitev lupinice na bazo<\/li>\n<li>velikost: 57.8cm x\u00a0 31.8cm x\u00a0 25.9-69cm<\/li>\n<li>te\u017ea: 6.14 kg<\/li>\n<\/ul>\n<p><strong>Testi in certifikati:<\/strong><\/p>\n<ul>\n<li>Isofix baza Joie\u00ae i-Base\u2122 2 izpolnjuje i-Size standard ECE R129\/00 in ECE R129\/03<\/li>\n<\/ul>\n<p><strong>Varnostno obvestilo:<\/strong><\/p>\n<ul>\n<li>Avtosede\u017e namestite v obratni smeri vo\u017enje<\/li>\n<li>Nikoli ne name\u0161\u010dajte avtosede\u017ea na sede\u017e z aktivno zra\u010dno blazino<\/li>\n<li>Nikoli ne name\u0161\u010dajte tega avtosede\u017ea na sede\u017e avtomobila, ki ni opremljen z Isofix-om<\/li>\n<\/ul>\n<p>[\/vc_column_text][\/vc_column][\/vc_row]<\/p>\n","protected":false},"excerpt":{"rendered":"<p style=\"text-align: justify\">Joie\u00ae\u00a0 Finiti\u2122 komplet 4v1 je zasnovan za star\u0161e, ki i\u0161\u010dejo kvaliteto, udobje in prakti\u010dnost pri &#8220;All Terrain&#8221; vozi\u010dku po dostopni ceni. Izjemna prilagodljivost navdu\u0161i star\u0161e, ki \u017eelijo u\u017eivati v brezskrbnih sprehodih, ne glede na to ali so to sprehodi po mestnih ulicah ali zahtevnej\u0161ih terenih. Gumijasta kolesa polnjena s peno zagotavljajo gladko vo\u017enjo.<\/p>\n<p><strong>Joie\u00ae\u00a0 Finiti\u2122 Bundle komplet 4v1 vklju\u010duje:<\/strong><br \/>\n1)\u00a0 Alu ogrodje s 4 polnimi vzmetenimi kolesi, ter veliko nakupovalno ko\u0161aro<br \/>\n2) Ko\u0161aro za novorojen\u010dka Ramble XL<br \/>\n3) Dvojno oblazinjen \u0161portni sede\u017e, ki se obra\u010da v obe smeri; s podalj\u0161ano strehico<br \/>\n4) Dr\u017ealo za stekleni\u010dko<br \/>\n5) De\u017eno prevleko<br \/>\n6) Univerzalne adapterje za ko\u0161aro in avtosede\u017ee Joie<br \/>\n7) Joie\u00ae lupinica i-Snug 2 (i-Size)<br \/>\n8) Joie\u00ae ISOFIX bazo i-Base\u2122 2<\/p>\n","protected":false},"featured_media":84479,"template":"","meta":[],"pwb-brand":[4525],"product_brand":[],"product_cat":[2365],"product_tag":[4073,4196],"class_list":{"0":"post-78901","1":"product","2":"type-product","3":"status-publish","4":"has-post-thumbnail","6":"pwb-brand-joie-vozicki","7":"product_cat-otroski-vozicki-4v1","8":"product_tag-joie","9":"product_tag-joie-finiti","11":"first","12":"instock","13":"taxable","14":"shipping-taxable","15":"purchasable","16":"product-type-simple","17":"add-to-wishlist-before_image"},"yoast_head":"<!-- This site is optimized with the Yoast SEO plugin v27.3 - https:\/\/yoast.com\/product\/yoast-seo-wordpress\/ -->\n<title>Joie\u00ae Finiti\u2122 Bundle komplet i-Snug 4v1 - Maple | Ajatutaja<\/title>\n<meta name=\"description\" content=\"Joie\u00ae\u00a0 Finiti\u2122 Bundle komplet 4v1 je zasnovan za star\u0161e, ki i\u0161\u010dejo udobje in prakti\u010dnost pri vsakodnevnem raziskovanju sveta z otrokom. Izjemna prilagodljivost vozi\u010dka Finiti navdu\u0161i vse, ki \u017eelijo u\u017eivati v brezskrbnih sprehodih\" \/>\n<meta name=\"robots\" content=\"index, follow, max-snippet:-1, max-image-preview:large, max-video-preview:-1\" \/>\n<link rel=\"canonical\" href=\"https:\/\/ajatutaja.com\/izdelek\/joie-finiti-bundle-komplet-i-snug-4v1-advance-maple\/\" \/>\n<meta property=\"og:locale\" content=\"hr_HR\" \/>\n<meta property=\"og:type\" content=\"article\" \/>\n<meta property=\"og:title\" content=\"Joie\u00ae Finiti\u2122 Bundle komplet i-Snug 4v1 - Maple | Ajatutaja\" \/>\n<meta property=\"og:description\" content=\"Joie\u00ae\u00a0 Finiti\u2122 Bundle komplet 4v1 je zasnovan za star\u0161e, ki i\u0161\u010dejo udobje in prakti\u010dnost pri vsakodnevnem raziskovanju sveta z otrokom. Izjemna prilagodljivost vozi\u010dka Finiti navdu\u0161i vse, ki \u017eelijo u\u017eivati v brezskrbnih sprehodih\" \/>\n<meta property=\"og:url\" content=\"https:\/\/ajatutaja.com\/izdelek\/joie-finiti-bundle-komplet-i-snug-4v1-advance-maple\/\" \/>\n<meta property=\"og:site_name\" content=\"Ajatutaja\" \/>\n<meta property=\"article:modified_time\" content=\"2026-04-07T05:48:59+00:00\" \/>\n<meta property=\"og:image\" content=\"https:\/\/ajatutaja.com\/wp-content\/uploads\/2025\/07\/JOIE-FINITI-4V1-MAPLE-1.jpg\" \/>\n\t<meta property=\"og:image:width\" content=\"1000\" \/>\n\t<meta property=\"og:image:height\" content=\"1000\" \/>\n\t<meta property=\"og:image:type\" content=\"image\/jpeg\" \/>\n<meta name=\"twitter:card\" content=\"summary_large_image\" \/>\n<meta name=\"twitter:label1\" content=\"Procijenjeno vrijeme \u010ditanja\" \/>\n\t<meta name=\"twitter:data1\" content=\"6 minuta\" \/>\n<script type=\"application\/ld+json\" class=\"yoast-schema-graph\">{\"@context\":\"https:\\\/\\\/schema.org\",\"@graph\":[{\"@type\":\"WebPage\",\"@id\":\"https:\\\/\\\/ajatutaja.com\\\/izdelek\\\/joie-finiti-bundle-komplet-i-snug-4v1-advance-maple\\\/\",\"url\":\"https:\\\/\\\/ajatutaja.com\\\/izdelek\\\/joie-finiti-bundle-komplet-i-snug-4v1-advance-maple\\\/\",\"name\":\"Joie\u00ae Finiti\u2122 Bundle komplet i-Snug 4v1 - Maple | Ajatutaja\",\"isPartOf\":{\"@id\":\"https:\\\/\\\/ajatutaja.com\\\/#website\"},\"primaryImageOfPage\":{\"@id\":\"https:\\\/\\\/ajatutaja.com\\\/izdelek\\\/joie-finiti-bundle-komplet-i-snug-4v1-advance-maple\\\/#primaryimage\"},\"image\":{\"@id\":\"https:\\\/\\\/ajatutaja.com\\\/izdelek\\\/joie-finiti-bundle-komplet-i-snug-4v1-advance-maple\\\/#primaryimage\"},\"thumbnailUrl\":\"https:\\\/\\\/ajatutaja.com\\\/wp-content\\\/uploads\\\/2025\\\/07\\\/JOIE-FINITI-4V1-MAPLE-1.jpg\",\"datePublished\":\"2025-07-03T09:11:52+00:00\",\"dateModified\":\"2026-04-07T05:48:59+00:00\",\"description\":\"Joie\u00ae\u00a0 Finiti\u2122 Bundle komplet 4v1 je zasnovan za star\u0161e, ki i\u0161\u010dejo udobje in prakti\u010dnost pri vsakodnevnem raziskovanju sveta z otrokom. Izjemna prilagodljivost vozi\u010dka Finiti navdu\u0161i vse, ki \u017eelijo u\u017eivati v brezskrbnih sprehodih\",\"breadcrumb\":{\"@id\":\"https:\\\/\\\/ajatutaja.com\\\/izdelek\\\/joie-finiti-bundle-komplet-i-snug-4v1-advance-maple\\\/#breadcrumb\"},\"inLanguage\":\"hr\",\"potentialAction\":[{\"@type\":\"ReadAction\",\"target\":[\"https:\\\/\\\/ajatutaja.com\\\/izdelek\\\/joie-finiti-bundle-komplet-i-snug-4v1-advance-maple\\\/\"]}]},{\"@type\":\"ImageObject\",\"inLanguage\":\"hr\",\"@id\":\"https:\\\/\\\/ajatutaja.com\\\/izdelek\\\/joie-finiti-bundle-komplet-i-snug-4v1-advance-maple\\\/#primaryimage\",\"url\":\"https:\\\/\\\/ajatutaja.com\\\/wp-content\\\/uploads\\\/2025\\\/07\\\/JOIE-FINITI-4V1-MAPLE-1.jpg\",\"contentUrl\":\"https:\\\/\\\/ajatutaja.com\\\/wp-content\\\/uploads\\\/2025\\\/07\\\/JOIE-FINITI-4V1-MAPLE-1.jpg\",\"width\":1000,\"height\":1000},{\"@type\":\"BreadcrumbList\",\"@id\":\"https:\\\/\\\/ajatutaja.com\\\/izdelek\\\/joie-finiti-bundle-komplet-i-snug-4v1-advance-maple\\\/#breadcrumb\",\"itemListElement\":[{\"@type\":\"ListItem\",\"position\":1,\"name\":\"Home\",\"item\":\"https:\\\/\\\/ajatutaja.com\\\/hr\\\/\"},{\"@type\":\"ListItem\",\"position\":2,\"name\":\"Trgovina\",\"item\":\"https:\\\/\\\/ajatutaja.com\\\/hr\\\/trgovina\\\/\"},{\"@type\":\"ListItem\",\"position\":3,\"name\":\"Joie\u00ae Finiti\u2122 Bundle komplet i-Snug 4v1 &#8211; Maple\"}]},{\"@type\":\"WebSite\",\"@id\":\"https:\\\/\\\/ajatutaja.com\\\/#website\",\"url\":\"https:\\\/\\\/ajatutaja.com\\\/\",\"name\":\"Ajatutaja\",\"description\":\"Otro\u0161ka spletna trgovina AJATUTAJA\",\"publisher\":{\"@id\":\"https:\\\/\\\/ajatutaja.com\\\/#organization\"},\"potentialAction\":[{\"@type\":\"SearchAction\",\"target\":{\"@type\":\"EntryPoint\",\"urlTemplate\":\"https:\\\/\\\/ajatutaja.com\\\/?s={search_term_string}\"},\"query-input\":{\"@type\":\"PropertyValueSpecification\",\"valueRequired\":true,\"valueName\":\"search_term_string\"}}],\"inLanguage\":\"hr\"},{\"@type\":\"Organization\",\"@id\":\"https:\\\/\\\/ajatutaja.com\\\/#organization\",\"name\":\"Ajatutaja\",\"url\":\"https:\\\/\\\/ajatutaja.com\\\/\",\"logo\":{\"@type\":\"ImageObject\",\"inLanguage\":\"hr\",\"@id\":\"https:\\\/\\\/ajatutaja.com\\\/#\\\/schema\\\/logo\\\/image\\\/\",\"url\":\"https:\\\/\\\/ajatutaja.com\\\/wp-content\\\/uploads\\\/2021\\\/10\\\/logo.png\",\"contentUrl\":\"https:\\\/\\\/ajatutaja.com\\\/wp-content\\\/uploads\\\/2021\\\/10\\\/logo.png\",\"width\":555,\"height\":150,\"caption\":\"Ajatutaja\"},\"image\":{\"@id\":\"https:\\\/\\\/ajatutaja.com\\\/#\\\/schema\\\/logo\\\/image\\\/\"}}]}<\/script>\n<!-- \/ Yoast SEO plugin. -->","yoast_head_json":{"title":"Joie\u00ae Finiti\u2122 Bundle komplet i-Snug 4v1 - Maple | Ajatutaja","description":"Joie\u00ae\u00a0 Finiti\u2122 Bundle komplet 4v1 je zasnovan za star\u0161e, ki i\u0161\u010dejo udobje in prakti\u010dnost pri vsakodnevnem raziskovanju sveta z otrokom. Izjemna prilagodljivost vozi\u010dka Finiti navdu\u0161i vse, ki \u017eelijo u\u017eivati v brezskrbnih sprehodih","robots":{"index":"index","follow":"follow","max-snippet":"max-snippet:-1","max-image-preview":"max-image-preview:large","max-video-preview":"max-video-preview:-1"},"canonical":"https:\/\/ajatutaja.com\/izdelek\/joie-finiti-bundle-komplet-i-snug-4v1-advance-maple\/","og_locale":"hr_HR","og_type":"article","og_title":"Joie\u00ae Finiti\u2122 Bundle komplet i-Snug 4v1 - Maple | Ajatutaja","og_description":"Joie\u00ae\u00a0 Finiti\u2122 Bundle komplet 4v1 je zasnovan za star\u0161e, ki i\u0161\u010dejo udobje in prakti\u010dnost pri vsakodnevnem raziskovanju sveta z otrokom. Izjemna prilagodljivost vozi\u010dka Finiti navdu\u0161i vse, ki \u017eelijo u\u017eivati v brezskrbnih sprehodih","og_url":"https:\/\/ajatutaja.com\/izdelek\/joie-finiti-bundle-komplet-i-snug-4v1-advance-maple\/","og_site_name":"Ajatutaja","article_modified_time":"2026-04-07T05:48:59+00:00","og_image":[{"width":1000,"height":1000,"url":"https:\/\/ajatutaja.com\/wp-content\/uploads\/2025\/07\/JOIE-FINITI-4V1-MAPLE-1.jpg","type":"image\/jpeg"}],"twitter_card":"summary_large_image","twitter_misc":{"Procijenjeno vrijeme \u010ditanja":"6 minuta"},"schema":{"@context":"https:\/\/schema.org","@graph":[{"@type":"WebPage","@id":"https:\/\/ajatutaja.com\/izdelek\/joie-finiti-bundle-komplet-i-snug-4v1-advance-maple\/","url":"https:\/\/ajatutaja.com\/izdelek\/joie-finiti-bundle-komplet-i-snug-4v1-advance-maple\/","name":"Joie\u00ae Finiti\u2122 Bundle komplet i-Snug 4v1 - Maple | Ajatutaja","isPartOf":{"@id":"https:\/\/ajatutaja.com\/#website"},"primaryImageOfPage":{"@id":"https:\/\/ajatutaja.com\/izdelek\/joie-finiti-bundle-komplet-i-snug-4v1-advance-maple\/#primaryimage"},"image":{"@id":"https:\/\/ajatutaja.com\/izdelek\/joie-finiti-bundle-komplet-i-snug-4v1-advance-maple\/#primaryimage"},"thumbnailUrl":"https:\/\/ajatutaja.com\/wp-content\/uploads\/2025\/07\/JOIE-FINITI-4V1-MAPLE-1.jpg","datePublished":"2025-07-03T09:11:52+00:00","dateModified":"2026-04-07T05:48:59+00:00","description":"Joie\u00ae\u00a0 Finiti\u2122 Bundle komplet 4v1 je zasnovan za star\u0161e, ki i\u0161\u010dejo udobje in prakti\u010dnost pri vsakodnevnem raziskovanju sveta z otrokom. Izjemna prilagodljivost vozi\u010dka Finiti navdu\u0161i vse, ki \u017eelijo u\u017eivati v brezskrbnih sprehodih","breadcrumb":{"@id":"https:\/\/ajatutaja.com\/izdelek\/joie-finiti-bundle-komplet-i-snug-4v1-advance-maple\/#breadcrumb"},"inLanguage":"hr","potentialAction":[{"@type":"ReadAction","target":["https:\/\/ajatutaja.com\/izdelek\/joie-finiti-bundle-komplet-i-snug-4v1-advance-maple\/"]}]},{"@type":"ImageObject","inLanguage":"hr","@id":"https:\/\/ajatutaja.com\/izdelek\/joie-finiti-bundle-komplet-i-snug-4v1-advance-maple\/#primaryimage","url":"https:\/\/ajatutaja.com\/wp-content\/uploads\/2025\/07\/JOIE-FINITI-4V1-MAPLE-1.jpg","contentUrl":"https:\/\/ajatutaja.com\/wp-content\/uploads\/2025\/07\/JOIE-FINITI-4V1-MAPLE-1.jpg","width":1000,"height":1000},{"@type":"BreadcrumbList","@id":"https:\/\/ajatutaja.com\/izdelek\/joie-finiti-bundle-komplet-i-snug-4v1-advance-maple\/#breadcrumb","itemListElement":[{"@type":"ListItem","position":1,"name":"Home","item":"https:\/\/ajatutaja.com\/hr\/"},{"@type":"ListItem","position":2,"name":"Trgovina","item":"https:\/\/ajatutaja.com\/hr\/trgovina\/"},{"@type":"ListItem","position":3,"name":"Joie\u00ae Finiti\u2122 Bundle komplet i-Snug 4v1 &#8211; Maple"}]},{"@type":"WebSite","@id":"https:\/\/ajatutaja.com\/#website","url":"https:\/\/ajatutaja.com\/","name":"Ajatutaja","description":"Otro\u0161ka spletna trgovina AJATUTAJA","publisher":{"@id":"https:\/\/ajatutaja.com\/#organization"},"potentialAction":[{"@type":"SearchAction","target":{"@type":"EntryPoint","urlTemplate":"https:\/\/ajatutaja.com\/?s={search_term_string}"},"query-input":{"@type":"PropertyValueSpecification","valueRequired":true,"valueName":"search_term_string"}}],"inLanguage":"hr"},{"@type":"Organization","@id":"https:\/\/ajatutaja.com\/#organization","name":"Ajatutaja","url":"https:\/\/ajatutaja.com\/","logo":{"@type":"ImageObject","inLanguage":"hr","@id":"https:\/\/ajatutaja.com\/#\/schema\/logo\/image\/","url":"https:\/\/ajatutaja.com\/wp-content\/uploads\/2021\/10\/logo.png","contentUrl":"https:\/\/ajatutaja.com\/wp-content\/uploads\/2021\/10\/logo.png","width":555,"height":150,"caption":"Ajatutaja"},"image":{"@id":"https:\/\/ajatutaja.com\/#\/schema\/logo\/image\/"}}]}},"brands":[{"id":4525,"name":"Joie","slug":"joie-vozicki"}],"_links":{"self":[{"href":"https:\/\/ajatutaja.com\/hr\/wp-json\/wp\/v2\/product\/78901","targetHints":{"allow":["GET"]}}],"collection":[{"href":"https:\/\/ajatutaja.com\/hr\/wp-json\/wp\/v2\/product"}],"about":[{"href":"https:\/\/ajatutaja.com\/hr\/wp-json\/wp\/v2\/types\/product"}],"wp:featuredmedia":[{"embeddable":true,"href":"https:\/\/ajatutaja.com\/hr\/wp-json\/wp\/v2\/media\/84479"}],"wp:attachment":[{"href":"https:\/\/ajatutaja.com\/hr\/wp-json\/wp\/v2\/media?parent=78901"}],"wp:term":[{"taxonomy":"pwb-brand","embeddable":true,"href":"https:\/\/ajatutaja.com\/hr\/wp-json\/wp\/v2\/pwb-brand?post=78901"},{"taxonomy":"product_brand","embeddable":true,"href":"https:\/\/ajatutaja.com\/hr\/wp-json\/wp\/v2\/product_brand?post=78901"},{"taxonomy":"product_cat","embeddable":true,"href":"https:\/\/ajatutaja.com\/hr\/wp-json\/wp\/v2\/product_cat?post=78901"},{"taxonomy":"product_tag","embeddable":true,"href":"https:\/\/ajatutaja.com\/hr\/wp-json\/wp\/v2\/product_tag?post=78901"}],"curies":[{"name":"wp","href":"https:\/\/api.w.org\/{rel}","templated":true}]}}