{"id":78888,"date":"2025-08-02T20:22:16","date_gmt":"2025-08-02T18:22:16","guid":{"rendered":"https:\/\/ajatutaja.com\/?post_type=product&#038;p=78888"},"modified":"2025-08-31T22:50:29","modified_gmt":"2025-08-31T20:50:29","slug":"joie-i-level-pro-recline-otroski-avtosedez-in-baza-i-base-encore","status":"publish","type":"product","link":"https:\/\/ajatutaja.com\/hr\/proizvod\/joie-i-level-pro-recline-otroski-avtosedez-in-baza-i-base-encore\/","title":{"rendered":"Joie\u00ae i-Level\u2122 Pro Recline otro\u0161ki avtosede\u017e i-Size 0+ (40-85cm) + iSoFix baza i-Base\u2122 Encore"},"content":{"rendered":"<p>[vc_row][vc_column][vc_column_text]<\/p>\n<div class=\"value\">\n<p>Otro\u0161ki avtosede\u017e &#8211; lupinica Joie\u00ae i-Level\u2122 Pro Recline vas bo navdu\u0161il s 3 razpolo\u017eljivimi nakloni in povsem le\u017ee\u010dim naklonom 157 stopinj ter izbrano teksturo tkanin in izpopolnjenimi detajli, ki odlikujejo kolekcijo Joie\u00ae Signature.<\/p>\n<h3>Uporaba avtosede\u017ea Joie\u00ae i-Level\u2122 Recline:<\/h3>\n<ul>\n<li>Priporo\u010dena uporaba od rojstva do 13 kg (40 \u2013 87\u00a0cm) do cca. 15 mesecev<\/li>\n<li>Namestitev avtosede\u017ea v obratni smeri vo\u017enje<\/li>\n<li>Namestitev avtosede\u017ea na bazo Isofix bazo i-Base\u2122 Encore Signature<\/li>\n<li>Skupaj z\u00a0IsoFix bazo i-Base\u2122 Encore je del Encore Spinning System-a, saj lahko na bazo namestite otro\u0161ki avtosede\u017e i-Harbour\u2122, ki omogo\u010da vo\u017enjo tako v smeri kot v obratni smeri vo\u017enje, ter varuje mal\u010dke vse do 4. leta starosti oziroma do velikosti 105 cm<\/li>\n<li>Kompatibilnost z vozi\u010dki Joie\u00ae\u00a0 in z drugimi vozi\u010dki s pomo\u010djo adapterjev Maxi-Cosi \/ BeSafe \/ Cybex \/ Nuna (le ti se kupijo lo\u010deno)<\/li>\n<\/ul>\n<p><strong>Dimenzije in te\u017ea:<\/strong><\/p>\n<ul>\n<li>Dimenzije avtosede\u017ea: 65,7 &#8211; 69,6 x 44,5 x 58,4 cm<\/li>\n<li>Te\u017ea avtosede\u017ea: 4,68\u00a0kg<\/li>\n<\/ul>\n<p><strong>Baza in sede\u017e:<\/strong><\/p>\n<ul>\n<li>Hitra in enostavna nemestitev avtosede\u017ea s 3 to\u010dkovnim avtomobilskim pasom ali z Isofix sistemom na bazo Joie\u00ae i-Base\u2122 LX ali Isofix bazo i-Base\u2122 Encore Signature (poljubna baza na voljo lo\u010deno) \/ Baza s podporno nogo zagotovlja ve\u010djo varnost v primerjavi z bazami brez oporne noge za dodatno stabilnost \/ Baza zaradi oporne noge za stabilizacijo zmanj\u0161uje mo\u017enost za prekotalitev naprej za kar 90% \/\u00a0Cona v oporni nogi za dodatno stabilnost absorbira silo in zmanj\u0161a energijo na otroka \/\u00a0Barvni indikatorji na Isofix bazi potrjujejo pravilno namestitev lupinice in zmanj\u0161ujejo mo\u017enost nepravilne uporabe<\/li>\n<li>Skupaj z\u00a0Isofix bazo i-Base\u2122 Encore Signature je del Encore Spinning System-a<\/li>\n<li>Pravilno namestitev na avtomobilsko klop s pomo\u010djo varnostnega pasu narekujejo zelena vodila<\/li>\n<li>Ergonomi\u010den ro\u010daj za enostavno prena\u0161anje<\/li>\n<li>Zanesljivo in vzdr\u017eljivo ogrodje avtosede\u017ea<\/li>\n<li>Za\u0161\u010ditna zra\u010dna strehica z UV za\u0161\u010dito UPF 50+ \u0161\u010diti pred mo\u010dnim soncem z mo\u017enjostjo podalj\u0161anja<\/li>\n<li>Grow Together\u2122 sistem omogo\u010da, da se vi\u0161ina vzglavnika avtomatsko prilagodi vi\u0161ini otroka (10 razli\u010dnih pozicij)<\/li>\n<li>Nastavljiv naslon za glavo\u00a0omogo\u010da, da se sede\u017e prilagodi otrokovi vi\u0161ini<\/li>\n<li>Tri-Protect\u2122 zagotavlja trojno za\u0161\u010dito na predelu glave<\/li>\n<li>Dodatno varnost v primeru bo\u010dnega trka\u00a0zagotavlja patentirano polnilo iz spominske pene Intelli-Fit\u2122, ki je vgrajeno v stranska dela lupinice<\/li>\n<li>Udobna oporna blazina za dodatno podporo glave in telesa<\/li>\n<li>Maksimalen naklon 157\u00b0<\/li>\n<li>Le\u017ee\u010d naklon naslonjala omogo\u010da zdrav razvoj hrbtenice in pravilno dihanje<\/li>\n<li>3-to\u010dkovni varnostni pas z mehkim oblazinjenjem na podro\u010dju ramen in spodnjega zati\u010da<\/li>\n<li>Prefinjena tekstura in izbrane tkanine<\/li>\n<li>Detajli iz umetnega usnja v prefinjeni konjak barvi<\/li>\n<li>Zra\u010dni materiali izbolj\u0161ujejo pretok zraka<\/li>\n<li>Udobno oblazinjenje in prijetne tkanine za \u0161e ve\u010dje udobje otroka v sede\u017eu<\/li>\n<li>Prevleka se lahko opre v pralnem stroju<\/li>\n<\/ul>\n<p><strong>Testi in certifikati:<\/strong><\/p>\n<ul>\n<li>Avtosede\u017e Joie\u00ae i-Level\u2122 Recline Signature izpolnjuje i-Size standard ECE R129\/03<\/li>\n<li>Avtosede\u017e Joie\u00ae i-Level\u2122 Recline Signature je s TUV certifikatom primeren tudi za uporabo na letalu<\/li>\n<\/ul>\n<h3>Varnostno obvestilo:<\/h3>\n<ul>\n<li>Avtosede\u017e namestite v obratni smeri vo\u017enje<\/li>\n<li>Nikoli ne name\u0161\u010dajte avtosede\u017ea na sede\u017e z aktivno zra\u010dno blazino<\/li>\n<\/ul>\n<\/div>\n<p>[\/vc_column_text][\/vc_column][\/vc_row]<\/p>\n","protected":false},"excerpt":{"rendered":"<p style=\"text-align: justify\">Avtosede\u017e Joie\u00ae i-Level\u2122 Pro Recline z vrtljivo Isofix bazo Joie\u00ae i-Base\u2122 Encore zagotavlja varno in udobno vo\u017enjo novorojen\u010dka in dojen\u010dka. Le\u017ee\u010d, do 157\u00b0 naklon naslonjala omogo\u010da zdrav razvoj hrbtenice in pravilno dihanje. Otro\u0161ki avtosede\u017e Joie\u00ae i-Level\u2122 Recline Signature je s TUV certifikatom primeren tudi za uporabo na letalu.<\/p>\n","protected":false},"featured_media":78889,"template":"","meta":[],"pwb-brand":[2351,2353],"product_brand":[],"product_cat":[2339,2346,2340],"product_tag":[4073,4193,5335,4197,4208],"class_list":{"0":"post-78888","1":"product","2":"type-product","3":"status-publish","4":"has-post-thumbnail","6":"pwb-brand-avtosedezi","7":"pwb-brand-joie","8":"product_cat-avtosedezi","9":"product_cat-i-size-40-85-cm","10":"product_cat-skupina-0-0-13-kg","11":"product_tag-joie","12":"product_tag-joie-avtosedezi","13":"product_tag-joie-encore-system","14":"product_tag-joie-i-level","15":"product_tag-joie-signature-collection","17":"first","18":"onbackorder","19":"taxable","20":"shipping-taxable","21":"purchasable","22":"product-type-variable","23":"add-to-wishlist-before_image"},"yoast_head":"<!-- This site is optimized with the Yoast SEO plugin v27.3 - https:\/\/yoast.com\/product\/yoast-seo-wordpress\/ -->\n<title>Joie\u00ae i-Level\u2122 Pro Recline otro\u0161ki avtosede\u017e i-Size 0+ (40-85cm) + iSoFix baza i-Base\u2122 Encore | Ajatutaja<\/title>\n<meta name=\"description\" content=\"Joie\u00ae i-Level\u2122 Pro Recline\u00a0je avtosede\u017e - lupinica za novorojen\u010dka in dojen\u010dka, ki poskrbi izjemno varno in zelo udobno vo\u017enjo va\u0161ega mal\u010dka. Le\u017ee\u010d naklon naslonjala do 157\u00ba\" \/>\n<meta name=\"robots\" content=\"index, follow, max-snippet:-1, max-image-preview:large, max-video-preview:-1\" \/>\n<link rel=\"canonical\" href=\"https:\/\/ajatutaja.com\/izdelek\/joie-i-level-pro-recline-otroski-avtosedez-in-baza-i-base-encore\/\" \/>\n<meta property=\"og:locale\" content=\"hr_HR\" \/>\n<meta property=\"og:type\" content=\"article\" \/>\n<meta property=\"og:title\" content=\"Joie\u00ae i-Level\u2122 Pro Recline otro\u0161ki avtosede\u017e i-Size 0+ (40-85cm) + iSoFix baza i-Base\u2122 Encore | Ajatutaja\" \/>\n<meta property=\"og:description\" content=\"Joie\u00ae i-Level\u2122 Pro Recline\u00a0je avtosede\u017e - lupinica za novorojen\u010dka in dojen\u010dka, ki poskrbi izjemno varno in zelo udobno vo\u017enjo va\u0161ega mal\u010dka. Le\u017ee\u010d naklon naslonjala do 157\u00ba\" \/>\n<meta property=\"og:url\" content=\"https:\/\/ajatutaja.com\/izdelek\/joie-i-level-pro-recline-otroski-avtosedez-in-baza-i-base-encore\/\" \/>\n<meta property=\"og:site_name\" content=\"Ajatutaja\" \/>\n<meta property=\"article:modified_time\" content=\"2025-08-31T20:50:29+00:00\" \/>\n<meta property=\"og:image\" content=\"https:\/\/ajatutaja.com\/wp-content\/uploads\/2025\/08\/joie-i-level-pro-signature-car-seat-with-i-base-encore.jpg\" \/>\n\t<meta property=\"og:image:width\" content=\"1280\" \/>\n\t<meta property=\"og:image:height\" content=\"1280\" \/>\n\t<meta property=\"og:image:type\" content=\"image\/jpeg\" \/>\n<meta name=\"twitter:card\" content=\"summary_large_image\" \/>\n<meta name=\"twitter:label1\" content=\"Procijenjeno vrijeme \u010ditanja\" \/>\n\t<meta name=\"twitter:data1\" content=\"3 minute\" \/>\n<script type=\"application\/ld+json\" class=\"yoast-schema-graph\">{\"@context\":\"https:\\\/\\\/schema.org\",\"@graph\":[{\"@type\":\"WebPage\",\"@id\":\"https:\\\/\\\/ajatutaja.com\\\/izdelek\\\/joie-i-level-pro-recline-otroski-avtosedez-in-baza-i-base-encore\\\/\",\"url\":\"https:\\\/\\\/ajatutaja.com\\\/izdelek\\\/joie-i-level-pro-recline-otroski-avtosedez-in-baza-i-base-encore\\\/\",\"name\":\"Joie\u00ae i-Level\u2122 Pro Recline otro\u0161ki avtosede\u017e i-Size 0+ (40-85cm) + iSoFix baza i-Base\u2122 Encore | Ajatutaja\",\"isPartOf\":{\"@id\":\"https:\\\/\\\/ajatutaja.com\\\/#website\"},\"primaryImageOfPage\":{\"@id\":\"https:\\\/\\\/ajatutaja.com\\\/izdelek\\\/joie-i-level-pro-recline-otroski-avtosedez-in-baza-i-base-encore\\\/#primaryimage\"},\"image\":{\"@id\":\"https:\\\/\\\/ajatutaja.com\\\/izdelek\\\/joie-i-level-pro-recline-otroski-avtosedez-in-baza-i-base-encore\\\/#primaryimage\"},\"thumbnailUrl\":\"https:\\\/\\\/ajatutaja.com\\\/wp-content\\\/uploads\\\/2025\\\/08\\\/joie-i-level-pro-signature-car-seat-with-i-base-encore.jpg\",\"datePublished\":\"2025-08-02T18:22:16+00:00\",\"dateModified\":\"2025-08-31T20:50:29+00:00\",\"description\":\"Joie\u00ae i-Level\u2122 Pro Recline\u00a0je avtosede\u017e - lupinica za novorojen\u010dka in dojen\u010dka, ki poskrbi izjemno varno in zelo udobno vo\u017enjo va\u0161ega mal\u010dka. Le\u017ee\u010d naklon naslonjala do 157\u00ba\",\"breadcrumb\":{\"@id\":\"https:\\\/\\\/ajatutaja.com\\\/izdelek\\\/joie-i-level-pro-recline-otroski-avtosedez-in-baza-i-base-encore\\\/#breadcrumb\"},\"inLanguage\":\"hr\",\"potentialAction\":[{\"@type\":\"ReadAction\",\"target\":[\"https:\\\/\\\/ajatutaja.com\\\/izdelek\\\/joie-i-level-pro-recline-otroski-avtosedez-in-baza-i-base-encore\\\/\"]}]},{\"@type\":\"ImageObject\",\"inLanguage\":\"hr\",\"@id\":\"https:\\\/\\\/ajatutaja.com\\\/izdelek\\\/joie-i-level-pro-recline-otroski-avtosedez-in-baza-i-base-encore\\\/#primaryimage\",\"url\":\"https:\\\/\\\/ajatutaja.com\\\/wp-content\\\/uploads\\\/2025\\\/08\\\/joie-i-level-pro-signature-car-seat-with-i-base-encore.jpg\",\"contentUrl\":\"https:\\\/\\\/ajatutaja.com\\\/wp-content\\\/uploads\\\/2025\\\/08\\\/joie-i-level-pro-signature-car-seat-with-i-base-encore.jpg\",\"width\":1280,\"height\":1280},{\"@type\":\"BreadcrumbList\",\"@id\":\"https:\\\/\\\/ajatutaja.com\\\/izdelek\\\/joie-i-level-pro-recline-otroski-avtosedez-in-baza-i-base-encore\\\/#breadcrumb\",\"itemListElement\":[{\"@type\":\"ListItem\",\"position\":1,\"name\":\"Home\",\"item\":\"https:\\\/\\\/ajatutaja.com\\\/hr\\\/\"},{\"@type\":\"ListItem\",\"position\":2,\"name\":\"Trgovina\",\"item\":\"https:\\\/\\\/ajatutaja.com\\\/hr\\\/trgovina\\\/\"},{\"@type\":\"ListItem\",\"position\":3,\"name\":\"Joie\u00ae i-Level\u2122 Pro Recline otro\u0161ki avtosede\u017e i-Size 0+ (40-85cm) + iSoFix baza i-Base\u2122 Encore\"}]},{\"@type\":\"WebSite\",\"@id\":\"https:\\\/\\\/ajatutaja.com\\\/#website\",\"url\":\"https:\\\/\\\/ajatutaja.com\\\/\",\"name\":\"Ajatutaja\",\"description\":\"Otro\u0161ka spletna trgovina AJATUTAJA\",\"publisher\":{\"@id\":\"https:\\\/\\\/ajatutaja.com\\\/#organization\"},\"potentialAction\":[{\"@type\":\"SearchAction\",\"target\":{\"@type\":\"EntryPoint\",\"urlTemplate\":\"https:\\\/\\\/ajatutaja.com\\\/?s={search_term_string}\"},\"query-input\":{\"@type\":\"PropertyValueSpecification\",\"valueRequired\":true,\"valueName\":\"search_term_string\"}}],\"inLanguage\":\"hr\"},{\"@type\":\"Organization\",\"@id\":\"https:\\\/\\\/ajatutaja.com\\\/#organization\",\"name\":\"Ajatutaja\",\"url\":\"https:\\\/\\\/ajatutaja.com\\\/\",\"logo\":{\"@type\":\"ImageObject\",\"inLanguage\":\"hr\",\"@id\":\"https:\\\/\\\/ajatutaja.com\\\/#\\\/schema\\\/logo\\\/image\\\/\",\"url\":\"https:\\\/\\\/ajatutaja.com\\\/wp-content\\\/uploads\\\/2021\\\/10\\\/logo.png\",\"contentUrl\":\"https:\\\/\\\/ajatutaja.com\\\/wp-content\\\/uploads\\\/2021\\\/10\\\/logo.png\",\"width\":555,\"height\":150,\"caption\":\"Ajatutaja\"},\"image\":{\"@id\":\"https:\\\/\\\/ajatutaja.com\\\/#\\\/schema\\\/logo\\\/image\\\/\"}}]}<\/script>\n<!-- \/ Yoast SEO plugin. -->","yoast_head_json":{"title":"Joie\u00ae i-Level\u2122 Pro Recline otro\u0161ki avtosede\u017e i-Size 0+ (40-85cm) + iSoFix baza i-Base\u2122 Encore | Ajatutaja","description":"Joie\u00ae i-Level\u2122 Pro Recline\u00a0je avtosede\u017e - lupinica za novorojen\u010dka in dojen\u010dka, ki poskrbi izjemno varno in zelo udobno vo\u017enjo va\u0161ega mal\u010dka. Le\u017ee\u010d naklon naslonjala do 157\u00ba","robots":{"index":"index","follow":"follow","max-snippet":"max-snippet:-1","max-image-preview":"max-image-preview:large","max-video-preview":"max-video-preview:-1"},"canonical":"https:\/\/ajatutaja.com\/izdelek\/joie-i-level-pro-recline-otroski-avtosedez-in-baza-i-base-encore\/","og_locale":"hr_HR","og_type":"article","og_title":"Joie\u00ae i-Level\u2122 Pro Recline otro\u0161ki avtosede\u017e i-Size 0+ (40-85cm) + iSoFix baza i-Base\u2122 Encore | Ajatutaja","og_description":"Joie\u00ae i-Level\u2122 Pro Recline\u00a0je avtosede\u017e - lupinica za novorojen\u010dka in dojen\u010dka, ki poskrbi izjemno varno in zelo udobno vo\u017enjo va\u0161ega mal\u010dka. Le\u017ee\u010d naklon naslonjala do 157\u00ba","og_url":"https:\/\/ajatutaja.com\/izdelek\/joie-i-level-pro-recline-otroski-avtosedez-in-baza-i-base-encore\/","og_site_name":"Ajatutaja","article_modified_time":"2025-08-31T20:50:29+00:00","og_image":[{"width":1280,"height":1280,"url":"https:\/\/ajatutaja.com\/wp-content\/uploads\/2025\/08\/joie-i-level-pro-signature-car-seat-with-i-base-encore.jpg","type":"image\/jpeg"}],"twitter_card":"summary_large_image","twitter_misc":{"Procijenjeno vrijeme \u010ditanja":"3 minute"},"schema":{"@context":"https:\/\/schema.org","@graph":[{"@type":"WebPage","@id":"https:\/\/ajatutaja.com\/izdelek\/joie-i-level-pro-recline-otroski-avtosedez-in-baza-i-base-encore\/","url":"https:\/\/ajatutaja.com\/izdelek\/joie-i-level-pro-recline-otroski-avtosedez-in-baza-i-base-encore\/","name":"Joie\u00ae i-Level\u2122 Pro Recline otro\u0161ki avtosede\u017e i-Size 0+ (40-85cm) + iSoFix baza i-Base\u2122 Encore | Ajatutaja","isPartOf":{"@id":"https:\/\/ajatutaja.com\/#website"},"primaryImageOfPage":{"@id":"https:\/\/ajatutaja.com\/izdelek\/joie-i-level-pro-recline-otroski-avtosedez-in-baza-i-base-encore\/#primaryimage"},"image":{"@id":"https:\/\/ajatutaja.com\/izdelek\/joie-i-level-pro-recline-otroski-avtosedez-in-baza-i-base-encore\/#primaryimage"},"thumbnailUrl":"https:\/\/ajatutaja.com\/wp-content\/uploads\/2025\/08\/joie-i-level-pro-signature-car-seat-with-i-base-encore.jpg","datePublished":"2025-08-02T18:22:16+00:00","dateModified":"2025-08-31T20:50:29+00:00","description":"Joie\u00ae i-Level\u2122 Pro Recline\u00a0je avtosede\u017e - lupinica za novorojen\u010dka in dojen\u010dka, ki poskrbi izjemno varno in zelo udobno vo\u017enjo va\u0161ega mal\u010dka. Le\u017ee\u010d naklon naslonjala do 157\u00ba","breadcrumb":{"@id":"https:\/\/ajatutaja.com\/izdelek\/joie-i-level-pro-recline-otroski-avtosedez-in-baza-i-base-encore\/#breadcrumb"},"inLanguage":"hr","potentialAction":[{"@type":"ReadAction","target":["https:\/\/ajatutaja.com\/izdelek\/joie-i-level-pro-recline-otroski-avtosedez-in-baza-i-base-encore\/"]}]},{"@type":"ImageObject","inLanguage":"hr","@id":"https:\/\/ajatutaja.com\/izdelek\/joie-i-level-pro-recline-otroski-avtosedez-in-baza-i-base-encore\/#primaryimage","url":"https:\/\/ajatutaja.com\/wp-content\/uploads\/2025\/08\/joie-i-level-pro-signature-car-seat-with-i-base-encore.jpg","contentUrl":"https:\/\/ajatutaja.com\/wp-content\/uploads\/2025\/08\/joie-i-level-pro-signature-car-seat-with-i-base-encore.jpg","width":1280,"height":1280},{"@type":"BreadcrumbList","@id":"https:\/\/ajatutaja.com\/izdelek\/joie-i-level-pro-recline-otroski-avtosedez-in-baza-i-base-encore\/#breadcrumb","itemListElement":[{"@type":"ListItem","position":1,"name":"Home","item":"https:\/\/ajatutaja.com\/hr\/"},{"@type":"ListItem","position":2,"name":"Trgovina","item":"https:\/\/ajatutaja.com\/hr\/trgovina\/"},{"@type":"ListItem","position":3,"name":"Joie\u00ae i-Level\u2122 Pro Recline otro\u0161ki avtosede\u017e i-Size 0+ (40-85cm) + iSoFix baza i-Base\u2122 Encore"}]},{"@type":"WebSite","@id":"https:\/\/ajatutaja.com\/#website","url":"https:\/\/ajatutaja.com\/","name":"Ajatutaja","description":"Otro\u0161ka spletna trgovina AJATUTAJA","publisher":{"@id":"https:\/\/ajatutaja.com\/#organization"},"potentialAction":[{"@type":"SearchAction","target":{"@type":"EntryPoint","urlTemplate":"https:\/\/ajatutaja.com\/?s={search_term_string}"},"query-input":{"@type":"PropertyValueSpecification","valueRequired":true,"valueName":"search_term_string"}}],"inLanguage":"hr"},{"@type":"Organization","@id":"https:\/\/ajatutaja.com\/#organization","name":"Ajatutaja","url":"https:\/\/ajatutaja.com\/","logo":{"@type":"ImageObject","inLanguage":"hr","@id":"https:\/\/ajatutaja.com\/#\/schema\/logo\/image\/","url":"https:\/\/ajatutaja.com\/wp-content\/uploads\/2021\/10\/logo.png","contentUrl":"https:\/\/ajatutaja.com\/wp-content\/uploads\/2021\/10\/logo.png","width":555,"height":150,"caption":"Ajatutaja"},"image":{"@id":"https:\/\/ajatutaja.com\/#\/schema\/logo\/image\/"}}]}},"brands":[{"id":2351,"name":"Avtosede\u017ei","slug":"avtosedezi"},{"id":2353,"name":"Joie","slug":"joie"}],"_links":{"self":[{"href":"https:\/\/ajatutaja.com\/hr\/wp-json\/wp\/v2\/product\/78888","targetHints":{"allow":["GET"]}}],"collection":[{"href":"https:\/\/ajatutaja.com\/hr\/wp-json\/wp\/v2\/product"}],"about":[{"href":"https:\/\/ajatutaja.com\/hr\/wp-json\/wp\/v2\/types\/product"}],"wp:featuredmedia":[{"embeddable":true,"href":"https:\/\/ajatutaja.com\/hr\/wp-json\/wp\/v2\/media\/78889"}],"wp:attachment":[{"href":"https:\/\/ajatutaja.com\/hr\/wp-json\/wp\/v2\/media?parent=78888"}],"wp:term":[{"taxonomy":"pwb-brand","embeddable":true,"href":"https:\/\/ajatutaja.com\/hr\/wp-json\/wp\/v2\/pwb-brand?post=78888"},{"taxonomy":"product_brand","embeddable":true,"href":"https:\/\/ajatutaja.com\/hr\/wp-json\/wp\/v2\/product_brand?post=78888"},{"taxonomy":"product_cat","embeddable":true,"href":"https:\/\/ajatutaja.com\/hr\/wp-json\/wp\/v2\/product_cat?post=78888"},{"taxonomy":"product_tag","embeddable":true,"href":"https:\/\/ajatutaja.com\/hr\/wp-json\/wp\/v2\/product_tag?post=78888"}],"curies":[{"name":"wp","href":"https:\/\/api.w.org\/{rel}","templated":true}]}}