{"id":78835,"date":"2025-08-01T16:15:42","date_gmt":"2025-08-01T14:15:42","guid":{"rendered":"https:\/\/ajatutaja.com\/?post_type=product&#038;p=78835"},"modified":"2026-03-12T14:43:53","modified_gmt":"2026-03-12T13:43:53","slug":"sentipure-filter-vrecke-za-nevtralizacijo-vonjav-plenick-90dni","status":"publish","type":"product","link":"https:\/\/ajatutaja.com\/hr\/proizvod\/sentipure-filter-vrecke-za-nevtralizacijo-vonjav-plenick-90dni\/","title":{"rendered":"Sentipure\u00ae filter vre\u010dke za nevtralizacijo vonjav pleni\u010dk (90dni)"},"content":{"rendered":"<p>[vc_row][vc_column][vc_column_text]Filter vre\u010dke Sentipure\u00ae so izjemno u\u010dinkovite za nevtralizacijo neprijetne vonjave smrdljivih odtro\u0161kih plenic in so posebej zasnovane za nevtralizacijo neprijetnih vonjav v in okoli ko\u0161a za plenice. Zahvaljujo\u010d inovativni tehnologiji u\u010dinkovito zmanj\u0161uje neprijetne vonjave in do 80 % nevarnih amonijakovih plinov, s \u010dimer ohranja sve\u017e in prijeten zrak v va\u0161em domu. Z enostavno namestitvijo, univerzalno prilagodljivostjo in dolgotrajnim delovanjem do 30 dni v otro\u0161kih sobah ponuja prakti\u010dno re\u0161itev za dom brez neprijetnih vonjav.<\/p>\n<h3>Lastnosti Sentipure\u00ae :<\/h3>\n<p>\u2022 Odstranjevalec vonjav: Idealno za absorpcijo neprijetnih vonjav v in okoli ko\u0161a za pleni\u010dke. Izjemno u\u010dinkovit filter je posebej zasnovan za nevtralizacijo neprijetnih vonjav iz plenic in smeti.<br \/>\n\u2022 Pre\u010di\u0161\u010devanje zraka: Do 80 % nevarnih amonijakovih plinov in neprijetnih vonjav je absorbiranih in zadr\u017eanih. Filter ponuja funkcijo pre\u010di\u0161\u010devanja zraka, ki pomaga ohranjati zdravje va\u0161ega otroka.<br \/>\n\u2022 Kompatibilen s standardnimi ko\u0161i za plenice: Enostavna pritrditev na ko\u0161 zahvaljujo\u010d prilo\u017eeni lepilni to\u010dki. Enostavna namestitev deluje brezhibno s ko\u0161i za plenice proizvajalcev kot so Ubbi\u00ae, Magic ali Sangenic.<br \/>\n\u2022 Brez vonjav: Filtri za vonjave Sentipure\u00ae ne vsebujejo di\u0161av in si prizadevajo naravno odpravljati ne\u017eelene vonjave. Ponujajo u\u010dinkovito re\u0161itev za izbolj\u0161anje kakovosti zraka in zagotavljanje sve\u017eega in prijetnega notranjega okolja.<br \/>\n\u2022 90-dnevna nevtralizacija vonjav: Dolgotrajna nevtralizacija vonjav za 1 mesec v domovih z dojen\u010dki. Z u\u010dinkovitostjo, ki traja do 30 dni, \u010distilec zraka ko\u0161ev za pleni\u010dke Sentipure\u00ae ponuja trajno odstranjevanje vonjav.[\/vc_column_text][\/vc_column][\/vc_row]<\/p>\n","protected":false},"excerpt":{"rendered":"<p>Sentipure\u00ae je izjemno u\u010dinkovit filter za nevtralizacijo neprijetnih vonjav in smradu. Posebej zasnovan za nevtralizacijo neprijetnih vonjav v in okoli ko\u0161a za pleni\u010dke.<\/p>\n","protected":false},"featured_media":78836,"template":"","meta":[],"pwb-brand":[2658,5798],"product_brand":[],"product_cat":[2652,2608],"product_tag":[5799],"class_list":{"0":"post-78835","1":"product","2":"type-product","3":"status-publish","4":"has-post-thumbnail","6":"pwb-brand-nega-in-kopanje","7":"pwb-brand-sentipure","8":"product_cat-kosi-za-plenice","9":"product_cat-nega-in-kopanje","10":"product_tag-sentipure","12":"first","13":"instock","14":"taxable","15":"shipping-taxable","16":"purchasable","17":"product-type-simple","18":"add-to-wishlist-before_image"},"yoast_head":"<!-- This site is optimized with the Yoast SEO plugin v27.3 - https:\/\/yoast.com\/product\/yoast-seo-wordpress\/ -->\n<title>Sentipure\u00ae filter vre\u010dke za nevtralizacijo vonjav pleni\u010dk (90dni) | Ajatutaja<\/title>\n<meta name=\"description\" content=\"Filter vre\u010dke Sentipure\u00ae so izjemno u\u010dinkovite za nevtralizacijo neprijetne vonjave smrdljivih odtro\u0161kih plenic in so posebej zasnovane za nevtralizacijo neprijetnih vonjav v in okoli ko\u0161a za plenice\" \/>\n<meta name=\"robots\" content=\"index, follow, max-snippet:-1, max-image-preview:large, max-video-preview:-1\" \/>\n<link rel=\"canonical\" href=\"https:\/\/ajatutaja.com\/izdelek\/sentipure-filter-vrecke-za-nevtralizacijo-vonjav-plenick-90dni\/\" \/>\n<meta property=\"og:locale\" content=\"hr_HR\" \/>\n<meta property=\"og:type\" content=\"article\" \/>\n<meta property=\"og:title\" content=\"Sentipure\u00ae filter vre\u010dke za nevtralizacijo vonjav pleni\u010dk (90dni) | Ajatutaja\" \/>\n<meta property=\"og:description\" content=\"Filter vre\u010dke Sentipure\u00ae so izjemno u\u010dinkovite za nevtralizacijo neprijetne vonjave smrdljivih odtro\u0161kih plenic in so posebej zasnovane za nevtralizacijo neprijetnih vonjav v in okoli ko\u0161a za plenice\" \/>\n<meta property=\"og:url\" content=\"https:\/\/ajatutaja.com\/izdelek\/sentipure-filter-vrecke-za-nevtralizacijo-vonjav-plenick-90dni\/\" \/>\n<meta property=\"og:site_name\" content=\"Ajatutaja\" \/>\n<meta property=\"article:modified_time\" content=\"2026-03-12T13:43:53+00:00\" \/>\n<meta property=\"og:image\" content=\"https:\/\/ajatutaja.com\/wp-content\/uploads\/2025\/08\/sentipure-filter-vrecke-za-vonjave-plenice.jpg\" \/>\n\t<meta property=\"og:image:width\" content=\"1000\" \/>\n\t<meta property=\"og:image:height\" content=\"1000\" \/>\n\t<meta property=\"og:image:type\" content=\"image\/jpeg\" \/>\n<meta name=\"twitter:card\" content=\"summary_large_image\" \/>\n<meta name=\"twitter:label1\" content=\"Procijenjeno vrijeme \u010ditanja\" \/>\n\t<meta name=\"twitter:data1\" content=\"1 minuta\" \/>\n<script type=\"application\/ld+json\" class=\"yoast-schema-graph\">{\"@context\":\"https:\\\/\\\/schema.org\",\"@graph\":[{\"@type\":\"WebPage\",\"@id\":\"https:\\\/\\\/ajatutaja.com\\\/izdelek\\\/sentipure-filter-vrecke-za-nevtralizacijo-vonjav-plenick-90dni\\\/\",\"url\":\"https:\\\/\\\/ajatutaja.com\\\/izdelek\\\/sentipure-filter-vrecke-za-nevtralizacijo-vonjav-plenick-90dni\\\/\",\"name\":\"Sentipure\u00ae filter vre\u010dke za nevtralizacijo vonjav pleni\u010dk (90dni) | Ajatutaja\",\"isPartOf\":{\"@id\":\"https:\\\/\\\/ajatutaja.com\\\/#website\"},\"primaryImageOfPage\":{\"@id\":\"https:\\\/\\\/ajatutaja.com\\\/izdelek\\\/sentipure-filter-vrecke-za-nevtralizacijo-vonjav-plenick-90dni\\\/#primaryimage\"},\"image\":{\"@id\":\"https:\\\/\\\/ajatutaja.com\\\/izdelek\\\/sentipure-filter-vrecke-za-nevtralizacijo-vonjav-plenick-90dni\\\/#primaryimage\"},\"thumbnailUrl\":\"https:\\\/\\\/ajatutaja.com\\\/wp-content\\\/uploads\\\/2025\\\/08\\\/sentipure-filter-vrecke-za-vonjave-plenice.jpg\",\"datePublished\":\"2025-08-01T14:15:42+00:00\",\"dateModified\":\"2026-03-12T13:43:53+00:00\",\"description\":\"Filter vre\u010dke Sentipure\u00ae so izjemno u\u010dinkovite za nevtralizacijo neprijetne vonjave smrdljivih odtro\u0161kih plenic in so posebej zasnovane za nevtralizacijo neprijetnih vonjav v in okoli ko\u0161a za plenice\",\"breadcrumb\":{\"@id\":\"https:\\\/\\\/ajatutaja.com\\\/izdelek\\\/sentipure-filter-vrecke-za-nevtralizacijo-vonjav-plenick-90dni\\\/#breadcrumb\"},\"inLanguage\":\"hr\",\"potentialAction\":[{\"@type\":\"ReadAction\",\"target\":[\"https:\\\/\\\/ajatutaja.com\\\/izdelek\\\/sentipure-filter-vrecke-za-nevtralizacijo-vonjav-plenick-90dni\\\/\"]}]},{\"@type\":\"ImageObject\",\"inLanguage\":\"hr\",\"@id\":\"https:\\\/\\\/ajatutaja.com\\\/izdelek\\\/sentipure-filter-vrecke-za-nevtralizacijo-vonjav-plenick-90dni\\\/#primaryimage\",\"url\":\"https:\\\/\\\/ajatutaja.com\\\/wp-content\\\/uploads\\\/2025\\\/08\\\/sentipure-filter-vrecke-za-vonjave-plenice.jpg\",\"contentUrl\":\"https:\\\/\\\/ajatutaja.com\\\/wp-content\\\/uploads\\\/2025\\\/08\\\/sentipure-filter-vrecke-za-vonjave-plenice.jpg\",\"width\":1000,\"height\":1000},{\"@type\":\"BreadcrumbList\",\"@id\":\"https:\\\/\\\/ajatutaja.com\\\/izdelek\\\/sentipure-filter-vrecke-za-nevtralizacijo-vonjav-plenick-90dni\\\/#breadcrumb\",\"itemListElement\":[{\"@type\":\"ListItem\",\"position\":1,\"name\":\"Home\",\"item\":\"https:\\\/\\\/ajatutaja.com\\\/hr\\\/\"},{\"@type\":\"ListItem\",\"position\":2,\"name\":\"Trgovina\",\"item\":\"https:\\\/\\\/ajatutaja.com\\\/hr\\\/trgovina\\\/\"},{\"@type\":\"ListItem\",\"position\":3,\"name\":\"Sentipure\u00ae filter vre\u010dke za nevtralizacijo vonjav pleni\u010dk (90dni)\"}]},{\"@type\":\"WebSite\",\"@id\":\"https:\\\/\\\/ajatutaja.com\\\/#website\",\"url\":\"https:\\\/\\\/ajatutaja.com\\\/\",\"name\":\"Ajatutaja\",\"description\":\"Otro\u0161ka spletna trgovina AJATUTAJA\",\"publisher\":{\"@id\":\"https:\\\/\\\/ajatutaja.com\\\/#organization\"},\"potentialAction\":[{\"@type\":\"SearchAction\",\"target\":{\"@type\":\"EntryPoint\",\"urlTemplate\":\"https:\\\/\\\/ajatutaja.com\\\/?s={search_term_string}\"},\"query-input\":{\"@type\":\"PropertyValueSpecification\",\"valueRequired\":true,\"valueName\":\"search_term_string\"}}],\"inLanguage\":\"hr\"},{\"@type\":\"Organization\",\"@id\":\"https:\\\/\\\/ajatutaja.com\\\/#organization\",\"name\":\"Ajatutaja\",\"url\":\"https:\\\/\\\/ajatutaja.com\\\/\",\"logo\":{\"@type\":\"ImageObject\",\"inLanguage\":\"hr\",\"@id\":\"https:\\\/\\\/ajatutaja.com\\\/#\\\/schema\\\/logo\\\/image\\\/\",\"url\":\"https:\\\/\\\/ajatutaja.com\\\/wp-content\\\/uploads\\\/2021\\\/10\\\/logo.png\",\"contentUrl\":\"https:\\\/\\\/ajatutaja.com\\\/wp-content\\\/uploads\\\/2021\\\/10\\\/logo.png\",\"width\":555,\"height\":150,\"caption\":\"Ajatutaja\"},\"image\":{\"@id\":\"https:\\\/\\\/ajatutaja.com\\\/#\\\/schema\\\/logo\\\/image\\\/\"}}]}<\/script>\n<!-- \/ Yoast SEO plugin. -->","yoast_head_json":{"title":"Sentipure\u00ae filter vre\u010dke za nevtralizacijo vonjav pleni\u010dk (90dni) | Ajatutaja","description":"Filter vre\u010dke Sentipure\u00ae so izjemno u\u010dinkovite za nevtralizacijo neprijetne vonjave smrdljivih odtro\u0161kih plenic in so posebej zasnovane za nevtralizacijo neprijetnih vonjav v in okoli ko\u0161a za plenice","robots":{"index":"index","follow":"follow","max-snippet":"max-snippet:-1","max-image-preview":"max-image-preview:large","max-video-preview":"max-video-preview:-1"},"canonical":"https:\/\/ajatutaja.com\/izdelek\/sentipure-filter-vrecke-za-nevtralizacijo-vonjav-plenick-90dni\/","og_locale":"hr_HR","og_type":"article","og_title":"Sentipure\u00ae filter vre\u010dke za nevtralizacijo vonjav pleni\u010dk (90dni) | Ajatutaja","og_description":"Filter vre\u010dke Sentipure\u00ae so izjemno u\u010dinkovite za nevtralizacijo neprijetne vonjave smrdljivih odtro\u0161kih plenic in so posebej zasnovane za nevtralizacijo neprijetnih vonjav v in okoli ko\u0161a za plenice","og_url":"https:\/\/ajatutaja.com\/izdelek\/sentipure-filter-vrecke-za-nevtralizacijo-vonjav-plenick-90dni\/","og_site_name":"Ajatutaja","article_modified_time":"2026-03-12T13:43:53+00:00","og_image":[{"width":1000,"height":1000,"url":"https:\/\/ajatutaja.com\/wp-content\/uploads\/2025\/08\/sentipure-filter-vrecke-za-vonjave-plenice.jpg","type":"image\/jpeg"}],"twitter_card":"summary_large_image","twitter_misc":{"Procijenjeno vrijeme \u010ditanja":"1 minuta"},"schema":{"@context":"https:\/\/schema.org","@graph":[{"@type":"WebPage","@id":"https:\/\/ajatutaja.com\/izdelek\/sentipure-filter-vrecke-za-nevtralizacijo-vonjav-plenick-90dni\/","url":"https:\/\/ajatutaja.com\/izdelek\/sentipure-filter-vrecke-za-nevtralizacijo-vonjav-plenick-90dni\/","name":"Sentipure\u00ae filter vre\u010dke za nevtralizacijo vonjav pleni\u010dk (90dni) | Ajatutaja","isPartOf":{"@id":"https:\/\/ajatutaja.com\/#website"},"primaryImageOfPage":{"@id":"https:\/\/ajatutaja.com\/izdelek\/sentipure-filter-vrecke-za-nevtralizacijo-vonjav-plenick-90dni\/#primaryimage"},"image":{"@id":"https:\/\/ajatutaja.com\/izdelek\/sentipure-filter-vrecke-za-nevtralizacijo-vonjav-plenick-90dni\/#primaryimage"},"thumbnailUrl":"https:\/\/ajatutaja.com\/wp-content\/uploads\/2025\/08\/sentipure-filter-vrecke-za-vonjave-plenice.jpg","datePublished":"2025-08-01T14:15:42+00:00","dateModified":"2026-03-12T13:43:53+00:00","description":"Filter vre\u010dke Sentipure\u00ae so izjemno u\u010dinkovite za nevtralizacijo neprijetne vonjave smrdljivih odtro\u0161kih plenic in so posebej zasnovane za nevtralizacijo neprijetnih vonjav v in okoli ko\u0161a za plenice","breadcrumb":{"@id":"https:\/\/ajatutaja.com\/izdelek\/sentipure-filter-vrecke-za-nevtralizacijo-vonjav-plenick-90dni\/#breadcrumb"},"inLanguage":"hr","potentialAction":[{"@type":"ReadAction","target":["https:\/\/ajatutaja.com\/izdelek\/sentipure-filter-vrecke-za-nevtralizacijo-vonjav-plenick-90dni\/"]}]},{"@type":"ImageObject","inLanguage":"hr","@id":"https:\/\/ajatutaja.com\/izdelek\/sentipure-filter-vrecke-za-nevtralizacijo-vonjav-plenick-90dni\/#primaryimage","url":"https:\/\/ajatutaja.com\/wp-content\/uploads\/2025\/08\/sentipure-filter-vrecke-za-vonjave-plenice.jpg","contentUrl":"https:\/\/ajatutaja.com\/wp-content\/uploads\/2025\/08\/sentipure-filter-vrecke-za-vonjave-plenice.jpg","width":1000,"height":1000},{"@type":"BreadcrumbList","@id":"https:\/\/ajatutaja.com\/izdelek\/sentipure-filter-vrecke-za-nevtralizacijo-vonjav-plenick-90dni\/#breadcrumb","itemListElement":[{"@type":"ListItem","position":1,"name":"Home","item":"https:\/\/ajatutaja.com\/hr\/"},{"@type":"ListItem","position":2,"name":"Trgovina","item":"https:\/\/ajatutaja.com\/hr\/trgovina\/"},{"@type":"ListItem","position":3,"name":"Sentipure\u00ae filter vre\u010dke za nevtralizacijo vonjav pleni\u010dk (90dni)"}]},{"@type":"WebSite","@id":"https:\/\/ajatutaja.com\/#website","url":"https:\/\/ajatutaja.com\/","name":"Ajatutaja","description":"Otro\u0161ka spletna trgovina AJATUTAJA","publisher":{"@id":"https:\/\/ajatutaja.com\/#organization"},"potentialAction":[{"@type":"SearchAction","target":{"@type":"EntryPoint","urlTemplate":"https:\/\/ajatutaja.com\/?s={search_term_string}"},"query-input":{"@type":"PropertyValueSpecification","valueRequired":true,"valueName":"search_term_string"}}],"inLanguage":"hr"},{"@type":"Organization","@id":"https:\/\/ajatutaja.com\/#organization","name":"Ajatutaja","url":"https:\/\/ajatutaja.com\/","logo":{"@type":"ImageObject","inLanguage":"hr","@id":"https:\/\/ajatutaja.com\/#\/schema\/logo\/image\/","url":"https:\/\/ajatutaja.com\/wp-content\/uploads\/2021\/10\/logo.png","contentUrl":"https:\/\/ajatutaja.com\/wp-content\/uploads\/2021\/10\/logo.png","width":555,"height":150,"caption":"Ajatutaja"},"image":{"@id":"https:\/\/ajatutaja.com\/#\/schema\/logo\/image\/"}}]}},"brands":[{"id":2658,"name":"Nega in kopanje","slug":"nega-in-kopanje"},{"id":5798,"name":"Sentipure\u00ae","slug":"sentipure"}],"_links":{"self":[{"href":"https:\/\/ajatutaja.com\/hr\/wp-json\/wp\/v2\/product\/78835","targetHints":{"allow":["GET"]}}],"collection":[{"href":"https:\/\/ajatutaja.com\/hr\/wp-json\/wp\/v2\/product"}],"about":[{"href":"https:\/\/ajatutaja.com\/hr\/wp-json\/wp\/v2\/types\/product"}],"wp:featuredmedia":[{"embeddable":true,"href":"https:\/\/ajatutaja.com\/hr\/wp-json\/wp\/v2\/media\/78836"}],"wp:attachment":[{"href":"https:\/\/ajatutaja.com\/hr\/wp-json\/wp\/v2\/media?parent=78835"}],"wp:term":[{"taxonomy":"pwb-brand","embeddable":true,"href":"https:\/\/ajatutaja.com\/hr\/wp-json\/wp\/v2\/pwb-brand?post=78835"},{"taxonomy":"product_brand","embeddable":true,"href":"https:\/\/ajatutaja.com\/hr\/wp-json\/wp\/v2\/product_brand?post=78835"},{"taxonomy":"product_cat","embeddable":true,"href":"https:\/\/ajatutaja.com\/hr\/wp-json\/wp\/v2\/product_cat?post=78835"},{"taxonomy":"product_tag","embeddable":true,"href":"https:\/\/ajatutaja.com\/hr\/wp-json\/wp\/v2\/product_tag?post=78835"}],"curies":[{"name":"wp","href":"https:\/\/api.w.org\/{rel}","templated":true}]}}