{"id":78768,"date":"2025-06-28T18:30:13","date_gmt":"2025-06-28T16:30:13","guid":{"rendered":"https:\/\/ajatutaja.com\/?post_type=product&#038;p=78768"},"modified":"2025-12-02T07:07:53","modified_gmt":"2025-12-02T06:07:53","slug":"joie-i-spin-360-otroski-avtosedez-i-size-0-1-40-105-cm-thyme","status":"publish","type":"product","link":"https:\/\/ajatutaja.com\/hr\/proizvod\/joie-i-spin-360-otroski-avtosedez-i-size-0-1-40-105-cm-thyme\/","title":{"rendered":"Joie\u00ae i-Spin\u2122 360 otro\u0161ki avtosede\u017e i-Size 0+\/1 (40-105 cm) &#8211; Thyme"},"content":{"rendered":"<p>[vc_row][vc_column][vc_column_text]Otro\u0161ki avtosede\u017e Joie i-Spin 360 je vrtljiv avtosede\u017e z ISOFIX sistemom, ki je namenjen dojen\u010dkom in mal\u010dkom od rojstva do 4. leta starosti. Avtosede\u017e Joie i-Spin 360 navdu\u0161uje s \u0161tevilnimi super lastnostmi; vrtljivim sede\u017eem, ki omogo\u010da la\u017eje posedanje otroka v sede\u017e in bolj enostavno dvigovanje mal\u010dka iz sede\u017ea. Ko \u017eelimo mal\u010dka posesti in pripeti v avtosede\u017e ali ga iz njega dvigniti, avtosede\u017e Joie i-Spin 360 preprosto zavrtimo proti vratom avtomobila in mal\u010dek je v hipu pred nami. Na tak na\u010din pripenjanje in odpenjanje dojen\u010dka postane resni\u010dno preprosto in zabavno opravilo.<\/p>\n<h3>Otro\u0161ki avtosede\u017e Joie\u00ae i-Spin\u2122 360 ima naslednje lastnosti:<\/h3>\n<ul>\n<li>Primeren za vo\u017enjo v nasprotni smeri od rojstva do 105 cm, pribli\u017eno 4 leta<\/li>\n<li>Primeren za vo\u017enjo v smeri vo\u017enje od 76 cm in 15 mesecev do 105 cm, pribli\u017eno 4 leta<\/li>\n<li>Namestitev avtosede\u017ea z Isofix sistemom<\/li>\n<li>Pripenjanje otroka s 5-to\u010dkovnim varnostnim pasom avtosede\u017ea<\/li>\n<li>Avtosede\u017e z integrirano vrtljivo Isofix bazo z oporno nogo<\/li>\n<li>Oporna noga zagotavlja stabilno namestitev z 19 pozicijami<\/li>\n<li>S pomo\u010djo sistema Isofix mo\u017enost nastavitve 11 stopenj odmika<\/li>\n<li>Barvni indikatorji za hitro, pravilno in varno namestitev na Isofix sistem<\/li>\n<li>Barvni indikatorji na oporni nogi in Isofix-u zmanj\u0161ajo mo\u017enost napa\u010dne uporabe<\/li>\n<li>Cona v oporni nogi za dodatno stabilnost absorbira silo in zmanj\u0161a energijo na otroka<\/li>\n<li>Simple Swivel\u2122 hitro in enostavno dosegljiv sistem za \u0161e la\u017eje obra\u010danje sede\u017ea, mo\u017enost uporabe z eno roko, na hitro dostopnem delu vrtljive baze<\/li>\n<li>Smart Ride\u2122 lock-off\u2122 sistem prepre\u010duje ne\u017eeleno\u00a0obra\u010danje sede\u017ea<\/li>\n<li>Smart Ride\u2122 zanesljiv sistem, ki zagotavlja dodatno varnost in omogo\u010da uporabo vzvratnega avtosede\u017ea do starostnega obdobja, ko je za otroka varno, da se za\u010dne voziti obrnjen v samo smer vo\u017enje (ob dosegu 76 cm, v starostnem obdobju 15 mesecev)<\/li>\n<li>Sleepytime tilt\u2122 omogo\u010da 6 polo\u017eajev naklona v smeri vo\u017enje in 6 polo\u017eajev naklona v nasprotni smeri vo\u017enje<\/li>\n<li>Vzdr\u017eljivi materiali za doseganje optimalne za\u0161\u010dite<\/li>\n<li>Guard Surround Safety\u2122 za\u0161\u010ditni elementi omogo\u010dajo popolno za\u0161\u010dito pred stranskimi udarci in zagotavljajo dodatno varnost glave, telesa in bokov<\/li>\n<li>Grow Together\u2122 omogo\u010da prilagoditev 6 polo\u017eajev po vi\u0161ini nastavljivega vzglavnika, ko zategnemo 5-to\u010dkovni varnostni pas<\/li>\n<li>\u00bbGrow-with-me\u00ab 3-delni fleksibilni vlo\u017eek za popolno prileganje majhnemu otroku vklju\u010duje podporo za dojen\u010dkovo glavico, podporo za dojen\u010dkovo telo in podporo za bolj\u0161i naklon. Tako se sede\u017e maksimalno prilagodi otroku v vsakem starostnem obdobju<\/li>\n<li>Tri-Protect\u2122 naslon za glavo zagotavlja varnost z dodatnimi tremi plastmi, vklju\u010dujo\u010d Intelli-Fit\u2122 spominsko peno<\/li>\n<li>5-to\u010dkovni varnostni pas z mehkim oblazinjenjem na podro\u010dju ramen in spodnjega zati\u010da<\/li>\n<li>Priro\u010dna \u017eepka za pasove na bo\u010dnih predelih avtosede\u017ea<\/li>\n<li>Zra\u010dni materiali izbolj\u0161ujejo pretok zraka<\/li>\n<li>Odprtine za zra\u010denje na stranskem delu avtosede\u017ea<\/li>\n<li>Udobno oblazinjenje in prijetne tkanine<\/li>\n<li>Pralna in odstranljiva prevleka za la\u017eje in enostavnej\u0161e vzdr\u017eevanje<\/li>\n<li>Odstranljiva bo\u010dna za\u0161\u010dita<\/li>\n<li>Joie i-Spin 360 je prejemnik najbolj\u0161e ADAC Gut (1.9) ocene v skupini avtosede\u017eev za velikost mal\u010dkov med 40 do 105 cm (10\/2019)<\/li>\n<\/ul>\n<p><strong>Dimenzije in te\u017ea avtosede\u017ea:<\/strong><\/p>\n<ul>\n<li>Dimenzije naprej obrnjenega avtosede\u017ea: 65 x 58 x 62-76 cm<\/li>\n<li>Dimenzije nazaj obrnjenega avtosede\u017ea: 65 x 58 x 51,5-62 cm<\/li>\n<li>Te\u017ea: 13,94 kg<\/li>\n<\/ul>\n<p><strong>Testi in certifikati:<\/strong><\/p>\n<ul>\n<li>Joie\u00ae i-Spin\u2122 360 je testiran po standardu ECE R129\/03<\/li>\n<\/ul>\n<p>[\/vc_column_text][\/vc_column][\/vc_row]<\/p>\n","protected":false},"excerpt":{"rendered":"<p style=\"text-align: justify\">Otro\u0161ki avtosede\u017e Joie\u00ae i-Spin\u2122 je vzvratni ali naprej obrnjen sede\u017e, ki omogo\u010da vo\u017enjo v nasprotni smeri vo\u017enje od rojstva in vse do 4. leta starosti. Vzvratni avtosede\u017ei so do 5x bolj varni kot sede\u017ei, ki so obrnjeni v samo smer vo\u017enje, kar je klju\u010dnega pomena v prvem obdobju odra\u0161\u010danja. Joie i-Spin 360 z integrirano vrtljivo bazo zagotavlja manj napornega sklanjanja in la\u017eje posedanje in pripenjanje mal\u010dka v avtosede\u017e.<\/p>\n","protected":false},"featured_media":78873,"template":"","meta":[],"pwb-brand":[2351,2353],"product_brand":[],"product_cat":[2339,4473,2341,4476],"product_tag":[5402,4073,4193,4199],"class_list":{"0":"post-78768","1":"product","2":"type-product","3":"status-publish","4":"has-post-thumbnail","6":"pwb-brand-avtosedezi","7":"pwb-brand-joie","8":"product_cat-avtosedezi","9":"product_cat-i-size-40-105-cm","10":"product_cat-skupina-0-1-0-18-kg","11":"product_cat-vrtljivi-avtosedezi","12":"product_tag-black-friday","13":"product_tag-joie","14":"product_tag-joie-avtosedezi","15":"product_tag-joie-i-spin","17":"first","18":"onbackorder","19":"taxable","20":"shipping-taxable","21":"purchasable","22":"product-type-simple","23":"add-to-wishlist-before_image"},"yoast_head":"<!-- This site is optimized with the Yoast SEO plugin v27.3 - https:\/\/yoast.com\/product\/yoast-seo-wordpress\/ -->\n<title>Joie\u00ae i-Spin\u2122 360 otro\u0161ki avtosede\u017e i-Size 0+\/1 (40-105 cm) - Thyme | Ajatutaja<\/title>\n<meta name=\"description\" content=\"Joie i-Spin 360 z integrirano vrtljivo bazo zagotavlja manj napornega sklanjanja in la\u017eje posedanje in pripenjanje mal\u010dka v avtosede\u017e.\" \/>\n<meta name=\"robots\" content=\"index, follow, max-snippet:-1, max-image-preview:large, max-video-preview:-1\" \/>\n<link rel=\"canonical\" href=\"https:\/\/ajatutaja.com\/izdelek\/joie-i-spin-360-otroski-avtosedez-i-size-0-1-40-105-cm-thyme\/\" \/>\n<meta property=\"og:locale\" content=\"hr_HR\" \/>\n<meta property=\"og:type\" content=\"article\" \/>\n<meta property=\"og:title\" content=\"Joie\u00ae i-Spin\u2122 360 otro\u0161ki avtosede\u017e i-Size 0+\/1 (40-105 cm) - Thyme | Ajatutaja\" \/>\n<meta property=\"og:description\" content=\"Joie i-Spin 360 z integrirano vrtljivo bazo zagotavlja manj napornega sklanjanja in la\u017eje posedanje in pripenjanje mal\u010dka v avtosede\u017e.\" \/>\n<meta property=\"og:url\" content=\"https:\/\/ajatutaja.com\/izdelek\/joie-i-spin-360-otroski-avtosedez-i-size-0-1-40-105-cm-thyme\/\" \/>\n<meta property=\"og:site_name\" content=\"Ajatutaja\" \/>\n<meta property=\"article:modified_time\" content=\"2025-12-02T06:07:53+00:00\" \/>\n<meta property=\"og:image\" content=\"https:\/\/ajatutaja.com\/wp-content\/uploads\/2025\/07\/joie-i-spin-360-otroski-avtosedez-i-size-Thyme-1.jpg\" \/>\n\t<meta property=\"og:image:width\" content=\"1080\" \/>\n\t<meta property=\"og:image:height\" content=\"1080\" \/>\n\t<meta property=\"og:image:type\" content=\"image\/jpeg\" \/>\n<meta name=\"twitter:card\" content=\"summary_large_image\" \/>\n<meta name=\"twitter:label1\" content=\"Procijenjeno vrijeme \u010ditanja\" \/>\n\t<meta name=\"twitter:data1\" content=\"3 minute\" \/>\n<script type=\"application\/ld+json\" class=\"yoast-schema-graph\">{\"@context\":\"https:\\\/\\\/schema.org\",\"@graph\":[{\"@type\":\"WebPage\",\"@id\":\"https:\\\/\\\/ajatutaja.com\\\/izdelek\\\/joie-i-spin-360-otroski-avtosedez-i-size-0-1-40-105-cm-thyme\\\/\",\"url\":\"https:\\\/\\\/ajatutaja.com\\\/izdelek\\\/joie-i-spin-360-otroski-avtosedez-i-size-0-1-40-105-cm-thyme\\\/\",\"name\":\"Joie\u00ae i-Spin\u2122 360 otro\u0161ki avtosede\u017e i-Size 0+\\\/1 (40-105 cm) - Thyme | Ajatutaja\",\"isPartOf\":{\"@id\":\"https:\\\/\\\/ajatutaja.com\\\/#website\"},\"primaryImageOfPage\":{\"@id\":\"https:\\\/\\\/ajatutaja.com\\\/izdelek\\\/joie-i-spin-360-otroski-avtosedez-i-size-0-1-40-105-cm-thyme\\\/#primaryimage\"},\"image\":{\"@id\":\"https:\\\/\\\/ajatutaja.com\\\/izdelek\\\/joie-i-spin-360-otroski-avtosedez-i-size-0-1-40-105-cm-thyme\\\/#primaryimage\"},\"thumbnailUrl\":\"https:\\\/\\\/ajatutaja.com\\\/wp-content\\\/uploads\\\/2025\\\/07\\\/joie-i-spin-360-otroski-avtosedez-i-size-Thyme-1.jpg\",\"datePublished\":\"2025-06-28T16:30:13+00:00\",\"dateModified\":\"2025-12-02T06:07:53+00:00\",\"description\":\"Joie i-Spin 360 z integrirano vrtljivo bazo zagotavlja manj napornega sklanjanja in la\u017eje posedanje in pripenjanje mal\u010dka v avtosede\u017e.\",\"breadcrumb\":{\"@id\":\"https:\\\/\\\/ajatutaja.com\\\/izdelek\\\/joie-i-spin-360-otroski-avtosedez-i-size-0-1-40-105-cm-thyme\\\/#breadcrumb\"},\"inLanguage\":\"hr\",\"potentialAction\":[{\"@type\":\"ReadAction\",\"target\":[\"https:\\\/\\\/ajatutaja.com\\\/izdelek\\\/joie-i-spin-360-otroski-avtosedez-i-size-0-1-40-105-cm-thyme\\\/\"]}]},{\"@type\":\"ImageObject\",\"inLanguage\":\"hr\",\"@id\":\"https:\\\/\\\/ajatutaja.com\\\/izdelek\\\/joie-i-spin-360-otroski-avtosedez-i-size-0-1-40-105-cm-thyme\\\/#primaryimage\",\"url\":\"https:\\\/\\\/ajatutaja.com\\\/wp-content\\\/uploads\\\/2025\\\/07\\\/joie-i-spin-360-otroski-avtosedez-i-size-Thyme-1.jpg\",\"contentUrl\":\"https:\\\/\\\/ajatutaja.com\\\/wp-content\\\/uploads\\\/2025\\\/07\\\/joie-i-spin-360-otroski-avtosedez-i-size-Thyme-1.jpg\",\"width\":1080,\"height\":1080},{\"@type\":\"BreadcrumbList\",\"@id\":\"https:\\\/\\\/ajatutaja.com\\\/izdelek\\\/joie-i-spin-360-otroski-avtosedez-i-size-0-1-40-105-cm-thyme\\\/#breadcrumb\",\"itemListElement\":[{\"@type\":\"ListItem\",\"position\":1,\"name\":\"Home\",\"item\":\"https:\\\/\\\/ajatutaja.com\\\/hr\\\/\"},{\"@type\":\"ListItem\",\"position\":2,\"name\":\"Trgovina\",\"item\":\"https:\\\/\\\/ajatutaja.com\\\/hr\\\/trgovina\\\/\"},{\"@type\":\"ListItem\",\"position\":3,\"name\":\"Joie\u00ae i-Spin\u2122 360 otro\u0161ki avtosede\u017e i-Size 0+\\\/1 (40-105 cm) &#8211; Thyme\"}]},{\"@type\":\"WebSite\",\"@id\":\"https:\\\/\\\/ajatutaja.com\\\/#website\",\"url\":\"https:\\\/\\\/ajatutaja.com\\\/\",\"name\":\"Ajatutaja\",\"description\":\"Otro\u0161ka spletna trgovina AJATUTAJA\",\"publisher\":{\"@id\":\"https:\\\/\\\/ajatutaja.com\\\/#organization\"},\"potentialAction\":[{\"@type\":\"SearchAction\",\"target\":{\"@type\":\"EntryPoint\",\"urlTemplate\":\"https:\\\/\\\/ajatutaja.com\\\/?s={search_term_string}\"},\"query-input\":{\"@type\":\"PropertyValueSpecification\",\"valueRequired\":true,\"valueName\":\"search_term_string\"}}],\"inLanguage\":\"hr\"},{\"@type\":\"Organization\",\"@id\":\"https:\\\/\\\/ajatutaja.com\\\/#organization\",\"name\":\"Ajatutaja\",\"url\":\"https:\\\/\\\/ajatutaja.com\\\/\",\"logo\":{\"@type\":\"ImageObject\",\"inLanguage\":\"hr\",\"@id\":\"https:\\\/\\\/ajatutaja.com\\\/#\\\/schema\\\/logo\\\/image\\\/\",\"url\":\"https:\\\/\\\/ajatutaja.com\\\/wp-content\\\/uploads\\\/2021\\\/10\\\/logo.png\",\"contentUrl\":\"https:\\\/\\\/ajatutaja.com\\\/wp-content\\\/uploads\\\/2021\\\/10\\\/logo.png\",\"width\":555,\"height\":150,\"caption\":\"Ajatutaja\"},\"image\":{\"@id\":\"https:\\\/\\\/ajatutaja.com\\\/#\\\/schema\\\/logo\\\/image\\\/\"}}]}<\/script>\n<!-- \/ Yoast SEO plugin. -->","yoast_head_json":{"title":"Joie\u00ae i-Spin\u2122 360 otro\u0161ki avtosede\u017e i-Size 0+\/1 (40-105 cm) - Thyme | Ajatutaja","description":"Joie i-Spin 360 z integrirano vrtljivo bazo zagotavlja manj napornega sklanjanja in la\u017eje posedanje in pripenjanje mal\u010dka v avtosede\u017e.","robots":{"index":"index","follow":"follow","max-snippet":"max-snippet:-1","max-image-preview":"max-image-preview:large","max-video-preview":"max-video-preview:-1"},"canonical":"https:\/\/ajatutaja.com\/izdelek\/joie-i-spin-360-otroski-avtosedez-i-size-0-1-40-105-cm-thyme\/","og_locale":"hr_HR","og_type":"article","og_title":"Joie\u00ae i-Spin\u2122 360 otro\u0161ki avtosede\u017e i-Size 0+\/1 (40-105 cm) - Thyme | Ajatutaja","og_description":"Joie i-Spin 360 z integrirano vrtljivo bazo zagotavlja manj napornega sklanjanja in la\u017eje posedanje in pripenjanje mal\u010dka v avtosede\u017e.","og_url":"https:\/\/ajatutaja.com\/izdelek\/joie-i-spin-360-otroski-avtosedez-i-size-0-1-40-105-cm-thyme\/","og_site_name":"Ajatutaja","article_modified_time":"2025-12-02T06:07:53+00:00","og_image":[{"width":1080,"height":1080,"url":"https:\/\/ajatutaja.com\/wp-content\/uploads\/2025\/07\/joie-i-spin-360-otroski-avtosedez-i-size-Thyme-1.jpg","type":"image\/jpeg"}],"twitter_card":"summary_large_image","twitter_misc":{"Procijenjeno vrijeme \u010ditanja":"3 minute"},"schema":{"@context":"https:\/\/schema.org","@graph":[{"@type":"WebPage","@id":"https:\/\/ajatutaja.com\/izdelek\/joie-i-spin-360-otroski-avtosedez-i-size-0-1-40-105-cm-thyme\/","url":"https:\/\/ajatutaja.com\/izdelek\/joie-i-spin-360-otroski-avtosedez-i-size-0-1-40-105-cm-thyme\/","name":"Joie\u00ae i-Spin\u2122 360 otro\u0161ki avtosede\u017e i-Size 0+\/1 (40-105 cm) - Thyme | Ajatutaja","isPartOf":{"@id":"https:\/\/ajatutaja.com\/#website"},"primaryImageOfPage":{"@id":"https:\/\/ajatutaja.com\/izdelek\/joie-i-spin-360-otroski-avtosedez-i-size-0-1-40-105-cm-thyme\/#primaryimage"},"image":{"@id":"https:\/\/ajatutaja.com\/izdelek\/joie-i-spin-360-otroski-avtosedez-i-size-0-1-40-105-cm-thyme\/#primaryimage"},"thumbnailUrl":"https:\/\/ajatutaja.com\/wp-content\/uploads\/2025\/07\/joie-i-spin-360-otroski-avtosedez-i-size-Thyme-1.jpg","datePublished":"2025-06-28T16:30:13+00:00","dateModified":"2025-12-02T06:07:53+00:00","description":"Joie i-Spin 360 z integrirano vrtljivo bazo zagotavlja manj napornega sklanjanja in la\u017eje posedanje in pripenjanje mal\u010dka v avtosede\u017e.","breadcrumb":{"@id":"https:\/\/ajatutaja.com\/izdelek\/joie-i-spin-360-otroski-avtosedez-i-size-0-1-40-105-cm-thyme\/#breadcrumb"},"inLanguage":"hr","potentialAction":[{"@type":"ReadAction","target":["https:\/\/ajatutaja.com\/izdelek\/joie-i-spin-360-otroski-avtosedez-i-size-0-1-40-105-cm-thyme\/"]}]},{"@type":"ImageObject","inLanguage":"hr","@id":"https:\/\/ajatutaja.com\/izdelek\/joie-i-spin-360-otroski-avtosedez-i-size-0-1-40-105-cm-thyme\/#primaryimage","url":"https:\/\/ajatutaja.com\/wp-content\/uploads\/2025\/07\/joie-i-spin-360-otroski-avtosedez-i-size-Thyme-1.jpg","contentUrl":"https:\/\/ajatutaja.com\/wp-content\/uploads\/2025\/07\/joie-i-spin-360-otroski-avtosedez-i-size-Thyme-1.jpg","width":1080,"height":1080},{"@type":"BreadcrumbList","@id":"https:\/\/ajatutaja.com\/izdelek\/joie-i-spin-360-otroski-avtosedez-i-size-0-1-40-105-cm-thyme\/#breadcrumb","itemListElement":[{"@type":"ListItem","position":1,"name":"Home","item":"https:\/\/ajatutaja.com\/hr\/"},{"@type":"ListItem","position":2,"name":"Trgovina","item":"https:\/\/ajatutaja.com\/hr\/trgovina\/"},{"@type":"ListItem","position":3,"name":"Joie\u00ae i-Spin\u2122 360 otro\u0161ki avtosede\u017e i-Size 0+\/1 (40-105 cm) &#8211; Thyme"}]},{"@type":"WebSite","@id":"https:\/\/ajatutaja.com\/#website","url":"https:\/\/ajatutaja.com\/","name":"Ajatutaja","description":"Otro\u0161ka spletna trgovina AJATUTAJA","publisher":{"@id":"https:\/\/ajatutaja.com\/#organization"},"potentialAction":[{"@type":"SearchAction","target":{"@type":"EntryPoint","urlTemplate":"https:\/\/ajatutaja.com\/?s={search_term_string}"},"query-input":{"@type":"PropertyValueSpecification","valueRequired":true,"valueName":"search_term_string"}}],"inLanguage":"hr"},{"@type":"Organization","@id":"https:\/\/ajatutaja.com\/#organization","name":"Ajatutaja","url":"https:\/\/ajatutaja.com\/","logo":{"@type":"ImageObject","inLanguage":"hr","@id":"https:\/\/ajatutaja.com\/#\/schema\/logo\/image\/","url":"https:\/\/ajatutaja.com\/wp-content\/uploads\/2021\/10\/logo.png","contentUrl":"https:\/\/ajatutaja.com\/wp-content\/uploads\/2021\/10\/logo.png","width":555,"height":150,"caption":"Ajatutaja"},"image":{"@id":"https:\/\/ajatutaja.com\/#\/schema\/logo\/image\/"}}]}},"brands":[{"id":2351,"name":"Avtosede\u017ei","slug":"avtosedezi"},{"id":2353,"name":"Joie","slug":"joie"}],"_links":{"self":[{"href":"https:\/\/ajatutaja.com\/hr\/wp-json\/wp\/v2\/product\/78768","targetHints":{"allow":["GET"]}}],"collection":[{"href":"https:\/\/ajatutaja.com\/hr\/wp-json\/wp\/v2\/product"}],"about":[{"href":"https:\/\/ajatutaja.com\/hr\/wp-json\/wp\/v2\/types\/product"}],"wp:featuredmedia":[{"embeddable":true,"href":"https:\/\/ajatutaja.com\/hr\/wp-json\/wp\/v2\/media\/78873"}],"wp:attachment":[{"href":"https:\/\/ajatutaja.com\/hr\/wp-json\/wp\/v2\/media?parent=78768"}],"wp:term":[{"taxonomy":"pwb-brand","embeddable":true,"href":"https:\/\/ajatutaja.com\/hr\/wp-json\/wp\/v2\/pwb-brand?post=78768"},{"taxonomy":"product_brand","embeddable":true,"href":"https:\/\/ajatutaja.com\/hr\/wp-json\/wp\/v2\/product_brand?post=78768"},{"taxonomy":"product_cat","embeddable":true,"href":"https:\/\/ajatutaja.com\/hr\/wp-json\/wp\/v2\/product_cat?post=78768"},{"taxonomy":"product_tag","embeddable":true,"href":"https:\/\/ajatutaja.com\/hr\/wp-json\/wp\/v2\/product_tag?post=78768"}],"curies":[{"name":"wp","href":"https:\/\/api.w.org\/{rel}","templated":true}]}}