{"id":78600,"date":"2025-07-16T06:56:45","date_gmt":"2025-07-16T04:56:45","guid":{"rendered":"https:\/\/ajatutaja.com\/?post_type=product&#038;p=78600"},"modified":"2025-07-24T11:59:18","modified_gmt":"2025-07-24T09:59:18","slug":"previjalna-torba-kikkaboo-brielle-beige","status":"publish","type":"product","link":"https:\/\/ajatutaja.com\/hr\/proizvod\/previjalna-torba-kikkaboo-brielle-beige\/","title":{"rendered":"Previjalna torba KikkaBoo\u00ae Brielle &#8211; Beige"},"content":{"rendered":"<p>[vc_row][vc_column][vc_column_text]KikkaBoo Mama Bag Brielle je popolna kombinacija stila in prakti\u010dnosti, zasnovana za potrebe sodobnih star\u0161ev. Z elegantnim enobarvnim dizajnom in luksuznimi satenastimi detajli je ta torba hkrati modna in funkcionalna. Vklju\u010duje sponke za enostavno pritrditev na ro\u010daj vozi\u010dka ter glavni \u017eep s \u0161iroko odprtino za la\u017eji dostop. Organizacijski \u017eepi za plenice in dodatke ter vodoodporni \u017eep za mokre predmete zagotavljajo, da ima vse svoje mesto. Elasti\u010dni stranski \u017eepi z odprtino za rob\u010dke zagotavljajo dodatno priro\u010dnost, medtem ko dva izolirana predelka za stekleni\u010dke ohranjata temperaturo vode ali mleka ve\u010d ur. Torba ponuja tudi enostavno dostopne sprednje in zadnje zunanje \u017eepe z zapiranjem na je\u017eka ter dolg nastavljiv ramenski trak za udobno no\u0161enje. Izdelana iz 100% poliestra, je Mama Bag Brielle trpe\u017ena in enostavna za \u010di\u0161\u010denje.<\/p>\n<p><strong>Lastnosti:<\/strong><\/p>\n<ul>\n<li>Elegantna enobarvna zasnova z satenastimi detajli<\/li>\n<li>Odpiranje na zadrgo<\/li>\n<li>2 mo\u017enosti no\u0161enja, saj vsebuje 2 kraj\u0161a ro\u010daja in nastavljiv ramenski pas<\/li>\n<li>Sponke za enostavno pritrditev na ro\u010daj vozi\u010dka<\/li>\n<li>Glavni \u017eep s \u0161iroko odprtino za la\u017eji dostop<\/li>\n<li>Organizacijski \u017eepi za plenice in dodatke<\/li>\n<li>Vodoodporni \u017eep za mokre predmete &#8211; idealno za shranjevanje mokrih obla\u010dil ali dodatkov<\/li>\n<li>Elasti\u010dni stranski \u017eepi z odprtino za rob\u010dke<\/li>\n<li>Dva izolirana predelka za stekleni\u010dke, ki ohranjata temperaturo vode ali mleka ve\u010d ur<\/li>\n<li>Sprednji in zadnji zunanji \u017eepi z zapiranjem na je\u017eka<\/li>\n<li>Dolg nastavljiv ramenski trak<\/li>\n<li>Sestava: 100% poliester<\/li>\n<li>Trpe\u017ena in enostavna za \u010di\u0161\u010denje z vla\u017eno krpo<\/li>\n<li>Dimenzije: 33x32x16 cm<\/li>\n<li>Neto te\u017ea: 0.50 kg<\/li>\n<\/ul>\n<p>[\/vc_column_text][\/vc_column][\/vc_row][vc_row][vc_column][vc_column_text]<\/p>\n<p>[\/vc_column_text][\/vc_column][\/vc_row]<\/p>\n","protected":false},"excerpt":{"rendered":"<p style=\"text-align: justify\">Prakti\u010dna in vsestransko uporabna previjalna torba KikkaBoo\u00ae Brielle je dovolj prostorna, da vanjo spravite vse kar potrebujete za va\u0161ega mal\u010dka, ko ste na sprehodu ali izletu. S pomo\u010djo prilo\u017eenih pasov, pa jo enostavno namestimo na ro\u010daj otro\u0161kega vozi\u010dka. KikkaBoo torba Brielle ne vklju\u010duje previjalne podloge!<\/p>\n","protected":false},"featured_media":78627,"template":"","meta":[],"pwb-brand":[5686,2409],"product_brand":[],"product_cat":[2361,2398,2373],"product_tag":[5679,5795],"class_list":{"0":"post-78600","1":"product","2":"type-product","3":"status-publish","4":"has-post-thumbnail","6":"pwb-brand-kikkaboo-potepanje","7":"pwb-brand-potepanje","8":"product_cat-potepanje","9":"product_cat-previjalne-torbe","10":"product_cat-previjalne-torbe-za-vozicek","11":"product_tag-kikkaboo","12":"product_tag-kikkaboo-brielle","14":"first","15":"instock","16":"taxable","17":"shipping-taxable","18":"purchasable","19":"product-type-simple","20":"add-to-wishlist-before_image"},"yoast_head":"<!-- This site is optimized with the Yoast SEO plugin v27.3 - https:\/\/yoast.com\/product\/yoast-seo-wordpress\/ -->\n<title>Previjalna torba KikkaBoo\u00ae Brielle - Beige | Ajatutaja<\/title>\n<meta name=\"description\" content=\"Prakti\u010dna in vsestransko uporabna previjalna torba KikkaBoo\u00ae Brielle je dovolj prostorna, da vanjo spravite vse kar potrebujete za va\u0161ega mal\u010dka, ko ste na sprehodu ali izletu. S pomo\u010djo prilo\u017eenih pasov, pa jo enostavno namestimo na ro\u010daj otro\u0161kega vozi\u010dka.\" \/>\n<meta name=\"robots\" content=\"index, follow, max-snippet:-1, max-image-preview:large, max-video-preview:-1\" \/>\n<link rel=\"canonical\" href=\"https:\/\/ajatutaja.com\/hr\/proizvod\/previjalna-torba-kikkaboo-brielle-beige\/\" \/>\n<meta property=\"og:locale\" content=\"hr_HR\" \/>\n<meta property=\"og:type\" content=\"article\" \/>\n<meta property=\"og:title\" content=\"Previjalna torba KikkaBoo\u00ae Brielle - Beige | Ajatutaja\" \/>\n<meta property=\"og:description\" content=\"Prakti\u010dna in vsestransko uporabna previjalna torba KikkaBoo\u00ae Brielle je dovolj prostorna, da vanjo spravite vse kar potrebujete za va\u0161ega mal\u010dka, ko ste na sprehodu ali izletu. S pomo\u010djo prilo\u017eenih pasov, pa jo enostavno namestimo na ro\u010daj otro\u0161kega vozi\u010dka.\" \/>\n<meta property=\"og:url\" content=\"https:\/\/ajatutaja.com\/hr\/proizvod\/previjalna-torba-kikkaboo-brielle-beige\/\" \/>\n<meta property=\"og:site_name\" content=\"Ajatutaja\" \/>\n<meta property=\"article:modified_time\" content=\"2025-07-24T09:59:18+00:00\" \/>\n<meta property=\"og:image\" content=\"https:\/\/ajatutaja.com\/wp-content\/uploads\/2025\/07\/Kikkaboo-previjalna-torba-brielle-beige.jpeg\" \/>\n\t<meta property=\"og:image:width\" content=\"1080\" \/>\n\t<meta property=\"og:image:height\" content=\"1080\" \/>\n\t<meta property=\"og:image:type\" content=\"image\/jpeg\" \/>\n<meta name=\"twitter:card\" content=\"summary_large_image\" \/>\n<meta name=\"twitter:label1\" content=\"Procijenjeno vrijeme \u010ditanja\" \/>\n\t<meta name=\"twitter:data1\" content=\"1 minuta\" \/>\n<script type=\"application\/ld+json\" class=\"yoast-schema-graph\">{\"@context\":\"https:\\\/\\\/schema.org\",\"@graph\":[{\"@type\":\"WebPage\",\"@id\":\"https:\\\/\\\/ajatutaja.com\\\/hr\\\/proizvod\\\/previjalna-torba-kikkaboo-brielle-beige\\\/\",\"url\":\"https:\\\/\\\/ajatutaja.com\\\/hr\\\/proizvod\\\/previjalna-torba-kikkaboo-brielle-beige\\\/\",\"name\":\"Previjalna torba KikkaBoo\u00ae Brielle - Beige | Ajatutaja\",\"isPartOf\":{\"@id\":\"https:\\\/\\\/ajatutaja.com\\\/#website\"},\"primaryImageOfPage\":{\"@id\":\"https:\\\/\\\/ajatutaja.com\\\/hr\\\/proizvod\\\/previjalna-torba-kikkaboo-brielle-beige\\\/#primaryimage\"},\"image\":{\"@id\":\"https:\\\/\\\/ajatutaja.com\\\/hr\\\/proizvod\\\/previjalna-torba-kikkaboo-brielle-beige\\\/#primaryimage\"},\"thumbnailUrl\":\"https:\\\/\\\/ajatutaja.com\\\/wp-content\\\/uploads\\\/2025\\\/07\\\/Kikkaboo-previjalna-torba-brielle-beige.jpeg\",\"datePublished\":\"2025-07-16T04:56:45+00:00\",\"dateModified\":\"2025-07-24T09:59:18+00:00\",\"description\":\"Prakti\u010dna in vsestransko uporabna previjalna torba KikkaBoo\u00ae Brielle je dovolj prostorna, da vanjo spravite vse kar potrebujete za va\u0161ega mal\u010dka, ko ste na sprehodu ali izletu. S pomo\u010djo prilo\u017eenih pasov, pa jo enostavno namestimo na ro\u010daj otro\u0161kega vozi\u010dka.\",\"breadcrumb\":{\"@id\":\"https:\\\/\\\/ajatutaja.com\\\/hr\\\/proizvod\\\/previjalna-torba-kikkaboo-brielle-beige\\\/#breadcrumb\"},\"inLanguage\":\"hr\",\"potentialAction\":[{\"@type\":\"ReadAction\",\"target\":[\"https:\\\/\\\/ajatutaja.com\\\/hr\\\/proizvod\\\/previjalna-torba-kikkaboo-brielle-beige\\\/\"]}]},{\"@type\":\"ImageObject\",\"inLanguage\":\"hr\",\"@id\":\"https:\\\/\\\/ajatutaja.com\\\/hr\\\/proizvod\\\/previjalna-torba-kikkaboo-brielle-beige\\\/#primaryimage\",\"url\":\"https:\\\/\\\/ajatutaja.com\\\/wp-content\\\/uploads\\\/2025\\\/07\\\/Kikkaboo-previjalna-torba-brielle-beige.jpeg\",\"contentUrl\":\"https:\\\/\\\/ajatutaja.com\\\/wp-content\\\/uploads\\\/2025\\\/07\\\/Kikkaboo-previjalna-torba-brielle-beige.jpeg\",\"width\":1080,\"height\":1080},{\"@type\":\"BreadcrumbList\",\"@id\":\"https:\\\/\\\/ajatutaja.com\\\/hr\\\/proizvod\\\/previjalna-torba-kikkaboo-brielle-beige\\\/#breadcrumb\",\"itemListElement\":[{\"@type\":\"ListItem\",\"position\":1,\"name\":\"Home\",\"item\":\"https:\\\/\\\/ajatutaja.com\\\/hr\\\/\"},{\"@type\":\"ListItem\",\"position\":2,\"name\":\"Trgovina\",\"item\":\"https:\\\/\\\/ajatutaja.com\\\/hr\\\/trgovina\\\/\"},{\"@type\":\"ListItem\",\"position\":3,\"name\":\"Previjalna torba KikkaBoo\u00ae Brielle &#8211; Beige\"}]},{\"@type\":\"WebSite\",\"@id\":\"https:\\\/\\\/ajatutaja.com\\\/#website\",\"url\":\"https:\\\/\\\/ajatutaja.com\\\/\",\"name\":\"Ajatutaja\",\"description\":\"Otro\u0161ka spletna trgovina AJATUTAJA\",\"publisher\":{\"@id\":\"https:\\\/\\\/ajatutaja.com\\\/#organization\"},\"potentialAction\":[{\"@type\":\"SearchAction\",\"target\":{\"@type\":\"EntryPoint\",\"urlTemplate\":\"https:\\\/\\\/ajatutaja.com\\\/?s={search_term_string}\"},\"query-input\":{\"@type\":\"PropertyValueSpecification\",\"valueRequired\":true,\"valueName\":\"search_term_string\"}}],\"inLanguage\":\"hr\"},{\"@type\":\"Organization\",\"@id\":\"https:\\\/\\\/ajatutaja.com\\\/#organization\",\"name\":\"Ajatutaja\",\"url\":\"https:\\\/\\\/ajatutaja.com\\\/\",\"logo\":{\"@type\":\"ImageObject\",\"inLanguage\":\"hr\",\"@id\":\"https:\\\/\\\/ajatutaja.com\\\/#\\\/schema\\\/logo\\\/image\\\/\",\"url\":\"https:\\\/\\\/ajatutaja.com\\\/wp-content\\\/uploads\\\/2021\\\/10\\\/logo.png\",\"contentUrl\":\"https:\\\/\\\/ajatutaja.com\\\/wp-content\\\/uploads\\\/2021\\\/10\\\/logo.png\",\"width\":555,\"height\":150,\"caption\":\"Ajatutaja\"},\"image\":{\"@id\":\"https:\\\/\\\/ajatutaja.com\\\/#\\\/schema\\\/logo\\\/image\\\/\"}}]}<\/script>\n<!-- \/ Yoast SEO plugin. -->","yoast_head_json":{"title":"Previjalna torba KikkaBoo\u00ae Brielle - Beige | Ajatutaja","description":"Prakti\u010dna in vsestransko uporabna previjalna torba KikkaBoo\u00ae Brielle je dovolj prostorna, da vanjo spravite vse kar potrebujete za va\u0161ega mal\u010dka, ko ste na sprehodu ali izletu. S pomo\u010djo prilo\u017eenih pasov, pa jo enostavno namestimo na ro\u010daj otro\u0161kega vozi\u010dka.","robots":{"index":"index","follow":"follow","max-snippet":"max-snippet:-1","max-image-preview":"max-image-preview:large","max-video-preview":"max-video-preview:-1"},"canonical":"https:\/\/ajatutaja.com\/hr\/proizvod\/previjalna-torba-kikkaboo-brielle-beige\/","og_locale":"hr_HR","og_type":"article","og_title":"Previjalna torba KikkaBoo\u00ae Brielle - Beige | Ajatutaja","og_description":"Prakti\u010dna in vsestransko uporabna previjalna torba KikkaBoo\u00ae Brielle je dovolj prostorna, da vanjo spravite vse kar potrebujete za va\u0161ega mal\u010dka, ko ste na sprehodu ali izletu. S pomo\u010djo prilo\u017eenih pasov, pa jo enostavno namestimo na ro\u010daj otro\u0161kega vozi\u010dka.","og_url":"https:\/\/ajatutaja.com\/hr\/proizvod\/previjalna-torba-kikkaboo-brielle-beige\/","og_site_name":"Ajatutaja","article_modified_time":"2025-07-24T09:59:18+00:00","og_image":[{"width":1080,"height":1080,"url":"https:\/\/ajatutaja.com\/wp-content\/uploads\/2025\/07\/Kikkaboo-previjalna-torba-brielle-beige.jpeg","type":"image\/jpeg"}],"twitter_card":"summary_large_image","twitter_misc":{"Procijenjeno vrijeme \u010ditanja":"1 minuta"},"schema":{"@context":"https:\/\/schema.org","@graph":[{"@type":"WebPage","@id":"https:\/\/ajatutaja.com\/hr\/proizvod\/previjalna-torba-kikkaboo-brielle-beige\/","url":"https:\/\/ajatutaja.com\/hr\/proizvod\/previjalna-torba-kikkaboo-brielle-beige\/","name":"Previjalna torba KikkaBoo\u00ae Brielle - Beige | Ajatutaja","isPartOf":{"@id":"https:\/\/ajatutaja.com\/#website"},"primaryImageOfPage":{"@id":"https:\/\/ajatutaja.com\/hr\/proizvod\/previjalna-torba-kikkaboo-brielle-beige\/#primaryimage"},"image":{"@id":"https:\/\/ajatutaja.com\/hr\/proizvod\/previjalna-torba-kikkaboo-brielle-beige\/#primaryimage"},"thumbnailUrl":"https:\/\/ajatutaja.com\/wp-content\/uploads\/2025\/07\/Kikkaboo-previjalna-torba-brielle-beige.jpeg","datePublished":"2025-07-16T04:56:45+00:00","dateModified":"2025-07-24T09:59:18+00:00","description":"Prakti\u010dna in vsestransko uporabna previjalna torba KikkaBoo\u00ae Brielle je dovolj prostorna, da vanjo spravite vse kar potrebujete za va\u0161ega mal\u010dka, ko ste na sprehodu ali izletu. S pomo\u010djo prilo\u017eenih pasov, pa jo enostavno namestimo na ro\u010daj otro\u0161kega vozi\u010dka.","breadcrumb":{"@id":"https:\/\/ajatutaja.com\/hr\/proizvod\/previjalna-torba-kikkaboo-brielle-beige\/#breadcrumb"},"inLanguage":"hr","potentialAction":[{"@type":"ReadAction","target":["https:\/\/ajatutaja.com\/hr\/proizvod\/previjalna-torba-kikkaboo-brielle-beige\/"]}]},{"@type":"ImageObject","inLanguage":"hr","@id":"https:\/\/ajatutaja.com\/hr\/proizvod\/previjalna-torba-kikkaboo-brielle-beige\/#primaryimage","url":"https:\/\/ajatutaja.com\/wp-content\/uploads\/2025\/07\/Kikkaboo-previjalna-torba-brielle-beige.jpeg","contentUrl":"https:\/\/ajatutaja.com\/wp-content\/uploads\/2025\/07\/Kikkaboo-previjalna-torba-brielle-beige.jpeg","width":1080,"height":1080},{"@type":"BreadcrumbList","@id":"https:\/\/ajatutaja.com\/hr\/proizvod\/previjalna-torba-kikkaboo-brielle-beige\/#breadcrumb","itemListElement":[{"@type":"ListItem","position":1,"name":"Home","item":"https:\/\/ajatutaja.com\/hr\/"},{"@type":"ListItem","position":2,"name":"Trgovina","item":"https:\/\/ajatutaja.com\/hr\/trgovina\/"},{"@type":"ListItem","position":3,"name":"Previjalna torba KikkaBoo\u00ae Brielle &#8211; Beige"}]},{"@type":"WebSite","@id":"https:\/\/ajatutaja.com\/#website","url":"https:\/\/ajatutaja.com\/","name":"Ajatutaja","description":"Otro\u0161ka spletna trgovina AJATUTAJA","publisher":{"@id":"https:\/\/ajatutaja.com\/#organization"},"potentialAction":[{"@type":"SearchAction","target":{"@type":"EntryPoint","urlTemplate":"https:\/\/ajatutaja.com\/?s={search_term_string}"},"query-input":{"@type":"PropertyValueSpecification","valueRequired":true,"valueName":"search_term_string"}}],"inLanguage":"hr"},{"@type":"Organization","@id":"https:\/\/ajatutaja.com\/#organization","name":"Ajatutaja","url":"https:\/\/ajatutaja.com\/","logo":{"@type":"ImageObject","inLanguage":"hr","@id":"https:\/\/ajatutaja.com\/#\/schema\/logo\/image\/","url":"https:\/\/ajatutaja.com\/wp-content\/uploads\/2021\/10\/logo.png","contentUrl":"https:\/\/ajatutaja.com\/wp-content\/uploads\/2021\/10\/logo.png","width":555,"height":150,"caption":"Ajatutaja"},"image":{"@id":"https:\/\/ajatutaja.com\/#\/schema\/logo\/image\/"}}]}},"brands":[{"id":5686,"name":"KikkaBoo","slug":"kikkaboo-potepanje"},{"id":2409,"name":"Potepanje","slug":"potepanje"}],"_links":{"self":[{"href":"https:\/\/ajatutaja.com\/hr\/wp-json\/wp\/v2\/product\/78600","targetHints":{"allow":["GET"]}}],"collection":[{"href":"https:\/\/ajatutaja.com\/hr\/wp-json\/wp\/v2\/product"}],"about":[{"href":"https:\/\/ajatutaja.com\/hr\/wp-json\/wp\/v2\/types\/product"}],"wp:featuredmedia":[{"embeddable":true,"href":"https:\/\/ajatutaja.com\/hr\/wp-json\/wp\/v2\/media\/78627"}],"wp:attachment":[{"href":"https:\/\/ajatutaja.com\/hr\/wp-json\/wp\/v2\/media?parent=78600"}],"wp:term":[{"taxonomy":"pwb-brand","embeddable":true,"href":"https:\/\/ajatutaja.com\/hr\/wp-json\/wp\/v2\/pwb-brand?post=78600"},{"taxonomy":"product_brand","embeddable":true,"href":"https:\/\/ajatutaja.com\/hr\/wp-json\/wp\/v2\/product_brand?post=78600"},{"taxonomy":"product_cat","embeddable":true,"href":"https:\/\/ajatutaja.com\/hr\/wp-json\/wp\/v2\/product_cat?post=78600"},{"taxonomy":"product_tag","embeddable":true,"href":"https:\/\/ajatutaja.com\/hr\/wp-json\/wp\/v2\/product_tag?post=78600"}],"curies":[{"name":"wp","href":"https:\/\/api.w.org\/{rel}","templated":true}]}}