{"id":78489,"date":"2025-07-17T05:49:26","date_gmt":"2025-07-17T03:49:26","guid":{"rendered":"https:\/\/ajatutaja.com\/?post_type=product&#038;p=78489"},"modified":"2026-03-08T05:28:57","modified_gmt":"2026-03-08T04:28:57","slug":"otroska-potovalna-torba-a-little-lovely-company-forest","status":"publish","type":"product","link":"https:\/\/ajatutaja.com\/hr\/proizvod\/otroska-potovalna-torba-a-little-lovely-company-forest\/","title":{"rendered":"Otro\u0161ka potovalna torba A Little Lovely Company &#8211; Forest"},"content":{"rendered":"<p>[vc_row][vc_column][vc_column_text]<\/p>\n<h4>Lastnosti otro\u0161ke potovalne torbe A Little Lovely Company:<strong><br \/>\n<\/strong><\/h4>\n<ul>\n<li>Otro\u0161ka potovalka ustreza ve\u010dini zahtev glede velikosti kabine letalskih prevoznikov.<\/li>\n<li>Odpiranje na zadrgo<\/li>\n<li>Prostorna potovalna torba ima glavni predal z dodatnim \u017eepom, dva odprta stranska \u017eepa, sprednji \u017eep z zadrgo in odprt sprednji \u017eep.<\/li>\n<li>Torba je opremljena s spodnjimi za\u0161\u010ditni \u010depi na dnu.<\/li>\n<li>Potovalka je opremljena z 2 ro\u010daji in nastavljivim ramenskim pasom<\/li>\n<li>Mere: 46 x 25 x 22,5<\/li>\n<li>Kapaciteta: 26 L<\/li>\n<li>Material: 100 % poliester<\/li>\n<li>Nega: Priporo\u010damo ro\u010dno pranje<\/li>\n<\/ul>\n<p>Otro\u0161ka torbica za okoli pasu se lepo dopolnjuje z nahrbtnikom in drugim potovalnim programom blagovne znamke A Little Lovely Company![\/vc_column_text][\/vc_column][\/vc_row]<\/p>\n","protected":false},"excerpt":{"rendered":"<p style=\"text-align: justify\">Prakti\u010dna in prostorna otro\u0161ka potovalna torba A Little Lovely Company je popolna za izlete, po\u010ditnice, dopuste in potovanja. Potovalka ima dvojni ro\u010daj za la\u017eje prena\u0161anje ter snemljiv in nastavljiv ramenski trak.<\/p>\n","protected":false},"featured_media":78483,"template":"","meta":[],"pwb-brand":[2621,2409],"product_brand":[],"product_cat":[5072,2717,2361,2402],"product_tag":[4112,5596,4394,4318],"class_list":{"0":"post-78489","1":"product","2":"type-product","3":"status-publish","4":"has-post-thumbnail","6":"pwb-brand-a-little-lovely-company","7":"pwb-brand-potepanje","8":"product_cat-bozicna-darila","9":"product_cat-darilo-do-50e","10":"product_cat-potepanje","11":"product_cat-potovalni-kovcki","12":"product_tag-a-little-lovely-company","13":"product_tag-forest-friends","14":"product_tag-nahrbtnik-za-vrtec","15":"product_tag-vrtec","17":"first","18":"outofstock","19":"taxable","20":"shipping-taxable","21":"purchasable","22":"product-type-simple","23":"add-to-wishlist-before_image"},"yoast_head":"<!-- This site is optimized with the Yoast SEO plugin v27.3 - https:\/\/yoast.com\/product\/yoast-seo-wordpress\/ -->\n<title>Otro\u0161ka potovalna torba A Little Lovely Company - Forest | Ajatutaja<\/title>\n<meta name=\"description\" content=\"Prakti\u010dna in prostorna otro\u0161ka potovalna torba je popolna za izlete, po\u010ditnice, dopuste in potovanja. Potovalka ima dvojni ro\u010daj za la\u017eje prena\u0161anje\" \/>\n<meta name=\"robots\" content=\"index, follow, max-snippet:-1, max-image-preview:large, max-video-preview:-1\" \/>\n<link rel=\"canonical\" href=\"https:\/\/ajatutaja.com\/izdelek\/otroska-potovalna-torba-a-little-lovely-company-forest\/\" \/>\n<meta property=\"og:locale\" content=\"hr_HR\" \/>\n<meta property=\"og:type\" content=\"article\" \/>\n<meta property=\"og:title\" content=\"Otro\u0161ka potovalna torba A Little Lovely Company - Forest | Ajatutaja\" \/>\n<meta property=\"og:description\" content=\"Prakti\u010dna in prostorna otro\u0161ka potovalna torba je popolna za izlete, po\u010ditnice, dopuste in potovanja. Potovalka ima dvojni ro\u010daj za la\u017eje prena\u0161anje\" \/>\n<meta property=\"og:url\" content=\"https:\/\/ajatutaja.com\/izdelek\/otroska-potovalna-torba-a-little-lovely-company-forest\/\" \/>\n<meta property=\"og:site_name\" content=\"Ajatutaja\" \/>\n<meta property=\"article:modified_time\" content=\"2026-03-08T04:28:57+00:00\" \/>\n<meta property=\"og:image\" content=\"https:\/\/ajatutaja.com\/wp-content\/uploads\/2025\/07\/Little-lovely-company-otroska-potovalka-forest-friends.webp\" \/>\n\t<meta property=\"og:image:width\" content=\"1142\" \/>\n\t<meta property=\"og:image:height\" content=\"1200\" \/>\n\t<meta property=\"og:image:type\" content=\"image\/webp\" \/>\n<meta name=\"twitter:card\" content=\"summary_large_image\" \/>\n<meta name=\"twitter:label1\" content=\"Procijenjeno vrijeme \u010ditanja\" \/>\n\t<meta name=\"twitter:data1\" content=\"1 minuta\" \/>\n<script type=\"application\/ld+json\" class=\"yoast-schema-graph\">{\"@context\":\"https:\\\/\\\/schema.org\",\"@graph\":[{\"@type\":\"WebPage\",\"@id\":\"https:\\\/\\\/ajatutaja.com\\\/izdelek\\\/otroska-potovalna-torba-a-little-lovely-company-forest\\\/\",\"url\":\"https:\\\/\\\/ajatutaja.com\\\/izdelek\\\/otroska-potovalna-torba-a-little-lovely-company-forest\\\/\",\"name\":\"Otro\u0161ka potovalna torba A Little Lovely Company - Forest | Ajatutaja\",\"isPartOf\":{\"@id\":\"https:\\\/\\\/ajatutaja.com\\\/#website\"},\"primaryImageOfPage\":{\"@id\":\"https:\\\/\\\/ajatutaja.com\\\/izdelek\\\/otroska-potovalna-torba-a-little-lovely-company-forest\\\/#primaryimage\"},\"image\":{\"@id\":\"https:\\\/\\\/ajatutaja.com\\\/izdelek\\\/otroska-potovalna-torba-a-little-lovely-company-forest\\\/#primaryimage\"},\"thumbnailUrl\":\"https:\\\/\\\/ajatutaja.com\\\/wp-content\\\/uploads\\\/2025\\\/07\\\/Little-lovely-company-otroska-potovalka-forest-friends.webp\",\"datePublished\":\"2025-07-17T03:49:26+00:00\",\"dateModified\":\"2026-03-08T04:28:57+00:00\",\"description\":\"Prakti\u010dna in prostorna otro\u0161ka potovalna torba je popolna za izlete, po\u010ditnice, dopuste in potovanja. Potovalka ima dvojni ro\u010daj za la\u017eje prena\u0161anje\",\"breadcrumb\":{\"@id\":\"https:\\\/\\\/ajatutaja.com\\\/izdelek\\\/otroska-potovalna-torba-a-little-lovely-company-forest\\\/#breadcrumb\"},\"inLanguage\":\"hr\",\"potentialAction\":[{\"@type\":\"ReadAction\",\"target\":[\"https:\\\/\\\/ajatutaja.com\\\/izdelek\\\/otroska-potovalna-torba-a-little-lovely-company-forest\\\/\"]}]},{\"@type\":\"ImageObject\",\"inLanguage\":\"hr\",\"@id\":\"https:\\\/\\\/ajatutaja.com\\\/izdelek\\\/otroska-potovalna-torba-a-little-lovely-company-forest\\\/#primaryimage\",\"url\":\"https:\\\/\\\/ajatutaja.com\\\/wp-content\\\/uploads\\\/2025\\\/07\\\/Little-lovely-company-otroska-potovalka-forest-friends.webp\",\"contentUrl\":\"https:\\\/\\\/ajatutaja.com\\\/wp-content\\\/uploads\\\/2025\\\/07\\\/Little-lovely-company-otroska-potovalka-forest-friends.webp\",\"width\":1142,\"height\":1200},{\"@type\":\"BreadcrumbList\",\"@id\":\"https:\\\/\\\/ajatutaja.com\\\/izdelek\\\/otroska-potovalna-torba-a-little-lovely-company-forest\\\/#breadcrumb\",\"itemListElement\":[{\"@type\":\"ListItem\",\"position\":1,\"name\":\"Home\",\"item\":\"https:\\\/\\\/ajatutaja.com\\\/hr\\\/\"},{\"@type\":\"ListItem\",\"position\":2,\"name\":\"Trgovina\",\"item\":\"https:\\\/\\\/ajatutaja.com\\\/hr\\\/trgovina\\\/\"},{\"@type\":\"ListItem\",\"position\":3,\"name\":\"Otro\u0161ka potovalna torba A Little Lovely Company &#8211; Forest\"}]},{\"@type\":\"WebSite\",\"@id\":\"https:\\\/\\\/ajatutaja.com\\\/#website\",\"url\":\"https:\\\/\\\/ajatutaja.com\\\/\",\"name\":\"Ajatutaja\",\"description\":\"Otro\u0161ka spletna trgovina AJATUTAJA\",\"publisher\":{\"@id\":\"https:\\\/\\\/ajatutaja.com\\\/#organization\"},\"potentialAction\":[{\"@type\":\"SearchAction\",\"target\":{\"@type\":\"EntryPoint\",\"urlTemplate\":\"https:\\\/\\\/ajatutaja.com\\\/?s={search_term_string}\"},\"query-input\":{\"@type\":\"PropertyValueSpecification\",\"valueRequired\":true,\"valueName\":\"search_term_string\"}}],\"inLanguage\":\"hr\"},{\"@type\":\"Organization\",\"@id\":\"https:\\\/\\\/ajatutaja.com\\\/#organization\",\"name\":\"Ajatutaja\",\"url\":\"https:\\\/\\\/ajatutaja.com\\\/\",\"logo\":{\"@type\":\"ImageObject\",\"inLanguage\":\"hr\",\"@id\":\"https:\\\/\\\/ajatutaja.com\\\/#\\\/schema\\\/logo\\\/image\\\/\",\"url\":\"https:\\\/\\\/ajatutaja.com\\\/wp-content\\\/uploads\\\/2021\\\/10\\\/logo.png\",\"contentUrl\":\"https:\\\/\\\/ajatutaja.com\\\/wp-content\\\/uploads\\\/2021\\\/10\\\/logo.png\",\"width\":555,\"height\":150,\"caption\":\"Ajatutaja\"},\"image\":{\"@id\":\"https:\\\/\\\/ajatutaja.com\\\/#\\\/schema\\\/logo\\\/image\\\/\"}}]}<\/script>\n<!-- \/ Yoast SEO plugin. -->","yoast_head_json":{"title":"Otro\u0161ka potovalna torba A Little Lovely Company - Forest | Ajatutaja","description":"Prakti\u010dna in prostorna otro\u0161ka potovalna torba je popolna za izlete, po\u010ditnice, dopuste in potovanja. Potovalka ima dvojni ro\u010daj za la\u017eje prena\u0161anje","robots":{"index":"index","follow":"follow","max-snippet":"max-snippet:-1","max-image-preview":"max-image-preview:large","max-video-preview":"max-video-preview:-1"},"canonical":"https:\/\/ajatutaja.com\/izdelek\/otroska-potovalna-torba-a-little-lovely-company-forest\/","og_locale":"hr_HR","og_type":"article","og_title":"Otro\u0161ka potovalna torba A Little Lovely Company - Forest | Ajatutaja","og_description":"Prakti\u010dna in prostorna otro\u0161ka potovalna torba je popolna za izlete, po\u010ditnice, dopuste in potovanja. Potovalka ima dvojni ro\u010daj za la\u017eje prena\u0161anje","og_url":"https:\/\/ajatutaja.com\/izdelek\/otroska-potovalna-torba-a-little-lovely-company-forest\/","og_site_name":"Ajatutaja","article_modified_time":"2026-03-08T04:28:57+00:00","og_image":[{"width":1142,"height":1200,"url":"https:\/\/ajatutaja.com\/wp-content\/uploads\/2025\/07\/Little-lovely-company-otroska-potovalka-forest-friends.webp","type":"image\/webp"}],"twitter_card":"summary_large_image","twitter_misc":{"Procijenjeno vrijeme \u010ditanja":"1 minuta"},"schema":{"@context":"https:\/\/schema.org","@graph":[{"@type":"WebPage","@id":"https:\/\/ajatutaja.com\/izdelek\/otroska-potovalna-torba-a-little-lovely-company-forest\/","url":"https:\/\/ajatutaja.com\/izdelek\/otroska-potovalna-torba-a-little-lovely-company-forest\/","name":"Otro\u0161ka potovalna torba A Little Lovely Company - Forest | Ajatutaja","isPartOf":{"@id":"https:\/\/ajatutaja.com\/#website"},"primaryImageOfPage":{"@id":"https:\/\/ajatutaja.com\/izdelek\/otroska-potovalna-torba-a-little-lovely-company-forest\/#primaryimage"},"image":{"@id":"https:\/\/ajatutaja.com\/izdelek\/otroska-potovalna-torba-a-little-lovely-company-forest\/#primaryimage"},"thumbnailUrl":"https:\/\/ajatutaja.com\/wp-content\/uploads\/2025\/07\/Little-lovely-company-otroska-potovalka-forest-friends.webp","datePublished":"2025-07-17T03:49:26+00:00","dateModified":"2026-03-08T04:28:57+00:00","description":"Prakti\u010dna in prostorna otro\u0161ka potovalna torba je popolna za izlete, po\u010ditnice, dopuste in potovanja. Potovalka ima dvojni ro\u010daj za la\u017eje prena\u0161anje","breadcrumb":{"@id":"https:\/\/ajatutaja.com\/izdelek\/otroska-potovalna-torba-a-little-lovely-company-forest\/#breadcrumb"},"inLanguage":"hr","potentialAction":[{"@type":"ReadAction","target":["https:\/\/ajatutaja.com\/izdelek\/otroska-potovalna-torba-a-little-lovely-company-forest\/"]}]},{"@type":"ImageObject","inLanguage":"hr","@id":"https:\/\/ajatutaja.com\/izdelek\/otroska-potovalna-torba-a-little-lovely-company-forest\/#primaryimage","url":"https:\/\/ajatutaja.com\/wp-content\/uploads\/2025\/07\/Little-lovely-company-otroska-potovalka-forest-friends.webp","contentUrl":"https:\/\/ajatutaja.com\/wp-content\/uploads\/2025\/07\/Little-lovely-company-otroska-potovalka-forest-friends.webp","width":1142,"height":1200},{"@type":"BreadcrumbList","@id":"https:\/\/ajatutaja.com\/izdelek\/otroska-potovalna-torba-a-little-lovely-company-forest\/#breadcrumb","itemListElement":[{"@type":"ListItem","position":1,"name":"Home","item":"https:\/\/ajatutaja.com\/hr\/"},{"@type":"ListItem","position":2,"name":"Trgovina","item":"https:\/\/ajatutaja.com\/hr\/trgovina\/"},{"@type":"ListItem","position":3,"name":"Otro\u0161ka potovalna torba A Little Lovely Company &#8211; Forest"}]},{"@type":"WebSite","@id":"https:\/\/ajatutaja.com\/#website","url":"https:\/\/ajatutaja.com\/","name":"Ajatutaja","description":"Otro\u0161ka spletna trgovina AJATUTAJA","publisher":{"@id":"https:\/\/ajatutaja.com\/#organization"},"potentialAction":[{"@type":"SearchAction","target":{"@type":"EntryPoint","urlTemplate":"https:\/\/ajatutaja.com\/?s={search_term_string}"},"query-input":{"@type":"PropertyValueSpecification","valueRequired":true,"valueName":"search_term_string"}}],"inLanguage":"hr"},{"@type":"Organization","@id":"https:\/\/ajatutaja.com\/#organization","name":"Ajatutaja","url":"https:\/\/ajatutaja.com\/","logo":{"@type":"ImageObject","inLanguage":"hr","@id":"https:\/\/ajatutaja.com\/#\/schema\/logo\/image\/","url":"https:\/\/ajatutaja.com\/wp-content\/uploads\/2021\/10\/logo.png","contentUrl":"https:\/\/ajatutaja.com\/wp-content\/uploads\/2021\/10\/logo.png","width":555,"height":150,"caption":"Ajatutaja"},"image":{"@id":"https:\/\/ajatutaja.com\/#\/schema\/logo\/image\/"}}]}},"brands":[{"id":2621,"name":"A Little Lovely Company","slug":"a-little-lovely-company"},{"id":2409,"name":"Potepanje","slug":"potepanje"}],"_links":{"self":[{"href":"https:\/\/ajatutaja.com\/hr\/wp-json\/wp\/v2\/product\/78489","targetHints":{"allow":["GET"]}}],"collection":[{"href":"https:\/\/ajatutaja.com\/hr\/wp-json\/wp\/v2\/product"}],"about":[{"href":"https:\/\/ajatutaja.com\/hr\/wp-json\/wp\/v2\/types\/product"}],"wp:featuredmedia":[{"embeddable":true,"href":"https:\/\/ajatutaja.com\/hr\/wp-json\/wp\/v2\/media\/78483"}],"wp:attachment":[{"href":"https:\/\/ajatutaja.com\/hr\/wp-json\/wp\/v2\/media?parent=78489"}],"wp:term":[{"taxonomy":"pwb-brand","embeddable":true,"href":"https:\/\/ajatutaja.com\/hr\/wp-json\/wp\/v2\/pwb-brand?post=78489"},{"taxonomy":"product_brand","embeddable":true,"href":"https:\/\/ajatutaja.com\/hr\/wp-json\/wp\/v2\/product_brand?post=78489"},{"taxonomy":"product_cat","embeddable":true,"href":"https:\/\/ajatutaja.com\/hr\/wp-json\/wp\/v2\/product_cat?post=78489"},{"taxonomy":"product_tag","embeddable":true,"href":"https:\/\/ajatutaja.com\/hr\/wp-json\/wp\/v2\/product_tag?post=78489"}],"curies":[{"name":"wp","href":"https:\/\/api.w.org\/{rel}","templated":true}]}}