{"id":78305,"date":"2025-07-12T11:32:03","date_gmt":"2025-07-12T09:32:03","guid":{"rendered":"https:\/\/ajatutaja.com\/?post_type=product&#038;p=78305"},"modified":"2026-03-17T20:51:15","modified_gmt":"2026-03-17T19:51:15","slug":"modu-balance-track-ravnotezna-steza","status":"publish","type":"product","link":"https:\/\/ajatutaja.com\/hr\/proizvod\/modu-balance-track-ravnotezna-steza\/","title":{"rendered":"MODU\u00ae Balance track &#8211; Ravnote\u017ena steza"},"content":{"rendered":"<p>[vc_row][vc_column][vc_column_text]<\/p>\n<p style=\"text-align: justify\">Z ne\u0161tetimi na\u010dini gradnje je kot nala\u0161\u010d za spodbujanje domiselne igre in aktivnega u\u010denja. Ko ni v uporabi, se lahko ravnote\u017ena steza spremeni v pametno pohi\u0161tvo za otro\u0161ko sobo, kot je polica, klop ali celo majhna mizica \u2014 zabavna in funkcionalna igra\u010da za otroke, stare 3+.<\/p>\n<h3>Lastnosti\u00a0Ravnote\u017ene steze\u00a0MODU\u00ae Balance Board:<\/h3>\n<ul>\n<li>V \u0161katli: 17 kosov (4x ravnote\u017ene grede, 4x kocke, 8x klini, 1x knji\u017eica navdiha)<\/li>\n<li>Kreacije: ve\u010d kot 10 mo\u017enosti<\/li>\n<li>Lahko se dopolnjujejo z modularnimi seti MODU<\/li>\n<li>Starost: 3-8 let (OPOZORILO! Ta izdelek ni primeren za otroke manj\u0161e od 3 let)<\/li>\n<li>Material: Grede (FSC certificiran brezov les, pobarvan z naravnim lanenim oljem) \/ Kocke (100% reciklirana EVA pena in ABS primeren za stik z \u017eivili (od tega je 15% recikliranih plastenk najdenih v oceanu)<\/li>\n<li>Max. nosilnost: 50 kg<\/li>\n<li>Dimnezije: 70 x 24 x 20 cm<\/li>\n<li>Te\u017ea 2,7 kg<\/li>\n<li>Nega in \u010di\u0161\u010denje: obri\u0161ite z vla\u017eno krpo, mo\u017eno pranje v pomivalnem stroju<\/li>\n<li>Prejmik nagrad: Baby Innovation Award, Danish Design Award, Innovation Award in RedDot Design 2019 Award Winner<\/li>\n<li>Proizvedeno v EU (Franciji in Danska)<\/li>\n<\/ul>\n<h3><a href=\"https:\/\/ajatutaja.com\/wp-content\/uploads\/2025\/07\/MODU_Balance_booklet_2024_v1.pdf\">MODU KNJI\u017dICA ZA INSPIRACIJO<\/a><\/h3>\n<p>Modu\u00ae je modularni set kock, ki jih lahko medsebojno pove\u017eete in z njimi zgradite \u0161tevilne vrste konstrukcij, ki omogo\u010dajo neomejeno \u0161tevilo razli\u010dnih iger. Kocke Modu so elegantne, \u010diste in neutralnih osnovnih barv, s svojim minimalisti\u010dnim dizajnom pa nas takoj asociirajo na priljubljen skandinavski slog. S kockami Modu, otroku ne bo nikoli dolg\u010das!Modularne kocke MODU je v Copenhagnu razvila skupina mladih in talentiranih posameznikov, katerih cilj je bil ustvariti vzdr\u017eljivo in zabavno igra\u010do, ki otrokom pomaga pri razvoju motori\u010dnih sposobnosti.[\/vc_column_text][\/vc_column][\/vc_row]<\/p>\n","protected":false},"excerpt":{"rendered":"<p style=\"text-align: justify\">Iz MODU\u00ae set kock Balance track nastane Ravnote\u017ena steza, ki jo po \u017eelji sestavite in nadgrajujete. S tem kompletom tramov in blokov lahko otroci oblikujejo lastne steze za ravnote\u017eje, s \u010dimer izbolj\u0161ajo koordinacijo in motori\u010dne sposobnosti z vsaj 10 razli\u010dnimi stezami na razli\u010dnih ravneh \u2014 in \u0161e ve\u010d za raziskovanje! Ravnote\u017ene grede so izdelane iz brezovega lesa s certifikatom FSC, obarvanega z naravnim lanenim oljem, kar zagotavlja trajnost, vzdr\u017eljivost in dizajn, ki dopolnjuje vsak dom.<\/p>\n","protected":false},"featured_media":78250,"template":"","meta":[],"pwb-brand":[2452,2469],"product_brand":[],"product_cat":[3992,2441,2362],"product_tag":[3984],"class_list":{"0":"post-78305","1":"product","2":"type-product","3":"status-publish","4":"has-post-thumbnail","6":"pwb-brand-igranje","7":"pwb-brand-modu","8":"product_cat-3-leta-igrace","9":"product_cat-aktivnostne-igrace","10":"product_cat-igranje","11":"product_tag-modu","13":"first","14":"instock","15":"taxable","16":"shipping-taxable","17":"purchasable","18":"product-type-variable","19":"add-to-wishlist-before_image"},"yoast_head":"<!-- This site is optimized with the Yoast SEO plugin v27.3 - https:\/\/yoast.com\/product\/yoast-seo-wordpress\/ -->\n<title>MODU\u00ae Balance track - Ravnote\u017ena steza | Ajatutaja<\/title>\n<meta name=\"description\" content=\"Modu\u00ae je modularni set kock, ki jih lahko medsebojno pove\u017eete in z njimi zgradite \u0161tevilne vrste konstrukcij, ki omogo\u010dajo neomejeno \u0161tevilo razli\u010dnih iger.\" \/>\n<meta name=\"robots\" content=\"index, follow, max-snippet:-1, max-image-preview:large, max-video-preview:-1\" \/>\n<link rel=\"canonical\" href=\"https:\/\/ajatutaja.com\/izdelek\/modu-balance-track-ravnotezna-steza\/\" \/>\n<meta property=\"og:locale\" content=\"hr_HR\" \/>\n<meta property=\"og:type\" content=\"article\" \/>\n<meta property=\"og:title\" content=\"MODU\u00ae Balance track - Ravnote\u017ena steza | Ajatutaja\" \/>\n<meta property=\"og:description\" content=\"Modu\u00ae je modularni set kock, ki jih lahko medsebojno pove\u017eete in z njimi zgradite \u0161tevilne vrste konstrukcij, ki omogo\u010dajo neomejeno \u0161tevilo razli\u010dnih iger.\" \/>\n<meta property=\"og:url\" content=\"https:\/\/ajatutaja.com\/izdelek\/modu-balance-track-ravnotezna-steza\/\" \/>\n<meta property=\"og:site_name\" content=\"Ajatutaja\" \/>\n<meta property=\"article:modified_time\" content=\"2026-03-17T19:51:15+00:00\" \/>\n<meta property=\"og:image\" content=\"https:\/\/ajatutaja.com\/wp-content\/uploads\/2025\/07\/modu-ravnotezna-steza-burnt-orange-dusty-green-1.jpeg\" \/>\n\t<meta property=\"og:image:width\" content=\"1080\" \/>\n\t<meta property=\"og:image:height\" content=\"1080\" \/>\n\t<meta property=\"og:image:type\" content=\"image\/jpeg\" \/>\n<meta name=\"twitter:card\" content=\"summary_large_image\" \/>\n<meta name=\"twitter:label1\" content=\"Procijenjeno vrijeme \u010ditanja\" \/>\n\t<meta name=\"twitter:data1\" content=\"1 minuta\" \/>\n<script type=\"application\/ld+json\" class=\"yoast-schema-graph\">{\"@context\":\"https:\\\/\\\/schema.org\",\"@graph\":[{\"@type\":\"WebPage\",\"@id\":\"https:\\\/\\\/ajatutaja.com\\\/izdelek\\\/modu-balance-track-ravnotezna-steza\\\/\",\"url\":\"https:\\\/\\\/ajatutaja.com\\\/izdelek\\\/modu-balance-track-ravnotezna-steza\\\/\",\"name\":\"MODU\u00ae Balance track - Ravnote\u017ena steza | Ajatutaja\",\"isPartOf\":{\"@id\":\"https:\\\/\\\/ajatutaja.com\\\/#website\"},\"primaryImageOfPage\":{\"@id\":\"https:\\\/\\\/ajatutaja.com\\\/izdelek\\\/modu-balance-track-ravnotezna-steza\\\/#primaryimage\"},\"image\":{\"@id\":\"https:\\\/\\\/ajatutaja.com\\\/izdelek\\\/modu-balance-track-ravnotezna-steza\\\/#primaryimage\"},\"thumbnailUrl\":\"https:\\\/\\\/ajatutaja.com\\\/wp-content\\\/uploads\\\/2025\\\/07\\\/modu-ravnotezna-steza-burnt-orange-dusty-green-1.jpeg\",\"datePublished\":\"2025-07-12T09:32:03+00:00\",\"dateModified\":\"2026-03-17T19:51:15+00:00\",\"description\":\"Modu\u00ae je modularni set kock, ki jih lahko medsebojno pove\u017eete in z njimi zgradite \u0161tevilne vrste konstrukcij, ki omogo\u010dajo neomejeno \u0161tevilo razli\u010dnih iger.\",\"breadcrumb\":{\"@id\":\"https:\\\/\\\/ajatutaja.com\\\/izdelek\\\/modu-balance-track-ravnotezna-steza\\\/#breadcrumb\"},\"inLanguage\":\"hr\",\"potentialAction\":[{\"@type\":\"ReadAction\",\"target\":[\"https:\\\/\\\/ajatutaja.com\\\/izdelek\\\/modu-balance-track-ravnotezna-steza\\\/\"]}]},{\"@type\":\"ImageObject\",\"inLanguage\":\"hr\",\"@id\":\"https:\\\/\\\/ajatutaja.com\\\/izdelek\\\/modu-balance-track-ravnotezna-steza\\\/#primaryimage\",\"url\":\"https:\\\/\\\/ajatutaja.com\\\/wp-content\\\/uploads\\\/2025\\\/07\\\/modu-ravnotezna-steza-burnt-orange-dusty-green-1.jpeg\",\"contentUrl\":\"https:\\\/\\\/ajatutaja.com\\\/wp-content\\\/uploads\\\/2025\\\/07\\\/modu-ravnotezna-steza-burnt-orange-dusty-green-1.jpeg\",\"width\":1080,\"height\":1080},{\"@type\":\"BreadcrumbList\",\"@id\":\"https:\\\/\\\/ajatutaja.com\\\/izdelek\\\/modu-balance-track-ravnotezna-steza\\\/#breadcrumb\",\"itemListElement\":[{\"@type\":\"ListItem\",\"position\":1,\"name\":\"Home\",\"item\":\"https:\\\/\\\/ajatutaja.com\\\/hr\\\/\"},{\"@type\":\"ListItem\",\"position\":2,\"name\":\"Trgovina\",\"item\":\"https:\\\/\\\/ajatutaja.com\\\/hr\\\/trgovina\\\/\"},{\"@type\":\"ListItem\",\"position\":3,\"name\":\"MODU\u00ae Balance track &#8211; Ravnote\u017ena steza\"}]},{\"@type\":\"WebSite\",\"@id\":\"https:\\\/\\\/ajatutaja.com\\\/#website\",\"url\":\"https:\\\/\\\/ajatutaja.com\\\/\",\"name\":\"Ajatutaja\",\"description\":\"Otro\u0161ka spletna trgovina AJATUTAJA\",\"publisher\":{\"@id\":\"https:\\\/\\\/ajatutaja.com\\\/#organization\"},\"potentialAction\":[{\"@type\":\"SearchAction\",\"target\":{\"@type\":\"EntryPoint\",\"urlTemplate\":\"https:\\\/\\\/ajatutaja.com\\\/?s={search_term_string}\"},\"query-input\":{\"@type\":\"PropertyValueSpecification\",\"valueRequired\":true,\"valueName\":\"search_term_string\"}}],\"inLanguage\":\"hr\"},{\"@type\":\"Organization\",\"@id\":\"https:\\\/\\\/ajatutaja.com\\\/#organization\",\"name\":\"Ajatutaja\",\"url\":\"https:\\\/\\\/ajatutaja.com\\\/\",\"logo\":{\"@type\":\"ImageObject\",\"inLanguage\":\"hr\",\"@id\":\"https:\\\/\\\/ajatutaja.com\\\/#\\\/schema\\\/logo\\\/image\\\/\",\"url\":\"https:\\\/\\\/ajatutaja.com\\\/wp-content\\\/uploads\\\/2021\\\/10\\\/logo.png\",\"contentUrl\":\"https:\\\/\\\/ajatutaja.com\\\/wp-content\\\/uploads\\\/2021\\\/10\\\/logo.png\",\"width\":555,\"height\":150,\"caption\":\"Ajatutaja\"},\"image\":{\"@id\":\"https:\\\/\\\/ajatutaja.com\\\/#\\\/schema\\\/logo\\\/image\\\/\"}}]}<\/script>\n<!-- \/ Yoast SEO plugin. -->","yoast_head_json":{"title":"MODU\u00ae Balance track - Ravnote\u017ena steza | Ajatutaja","description":"Modu\u00ae je modularni set kock, ki jih lahko medsebojno pove\u017eete in z njimi zgradite \u0161tevilne vrste konstrukcij, ki omogo\u010dajo neomejeno \u0161tevilo razli\u010dnih iger.","robots":{"index":"index","follow":"follow","max-snippet":"max-snippet:-1","max-image-preview":"max-image-preview:large","max-video-preview":"max-video-preview:-1"},"canonical":"https:\/\/ajatutaja.com\/izdelek\/modu-balance-track-ravnotezna-steza\/","og_locale":"hr_HR","og_type":"article","og_title":"MODU\u00ae Balance track - Ravnote\u017ena steza | Ajatutaja","og_description":"Modu\u00ae je modularni set kock, ki jih lahko medsebojno pove\u017eete in z njimi zgradite \u0161tevilne vrste konstrukcij, ki omogo\u010dajo neomejeno \u0161tevilo razli\u010dnih iger.","og_url":"https:\/\/ajatutaja.com\/izdelek\/modu-balance-track-ravnotezna-steza\/","og_site_name":"Ajatutaja","article_modified_time":"2026-03-17T19:51:15+00:00","og_image":[{"width":1080,"height":1080,"url":"https:\/\/ajatutaja.com\/wp-content\/uploads\/2025\/07\/modu-ravnotezna-steza-burnt-orange-dusty-green-1.jpeg","type":"image\/jpeg"}],"twitter_card":"summary_large_image","twitter_misc":{"Procijenjeno vrijeme \u010ditanja":"1 minuta"},"schema":{"@context":"https:\/\/schema.org","@graph":[{"@type":"WebPage","@id":"https:\/\/ajatutaja.com\/izdelek\/modu-balance-track-ravnotezna-steza\/","url":"https:\/\/ajatutaja.com\/izdelek\/modu-balance-track-ravnotezna-steza\/","name":"MODU\u00ae Balance track - Ravnote\u017ena steza | Ajatutaja","isPartOf":{"@id":"https:\/\/ajatutaja.com\/#website"},"primaryImageOfPage":{"@id":"https:\/\/ajatutaja.com\/izdelek\/modu-balance-track-ravnotezna-steza\/#primaryimage"},"image":{"@id":"https:\/\/ajatutaja.com\/izdelek\/modu-balance-track-ravnotezna-steza\/#primaryimage"},"thumbnailUrl":"https:\/\/ajatutaja.com\/wp-content\/uploads\/2025\/07\/modu-ravnotezna-steza-burnt-orange-dusty-green-1.jpeg","datePublished":"2025-07-12T09:32:03+00:00","dateModified":"2026-03-17T19:51:15+00:00","description":"Modu\u00ae je modularni set kock, ki jih lahko medsebojno pove\u017eete in z njimi zgradite \u0161tevilne vrste konstrukcij, ki omogo\u010dajo neomejeno \u0161tevilo razli\u010dnih iger.","breadcrumb":{"@id":"https:\/\/ajatutaja.com\/izdelek\/modu-balance-track-ravnotezna-steza\/#breadcrumb"},"inLanguage":"hr","potentialAction":[{"@type":"ReadAction","target":["https:\/\/ajatutaja.com\/izdelek\/modu-balance-track-ravnotezna-steza\/"]}]},{"@type":"ImageObject","inLanguage":"hr","@id":"https:\/\/ajatutaja.com\/izdelek\/modu-balance-track-ravnotezna-steza\/#primaryimage","url":"https:\/\/ajatutaja.com\/wp-content\/uploads\/2025\/07\/modu-ravnotezna-steza-burnt-orange-dusty-green-1.jpeg","contentUrl":"https:\/\/ajatutaja.com\/wp-content\/uploads\/2025\/07\/modu-ravnotezna-steza-burnt-orange-dusty-green-1.jpeg","width":1080,"height":1080},{"@type":"BreadcrumbList","@id":"https:\/\/ajatutaja.com\/izdelek\/modu-balance-track-ravnotezna-steza\/#breadcrumb","itemListElement":[{"@type":"ListItem","position":1,"name":"Home","item":"https:\/\/ajatutaja.com\/hr\/"},{"@type":"ListItem","position":2,"name":"Trgovina","item":"https:\/\/ajatutaja.com\/hr\/trgovina\/"},{"@type":"ListItem","position":3,"name":"MODU\u00ae Balance track &#8211; Ravnote\u017ena steza"}]},{"@type":"WebSite","@id":"https:\/\/ajatutaja.com\/#website","url":"https:\/\/ajatutaja.com\/","name":"Ajatutaja","description":"Otro\u0161ka spletna trgovina AJATUTAJA","publisher":{"@id":"https:\/\/ajatutaja.com\/#organization"},"potentialAction":[{"@type":"SearchAction","target":{"@type":"EntryPoint","urlTemplate":"https:\/\/ajatutaja.com\/?s={search_term_string}"},"query-input":{"@type":"PropertyValueSpecification","valueRequired":true,"valueName":"search_term_string"}}],"inLanguage":"hr"},{"@type":"Organization","@id":"https:\/\/ajatutaja.com\/#organization","name":"Ajatutaja","url":"https:\/\/ajatutaja.com\/","logo":{"@type":"ImageObject","inLanguage":"hr","@id":"https:\/\/ajatutaja.com\/#\/schema\/logo\/image\/","url":"https:\/\/ajatutaja.com\/wp-content\/uploads\/2021\/10\/logo.png","contentUrl":"https:\/\/ajatutaja.com\/wp-content\/uploads\/2021\/10\/logo.png","width":555,"height":150,"caption":"Ajatutaja"},"image":{"@id":"https:\/\/ajatutaja.com\/#\/schema\/logo\/image\/"}}]}},"brands":[{"id":2452,"name":"Igranje","slug":"igranje"},{"id":2469,"name":"Modu","slug":"modu"}],"_links":{"self":[{"href":"https:\/\/ajatutaja.com\/hr\/wp-json\/wp\/v2\/product\/78305","targetHints":{"allow":["GET"]}}],"collection":[{"href":"https:\/\/ajatutaja.com\/hr\/wp-json\/wp\/v2\/product"}],"about":[{"href":"https:\/\/ajatutaja.com\/hr\/wp-json\/wp\/v2\/types\/product"}],"wp:featuredmedia":[{"embeddable":true,"href":"https:\/\/ajatutaja.com\/hr\/wp-json\/wp\/v2\/media\/78250"}],"wp:attachment":[{"href":"https:\/\/ajatutaja.com\/hr\/wp-json\/wp\/v2\/media?parent=78305"}],"wp:term":[{"taxonomy":"pwb-brand","embeddable":true,"href":"https:\/\/ajatutaja.com\/hr\/wp-json\/wp\/v2\/pwb-brand?post=78305"},{"taxonomy":"product_brand","embeddable":true,"href":"https:\/\/ajatutaja.com\/hr\/wp-json\/wp\/v2\/product_brand?post=78305"},{"taxonomy":"product_cat","embeddable":true,"href":"https:\/\/ajatutaja.com\/hr\/wp-json\/wp\/v2\/product_cat?post=78305"},{"taxonomy":"product_tag","embeddable":true,"href":"https:\/\/ajatutaja.com\/hr\/wp-json\/wp\/v2\/product_tag?post=78305"}],"curies":[{"name":"wp","href":"https:\/\/api.w.org\/{rel}","templated":true}]}}