{"id":78291,"date":"2025-07-12T11:11:09","date_gmt":"2025-07-12T09:11:09","guid":{"rendered":"https:\/\/ajatutaja.com\/?post_type=product&#038;p=78291"},"modified":"2025-07-23T13:16:53","modified_gmt":"2025-07-23T11:16:53","slug":"modu-baby-walker-3v1","status":"publish","type":"product","link":"https:\/\/ajatutaja.com\/hr\/proizvod\/modu-baby-walker-3v1\/","title":{"rendered":"MODU\u00ae Baby walker 3v1 &#8211; Modularni set"},"content":{"rendered":"<p>[vc_row][vc_column][vc_column_text]Modu\u00ae je modularni set kock, ki jih lahko medsebojno pove\u017eete in z njimi zgradite \u0161tevilne vrste konstrukcij, ki omogo\u010dajo neomejeno \u0161tevilo razli\u010dnih iger. Kocke Modu so elegantne, \u010diste in neutralnih osnovnih barv, s svojim minimalisti\u010dnim dizajnom pa nas takoj asociirajo na priljubljen skandinavski slog. S kockami Modu, otroku ne bo nikoli dolg\u010das!Modularne kocke MODU je v Copenhagnu razvila skupina mladih in talentiranih posameznikov, katerih cilj je bil ustvariti vzdr\u017eljivo in zabavno igra\u010do, ki otrokom pomaga pri razvoju motori\u010dnih sposobnosti.<\/p>\n<h3>Lastnosti MODU\u00ae Baby Walker &#8211; modularni set kock:<\/h3>\n<ul>\n<li>V \u0161katli prejmete: 3 x kocke, 14 x priklju\u010dkov, 4 x penasta kolesa, 1 x knji\u017eica z idejami<\/li>\n<li>Kreacije: vsaj 3 mo\u017enosti (otro\u0161ki poganjalec, vozi\u010dek, stol\u010dek s stopnico)<\/li>\n<li>Material: 100% reciklirana EVA pena in ABS primeren za stik z \u017eivili (od tega je 15% recikliranih plastenk najdenih v oceanu)<\/li>\n<li>Max. nosilnost: 50 kg<\/li>\n<li>Starost: 6mes. &#8211; 3 let<\/li>\n<li>Dimnezije: 48 x 27 x 44 cm<\/li>\n<li>Te\u017ea 2,7 kg<\/li>\n<li>Nega in \u010di\u0161\u010denje: obri\u0161ite z vla\u017eno krpo, mo\u017eno pranje v pomivalnem stroju<\/li>\n<li>Prejmik nagrad: Baby Innovation Award, Danish Design Award, Innovation Award in RedDot Design 2019 Award Winner<\/li>\n<li>Proizvedeno v EU (Franciji in Danska)<\/li>\n<\/ul>\n<h3><a href=\"\/\/ajatutaja.com\/wp-content\/uploads\/2025\/07\/Baby_Walker_Z-Folder_A5.pdf\">MODU KNJI\u017dICA ZA INSPIRACIJO<\/a><\/h3>\n<p>[\/vc_column_text][\/vc_column][\/vc_row]<\/p>\n","protected":false},"excerpt":{"rendered":"<div style=\"text-align: justify\">\n<p>Modularni set kock MODU\u00ae Baby walker 3v1 spodbuja zgodnje korake va\u0161ega mal\u010dka in ponuja \u0161tevilne zabavne ter prakti\u010dne funkcije. Ko otrok zraste, se hojica enostavno preoblikuje v vozi\u010dek ali priro\u010den stol\u010dek. Prostorna torba omogo\u010da shranjevanje najljub\u0161ih igra\u010d ali prena\u0161anje kompleta na poti. Stabilna, varna kolesa in lahek dizajn zagotavljajo enostavno potiskanje tudi za najmlaj\u0161e raziskovalce.<\/p>\n<p>Z rastjo va\u0161ega otroka pa raste tudi MODU \u2013 sestavite nova vozila, poganjal\u010dek ali stopni\u010dasto sedi\u0161\u010de in spodbudite igro, gibanje ter samostojnost na vsakem koraku.<\/p>\n<\/div>\n","protected":false},"featured_media":78299,"template":"","meta":[],"pwb-brand":[2452,2469],"product_brand":[],"product_cat":[3988,2441,5072,2451,2362],"product_tag":[3984],"class_list":{"0":"post-78291","1":"product","2":"type-product","3":"status-publish","4":"has-post-thumbnail","6":"pwb-brand-igranje","7":"pwb-brand-modu","8":"product_cat-6-mesecev-igrace","9":"product_cat-aktivnostne-igrace","10":"product_cat-bozicna-darila","11":"product_cat-igra-na-prostem","12":"product_cat-igranje","13":"product_tag-modu","15":"first","16":"instock","17":"taxable","18":"shipping-taxable","19":"purchasable","20":"product-type-variable","21":"add-to-wishlist-before_image"},"yoast_head":"<!-- This site is optimized with the Yoast SEO plugin v27.3 - https:\/\/yoast.com\/product\/yoast-seo-wordpress\/ -->\n<title>MODU\u00ae Baby walker 3v1 - Modularni set | Ajatutaja<\/title>\n<meta name=\"description\" content=\"Modularni set kock MODU\u00ae Baby walker 3v1 spodbuja zgodnje korake va\u0161ega mal\u010dka in ponuja \u0161tevilne zabavne ter prakti\u010dne funkcije. Ko otrok zraste, se hojica enostavno preoblikuje v vozi\u010dek ali priro\u010den stol\u010dek.\" \/>\n<meta name=\"robots\" content=\"index, follow, max-snippet:-1, max-image-preview:large, max-video-preview:-1\" \/>\n<link rel=\"canonical\" href=\"https:\/\/ajatutaja.com\/hr\/proizvod\/modu-baby-walker-3v1\/\" \/>\n<meta property=\"og:locale\" content=\"hr_HR\" \/>\n<meta property=\"og:type\" content=\"article\" \/>\n<meta property=\"og:title\" content=\"MODU\u00ae Baby walker 3v1 - Modularni set | Ajatutaja\" \/>\n<meta property=\"og:description\" content=\"Modularni set kock MODU\u00ae Baby walker 3v1 spodbuja zgodnje korake va\u0161ega mal\u010dka in ponuja \u0161tevilne zabavne ter prakti\u010dne funkcije. Ko otrok zraste, se hojica enostavno preoblikuje v vozi\u010dek ali priro\u010den stol\u010dek.\" \/>\n<meta property=\"og:url\" content=\"https:\/\/ajatutaja.com\/hr\/proizvod\/modu-baby-walker-3v1\/\" \/>\n<meta property=\"og:site_name\" content=\"Ajatutaja\" \/>\n<meta property=\"article:modified_time\" content=\"2025-07-23T11:16:53+00:00\" \/>\n<meta property=\"og:image\" content=\"https:\/\/ajatutaja.com\/wp-content\/uploads\/2025\/07\/Baby-Walker-Deep-Blue-sky-ajatutaja-1.webp\" \/>\n\t<meta property=\"og:image:width\" content=\"1920\" \/>\n\t<meta property=\"og:image:height\" content=\"2400\" \/>\n\t<meta property=\"og:image:type\" content=\"image\/webp\" \/>\n<meta name=\"twitter:card\" content=\"summary_large_image\" \/>\n<meta name=\"twitter:label1\" content=\"Procijenjeno vrijeme \u010ditanja\" \/>\n\t<meta name=\"twitter:data1\" content=\"1 minuta\" \/>\n<script type=\"application\/ld+json\" class=\"yoast-schema-graph\">{\"@context\":\"https:\\\/\\\/schema.org\",\"@graph\":[{\"@type\":\"WebPage\",\"@id\":\"https:\\\/\\\/ajatutaja.com\\\/hr\\\/proizvod\\\/modu-baby-walker-3v1\\\/\",\"url\":\"https:\\\/\\\/ajatutaja.com\\\/hr\\\/proizvod\\\/modu-baby-walker-3v1\\\/\",\"name\":\"MODU\u00ae Baby walker 3v1 - Modularni set | Ajatutaja\",\"isPartOf\":{\"@id\":\"https:\\\/\\\/ajatutaja.com\\\/#website\"},\"primaryImageOfPage\":{\"@id\":\"https:\\\/\\\/ajatutaja.com\\\/hr\\\/proizvod\\\/modu-baby-walker-3v1\\\/#primaryimage\"},\"image\":{\"@id\":\"https:\\\/\\\/ajatutaja.com\\\/hr\\\/proizvod\\\/modu-baby-walker-3v1\\\/#primaryimage\"},\"thumbnailUrl\":\"https:\\\/\\\/ajatutaja.com\\\/wp-content\\\/uploads\\\/2025\\\/07\\\/Baby-Walker-Deep-Blue-sky-ajatutaja-1.webp\",\"datePublished\":\"2025-07-12T09:11:09+00:00\",\"dateModified\":\"2025-07-23T11:16:53+00:00\",\"description\":\"Modularni set kock MODU\u00ae Baby walker 3v1 spodbuja zgodnje korake va\u0161ega mal\u010dka in ponuja \u0161tevilne zabavne ter prakti\u010dne funkcije. Ko otrok zraste, se hojica enostavno preoblikuje v vozi\u010dek ali priro\u010den stol\u010dek.\",\"breadcrumb\":{\"@id\":\"https:\\\/\\\/ajatutaja.com\\\/hr\\\/proizvod\\\/modu-baby-walker-3v1\\\/#breadcrumb\"},\"inLanguage\":\"hr\",\"potentialAction\":[{\"@type\":\"ReadAction\",\"target\":[\"https:\\\/\\\/ajatutaja.com\\\/hr\\\/proizvod\\\/modu-baby-walker-3v1\\\/\"]}]},{\"@type\":\"ImageObject\",\"inLanguage\":\"hr\",\"@id\":\"https:\\\/\\\/ajatutaja.com\\\/hr\\\/proizvod\\\/modu-baby-walker-3v1\\\/#primaryimage\",\"url\":\"https:\\\/\\\/ajatutaja.com\\\/wp-content\\\/uploads\\\/2025\\\/07\\\/Baby-Walker-Deep-Blue-sky-ajatutaja-1.webp\",\"contentUrl\":\"https:\\\/\\\/ajatutaja.com\\\/wp-content\\\/uploads\\\/2025\\\/07\\\/Baby-Walker-Deep-Blue-sky-ajatutaja-1.webp\",\"width\":1920,\"height\":2400},{\"@type\":\"BreadcrumbList\",\"@id\":\"https:\\\/\\\/ajatutaja.com\\\/hr\\\/proizvod\\\/modu-baby-walker-3v1\\\/#breadcrumb\",\"itemListElement\":[{\"@type\":\"ListItem\",\"position\":1,\"name\":\"Home\",\"item\":\"https:\\\/\\\/ajatutaja.com\\\/hr\\\/\"},{\"@type\":\"ListItem\",\"position\":2,\"name\":\"Trgovina\",\"item\":\"https:\\\/\\\/ajatutaja.com\\\/hr\\\/trgovina\\\/\"},{\"@type\":\"ListItem\",\"position\":3,\"name\":\"MODU\u00ae Baby walker 3v1 &#8211; Modularni set\"}]},{\"@type\":\"WebSite\",\"@id\":\"https:\\\/\\\/ajatutaja.com\\\/#website\",\"url\":\"https:\\\/\\\/ajatutaja.com\\\/\",\"name\":\"Ajatutaja\",\"description\":\"Otro\u0161ka spletna trgovina AJATUTAJA\",\"publisher\":{\"@id\":\"https:\\\/\\\/ajatutaja.com\\\/#organization\"},\"potentialAction\":[{\"@type\":\"SearchAction\",\"target\":{\"@type\":\"EntryPoint\",\"urlTemplate\":\"https:\\\/\\\/ajatutaja.com\\\/?s={search_term_string}\"},\"query-input\":{\"@type\":\"PropertyValueSpecification\",\"valueRequired\":true,\"valueName\":\"search_term_string\"}}],\"inLanguage\":\"hr\"},{\"@type\":\"Organization\",\"@id\":\"https:\\\/\\\/ajatutaja.com\\\/#organization\",\"name\":\"Ajatutaja\",\"url\":\"https:\\\/\\\/ajatutaja.com\\\/\",\"logo\":{\"@type\":\"ImageObject\",\"inLanguage\":\"hr\",\"@id\":\"https:\\\/\\\/ajatutaja.com\\\/#\\\/schema\\\/logo\\\/image\\\/\",\"url\":\"https:\\\/\\\/ajatutaja.com\\\/wp-content\\\/uploads\\\/2021\\\/10\\\/logo.png\",\"contentUrl\":\"https:\\\/\\\/ajatutaja.com\\\/wp-content\\\/uploads\\\/2021\\\/10\\\/logo.png\",\"width\":555,\"height\":150,\"caption\":\"Ajatutaja\"},\"image\":{\"@id\":\"https:\\\/\\\/ajatutaja.com\\\/#\\\/schema\\\/logo\\\/image\\\/\"}}]}<\/script>\n<!-- \/ Yoast SEO plugin. -->","yoast_head_json":{"title":"MODU\u00ae Baby walker 3v1 - Modularni set | Ajatutaja","description":"Modularni set kock MODU\u00ae Baby walker 3v1 spodbuja zgodnje korake va\u0161ega mal\u010dka in ponuja \u0161tevilne zabavne ter prakti\u010dne funkcije. Ko otrok zraste, se hojica enostavno preoblikuje v vozi\u010dek ali priro\u010den stol\u010dek.","robots":{"index":"index","follow":"follow","max-snippet":"max-snippet:-1","max-image-preview":"max-image-preview:large","max-video-preview":"max-video-preview:-1"},"canonical":"https:\/\/ajatutaja.com\/hr\/proizvod\/modu-baby-walker-3v1\/","og_locale":"hr_HR","og_type":"article","og_title":"MODU\u00ae Baby walker 3v1 - Modularni set | Ajatutaja","og_description":"Modularni set kock MODU\u00ae Baby walker 3v1 spodbuja zgodnje korake va\u0161ega mal\u010dka in ponuja \u0161tevilne zabavne ter prakti\u010dne funkcije. Ko otrok zraste, se hojica enostavno preoblikuje v vozi\u010dek ali priro\u010den stol\u010dek.","og_url":"https:\/\/ajatutaja.com\/hr\/proizvod\/modu-baby-walker-3v1\/","og_site_name":"Ajatutaja","article_modified_time":"2025-07-23T11:16:53+00:00","og_image":[{"width":1920,"height":2400,"url":"https:\/\/ajatutaja.com\/wp-content\/uploads\/2025\/07\/Baby-Walker-Deep-Blue-sky-ajatutaja-1.webp","type":"image\/webp"}],"twitter_card":"summary_large_image","twitter_misc":{"Procijenjeno vrijeme \u010ditanja":"1 minuta"},"schema":{"@context":"https:\/\/schema.org","@graph":[{"@type":"WebPage","@id":"https:\/\/ajatutaja.com\/hr\/proizvod\/modu-baby-walker-3v1\/","url":"https:\/\/ajatutaja.com\/hr\/proizvod\/modu-baby-walker-3v1\/","name":"MODU\u00ae Baby walker 3v1 - Modularni set | Ajatutaja","isPartOf":{"@id":"https:\/\/ajatutaja.com\/#website"},"primaryImageOfPage":{"@id":"https:\/\/ajatutaja.com\/hr\/proizvod\/modu-baby-walker-3v1\/#primaryimage"},"image":{"@id":"https:\/\/ajatutaja.com\/hr\/proizvod\/modu-baby-walker-3v1\/#primaryimage"},"thumbnailUrl":"https:\/\/ajatutaja.com\/wp-content\/uploads\/2025\/07\/Baby-Walker-Deep-Blue-sky-ajatutaja-1.webp","datePublished":"2025-07-12T09:11:09+00:00","dateModified":"2025-07-23T11:16:53+00:00","description":"Modularni set kock MODU\u00ae Baby walker 3v1 spodbuja zgodnje korake va\u0161ega mal\u010dka in ponuja \u0161tevilne zabavne ter prakti\u010dne funkcije. Ko otrok zraste, se hojica enostavno preoblikuje v vozi\u010dek ali priro\u010den stol\u010dek.","breadcrumb":{"@id":"https:\/\/ajatutaja.com\/hr\/proizvod\/modu-baby-walker-3v1\/#breadcrumb"},"inLanguage":"hr","potentialAction":[{"@type":"ReadAction","target":["https:\/\/ajatutaja.com\/hr\/proizvod\/modu-baby-walker-3v1\/"]}]},{"@type":"ImageObject","inLanguage":"hr","@id":"https:\/\/ajatutaja.com\/hr\/proizvod\/modu-baby-walker-3v1\/#primaryimage","url":"https:\/\/ajatutaja.com\/wp-content\/uploads\/2025\/07\/Baby-Walker-Deep-Blue-sky-ajatutaja-1.webp","contentUrl":"https:\/\/ajatutaja.com\/wp-content\/uploads\/2025\/07\/Baby-Walker-Deep-Blue-sky-ajatutaja-1.webp","width":1920,"height":2400},{"@type":"BreadcrumbList","@id":"https:\/\/ajatutaja.com\/hr\/proizvod\/modu-baby-walker-3v1\/#breadcrumb","itemListElement":[{"@type":"ListItem","position":1,"name":"Home","item":"https:\/\/ajatutaja.com\/hr\/"},{"@type":"ListItem","position":2,"name":"Trgovina","item":"https:\/\/ajatutaja.com\/hr\/trgovina\/"},{"@type":"ListItem","position":3,"name":"MODU\u00ae Baby walker 3v1 &#8211; Modularni set"}]},{"@type":"WebSite","@id":"https:\/\/ajatutaja.com\/#website","url":"https:\/\/ajatutaja.com\/","name":"Ajatutaja","description":"Otro\u0161ka spletna trgovina AJATUTAJA","publisher":{"@id":"https:\/\/ajatutaja.com\/#organization"},"potentialAction":[{"@type":"SearchAction","target":{"@type":"EntryPoint","urlTemplate":"https:\/\/ajatutaja.com\/?s={search_term_string}"},"query-input":{"@type":"PropertyValueSpecification","valueRequired":true,"valueName":"search_term_string"}}],"inLanguage":"hr"},{"@type":"Organization","@id":"https:\/\/ajatutaja.com\/#organization","name":"Ajatutaja","url":"https:\/\/ajatutaja.com\/","logo":{"@type":"ImageObject","inLanguage":"hr","@id":"https:\/\/ajatutaja.com\/#\/schema\/logo\/image\/","url":"https:\/\/ajatutaja.com\/wp-content\/uploads\/2021\/10\/logo.png","contentUrl":"https:\/\/ajatutaja.com\/wp-content\/uploads\/2021\/10\/logo.png","width":555,"height":150,"caption":"Ajatutaja"},"image":{"@id":"https:\/\/ajatutaja.com\/#\/schema\/logo\/image\/"}}]}},"brands":[{"id":2452,"name":"Igranje","slug":"igranje"},{"id":2469,"name":"Modu","slug":"modu"}],"_links":{"self":[{"href":"https:\/\/ajatutaja.com\/hr\/wp-json\/wp\/v2\/product\/78291","targetHints":{"allow":["GET"]}}],"collection":[{"href":"https:\/\/ajatutaja.com\/hr\/wp-json\/wp\/v2\/product"}],"about":[{"href":"https:\/\/ajatutaja.com\/hr\/wp-json\/wp\/v2\/types\/product"}],"wp:featuredmedia":[{"embeddable":true,"href":"https:\/\/ajatutaja.com\/hr\/wp-json\/wp\/v2\/media\/78299"}],"wp:attachment":[{"href":"https:\/\/ajatutaja.com\/hr\/wp-json\/wp\/v2\/media?parent=78291"}],"wp:term":[{"taxonomy":"pwb-brand","embeddable":true,"href":"https:\/\/ajatutaja.com\/hr\/wp-json\/wp\/v2\/pwb-brand?post=78291"},{"taxonomy":"product_brand","embeddable":true,"href":"https:\/\/ajatutaja.com\/hr\/wp-json\/wp\/v2\/product_brand?post=78291"},{"taxonomy":"product_cat","embeddable":true,"href":"https:\/\/ajatutaja.com\/hr\/wp-json\/wp\/v2\/product_cat?post=78291"},{"taxonomy":"product_tag","embeddable":true,"href":"https:\/\/ajatutaja.com\/hr\/wp-json\/wp\/v2\/product_tag?post=78291"}],"curies":[{"name":"wp","href":"https:\/\/api.w.org\/{rel}","templated":true}]}}